{"id":3825,"date":"2025-08-12T16:28:28","date_gmt":"2025-08-12T14:28:28","guid":{"rendered":"https:\/\/preprod.lessecretsduchocolat.com\/?post_type=product&#038;p=3825"},"modified":"2026-04-03T16:17:29","modified_gmt":"2026-04-03T14:17:29","slug":"pink-flamingo-infuser-2","status":"publish","type":"product","link":"https:\/\/lessecretsduchocolat.com\/en\/produit\/infuseur-flamant-rose\/","title":{"rendered":"Flamingo tea infuser"},"content":{"rendered":"<p data-start=\"293\" data-end=\"572\">A cup of tea is like taking a break.  At Les Secrets du Chocolat, we cultivate the art of tasting. Our chocolate creations go naturally with tea, and this infuser in the shape of a pink flamingo is the perfect illustration: <strong>an object that combines aesthetics and pleasure, simplicity and refinement<\/strong>.<\/p>\n<p data-start=\"1139\" data-end=\"1384\">Imagine the combination: a delicate infusion, softened by a square of melting chocolate, and this colourful silhouette floating gracefully in your cup. The experience goes beyond the simple gesture to become a real sensory experience. <a href=\"https:\/\/lessecretsduchocolat.com\/en\/product-category\/gift-ideas\/\"><strong>Give this infuser as a gift<\/strong><\/a>, The gift of tea is much more than a tea accessory. It's about offering a smile, a break, a different way of savouring moments. For yourself, or for a loved one, it becomes the detail that makes all the difference.<\/p>\n<p data-start=\"1626\" data-end=\"1818\">Whether it's a refreshing green tea, a fruity infusion or an intense black tea, this pink flamingo infuser is the perfect companion. <strong>the perfect ally for tastings that dare to go off the beaten track<\/strong>. Because every cup deserves its own sparkle, make your tea break as delicate as it is original.<\/p>","protected":false},"excerpt":{"rendered":"<p>Taking it easy! Brew your tea with our <strong data-start=\"351\" data-end=\"394\">tea infuser in the shape of a pink flamingo<\/strong>. So your break becomes a joyful and refined ritual. More than just a practical accessory, it's an original companion that turns every cup into a unique moment.<\/p>\n<p data-start=\"574\" data-end=\"854\">Designed for loose tea, this infuser <strong>releases aromas with precision<\/strong>, It's the perfect way to add a touch of fun and elegance to your cup. Its pink flamingo design is an invitation to smile, to feel light-hearted, to enjoy that little fantasy that makes an ordinary moment a little more extraordinary.<\/p>\n<div class=\"elementor-element elementor-element-adc4a51 elementor-widget elementor-widget-woocommerce-product-short-description\" data-id=\"adc4a51\" data-element_type=\"widget\" data-widget_type=\"woocommerce-product-short-description.default\">\n<div class=\"elementor-widget-container\">\n<div class=\"woocommerce-product-details__short-description\">\n<p data-start=\"623\" data-end=\"773\">Discover also our\u00a0<a href=\"https:\/\/lessecretsduchocolat.com\/en\/product\/infuser-the-canard\/\"><strong>duck tea infuser<\/strong><\/a>\u00a0or our\u00a0<a href=\"https:\/\/lessecretsduchocolat.com\/en\/product\/infuser-the\/\"><strong>traditional steel tea infuser<\/strong><\/a>.<\/p>\n<\/div>\n<\/div>\n<\/div>","protected":false},"featured_media":4966,"template":"","meta":{"_acf_changed":false,"site-sidebar-layout":"default","site-content-layout":"","ast-site-content-layout":"default","site-content-style":"default","site-sidebar-style":"default","ast-global-header-display":"","ast-banner-title-visibility":"","ast-main-header-display":"","ast-hfb-above-header-display":"","ast-hfb-below-header-display":"","ast-hfb-mobile-header-display":"","site-post-title":"","ast-breadcrumbs-content":"","ast-featured-img":"","footer-sml-layout":"","theme-transparent-header-meta":"default","adv-header-id-meta":"","stick-header-meta":"","header-above-stick-meta":"","header-main-stick-meta":"","header-below-stick-meta":"","astra-migrate-meta-layouts":"set","ast-page-background-enabled":"default","ast-page-background-meta":{"desktop":{"background-color":"var(--ast-global-color-4)","background-image":"","background-repeat":"repeat","background-position":"center center","background-size":"auto","background-attachment":"scroll","background-type":"","background-media":"","overlay-type":"","overlay-color":"","overlay-opacity":"","overlay-gradient":""},"tablet":{"background-color":"","background-image":"","background-repeat":"repeat","background-position":"center center","background-size":"auto","background-attachment":"scroll","background-type":"","background-media":"","overlay-type":"","overlay-color":"","overlay-opacity":"","overlay-gradient":""},"mobile":{"background-color":"","background-image":"","background-repeat":"repeat","background-position":"center center","background-size":"auto","background-attachment":"scroll","background-type":"","background-media":"","overlay-type":"","overlay-color":"","overlay-opacity":"","overlay-gradient":""}},"ast-content-background-meta":{"desktop":{"background-color":"var(--ast-global-color-5)","background-image":"","background-repeat":"repeat","background-position":"center center","background-size":"auto","background-attachment":"scroll","background-type":"","background-media":"","overlay-type":"","overlay-color":"","overlay-opacity":"","overlay-gradient":""},"tablet":{"background-color":"var(--ast-global-color-5)","background-image":"","background-repeat":"repeat","background-position":"center center","background-size":"auto","background-attachment":"scroll","background-type":"","background-media":"","overlay-type":"","overlay-color":"","overlay-opacity":"","overlay-gradient":""},"mobile":{"background-color":"var(--ast-global-color-5)","background-image":"","background-repeat":"repeat","background-position":"center center","background-size":"auto","background-attachment":"scroll","background-type":"","background-media":"","overlay-type":"","overlay-color":"","overlay-opacity":"","overlay-gradient":""}},"iawp_total_views":23},"product_brand":[],"product_cat":[110,204],"product_tag":[],"class_list":{"0":"post-3825","1":"product","2":"type-product","3":"status-publish","4":"has-post-thumbnail","6":"product_cat-the","7":"product_cat-tous-produits","8":"desktop-align-left","9":"tablet-align-left","10":"mobile-align-left","12":"first","13":"instock","14":"taxable","15":"shipping-taxable","16":"purchasable","17":"product-type-simple"},"acf":[],"yoast_head":"<!-- This site is optimized with the Yoast SEO plugin v27.4 - https:\/\/yoast.com\/product\/yoast-seo-wordpress\/ -->\n<title>Infuseur \u00e0 th\u00e9 flamant rose - Secrets de Chocolat<\/title>\n<meta name=\"description\" content=\"Infuseur \u00e0 th\u00e9 flamant rose : un accessoire original qui allie praticit\u00e9 et \u00e9l\u00e9gance pour sublimer vos th\u00e9s en vrac et vos moments gourmands.\" \/>\n<meta name=\"robots\" content=\"index, follow, max-snippet:-1, max-image-preview:large, max-video-preview:-1\" \/>\n<link rel=\"canonical\" href=\"https:\/\/lessecretsduchocolat.com\/en\/product\/pink-flamingo-infuser-2\/\" \/>\n<meta property=\"og:locale\" content=\"en_GB\" \/>\n<meta property=\"og:type\" content=\"article\" \/>\n<meta property=\"og:title\" content=\"Infuseur \u00e0 th\u00e9 flamant rose - Secrets de Chocolat\" \/>\n<meta property=\"og:description\" content=\"Infuseur \u00e0 th\u00e9 flamant rose : un accessoire original qui allie praticit\u00e9 et \u00e9l\u00e9gance pour sublimer vos th\u00e9s en vrac et vos moments gourmands.\" \/>\n<meta property=\"og:url\" content=\"https:\/\/lessecretsduchocolat.com\/en\/product\/pink-flamingo-infuser-2\/\" \/>\n<meta property=\"og:site_name\" content=\"Secrets de Chocolat\" \/>\n<meta property=\"article:modified_time\" content=\"2026-04-03T14:17:29+00:00\" \/>\n<meta property=\"og:image\" content=\"https:\/\/lessecretsduchocolat.com\/wp-content\/uploads\/2025\/08\/Sans-titre2.jpg\" \/>\n\t<meta property=\"og:image:width\" content=\"1000\" \/>\n\t<meta property=\"og:image:height\" content=\"1000\" \/>\n\t<meta property=\"og:image:type\" content=\"image\/jpeg\" \/>\n<meta name=\"twitter:card\" content=\"summary_large_image\" \/>\n<meta name=\"twitter:label1\" content=\"Estimated reading time\" \/>\n\t<meta name=\"twitter:data1\" content=\"2 minutes\" \/>\n<script type=\"application\/ld+json\" class=\"yoast-schema-graph\">{\"@context\":\"https:\\\/\\\/schema.org\",\"@graph\":[{\"@type\":\"WebPage\",\"@id\":\"https:\\\/\\\/lessecretsduchocolat.com\\\/produit\\\/infuseur-flamant-rose\\\/\",\"url\":\"https:\\\/\\\/lessecretsduchocolat.com\\\/produit\\\/infuseur-flamant-rose\\\/\",\"name\":\"Infuseur \u00e0 th\u00e9 flamant rose - Secrets de Chocolat\",\"isPartOf\":{\"@id\":\"https:\\\/\\\/lessecretsduchocolat.com\\\/#website\"},\"primaryImageOfPage\":{\"@id\":\"https:\\\/\\\/lessecretsduchocolat.com\\\/produit\\\/infuseur-flamant-rose\\\/#primaryimage\"},\"image\":{\"@id\":\"https:\\\/\\\/lessecretsduchocolat.com\\\/produit\\\/infuseur-flamant-rose\\\/#primaryimage\"},\"thumbnailUrl\":\"https:\\\/\\\/lessecretsduchocolat.com\\\/wp-content\\\/uploads\\\/2025\\\/08\\\/Sans-titre2.jpg\",\"datePublished\":\"2025-08-12T14:28:28+00:00\",\"dateModified\":\"2026-04-03T14:17:29+00:00\",\"description\":\"Infuseur \u00e0 th\u00e9 flamant rose : un accessoire original qui allie praticit\u00e9 et \u00e9l\u00e9gance pour sublimer vos th\u00e9s en vrac et vos moments gourmands.\",\"breadcrumb\":{\"@id\":\"https:\\\/\\\/lessecretsduchocolat.com\\\/produit\\\/infuseur-flamant-rose\\\/#breadcrumb\"},\"inLanguage\":\"en-GB\",\"potentialAction\":[{\"@type\":\"ReadAction\",\"target\":[\"https:\\\/\\\/lessecretsduchocolat.com\\\/produit\\\/infuseur-flamant-rose\\\/\"]}]},{\"@type\":\"ImageObject\",\"inLanguage\":\"en-GB\",\"@id\":\"https:\\\/\\\/lessecretsduchocolat.com\\\/produit\\\/infuseur-flamant-rose\\\/#primaryimage\",\"url\":\"https:\\\/\\\/lessecretsduchocolat.com\\\/wp-content\\\/uploads\\\/2025\\\/08\\\/Sans-titre2.jpg\",\"contentUrl\":\"https:\\\/\\\/lessecretsduchocolat.com\\\/wp-content\\\/uploads\\\/2025\\\/08\\\/Sans-titre2.jpg\",\"width\":1000,\"height\":1000,\"caption\":\"infuseur the flamant rose\"},{\"@type\":\"BreadcrumbList\",\"@id\":\"https:\\\/\\\/lessecretsduchocolat.com\\\/produit\\\/infuseur-flamant-rose\\\/#breadcrumb\",\"itemListElement\":[{\"@type\":\"ListItem\",\"position\":1,\"name\":\"Accueil\",\"item\":\"https:\\\/\\\/lessecretsduchocolat.com\\\/\"},{\"@type\":\"ListItem\",\"position\":2,\"name\":\"Boutique en ligne\",\"item\":\"https:\\\/\\\/lessecretsduchocolat.com\\\/magasin\\\/\"},{\"@type\":\"ListItem\",\"position\":3,\"name\":\"Infuseur \u00e0 th\u00e9 flamant rose\"}]},{\"@type\":\"WebSite\",\"@id\":\"https:\\\/\\\/lessecretsduchocolat.com\\\/#website\",\"url\":\"https:\\\/\\\/lessecretsduchocolat.com\\\/\",\"name\":\"Secrets de Chocolat\",\"description\":\"\",\"publisher\":{\"@id\":\"https:\\\/\\\/lessecretsduchocolat.com\\\/#organization\"},\"potentialAction\":[{\"@type\":\"SearchAction\",\"target\":{\"@type\":\"EntryPoint\",\"urlTemplate\":\"https:\\\/\\\/lessecretsduchocolat.com\\\/?s={search_term_string}\"},\"query-input\":{\"@type\":\"PropertyValueSpecification\",\"valueRequired\":true,\"valueName\":\"search_term_string\"}}],\"inLanguage\":\"en-GB\"},{\"@type\":\"Organization\",\"@id\":\"https:\\\/\\\/lessecretsduchocolat.com\\\/#organization\",\"name\":\"Secrets de Chocolat\",\"url\":\"https:\\\/\\\/lessecretsduchocolat.com\\\/\",\"logo\":{\"@type\":\"ImageObject\",\"inLanguage\":\"en-GB\",\"@id\":\"https:\\\/\\\/lessecretsduchocolat.com\\\/#\\\/schema\\\/logo\\\/image\\\/\",\"url\":\"https:\\\/\\\/lessecretsduchocolat.com\\\/wp-content\\\/uploads\\\/2025\\\/05\\\/logo.png\",\"contentUrl\":\"https:\\\/\\\/lessecretsduchocolat.com\\\/wp-content\\\/uploads\\\/2025\\\/05\\\/logo.png\",\"width\":198,\"height\":85,\"caption\":\"Secrets de Chocolat\"},\"image\":{\"@id\":\"https:\\\/\\\/lessecretsduchocolat.com\\\/#\\\/schema\\\/logo\\\/image\\\/\"}}]}<\/script>\n<!-- \/ Yoast SEO plugin. -->","yoast_head_json":{"title":"Flamingo tea infuser - Secrets de Chocolat","description":"Pink flamingo tea infuser: an original accessory that combines practicality and elegance to enhance your loose teas and gourmet moments.","robots":{"index":"index","follow":"follow","max-snippet":"max-snippet:-1","max-image-preview":"max-image-preview:large","max-video-preview":"max-video-preview:-1"},"canonical":"https:\/\/lessecretsduchocolat.com\/en\/product\/pink-flamingo-infuser-2\/","og_locale":"en_GB","og_type":"article","og_title":"Infuseur \u00e0 th\u00e9 flamant rose - Secrets de Chocolat","og_description":"Infuseur \u00e0 th\u00e9 flamant rose : un accessoire original qui allie praticit\u00e9 et \u00e9l\u00e9gance pour sublimer vos th\u00e9s en vrac et vos moments gourmands.","og_url":"https:\/\/lessecretsduchocolat.com\/en\/product\/pink-flamingo-infuser-2\/","og_site_name":"Secrets de Chocolat","article_modified_time":"2026-04-03T14:17:29+00:00","og_image":[{"width":1000,"height":1000,"url":"https:\/\/lessecretsduchocolat.com\/wp-content\/uploads\/2025\/08\/Sans-titre2.jpg","type":"image\/jpeg"}],"twitter_card":"summary_large_image","twitter_misc":{"Estimated reading time":"2 minutes"},"schema":{"@context":"https:\/\/schema.org","@graph":[{"@type":"WebPage","@id":"https:\/\/lessecretsduchocolat.com\/produit\/infuseur-flamant-rose\/","url":"https:\/\/lessecretsduchocolat.com\/produit\/infuseur-flamant-rose\/","name":"Flamingo tea infuser - Secrets de Chocolat","isPartOf":{"@id":"https:\/\/lessecretsduchocolat.com\/#website"},"primaryImageOfPage":{"@id":"https:\/\/lessecretsduchocolat.com\/produit\/infuseur-flamant-rose\/#primaryimage"},"image":{"@id":"https:\/\/lessecretsduchocolat.com\/produit\/infuseur-flamant-rose\/#primaryimage"},"thumbnailUrl":"https:\/\/lessecretsduchocolat.com\/wp-content\/uploads\/2025\/08\/Sans-titre2.jpg","datePublished":"2025-08-12T14:28:28+00:00","dateModified":"2026-04-03T14:17:29+00:00","description":"Pink flamingo tea infuser: an original accessory that combines practicality and elegance to enhance your loose teas and gourmet moments.","breadcrumb":{"@id":"https:\/\/lessecretsduchocolat.com\/produit\/infuseur-flamant-rose\/#breadcrumb"},"inLanguage":"en-GB","potentialAction":[{"@type":"ReadAction","target":["https:\/\/lessecretsduchocolat.com\/produit\/infuseur-flamant-rose\/"]}]},{"@type":"ImageObject","inLanguage":"en-GB","@id":"https:\/\/lessecretsduchocolat.com\/produit\/infuseur-flamant-rose\/#primaryimage","url":"https:\/\/lessecretsduchocolat.com\/wp-content\/uploads\/2025\/08\/Sans-titre2.jpg","contentUrl":"https:\/\/lessecretsduchocolat.com\/wp-content\/uploads\/2025\/08\/Sans-titre2.jpg","width":1000,"height":1000,"caption":"infuseur the flamant rose"},{"@type":"BreadcrumbList","@id":"https:\/\/lessecretsduchocolat.com\/produit\/infuseur-flamant-rose\/#breadcrumb","itemListElement":[{"@type":"ListItem","position":1,"name":"Accueil","item":"https:\/\/lessecretsduchocolat.com\/"},{"@type":"ListItem","position":2,"name":"Boutique en ligne","item":"https:\/\/lessecretsduchocolat.com\/magasin\/"},{"@type":"ListItem","position":3,"name":"Infuseur \u00e0 th\u00e9 flamant rose"}]},{"@type":"WebSite","@id":"https:\/\/lessecretsduchocolat.com\/#website","url":"https:\/\/lessecretsduchocolat.com\/","name":"Secrets de Chocolat","description":"","publisher":{"@id":"https:\/\/lessecretsduchocolat.com\/#organization"},"potentialAction":[{"@type":"SearchAction","target":{"@type":"EntryPoint","urlTemplate":"https:\/\/lessecretsduchocolat.com\/?s={search_term_string}"},"query-input":{"@type":"PropertyValueSpecification","valueRequired":true,"valueName":"search_term_string"}}],"inLanguage":"en-GB"},{"@type":"Organization","@id":"https:\/\/lessecretsduchocolat.com\/#organization","name":"Secrets de Chocolat","url":"https:\/\/lessecretsduchocolat.com\/","logo":{"@type":"ImageObject","inLanguage":"en-GB","@id":"https:\/\/lessecretsduchocolat.com\/#\/schema\/logo\/image\/","url":"https:\/\/lessecretsduchocolat.com\/wp-content\/uploads\/2025\/05\/logo.png","contentUrl":"https:\/\/lessecretsduchocolat.com\/wp-content\/uploads\/2025\/05\/logo.png","width":198,"height":85,"caption":"Secrets de Chocolat"},"image":{"@id":"https:\/\/lessecretsduchocolat.com\/#\/schema\/logo\/image\/"}}]}},"_links":{"self":[{"href":"https:\/\/lessecretsduchocolat.com\/en\/wp-json\/wp\/v2\/product\/3825","targetHints":{"allow":["GET"]}}],"collection":[{"href":"https:\/\/lessecretsduchocolat.com\/en\/wp-json\/wp\/v2\/product"}],"about":[{"href":"https:\/\/lessecretsduchocolat.com\/en\/wp-json\/wp\/v2\/types\/product"}],"version-history":[{"count":7,"href":"https:\/\/lessecretsduchocolat.com\/en\/wp-json\/wp\/v2\/product\/3825\/revisions"}],"predecessor-version":[{"id":4968,"href":"https:\/\/lessecretsduchocolat.com\/en\/wp-json\/wp\/v2\/product\/3825\/revisions\/4968"}],"wp:featuredmedia":[{"embeddable":true,"href":"https:\/\/lessecretsduchocolat.com\/en\/wp-json\/wp\/v2\/media\/4966"}],"wp:attachment":[{"href":"https:\/\/lessecretsduchocolat.com\/en\/wp-json\/wp\/v2\/media?parent=3825"}],"wp:term":[{"taxonomy":"product_brand","embeddable":true,"href":"https:\/\/lessecretsduchocolat.com\/en\/wp-json\/wp\/v2\/product_brand?post=3825"},{"taxonomy":"product_cat","embeddable":true,"href":"https:\/\/lessecretsduchocolat.com\/en\/wp-json\/wp\/v2\/product_cat?post=3825"},{"taxonomy":"product_tag","embeddable":true,"href":"https:\/\/lessecretsduchocolat.com\/en\/wp-json\/wp\/v2\/product_tag?post=3825"}],"curies":[{"name":"wp","href":"https:\/\/api.w.org\/{rel}","templated":true}]}}