{"id":3762,"date":"2025-08-04T10:24:39","date_gmt":"2025-08-04T08:24:39","guid":{"rendered":"https:\/\/preprod.lessecretsduchocolat.com\/?post_type=product&#038;p=3762"},"modified":"2026-03-13T09:23:49","modified_gmt":"2026-03-13T08:23:49","slug":"original-croustipop-200g","status":"publish","type":"product","link":"https:\/\/lessecretsduchocolat.com\/en\/produit\/les-croustipop-original-200g\/","title":{"rendered":"Original Croustipop 500g"},"content":{"rendered":"<p data-start=\"452\" data-end=\"629\">The <strong data-start=\"456\" data-end=\"485\">Croustipop original 200 g<\/strong> embody simple, universal indulgence. Crispy puffed rice and melting chocolate combine for a light, addictive bite.<\/p>\n<p data-start=\"631\" data-end=\"787\">Their airy crunchiness combined with the sweetness of chocolate makes every taste a comforting break. An immediate pleasure that spans generations.<\/p>\n<p data-start=\"789\" data-end=\"972\">The format <strong data-start=\"799\" data-end=\"808\">200 g<\/strong> is the perfect way to discover this delicious treat or take it with you wherever you go. Practical and generous, it's just as good for personal breaks as it is for sharing.<\/p>\n<p data-start=\"974\" data-end=\"1139\">The <strong data-start=\"978\" data-end=\"1001\">Original Croustipop<\/strong> are the ideal accompaniment to a coffee, a snack or an impromptu dessert. Their simplicity makes them a real treat.<\/p>\n<p data-start=\"1141\" data-end=\"1273\">Whether as a gift or for yourself, this compact format is also an excellent gift idea. A gourmet treat that's sure to please.<\/p>\n<p data-start=\"1275\" data-end=\"1353\">A bag that brings together the best: crunchy, sweet and authentic.<\/p>","protected":false},"excerpt":{"rendered":"<p>Surprise your taste buds with these sweet popcorns, made from puffed rice and coated in white chocolate (\u20ac49.50\/kg).<\/p>","protected":false},"featured_media":5124,"template":"","meta":{"_acf_changed":false,"site-sidebar-layout":"default","site-content-layout":"","ast-site-content-layout":"default","site-content-style":"default","site-sidebar-style":"default","ast-global-header-display":"","ast-banner-title-visibility":"","ast-main-header-display":"","ast-hfb-above-header-display":"","ast-hfb-below-header-display":"","ast-hfb-mobile-header-display":"","site-post-title":"","ast-breadcrumbs-content":"","ast-featured-img":"","footer-sml-layout":"","theme-transparent-header-meta":"default","adv-header-id-meta":"","stick-header-meta":"","header-above-stick-meta":"","header-main-stick-meta":"","header-below-stick-meta":"","astra-migrate-meta-layouts":"set","ast-page-background-enabled":"default","ast-page-background-meta":{"desktop":{"background-color":"var(--ast-global-color-4)","background-image":"","background-repeat":"repeat","background-position":"center center","background-size":"auto","background-attachment":"scroll","background-type":"","background-media":"","overlay-type":"","overlay-color":"","overlay-opacity":"","overlay-gradient":""},"tablet":{"background-color":"","background-image":"","background-repeat":"repeat","background-position":"center center","background-size":"auto","background-attachment":"scroll","background-type":"","background-media":"","overlay-type":"","overlay-color":"","overlay-opacity":"","overlay-gradient":""},"mobile":{"background-color":"","background-image":"","background-repeat":"repeat","background-position":"center center","background-size":"auto","background-attachment":"scroll","background-type":"","background-media":"","overlay-type":"","overlay-color":"","overlay-opacity":"","overlay-gradient":""}},"ast-content-background-meta":{"desktop":{"background-color":"var(--ast-global-color-5)","background-image":"","background-repeat":"repeat","background-position":"center center","background-size":"auto","background-attachment":"scroll","background-type":"","background-media":"","overlay-type":"","overlay-color":"","overlay-opacity":"","overlay-gradient":""},"tablet":{"background-color":"var(--ast-global-color-5)","background-image":"","background-repeat":"repeat","background-position":"center center","background-size":"auto","background-attachment":"scroll","background-type":"","background-media":"","overlay-type":"","overlay-color":"","overlay-opacity":"","overlay-gradient":""},"mobile":{"background-color":"var(--ast-global-color-5)","background-image":"","background-repeat":"repeat","background-position":"center center","background-size":"auto","background-attachment":"scroll","background-type":"","background-media":"","overlay-type":"","overlay-color":"","overlay-opacity":"","overlay-gradient":""}},"iawp_total_views":31},"product_brand":[],"product_cat":[108,204],"product_tag":[],"class_list":{"0":"post-3762","1":"product","2":"type-product","3":"status-publish","4":"has-post-thumbnail","6":"product_cat-gourmandises","7":"product_cat-tous-produits","8":"desktop-align-left","9":"tablet-align-left","10":"mobile-align-left","12":"first","13":"outofstock","14":"taxable","15":"shipping-taxable","16":"purchasable","17":"product-type-simple"},"acf":[],"yoast_head":"<!-- This site is optimized with the Yoast SEO plugin v27.4 - https:\/\/yoast.com\/product\/yoast-seo-wordpress\/ -->\n<title>Les Croustipop original 500g - Secrets de Chocolat<\/title>\n<meta name=\"description\" content=\"D\u00e9couvrez les Croustipop original 200 g : riz souffl\u00e9 croustillant et chocolat fondant, un format pratique et gourmand \u00e0 partager ou emporter.\" \/>\n<meta name=\"robots\" content=\"index, follow, max-snippet:-1, max-image-preview:large, max-video-preview:-1\" \/>\n<link rel=\"canonical\" href=\"https:\/\/lessecretsduchocolat.com\/en\/product\/original-croustipop-200g\/\" \/>\n<meta property=\"og:locale\" content=\"en_GB\" \/>\n<meta property=\"og:type\" content=\"article\" \/>\n<meta property=\"og:title\" content=\"Les Croustipop original 500g - Secrets de Chocolat\" \/>\n<meta property=\"og:description\" content=\"D\u00e9couvrez les Croustipop original 200 g : riz souffl\u00e9 croustillant et chocolat fondant, un format pratique et gourmand \u00e0 partager ou emporter.\" \/>\n<meta property=\"og:url\" content=\"https:\/\/lessecretsduchocolat.com\/en\/product\/original-croustipop-200g\/\" \/>\n<meta property=\"og:site_name\" content=\"Secrets de Chocolat\" \/>\n<meta property=\"article:modified_time\" content=\"2026-03-13T08:23:49+00:00\" \/>\n<meta property=\"og:image\" content=\"https:\/\/lessecretsduchocolat.com\/wp-content\/uploads\/2025\/08\/boutique-en-ligne-8-2.png\" \/>\n\t<meta property=\"og:image:width\" content=\"1000\" \/>\n\t<meta property=\"og:image:height\" content=\"1000\" \/>\n\t<meta property=\"og:image:type\" content=\"image\/png\" \/>\n<meta name=\"twitter:card\" content=\"summary_large_image\" \/>\n<meta name=\"twitter:label1\" content=\"Estimated reading time\" \/>\n\t<meta name=\"twitter:data1\" content=\"1 minute\" \/>\n<script type=\"application\/ld+json\" class=\"yoast-schema-graph\">{\"@context\":\"https:\\\/\\\/schema.org\",\"@graph\":[{\"@type\":\"WebPage\",\"@id\":\"https:\\\/\\\/lessecretsduchocolat.com\\\/produit\\\/les-croustipop-original-200g\\\/\",\"url\":\"https:\\\/\\\/lessecretsduchocolat.com\\\/produit\\\/les-croustipop-original-200g\\\/\",\"name\":\"Les Croustipop original 500g - Secrets de Chocolat\",\"isPartOf\":{\"@id\":\"https:\\\/\\\/lessecretsduchocolat.com\\\/#website\"},\"primaryImageOfPage\":{\"@id\":\"https:\\\/\\\/lessecretsduchocolat.com\\\/produit\\\/les-croustipop-original-200g\\\/#primaryimage\"},\"image\":{\"@id\":\"https:\\\/\\\/lessecretsduchocolat.com\\\/produit\\\/les-croustipop-original-200g\\\/#primaryimage\"},\"thumbnailUrl\":\"https:\\\/\\\/lessecretsduchocolat.com\\\/wp-content\\\/uploads\\\/2025\\\/08\\\/boutique-en-ligne-8-2.png\",\"datePublished\":\"2025-08-04T08:24:39+00:00\",\"dateModified\":\"2026-03-13T08:23:49+00:00\",\"description\":\"D\u00e9couvrez les Croustipop original 200 g : riz souffl\u00e9 croustillant et chocolat fondant, un format pratique et gourmand \u00e0 partager ou emporter.\",\"breadcrumb\":{\"@id\":\"https:\\\/\\\/lessecretsduchocolat.com\\\/produit\\\/les-croustipop-original-200g\\\/#breadcrumb\"},\"inLanguage\":\"en-GB\",\"potentialAction\":[{\"@type\":\"ReadAction\",\"target\":[\"https:\\\/\\\/lessecretsduchocolat.com\\\/produit\\\/les-croustipop-original-200g\\\/\"]}]},{\"@type\":\"ImageObject\",\"inLanguage\":\"en-GB\",\"@id\":\"https:\\\/\\\/lessecretsduchocolat.com\\\/produit\\\/les-croustipop-original-200g\\\/#primaryimage\",\"url\":\"https:\\\/\\\/lessecretsduchocolat.com\\\/wp-content\\\/uploads\\\/2025\\\/08\\\/boutique-en-ligne-8-2.png\",\"contentUrl\":\"https:\\\/\\\/lessecretsduchocolat.com\\\/wp-content\\\/uploads\\\/2025\\\/08\\\/boutique-en-ligne-8-2.png\",\"width\":1000,\"height\":1000,\"caption\":\"Croustipop original 500g\"},{\"@type\":\"BreadcrumbList\",\"@id\":\"https:\\\/\\\/lessecretsduchocolat.com\\\/produit\\\/les-croustipop-original-200g\\\/#breadcrumb\",\"itemListElement\":[{\"@type\":\"ListItem\",\"position\":1,\"name\":\"Accueil\",\"item\":\"https:\\\/\\\/lessecretsduchocolat.com\\\/\"},{\"@type\":\"ListItem\",\"position\":2,\"name\":\"Boutique en ligne\",\"item\":\"https:\\\/\\\/lessecretsduchocolat.com\\\/magasin\\\/\"},{\"@type\":\"ListItem\",\"position\":3,\"name\":\"Les Croustipop original 500g\"}]},{\"@type\":\"WebSite\",\"@id\":\"https:\\\/\\\/lessecretsduchocolat.com\\\/#website\",\"url\":\"https:\\\/\\\/lessecretsduchocolat.com\\\/\",\"name\":\"Secrets de Chocolat\",\"description\":\"\",\"publisher\":{\"@id\":\"https:\\\/\\\/lessecretsduchocolat.com\\\/#organization\"},\"potentialAction\":[{\"@type\":\"SearchAction\",\"target\":{\"@type\":\"EntryPoint\",\"urlTemplate\":\"https:\\\/\\\/lessecretsduchocolat.com\\\/?s={search_term_string}\"},\"query-input\":{\"@type\":\"PropertyValueSpecification\",\"valueRequired\":true,\"valueName\":\"search_term_string\"}}],\"inLanguage\":\"en-GB\"},{\"@type\":\"Organization\",\"@id\":\"https:\\\/\\\/lessecretsduchocolat.com\\\/#organization\",\"name\":\"Secrets de Chocolat\",\"url\":\"https:\\\/\\\/lessecretsduchocolat.com\\\/\",\"logo\":{\"@type\":\"ImageObject\",\"inLanguage\":\"en-GB\",\"@id\":\"https:\\\/\\\/lessecretsduchocolat.com\\\/#\\\/schema\\\/logo\\\/image\\\/\",\"url\":\"https:\\\/\\\/lessecretsduchocolat.com\\\/wp-content\\\/uploads\\\/2025\\\/05\\\/logo.png\",\"contentUrl\":\"https:\\\/\\\/lessecretsduchocolat.com\\\/wp-content\\\/uploads\\\/2025\\\/05\\\/logo.png\",\"width\":198,\"height\":85,\"caption\":\"Secrets de Chocolat\"},\"image\":{\"@id\":\"https:\\\/\\\/lessecretsduchocolat.com\\\/#\\\/schema\\\/logo\\\/image\\\/\"}}]}<\/script>\n<!-- \/ Yoast SEO plugin. -->","yoast_head_json":{"title":"Original Croustipop 500g - Secrets de Chocolat","description":"Discover the original Croustipop 200g: crispy puffed rice and melting chocolate, a practical and delicious format to share or take away.","robots":{"index":"index","follow":"follow","max-snippet":"max-snippet:-1","max-image-preview":"max-image-preview:large","max-video-preview":"max-video-preview:-1"},"canonical":"https:\/\/lessecretsduchocolat.com\/en\/product\/original-croustipop-200g\/","og_locale":"en_GB","og_type":"article","og_title":"Les Croustipop original 500g - Secrets de Chocolat","og_description":"D\u00e9couvrez les Croustipop original 200 g : riz souffl\u00e9 croustillant et chocolat fondant, un format pratique et gourmand \u00e0 partager ou emporter.","og_url":"https:\/\/lessecretsduchocolat.com\/en\/product\/original-croustipop-200g\/","og_site_name":"Secrets de Chocolat","article_modified_time":"2026-03-13T08:23:49+00:00","og_image":[{"width":1000,"height":1000,"url":"https:\/\/lessecretsduchocolat.com\/wp-content\/uploads\/2025\/08\/boutique-en-ligne-8-2.png","type":"image\/png"}],"twitter_card":"summary_large_image","twitter_misc":{"Estimated reading time":"1 minute"},"schema":{"@context":"https:\/\/schema.org","@graph":[{"@type":"WebPage","@id":"https:\/\/lessecretsduchocolat.com\/produit\/les-croustipop-original-200g\/","url":"https:\/\/lessecretsduchocolat.com\/produit\/les-croustipop-original-200g\/","name":"Original Croustipop 500g - Secrets de Chocolat","isPartOf":{"@id":"https:\/\/lessecretsduchocolat.com\/#website"},"primaryImageOfPage":{"@id":"https:\/\/lessecretsduchocolat.com\/produit\/les-croustipop-original-200g\/#primaryimage"},"image":{"@id":"https:\/\/lessecretsduchocolat.com\/produit\/les-croustipop-original-200g\/#primaryimage"},"thumbnailUrl":"https:\/\/lessecretsduchocolat.com\/wp-content\/uploads\/2025\/08\/boutique-en-ligne-8-2.png","datePublished":"2025-08-04T08:24:39+00:00","dateModified":"2026-03-13T08:23:49+00:00","description":"Discover the original Croustipop 200g: crispy puffed rice and melting chocolate, a practical and delicious format to share or take away.","breadcrumb":{"@id":"https:\/\/lessecretsduchocolat.com\/produit\/les-croustipop-original-200g\/#breadcrumb"},"inLanguage":"en-GB","potentialAction":[{"@type":"ReadAction","target":["https:\/\/lessecretsduchocolat.com\/produit\/les-croustipop-original-200g\/"]}]},{"@type":"ImageObject","inLanguage":"en-GB","@id":"https:\/\/lessecretsduchocolat.com\/produit\/les-croustipop-original-200g\/#primaryimage","url":"https:\/\/lessecretsduchocolat.com\/wp-content\/uploads\/2025\/08\/boutique-en-ligne-8-2.png","contentUrl":"https:\/\/lessecretsduchocolat.com\/wp-content\/uploads\/2025\/08\/boutique-en-ligne-8-2.png","width":1000,"height":1000,"caption":"Croustipop original 500g"},{"@type":"BreadcrumbList","@id":"https:\/\/lessecretsduchocolat.com\/produit\/les-croustipop-original-200g\/#breadcrumb","itemListElement":[{"@type":"ListItem","position":1,"name":"Accueil","item":"https:\/\/lessecretsduchocolat.com\/"},{"@type":"ListItem","position":2,"name":"Boutique en ligne","item":"https:\/\/lessecretsduchocolat.com\/magasin\/"},{"@type":"ListItem","position":3,"name":"Les Croustipop original 500g"}]},{"@type":"WebSite","@id":"https:\/\/lessecretsduchocolat.com\/#website","url":"https:\/\/lessecretsduchocolat.com\/","name":"Secrets de Chocolat","description":"","publisher":{"@id":"https:\/\/lessecretsduchocolat.com\/#organization"},"potentialAction":[{"@type":"SearchAction","target":{"@type":"EntryPoint","urlTemplate":"https:\/\/lessecretsduchocolat.com\/?s={search_term_string}"},"query-input":{"@type":"PropertyValueSpecification","valueRequired":true,"valueName":"search_term_string"}}],"inLanguage":"en-GB"},{"@type":"Organization","@id":"https:\/\/lessecretsduchocolat.com\/#organization","name":"Secrets de Chocolat","url":"https:\/\/lessecretsduchocolat.com\/","logo":{"@type":"ImageObject","inLanguage":"en-GB","@id":"https:\/\/lessecretsduchocolat.com\/#\/schema\/logo\/image\/","url":"https:\/\/lessecretsduchocolat.com\/wp-content\/uploads\/2025\/05\/logo.png","contentUrl":"https:\/\/lessecretsduchocolat.com\/wp-content\/uploads\/2025\/05\/logo.png","width":198,"height":85,"caption":"Secrets de Chocolat"},"image":{"@id":"https:\/\/lessecretsduchocolat.com\/#\/schema\/logo\/image\/"}}]}},"_links":{"self":[{"href":"https:\/\/lessecretsduchocolat.com\/en\/wp-json\/wp\/v2\/product\/3762","targetHints":{"allow":["GET"]}}],"collection":[{"href":"https:\/\/lessecretsduchocolat.com\/en\/wp-json\/wp\/v2\/product"}],"about":[{"href":"https:\/\/lessecretsduchocolat.com\/en\/wp-json\/wp\/v2\/types\/product"}],"version-history":[{"count":5,"href":"https:\/\/lessecretsduchocolat.com\/en\/wp-json\/wp\/v2\/product\/3762\/revisions"}],"predecessor-version":[{"id":5125,"href":"https:\/\/lessecretsduchocolat.com\/en\/wp-json\/wp\/v2\/product\/3762\/revisions\/5125"}],"wp:featuredmedia":[{"embeddable":true,"href":"https:\/\/lessecretsduchocolat.com\/en\/wp-json\/wp\/v2\/media\/5124"}],"wp:attachment":[{"href":"https:\/\/lessecretsduchocolat.com\/en\/wp-json\/wp\/v2\/media?parent=3762"}],"wp:term":[{"taxonomy":"product_brand","embeddable":true,"href":"https:\/\/lessecretsduchocolat.com\/en\/wp-json\/wp\/v2\/product_brand?post=3762"},{"taxonomy":"product_cat","embeddable":true,"href":"https:\/\/lessecretsduchocolat.com\/en\/wp-json\/wp\/v2\/product_cat?post=3762"},{"taxonomy":"product_tag","embeddable":true,"href":"https:\/\/lessecretsduchocolat.com\/en\/wp-json\/wp\/v2\/product_tag?post=3762"}],"curies":[{"name":"wp","href":"https:\/\/api.w.org\/{rel}","templated":true}]}}