{"id":1132,"date":"2022-12-09T06:40:03","date_gmt":"2022-12-09T06:40:03","guid":{"rendered":"https:\/\/preprod.lessecretsduchocolat.com\/?product=reglette-20-napolitains-100g"},"modified":"2026-03-13T09:23:50","modified_gmt":"2026-03-13T08:23:50","slug":"set-of-20-napolitains-100g","status":"publish","type":"product","link":"https:\/\/lessecretsduchocolat.com\/en\/produit\/reglette-20-napolitains-100g\/","title":{"rendered":"SET OF 20 NAPOLITAINS 100G"},"content":{"rendered":"<p data-start=\"543\" data-end=\"708\">La <strong data-start=\"546\" data-end=\"607\">ruler of 20 assorted dark and milk chocolate napolitains<\/strong> is an invitation to discovery. Each square reveals a unique, elegant and delicious recipe.<\/p>\n<p data-start=\"710\" data-end=\"876\">Inside, a mix of varied chocolate creations. Some are intensely cocoa-flavoured in dark chocolate, others are soft and comforting in milk chocolate.<\/p>\n<p data-start=\"878\" data-end=\"1038\">Each Neapolitan is a surprise: sometimes full-bodied, sometimes delicately sweet. The variety of flavours means there's something for everyone.<\/p>\n<p data-start=\"1040\" data-end=\"1173\">The format <strong data-start=\"1050\" data-end=\"1059\">100 g<\/strong> is practical and refined. You can enjoy a generous selection of fine chocolates without ever getting bored.<\/p>\n<p data-start=\"1175\" data-end=\"1335\">You can enjoy it at any time: with coffee, tea, or simply during a gourmet break. It's the perfect accompaniment to convivial moments.<\/p>\n<p data-start=\"1337\" data-end=\"1497\">The <strong data-start=\"1341\" data-end=\"1365\">assorted neapolitans<\/strong> are also an excellent gift idea. Their elegant presentation makes them a thoughtful gift that's always appreciated.<\/p>\n<p data-start=\"1499\" data-end=\"1651\">In the dark chocolate version, the intensity of the cocoa is expressed with strength and elegance. In the milk chocolate version, the roundness brings softness and comfort.<\/p>\n<p data-start=\"1653\" data-end=\"1817\">This assortment is ideal for sharing, discovering and comparing the subtle nuances between the different recipes on offer. A real miniature tasting session.<\/p>\n<p data-start=\"1819\" data-end=\"1991\">The <strong data-start=\"1823\" data-end=\"1869\">assorted dark and milk chocolate napolitains<\/strong> are seductive in their simplicity, variety and refinement. A compact box, but rich in gourmet emotions.<\/p>\n<p data-start=\"1993\" data-end=\"2127\">To give or to treat yourself to this ruler is to savour a chocolate journey in twenty little steps. Each square represents a new encounter.<\/p>","protected":false},"excerpt":{"rendered":"<p>This assortment of chocolate squares (20 chocolates) is the perfect accompaniment to your coffee. 3 flavours are combined in this box: Dark chocolate 70% Ecuador, Dark chocolate 75% Sao Tom\u00e9 and Milk chocolate Ecuador. (89.00\u20ac\/kg)<\/p>","protected":false},"featured_media":979,"template":"","meta":{"_acf_changed":false,"site-sidebar-layout":"default","site-content-layout":"","ast-site-content-layout":"default","site-content-style":"default","site-sidebar-style":"default","ast-global-header-display":"","ast-banner-title-visibility":"","ast-main-header-display":"","ast-hfb-above-header-display":"","ast-hfb-below-header-display":"","ast-hfb-mobile-header-display":"","site-post-title":"","ast-breadcrumbs-content":"","ast-featured-img":"","footer-sml-layout":"","theme-transparent-header-meta":"default","adv-header-id-meta":"","stick-header-meta":"","header-above-stick-meta":"","header-main-stick-meta":"","header-below-stick-meta":"","astra-migrate-meta-layouts":"set","ast-page-background-enabled":"default","ast-page-background-meta":{"desktop":{"background-color":"var(--ast-global-color-4)","background-image":"","background-repeat":"repeat","background-position":"center center","background-size":"auto","background-attachment":"scroll","background-type":"","background-media":"","overlay-type":"","overlay-color":"","overlay-opacity":"","overlay-gradient":""},"tablet":{"background-color":"","background-image":"","background-repeat":"repeat","background-position":"center center","background-size":"auto","background-attachment":"scroll","background-type":"","background-media":"","overlay-type":"","overlay-color":"","overlay-opacity":"","overlay-gradient":""},"mobile":{"background-color":"","background-image":"","background-repeat":"repeat","background-position":"center center","background-size":"auto","background-attachment":"scroll","background-type":"","background-media":"","overlay-type":"","overlay-color":"","overlay-opacity":"","overlay-gradient":""}},"ast-content-background-meta":{"desktop":{"background-color":"var(--ast-global-color-5)","background-image":"","background-repeat":"repeat","background-position":"center center","background-size":"auto","background-attachment":"scroll","background-type":"","background-media":"","overlay-type":"","overlay-color":"","overlay-opacity":"","overlay-gradient":""},"tablet":{"background-color":"var(--ast-global-color-5)","background-image":"","background-repeat":"repeat","background-position":"center center","background-size":"auto","background-attachment":"scroll","background-type":"","background-media":"","overlay-type":"","overlay-color":"","overlay-opacity":"","overlay-gradient":""},"mobile":{"background-color":"var(--ast-global-color-5)","background-image":"","background-repeat":"repeat","background-position":"center center","background-size":"auto","background-attachment":"scroll","background-type":"","background-media":"","overlay-type":"","overlay-color":"","overlay-opacity":"","overlay-gradient":""}},"iawp_total_views":53},"product_brand":[],"product_cat":[108,204],"product_tag":[],"class_list":{"0":"post-1132","1":"product","2":"type-product","3":"status-publish","4":"has-post-thumbnail","6":"product_cat-gourmandises","7":"product_cat-tous-produits","8":"desktop-align-left","9":"tablet-align-left","10":"mobile-align-left","12":"first","13":"instock","14":"taxable","15":"shipping-taxable","16":"purchasable","17":"product-type-simple"},"acf":[],"yoast_head":"<!-- This site is optimized with the Yoast SEO plugin v27.4 - https:\/\/yoast.com\/product\/yoast-seo-wordpress\/ -->\n<title>REGLETTE 20 NAPOLITAINS 100G<\/title>\n<meta name=\"description\" content=\"Craquez pour la r\u00e9glette 20 napolitains 100g assortis : un assortiment vari\u00e9 de recettes gourmandes \u00e0 savourer avec caf\u00e9 ou en pause sucr\u00e9e.\" \/>\n<meta name=\"robots\" content=\"index, follow, max-snippet:-1, max-image-preview:large, max-video-preview:-1\" \/>\n<link rel=\"canonical\" href=\"https:\/\/lessecretsduchocolat.com\/en\/product\/set-of-20-napolitains-100g\/\" \/>\n<meta property=\"og:locale\" content=\"en_GB\" \/>\n<meta property=\"og:type\" content=\"article\" \/>\n<meta property=\"og:title\" content=\"REGLETTE 20 NAPOLITAINS 100G\" \/>\n<meta property=\"og:description\" content=\"Craquez pour la r\u00e9glette 20 napolitains 100g assortis : un assortiment vari\u00e9 de recettes gourmandes \u00e0 savourer avec caf\u00e9 ou en pause sucr\u00e9e.\" \/>\n<meta property=\"og:url\" content=\"https:\/\/lessecretsduchocolat.com\/en\/product\/set-of-20-napolitains-100g\/\" \/>\n<meta property=\"og:site_name\" content=\"Secrets de Chocolat\" \/>\n<meta property=\"article:modified_time\" content=\"2026-03-13T08:23:50+00:00\" \/>\n<meta property=\"og:image\" content=\"https:\/\/lessecretsduchocolat.com\/wp-content\/uploads\/2025\/05\/1445.jpg\" \/>\n\t<meta property=\"og:image:width\" content=\"500\" \/>\n\t<meta property=\"og:image:height\" content=\"500\" \/>\n\t<meta property=\"og:image:type\" content=\"image\/jpeg\" \/>\n<meta name=\"twitter:card\" content=\"summary_large_image\" \/>\n<meta name=\"twitter:label1\" content=\"Estimated reading time\" \/>\n\t<meta name=\"twitter:data1\" content=\"2 minutes\" \/>\n<script type=\"application\/ld+json\" class=\"yoast-schema-graph\">{\"@context\":\"https:\\\/\\\/schema.org\",\"@graph\":[{\"@type\":\"WebPage\",\"@id\":\"https:\\\/\\\/lessecretsduchocolat.com\\\/produit\\\/reglette-20-napolitains-100g\\\/\",\"url\":\"https:\\\/\\\/lessecretsduchocolat.com\\\/produit\\\/reglette-20-napolitains-100g\\\/\",\"name\":\"REGLETTE 20 NAPOLITAINS 100G\",\"isPartOf\":{\"@id\":\"https:\\\/\\\/lessecretsduchocolat.com\\\/#website\"},\"primaryImageOfPage\":{\"@id\":\"https:\\\/\\\/lessecretsduchocolat.com\\\/produit\\\/reglette-20-napolitains-100g\\\/#primaryimage\"},\"image\":{\"@id\":\"https:\\\/\\\/lessecretsduchocolat.com\\\/produit\\\/reglette-20-napolitains-100g\\\/#primaryimage\"},\"thumbnailUrl\":\"https:\\\/\\\/lessecretsduchocolat.com\\\/wp-content\\\/uploads\\\/2025\\\/05\\\/1445.jpg\",\"datePublished\":\"2022-12-09T06:40:03+00:00\",\"dateModified\":\"2026-03-13T08:23:50+00:00\",\"description\":\"Craquez pour la r\u00e9glette 20 napolitains 100g assortis : un assortiment vari\u00e9 de recettes gourmandes \u00e0 savourer avec caf\u00e9 ou en pause sucr\u00e9e.\",\"breadcrumb\":{\"@id\":\"https:\\\/\\\/lessecretsduchocolat.com\\\/produit\\\/reglette-20-napolitains-100g\\\/#breadcrumb\"},\"inLanguage\":\"en-GB\",\"potentialAction\":[{\"@type\":\"ReadAction\",\"target\":[\"https:\\\/\\\/lessecretsduchocolat.com\\\/produit\\\/reglette-20-napolitains-100g\\\/\"]}]},{\"@type\":\"ImageObject\",\"inLanguage\":\"en-GB\",\"@id\":\"https:\\\/\\\/lessecretsduchocolat.com\\\/produit\\\/reglette-20-napolitains-100g\\\/#primaryimage\",\"url\":\"https:\\\/\\\/lessecretsduchocolat.com\\\/wp-content\\\/uploads\\\/2025\\\/05\\\/1445.jpg\",\"contentUrl\":\"https:\\\/\\\/lessecretsduchocolat.com\\\/wp-content\\\/uploads\\\/2025\\\/05\\\/1445.jpg\",\"width\":500,\"height\":500,\"caption\":\"R\u00e9glette Napolitains\"},{\"@type\":\"BreadcrumbList\",\"@id\":\"https:\\\/\\\/lessecretsduchocolat.com\\\/produit\\\/reglette-20-napolitains-100g\\\/#breadcrumb\",\"itemListElement\":[{\"@type\":\"ListItem\",\"position\":1,\"name\":\"Accueil\",\"item\":\"https:\\\/\\\/lessecretsduchocolat.com\\\/\"},{\"@type\":\"ListItem\",\"position\":2,\"name\":\"Boutique en ligne\",\"item\":\"https:\\\/\\\/lessecretsduchocolat.com\\\/magasin\\\/\"},{\"@type\":\"ListItem\",\"position\":3,\"name\":\"REGLETTE 20 NAPOLITAINS 100G\"}]},{\"@type\":\"WebSite\",\"@id\":\"https:\\\/\\\/lessecretsduchocolat.com\\\/#website\",\"url\":\"https:\\\/\\\/lessecretsduchocolat.com\\\/\",\"name\":\"Secrets de Chocolat\",\"description\":\"\",\"publisher\":{\"@id\":\"https:\\\/\\\/lessecretsduchocolat.com\\\/#organization\"},\"potentialAction\":[{\"@type\":\"SearchAction\",\"target\":{\"@type\":\"EntryPoint\",\"urlTemplate\":\"https:\\\/\\\/lessecretsduchocolat.com\\\/?s={search_term_string}\"},\"query-input\":{\"@type\":\"PropertyValueSpecification\",\"valueRequired\":true,\"valueName\":\"search_term_string\"}}],\"inLanguage\":\"en-GB\"},{\"@type\":\"Organization\",\"@id\":\"https:\\\/\\\/lessecretsduchocolat.com\\\/#organization\",\"name\":\"Secrets de Chocolat\",\"url\":\"https:\\\/\\\/lessecretsduchocolat.com\\\/\",\"logo\":{\"@type\":\"ImageObject\",\"inLanguage\":\"en-GB\",\"@id\":\"https:\\\/\\\/lessecretsduchocolat.com\\\/#\\\/schema\\\/logo\\\/image\\\/\",\"url\":\"https:\\\/\\\/lessecretsduchocolat.com\\\/wp-content\\\/uploads\\\/2025\\\/05\\\/logo.png\",\"contentUrl\":\"https:\\\/\\\/lessecretsduchocolat.com\\\/wp-content\\\/uploads\\\/2025\\\/05\\\/logo.png\",\"width\":198,\"height\":85,\"caption\":\"Secrets de Chocolat\"},\"image\":{\"@id\":\"https:\\\/\\\/lessecretsduchocolat.com\\\/#\\\/schema\\\/logo\\\/image\\\/\"}}]}<\/script>\n<!-- \/ Yoast SEO plugin. -->","yoast_head_json":{"title":"SET OF 20 NAPOLITAINS 100G","description":"You'll love the 20 assorted 100g napolitains: a varied assortment of gourmet recipes to enjoy with coffee or as a sweet break.","robots":{"index":"index","follow":"follow","max-snippet":"max-snippet:-1","max-image-preview":"max-image-preview:large","max-video-preview":"max-video-preview:-1"},"canonical":"https:\/\/lessecretsduchocolat.com\/en\/product\/set-of-20-napolitains-100g\/","og_locale":"en_GB","og_type":"article","og_title":"REGLETTE 20 NAPOLITAINS 100G","og_description":"Craquez pour la r\u00e9glette 20 napolitains 100g assortis : un assortiment vari\u00e9 de recettes gourmandes \u00e0 savourer avec caf\u00e9 ou en pause sucr\u00e9e.","og_url":"https:\/\/lessecretsduchocolat.com\/en\/product\/set-of-20-napolitains-100g\/","og_site_name":"Secrets de Chocolat","article_modified_time":"2026-03-13T08:23:50+00:00","og_image":[{"width":500,"height":500,"url":"https:\/\/lessecretsduchocolat.com\/wp-content\/uploads\/2025\/05\/1445.jpg","type":"image\/jpeg"}],"twitter_card":"summary_large_image","twitter_misc":{"Estimated reading time":"2 minutes"},"schema":{"@context":"https:\/\/schema.org","@graph":[{"@type":"WebPage","@id":"https:\/\/lessecretsduchocolat.com\/produit\/reglette-20-napolitains-100g\/","url":"https:\/\/lessecretsduchocolat.com\/produit\/reglette-20-napolitains-100g\/","name":"SET OF 20 NAPOLITAINS 100G","isPartOf":{"@id":"https:\/\/lessecretsduchocolat.com\/#website"},"primaryImageOfPage":{"@id":"https:\/\/lessecretsduchocolat.com\/produit\/reglette-20-napolitains-100g\/#primaryimage"},"image":{"@id":"https:\/\/lessecretsduchocolat.com\/produit\/reglette-20-napolitains-100g\/#primaryimage"},"thumbnailUrl":"https:\/\/lessecretsduchocolat.com\/wp-content\/uploads\/2025\/05\/1445.jpg","datePublished":"2022-12-09T06:40:03+00:00","dateModified":"2026-03-13T08:23:50+00:00","description":"You'll love the 20 assorted 100g napolitains: a varied assortment of gourmet recipes to enjoy with coffee or as a sweet break.","breadcrumb":{"@id":"https:\/\/lessecretsduchocolat.com\/produit\/reglette-20-napolitains-100g\/#breadcrumb"},"inLanguage":"en-GB","potentialAction":[{"@type":"ReadAction","target":["https:\/\/lessecretsduchocolat.com\/produit\/reglette-20-napolitains-100g\/"]}]},{"@type":"ImageObject","inLanguage":"en-GB","@id":"https:\/\/lessecretsduchocolat.com\/produit\/reglette-20-napolitains-100g\/#primaryimage","url":"https:\/\/lessecretsduchocolat.com\/wp-content\/uploads\/2025\/05\/1445.jpg","contentUrl":"https:\/\/lessecretsduchocolat.com\/wp-content\/uploads\/2025\/05\/1445.jpg","width":500,"height":500,"caption":"R\u00e9glette Napolitains"},{"@type":"BreadcrumbList","@id":"https:\/\/lessecretsduchocolat.com\/produit\/reglette-20-napolitains-100g\/#breadcrumb","itemListElement":[{"@type":"ListItem","position":1,"name":"Accueil","item":"https:\/\/lessecretsduchocolat.com\/"},{"@type":"ListItem","position":2,"name":"Boutique en ligne","item":"https:\/\/lessecretsduchocolat.com\/magasin\/"},{"@type":"ListItem","position":3,"name":"REGLETTE 20 NAPOLITAINS 100G"}]},{"@type":"WebSite","@id":"https:\/\/lessecretsduchocolat.com\/#website","url":"https:\/\/lessecretsduchocolat.com\/","name":"Secrets de Chocolat","description":"","publisher":{"@id":"https:\/\/lessecretsduchocolat.com\/#organization"},"potentialAction":[{"@type":"SearchAction","target":{"@type":"EntryPoint","urlTemplate":"https:\/\/lessecretsduchocolat.com\/?s={search_term_string}"},"query-input":{"@type":"PropertyValueSpecification","valueRequired":true,"valueName":"search_term_string"}}],"inLanguage":"en-GB"},{"@type":"Organization","@id":"https:\/\/lessecretsduchocolat.com\/#organization","name":"Secrets de Chocolat","url":"https:\/\/lessecretsduchocolat.com\/","logo":{"@type":"ImageObject","inLanguage":"en-GB","@id":"https:\/\/lessecretsduchocolat.com\/#\/schema\/logo\/image\/","url":"https:\/\/lessecretsduchocolat.com\/wp-content\/uploads\/2025\/05\/logo.png","contentUrl":"https:\/\/lessecretsduchocolat.com\/wp-content\/uploads\/2025\/05\/logo.png","width":198,"height":85,"caption":"Secrets de Chocolat"},"image":{"@id":"https:\/\/lessecretsduchocolat.com\/#\/schema\/logo\/image\/"}}]}},"_links":{"self":[{"href":"https:\/\/lessecretsduchocolat.com\/en\/wp-json\/wp\/v2\/product\/1132","targetHints":{"allow":["GET"]}}],"collection":[{"href":"https:\/\/lessecretsduchocolat.com\/en\/wp-json\/wp\/v2\/product"}],"about":[{"href":"https:\/\/lessecretsduchocolat.com\/en\/wp-json\/wp\/v2\/types\/product"}],"version-history":[{"count":4,"href":"https:\/\/lessecretsduchocolat.com\/en\/wp-json\/wp\/v2\/product\/1132\/revisions"}],"predecessor-version":[{"id":4160,"href":"https:\/\/lessecretsduchocolat.com\/en\/wp-json\/wp\/v2\/product\/1132\/revisions\/4160"}],"wp:featuredmedia":[{"embeddable":true,"href":"https:\/\/lessecretsduchocolat.com\/en\/wp-json\/wp\/v2\/media\/979"}],"wp:attachment":[{"href":"https:\/\/lessecretsduchocolat.com\/en\/wp-json\/wp\/v2\/media?parent=1132"}],"wp:term":[{"taxonomy":"product_brand","embeddable":true,"href":"https:\/\/lessecretsduchocolat.com\/en\/wp-json\/wp\/v2\/product_brand?post=1132"},{"taxonomy":"product_cat","embeddable":true,"href":"https:\/\/lessecretsduchocolat.com\/en\/wp-json\/wp\/v2\/product_cat?post=1132"},{"taxonomy":"product_tag","embeddable":true,"href":"https:\/\/lessecretsduchocolat.com\/en\/wp-json\/wp\/v2\/product_tag?post=1132"}],"curies":[{"name":"wp","href":"https:\/\/api.w.org\/{rel}","templated":true}]}}