{"id":1124,"date":"2022-05-17T06:40:11","date_gmt":"2022-05-17T06:40:11","guid":{"rendered":"https:\/\/preprod.lessecretsduchocolat.com\/?product=assortiment-de-pates-a-tartiner"},"modified":"2026-03-30T12:31:25","modified_gmt":"2026-03-30T10:31:25","slug":"assorted-spreads","status":"publish","type":"product","link":"https:\/\/lessecretsduchocolat.com\/en\/produit\/assortiment-de-pates-a-tartiner\/","title":{"rendered":"Assorted spreads"},"content":{"rendered":"<p data-start=\"414\" data-end=\"599\">L'<strong data-start=\"416\" data-end=\"461\">assorted spreads 3 \u00d7 150 g<\/strong> brings together three original and generous recipes. Three different pots, three unique pleasures, for an infinite variety of treats.<\/p>\n<p data-start=\"601\" data-end=\"774\">This boxed set includes <strong data-start=\"638\" data-end=\"655\">The Authentic<\/strong>A spread rich in hazelnut praline, with a frank and comforting taste. A safe bet, simple and elegant.<\/p>\n<p data-start=\"776\" data-end=\"965\">Then comes <strong data-start=\"790\" data-end=\"803\">La Blonde<\/strong>A surprising and refined combination of caramelised blond chocolate and gianduja. Its biscuity, caramelised notes make it an original and addictive sweet treat.<\/p>\n<p data-start=\"967\" data-end=\"1130\">And finally.., <strong data-start=\"974\" data-end=\"990\">La Gourmande<\/strong> plays the fantasy card with its south-western hazelnut praline, creamy gianduja and crispy puffed rice balls.<\/p>\n<p data-start=\"1132\" data-end=\"1306\">Each of these spreads is made with pure cocoa butter chocolate, a guarantee of quality and authenticity. A trio that exudes expertise and indulgence.<\/p>\n<p data-start=\"1308\" data-end=\"1468\">With their <strong data-start=\"1319\" data-end=\"1336\">150 g pots<\/strong>These spreads are perfect for discovering, giving or sharing. An ideal size for a variety of everyday pleasures.<\/p>\n<p data-start=\"1470\" data-end=\"1648\">On a slice of bread, a pancake, a waffle or even with a spoon, they turn every break into a gourmet moment. They're also perfect for homemade desserts.<\/p>\n<p data-start=\"1650\" data-end=\"1823\">L'<strong data-start=\"1652\" data-end=\"1687\">assortment of spreads<\/strong> is a gourmet and elegant gift idea. Three complementary recipes to seduce all chocolate and hazelnut lovers.<\/p>\n<p data-start=\"1825\" data-end=\"2002\">The gift of this box is a chocolate journey: authenticity, caramelised sweetness and crunchy fantasy. An unmissable trio that will delight all chocolate lovers.<\/p>","protected":false},"excerpt":{"rendered":"<p>You'll find all three flavours of our spreads in this tasting box. It's the perfect accompaniment to all your sweet moments. The box includes a La Blonde spread, a La Gourmande spread and a L'Authentique spread.  A unique assortment of artisan spreads with caramelised white chocolate, dark chocolate and gianduja. Palm oil-free products, made by our chocolatiers in Strasbourg, Alsace. (\u20ac44.22\/kg)<\/p>","protected":false},"featured_media":5000,"template":"","meta":{"_acf_changed":false,"site-sidebar-layout":"default","site-content-layout":"","ast-site-content-layout":"default","site-content-style":"default","site-sidebar-style":"default","ast-global-header-display":"","ast-banner-title-visibility":"","ast-main-header-display":"","ast-hfb-above-header-display":"","ast-hfb-below-header-display":"","ast-hfb-mobile-header-display":"","site-post-title":"","ast-breadcrumbs-content":"","ast-featured-img":"","footer-sml-layout":"","theme-transparent-header-meta":"default","adv-header-id-meta":"","stick-header-meta":"","header-above-stick-meta":"","header-main-stick-meta":"","header-below-stick-meta":"","astra-migrate-meta-layouts":"set","ast-page-background-enabled":"default","ast-page-background-meta":{"desktop":{"background-color":"var(--ast-global-color-4)","background-image":"","background-repeat":"repeat","background-position":"center center","background-size":"auto","background-attachment":"scroll","background-type":"","background-media":"","overlay-type":"","overlay-color":"","overlay-opacity":"","overlay-gradient":""},"tablet":{"background-color":"","background-image":"","background-repeat":"repeat","background-position":"center center","background-size":"auto","background-attachment":"scroll","background-type":"","background-media":"","overlay-type":"","overlay-color":"","overlay-opacity":"","overlay-gradient":""},"mobile":{"background-color":"","background-image":"","background-repeat":"repeat","background-position":"center center","background-size":"auto","background-attachment":"scroll","background-type":"","background-media":"","overlay-type":"","overlay-color":"","overlay-opacity":"","overlay-gradient":""}},"ast-content-background-meta":{"desktop":{"background-color":"var(--ast-global-color-5)","background-image":"","background-repeat":"repeat","background-position":"center center","background-size":"auto","background-attachment":"scroll","background-type":"","background-media":"","overlay-type":"","overlay-color":"","overlay-opacity":"","overlay-gradient":""},"tablet":{"background-color":"var(--ast-global-color-5)","background-image":"","background-repeat":"repeat","background-position":"center center","background-size":"auto","background-attachment":"scroll","background-type":"","background-media":"","overlay-type":"","overlay-color":"","overlay-opacity":"","overlay-gradient":""},"mobile":{"background-color":"var(--ast-global-color-5)","background-image":"","background-repeat":"repeat","background-position":"center center","background-size":"auto","background-attachment":"scroll","background-type":"","background-media":"","overlay-type":"","overlay-color":"","overlay-opacity":"","overlay-gradient":""}},"iawp_total_views":61},"product_brand":[],"product_cat":[105,204],"product_tag":[],"class_list":{"0":"post-1124","1":"product","2":"type-product","3":"status-publish","4":"has-post-thumbnail","6":"product_cat-pate-a-tartiner","7":"product_cat-tous-produits","8":"desktop-align-left","9":"tablet-align-left","10":"mobile-align-left","12":"first","13":"instock","14":"taxable","15":"shipping-taxable","16":"purchasable","17":"product-type-simple"},"acf":[],"yoast_head":"<!-- This site is optimized with the Yoast SEO plugin v27.4 - https:\/\/yoast.com\/product\/yoast-seo-wordpress\/ -->\n<title>COFFRET 3 PATES A TARTINER<\/title>\n<meta name=\"description\" content=\"D\u00e9couvrez l\u2019assortiment de p\u00e2tes \u00e0 tartiner 3 \u00d7 150g : L\u2019Authentique, La Blonde et La Gourmande. Trois recettes uniques pour varier les plaisirs chocolat\u00e9s.\" \/>\n<meta name=\"robots\" content=\"index, follow, max-snippet:-1, max-image-preview:large, max-video-preview:-1\" \/>\n<link rel=\"canonical\" href=\"https:\/\/lessecretsduchocolat.com\/en\/product\/assorted-spreads\/\" \/>\n<meta property=\"og:locale\" content=\"en_GB\" \/>\n<meta property=\"og:type\" content=\"article\" \/>\n<meta property=\"og:title\" content=\"COFFRET 3 PATES A TARTINER\" \/>\n<meta property=\"og:description\" content=\"D\u00e9couvrez l\u2019assortiment de p\u00e2tes \u00e0 tartiner 3 \u00d7 150g : L\u2019Authentique, La Blonde et La Gourmande. Trois recettes uniques pour varier les plaisirs chocolat\u00e9s.\" \/>\n<meta property=\"og:url\" content=\"https:\/\/lessecretsduchocolat.com\/en\/product\/assorted-spreads\/\" \/>\n<meta property=\"og:site_name\" content=\"Secrets de Chocolat\" \/>\n<meta property=\"article:modified_time\" content=\"2026-03-30T10:31:25+00:00\" \/>\n<meta property=\"og:image\" content=\"https:\/\/lessecretsduchocolat.com\/wp-content\/uploads\/2022\/05\/boutique-en-ligne-11.png\" \/>\n\t<meta property=\"og:image:width\" content=\"1000\" \/>\n\t<meta property=\"og:image:height\" content=\"1000\" \/>\n\t<meta property=\"og:image:type\" content=\"image\/png\" \/>\n<meta name=\"twitter:card\" content=\"summary_large_image\" \/>\n<meta name=\"twitter:label1\" content=\"Estimated reading time\" \/>\n\t<meta name=\"twitter:data1\" content=\"2 minutes\" \/>\n<script type=\"application\/ld+json\" class=\"yoast-schema-graph\">{\"@context\":\"https:\\\/\\\/schema.org\",\"@graph\":[{\"@type\":\"WebPage\",\"@id\":\"https:\\\/\\\/lessecretsduchocolat.com\\\/produit\\\/assortiment-de-pates-a-tartiner\\\/\",\"url\":\"https:\\\/\\\/lessecretsduchocolat.com\\\/produit\\\/assortiment-de-pates-a-tartiner\\\/\",\"name\":\"COFFRET 3 PATES A TARTINER\",\"isPartOf\":{\"@id\":\"https:\\\/\\\/lessecretsduchocolat.com\\\/#website\"},\"primaryImageOfPage\":{\"@id\":\"https:\\\/\\\/lessecretsduchocolat.com\\\/produit\\\/assortiment-de-pates-a-tartiner\\\/#primaryimage\"},\"image\":{\"@id\":\"https:\\\/\\\/lessecretsduchocolat.com\\\/produit\\\/assortiment-de-pates-a-tartiner\\\/#primaryimage\"},\"thumbnailUrl\":\"https:\\\/\\\/lessecretsduchocolat.com\\\/wp-content\\\/uploads\\\/2022\\\/05\\\/boutique-en-ligne-11.png\",\"datePublished\":\"2022-05-17T06:40:11+00:00\",\"dateModified\":\"2026-03-30T10:31:25+00:00\",\"description\":\"D\u00e9couvrez l\u2019assortiment de p\u00e2tes \u00e0 tartiner 3 \u00d7 150g : L\u2019Authentique, La Blonde et La Gourmande. Trois recettes uniques pour varier les plaisirs chocolat\u00e9s.\",\"breadcrumb\":{\"@id\":\"https:\\\/\\\/lessecretsduchocolat.com\\\/produit\\\/assortiment-de-pates-a-tartiner\\\/#breadcrumb\"},\"inLanguage\":\"en-GB\",\"potentialAction\":[{\"@type\":\"ReadAction\",\"target\":[\"https:\\\/\\\/lessecretsduchocolat.com\\\/produit\\\/assortiment-de-pates-a-tartiner\\\/\"]}]},{\"@type\":\"ImageObject\",\"inLanguage\":\"en-GB\",\"@id\":\"https:\\\/\\\/lessecretsduchocolat.com\\\/produit\\\/assortiment-de-pates-a-tartiner\\\/#primaryimage\",\"url\":\"https:\\\/\\\/lessecretsduchocolat.com\\\/wp-content\\\/uploads\\\/2022\\\/05\\\/boutique-en-ligne-11.png\",\"contentUrl\":\"https:\\\/\\\/lessecretsduchocolat.com\\\/wp-content\\\/uploads\\\/2022\\\/05\\\/boutique-en-ligne-11.png\",\"width\":1000,\"height\":1000,\"caption\":\"Assortiment 3 p\u00e2tes \u00e0 tartiner\"},{\"@type\":\"BreadcrumbList\",\"@id\":\"https:\\\/\\\/lessecretsduchocolat.com\\\/produit\\\/assortiment-de-pates-a-tartiner\\\/#breadcrumb\",\"itemListElement\":[{\"@type\":\"ListItem\",\"position\":1,\"name\":\"Accueil\",\"item\":\"https:\\\/\\\/lessecretsduchocolat.com\\\/\"},{\"@type\":\"ListItem\",\"position\":2,\"name\":\"Boutique en ligne\",\"item\":\"https:\\\/\\\/lessecretsduchocolat.com\\\/magasin\\\/\"},{\"@type\":\"ListItem\",\"position\":3,\"name\":\"Assortiment de p\u00e2tes \u00e0 tartiner\"}]},{\"@type\":\"WebSite\",\"@id\":\"https:\\\/\\\/lessecretsduchocolat.com\\\/#website\",\"url\":\"https:\\\/\\\/lessecretsduchocolat.com\\\/\",\"name\":\"Secrets de Chocolat\",\"description\":\"\",\"publisher\":{\"@id\":\"https:\\\/\\\/lessecretsduchocolat.com\\\/#organization\"},\"potentialAction\":[{\"@type\":\"SearchAction\",\"target\":{\"@type\":\"EntryPoint\",\"urlTemplate\":\"https:\\\/\\\/lessecretsduchocolat.com\\\/?s={search_term_string}\"},\"query-input\":{\"@type\":\"PropertyValueSpecification\",\"valueRequired\":true,\"valueName\":\"search_term_string\"}}],\"inLanguage\":\"en-GB\"},{\"@type\":\"Organization\",\"@id\":\"https:\\\/\\\/lessecretsduchocolat.com\\\/#organization\",\"name\":\"Secrets de Chocolat\",\"url\":\"https:\\\/\\\/lessecretsduchocolat.com\\\/\",\"logo\":{\"@type\":\"ImageObject\",\"inLanguage\":\"en-GB\",\"@id\":\"https:\\\/\\\/lessecretsduchocolat.com\\\/#\\\/schema\\\/logo\\\/image\\\/\",\"url\":\"https:\\\/\\\/lessecretsduchocolat.com\\\/wp-content\\\/uploads\\\/2025\\\/05\\\/logo.png\",\"contentUrl\":\"https:\\\/\\\/lessecretsduchocolat.com\\\/wp-content\\\/uploads\\\/2025\\\/05\\\/logo.png\",\"width\":198,\"height\":85,\"caption\":\"Secrets de Chocolat\"},\"image\":{\"@id\":\"https:\\\/\\\/lessecretsduchocolat.com\\\/#\\\/schema\\\/logo\\\/image\\\/\"}}]}<\/script>\n<!-- \/ Yoast SEO plugin. -->","yoast_head_json":{"title":"SET OF 3 SPREADS","description":"Discover the 3 \u00d7 150g spread assortment: L'Authentique, La Blonde and La Gourmande. Three unique recipes to vary the pleasures of chocolate.","robots":{"index":"index","follow":"follow","max-snippet":"max-snippet:-1","max-image-preview":"max-image-preview:large","max-video-preview":"max-video-preview:-1"},"canonical":"https:\/\/lessecretsduchocolat.com\/en\/product\/assorted-spreads\/","og_locale":"en_GB","og_type":"article","og_title":"COFFRET 3 PATES A TARTINER","og_description":"D\u00e9couvrez l\u2019assortiment de p\u00e2tes \u00e0 tartiner 3 \u00d7 150g : L\u2019Authentique, La Blonde et La Gourmande. Trois recettes uniques pour varier les plaisirs chocolat\u00e9s.","og_url":"https:\/\/lessecretsduchocolat.com\/en\/product\/assorted-spreads\/","og_site_name":"Secrets de Chocolat","article_modified_time":"2026-03-30T10:31:25+00:00","og_image":[{"width":1000,"height":1000,"url":"https:\/\/lessecretsduchocolat.com\/wp-content\/uploads\/2022\/05\/boutique-en-ligne-11.png","type":"image\/png"}],"twitter_card":"summary_large_image","twitter_misc":{"Estimated reading time":"2 minutes"},"schema":{"@context":"https:\/\/schema.org","@graph":[{"@type":"WebPage","@id":"https:\/\/lessecretsduchocolat.com\/produit\/assortiment-de-pates-a-tartiner\/","url":"https:\/\/lessecretsduchocolat.com\/produit\/assortiment-de-pates-a-tartiner\/","name":"SET OF 3 SPREADS","isPartOf":{"@id":"https:\/\/lessecretsduchocolat.com\/#website"},"primaryImageOfPage":{"@id":"https:\/\/lessecretsduchocolat.com\/produit\/assortiment-de-pates-a-tartiner\/#primaryimage"},"image":{"@id":"https:\/\/lessecretsduchocolat.com\/produit\/assortiment-de-pates-a-tartiner\/#primaryimage"},"thumbnailUrl":"https:\/\/lessecretsduchocolat.com\/wp-content\/uploads\/2022\/05\/boutique-en-ligne-11.png","datePublished":"2022-05-17T06:40:11+00:00","dateModified":"2026-03-30T10:31:25+00:00","description":"Discover the 3 \u00d7 150g spread assortment: L'Authentique, La Blonde and La Gourmande. Three unique recipes to vary the pleasures of chocolate.","breadcrumb":{"@id":"https:\/\/lessecretsduchocolat.com\/produit\/assortiment-de-pates-a-tartiner\/#breadcrumb"},"inLanguage":"en-GB","potentialAction":[{"@type":"ReadAction","target":["https:\/\/lessecretsduchocolat.com\/produit\/assortiment-de-pates-a-tartiner\/"]}]},{"@type":"ImageObject","inLanguage":"en-GB","@id":"https:\/\/lessecretsduchocolat.com\/produit\/assortiment-de-pates-a-tartiner\/#primaryimage","url":"https:\/\/lessecretsduchocolat.com\/wp-content\/uploads\/2022\/05\/boutique-en-ligne-11.png","contentUrl":"https:\/\/lessecretsduchocolat.com\/wp-content\/uploads\/2022\/05\/boutique-en-ligne-11.png","width":1000,"height":1000,"caption":"Assortiment 3 p\u00e2tes \u00e0 tartiner"},{"@type":"BreadcrumbList","@id":"https:\/\/lessecretsduchocolat.com\/produit\/assortiment-de-pates-a-tartiner\/#breadcrumb","itemListElement":[{"@type":"ListItem","position":1,"name":"Accueil","item":"https:\/\/lessecretsduchocolat.com\/"},{"@type":"ListItem","position":2,"name":"Boutique en ligne","item":"https:\/\/lessecretsduchocolat.com\/magasin\/"},{"@type":"ListItem","position":3,"name":"Assortiment de p\u00e2tes \u00e0 tartiner"}]},{"@type":"WebSite","@id":"https:\/\/lessecretsduchocolat.com\/#website","url":"https:\/\/lessecretsduchocolat.com\/","name":"Secrets de Chocolat","description":"","publisher":{"@id":"https:\/\/lessecretsduchocolat.com\/#organization"},"potentialAction":[{"@type":"SearchAction","target":{"@type":"EntryPoint","urlTemplate":"https:\/\/lessecretsduchocolat.com\/?s={search_term_string}"},"query-input":{"@type":"PropertyValueSpecification","valueRequired":true,"valueName":"search_term_string"}}],"inLanguage":"en-GB"},{"@type":"Organization","@id":"https:\/\/lessecretsduchocolat.com\/#organization","name":"Secrets de Chocolat","url":"https:\/\/lessecretsduchocolat.com\/","logo":{"@type":"ImageObject","inLanguage":"en-GB","@id":"https:\/\/lessecretsduchocolat.com\/#\/schema\/logo\/image\/","url":"https:\/\/lessecretsduchocolat.com\/wp-content\/uploads\/2025\/05\/logo.png","contentUrl":"https:\/\/lessecretsduchocolat.com\/wp-content\/uploads\/2025\/05\/logo.png","width":198,"height":85,"caption":"Secrets de Chocolat"},"image":{"@id":"https:\/\/lessecretsduchocolat.com\/#\/schema\/logo\/image\/"}}]}},"_links":{"self":[{"href":"https:\/\/lessecretsduchocolat.com\/en\/wp-json\/wp\/v2\/product\/1124","targetHints":{"allow":["GET"]}}],"collection":[{"href":"https:\/\/lessecretsduchocolat.com\/en\/wp-json\/wp\/v2\/product"}],"about":[{"href":"https:\/\/lessecretsduchocolat.com\/en\/wp-json\/wp\/v2\/types\/product"}],"version-history":[{"count":5,"href":"https:\/\/lessecretsduchocolat.com\/en\/wp-json\/wp\/v2\/product\/1124\/revisions"}],"predecessor-version":[{"id":5011,"href":"https:\/\/lessecretsduchocolat.com\/en\/wp-json\/wp\/v2\/product\/1124\/revisions\/5011"}],"wp:featuredmedia":[{"embeddable":true,"href":"https:\/\/lessecretsduchocolat.com\/en\/wp-json\/wp\/v2\/media\/5000"}],"wp:attachment":[{"href":"https:\/\/lessecretsduchocolat.com\/en\/wp-json\/wp\/v2\/media?parent=1124"}],"wp:term":[{"taxonomy":"product_brand","embeddable":true,"href":"https:\/\/lessecretsduchocolat.com\/en\/wp-json\/wp\/v2\/product_brand?post=1124"},{"taxonomy":"product_cat","embeddable":true,"href":"https:\/\/lessecretsduchocolat.com\/en\/wp-json\/wp\/v2\/product_cat?post=1124"},{"taxonomy":"product_tag","embeddable":true,"href":"https:\/\/lessecretsduchocolat.com\/en\/wp-json\/wp\/v2\/product_tag?post=1124"}],"curies":[{"name":"wp","href":"https:\/\/api.w.org\/{rel}","templated":true}]}}