{"id":1123,"date":"2022-05-17T06:40:11","date_gmt":"2022-05-17T06:40:11","guid":{"rendered":"https:\/\/preprod.lessecretsduchocolat.com\/?product=pate-a-tartiner-la-blonde-600g"},"modified":"2026-03-13T09:18:31","modified_gmt":"2026-03-13T08:18:31","slug":"la-blonde-spread-600g","status":"publish","type":"product","link":"https:\/\/lessecretsduchocolat.com\/en\/produit\/pate-a-tartiner-la-blonde-600g\/","title":{"rendered":"La blonde spread 600g"},"content":{"rendered":"<p data-start=\"96\" data-end=\"313\"><strong data-start=\"96\" data-end=\"134\">La Blonde spread 600 g<\/strong> is an exceptional creation that combines the softness of blond chocolate with the creaminess of <strong>gianduja<\/strong>. A refined recipe with a seductive originality and a real gourmet flavour.<\/p>\n<p data-start=\"315\" data-end=\"635\">Its secret lies in the blond chocolate, obtained by the<strong> subtle caramelisation<\/strong> white chocolate, revealing delicate <strong>biscuity and caramelised notes.<\/strong> This tasty base is enriched with gianduja, a melting combination of chocolate and finely ground hazelnuts, which adds roundness and generosity to every spoonful.<\/p>\n<p data-start=\"637\" data-end=\"897\">The texture is perfectly velvety, smooth and easy to spread. On toast, brioche or pancakes, it transforms every break into a delicious, indulgent pleasure. It can also be eaten with a spoon, with no tricks, so addictive is its deliciousness.<\/p>\n<p data-start=\"899\" data-end=\"1175\">With its generous 600g tub, La Blonde is ideal for families, big gourmets and fans of original chocolate delights. <strong>It can also be used in pastries<\/strong> Cakes, ganaches, cookies or verrines gain in character and caramelised sweetness.<\/p>\n<p data-start=\"1177\" data-end=\"1429\">Each bite offers a rare balance between the sweetness of the blond chocolate and the nutty roundness of the gianduja. To give or to treat yourself to La Blonde is to choose a generous, elegant and resolutely different spread that's off the beaten track.<\/p>","protected":false},"excerpt":{"rendered":"<p>Discover La Blonde 600g spread: a unique combination of caramelised blond chocolate and gianduja. Smooth, generous and irresistible. (\u20ac33.16\/kg)<\/p>","protected":false},"featured_media":5031,"template":"","meta":{"_acf_changed":false,"site-sidebar-layout":"default","site-content-layout":"","ast-site-content-layout":"default","site-content-style":"default","site-sidebar-style":"default","ast-global-header-display":"","ast-banner-title-visibility":"","ast-main-header-display":"","ast-hfb-above-header-display":"","ast-hfb-below-header-display":"","ast-hfb-mobile-header-display":"","site-post-title":"","ast-breadcrumbs-content":"","ast-featured-img":"","footer-sml-layout":"","ast-disable-related-posts":"","theme-transparent-header-meta":"default","adv-header-id-meta":"","stick-header-meta":"","header-above-stick-meta":"","header-main-stick-meta":"","header-below-stick-meta":"","astra-migrate-meta-layouts":"set","ast-page-background-enabled":"default","ast-page-background-meta":{"desktop":{"background-color":"var(--ast-global-color-4)","background-image":"","background-repeat":"repeat","background-position":"center center","background-size":"auto","background-attachment":"scroll","background-type":"","background-media":"","overlay-type":"","overlay-color":"","overlay-opacity":"","overlay-gradient":""},"tablet":{"background-color":"","background-image":"","background-repeat":"repeat","background-position":"center center","background-size":"auto","background-attachment":"scroll","background-type":"","background-media":"","overlay-type":"","overlay-color":"","overlay-opacity":"","overlay-gradient":""},"mobile":{"background-color":"","background-image":"","background-repeat":"repeat","background-position":"center center","background-size":"auto","background-attachment":"scroll","background-type":"","background-media":"","overlay-type":"","overlay-color":"","overlay-opacity":"","overlay-gradient":""}},"ast-content-background-meta":{"desktop":{"background-color":"var(--ast-global-color-5)","background-image":"","background-repeat":"repeat","background-position":"center center","background-size":"auto","background-attachment":"scroll","background-type":"","background-media":"","overlay-type":"","overlay-color":"","overlay-opacity":"","overlay-gradient":""},"tablet":{"background-color":"var(--ast-global-color-5)","background-image":"","background-repeat":"repeat","background-position":"center center","background-size":"auto","background-attachment":"scroll","background-type":"","background-media":"","overlay-type":"","overlay-color":"","overlay-opacity":"","overlay-gradient":""},"mobile":{"background-color":"var(--ast-global-color-5)","background-image":"","background-repeat":"repeat","background-position":"center center","background-size":"auto","background-attachment":"scroll","background-type":"","background-media":"","overlay-type":"","overlay-color":"","overlay-opacity":"","overlay-gradient":""}},"iawp_total_views":23},"product_brand":[],"product_cat":[105,204],"product_tag":[],"class_list":{"0":"post-1123","1":"product","2":"type-product","3":"status-publish","4":"has-post-thumbnail","6":"product_cat-pate-a-tartiner","7":"product_cat-tous-produits","8":"desktop-align-left","9":"tablet-align-left","10":"mobile-align-left","12":"first","13":"instock","14":"taxable","15":"shipping-taxable","16":"purchasable","17":"product-type-simple"},"acf":[],"yoast_head":"<!-- This site is optimized with the Yoast SEO plugin v27.4 - https:\/\/yoast.com\/product\/yoast-seo-wordpress\/ -->\n<title>P\u00e2te \u00e0 tartiner\u2503La Blonde 600g<\/title>\n<meta name=\"description\" content=\"Fondez pour La Blonde (600g), notre onctueuse p\u00e2te \u00e0 tartiner au chocolat blanc caram\u00e9lis\u00e9 et gianduja. Une douceur unique et irr\u00e9sistible.\" \/>\n<meta name=\"robots\" content=\"index, follow, max-snippet:-1, max-image-preview:large, max-video-preview:-1\" \/>\n<link rel=\"canonical\" href=\"https:\/\/lessecretsduchocolat.com\/en\/product\/la-blonde-spread-600g\/\" \/>\n<meta property=\"og:locale\" content=\"en_GB\" \/>\n<meta property=\"og:type\" content=\"article\" \/>\n<meta property=\"og:title\" content=\"P\u00e2te \u00e0 tartiner\u2503La Blonde 600g\" \/>\n<meta property=\"og:description\" content=\"Fondez pour La Blonde (600g), notre onctueuse p\u00e2te \u00e0 tartiner au chocolat blanc caram\u00e9lis\u00e9 et gianduja. Une douceur unique et irr\u00e9sistible.\" \/>\n<meta property=\"og:url\" content=\"https:\/\/lessecretsduchocolat.com\/en\/product\/la-blonde-spread-600g\/\" \/>\n<meta property=\"og:site_name\" content=\"Secrets de Chocolat\" \/>\n<meta property=\"article:modified_time\" content=\"2026-03-13T08:18:31+00:00\" \/>\n<meta property=\"og:image\" content=\"https:\/\/lessecretsduchocolat.com\/wp-content\/uploads\/2022\/05\/boutique-en-ligne-7.png\" \/>\n\t<meta property=\"og:image:width\" content=\"1000\" \/>\n\t<meta property=\"og:image:height\" content=\"1000\" \/>\n\t<meta property=\"og:image:type\" content=\"image\/png\" \/>\n<meta name=\"twitter:card\" content=\"summary_large_image\" \/>\n<meta name=\"twitter:label1\" content=\"Estimated reading time\" \/>\n\t<meta name=\"twitter:data1\" content=\"2 minutes\" \/>\n<script type=\"application\/ld+json\" class=\"yoast-schema-graph\">{\"@context\":\"https:\\\/\\\/schema.org\",\"@graph\":[{\"@type\":\"WebPage\",\"@id\":\"https:\\\/\\\/lessecretsduchocolat.com\\\/produit\\\/pate-a-tartiner-la-blonde-600g\\\/\",\"url\":\"https:\\\/\\\/lessecretsduchocolat.com\\\/produit\\\/pate-a-tartiner-la-blonde-600g\\\/\",\"name\":\"P\u00e2te \u00e0 tartiner\u2503La Blonde 600g\",\"isPartOf\":{\"@id\":\"https:\\\/\\\/lessecretsduchocolat.com\\\/#website\"},\"primaryImageOfPage\":{\"@id\":\"https:\\\/\\\/lessecretsduchocolat.com\\\/produit\\\/pate-a-tartiner-la-blonde-600g\\\/#primaryimage\"},\"image\":{\"@id\":\"https:\\\/\\\/lessecretsduchocolat.com\\\/produit\\\/pate-a-tartiner-la-blonde-600g\\\/#primaryimage\"},\"thumbnailUrl\":\"https:\\\/\\\/lessecretsduchocolat.com\\\/wp-content\\\/uploads\\\/2022\\\/05\\\/boutique-en-ligne-7.png\",\"datePublished\":\"2022-05-17T06:40:11+00:00\",\"dateModified\":\"2026-03-13T08:18:31+00:00\",\"description\":\"Fondez pour La Blonde (600g), notre onctueuse p\u00e2te \u00e0 tartiner au chocolat blanc caram\u00e9lis\u00e9 et gianduja. Une douceur unique et irr\u00e9sistible.\",\"breadcrumb\":{\"@id\":\"https:\\\/\\\/lessecretsduchocolat.com\\\/produit\\\/pate-a-tartiner-la-blonde-600g\\\/#breadcrumb\"},\"inLanguage\":\"en-GB\",\"potentialAction\":[{\"@type\":\"ReadAction\",\"target\":[\"https:\\\/\\\/lessecretsduchocolat.com\\\/produit\\\/pate-a-tartiner-la-blonde-600g\\\/\"]}]},{\"@type\":\"ImageObject\",\"inLanguage\":\"en-GB\",\"@id\":\"https:\\\/\\\/lessecretsduchocolat.com\\\/produit\\\/pate-a-tartiner-la-blonde-600g\\\/#primaryimage\",\"url\":\"https:\\\/\\\/lessecretsduchocolat.com\\\/wp-content\\\/uploads\\\/2022\\\/05\\\/boutique-en-ligne-7.png\",\"contentUrl\":\"https:\\\/\\\/lessecretsduchocolat.com\\\/wp-content\\\/uploads\\\/2022\\\/05\\\/boutique-en-ligne-7.png\",\"width\":1000,\"height\":1000,\"caption\":\"p\u00e2te \u00e0 tartiner blonde\"},{\"@type\":\"BreadcrumbList\",\"@id\":\"https:\\\/\\\/lessecretsduchocolat.com\\\/produit\\\/pate-a-tartiner-la-blonde-600g\\\/#breadcrumb\",\"itemListElement\":[{\"@type\":\"ListItem\",\"position\":1,\"name\":\"Accueil\",\"item\":\"https:\\\/\\\/lessecretsduchocolat.com\\\/\"},{\"@type\":\"ListItem\",\"position\":2,\"name\":\"Boutique en ligne\",\"item\":\"https:\\\/\\\/lessecretsduchocolat.com\\\/magasin\\\/\"},{\"@type\":\"ListItem\",\"position\":3,\"name\":\"P\u00e2te \u00e0 tartiner La blonde 600g\"}]},{\"@type\":\"WebSite\",\"@id\":\"https:\\\/\\\/lessecretsduchocolat.com\\\/#website\",\"url\":\"https:\\\/\\\/lessecretsduchocolat.com\\\/\",\"name\":\"Secrets de Chocolat\",\"description\":\"\",\"publisher\":{\"@id\":\"https:\\\/\\\/lessecretsduchocolat.com\\\/#organization\"},\"potentialAction\":[{\"@type\":\"SearchAction\",\"target\":{\"@type\":\"EntryPoint\",\"urlTemplate\":\"https:\\\/\\\/lessecretsduchocolat.com\\\/?s={search_term_string}\"},\"query-input\":{\"@type\":\"PropertyValueSpecification\",\"valueRequired\":true,\"valueName\":\"search_term_string\"}}],\"inLanguage\":\"en-GB\"},{\"@type\":\"Organization\",\"@id\":\"https:\\\/\\\/lessecretsduchocolat.com\\\/#organization\",\"name\":\"Secrets de Chocolat\",\"url\":\"https:\\\/\\\/lessecretsduchocolat.com\\\/\",\"logo\":{\"@type\":\"ImageObject\",\"inLanguage\":\"en-GB\",\"@id\":\"https:\\\/\\\/lessecretsduchocolat.com\\\/#\\\/schema\\\/logo\\\/image\\\/\",\"url\":\"https:\\\/\\\/lessecretsduchocolat.com\\\/wp-content\\\/uploads\\\/2025\\\/05\\\/logo.png\",\"contentUrl\":\"https:\\\/\\\/lessecretsduchocolat.com\\\/wp-content\\\/uploads\\\/2025\\\/05\\\/logo.png\",\"width\":198,\"height\":85,\"caption\":\"Secrets de Chocolat\"},\"image\":{\"@id\":\"https:\\\/\\\/lessecretsduchocolat.com\\\/#\\\/schema\\\/logo\\\/image\\\/\"}}]}<\/script>\n<!-- \/ Yoast SEO plugin. -->","yoast_head_json":{"title":"Blonde Spread 600g","description":"Melt for La Blonde (600g), our creamy spread with caramelised white chocolate and gianduja. A unique and irresistible sweetness.","robots":{"index":"index","follow":"follow","max-snippet":"max-snippet:-1","max-image-preview":"max-image-preview:large","max-video-preview":"max-video-preview:-1"},"canonical":"https:\/\/lessecretsduchocolat.com\/en\/product\/la-blonde-spread-600g\/","og_locale":"en_GB","og_type":"article","og_title":"P\u00e2te \u00e0 tartiner\u2503La Blonde 600g","og_description":"Fondez pour La Blonde (600g), notre onctueuse p\u00e2te \u00e0 tartiner au chocolat blanc caram\u00e9lis\u00e9 et gianduja. Une douceur unique et irr\u00e9sistible.","og_url":"https:\/\/lessecretsduchocolat.com\/en\/product\/la-blonde-spread-600g\/","og_site_name":"Secrets de Chocolat","article_modified_time":"2026-03-13T08:18:31+00:00","og_image":[{"width":1000,"height":1000,"url":"https:\/\/lessecretsduchocolat.com\/wp-content\/uploads\/2022\/05\/boutique-en-ligne-7.png","type":"image\/png"}],"twitter_card":"summary_large_image","twitter_misc":{"Estimated reading time":"2 minutes"},"schema":{"@context":"https:\/\/schema.org","@graph":[{"@type":"WebPage","@id":"https:\/\/lessecretsduchocolat.com\/produit\/pate-a-tartiner-la-blonde-600g\/","url":"https:\/\/lessecretsduchocolat.com\/produit\/pate-a-tartiner-la-blonde-600g\/","name":"Blonde Spread 600g","isPartOf":{"@id":"https:\/\/lessecretsduchocolat.com\/#website"},"primaryImageOfPage":{"@id":"https:\/\/lessecretsduchocolat.com\/produit\/pate-a-tartiner-la-blonde-600g\/#primaryimage"},"image":{"@id":"https:\/\/lessecretsduchocolat.com\/produit\/pate-a-tartiner-la-blonde-600g\/#primaryimage"},"thumbnailUrl":"https:\/\/lessecretsduchocolat.com\/wp-content\/uploads\/2022\/05\/boutique-en-ligne-7.png","datePublished":"2022-05-17T06:40:11+00:00","dateModified":"2026-03-13T08:18:31+00:00","description":"Melt for La Blonde (600g), our creamy spread with caramelised white chocolate and gianduja. A unique and irresistible sweetness.","breadcrumb":{"@id":"https:\/\/lessecretsduchocolat.com\/produit\/pate-a-tartiner-la-blonde-600g\/#breadcrumb"},"inLanguage":"en-GB","potentialAction":[{"@type":"ReadAction","target":["https:\/\/lessecretsduchocolat.com\/produit\/pate-a-tartiner-la-blonde-600g\/"]}]},{"@type":"ImageObject","inLanguage":"en-GB","@id":"https:\/\/lessecretsduchocolat.com\/produit\/pate-a-tartiner-la-blonde-600g\/#primaryimage","url":"https:\/\/lessecretsduchocolat.com\/wp-content\/uploads\/2022\/05\/boutique-en-ligne-7.png","contentUrl":"https:\/\/lessecretsduchocolat.com\/wp-content\/uploads\/2022\/05\/boutique-en-ligne-7.png","width":1000,"height":1000,"caption":"p\u00e2te \u00e0 tartiner blonde"},{"@type":"BreadcrumbList","@id":"https:\/\/lessecretsduchocolat.com\/produit\/pate-a-tartiner-la-blonde-600g\/#breadcrumb","itemListElement":[{"@type":"ListItem","position":1,"name":"Accueil","item":"https:\/\/lessecretsduchocolat.com\/"},{"@type":"ListItem","position":2,"name":"Boutique en ligne","item":"https:\/\/lessecretsduchocolat.com\/magasin\/"},{"@type":"ListItem","position":3,"name":"P\u00e2te \u00e0 tartiner La blonde 600g"}]},{"@type":"WebSite","@id":"https:\/\/lessecretsduchocolat.com\/#website","url":"https:\/\/lessecretsduchocolat.com\/","name":"Secrets de Chocolat","description":"","publisher":{"@id":"https:\/\/lessecretsduchocolat.com\/#organization"},"potentialAction":[{"@type":"SearchAction","target":{"@type":"EntryPoint","urlTemplate":"https:\/\/lessecretsduchocolat.com\/?s={search_term_string}"},"query-input":{"@type":"PropertyValueSpecification","valueRequired":true,"valueName":"search_term_string"}}],"inLanguage":"en-GB"},{"@type":"Organization","@id":"https:\/\/lessecretsduchocolat.com\/#organization","name":"Secrets de Chocolat","url":"https:\/\/lessecretsduchocolat.com\/","logo":{"@type":"ImageObject","inLanguage":"en-GB","@id":"https:\/\/lessecretsduchocolat.com\/#\/schema\/logo\/image\/","url":"https:\/\/lessecretsduchocolat.com\/wp-content\/uploads\/2025\/05\/logo.png","contentUrl":"https:\/\/lessecretsduchocolat.com\/wp-content\/uploads\/2025\/05\/logo.png","width":198,"height":85,"caption":"Secrets de Chocolat"},"image":{"@id":"https:\/\/lessecretsduchocolat.com\/#\/schema\/logo\/image\/"}}]}},"_links":{"self":[{"href":"https:\/\/lessecretsduchocolat.com\/en\/wp-json\/wp\/v2\/product\/1123","targetHints":{"allow":["GET"]}}],"collection":[{"href":"https:\/\/lessecretsduchocolat.com\/en\/wp-json\/wp\/v2\/product"}],"about":[{"href":"https:\/\/lessecretsduchocolat.com\/en\/wp-json\/wp\/v2\/types\/product"}],"version-history":[{"count":8,"href":"https:\/\/lessecretsduchocolat.com\/en\/wp-json\/wp\/v2\/product\/1123\/revisions"}],"predecessor-version":[{"id":5038,"href":"https:\/\/lessecretsduchocolat.com\/en\/wp-json\/wp\/v2\/product\/1123\/revisions\/5038"}],"wp:featuredmedia":[{"embeddable":true,"href":"https:\/\/lessecretsduchocolat.com\/en\/wp-json\/wp\/v2\/media\/5031"}],"wp:attachment":[{"href":"https:\/\/lessecretsduchocolat.com\/en\/wp-json\/wp\/v2\/media?parent=1123"}],"wp:term":[{"taxonomy":"product_brand","embeddable":true,"href":"https:\/\/lessecretsduchocolat.com\/en\/wp-json\/wp\/v2\/product_brand?post=1123"},{"taxonomy":"product_cat","embeddable":true,"href":"https:\/\/lessecretsduchocolat.com\/en\/wp-json\/wp\/v2\/product_cat?post=1123"},{"taxonomy":"product_tag","embeddable":true,"href":"https:\/\/lessecretsduchocolat.com\/en\/wp-json\/wp\/v2\/product_tag?post=1123"}],"curies":[{"name":"wp","href":"https:\/\/api.w.org\/{rel}","templated":true}]}}