{"id":1120,"date":"2022-04-16T06:40:03","date_gmt":"2022-04-16T06:40:03","guid":{"rendered":"https:\/\/preprod.lessecretsduchocolat.com\/?product=les-granits-cereales-lait-et-noir-130g"},"modified":"2026-03-13T09:23:50","modified_gmt":"2026-03-13T08:23:50","slug":"milk-and-black-cereal-granits-130g","status":"publish","type":"product","link":"https:\/\/lessecretsduchocolat.com\/en\/produit\/les-granits-cereales-lait-et-noir-130g\/","title":{"rendered":"MILK AND BLACK CEREAL GRANITS 130G"},"content":{"rendered":"<p data-start=\"376\" data-end=\"547\">The <strong data-start=\"380\" data-end=\"419\">Milk and Black Cereal Granits 130g<\/strong> are a crunchy, melt-in-the-mouth treat for young and old alike. A successful combination of chocolate and cereals.<\/p>\n<p data-start=\"549\" data-end=\"724\">This range brings together two complementary varieties: the <strong data-start=\"607\" data-end=\"629\">dark chocolate 36 %<\/strong> for elegant intensity, and <strong data-start=\"665\" data-end=\"690\">milk chocolate 36 %<\/strong> for comforting softness.<\/p>\n<p data-start=\"726\" data-end=\"884\">At the heart of every bite, you'll find <strong data-start=\"768\" data-end=\"790\">puffed rice (27 %)<\/strong> for an irresistibly light crunch. The perfect balance between texture and flavour.<\/p>\n<p data-start=\"886\" data-end=\"1058\">The <strong data-start=\"890\" data-end=\"910\">Granite Cereals<\/strong> offer a contrasting experience: the roundness of the chocolate, the lightness of the crispness and an addictive indulgence to be savoured again and again.<\/p>\n<p data-start=\"1060\" data-end=\"1208\">With their <strong data-start=\"1077\" data-end=\"1086\">130 g<\/strong>They are perfect for a sweet break, a snack to share or as a gourmet accompaniment to coffee or tea.<\/p>\n<p data-start=\"1210\" data-end=\"1376\">They appeal to dark chocolate lovers and milk chocolate enthusiasts alike. Their varied assortment will satisfy every taste in a single box.<\/p>\n<p data-start=\"1378\" data-end=\"1552\">The <strong data-start=\"1382\" data-end=\"1415\">Milk and black cereal granits<\/strong> are also an excellent gift idea. Presented in an elegant sachet, they are seductive in their simplicity and universal deliciousness.<\/p>\n<p data-start=\"1554\" data-end=\"1722\">Easy to take away and easy to share, they're fast becoming a must-have for social occasions. A crunchy chocolate that brings immediate pleasure and good humour.<\/p>\n<p data-start=\"1724\" data-end=\"1865\">Each bite is a reminder that indulgence sometimes comes down to a few things: good chocolate, light cereals and a balanced recipe.<\/p>\n<p data-start=\"1867\" data-end=\"1985\">The <strong data-start=\"1871\" data-end=\"1897\">Cereal Granits 130 g<\/strong> are the embodiment of authentic pleasure, simple and crunchy, to be enjoyed without moderation.<\/p>","protected":false},"excerpt":{"rendered":"<p>Dark chocolate or milk chocolate? There's no need to choose with this assortment of cereal granits! Let yourself be tempted by the crunchiness of puffed rice and the indulgence of chocolate (\u20ac45.38\/kg).<\/p>","protected":false},"featured_media":948,"template":"","meta":{"_acf_changed":false,"site-sidebar-layout":"default","site-content-layout":"","ast-site-content-layout":"default","site-content-style":"default","site-sidebar-style":"default","ast-global-header-display":"","ast-banner-title-visibility":"","ast-main-header-display":"","ast-hfb-above-header-display":"","ast-hfb-below-header-display":"","ast-hfb-mobile-header-display":"","site-post-title":"","ast-breadcrumbs-content":"","ast-featured-img":"","footer-sml-layout":"","ast-disable-related-posts":"","theme-transparent-header-meta":"default","adv-header-id-meta":"","stick-header-meta":"","header-above-stick-meta":"","header-main-stick-meta":"","header-below-stick-meta":"","astra-migrate-meta-layouts":"set","ast-page-background-enabled":"default","ast-page-background-meta":{"desktop":{"background-color":"var(--ast-global-color-4)","background-image":"","background-repeat":"repeat","background-position":"center center","background-size":"auto","background-attachment":"scroll","background-type":"","background-media":"","overlay-type":"","overlay-color":"","overlay-opacity":"","overlay-gradient":""},"tablet":{"background-color":"","background-image":"","background-repeat":"repeat","background-position":"center center","background-size":"auto","background-attachment":"scroll","background-type":"","background-media":"","overlay-type":"","overlay-color":"","overlay-opacity":"","overlay-gradient":""},"mobile":{"background-color":"","background-image":"","background-repeat":"repeat","background-position":"center center","background-size":"auto","background-attachment":"scroll","background-type":"","background-media":"","overlay-type":"","overlay-color":"","overlay-opacity":"","overlay-gradient":""}},"ast-content-background-meta":{"desktop":{"background-color":"var(--ast-global-color-5)","background-image":"","background-repeat":"repeat","background-position":"center center","background-size":"auto","background-attachment":"scroll","background-type":"","background-media":"","overlay-type":"","overlay-color":"","overlay-opacity":"","overlay-gradient":""},"tablet":{"background-color":"var(--ast-global-color-5)","background-image":"","background-repeat":"repeat","background-position":"center center","background-size":"auto","background-attachment":"scroll","background-type":"","background-media":"","overlay-type":"","overlay-color":"","overlay-opacity":"","overlay-gradient":""},"mobile":{"background-color":"var(--ast-global-color-5)","background-image":"","background-repeat":"repeat","background-position":"center center","background-size":"auto","background-attachment":"scroll","background-type":"","background-media":"","overlay-type":"","overlay-color":"","overlay-opacity":"","overlay-gradient":""}},"iawp_total_views":48},"product_brand":[],"product_cat":[108,204],"product_tag":[],"class_list":{"0":"post-1120","1":"product","2":"type-product","3":"status-publish","4":"has-post-thumbnail","6":"product_cat-gourmandises","7":"product_cat-tous-produits","8":"desktop-align-left","9":"tablet-align-left","10":"mobile-align-left","12":"first","13":"outofstock","14":"taxable","15":"shipping-taxable","16":"purchasable","17":"product-type-simple"},"acf":[],"yoast_head":"<!-- This site is optimized with the Yoast SEO plugin v27.4 - https:\/\/yoast.com\/product\/yoast-seo-wordpress\/ -->\n<title>LES GRANITS CEREALES LAIT ET NOIR 130G<\/title>\n<meta name=\"description\" content=\"Craquez pour les Granits C\u00e9r\u00e9ales lait et noir 130 g : chocolats au lait et noir garnis de riz souffl\u00e9 croustillant. Une gourmandise l\u00e9g\u00e8re et addictive.\" \/>\n<meta name=\"robots\" content=\"index, follow, max-snippet:-1, max-image-preview:large, max-video-preview:-1\" \/>\n<link rel=\"canonical\" href=\"https:\/\/lessecretsduchocolat.com\/en\/product\/milk-and-black-cereal-granits-130g\/\" \/>\n<meta property=\"og:locale\" content=\"en_GB\" \/>\n<meta property=\"og:type\" content=\"article\" \/>\n<meta property=\"og:title\" content=\"LES GRANITS CEREALES LAIT ET NOIR 130G\" \/>\n<meta property=\"og:description\" content=\"Craquez pour les Granits C\u00e9r\u00e9ales lait et noir 130 g : chocolats au lait et noir garnis de riz souffl\u00e9 croustillant. Une gourmandise l\u00e9g\u00e8re et addictive.\" \/>\n<meta property=\"og:url\" content=\"https:\/\/lessecretsduchocolat.com\/en\/product\/milk-and-black-cereal-granits-130g\/\" \/>\n<meta property=\"og:site_name\" content=\"Secrets de Chocolat\" \/>\n<meta property=\"article:modified_time\" content=\"2026-03-13T08:23:50+00:00\" \/>\n<meta property=\"og:image\" content=\"https:\/\/lessecretsduchocolat.com\/wp-content\/uploads\/2025\/05\/1295.jpg\" \/>\n\t<meta property=\"og:image:width\" content=\"500\" \/>\n\t<meta property=\"og:image:height\" content=\"500\" \/>\n\t<meta property=\"og:image:type\" content=\"image\/jpeg\" \/>\n<meta name=\"twitter:card\" content=\"summary_large_image\" \/>\n<meta name=\"twitter:label1\" content=\"Estimated reading time\" \/>\n\t<meta name=\"twitter:data1\" content=\"2 minutes\" \/>\n<script type=\"application\/ld+json\" class=\"yoast-schema-graph\">{\"@context\":\"https:\\\/\\\/schema.org\",\"@graph\":[{\"@type\":\"WebPage\",\"@id\":\"https:\\\/\\\/lessecretsduchocolat.com\\\/produit\\\/les-granits-cereales-lait-et-noir-130g\\\/\",\"url\":\"https:\\\/\\\/lessecretsduchocolat.com\\\/produit\\\/les-granits-cereales-lait-et-noir-130g\\\/\",\"name\":\"LES GRANITS CEREALES LAIT ET NOIR 130G\",\"isPartOf\":{\"@id\":\"https:\\\/\\\/lessecretsduchocolat.com\\\/#website\"},\"primaryImageOfPage\":{\"@id\":\"https:\\\/\\\/lessecretsduchocolat.com\\\/produit\\\/les-granits-cereales-lait-et-noir-130g\\\/#primaryimage\"},\"image\":{\"@id\":\"https:\\\/\\\/lessecretsduchocolat.com\\\/produit\\\/les-granits-cereales-lait-et-noir-130g\\\/#primaryimage\"},\"thumbnailUrl\":\"https:\\\/\\\/lessecretsduchocolat.com\\\/wp-content\\\/uploads\\\/2025\\\/05\\\/1295.jpg\",\"datePublished\":\"2022-04-16T06:40:03+00:00\",\"dateModified\":\"2026-03-13T08:23:50+00:00\",\"description\":\"Craquez pour les Granits C\u00e9r\u00e9ales lait et noir 130 g : chocolats au lait et noir garnis de riz souffl\u00e9 croustillant. Une gourmandise l\u00e9g\u00e8re et addictive.\",\"breadcrumb\":{\"@id\":\"https:\\\/\\\/lessecretsduchocolat.com\\\/produit\\\/les-granits-cereales-lait-et-noir-130g\\\/#breadcrumb\"},\"inLanguage\":\"en-GB\",\"potentialAction\":[{\"@type\":\"ReadAction\",\"target\":[\"https:\\\/\\\/lessecretsduchocolat.com\\\/produit\\\/les-granits-cereales-lait-et-noir-130g\\\/\"]}]},{\"@type\":\"ImageObject\",\"inLanguage\":\"en-GB\",\"@id\":\"https:\\\/\\\/lessecretsduchocolat.com\\\/produit\\\/les-granits-cereales-lait-et-noir-130g\\\/#primaryimage\",\"url\":\"https:\\\/\\\/lessecretsduchocolat.com\\\/wp-content\\\/uploads\\\/2025\\\/05\\\/1295.jpg\",\"contentUrl\":\"https:\\\/\\\/lessecretsduchocolat.com\\\/wp-content\\\/uploads\\\/2025\\\/05\\\/1295.jpg\",\"width\":500,\"height\":500,\"caption\":\"Assortiment granit aux 2 chocolats\"},{\"@type\":\"BreadcrumbList\",\"@id\":\"https:\\\/\\\/lessecretsduchocolat.com\\\/produit\\\/les-granits-cereales-lait-et-noir-130g\\\/#breadcrumb\",\"itemListElement\":[{\"@type\":\"ListItem\",\"position\":1,\"name\":\"Accueil\",\"item\":\"https:\\\/\\\/lessecretsduchocolat.com\\\/\"},{\"@type\":\"ListItem\",\"position\":2,\"name\":\"Boutique en ligne\",\"item\":\"https:\\\/\\\/lessecretsduchocolat.com\\\/magasin\\\/\"},{\"@type\":\"ListItem\",\"position\":3,\"name\":\"LES GRANITS CEREALES LAIT ET NOIR 130G\"}]},{\"@type\":\"WebSite\",\"@id\":\"https:\\\/\\\/lessecretsduchocolat.com\\\/#website\",\"url\":\"https:\\\/\\\/lessecretsduchocolat.com\\\/\",\"name\":\"Secrets de Chocolat\",\"description\":\"\",\"publisher\":{\"@id\":\"https:\\\/\\\/lessecretsduchocolat.com\\\/#organization\"},\"potentialAction\":[{\"@type\":\"SearchAction\",\"target\":{\"@type\":\"EntryPoint\",\"urlTemplate\":\"https:\\\/\\\/lessecretsduchocolat.com\\\/?s={search_term_string}\"},\"query-input\":{\"@type\":\"PropertyValueSpecification\",\"valueRequired\":true,\"valueName\":\"search_term_string\"}}],\"inLanguage\":\"en-GB\"},{\"@type\":\"Organization\",\"@id\":\"https:\\\/\\\/lessecretsduchocolat.com\\\/#organization\",\"name\":\"Secrets de Chocolat\",\"url\":\"https:\\\/\\\/lessecretsduchocolat.com\\\/\",\"logo\":{\"@type\":\"ImageObject\",\"inLanguage\":\"en-GB\",\"@id\":\"https:\\\/\\\/lessecretsduchocolat.com\\\/#\\\/schema\\\/logo\\\/image\\\/\",\"url\":\"https:\\\/\\\/lessecretsduchocolat.com\\\/wp-content\\\/uploads\\\/2025\\\/05\\\/logo.png\",\"contentUrl\":\"https:\\\/\\\/lessecretsduchocolat.com\\\/wp-content\\\/uploads\\\/2025\\\/05\\\/logo.png\",\"width\":198,\"height\":85,\"caption\":\"Secrets de Chocolat\"},\"image\":{\"@id\":\"https:\\\/\\\/lessecretsduchocolat.com\\\/#\\\/schema\\\/logo\\\/image\\\/\"}}]}<\/script>\n<!-- \/ Yoast SEO plugin. -->","yoast_head_json":{"title":"MILK AND BLACK CEREAL GRANITS 130G","description":"Go for Granits C\u00e9r\u00e9ales milk and dark 130 g: milk and dark chocolates topped with crispy puffed rice. A light, addictive treat.","robots":{"index":"index","follow":"follow","max-snippet":"max-snippet:-1","max-image-preview":"max-image-preview:large","max-video-preview":"max-video-preview:-1"},"canonical":"https:\/\/lessecretsduchocolat.com\/en\/product\/milk-and-black-cereal-granits-130g\/","og_locale":"en_GB","og_type":"article","og_title":"LES GRANITS CEREALES LAIT ET NOIR 130G","og_description":"Craquez pour les Granits C\u00e9r\u00e9ales lait et noir 130 g : chocolats au lait et noir garnis de riz souffl\u00e9 croustillant. Une gourmandise l\u00e9g\u00e8re et addictive.","og_url":"https:\/\/lessecretsduchocolat.com\/en\/product\/milk-and-black-cereal-granits-130g\/","og_site_name":"Secrets de Chocolat","article_modified_time":"2026-03-13T08:23:50+00:00","og_image":[{"width":500,"height":500,"url":"https:\/\/lessecretsduchocolat.com\/wp-content\/uploads\/2025\/05\/1295.jpg","type":"image\/jpeg"}],"twitter_card":"summary_large_image","twitter_misc":{"Estimated reading time":"2 minutes"},"schema":{"@context":"https:\/\/schema.org","@graph":[{"@type":"WebPage","@id":"https:\/\/lessecretsduchocolat.com\/produit\/les-granits-cereales-lait-et-noir-130g\/","url":"https:\/\/lessecretsduchocolat.com\/produit\/les-granits-cereales-lait-et-noir-130g\/","name":"MILK AND BLACK CEREAL GRANITS 130G","isPartOf":{"@id":"https:\/\/lessecretsduchocolat.com\/#website"},"primaryImageOfPage":{"@id":"https:\/\/lessecretsduchocolat.com\/produit\/les-granits-cereales-lait-et-noir-130g\/#primaryimage"},"image":{"@id":"https:\/\/lessecretsduchocolat.com\/produit\/les-granits-cereales-lait-et-noir-130g\/#primaryimage"},"thumbnailUrl":"https:\/\/lessecretsduchocolat.com\/wp-content\/uploads\/2025\/05\/1295.jpg","datePublished":"2022-04-16T06:40:03+00:00","dateModified":"2026-03-13T08:23:50+00:00","description":"Go for Granits C\u00e9r\u00e9ales milk and dark 130 g: milk and dark chocolates topped with crispy puffed rice. A light, addictive treat.","breadcrumb":{"@id":"https:\/\/lessecretsduchocolat.com\/produit\/les-granits-cereales-lait-et-noir-130g\/#breadcrumb"},"inLanguage":"en-GB","potentialAction":[{"@type":"ReadAction","target":["https:\/\/lessecretsduchocolat.com\/produit\/les-granits-cereales-lait-et-noir-130g\/"]}]},{"@type":"ImageObject","inLanguage":"en-GB","@id":"https:\/\/lessecretsduchocolat.com\/produit\/les-granits-cereales-lait-et-noir-130g\/#primaryimage","url":"https:\/\/lessecretsduchocolat.com\/wp-content\/uploads\/2025\/05\/1295.jpg","contentUrl":"https:\/\/lessecretsduchocolat.com\/wp-content\/uploads\/2025\/05\/1295.jpg","width":500,"height":500,"caption":"Assortiment granit aux 2 chocolats"},{"@type":"BreadcrumbList","@id":"https:\/\/lessecretsduchocolat.com\/produit\/les-granits-cereales-lait-et-noir-130g\/#breadcrumb","itemListElement":[{"@type":"ListItem","position":1,"name":"Accueil","item":"https:\/\/lessecretsduchocolat.com\/"},{"@type":"ListItem","position":2,"name":"Boutique en ligne","item":"https:\/\/lessecretsduchocolat.com\/magasin\/"},{"@type":"ListItem","position":3,"name":"LES GRANITS CEREALES LAIT ET NOIR 130G"}]},{"@type":"WebSite","@id":"https:\/\/lessecretsduchocolat.com\/#website","url":"https:\/\/lessecretsduchocolat.com\/","name":"Secrets de Chocolat","description":"","publisher":{"@id":"https:\/\/lessecretsduchocolat.com\/#organization"},"potentialAction":[{"@type":"SearchAction","target":{"@type":"EntryPoint","urlTemplate":"https:\/\/lessecretsduchocolat.com\/?s={search_term_string}"},"query-input":{"@type":"PropertyValueSpecification","valueRequired":true,"valueName":"search_term_string"}}],"inLanguage":"en-GB"},{"@type":"Organization","@id":"https:\/\/lessecretsduchocolat.com\/#organization","name":"Secrets de Chocolat","url":"https:\/\/lessecretsduchocolat.com\/","logo":{"@type":"ImageObject","inLanguage":"en-GB","@id":"https:\/\/lessecretsduchocolat.com\/#\/schema\/logo\/image\/","url":"https:\/\/lessecretsduchocolat.com\/wp-content\/uploads\/2025\/05\/logo.png","contentUrl":"https:\/\/lessecretsduchocolat.com\/wp-content\/uploads\/2025\/05\/logo.png","width":198,"height":85,"caption":"Secrets de Chocolat"},"image":{"@id":"https:\/\/lessecretsduchocolat.com\/#\/schema\/logo\/image\/"}}]}},"_links":{"self":[{"href":"https:\/\/lessecretsduchocolat.com\/en\/wp-json\/wp\/v2\/product\/1120","targetHints":{"allow":["GET"]}}],"collection":[{"href":"https:\/\/lessecretsduchocolat.com\/en\/wp-json\/wp\/v2\/product"}],"about":[{"href":"https:\/\/lessecretsduchocolat.com\/en\/wp-json\/wp\/v2\/types\/product"}],"version-history":[{"count":4,"href":"https:\/\/lessecretsduchocolat.com\/en\/wp-json\/wp\/v2\/product\/1120\/revisions"}],"predecessor-version":[{"id":4170,"href":"https:\/\/lessecretsduchocolat.com\/en\/wp-json\/wp\/v2\/product\/1120\/revisions\/4170"}],"wp:featuredmedia":[{"embeddable":true,"href":"https:\/\/lessecretsduchocolat.com\/en\/wp-json\/wp\/v2\/media\/948"}],"wp:attachment":[{"href":"https:\/\/lessecretsduchocolat.com\/en\/wp-json\/wp\/v2\/media?parent=1120"}],"wp:term":[{"taxonomy":"product_brand","embeddable":true,"href":"https:\/\/lessecretsduchocolat.com\/en\/wp-json\/wp\/v2\/product_brand?post=1120"},{"taxonomy":"product_cat","embeddable":true,"href":"https:\/\/lessecretsduchocolat.com\/en\/wp-json\/wp\/v2\/product_cat?post=1120"},{"taxonomy":"product_tag","embeddable":true,"href":"https:\/\/lessecretsduchocolat.com\/en\/wp-json\/wp\/v2\/product_tag?post=1120"}],"curies":[{"name":"wp","href":"https:\/\/api.w.org\/{rel}","templated":true}]}}