{"id":1118,"date":"2022-04-16T06:40:02","date_gmt":"2022-04-16T06:40:02","guid":{"rendered":"https:\/\/preprod.lessecretsduchocolat.com\/?product=les-noisettes-cacaotees-200g"},"modified":"2026-03-13T09:24:09","modified_gmt":"2026-03-13T08:24:09","slug":"cocoa-hazelnuts-200g","status":"publish","type":"product","link":"https:\/\/lessecretsduchocolat.com\/en\/produit\/les-noisettes-cacaotees-200g\/","title":{"rendered":"COCOA HAZELNUTS 200G"},"content":{"rendered":"<p data-start=\"310\" data-end=\"461\">The <strong data-start=\"314\" data-end=\"343\">cocoa-flavoured hazelnuts <\/strong>are an irresistible treat combining the richness of dried fruit with the melt-in-the-mouth sweetness of milk chocolate.<\/p>\n<p data-start=\"463\" data-end=\"650\">Each sweet is associated with a <strong data-start=\"489\" data-end=\"516\">whole hazelnut (37 %)<\/strong>crunchy and fragrant, coated with a generous layer of <strong data-start=\"575\" data-end=\"602\">milk chocolate (53 %)<\/strong>. The whole is delicately powdered with cocoa.<\/p>\n<p data-start=\"652\" data-end=\"810\">From the very first bite, the contrast is seductive: crunchy hazelnuts, creamy chocolate and intense cocoa. A balanced, addictive combination.<\/p>\n<p data-start=\"812\" data-end=\"974\">The <strong data-start=\"816\" data-end=\"839\">cocoa-flavoured hazelnuts<\/strong> are ideal with coffee, tea or dessert. They turn every break into a moment of refined pleasure.<\/p>\n<p data-start=\"976\" data-end=\"1120\">The bag <strong data-start=\"986\" data-end=\"995\">200 g<\/strong> offers the perfect format for sharing with family, friends or simply to indulge in a well-deserved moment of indulgence.<\/p>\n<p data-start=\"1122\" data-end=\"1276\">These sweets will appeal to milk chocolate lovers and dried fruit enthusiasts alike. A classic revisited in an elegant and generous version.<\/p>\n<p data-start=\"1278\" data-end=\"1463\">The <strong data-start=\"1282\" data-end=\"1322\">Milk chocolate-coated hazelnuts<\/strong> are also a great gift idea. Presented in an elegant sachet, they become a universally appreciated gourmet treat.<\/p>\n<p data-start=\"1465\" data-end=\"1614\">They are a reminder that gourmandise can sometimes be found in simplicity: a crunchy hazelnut, melting chocolate and fine cocoa powder.<\/p>\n<p data-start=\"1616\" data-end=\"1764\">Easy to take with you, you can enjoy them anywhere. At the office, on a trip or during a cocooning break, they're the perfect accompaniment to your day.<\/p>\n<p data-start=\"1766\" data-end=\"1887\">Offer or treat yourself to <strong data-start=\"1789\" data-end=\"1818\">cocoa-flavoured hazelnuts<\/strong>is to choose an authentic, gourmet and refined delicacy.<\/p>\n<p data-start=\"1889\" data-end=\"1941\">A timeless product that seduces with every bite.<\/p>","protected":false},"excerpt":{"rendered":"<p>Discover these caramelised hazelnuts sprinkled with cocoa. The sweetness of the cocoa and the crunchiness of the hazelnut combine perfectly for a delicious treat. Don't wait any longer! (\u20ac35.60\/kg)<\/p>","protected":false},"featured_media":944,"template":"","meta":{"_acf_changed":false,"site-sidebar-layout":"default","site-content-layout":"","ast-site-content-layout":"default","site-content-style":"default","site-sidebar-style":"default","ast-global-header-display":"","ast-banner-title-visibility":"","ast-main-header-display":"","ast-hfb-above-header-display":"","ast-hfb-below-header-display":"","ast-hfb-mobile-header-display":"","site-post-title":"","ast-breadcrumbs-content":"","ast-featured-img":"","footer-sml-layout":"","theme-transparent-header-meta":"default","adv-header-id-meta":"","stick-header-meta":"","header-above-stick-meta":"","header-main-stick-meta":"","header-below-stick-meta":"","astra-migrate-meta-layouts":"set","ast-page-background-enabled":"default","ast-page-background-meta":{"desktop":{"background-color":"var(--ast-global-color-4)","background-image":"","background-repeat":"repeat","background-position":"center center","background-size":"auto","background-attachment":"scroll","background-type":"","background-media":"","overlay-type":"","overlay-color":"","overlay-opacity":"","overlay-gradient":""},"tablet":{"background-color":"","background-image":"","background-repeat":"repeat","background-position":"center center","background-size":"auto","background-attachment":"scroll","background-type":"","background-media":"","overlay-type":"","overlay-color":"","overlay-opacity":"","overlay-gradient":""},"mobile":{"background-color":"","background-image":"","background-repeat":"repeat","background-position":"center center","background-size":"auto","background-attachment":"scroll","background-type":"","background-media":"","overlay-type":"","overlay-color":"","overlay-opacity":"","overlay-gradient":""}},"ast-content-background-meta":{"desktop":{"background-color":"var(--ast-global-color-5)","background-image":"","background-repeat":"repeat","background-position":"center center","background-size":"auto","background-attachment":"scroll","background-type":"","background-media":"","overlay-type":"","overlay-color":"","overlay-opacity":"","overlay-gradient":""},"tablet":{"background-color":"var(--ast-global-color-5)","background-image":"","background-repeat":"repeat","background-position":"center center","background-size":"auto","background-attachment":"scroll","background-type":"","background-media":"","overlay-type":"","overlay-color":"","overlay-opacity":"","overlay-gradient":""},"mobile":{"background-color":"var(--ast-global-color-5)","background-image":"","background-repeat":"repeat","background-position":"center center","background-size":"auto","background-attachment":"scroll","background-type":"","background-media":"","overlay-type":"","overlay-color":"","overlay-opacity":"","overlay-gradient":""}},"iawp_total_views":20},"product_brand":[],"product_cat":[108,204],"product_tag":[],"class_list":{"0":"post-1118","1":"product","2":"type-product","3":"status-publish","4":"has-post-thumbnail","6":"product_cat-gourmandises","7":"product_cat-tous-produits","8":"desktop-align-left","9":"tablet-align-left","10":"mobile-align-left","12":"first","13":"instock","14":"taxable","15":"shipping-taxable","16":"purchasable","17":"product-type-simple"},"acf":[],"yoast_head":"<!-- This site is optimized with the Yoast SEO plugin v27.4 - https:\/\/yoast.com\/product\/yoast-seo-wordpress\/ -->\n<title>LES NOISETTES CACAOTEES<\/title>\n<meta name=\"description\" content=\"Succombez aux Noisettes Cacaot\u00e9es (200g) ! Des bonbons de chocolat au lait (53%) enrobant de d\u00e9licieuses noisettes (37%), le tout d\u00e9licatement cacaot\u00e9.\" \/>\n<meta name=\"robots\" content=\"index, follow, max-snippet:-1, max-image-preview:large, max-video-preview:-1\" \/>\n<link rel=\"canonical\" href=\"https:\/\/lessecretsduchocolat.com\/en\/product\/cocoa-hazelnuts-200g\/\" \/>\n<meta property=\"og:locale\" content=\"en_GB\" \/>\n<meta property=\"og:type\" content=\"article\" \/>\n<meta property=\"og:title\" content=\"LES NOISETTES CACAOTEES\" \/>\n<meta property=\"og:description\" content=\"Succombez aux Noisettes Cacaot\u00e9es (200g) ! Des bonbons de chocolat au lait (53%) enrobant de d\u00e9licieuses noisettes (37%), le tout d\u00e9licatement cacaot\u00e9.\" \/>\n<meta property=\"og:url\" content=\"https:\/\/lessecretsduchocolat.com\/en\/product\/cocoa-hazelnuts-200g\/\" \/>\n<meta property=\"og:site_name\" content=\"Secrets de Chocolat\" \/>\n<meta property=\"article:modified_time\" content=\"2026-03-13T08:24:09+00:00\" \/>\n<meta property=\"og:image\" content=\"https:\/\/lessecretsduchocolat.com\/wp-content\/uploads\/2025\/05\/1292.jpg\" \/>\n\t<meta property=\"og:image:width\" content=\"500\" \/>\n\t<meta property=\"og:image:height\" content=\"500\" \/>\n\t<meta property=\"og:image:type\" content=\"image\/jpeg\" \/>\n<meta name=\"twitter:card\" content=\"summary_large_image\" \/>\n<meta name=\"twitter:label1\" content=\"Estimated reading time\" \/>\n\t<meta name=\"twitter:data1\" content=\"2 minutes\" \/>\n<script type=\"application\/ld+json\" class=\"yoast-schema-graph\">{\"@context\":\"https:\\\/\\\/schema.org\",\"@graph\":[{\"@type\":\"WebPage\",\"@id\":\"https:\\\/\\\/lessecretsduchocolat.com\\\/produit\\\/les-noisettes-cacaotees-200g\\\/\",\"url\":\"https:\\\/\\\/lessecretsduchocolat.com\\\/produit\\\/les-noisettes-cacaotees-200g\\\/\",\"name\":\"LES NOISETTES CACAOTEES\",\"isPartOf\":{\"@id\":\"https:\\\/\\\/lessecretsduchocolat.com\\\/#website\"},\"primaryImageOfPage\":{\"@id\":\"https:\\\/\\\/lessecretsduchocolat.com\\\/produit\\\/les-noisettes-cacaotees-200g\\\/#primaryimage\"},\"image\":{\"@id\":\"https:\\\/\\\/lessecretsduchocolat.com\\\/produit\\\/les-noisettes-cacaotees-200g\\\/#primaryimage\"},\"thumbnailUrl\":\"https:\\\/\\\/lessecretsduchocolat.com\\\/wp-content\\\/uploads\\\/2025\\\/05\\\/1292.jpg\",\"datePublished\":\"2022-04-16T06:40:02+00:00\",\"dateModified\":\"2026-03-13T08:24:09+00:00\",\"description\":\"Succombez aux Noisettes Cacaot\u00e9es (200g) ! Des bonbons de chocolat au lait (53%) enrobant de d\u00e9licieuses noisettes (37%), le tout d\u00e9licatement cacaot\u00e9.\",\"breadcrumb\":{\"@id\":\"https:\\\/\\\/lessecretsduchocolat.com\\\/produit\\\/les-noisettes-cacaotees-200g\\\/#breadcrumb\"},\"inLanguage\":\"en-GB\",\"potentialAction\":[{\"@type\":\"ReadAction\",\"target\":[\"https:\\\/\\\/lessecretsduchocolat.com\\\/produit\\\/les-noisettes-cacaotees-200g\\\/\"]}]},{\"@type\":\"ImageObject\",\"inLanguage\":\"en-GB\",\"@id\":\"https:\\\/\\\/lessecretsduchocolat.com\\\/produit\\\/les-noisettes-cacaotees-200g\\\/#primaryimage\",\"url\":\"https:\\\/\\\/lessecretsduchocolat.com\\\/wp-content\\\/uploads\\\/2025\\\/05\\\/1292.jpg\",\"contentUrl\":\"https:\\\/\\\/lessecretsduchocolat.com\\\/wp-content\\\/uploads\\\/2025\\\/05\\\/1292.jpg\",\"width\":500,\"height\":500,\"caption\":\"Photo noisettes cacaot\u00e9es\"},{\"@type\":\"BreadcrumbList\",\"@id\":\"https:\\\/\\\/lessecretsduchocolat.com\\\/produit\\\/les-noisettes-cacaotees-200g\\\/#breadcrumb\",\"itemListElement\":[{\"@type\":\"ListItem\",\"position\":1,\"name\":\"Accueil\",\"item\":\"https:\\\/\\\/lessecretsduchocolat.com\\\/\"},{\"@type\":\"ListItem\",\"position\":2,\"name\":\"Boutique en ligne\",\"item\":\"https:\\\/\\\/lessecretsduchocolat.com\\\/magasin\\\/\"},{\"@type\":\"ListItem\",\"position\":3,\"name\":\"LES NOISETTES CACAOTEES 200G\"}]},{\"@type\":\"WebSite\",\"@id\":\"https:\\\/\\\/lessecretsduchocolat.com\\\/#website\",\"url\":\"https:\\\/\\\/lessecretsduchocolat.com\\\/\",\"name\":\"Secrets de Chocolat\",\"description\":\"\",\"publisher\":{\"@id\":\"https:\\\/\\\/lessecretsduchocolat.com\\\/#organization\"},\"potentialAction\":[{\"@type\":\"SearchAction\",\"target\":{\"@type\":\"EntryPoint\",\"urlTemplate\":\"https:\\\/\\\/lessecretsduchocolat.com\\\/?s={search_term_string}\"},\"query-input\":{\"@type\":\"PropertyValueSpecification\",\"valueRequired\":true,\"valueName\":\"search_term_string\"}}],\"inLanguage\":\"en-GB\"},{\"@type\":\"Organization\",\"@id\":\"https:\\\/\\\/lessecretsduchocolat.com\\\/#organization\",\"name\":\"Secrets de Chocolat\",\"url\":\"https:\\\/\\\/lessecretsduchocolat.com\\\/\",\"logo\":{\"@type\":\"ImageObject\",\"inLanguage\":\"en-GB\",\"@id\":\"https:\\\/\\\/lessecretsduchocolat.com\\\/#\\\/schema\\\/logo\\\/image\\\/\",\"url\":\"https:\\\/\\\/lessecretsduchocolat.com\\\/wp-content\\\/uploads\\\/2025\\\/05\\\/logo.png\",\"contentUrl\":\"https:\\\/\\\/lessecretsduchocolat.com\\\/wp-content\\\/uploads\\\/2025\\\/05\\\/logo.png\",\"width\":198,\"height\":85,\"caption\":\"Secrets de Chocolat\"},\"image\":{\"@id\":\"https:\\\/\\\/lessecretsduchocolat.com\\\/#\\\/schema\\\/logo\\\/image\\\/\"}}]}<\/script>\n<!-- \/ Yoast SEO plugin. -->","yoast_head_json":{"title":"COCOA NUTS","description":"Treat yourself to Cocoa Nuts (200g)! Milk chocolate bonbons (53%) coated with delicious hazelnuts (37%), all delicately cocoa-flavoured.","robots":{"index":"index","follow":"follow","max-snippet":"max-snippet:-1","max-image-preview":"max-image-preview:large","max-video-preview":"max-video-preview:-1"},"canonical":"https:\/\/lessecretsduchocolat.com\/en\/product\/cocoa-hazelnuts-200g\/","og_locale":"en_GB","og_type":"article","og_title":"LES NOISETTES CACAOTEES","og_description":"Succombez aux Noisettes Cacaot\u00e9es (200g) ! Des bonbons de chocolat au lait (53%) enrobant de d\u00e9licieuses noisettes (37%), le tout d\u00e9licatement cacaot\u00e9.","og_url":"https:\/\/lessecretsduchocolat.com\/en\/product\/cocoa-hazelnuts-200g\/","og_site_name":"Secrets de Chocolat","article_modified_time":"2026-03-13T08:24:09+00:00","og_image":[{"width":500,"height":500,"url":"https:\/\/lessecretsduchocolat.com\/wp-content\/uploads\/2025\/05\/1292.jpg","type":"image\/jpeg"}],"twitter_card":"summary_large_image","twitter_misc":{"Estimated reading time":"2 minutes"},"schema":{"@context":"https:\/\/schema.org","@graph":[{"@type":"WebPage","@id":"https:\/\/lessecretsduchocolat.com\/produit\/les-noisettes-cacaotees-200g\/","url":"https:\/\/lessecretsduchocolat.com\/produit\/les-noisettes-cacaotees-200g\/","name":"COCOA NUTS","isPartOf":{"@id":"https:\/\/lessecretsduchocolat.com\/#website"},"primaryImageOfPage":{"@id":"https:\/\/lessecretsduchocolat.com\/produit\/les-noisettes-cacaotees-200g\/#primaryimage"},"image":{"@id":"https:\/\/lessecretsduchocolat.com\/produit\/les-noisettes-cacaotees-200g\/#primaryimage"},"thumbnailUrl":"https:\/\/lessecretsduchocolat.com\/wp-content\/uploads\/2025\/05\/1292.jpg","datePublished":"2022-04-16T06:40:02+00:00","dateModified":"2026-03-13T08:24:09+00:00","description":"Treat yourself to Cocoa Nuts (200g)! Milk chocolate bonbons (53%) coated with delicious hazelnuts (37%), all delicately cocoa-flavoured.","breadcrumb":{"@id":"https:\/\/lessecretsduchocolat.com\/produit\/les-noisettes-cacaotees-200g\/#breadcrumb"},"inLanguage":"en-GB","potentialAction":[{"@type":"ReadAction","target":["https:\/\/lessecretsduchocolat.com\/produit\/les-noisettes-cacaotees-200g\/"]}]},{"@type":"ImageObject","inLanguage":"en-GB","@id":"https:\/\/lessecretsduchocolat.com\/produit\/les-noisettes-cacaotees-200g\/#primaryimage","url":"https:\/\/lessecretsduchocolat.com\/wp-content\/uploads\/2025\/05\/1292.jpg","contentUrl":"https:\/\/lessecretsduchocolat.com\/wp-content\/uploads\/2025\/05\/1292.jpg","width":500,"height":500,"caption":"Photo noisettes cacaot\u00e9es"},{"@type":"BreadcrumbList","@id":"https:\/\/lessecretsduchocolat.com\/produit\/les-noisettes-cacaotees-200g\/#breadcrumb","itemListElement":[{"@type":"ListItem","position":1,"name":"Accueil","item":"https:\/\/lessecretsduchocolat.com\/"},{"@type":"ListItem","position":2,"name":"Boutique en ligne","item":"https:\/\/lessecretsduchocolat.com\/magasin\/"},{"@type":"ListItem","position":3,"name":"LES NOISETTES CACAOTEES 200G"}]},{"@type":"WebSite","@id":"https:\/\/lessecretsduchocolat.com\/#website","url":"https:\/\/lessecretsduchocolat.com\/","name":"Secrets de Chocolat","description":"","publisher":{"@id":"https:\/\/lessecretsduchocolat.com\/#organization"},"potentialAction":[{"@type":"SearchAction","target":{"@type":"EntryPoint","urlTemplate":"https:\/\/lessecretsduchocolat.com\/?s={search_term_string}"},"query-input":{"@type":"PropertyValueSpecification","valueRequired":true,"valueName":"search_term_string"}}],"inLanguage":"en-GB"},{"@type":"Organization","@id":"https:\/\/lessecretsduchocolat.com\/#organization","name":"Secrets de Chocolat","url":"https:\/\/lessecretsduchocolat.com\/","logo":{"@type":"ImageObject","inLanguage":"en-GB","@id":"https:\/\/lessecretsduchocolat.com\/#\/schema\/logo\/image\/","url":"https:\/\/lessecretsduchocolat.com\/wp-content\/uploads\/2025\/05\/logo.png","contentUrl":"https:\/\/lessecretsduchocolat.com\/wp-content\/uploads\/2025\/05\/logo.png","width":198,"height":85,"caption":"Secrets de Chocolat"},"image":{"@id":"https:\/\/lessecretsduchocolat.com\/#\/schema\/logo\/image\/"}}]}},"_links":{"self":[{"href":"https:\/\/lessecretsduchocolat.com\/en\/wp-json\/wp\/v2\/product\/1118","targetHints":{"allow":["GET"]}}],"collection":[{"href":"https:\/\/lessecretsduchocolat.com\/en\/wp-json\/wp\/v2\/product"}],"about":[{"href":"https:\/\/lessecretsduchocolat.com\/en\/wp-json\/wp\/v2\/types\/product"}],"version-history":[{"count":4,"href":"https:\/\/lessecretsduchocolat.com\/en\/wp-json\/wp\/v2\/product\/1118\/revisions"}],"predecessor-version":[{"id":4172,"href":"https:\/\/lessecretsduchocolat.com\/en\/wp-json\/wp\/v2\/product\/1118\/revisions\/4172"}],"wp:featuredmedia":[{"embeddable":true,"href":"https:\/\/lessecretsduchocolat.com\/en\/wp-json\/wp\/v2\/media\/944"}],"wp:attachment":[{"href":"https:\/\/lessecretsduchocolat.com\/en\/wp-json\/wp\/v2\/media?parent=1118"}],"wp:term":[{"taxonomy":"product_brand","embeddable":true,"href":"https:\/\/lessecretsduchocolat.com\/en\/wp-json\/wp\/v2\/product_brand?post=1118"},{"taxonomy":"product_cat","embeddable":true,"href":"https:\/\/lessecretsduchocolat.com\/en\/wp-json\/wp\/v2\/product_cat?post=1118"},{"taxonomy":"product_tag","embeddable":true,"href":"https:\/\/lessecretsduchocolat.com\/en\/wp-json\/wp\/v2\/product_tag?post=1118"}],"curies":[{"name":"wp","href":"https:\/\/api.w.org\/{rel}","templated":true}]}}