{"id":1117,"date":"2022-04-16T06:40:02","date_gmt":"2022-04-16T06:40:02","guid":{"rendered":"https:\/\/preprod.lessecretsduchocolat.com\/?product=sucette-smiley-chocolat-lait"},"modified":"2026-03-17T11:29:17","modified_gmt":"2026-03-17T10:29:17","slug":"smiley-milk-chocolate-lollipop","status":"publish","type":"product","link":"https:\/\/lessecretsduchocolat.com\/en\/produit\/sucette-smiley-chocolat-lait\/","title":{"rendered":"Smiley lollipop - Milk chocolate"},"content":{"rendered":"<p data-start=\"311\" data-end=\"472\">La <strong>Smiley milk chocolate lollipop<\/strong> is much more than just a sweet treat: it's a concentrate of good humour and sweetness, to be savoured in every bite. Its pure cocoa butter milk chocolate coating gives it a melt-in-the-mouth texture and a delicately sweet taste that appeals to young and old alike. With its amusing smiley face design, it brings a touch of sweetness to every bite. <strong>a fun and cheerful touch to all your gourmet breaks<\/strong>. A treat that puts a smile on your face.<\/p>\n<p data-start=\"1118\" data-end=\"1256\">Children will love the fun of it, and adults will love its regressive taste, reminiscent of the chocolate pleasures of childhood. Its individual format is practical and easy to take with you. Slip it into a bag and it's ready to go! <strong>the ideal companion for an impromptu snack<\/strong>. Each bite reveals a smooth, creamy milk chocolate, crafted to offer a perfect balance between melt-in-the-mouth chocolate and cocoa flavour.<\/p>\n<p data-start=\"1539\" data-end=\"1698\">When you give a Smiley milk chocolate lollipop, you're giving a simple moment of happiness, a universal gesture that leaves no one indifferent. A playful, delicious and reassuring chocolate that can be adapted to any occasion and gives instant pleasure.<\/p>","protected":false},"excerpt":{"rendered":"<p>Go for the <strong>Smiley milk chocolate lollipop<\/strong> a <a href=\"https:\/\/lessecretsduchocolat.com\/en\/product-category\/bouchees-gourmandes\/\"><strong>gourmandise<\/strong><\/a> A playful, melt-in-your-mouth treat for young and old alike.<\/p>\n<p>This lollipop can be enjoyed anywhere: as a snack, after school, on a birthday or just for a sweet, comforting moment. The Smiley milk chocolate lollipop is also an excellent gift idea. You can give it as a little gourmet gift for a special occasion. <strong>guaranteed to please<\/strong>.<\/p>\n<p>180.00\/kg<\/p>","protected":false},"featured_media":4916,"template":"","meta":{"_acf_changed":false,"site-sidebar-layout":"default","site-content-layout":"","ast-site-content-layout":"default","site-content-style":"default","site-sidebar-style":"default","ast-global-header-display":"","ast-banner-title-visibility":"","ast-main-header-display":"","ast-hfb-above-header-display":"","ast-hfb-below-header-display":"","ast-hfb-mobile-header-display":"","site-post-title":"","ast-breadcrumbs-content":"","ast-featured-img":"","footer-sml-layout":"","theme-transparent-header-meta":"default","adv-header-id-meta":"","stick-header-meta":"","header-above-stick-meta":"","header-main-stick-meta":"","header-below-stick-meta":"","astra-migrate-meta-layouts":"set","ast-page-background-enabled":"default","ast-page-background-meta":{"desktop":{"background-color":"var(--ast-global-color-4)","background-image":"","background-repeat":"repeat","background-position":"center center","background-size":"auto","background-attachment":"scroll","background-type":"","background-media":"","overlay-type":"","overlay-color":"","overlay-opacity":"","overlay-gradient":""},"tablet":{"background-color":"","background-image":"","background-repeat":"repeat","background-position":"center center","background-size":"auto","background-attachment":"scroll","background-type":"","background-media":"","overlay-type":"","overlay-color":"","overlay-opacity":"","overlay-gradient":""},"mobile":{"background-color":"","background-image":"","background-repeat":"repeat","background-position":"center center","background-size":"auto","background-attachment":"scroll","background-type":"","background-media":"","overlay-type":"","overlay-color":"","overlay-opacity":"","overlay-gradient":""}},"ast-content-background-meta":{"desktop":{"background-color":"var(--ast-global-color-5)","background-image":"","background-repeat":"repeat","background-position":"center center","background-size":"auto","background-attachment":"scroll","background-type":"","background-media":"","overlay-type":"","overlay-color":"","overlay-opacity":"","overlay-gradient":""},"tablet":{"background-color":"var(--ast-global-color-5)","background-image":"","background-repeat":"repeat","background-position":"center center","background-size":"auto","background-attachment":"scroll","background-type":"","background-media":"","overlay-type":"","overlay-color":"","overlay-opacity":"","overlay-gradient":""},"mobile":{"background-color":"var(--ast-global-color-5)","background-image":"","background-repeat":"repeat","background-position":"center center","background-size":"auto","background-attachment":"scroll","background-type":"","background-media":"","overlay-type":"","overlay-color":"","overlay-opacity":"","overlay-gradient":""}},"iawp_total_views":15},"product_brand":[],"product_cat":[121,204],"product_tag":[],"class_list":{"0":"post-1117","1":"product","2":"type-product","3":"status-publish","4":"has-post-thumbnail","6":"product_cat-bouchees-gourmandes","7":"product_cat-tous-produits","8":"desktop-align-left","9":"tablet-align-left","10":"mobile-align-left","12":"first","13":"instock","14":"taxable","15":"shipping-taxable","16":"purchasable","17":"product-type-simple"},"acf":[],"yoast_head":"<!-- This site is optimized with the Yoast SEO plugin v27.4 - https:\/\/yoast.com\/product\/yoast-seo-wordpress\/ -->\n<title>Sucette Smiley (c\u0153ur, MDR, etc.) | Chocolat au lait 100% maison<\/title>\n<meta name=\"description\" content=\"Craquez pour notre sucette Smiley en chocolat au lait, joliment d\u00e9cor\u00e9e. Un d\u00e9lice ludique et gourmand pour petits et grands !\" \/>\n<meta name=\"robots\" content=\"index, follow, max-snippet:-1, max-image-preview:large, max-video-preview:-1\" \/>\n<link rel=\"canonical\" href=\"https:\/\/lessecretsduchocolat.com\/en\/product\/smiley-milk-chocolate-lollipop\/\" \/>\n<meta property=\"og:locale\" content=\"en_GB\" \/>\n<meta property=\"og:type\" content=\"article\" \/>\n<meta property=\"og:title\" content=\"Sucette Smiley (c\u0153ur, MDR, etc.) | Chocolat au lait 100% maison\" \/>\n<meta property=\"og:description\" content=\"Craquez pour notre sucette Smiley en chocolat au lait, joliment d\u00e9cor\u00e9e. Un d\u00e9lice ludique et gourmand pour petits et grands !\" \/>\n<meta property=\"og:url\" content=\"https:\/\/lessecretsduchocolat.com\/en\/product\/smiley-milk-chocolate-lollipop\/\" \/>\n<meta property=\"og:site_name\" content=\"Secrets de Chocolat\" \/>\n<meta property=\"article:modified_time\" content=\"2026-03-17T10:29:17+00:00\" \/>\n<meta property=\"og:image\" content=\"https:\/\/lessecretsduchocolat.com\/wp-content\/uploads\/2022\/04\/935088-sucette-smiley-coeur.jpg\" \/>\n\t<meta property=\"og:image:width\" content=\"1000\" \/>\n\t<meta property=\"og:image:height\" content=\"1000\" \/>\n\t<meta property=\"og:image:type\" content=\"image\/jpeg\" \/>\n<meta name=\"twitter:card\" content=\"summary_large_image\" \/>\n<meta name=\"twitter:label1\" content=\"Estimated reading time\" \/>\n\t<meta name=\"twitter:data1\" content=\"2 minutes\" \/>\n<script type=\"application\/ld+json\" class=\"yoast-schema-graph\">{\"@context\":\"https:\\\/\\\/schema.org\",\"@graph\":[{\"@type\":\"WebPage\",\"@id\":\"https:\\\/\\\/lessecretsduchocolat.com\\\/produit\\\/sucette-smiley-chocolat-lait\\\/\",\"url\":\"https:\\\/\\\/lessecretsduchocolat.com\\\/produit\\\/sucette-smiley-chocolat-lait\\\/\",\"name\":\"Sucette Smiley (c\u0153ur, MDR, etc.) | Chocolat au lait 100% maison\",\"isPartOf\":{\"@id\":\"https:\\\/\\\/lessecretsduchocolat.com\\\/#website\"},\"primaryImageOfPage\":{\"@id\":\"https:\\\/\\\/lessecretsduchocolat.com\\\/produit\\\/sucette-smiley-chocolat-lait\\\/#primaryimage\"},\"image\":{\"@id\":\"https:\\\/\\\/lessecretsduchocolat.com\\\/produit\\\/sucette-smiley-chocolat-lait\\\/#primaryimage\"},\"thumbnailUrl\":\"https:\\\/\\\/lessecretsduchocolat.com\\\/wp-content\\\/uploads\\\/2022\\\/04\\\/935088-sucette-smiley-coeur.jpg\",\"datePublished\":\"2022-04-16T06:40:02+00:00\",\"dateModified\":\"2026-03-17T10:29:17+00:00\",\"description\":\"Craquez pour notre sucette Smiley en chocolat au lait, joliment d\u00e9cor\u00e9e. Un d\u00e9lice ludique et gourmand pour petits et grands !\",\"breadcrumb\":{\"@id\":\"https:\\\/\\\/lessecretsduchocolat.com\\\/produit\\\/sucette-smiley-chocolat-lait\\\/#breadcrumb\"},\"inLanguage\":\"en-GB\",\"potentialAction\":[{\"@type\":\"ReadAction\",\"target\":[\"https:\\\/\\\/lessecretsduchocolat.com\\\/produit\\\/sucette-smiley-chocolat-lait\\\/\"]}]},{\"@type\":\"ImageObject\",\"inLanguage\":\"en-GB\",\"@id\":\"https:\\\/\\\/lessecretsduchocolat.com\\\/produit\\\/sucette-smiley-chocolat-lait\\\/#primaryimage\",\"url\":\"https:\\\/\\\/lessecretsduchocolat.com\\\/wp-content\\\/uploads\\\/2022\\\/04\\\/935088-sucette-smiley-coeur.jpg\",\"contentUrl\":\"https:\\\/\\\/lessecretsduchocolat.com\\\/wp-content\\\/uploads\\\/2022\\\/04\\\/935088-sucette-smiley-coeur.jpg\",\"width\":1000,\"height\":1000,\"caption\":\"sucette smiley coeur chocolat lait\"},{\"@type\":\"BreadcrumbList\",\"@id\":\"https:\\\/\\\/lessecretsduchocolat.com\\\/produit\\\/sucette-smiley-chocolat-lait\\\/#breadcrumb\",\"itemListElement\":[{\"@type\":\"ListItem\",\"position\":1,\"name\":\"Accueil\",\"item\":\"https:\\\/\\\/lessecretsduchocolat.com\\\/\"},{\"@type\":\"ListItem\",\"position\":2,\"name\":\"Boutique en ligne\",\"item\":\"https:\\\/\\\/lessecretsduchocolat.com\\\/magasin\\\/\"},{\"@type\":\"ListItem\",\"position\":3,\"name\":\"Sucette Smiley &#8211; Chocolat au lait\"}]},{\"@type\":\"WebSite\",\"@id\":\"https:\\\/\\\/lessecretsduchocolat.com\\\/#website\",\"url\":\"https:\\\/\\\/lessecretsduchocolat.com\\\/\",\"name\":\"Secrets de Chocolat\",\"description\":\"\",\"publisher\":{\"@id\":\"https:\\\/\\\/lessecretsduchocolat.com\\\/#organization\"},\"potentialAction\":[{\"@type\":\"SearchAction\",\"target\":{\"@type\":\"EntryPoint\",\"urlTemplate\":\"https:\\\/\\\/lessecretsduchocolat.com\\\/?s={search_term_string}\"},\"query-input\":{\"@type\":\"PropertyValueSpecification\",\"valueRequired\":true,\"valueName\":\"search_term_string\"}}],\"inLanguage\":\"en-GB\"},{\"@type\":\"Organization\",\"@id\":\"https:\\\/\\\/lessecretsduchocolat.com\\\/#organization\",\"name\":\"Secrets de Chocolat\",\"url\":\"https:\\\/\\\/lessecretsduchocolat.com\\\/\",\"logo\":{\"@type\":\"ImageObject\",\"inLanguage\":\"en-GB\",\"@id\":\"https:\\\/\\\/lessecretsduchocolat.com\\\/#\\\/schema\\\/logo\\\/image\\\/\",\"url\":\"https:\\\/\\\/lessecretsduchocolat.com\\\/wp-content\\\/uploads\\\/2025\\\/05\\\/logo.png\",\"contentUrl\":\"https:\\\/\\\/lessecretsduchocolat.com\\\/wp-content\\\/uploads\\\/2025\\\/05\\\/logo.png\",\"width\":198,\"height\":85,\"caption\":\"Secrets de Chocolat\"},\"image\":{\"@id\":\"https:\\\/\\\/lessecretsduchocolat.com\\\/#\\\/schema\\\/logo\\\/image\\\/\"}}]}<\/script>\n<!-- \/ Yoast SEO plugin. -->","yoast_head_json":{"title":"Smiley soother (heart, MDR, etc.) | Home-made 100% milk chocolate","description":"Fall for our beautifully decorated Smiley milk chocolate lollipop. A fun and delicious treat for young and old!","robots":{"index":"index","follow":"follow","max-snippet":"max-snippet:-1","max-image-preview":"max-image-preview:large","max-video-preview":"max-video-preview:-1"},"canonical":"https:\/\/lessecretsduchocolat.com\/en\/product\/smiley-milk-chocolate-lollipop\/","og_locale":"en_GB","og_type":"article","og_title":"Sucette Smiley (c\u0153ur, MDR, etc.) | Chocolat au lait 100% maison","og_description":"Craquez pour notre sucette Smiley en chocolat au lait, joliment d\u00e9cor\u00e9e. Un d\u00e9lice ludique et gourmand pour petits et grands !","og_url":"https:\/\/lessecretsduchocolat.com\/en\/product\/smiley-milk-chocolate-lollipop\/","og_site_name":"Secrets de Chocolat","article_modified_time":"2026-03-17T10:29:17+00:00","og_image":[{"width":1000,"height":1000,"url":"https:\/\/lessecretsduchocolat.com\/wp-content\/uploads\/2022\/04\/935088-sucette-smiley-coeur.jpg","type":"image\/jpeg"}],"twitter_card":"summary_large_image","twitter_misc":{"Estimated reading time":"2 minutes"},"schema":{"@context":"https:\/\/schema.org","@graph":[{"@type":"WebPage","@id":"https:\/\/lessecretsduchocolat.com\/produit\/sucette-smiley-chocolat-lait\/","url":"https:\/\/lessecretsduchocolat.com\/produit\/sucette-smiley-chocolat-lait\/","name":"Smiley soother (heart, MDR, etc.) | Home-made 100% milk chocolate","isPartOf":{"@id":"https:\/\/lessecretsduchocolat.com\/#website"},"primaryImageOfPage":{"@id":"https:\/\/lessecretsduchocolat.com\/produit\/sucette-smiley-chocolat-lait\/#primaryimage"},"image":{"@id":"https:\/\/lessecretsduchocolat.com\/produit\/sucette-smiley-chocolat-lait\/#primaryimage"},"thumbnailUrl":"https:\/\/lessecretsduchocolat.com\/wp-content\/uploads\/2022\/04\/935088-sucette-smiley-coeur.jpg","datePublished":"2022-04-16T06:40:02+00:00","dateModified":"2026-03-17T10:29:17+00:00","description":"Fall for our beautifully decorated Smiley milk chocolate lollipop. A fun and delicious treat for young and old!","breadcrumb":{"@id":"https:\/\/lessecretsduchocolat.com\/produit\/sucette-smiley-chocolat-lait\/#breadcrumb"},"inLanguage":"en-GB","potentialAction":[{"@type":"ReadAction","target":["https:\/\/lessecretsduchocolat.com\/produit\/sucette-smiley-chocolat-lait\/"]}]},{"@type":"ImageObject","inLanguage":"en-GB","@id":"https:\/\/lessecretsduchocolat.com\/produit\/sucette-smiley-chocolat-lait\/#primaryimage","url":"https:\/\/lessecretsduchocolat.com\/wp-content\/uploads\/2022\/04\/935088-sucette-smiley-coeur.jpg","contentUrl":"https:\/\/lessecretsduchocolat.com\/wp-content\/uploads\/2022\/04\/935088-sucette-smiley-coeur.jpg","width":1000,"height":1000,"caption":"sucette smiley coeur chocolat lait"},{"@type":"BreadcrumbList","@id":"https:\/\/lessecretsduchocolat.com\/produit\/sucette-smiley-chocolat-lait\/#breadcrumb","itemListElement":[{"@type":"ListItem","position":1,"name":"Accueil","item":"https:\/\/lessecretsduchocolat.com\/"},{"@type":"ListItem","position":2,"name":"Boutique en ligne","item":"https:\/\/lessecretsduchocolat.com\/magasin\/"},{"@type":"ListItem","position":3,"name":"Sucette Smiley &#8211; Chocolat au lait"}]},{"@type":"WebSite","@id":"https:\/\/lessecretsduchocolat.com\/#website","url":"https:\/\/lessecretsduchocolat.com\/","name":"Secrets de Chocolat","description":"","publisher":{"@id":"https:\/\/lessecretsduchocolat.com\/#organization"},"potentialAction":[{"@type":"SearchAction","target":{"@type":"EntryPoint","urlTemplate":"https:\/\/lessecretsduchocolat.com\/?s={search_term_string}"},"query-input":{"@type":"PropertyValueSpecification","valueRequired":true,"valueName":"search_term_string"}}],"inLanguage":"en-GB"},{"@type":"Organization","@id":"https:\/\/lessecretsduchocolat.com\/#organization","name":"Secrets de Chocolat","url":"https:\/\/lessecretsduchocolat.com\/","logo":{"@type":"ImageObject","inLanguage":"en-GB","@id":"https:\/\/lessecretsduchocolat.com\/#\/schema\/logo\/image\/","url":"https:\/\/lessecretsduchocolat.com\/wp-content\/uploads\/2025\/05\/logo.png","contentUrl":"https:\/\/lessecretsduchocolat.com\/wp-content\/uploads\/2025\/05\/logo.png","width":198,"height":85,"caption":"Secrets de Chocolat"},"image":{"@id":"https:\/\/lessecretsduchocolat.com\/#\/schema\/logo\/image\/"}}]}},"_links":{"self":[{"href":"https:\/\/lessecretsduchocolat.com\/en\/wp-json\/wp\/v2\/product\/1117","targetHints":{"allow":["GET"]}}],"collection":[{"href":"https:\/\/lessecretsduchocolat.com\/en\/wp-json\/wp\/v2\/product"}],"about":[{"href":"https:\/\/lessecretsduchocolat.com\/en\/wp-json\/wp\/v2\/types\/product"}],"version-history":[{"count":8,"href":"https:\/\/lessecretsduchocolat.com\/en\/wp-json\/wp\/v2\/product\/1117\/revisions"}],"predecessor-version":[{"id":4917,"href":"https:\/\/lessecretsduchocolat.com\/en\/wp-json\/wp\/v2\/product\/1117\/revisions\/4917"}],"wp:featuredmedia":[{"embeddable":true,"href":"https:\/\/lessecretsduchocolat.com\/en\/wp-json\/wp\/v2\/media\/4916"}],"wp:attachment":[{"href":"https:\/\/lessecretsduchocolat.com\/en\/wp-json\/wp\/v2\/media?parent=1117"}],"wp:term":[{"taxonomy":"product_brand","embeddable":true,"href":"https:\/\/lessecretsduchocolat.com\/en\/wp-json\/wp\/v2\/product_brand?post=1117"},{"taxonomy":"product_cat","embeddable":true,"href":"https:\/\/lessecretsduchocolat.com\/en\/wp-json\/wp\/v2\/product_cat?post=1117"},{"taxonomy":"product_tag","embeddable":true,"href":"https:\/\/lessecretsduchocolat.com\/en\/wp-json\/wp\/v2\/product_tag?post=1117"}],"curies":[{"name":"wp","href":"https:\/\/api.w.org\/{rel}","templated":true}]}}