{"id":1106,"date":"2021-09-17T06:40:05","date_gmt":"2021-09-17T06:40:05","guid":{"rendered":"https:\/\/preprod.lessecretsduchocolat.com\/?product=japan-lime-80g"},"modified":"2026-03-13T09:23:03","modified_gmt":"2026-03-13T08:23:03","slug":"japan-lime-80g","status":"publish","type":"product","link":"https:\/\/lessecretsduchocolat.com\/en\/produit\/japan-lime-80g\/","title":{"rendered":"JAPAN LIME 80G"},"content":{"rendered":"<p data-start=\"182\" data-end=\"256\"><span class=\"relative -mx-px my-[-0.2rem] rounded px-px py-[0.2rem] transition-colors duration-100 ease-in-out\">Le <strong data-start=\"3\" data-end=\"26\">th\u00e9 vert Japan Lime<\/strong> est un m\u00e9lange vibrant et \u00e9quilibr\u00e9, qui \u00e9voque les lueurs d\u2019un matin citronn\u00e9 au Japon.<\/span><\/p>\n<p data-start=\"258\" data-end=\"332\"><span class=\"relative -mx-px my-[-0.2rem] rounded px-px py-[0.2rem] transition-colors duration-100 ease-in-out\">Sa tasse s\u2019illumine d\u2019une couleur <strong data-start=\"34\" data-end=\"58\">jaune d\u2019or brillante<\/strong>, promettant une d\u00e9gustation d\u00e9licate et harmonieuse.<\/span><\/p>\n<p data-start=\"334\" data-end=\"408\"><span class=\"relative -mx-px my-[-0.2rem] rounded px-px py-[0.2rem] transition-colors duration-100 ease-in-out\">Compos\u00e9 de <strong data-start=\"11\" data-end=\"23\">th\u00e9 vert<\/strong>, d\u2019<strong data-start=\"27\" data-end=\"54\">\u00e9corces de citron (6\u202f%)<\/strong>, d\u2019<strong data-start=\"58\" data-end=\"76\">ar\u00f4mes subtils<\/strong> et de <strong data-start=\"83\" data-end=\"103\">p\u00e9tales de souci<\/strong>, il offre une palette v\u00e9g\u00e9tale et fruit\u00e9e raffin\u00e9e.<\/span><\/p>\n<p data-start=\"410\" data-end=\"484\"><span class=\"relative -mx-px my-[-0.2rem] rounded px-px py-[0.2rem] transition-colors duration-100 ease-in-out\">\u00c0 la d\u00e9gustation, les <strong data-start=\"22\" data-end=\"42\">notes citronn\u00e9es<\/strong> enveloppent doucement les accents v\u00e9g\u00e9taux du th\u00e9 vert, cr\u00e9ant une harmonie \u00e0 la fois tonique et enveloppante.<\/span><\/p>\n<p data-start=\"486\" data-end=\"564\"><span class=\"relative -mx-px my-[-0.2rem] rounded px-px py-[0.2rem] transition-colors duration-100 ease-in-out\">Frais et lumineux, ce m\u00e9lange est agr\u00e9able \u00e0 tout moment de la journ\u00e9e, aussi savoureux <strong data-start=\"88\" data-end=\"107\">chaud que glac\u00e9<\/strong>.<\/span><\/p>\n<p data-start=\"566\" data-end=\"644\"><span class=\"relative -mx-px my-[-0.2rem] rounded px-px py-[0.2rem] transition-colors duration-100 ease-in-out\">Conseil de pr\u00e9paration : utiliser une eau \u00e0 <strong data-start=\"44\" data-end=\"53\">75\u202f\u00b0C<\/strong>, laisser infuser pendant <strong data-start=\"79\" data-end=\"92\">3\u202fminutes<\/strong> pour r\u00e9v\u00e9ler toute sa finesse sans amertume.<\/span><\/p>\n<p data-start=\"646\" data-end=\"724\"><span class=\"relative -mx-px my-[-0.2rem] rounded px-px py-[0.2rem] transition-colors duration-100 ease-in-out\">Disponible en plusieurs formats pratiques : poche vrac 1\u202fkg, bo\u00eete de 20 sachets, bo\u00eete m\u00e9tal 80\u202fg, et version th\u00e9 glac\u00e9.<\/span><\/p>\n<p data-start=\"726\" data-end=\"804\"><span class=\"relative -mx-px my-[-0.2rem] rounded px-px py-[0.2rem] transition-colors duration-100 ease-in-out\">Le <strong data-start=\"3\" data-end=\"17\">Japan Lime<\/strong> est id\u00e9al pour r\u00e9veiller les papilles ou prolonger un repas en douceur. Son parfum d\u2019agrumes r\u00e9sonne avec \u00e9l\u00e9gance et l\u00e9g\u00e8ret\u00e9.<\/span><\/p>\n<p data-start=\"806\" data-end=\"884\"><span class=\"relative -mx-px my-[-0.2rem] rounded px-px py-[0.2rem] transition-colors duration-100 ease-in-out\">Offrir ce th\u00e9, c\u2019est proposer un voyage sensoriel rafra\u00eechissant, une parenth\u00e8se p\u00e9tillante et raffin\u00e9e inspir\u00e9e du Japon.<\/span><\/p>\n","protected":false},"excerpt":{"rendered":"<p>The combination of green tea and lemon gives you a vitamin-packed drink to enjoy at any time of day, hot or iced. The tonicity of the citrus fruit wraps around the organic, vegetal notes of the green tea to create a harmonious, vitamin-packed cocktail (98.75\u20ac\/kg).<\/p>","protected":false},"featured_media":4969,"template":"","meta":{"_acf_changed":false,"site-sidebar-layout":"default","site-content-layout":"","ast-site-content-layout":"default","site-content-style":"default","site-sidebar-style":"default","ast-global-header-display":"","ast-banner-title-visibility":"","ast-main-header-display":"","ast-hfb-above-header-display":"","ast-hfb-below-header-display":"","ast-hfb-mobile-header-display":"","site-post-title":"","ast-breadcrumbs-content":"","ast-featured-img":"","footer-sml-layout":"","theme-transparent-header-meta":"default","adv-header-id-meta":"","stick-header-meta":"","header-above-stick-meta":"","header-main-stick-meta":"","header-below-stick-meta":"","astra-migrate-meta-layouts":"set","ast-page-background-enabled":"default","ast-page-background-meta":{"desktop":{"background-color":"var(--ast-global-color-4)","background-image":"","background-repeat":"repeat","background-position":"center center","background-size":"auto","background-attachment":"scroll","background-type":"","background-media":"","overlay-type":"","overlay-color":"","overlay-opacity":"","overlay-gradient":""},"tablet":{"background-color":"","background-image":"","background-repeat":"repeat","background-position":"center center","background-size":"auto","background-attachment":"scroll","background-type":"","background-media":"","overlay-type":"","overlay-color":"","overlay-opacity":"","overlay-gradient":""},"mobile":{"background-color":"","background-image":"","background-repeat":"repeat","background-position":"center center","background-size":"auto","background-attachment":"scroll","background-type":"","background-media":"","overlay-type":"","overlay-color":"","overlay-opacity":"","overlay-gradient":""}},"ast-content-background-meta":{"desktop":{"background-color":"var(--ast-global-color-5)","background-image":"","background-repeat":"repeat","background-position":"center center","background-size":"auto","background-attachment":"scroll","background-type":"","background-media":"","overlay-type":"","overlay-color":"","overlay-opacity":"","overlay-gradient":""},"tablet":{"background-color":"var(--ast-global-color-5)","background-image":"","background-repeat":"repeat","background-position":"center center","background-size":"auto","background-attachment":"scroll","background-type":"","background-media":"","overlay-type":"","overlay-color":"","overlay-opacity":"","overlay-gradient":""},"mobile":{"background-color":"var(--ast-global-color-5)","background-image":"","background-repeat":"repeat","background-position":"center center","background-size":"auto","background-attachment":"scroll","background-type":"","background-media":"","overlay-type":"","overlay-color":"","overlay-opacity":"","overlay-gradient":""}},"iawp_total_views":14},"product_brand":[],"product_cat":[110,204],"product_tag":[],"class_list":{"0":"post-1106","1":"product","2":"type-product","3":"status-publish","4":"has-post-thumbnail","6":"product_cat-the","7":"product_cat-tous-produits","8":"desktop-align-left","9":"tablet-align-left","10":"mobile-align-left","12":"first","13":"outofstock","14":"taxable","15":"shipping-taxable","16":"purchasable","17":"product-type-simple"},"acf":[],"yoast_head":"<!-- This site is optimized with the Yoast SEO plugin v27.4 - https:\/\/yoast.com\/product\/yoast-seo-wordpress\/ -->\n<title>JAPAN LIME 80G<\/title>\n<meta name=\"description\" content=\"Japan Lime : th\u00e9 vert citronn\u00e9 au go\u00fbt subtil. Ar\u00f4mes d&#039;agrume d\u00e9licats, p\u00e9tales de souci. Id\u00e9al chaud ou glac\u00e9 : \u00e9clat citronn\u00e9 et fra\u00eecheur.\" \/>\n<meta name=\"robots\" content=\"index, follow, max-snippet:-1, max-image-preview:large, max-video-preview:-1\" \/>\n<link rel=\"canonical\" href=\"https:\/\/lessecretsduchocolat.com\/en\/product\/japan-lime-80g\/\" \/>\n<meta property=\"og:locale\" content=\"en_GB\" \/>\n<meta property=\"og:type\" content=\"article\" \/>\n<meta property=\"og:title\" content=\"JAPAN LIME 80G\" \/>\n<meta property=\"og:description\" content=\"Japan Lime : th\u00e9 vert citronn\u00e9 au go\u00fbt subtil. Ar\u00f4mes d&#039;agrume d\u00e9licats, p\u00e9tales de souci. Id\u00e9al chaud ou glac\u00e9 : \u00e9clat citronn\u00e9 et fra\u00eecheur.\" \/>\n<meta property=\"og:url\" content=\"https:\/\/lessecretsduchocolat.com\/en\/product\/japan-lime-80g\/\" \/>\n<meta property=\"og:site_name\" content=\"Secrets de Chocolat\" \/>\n<meta property=\"article:modified_time\" content=\"2026-03-13T08:23:03+00:00\" \/>\n<meta property=\"og:image\" content=\"https:\/\/lessecretsduchocolat.com\/wp-content\/uploads\/2026\/02\/901108-Japan-Lime.jpg\" \/>\n\t<meta property=\"og:image:width\" content=\"1000\" \/>\n\t<meta property=\"og:image:height\" content=\"1000\" \/>\n\t<meta property=\"og:image:type\" content=\"image\/jpeg\" \/>\n<meta name=\"twitter:card\" content=\"summary_large_image\" \/>\n<meta name=\"twitter:label1\" content=\"Estimated reading time\" \/>\n\t<meta name=\"twitter:data1\" content=\"1 minute\" \/>\n<script type=\"application\/ld+json\" class=\"yoast-schema-graph\">{\"@context\":\"https:\\\/\\\/schema.org\",\"@graph\":[{\"@type\":\"WebPage\",\"@id\":\"https:\\\/\\\/lessecretsduchocolat.com\\\/produit\\\/japan-lime-80g\\\/\",\"url\":\"https:\\\/\\\/lessecretsduchocolat.com\\\/produit\\\/japan-lime-80g\\\/\",\"name\":\"JAPAN LIME 80G\",\"isPartOf\":{\"@id\":\"https:\\\/\\\/lessecretsduchocolat.com\\\/#website\"},\"primaryImageOfPage\":{\"@id\":\"https:\\\/\\\/lessecretsduchocolat.com\\\/produit\\\/japan-lime-80g\\\/#primaryimage\"},\"image\":{\"@id\":\"https:\\\/\\\/lessecretsduchocolat.com\\\/produit\\\/japan-lime-80g\\\/#primaryimage\"},\"thumbnailUrl\":\"https:\\\/\\\/lessecretsduchocolat.com\\\/wp-content\\\/uploads\\\/2026\\\/02\\\/901108-Japan-Lime.jpg\",\"datePublished\":\"2021-09-17T06:40:05+00:00\",\"dateModified\":\"2026-03-13T08:23:03+00:00\",\"description\":\"Japan Lime : th\u00e9 vert citronn\u00e9 au go\u00fbt subtil. Ar\u00f4mes d'agrume d\u00e9licats, p\u00e9tales de souci. Id\u00e9al chaud ou glac\u00e9 : \u00e9clat citronn\u00e9 et fra\u00eecheur.\",\"breadcrumb\":{\"@id\":\"https:\\\/\\\/lessecretsduchocolat.com\\\/produit\\\/japan-lime-80g\\\/#breadcrumb\"},\"inLanguage\":\"en-GB\",\"potentialAction\":[{\"@type\":\"ReadAction\",\"target\":[\"https:\\\/\\\/lessecretsduchocolat.com\\\/produit\\\/japan-lime-80g\\\/\"]}]},{\"@type\":\"ImageObject\",\"inLanguage\":\"en-GB\",\"@id\":\"https:\\\/\\\/lessecretsduchocolat.com\\\/produit\\\/japan-lime-80g\\\/#primaryimage\",\"url\":\"https:\\\/\\\/lessecretsduchocolat.com\\\/wp-content\\\/uploads\\\/2026\\\/02\\\/901108-Japan-Lime.jpg\",\"contentUrl\":\"https:\\\/\\\/lessecretsduchocolat.com\\\/wp-content\\\/uploads\\\/2026\\\/02\\\/901108-Japan-Lime.jpg\",\"width\":1000,\"height\":1000,\"caption\":\"tas the vert japan lime\"},{\"@type\":\"BreadcrumbList\",\"@id\":\"https:\\\/\\\/lessecretsduchocolat.com\\\/produit\\\/japan-lime-80g\\\/#breadcrumb\",\"itemListElement\":[{\"@type\":\"ListItem\",\"position\":1,\"name\":\"Accueil\",\"item\":\"https:\\\/\\\/lessecretsduchocolat.com\\\/\"},{\"@type\":\"ListItem\",\"position\":2,\"name\":\"Boutique en ligne\",\"item\":\"https:\\\/\\\/lessecretsduchocolat.com\\\/magasin\\\/\"},{\"@type\":\"ListItem\",\"position\":3,\"name\":\"JAPAN LIME 80G\"}]},{\"@type\":\"WebSite\",\"@id\":\"https:\\\/\\\/lessecretsduchocolat.com\\\/#website\",\"url\":\"https:\\\/\\\/lessecretsduchocolat.com\\\/\",\"name\":\"Secrets de Chocolat\",\"description\":\"\",\"publisher\":{\"@id\":\"https:\\\/\\\/lessecretsduchocolat.com\\\/#organization\"},\"potentialAction\":[{\"@type\":\"SearchAction\",\"target\":{\"@type\":\"EntryPoint\",\"urlTemplate\":\"https:\\\/\\\/lessecretsduchocolat.com\\\/?s={search_term_string}\"},\"query-input\":{\"@type\":\"PropertyValueSpecification\",\"valueRequired\":true,\"valueName\":\"search_term_string\"}}],\"inLanguage\":\"en-GB\"},{\"@type\":\"Organization\",\"@id\":\"https:\\\/\\\/lessecretsduchocolat.com\\\/#organization\",\"name\":\"Secrets de Chocolat\",\"url\":\"https:\\\/\\\/lessecretsduchocolat.com\\\/\",\"logo\":{\"@type\":\"ImageObject\",\"inLanguage\":\"en-GB\",\"@id\":\"https:\\\/\\\/lessecretsduchocolat.com\\\/#\\\/schema\\\/logo\\\/image\\\/\",\"url\":\"https:\\\/\\\/lessecretsduchocolat.com\\\/wp-content\\\/uploads\\\/2025\\\/05\\\/logo.png\",\"contentUrl\":\"https:\\\/\\\/lessecretsduchocolat.com\\\/wp-content\\\/uploads\\\/2025\\\/05\\\/logo.png\",\"width\":198,\"height\":85,\"caption\":\"Secrets de Chocolat\"},\"image\":{\"@id\":\"https:\\\/\\\/lessecretsduchocolat.com\\\/#\\\/schema\\\/logo\\\/image\\\/\"}}]}<\/script>\n<!-- \/ Yoast SEO plugin. -->","yoast_head_json":{"title":"JAPAN LIME 80G","description":"Japan Lime: a lemony green tea with a subtle flavour. Delicate citrus aromas, marigold petals. Ideal hot or iced: a fresh, lemony burst.","robots":{"index":"index","follow":"follow","max-snippet":"max-snippet:-1","max-image-preview":"max-image-preview:large","max-video-preview":"max-video-preview:-1"},"canonical":"https:\/\/lessecretsduchocolat.com\/en\/product\/japan-lime-80g\/","og_locale":"en_GB","og_type":"article","og_title":"JAPAN LIME 80G","og_description":"Japan Lime : th\u00e9 vert citronn\u00e9 au go\u00fbt subtil. Ar\u00f4mes d'agrume d\u00e9licats, p\u00e9tales de souci. Id\u00e9al chaud ou glac\u00e9 : \u00e9clat citronn\u00e9 et fra\u00eecheur.","og_url":"https:\/\/lessecretsduchocolat.com\/en\/product\/japan-lime-80g\/","og_site_name":"Secrets de Chocolat","article_modified_time":"2026-03-13T08:23:03+00:00","og_image":[{"width":1000,"height":1000,"url":"https:\/\/lessecretsduchocolat.com\/wp-content\/uploads\/2026\/02\/901108-Japan-Lime.jpg","type":"image\/jpeg"}],"twitter_card":"summary_large_image","twitter_misc":{"Estimated reading time":"1 minute"},"schema":{"@context":"https:\/\/schema.org","@graph":[{"@type":"WebPage","@id":"https:\/\/lessecretsduchocolat.com\/produit\/japan-lime-80g\/","url":"https:\/\/lessecretsduchocolat.com\/produit\/japan-lime-80g\/","name":"JAPAN LIME 80G","isPartOf":{"@id":"https:\/\/lessecretsduchocolat.com\/#website"},"primaryImageOfPage":{"@id":"https:\/\/lessecretsduchocolat.com\/produit\/japan-lime-80g\/#primaryimage"},"image":{"@id":"https:\/\/lessecretsduchocolat.com\/produit\/japan-lime-80g\/#primaryimage"},"thumbnailUrl":"https:\/\/lessecretsduchocolat.com\/wp-content\/uploads\/2026\/02\/901108-Japan-Lime.jpg","datePublished":"2021-09-17T06:40:05+00:00","dateModified":"2026-03-13T08:23:03+00:00","description":"Japan Lime: a lemony green tea with a subtle flavour. Delicate citrus aromas, marigold petals. Ideal hot or iced: a fresh, lemony burst.","breadcrumb":{"@id":"https:\/\/lessecretsduchocolat.com\/produit\/japan-lime-80g\/#breadcrumb"},"inLanguage":"en-GB","potentialAction":[{"@type":"ReadAction","target":["https:\/\/lessecretsduchocolat.com\/produit\/japan-lime-80g\/"]}]},{"@type":"ImageObject","inLanguage":"en-GB","@id":"https:\/\/lessecretsduchocolat.com\/produit\/japan-lime-80g\/#primaryimage","url":"https:\/\/lessecretsduchocolat.com\/wp-content\/uploads\/2026\/02\/901108-Japan-Lime.jpg","contentUrl":"https:\/\/lessecretsduchocolat.com\/wp-content\/uploads\/2026\/02\/901108-Japan-Lime.jpg","width":1000,"height":1000,"caption":"tas the vert japan lime"},{"@type":"BreadcrumbList","@id":"https:\/\/lessecretsduchocolat.com\/produit\/japan-lime-80g\/#breadcrumb","itemListElement":[{"@type":"ListItem","position":1,"name":"Accueil","item":"https:\/\/lessecretsduchocolat.com\/"},{"@type":"ListItem","position":2,"name":"Boutique en ligne","item":"https:\/\/lessecretsduchocolat.com\/magasin\/"},{"@type":"ListItem","position":3,"name":"JAPAN LIME 80G"}]},{"@type":"WebSite","@id":"https:\/\/lessecretsduchocolat.com\/#website","url":"https:\/\/lessecretsduchocolat.com\/","name":"Secrets de Chocolat","description":"","publisher":{"@id":"https:\/\/lessecretsduchocolat.com\/#organization"},"potentialAction":[{"@type":"SearchAction","target":{"@type":"EntryPoint","urlTemplate":"https:\/\/lessecretsduchocolat.com\/?s={search_term_string}"},"query-input":{"@type":"PropertyValueSpecification","valueRequired":true,"valueName":"search_term_string"}}],"inLanguage":"en-GB"},{"@type":"Organization","@id":"https:\/\/lessecretsduchocolat.com\/#organization","name":"Secrets de Chocolat","url":"https:\/\/lessecretsduchocolat.com\/","logo":{"@type":"ImageObject","inLanguage":"en-GB","@id":"https:\/\/lessecretsduchocolat.com\/#\/schema\/logo\/image\/","url":"https:\/\/lessecretsduchocolat.com\/wp-content\/uploads\/2025\/05\/logo.png","contentUrl":"https:\/\/lessecretsduchocolat.com\/wp-content\/uploads\/2025\/05\/logo.png","width":198,"height":85,"caption":"Secrets de Chocolat"},"image":{"@id":"https:\/\/lessecretsduchocolat.com\/#\/schema\/logo\/image\/"}}]}},"_links":{"self":[{"href":"https:\/\/lessecretsduchocolat.com\/en\/wp-json\/wp\/v2\/product\/1106","targetHints":{"allow":["GET"]}}],"collection":[{"href":"https:\/\/lessecretsduchocolat.com\/en\/wp-json\/wp\/v2\/product"}],"about":[{"href":"https:\/\/lessecretsduchocolat.com\/en\/wp-json\/wp\/v2\/types\/product"}],"version-history":[{"count":4,"href":"https:\/\/lessecretsduchocolat.com\/en\/wp-json\/wp\/v2\/product\/1106\/revisions"}],"predecessor-version":[{"id":4179,"href":"https:\/\/lessecretsduchocolat.com\/en\/wp-json\/wp\/v2\/product\/1106\/revisions\/4179"}],"wp:featuredmedia":[{"embeddable":true,"href":"https:\/\/lessecretsduchocolat.com\/en\/wp-json\/wp\/v2\/media\/4969"}],"wp:attachment":[{"href":"https:\/\/lessecretsduchocolat.com\/en\/wp-json\/wp\/v2\/media?parent=1106"}],"wp:term":[{"taxonomy":"product_brand","embeddable":true,"href":"https:\/\/lessecretsduchocolat.com\/en\/wp-json\/wp\/v2\/product_brand?post=1106"},{"taxonomy":"product_cat","embeddable":true,"href":"https:\/\/lessecretsduchocolat.com\/en\/wp-json\/wp\/v2\/product_cat?post=1106"},{"taxonomy":"product_tag","embeddable":true,"href":"https:\/\/lessecretsduchocolat.com\/en\/wp-json\/wp\/v2\/product_tag?post=1106"}],"curies":[{"name":"wp","href":"https:\/\/api.w.org\/{rel}","templated":true}]}}