{"id":1100,"date":"2021-05-22T06:40:04","date_gmt":"2021-05-22T06:40:04","guid":{"rendered":"https:\/\/preprod.lessecretsduchocolat.com\/?product=assortiment-de-bonbons-de-chocolats-drageifies-500g"},"modified":"2026-03-30T12:31:25","modified_gmt":"2026-03-30T10:31:25","slug":"assortment-of-sweets-and-sugared-chocolates","status":"publish","type":"product","link":"https:\/\/lessecretsduchocolat.com\/en\/produit\/assortiment-bonbons-chocolats-drageifies\/","title":{"rendered":"Assortment of sugar-coated chocolate bonbons"},"content":{"rendered":"<p data-start=\"422\" data-end=\"603\">The Tout-aussi-bons assortment of sugar-coated chocolates is a <strong>smart and tasty selection<\/strong>, A new range of chocolate bonbons, designed for chocolate lovers who put taste before appearance. These filled chocolate bonbons come from the second choice. Their appearance may vary, but their flavours are just as irresistible as the premium versions. On the palate, the chocolate melts generously, revealing a fragrant, gourmet heart. Each piece embodies chocolate pleasure in its simplest, most sincere form.<\/p>\n<p data-start=\"1141\" data-end=\"1313\">The Tout-aussi-bons idea is based on a responsible approach: <strong>adding value to visually imperfect chocolates<\/strong>, They're delicious, to avoid unnecessary waste. With their generous format, these sachets are perfect for a convivial tasting, a shared sweet break or a special occasion. <a href=\"https:\/\/lessecretsduchocolat.com\/en\/product-category\/bouchees-gourmandes\/\"><strong>everyday gourmet snacking<\/strong><\/a>. These chocolates seduce with their authenticity and diversity. They are a reminder that true indulgence is not measured by appearance, but by pleasure in the mouth.<\/p>\n<p data-start=\"1642\" data-end=\"1798\">Their variety makes each sachet unique. You never know which filling is hidden under the drag\u00e9e, and that's what makes the experience so fun and surprising. The range of second choice sugared chocolates is <strong>an ideal opportunity to discover different recipes at smart prices<\/strong>, without compromising on the quality of the chocolate. To give or to treat yourself to this sachet is to choose a simple, good and responsible chocolate. Just as tasty, just as delicious.<\/p>","protected":false},"excerpt":{"rendered":"<p>This <strong>assortment of 500 grams of sugar-coated chocolates<\/strong> is made up of \u00abjust as good\u00bb chocolate bonbons, with a slightly different appearance but a heart that's just as good! What's special about these sweets is that they have a thin shell that you can crunch into. <strong>discover a creamy praline, almond or caramelised hazelnut<\/strong>.<\/p>\n<p>To be devoured without delay! The range varies according to production. Each bag offers a <strong data-start=\"801\" data-end=\"838\">variable range of forages<\/strong> From melt-in-the-mouth pralines to crunchy chips, fruity notes and elegant coatings. A different surprise every time.<\/p>\n<p>25.00\/kg<\/p>","protected":false},"featured_media":4950,"template":"","meta":{"_acf_changed":false,"site-sidebar-layout":"default","site-content-layout":"","ast-site-content-layout":"default","site-content-style":"default","site-sidebar-style":"default","ast-global-header-display":"","ast-banner-title-visibility":"","ast-main-header-display":"","ast-hfb-above-header-display":"","ast-hfb-below-header-display":"","ast-hfb-mobile-header-display":"","site-post-title":"","ast-breadcrumbs-content":"","ast-featured-img":"","footer-sml-layout":"","theme-transparent-header-meta":"default","adv-header-id-meta":"","stick-header-meta":"","header-above-stick-meta":"","header-main-stick-meta":"","header-below-stick-meta":"","astra-migrate-meta-layouts":"set","ast-page-background-enabled":"default","ast-page-background-meta":{"desktop":{"background-color":"var(--ast-global-color-4)","background-image":"","background-repeat":"repeat","background-position":"center center","background-size":"auto","background-attachment":"scroll","background-type":"","background-media":"","overlay-type":"","overlay-color":"","overlay-opacity":"","overlay-gradient":""},"tablet":{"background-color":"","background-image":"","background-repeat":"repeat","background-position":"center center","background-size":"auto","background-attachment":"scroll","background-type":"","background-media":"","overlay-type":"","overlay-color":"","overlay-opacity":"","overlay-gradient":""},"mobile":{"background-color":"","background-image":"","background-repeat":"repeat","background-position":"center center","background-size":"auto","background-attachment":"scroll","background-type":"","background-media":"","overlay-type":"","overlay-color":"","overlay-opacity":"","overlay-gradient":""}},"ast-content-background-meta":{"desktop":{"background-color":"var(--ast-global-color-5)","background-image":"","background-repeat":"repeat","background-position":"center center","background-size":"auto","background-attachment":"scroll","background-type":"","background-media":"","overlay-type":"","overlay-color":"","overlay-opacity":"","overlay-gradient":""},"tablet":{"background-color":"var(--ast-global-color-5)","background-image":"","background-repeat":"repeat","background-position":"center center","background-size":"auto","background-attachment":"scroll","background-type":"","background-media":"","overlay-type":"","overlay-color":"","overlay-opacity":"","overlay-gradient":""},"mobile":{"background-color":"var(--ast-global-color-5)","background-image":"","background-repeat":"repeat","background-position":"center center","background-size":"auto","background-attachment":"scroll","background-type":"","background-media":"","overlay-type":"","overlay-color":"","overlay-opacity":"","overlay-gradient":""}},"iawp_total_views":327},"product_brand":[],"product_cat":[201,204],"product_tag":[],"class_list":{"0":"post-1100","1":"product","2":"type-product","3":"status-publish","4":"has-post-thumbnail","6":"product_cat-grands-formats","7":"product_cat-tous-produits","8":"desktop-align-left","9":"tablet-align-left","10":"mobile-align-left","12":"first","13":"instock","14":"taxable","15":"shipping-taxable","16":"purchasable","17":"product-type-simple"},"acf":[],"yoast_head":"<!-- This site is optimized with the Yoast SEO plugin v27.4 - https:\/\/yoast.com\/product\/yoast-seo-wordpress\/ -->\n<title>Assortiment de bonbons de chocolat drag\u00e9ifi\u00e9s | 100% maison<\/title>\n<meta name=\"description\" content=\"D\u00e9couvrez les chocolats drag\u00e9ifi\u00e9s Tout-aussi-bons : assortiment de bonbons fourr\u00e9s, issus du second choix, gourmands et responsables. Tout aussi savoureux.\" \/>\n<meta name=\"robots\" content=\"index, follow, max-snippet:-1, max-image-preview:large, max-video-preview:-1\" \/>\n<link rel=\"canonical\" href=\"https:\/\/lessecretsduchocolat.com\/en\/product\/assortment-of-sweets-and-sugared-chocolates\/\" \/>\n<meta property=\"og:locale\" content=\"en_GB\" \/>\n<meta property=\"og:type\" content=\"article\" \/>\n<meta property=\"og:title\" content=\"Assortiment de bonbons de chocolat drag\u00e9ifi\u00e9s | 100% maison\" \/>\n<meta property=\"og:description\" content=\"D\u00e9couvrez les chocolats drag\u00e9ifi\u00e9s Tout-aussi-bons : assortiment de bonbons fourr\u00e9s, issus du second choix, gourmands et responsables. Tout aussi savoureux.\" \/>\n<meta property=\"og:url\" content=\"https:\/\/lessecretsduchocolat.com\/en\/product\/assortment-of-sweets-and-sugared-chocolates\/\" \/>\n<meta property=\"og:site_name\" content=\"Secrets de Chocolat\" \/>\n<meta property=\"article:modified_time\" content=\"2026-03-30T10:31:25+00:00\" \/>\n<meta property=\"og:image\" content=\"https:\/\/lessecretsduchocolat.com\/wp-content\/uploads\/2021\/05\/223013219-les-secrets-du-chocolat-par-schaal-magasin-dusine-4-1.jpeg\" \/>\n\t<meta property=\"og:image:width\" content=\"800\" \/>\n\t<meta property=\"og:image:height\" content=\"800\" \/>\n\t<meta property=\"og:image:type\" content=\"image\/jpeg\" \/>\n<meta name=\"twitter:card\" content=\"summary_large_image\" \/>\n<meta name=\"twitter:label1\" content=\"Estimated reading time\" \/>\n\t<meta name=\"twitter:data1\" content=\"2 minutes\" \/>\n<script type=\"application\/ld+json\" class=\"yoast-schema-graph\">{\"@context\":\"https:\\\/\\\/schema.org\",\"@graph\":[{\"@type\":\"WebPage\",\"@id\":\"https:\\\/\\\/lessecretsduchocolat.com\\\/produit\\\/assortiment-bonbons-chocolats-drageifies\\\/\",\"url\":\"https:\\\/\\\/lessecretsduchocolat.com\\\/produit\\\/assortiment-bonbons-chocolats-drageifies\\\/\",\"name\":\"Assortiment de bonbons de chocolat drag\u00e9ifi\u00e9s | 100% maison\",\"isPartOf\":{\"@id\":\"https:\\\/\\\/lessecretsduchocolat.com\\\/#website\"},\"primaryImageOfPage\":{\"@id\":\"https:\\\/\\\/lessecretsduchocolat.com\\\/produit\\\/assortiment-bonbons-chocolats-drageifies\\\/#primaryimage\"},\"image\":{\"@id\":\"https:\\\/\\\/lessecretsduchocolat.com\\\/produit\\\/assortiment-bonbons-chocolats-drageifies\\\/#primaryimage\"},\"thumbnailUrl\":\"https:\\\/\\\/lessecretsduchocolat.com\\\/wp-content\\\/uploads\\\/2021\\\/05\\\/223013219-les-secrets-du-chocolat-par-schaal-magasin-dusine-4-1.jpeg\",\"datePublished\":\"2021-05-22T06:40:04+00:00\",\"dateModified\":\"2026-03-30T10:31:25+00:00\",\"description\":\"D\u00e9couvrez les chocolats drag\u00e9ifi\u00e9s Tout-aussi-bons : assortiment de bonbons fourr\u00e9s, issus du second choix, gourmands et responsables. Tout aussi savoureux.\",\"breadcrumb\":{\"@id\":\"https:\\\/\\\/lessecretsduchocolat.com\\\/produit\\\/assortiment-bonbons-chocolats-drageifies\\\/#breadcrumb\"},\"inLanguage\":\"en-GB\",\"potentialAction\":[{\"@type\":\"ReadAction\",\"target\":[\"https:\\\/\\\/lessecretsduchocolat.com\\\/produit\\\/assortiment-bonbons-chocolats-drageifies\\\/\"]}]},{\"@type\":\"ImageObject\",\"inLanguage\":\"en-GB\",\"@id\":\"https:\\\/\\\/lessecretsduchocolat.com\\\/produit\\\/assortiment-bonbons-chocolats-drageifies\\\/#primaryimage\",\"url\":\"https:\\\/\\\/lessecretsduchocolat.com\\\/wp-content\\\/uploads\\\/2021\\\/05\\\/223013219-les-secrets-du-chocolat-par-schaal-magasin-dusine-4-1.jpeg\",\"contentUrl\":\"https:\\\/\\\/lessecretsduchocolat.com\\\/wp-content\\\/uploads\\\/2021\\\/05\\\/223013219-les-secrets-du-chocolat-par-schaal-magasin-dusine-4-1.jpeg\",\"width\":800,\"height\":800,\"caption\":\"assortiment bonbons chocolats drageifies\"},{\"@type\":\"BreadcrumbList\",\"@id\":\"https:\\\/\\\/lessecretsduchocolat.com\\\/produit\\\/assortiment-bonbons-chocolats-drageifies\\\/#breadcrumb\",\"itemListElement\":[{\"@type\":\"ListItem\",\"position\":1,\"name\":\"Accueil\",\"item\":\"https:\\\/\\\/lessecretsduchocolat.com\\\/\"},{\"@type\":\"ListItem\",\"position\":2,\"name\":\"Boutique en ligne\",\"item\":\"https:\\\/\\\/lessecretsduchocolat.com\\\/magasin\\\/\"},{\"@type\":\"ListItem\",\"position\":3,\"name\":\"Assortiment de bonbons de chocolats drag\u00e9ifi\u00e9s\"}]},{\"@type\":\"WebSite\",\"@id\":\"https:\\\/\\\/lessecretsduchocolat.com\\\/#website\",\"url\":\"https:\\\/\\\/lessecretsduchocolat.com\\\/\",\"name\":\"Secrets de Chocolat\",\"description\":\"\",\"publisher\":{\"@id\":\"https:\\\/\\\/lessecretsduchocolat.com\\\/#organization\"},\"potentialAction\":[{\"@type\":\"SearchAction\",\"target\":{\"@type\":\"EntryPoint\",\"urlTemplate\":\"https:\\\/\\\/lessecretsduchocolat.com\\\/?s={search_term_string}\"},\"query-input\":{\"@type\":\"PropertyValueSpecification\",\"valueRequired\":true,\"valueName\":\"search_term_string\"}}],\"inLanguage\":\"en-GB\"},{\"@type\":\"Organization\",\"@id\":\"https:\\\/\\\/lessecretsduchocolat.com\\\/#organization\",\"name\":\"Secrets de Chocolat\",\"url\":\"https:\\\/\\\/lessecretsduchocolat.com\\\/\",\"logo\":{\"@type\":\"ImageObject\",\"inLanguage\":\"en-GB\",\"@id\":\"https:\\\/\\\/lessecretsduchocolat.com\\\/#\\\/schema\\\/logo\\\/image\\\/\",\"url\":\"https:\\\/\\\/lessecretsduchocolat.com\\\/wp-content\\\/uploads\\\/2025\\\/05\\\/logo.png\",\"contentUrl\":\"https:\\\/\\\/lessecretsduchocolat.com\\\/wp-content\\\/uploads\\\/2025\\\/05\\\/logo.png\",\"width\":198,\"height\":85,\"caption\":\"Secrets de Chocolat\"},\"image\":{\"@id\":\"https:\\\/\\\/lessecretsduchocolat.com\\\/#\\\/schema\\\/logo\\\/image\\\/\"}}]}<\/script>\n<!-- \/ Yoast SEO plugin. -->","yoast_head_json":{"title":"Assortment of chocolate sweets | 100% maison","description":"Discover Tout-aussi-bons sugar-coated chocolates: an assortment of filled sweets, second choice, gourmet and responsible. Just as tasty.","robots":{"index":"index","follow":"follow","max-snippet":"max-snippet:-1","max-image-preview":"max-image-preview:large","max-video-preview":"max-video-preview:-1"},"canonical":"https:\/\/lessecretsduchocolat.com\/en\/product\/assortment-of-sweets-and-sugared-chocolates\/","og_locale":"en_GB","og_type":"article","og_title":"Assortiment de bonbons de chocolat drag\u00e9ifi\u00e9s | 100% maison","og_description":"D\u00e9couvrez les chocolats drag\u00e9ifi\u00e9s Tout-aussi-bons : assortiment de bonbons fourr\u00e9s, issus du second choix, gourmands et responsables. Tout aussi savoureux.","og_url":"https:\/\/lessecretsduchocolat.com\/en\/product\/assortment-of-sweets-and-sugared-chocolates\/","og_site_name":"Secrets de Chocolat","article_modified_time":"2026-03-30T10:31:25+00:00","og_image":[{"width":800,"height":800,"url":"https:\/\/lessecretsduchocolat.com\/wp-content\/uploads\/2021\/05\/223013219-les-secrets-du-chocolat-par-schaal-magasin-dusine-4-1.jpeg","type":"image\/jpeg"}],"twitter_card":"summary_large_image","twitter_misc":{"Estimated reading time":"2 minutes"},"schema":{"@context":"https:\/\/schema.org","@graph":[{"@type":"WebPage","@id":"https:\/\/lessecretsduchocolat.com\/produit\/assortiment-bonbons-chocolats-drageifies\/","url":"https:\/\/lessecretsduchocolat.com\/produit\/assortiment-bonbons-chocolats-drageifies\/","name":"Assortment of chocolate sweets | 100% maison","isPartOf":{"@id":"https:\/\/lessecretsduchocolat.com\/#website"},"primaryImageOfPage":{"@id":"https:\/\/lessecretsduchocolat.com\/produit\/assortiment-bonbons-chocolats-drageifies\/#primaryimage"},"image":{"@id":"https:\/\/lessecretsduchocolat.com\/produit\/assortiment-bonbons-chocolats-drageifies\/#primaryimage"},"thumbnailUrl":"https:\/\/lessecretsduchocolat.com\/wp-content\/uploads\/2021\/05\/223013219-les-secrets-du-chocolat-par-schaal-magasin-dusine-4-1.jpeg","datePublished":"2021-05-22T06:40:04+00:00","dateModified":"2026-03-30T10:31:25+00:00","description":"Discover Tout-aussi-bons sugar-coated chocolates: an assortment of filled sweets, second choice, gourmet and responsible. Just as tasty.","breadcrumb":{"@id":"https:\/\/lessecretsduchocolat.com\/produit\/assortiment-bonbons-chocolats-drageifies\/#breadcrumb"},"inLanguage":"en-GB","potentialAction":[{"@type":"ReadAction","target":["https:\/\/lessecretsduchocolat.com\/produit\/assortiment-bonbons-chocolats-drageifies\/"]}]},{"@type":"ImageObject","inLanguage":"en-GB","@id":"https:\/\/lessecretsduchocolat.com\/produit\/assortiment-bonbons-chocolats-drageifies\/#primaryimage","url":"https:\/\/lessecretsduchocolat.com\/wp-content\/uploads\/2021\/05\/223013219-les-secrets-du-chocolat-par-schaal-magasin-dusine-4-1.jpeg","contentUrl":"https:\/\/lessecretsduchocolat.com\/wp-content\/uploads\/2021\/05\/223013219-les-secrets-du-chocolat-par-schaal-magasin-dusine-4-1.jpeg","width":800,"height":800,"caption":"assortiment bonbons chocolats drageifies"},{"@type":"BreadcrumbList","@id":"https:\/\/lessecretsduchocolat.com\/produit\/assortiment-bonbons-chocolats-drageifies\/#breadcrumb","itemListElement":[{"@type":"ListItem","position":1,"name":"Accueil","item":"https:\/\/lessecretsduchocolat.com\/"},{"@type":"ListItem","position":2,"name":"Boutique en ligne","item":"https:\/\/lessecretsduchocolat.com\/magasin\/"},{"@type":"ListItem","position":3,"name":"Assortiment de bonbons de chocolats drag\u00e9ifi\u00e9s"}]},{"@type":"WebSite","@id":"https:\/\/lessecretsduchocolat.com\/#website","url":"https:\/\/lessecretsduchocolat.com\/","name":"Secrets de Chocolat","description":"","publisher":{"@id":"https:\/\/lessecretsduchocolat.com\/#organization"},"potentialAction":[{"@type":"SearchAction","target":{"@type":"EntryPoint","urlTemplate":"https:\/\/lessecretsduchocolat.com\/?s={search_term_string}"},"query-input":{"@type":"PropertyValueSpecification","valueRequired":true,"valueName":"search_term_string"}}],"inLanguage":"en-GB"},{"@type":"Organization","@id":"https:\/\/lessecretsduchocolat.com\/#organization","name":"Secrets de Chocolat","url":"https:\/\/lessecretsduchocolat.com\/","logo":{"@type":"ImageObject","inLanguage":"en-GB","@id":"https:\/\/lessecretsduchocolat.com\/#\/schema\/logo\/image\/","url":"https:\/\/lessecretsduchocolat.com\/wp-content\/uploads\/2025\/05\/logo.png","contentUrl":"https:\/\/lessecretsduchocolat.com\/wp-content\/uploads\/2025\/05\/logo.png","width":198,"height":85,"caption":"Secrets de Chocolat"},"image":{"@id":"https:\/\/lessecretsduchocolat.com\/#\/schema\/logo\/image\/"}}]}},"_links":{"self":[{"href":"https:\/\/lessecretsduchocolat.com\/en\/wp-json\/wp\/v2\/product\/1100","targetHints":{"allow":["GET"]}}],"collection":[{"href":"https:\/\/lessecretsduchocolat.com\/en\/wp-json\/wp\/v2\/product"}],"about":[{"href":"https:\/\/lessecretsduchocolat.com\/en\/wp-json\/wp\/v2\/types\/product"}],"version-history":[{"count":8,"href":"https:\/\/lessecretsduchocolat.com\/en\/wp-json\/wp\/v2\/product\/1100\/revisions"}],"predecessor-version":[{"id":4951,"href":"https:\/\/lessecretsduchocolat.com\/en\/wp-json\/wp\/v2\/product\/1100\/revisions\/4951"}],"wp:featuredmedia":[{"embeddable":true,"href":"https:\/\/lessecretsduchocolat.com\/en\/wp-json\/wp\/v2\/media\/4950"}],"wp:attachment":[{"href":"https:\/\/lessecretsduchocolat.com\/en\/wp-json\/wp\/v2\/media?parent=1100"}],"wp:term":[{"taxonomy":"product_brand","embeddable":true,"href":"https:\/\/lessecretsduchocolat.com\/en\/wp-json\/wp\/v2\/product_brand?post=1100"},{"taxonomy":"product_cat","embeddable":true,"href":"https:\/\/lessecretsduchocolat.com\/en\/wp-json\/wp\/v2\/product_cat?post=1100"},{"taxonomy":"product_tag","embeddable":true,"href":"https:\/\/lessecretsduchocolat.com\/en\/wp-json\/wp\/v2\/product_tag?post=1100"}],"curies":[{"name":"wp","href":"https:\/\/api.w.org\/{rel}","templated":true}]}}