{"id":1096,"date":"2021-05-18T06:40:05","date_gmt":"2021-05-18T06:40:05","guid":{"rendered":"https:\/\/preprod.lessecretsduchocolat.com\/?product=the-des-amoureux-boite-20-sachets"},"modified":"2026-03-13T09:23:04","modified_gmt":"2026-03-13T08:23:04","slug":"the-des-amoureux-box-of-20-sachets","status":"publish","type":"product","link":"https:\/\/lessecretsduchocolat.com\/en\/produit\/the-des-amoureux-boite-20-sachets\/","title":{"rendered":"THE DES AMOUREUX BOX OF 20 SACHETS"},"content":{"rendered":"<p data-start=\"259\" data-end=\"398\">Le <strong data-start=\"262\" data-end=\"305\">Lovers' Tea<\/strong>\u00a0is a poetic creation by Comptoir Fran\u00e7ais du Th\u00e9, made in Geispolsheim, Alsace.<\/p>\n<p data-start=\"400\" data-end=\"548\">This delicate blend combines the depth of <strong data-start=\"444\" data-end=\"456\">black tea<\/strong>the freshness of the <strong data-start=\"474\" data-end=\"486\">green tea<\/strong>A rich, full-bodied nose, with subtly balanced fruity and floral notes.<\/p>\n<p data-start=\"550\" data-end=\"730\">It includes <strong data-start=\"568\" data-end=\"600\">sparkling orange peel<\/strong>and <strong data-start=\"606\" data-end=\"625\">rose petals<\/strong>of <strong data-start=\"630\" data-end=\"640\">cornflower<\/strong> and <strong data-start=\"647\" data-end=\"656\">concern<\/strong>enriched with refined aromas that reveal all the tenderness of the blend.<\/p>\n<p data-start=\"732\" data-end=\"885\">On the palate, the cup seduces with its balance: the gentle intensity of black tea, the vegetal lightness of green tea and the gourmet freshness of citrus fruits and flowers.<\/p>\n<p data-start=\"887\" data-end=\"1039\">Each infusion becomes a moment of romantic escape, ideal to savour for two, but also solo to enjoy a tender and comforting moment.<\/p>\n<p data-start=\"1041\" data-end=\"1217\">The format <strong data-start=\"1051\" data-end=\"1075\">20 freshness sachets<\/strong> makes tasting practical and elegant. Each pyramid sachet releases the aromatic richness and quality of the blend, cup after cup.<\/p>\n<p data-start=\"1219\" data-end=\"1359\">Le <strong data-start=\"1222\" data-end=\"1242\">Lovers' Tea<\/strong> can be enjoyed both hot and iced. Hot, it brings comfort; iced, it reveals all its fruity freshness.<\/p>\n<p data-start=\"1361\" data-end=\"1524\">It's also a superb gift idea. Its refined presentation and poetic universe make it a delicate gift, always appreciated by tea lovers.<\/p>\n<p data-start=\"1526\" data-end=\"1683\">The gift of this box of sachets is to share a moment of sweetness and romance, a timeless moment sublimated by an elegant and unique blend.<\/p>\n<p data-start=\"1685\" data-end=\"1772\">Le <strong data-start=\"1688\" data-end=\"1708\">Lovers' Tea<\/strong> embodies the art of French tea: refined, tender and universal.<\/p>","protected":false},"excerpt":{"rendered":"<p>Let yourself be enchanted by Lovers' Tea, a blend of green and black teas with passion fruit accents, a perfect combination of sweetness and indulgence! The result is a sweet, fresh and enticing drink thanks to the combination of rose petals, cornflower, marigold and safflower petals, with their natural anti-inflammatory properties. (\u20ac247.50\/kg)<\/p>","protected":false},"featured_media":891,"template":"","meta":{"_acf_changed":false,"site-sidebar-layout":"default","site-content-layout":"","ast-site-content-layout":"default","site-content-style":"default","site-sidebar-style":"default","ast-global-header-display":"","ast-banner-title-visibility":"","ast-main-header-display":"","ast-hfb-above-header-display":"","ast-hfb-below-header-display":"","ast-hfb-mobile-header-display":"","site-post-title":"","ast-breadcrumbs-content":"","ast-featured-img":"","footer-sml-layout":"","ast-disable-related-posts":"","theme-transparent-header-meta":"default","adv-header-id-meta":"","stick-header-meta":"","header-above-stick-meta":"","header-main-stick-meta":"","header-below-stick-meta":"","astra-migrate-meta-layouts":"set","ast-page-background-enabled":"default","ast-page-background-meta":{"desktop":{"background-color":"var(--ast-global-color-4)","background-image":"","background-repeat":"repeat","background-position":"center center","background-size":"auto","background-attachment":"scroll","background-type":"","background-media":"","overlay-type":"","overlay-color":"","overlay-opacity":"","overlay-gradient":""},"tablet":{"background-color":"","background-image":"","background-repeat":"repeat","background-position":"center center","background-size":"auto","background-attachment":"scroll","background-type":"","background-media":"","overlay-type":"","overlay-color":"","overlay-opacity":"","overlay-gradient":""},"mobile":{"background-color":"","background-image":"","background-repeat":"repeat","background-position":"center center","background-size":"auto","background-attachment":"scroll","background-type":"","background-media":"","overlay-type":"","overlay-color":"","overlay-opacity":"","overlay-gradient":""}},"ast-content-background-meta":{"desktop":{"background-color":"var(--ast-global-color-5)","background-image":"","background-repeat":"repeat","background-position":"center center","background-size":"auto","background-attachment":"scroll","background-type":"","background-media":"","overlay-type":"","overlay-color":"","overlay-opacity":"","overlay-gradient":""},"tablet":{"background-color":"var(--ast-global-color-5)","background-image":"","background-repeat":"repeat","background-position":"center center","background-size":"auto","background-attachment":"scroll","background-type":"","background-media":"","overlay-type":"","overlay-color":"","overlay-opacity":"","overlay-gradient":""},"mobile":{"background-color":"var(--ast-global-color-5)","background-image":"","background-repeat":"repeat","background-position":"center center","background-size":"auto","background-attachment":"scroll","background-type":"","background-media":"","overlay-type":"","overlay-color":"","overlay-opacity":"","overlay-gradient":""}},"iawp_total_views":35},"product_brand":[],"product_cat":[110,204],"product_tag":[],"class_list":{"0":"post-1096","1":"product","2":"type-product","3":"status-publish","4":"has-post-thumbnail","6":"product_cat-the","7":"product_cat-tous-produits","8":"desktop-align-left","9":"tablet-align-left","10":"mobile-align-left","12":"first","13":"instock","14":"taxable","15":"shipping-taxable","16":"purchasable","17":"product-type-simple"},"acf":[],"yoast_head":"<!-- This site is optimized with the Yoast SEO plugin v27.4 - https:\/\/yoast.com\/product\/yoast-seo-wordpress\/ -->\n<title>THE DES AMOUREUX BOITE 20 SACHETS<\/title>\n<meta name=\"description\" content=\"D\u00e9couvrez le Th\u00e9 des Amoureux en bo\u00eete de 20 sachets : th\u00e9 noir et vert aux agrumes et p\u00e9tales de fleurs. Un m\u00e9lange raffin\u00e9, tendre et romantique.\" \/>\n<meta name=\"robots\" content=\"index, follow, max-snippet:-1, max-image-preview:large, max-video-preview:-1\" \/>\n<link rel=\"canonical\" href=\"https:\/\/lessecretsduchocolat.com\/en\/product\/the-des-amoureux-box-of-20-sachets\/\" \/>\n<meta property=\"og:locale\" content=\"en_GB\" \/>\n<meta property=\"og:type\" content=\"article\" \/>\n<meta property=\"og:title\" content=\"THE DES AMOUREUX BOITE 20 SACHETS\" \/>\n<meta property=\"og:description\" content=\"D\u00e9couvrez le Th\u00e9 des Amoureux en bo\u00eete de 20 sachets : th\u00e9 noir et vert aux agrumes et p\u00e9tales de fleurs. Un m\u00e9lange raffin\u00e9, tendre et romantique.\" \/>\n<meta property=\"og:url\" content=\"https:\/\/lessecretsduchocolat.com\/en\/product\/the-des-amoureux-box-of-20-sachets\/\" \/>\n<meta property=\"og:site_name\" content=\"Secrets de Chocolat\" \/>\n<meta property=\"article:modified_time\" content=\"2026-03-13T08:23:04+00:00\" \/>\n<meta property=\"og:image\" content=\"https:\/\/lessecretsduchocolat.com\/wp-content\/uploads\/2025\/05\/787.jpg\" \/>\n\t<meta property=\"og:image:width\" content=\"500\" \/>\n\t<meta property=\"og:image:height\" content=\"500\" \/>\n\t<meta property=\"og:image:type\" content=\"image\/jpeg\" \/>\n<meta name=\"twitter:card\" content=\"summary_large_image\" \/>\n<meta name=\"twitter:label1\" content=\"Estimated reading time\" \/>\n\t<meta name=\"twitter:data1\" content=\"2 minutes\" \/>\n<script type=\"application\/ld+json\" class=\"yoast-schema-graph\">{\"@context\":\"https:\\\/\\\/schema.org\",\"@graph\":[{\"@type\":\"WebPage\",\"@id\":\"https:\\\/\\\/lessecretsduchocolat.com\\\/produit\\\/the-des-amoureux-boite-20-sachets\\\/\",\"url\":\"https:\\\/\\\/lessecretsduchocolat.com\\\/produit\\\/the-des-amoureux-boite-20-sachets\\\/\",\"name\":\"THE DES AMOUREUX BOITE 20 SACHETS\",\"isPartOf\":{\"@id\":\"https:\\\/\\\/lessecretsduchocolat.com\\\/#website\"},\"primaryImageOfPage\":{\"@id\":\"https:\\\/\\\/lessecretsduchocolat.com\\\/produit\\\/the-des-amoureux-boite-20-sachets\\\/#primaryimage\"},\"image\":{\"@id\":\"https:\\\/\\\/lessecretsduchocolat.com\\\/produit\\\/the-des-amoureux-boite-20-sachets\\\/#primaryimage\"},\"thumbnailUrl\":\"https:\\\/\\\/lessecretsduchocolat.com\\\/wp-content\\\/uploads\\\/2025\\\/05\\\/787.jpg\",\"datePublished\":\"2021-05-18T06:40:05+00:00\",\"dateModified\":\"2026-03-13T08:23:04+00:00\",\"description\":\"D\u00e9couvrez le Th\u00e9 des Amoureux en bo\u00eete de 20 sachets : th\u00e9 noir et vert aux agrumes et p\u00e9tales de fleurs. Un m\u00e9lange raffin\u00e9, tendre et romantique.\",\"breadcrumb\":{\"@id\":\"https:\\\/\\\/lessecretsduchocolat.com\\\/produit\\\/the-des-amoureux-boite-20-sachets\\\/#breadcrumb\"},\"inLanguage\":\"en-GB\",\"potentialAction\":[{\"@type\":\"ReadAction\",\"target\":[\"https:\\\/\\\/lessecretsduchocolat.com\\\/produit\\\/the-des-amoureux-boite-20-sachets\\\/\"]}]},{\"@type\":\"ImageObject\",\"inLanguage\":\"en-GB\",\"@id\":\"https:\\\/\\\/lessecretsduchocolat.com\\\/produit\\\/the-des-amoureux-boite-20-sachets\\\/#primaryimage\",\"url\":\"https:\\\/\\\/lessecretsduchocolat.com\\\/wp-content\\\/uploads\\\/2025\\\/05\\\/787.jpg\",\"contentUrl\":\"https:\\\/\\\/lessecretsduchocolat.com\\\/wp-content\\\/uploads\\\/2025\\\/05\\\/787.jpg\",\"width\":500,\"height\":500,\"caption\":\"Sachets th\u00e9 des amoureux\"},{\"@type\":\"BreadcrumbList\",\"@id\":\"https:\\\/\\\/lessecretsduchocolat.com\\\/produit\\\/the-des-amoureux-boite-20-sachets\\\/#breadcrumb\",\"itemListElement\":[{\"@type\":\"ListItem\",\"position\":1,\"name\":\"Accueil\",\"item\":\"https:\\\/\\\/lessecretsduchocolat.com\\\/\"},{\"@type\":\"ListItem\",\"position\":2,\"name\":\"Boutique en ligne\",\"item\":\"https:\\\/\\\/lessecretsduchocolat.com\\\/magasin\\\/\"},{\"@type\":\"ListItem\",\"position\":3,\"name\":\"THE DES AMOUREUX BOITE 20 SACHETS\"}]},{\"@type\":\"WebSite\",\"@id\":\"https:\\\/\\\/lessecretsduchocolat.com\\\/#website\",\"url\":\"https:\\\/\\\/lessecretsduchocolat.com\\\/\",\"name\":\"Secrets de Chocolat\",\"description\":\"\",\"publisher\":{\"@id\":\"https:\\\/\\\/lessecretsduchocolat.com\\\/#organization\"},\"potentialAction\":[{\"@type\":\"SearchAction\",\"target\":{\"@type\":\"EntryPoint\",\"urlTemplate\":\"https:\\\/\\\/lessecretsduchocolat.com\\\/?s={search_term_string}\"},\"query-input\":{\"@type\":\"PropertyValueSpecification\",\"valueRequired\":true,\"valueName\":\"search_term_string\"}}],\"inLanguage\":\"en-GB\"},{\"@type\":\"Organization\",\"@id\":\"https:\\\/\\\/lessecretsduchocolat.com\\\/#organization\",\"name\":\"Secrets de Chocolat\",\"url\":\"https:\\\/\\\/lessecretsduchocolat.com\\\/\",\"logo\":{\"@type\":\"ImageObject\",\"inLanguage\":\"en-GB\",\"@id\":\"https:\\\/\\\/lessecretsduchocolat.com\\\/#\\\/schema\\\/logo\\\/image\\\/\",\"url\":\"https:\\\/\\\/lessecretsduchocolat.com\\\/wp-content\\\/uploads\\\/2025\\\/05\\\/logo.png\",\"contentUrl\":\"https:\\\/\\\/lessecretsduchocolat.com\\\/wp-content\\\/uploads\\\/2025\\\/05\\\/logo.png\",\"width\":198,\"height\":85,\"caption\":\"Secrets de Chocolat\"},\"image\":{\"@id\":\"https:\\\/\\\/lessecretsduchocolat.com\\\/#\\\/schema\\\/logo\\\/image\\\/\"}}]}<\/script>\n<!-- \/ Yoast SEO plugin. -->","yoast_head_json":{"title":"THE DES AMOUREUX BOX OF 20 SACHETS","description":"Discover Th\u00e9 des Amoureux in a tin of 20 teabags: black and green tea with citrus fruit and flower petals. A refined, tender and romantic blend.","robots":{"index":"index","follow":"follow","max-snippet":"max-snippet:-1","max-image-preview":"max-image-preview:large","max-video-preview":"max-video-preview:-1"},"canonical":"https:\/\/lessecretsduchocolat.com\/en\/product\/the-des-amoureux-box-of-20-sachets\/","og_locale":"en_GB","og_type":"article","og_title":"THE DES AMOUREUX BOITE 20 SACHETS","og_description":"D\u00e9couvrez le Th\u00e9 des Amoureux en bo\u00eete de 20 sachets : th\u00e9 noir et vert aux agrumes et p\u00e9tales de fleurs. Un m\u00e9lange raffin\u00e9, tendre et romantique.","og_url":"https:\/\/lessecretsduchocolat.com\/en\/product\/the-des-amoureux-box-of-20-sachets\/","og_site_name":"Secrets de Chocolat","article_modified_time":"2026-03-13T08:23:04+00:00","og_image":[{"width":500,"height":500,"url":"https:\/\/lessecretsduchocolat.com\/wp-content\/uploads\/2025\/05\/787.jpg","type":"image\/jpeg"}],"twitter_card":"summary_large_image","twitter_misc":{"Estimated reading time":"2 minutes"},"schema":{"@context":"https:\/\/schema.org","@graph":[{"@type":"WebPage","@id":"https:\/\/lessecretsduchocolat.com\/produit\/the-des-amoureux-boite-20-sachets\/","url":"https:\/\/lessecretsduchocolat.com\/produit\/the-des-amoureux-boite-20-sachets\/","name":"THE DES AMOUREUX BOX OF 20 SACHETS","isPartOf":{"@id":"https:\/\/lessecretsduchocolat.com\/#website"},"primaryImageOfPage":{"@id":"https:\/\/lessecretsduchocolat.com\/produit\/the-des-amoureux-boite-20-sachets\/#primaryimage"},"image":{"@id":"https:\/\/lessecretsduchocolat.com\/produit\/the-des-amoureux-boite-20-sachets\/#primaryimage"},"thumbnailUrl":"https:\/\/lessecretsduchocolat.com\/wp-content\/uploads\/2025\/05\/787.jpg","datePublished":"2021-05-18T06:40:05+00:00","dateModified":"2026-03-13T08:23:04+00:00","description":"Discover Th\u00e9 des Amoureux in a tin of 20 teabags: black and green tea with citrus fruit and flower petals. A refined, tender and romantic blend.","breadcrumb":{"@id":"https:\/\/lessecretsduchocolat.com\/produit\/the-des-amoureux-boite-20-sachets\/#breadcrumb"},"inLanguage":"en-GB","potentialAction":[{"@type":"ReadAction","target":["https:\/\/lessecretsduchocolat.com\/produit\/the-des-amoureux-boite-20-sachets\/"]}]},{"@type":"ImageObject","inLanguage":"en-GB","@id":"https:\/\/lessecretsduchocolat.com\/produit\/the-des-amoureux-boite-20-sachets\/#primaryimage","url":"https:\/\/lessecretsduchocolat.com\/wp-content\/uploads\/2025\/05\/787.jpg","contentUrl":"https:\/\/lessecretsduchocolat.com\/wp-content\/uploads\/2025\/05\/787.jpg","width":500,"height":500,"caption":"Sachets th\u00e9 des amoureux"},{"@type":"BreadcrumbList","@id":"https:\/\/lessecretsduchocolat.com\/produit\/the-des-amoureux-boite-20-sachets\/#breadcrumb","itemListElement":[{"@type":"ListItem","position":1,"name":"Accueil","item":"https:\/\/lessecretsduchocolat.com\/"},{"@type":"ListItem","position":2,"name":"Boutique en ligne","item":"https:\/\/lessecretsduchocolat.com\/magasin\/"},{"@type":"ListItem","position":3,"name":"THE DES AMOUREUX BOITE 20 SACHETS"}]},{"@type":"WebSite","@id":"https:\/\/lessecretsduchocolat.com\/#website","url":"https:\/\/lessecretsduchocolat.com\/","name":"Secrets de Chocolat","description":"","publisher":{"@id":"https:\/\/lessecretsduchocolat.com\/#organization"},"potentialAction":[{"@type":"SearchAction","target":{"@type":"EntryPoint","urlTemplate":"https:\/\/lessecretsduchocolat.com\/?s={search_term_string}"},"query-input":{"@type":"PropertyValueSpecification","valueRequired":true,"valueName":"search_term_string"}}],"inLanguage":"en-GB"},{"@type":"Organization","@id":"https:\/\/lessecretsduchocolat.com\/#organization","name":"Secrets de Chocolat","url":"https:\/\/lessecretsduchocolat.com\/","logo":{"@type":"ImageObject","inLanguage":"en-GB","@id":"https:\/\/lessecretsduchocolat.com\/#\/schema\/logo\/image\/","url":"https:\/\/lessecretsduchocolat.com\/wp-content\/uploads\/2025\/05\/logo.png","contentUrl":"https:\/\/lessecretsduchocolat.com\/wp-content\/uploads\/2025\/05\/logo.png","width":198,"height":85,"caption":"Secrets de Chocolat"},"image":{"@id":"https:\/\/lessecretsduchocolat.com\/#\/schema\/logo\/image\/"}}]}},"_links":{"self":[{"href":"https:\/\/lessecretsduchocolat.com\/en\/wp-json\/wp\/v2\/product\/1096","targetHints":{"allow":["GET"]}}],"collection":[{"href":"https:\/\/lessecretsduchocolat.com\/en\/wp-json\/wp\/v2\/product"}],"about":[{"href":"https:\/\/lessecretsduchocolat.com\/en\/wp-json\/wp\/v2\/types\/product"}],"version-history":[{"count":4,"href":"https:\/\/lessecretsduchocolat.com\/en\/wp-json\/wp\/v2\/product\/1096\/revisions"}],"predecessor-version":[{"id":4190,"href":"https:\/\/lessecretsduchocolat.com\/en\/wp-json\/wp\/v2\/product\/1096\/revisions\/4190"}],"wp:featuredmedia":[{"embeddable":true,"href":"https:\/\/lessecretsduchocolat.com\/en\/wp-json\/wp\/v2\/media\/891"}],"wp:attachment":[{"href":"https:\/\/lessecretsduchocolat.com\/en\/wp-json\/wp\/v2\/media?parent=1096"}],"wp:term":[{"taxonomy":"product_brand","embeddable":true,"href":"https:\/\/lessecretsduchocolat.com\/en\/wp-json\/wp\/v2\/product_brand?post=1096"},{"taxonomy":"product_cat","embeddable":true,"href":"https:\/\/lessecretsduchocolat.com\/en\/wp-json\/wp\/v2\/product_cat?post=1096"},{"taxonomy":"product_tag","embeddable":true,"href":"https:\/\/lessecretsduchocolat.com\/en\/wp-json\/wp\/v2\/product_tag?post=1096"}],"curies":[{"name":"wp","href":"https:\/\/api.w.org\/{rel}","templated":true}]}}