{"id":1084,"date":"2021-04-09T06:40:06","date_gmt":"2021-04-09T06:40:06","guid":{"rendered":"https:\/\/preprod.lessecretsduchocolat.com\/?product=les-gianduja-feuillantine-noir-200g"},"modified":"2026-03-13T09:24:10","modified_gmt":"2026-03-13T08:24:10","slug":"gianduja-feuillantine-black-200g","status":"publish","type":"product","link":"https:\/\/lessecretsduchocolat.com\/en\/produit\/les-gianduja-feuillantine-noir-200g\/","title":{"rendered":"GIANDUJA FEUILLANTINE BLACK 200G"},"content":{"rendered":"<p data-start=\"323\" data-end=\"490\">The <strong data-start=\"327\" data-end=\"371\">Gianduja Feuillantine black <\/strong>are an elegant creation combining the power of dark chocolate with the crisp finesse of cr\u00eape dentelle.<\/p>\n<p data-start=\"492\" data-end=\"669\">Each candy combines a shell of <strong data-start=\"527\" data-end=\"564\">dark chocolate pure cocoa butter<\/strong> to a melting heart of <strong data-start=\"586\" data-end=\"608\">hazelnut gianduja<\/strong>enhanced by delicate <strong data-start=\"634\" data-end=\"666\">broken cr\u00eapes dentelles<\/strong>.<\/p>\n<p data-start=\"671\" data-end=\"848\">On the palate, the contrast is immediately seductive: the intensity of the dark chocolate, the smoothness of the gianduja and the refined crunch of the feuillantine. A subtle and irresistible combination.<\/p>\n<p data-start=\"850\" data-end=\"1021\">This marriage of textures transforms each mouthful into a complete sensory experience: melt-in-the-mouth, crispiness and aromatic intensity intertwine for a unique pleasure.<\/p>\n<p data-start=\"1023\" data-end=\"1168\">With its practical <strong data-start=\"1051\" data-end=\"1068\">200 g tubo<\/strong>This range is just as suitable for everyday gourmet moments as it is for special occasions.<\/p>\n<p data-start=\"1170\" data-end=\"1346\">The <strong data-start=\"1174\" data-end=\"1204\">black feuillantine gianduja<\/strong> will appeal to lovers of intense cocoa as well as those who appreciate textured recipes. A refined and original chocolate that appeals to everyone.<\/p>\n<p data-start=\"1348\" data-end=\"1470\">They are the perfect accompaniment to coffee or tea, but can also be enjoyed on their own, for a moment of pure chocolate pleasure.<\/p>\n<p data-start=\"1472\" data-end=\"1624\">Presented in an elegant tubo, they also become a <strong data-start=\"1524\" data-end=\"1550\">great gift idea<\/strong>. For lovers of dark chocolate and crisp recipes.<\/p>\n<p data-start=\"1626\" data-end=\"1787\">The combination of hazelnut gianduja and feuillantine reminds us that elegance is often found in the simplicity and precision of flavour combinations.<\/p>\n<p data-start=\"1789\" data-end=\"1937\">The <strong data-start=\"1793\" data-end=\"1837\">Gianduja Feuillantine black <\/strong>embody a generous, refined and addictive indulgence, to be savoured mouthful after mouthful.<\/p>","protected":false},"excerpt":{"rendered":"<p>Discover the dark Gianduja Feuillantine in tubo 200 g: dark chocolate and hazelnut gianduja, sublimated by crunchy cr\u00eapes dentelles chips. (\u20ac44.00\/kg)<\/p>","protected":false},"featured_media":863,"template":"","meta":{"_acf_changed":false,"site-sidebar-layout":"default","site-content-layout":"","ast-site-content-layout":"default","site-content-style":"default","site-sidebar-style":"default","ast-global-header-display":"","ast-banner-title-visibility":"","ast-main-header-display":"","ast-hfb-above-header-display":"","ast-hfb-below-header-display":"","ast-hfb-mobile-header-display":"","site-post-title":"","ast-breadcrumbs-content":"","ast-featured-img":"","footer-sml-layout":"","ast-disable-related-posts":"","theme-transparent-header-meta":"default","adv-header-id-meta":"","stick-header-meta":"","header-above-stick-meta":"","header-main-stick-meta":"","header-below-stick-meta":"","astra-migrate-meta-layouts":"set","ast-page-background-enabled":"default","ast-page-background-meta":{"desktop":{"background-color":"var(--ast-global-color-4)","background-image":"","background-repeat":"repeat","background-position":"center center","background-size":"auto","background-attachment":"scroll","background-type":"","background-media":"","overlay-type":"","overlay-color":"","overlay-opacity":"","overlay-gradient":""},"tablet":{"background-color":"","background-image":"","background-repeat":"repeat","background-position":"center center","background-size":"auto","background-attachment":"scroll","background-type":"","background-media":"","overlay-type":"","overlay-color":"","overlay-opacity":"","overlay-gradient":""},"mobile":{"background-color":"","background-image":"","background-repeat":"repeat","background-position":"center center","background-size":"auto","background-attachment":"scroll","background-type":"","background-media":"","overlay-type":"","overlay-color":"","overlay-opacity":"","overlay-gradient":""}},"ast-content-background-meta":{"desktop":{"background-color":"var(--ast-global-color-5)","background-image":"","background-repeat":"repeat","background-position":"center center","background-size":"auto","background-attachment":"scroll","background-type":"","background-media":"","overlay-type":"","overlay-color":"","overlay-opacity":"","overlay-gradient":""},"tablet":{"background-color":"var(--ast-global-color-5)","background-image":"","background-repeat":"repeat","background-position":"center center","background-size":"auto","background-attachment":"scroll","background-type":"","background-media":"","overlay-type":"","overlay-color":"","overlay-opacity":"","overlay-gradient":""},"mobile":{"background-color":"var(--ast-global-color-5)","background-image":"","background-repeat":"repeat","background-position":"center center","background-size":"auto","background-attachment":"scroll","background-type":"","background-media":"","overlay-type":"","overlay-color":"","overlay-opacity":"","overlay-gradient":""}},"iawp_total_views":28},"product_brand":[],"product_cat":[108,204],"product_tag":[],"class_list":{"0":"post-1084","1":"product","2":"type-product","3":"status-publish","4":"has-post-thumbnail","6":"product_cat-gourmandises","7":"product_cat-tous-produits","8":"desktop-align-left","9":"tablet-align-left","10":"mobile-align-left","12":"first","13":"instock","14":"taxable","15":"shipping-taxable","16":"purchasable","17":"product-type-simple"},"acf":[],"yoast_head":"<!-- This site is optimized with the Yoast SEO plugin v27.4 - https:\/\/yoast.com\/product\/yoast-seo-wordpress\/ -->\n<title>GIANDUJA CHOCOLAT NOIR 200G<\/title>\n<meta name=\"description\" content=\"D\u00e9couvrez les Gianduja Feuillantine noir en tubo 200 g : chocolats noir et gianduja noisettes, sublim\u00e9s par des brisures croustillantes de cr\u00eapes dentelles.\" \/>\n<meta name=\"robots\" content=\"index, follow, max-snippet:-1, max-image-preview:large, max-video-preview:-1\" \/>\n<link rel=\"canonical\" href=\"https:\/\/lessecretsduchocolat.com\/en\/product\/gianduja-feuillantine-black-200g\/\" \/>\n<meta property=\"og:locale\" content=\"en_GB\" \/>\n<meta property=\"og:type\" content=\"article\" \/>\n<meta property=\"og:title\" content=\"GIANDUJA CHOCOLAT NOIR 200G\" \/>\n<meta property=\"og:description\" content=\"D\u00e9couvrez les Gianduja Feuillantine noir en tubo 200 g : chocolats noir et gianduja noisettes, sublim\u00e9s par des brisures croustillantes de cr\u00eapes dentelles.\" \/>\n<meta property=\"og:url\" content=\"https:\/\/lessecretsduchocolat.com\/en\/product\/gianduja-feuillantine-black-200g\/\" \/>\n<meta property=\"og:site_name\" content=\"Secrets de Chocolat\" \/>\n<meta property=\"article:modified_time\" content=\"2026-03-13T08:24:10+00:00\" \/>\n<meta property=\"og:image\" content=\"https:\/\/lessecretsduchocolat.com\/wp-content\/uploads\/2025\/05\/716.jpg\" \/>\n\t<meta property=\"og:image:width\" content=\"500\" \/>\n\t<meta property=\"og:image:height\" content=\"500\" \/>\n\t<meta property=\"og:image:type\" content=\"image\/jpeg\" \/>\n<meta name=\"twitter:card\" content=\"summary_large_image\" \/>\n<meta name=\"twitter:label1\" content=\"Estimated reading time\" \/>\n\t<meta name=\"twitter:data1\" content=\"2 minutes\" \/>\n<script type=\"application\/ld+json\" class=\"yoast-schema-graph\">{\"@context\":\"https:\\\/\\\/schema.org\",\"@graph\":[{\"@type\":\"WebPage\",\"@id\":\"https:\\\/\\\/lessecretsduchocolat.com\\\/produit\\\/les-gianduja-feuillantine-noir-200g\\\/\",\"url\":\"https:\\\/\\\/lessecretsduchocolat.com\\\/produit\\\/les-gianduja-feuillantine-noir-200g\\\/\",\"name\":\"GIANDUJA CHOCOLAT NOIR 200G\",\"isPartOf\":{\"@id\":\"https:\\\/\\\/lessecretsduchocolat.com\\\/#website\"},\"primaryImageOfPage\":{\"@id\":\"https:\\\/\\\/lessecretsduchocolat.com\\\/produit\\\/les-gianduja-feuillantine-noir-200g\\\/#primaryimage\"},\"image\":{\"@id\":\"https:\\\/\\\/lessecretsduchocolat.com\\\/produit\\\/les-gianduja-feuillantine-noir-200g\\\/#primaryimage\"},\"thumbnailUrl\":\"https:\\\/\\\/lessecretsduchocolat.com\\\/wp-content\\\/uploads\\\/2025\\\/05\\\/716.jpg\",\"datePublished\":\"2021-04-09T06:40:06+00:00\",\"dateModified\":\"2026-03-13T08:24:10+00:00\",\"description\":\"D\u00e9couvrez les Gianduja Feuillantine noir en tubo 200 g : chocolats noir et gianduja noisettes, sublim\u00e9s par des brisures croustillantes de cr\u00eapes dentelles.\",\"breadcrumb\":{\"@id\":\"https:\\\/\\\/lessecretsduchocolat.com\\\/produit\\\/les-gianduja-feuillantine-noir-200g\\\/#breadcrumb\"},\"inLanguage\":\"en-GB\",\"potentialAction\":[{\"@type\":\"ReadAction\",\"target\":[\"https:\\\/\\\/lessecretsduchocolat.com\\\/produit\\\/les-gianduja-feuillantine-noir-200g\\\/\"]}]},{\"@type\":\"ImageObject\",\"inLanguage\":\"en-GB\",\"@id\":\"https:\\\/\\\/lessecretsduchocolat.com\\\/produit\\\/les-gianduja-feuillantine-noir-200g\\\/#primaryimage\",\"url\":\"https:\\\/\\\/lessecretsduchocolat.com\\\/wp-content\\\/uploads\\\/2025\\\/05\\\/716.jpg\",\"contentUrl\":\"https:\\\/\\\/lessecretsduchocolat.com\\\/wp-content\\\/uploads\\\/2025\\\/05\\\/716.jpg\",\"width\":500,\"height\":500,\"caption\":\"image gianduja feuillantine noir\"},{\"@type\":\"BreadcrumbList\",\"@id\":\"https:\\\/\\\/lessecretsduchocolat.com\\\/produit\\\/les-gianduja-feuillantine-noir-200g\\\/#breadcrumb\",\"itemListElement\":[{\"@type\":\"ListItem\",\"position\":1,\"name\":\"Accueil\",\"item\":\"https:\\\/\\\/lessecretsduchocolat.com\\\/\"},{\"@type\":\"ListItem\",\"position\":2,\"name\":\"Boutique en ligne\",\"item\":\"https:\\\/\\\/lessecretsduchocolat.com\\\/magasin\\\/\"},{\"@type\":\"ListItem\",\"position\":3,\"name\":\"LES GIANDUJA FEUILLANTINE NOIR 200G\"}]},{\"@type\":\"WebSite\",\"@id\":\"https:\\\/\\\/lessecretsduchocolat.com\\\/#website\",\"url\":\"https:\\\/\\\/lessecretsduchocolat.com\\\/\",\"name\":\"Secrets de Chocolat\",\"description\":\"\",\"publisher\":{\"@id\":\"https:\\\/\\\/lessecretsduchocolat.com\\\/#organization\"},\"potentialAction\":[{\"@type\":\"SearchAction\",\"target\":{\"@type\":\"EntryPoint\",\"urlTemplate\":\"https:\\\/\\\/lessecretsduchocolat.com\\\/?s={search_term_string}\"},\"query-input\":{\"@type\":\"PropertyValueSpecification\",\"valueRequired\":true,\"valueName\":\"search_term_string\"}}],\"inLanguage\":\"en-GB\"},{\"@type\":\"Organization\",\"@id\":\"https:\\\/\\\/lessecretsduchocolat.com\\\/#organization\",\"name\":\"Secrets de Chocolat\",\"url\":\"https:\\\/\\\/lessecretsduchocolat.com\\\/\",\"logo\":{\"@type\":\"ImageObject\",\"inLanguage\":\"en-GB\",\"@id\":\"https:\\\/\\\/lessecretsduchocolat.com\\\/#\\\/schema\\\/logo\\\/image\\\/\",\"url\":\"https:\\\/\\\/lessecretsduchocolat.com\\\/wp-content\\\/uploads\\\/2025\\\/05\\\/logo.png\",\"contentUrl\":\"https:\\\/\\\/lessecretsduchocolat.com\\\/wp-content\\\/uploads\\\/2025\\\/05\\\/logo.png\",\"width\":198,\"height\":85,\"caption\":\"Secrets de Chocolat\"},\"image\":{\"@id\":\"https:\\\/\\\/lessecretsduchocolat.com\\\/#\\\/schema\\\/logo\\\/image\\\/\"}}]}<\/script>\n<!-- \/ Yoast SEO plugin. -->","yoast_head_json":{"title":"DARK CHOCOLATE GIANDUJA 200G","description":"Discover the dark Gianduja Feuillantine in tubo 200 g: dark chocolate and hazelnut gianduja, sublimated by crunchy cr\u00eapes dentelles chips.","robots":{"index":"index","follow":"follow","max-snippet":"max-snippet:-1","max-image-preview":"max-image-preview:large","max-video-preview":"max-video-preview:-1"},"canonical":"https:\/\/lessecretsduchocolat.com\/en\/product\/gianduja-feuillantine-black-200g\/","og_locale":"en_GB","og_type":"article","og_title":"GIANDUJA CHOCOLAT NOIR 200G","og_description":"D\u00e9couvrez les Gianduja Feuillantine noir en tubo 200 g : chocolats noir et gianduja noisettes, sublim\u00e9s par des brisures croustillantes de cr\u00eapes dentelles.","og_url":"https:\/\/lessecretsduchocolat.com\/en\/product\/gianduja-feuillantine-black-200g\/","og_site_name":"Secrets de Chocolat","article_modified_time":"2026-03-13T08:24:10+00:00","og_image":[{"width":500,"height":500,"url":"https:\/\/lessecretsduchocolat.com\/wp-content\/uploads\/2025\/05\/716.jpg","type":"image\/jpeg"}],"twitter_card":"summary_large_image","twitter_misc":{"Estimated reading time":"2 minutes"},"schema":{"@context":"https:\/\/schema.org","@graph":[{"@type":"WebPage","@id":"https:\/\/lessecretsduchocolat.com\/produit\/les-gianduja-feuillantine-noir-200g\/","url":"https:\/\/lessecretsduchocolat.com\/produit\/les-gianduja-feuillantine-noir-200g\/","name":"DARK CHOCOLATE GIANDUJA 200G","isPartOf":{"@id":"https:\/\/lessecretsduchocolat.com\/#website"},"primaryImageOfPage":{"@id":"https:\/\/lessecretsduchocolat.com\/produit\/les-gianduja-feuillantine-noir-200g\/#primaryimage"},"image":{"@id":"https:\/\/lessecretsduchocolat.com\/produit\/les-gianduja-feuillantine-noir-200g\/#primaryimage"},"thumbnailUrl":"https:\/\/lessecretsduchocolat.com\/wp-content\/uploads\/2025\/05\/716.jpg","datePublished":"2021-04-09T06:40:06+00:00","dateModified":"2026-03-13T08:24:10+00:00","description":"Discover the dark Gianduja Feuillantine in tubo 200 g: dark chocolate and hazelnut gianduja, sublimated by crunchy cr\u00eapes dentelles chips.","breadcrumb":{"@id":"https:\/\/lessecretsduchocolat.com\/produit\/les-gianduja-feuillantine-noir-200g\/#breadcrumb"},"inLanguage":"en-GB","potentialAction":[{"@type":"ReadAction","target":["https:\/\/lessecretsduchocolat.com\/produit\/les-gianduja-feuillantine-noir-200g\/"]}]},{"@type":"ImageObject","inLanguage":"en-GB","@id":"https:\/\/lessecretsduchocolat.com\/produit\/les-gianduja-feuillantine-noir-200g\/#primaryimage","url":"https:\/\/lessecretsduchocolat.com\/wp-content\/uploads\/2025\/05\/716.jpg","contentUrl":"https:\/\/lessecretsduchocolat.com\/wp-content\/uploads\/2025\/05\/716.jpg","width":500,"height":500,"caption":"image gianduja feuillantine noir"},{"@type":"BreadcrumbList","@id":"https:\/\/lessecretsduchocolat.com\/produit\/les-gianduja-feuillantine-noir-200g\/#breadcrumb","itemListElement":[{"@type":"ListItem","position":1,"name":"Accueil","item":"https:\/\/lessecretsduchocolat.com\/"},{"@type":"ListItem","position":2,"name":"Boutique en ligne","item":"https:\/\/lessecretsduchocolat.com\/magasin\/"},{"@type":"ListItem","position":3,"name":"LES GIANDUJA FEUILLANTINE NOIR 200G"}]},{"@type":"WebSite","@id":"https:\/\/lessecretsduchocolat.com\/#website","url":"https:\/\/lessecretsduchocolat.com\/","name":"Secrets de Chocolat","description":"","publisher":{"@id":"https:\/\/lessecretsduchocolat.com\/#organization"},"potentialAction":[{"@type":"SearchAction","target":{"@type":"EntryPoint","urlTemplate":"https:\/\/lessecretsduchocolat.com\/?s={search_term_string}"},"query-input":{"@type":"PropertyValueSpecification","valueRequired":true,"valueName":"search_term_string"}}],"inLanguage":"en-GB"},{"@type":"Organization","@id":"https:\/\/lessecretsduchocolat.com\/#organization","name":"Secrets de Chocolat","url":"https:\/\/lessecretsduchocolat.com\/","logo":{"@type":"ImageObject","inLanguage":"en-GB","@id":"https:\/\/lessecretsduchocolat.com\/#\/schema\/logo\/image\/","url":"https:\/\/lessecretsduchocolat.com\/wp-content\/uploads\/2025\/05\/logo.png","contentUrl":"https:\/\/lessecretsduchocolat.com\/wp-content\/uploads\/2025\/05\/logo.png","width":198,"height":85,"caption":"Secrets de Chocolat"},"image":{"@id":"https:\/\/lessecretsduchocolat.com\/#\/schema\/logo\/image\/"}}]}},"_links":{"self":[{"href":"https:\/\/lessecretsduchocolat.com\/en\/wp-json\/wp\/v2\/product\/1084","targetHints":{"allow":["GET"]}}],"collection":[{"href":"https:\/\/lessecretsduchocolat.com\/en\/wp-json\/wp\/v2\/product"}],"about":[{"href":"https:\/\/lessecretsduchocolat.com\/en\/wp-json\/wp\/v2\/types\/product"}],"version-history":[{"count":4,"href":"https:\/\/lessecretsduchocolat.com\/en\/wp-json\/wp\/v2\/product\/1084\/revisions"}],"predecessor-version":[{"id":4209,"href":"https:\/\/lessecretsduchocolat.com\/en\/wp-json\/wp\/v2\/product\/1084\/revisions\/4209"}],"wp:featuredmedia":[{"embeddable":true,"href":"https:\/\/lessecretsduchocolat.com\/en\/wp-json\/wp\/v2\/media\/863"}],"wp:attachment":[{"href":"https:\/\/lessecretsduchocolat.com\/en\/wp-json\/wp\/v2\/media?parent=1084"}],"wp:term":[{"taxonomy":"product_brand","embeddable":true,"href":"https:\/\/lessecretsduchocolat.com\/en\/wp-json\/wp\/v2\/product_brand?post=1084"},{"taxonomy":"product_cat","embeddable":true,"href":"https:\/\/lessecretsduchocolat.com\/en\/wp-json\/wp\/v2\/product_cat?post=1084"},{"taxonomy":"product_tag","embeddable":true,"href":"https:\/\/lessecretsduchocolat.com\/en\/wp-json\/wp\/v2\/product_tag?post=1084"}],"curies":[{"name":"wp","href":"https:\/\/api.w.org\/{rel}","templated":true}]}}