{"id":1075,"date":"2021-04-02T06:40:06","date_gmt":"2021-04-02T06:40:06","guid":{"rendered":"https:\/\/preprod.lessecretsduchocolat.com\/?product=les-gianduja-lait-625g"},"modified":"2026-03-13T09:23:30","modified_gmt":"2026-03-13T08:23:30","slug":"milk-gianduja-625g","status":"publish","type":"product","link":"https:\/\/lessecretsduchocolat.com\/en\/produit\/les-gianduja-lait-625g\/","title":{"rendered":"Milk chocolate giandujas"},"content":{"rendered":"<p data-start=\"274\" data-end=\"450\">The <strong data-start=\"278\" data-end=\"301\">Gianduja milk <\/strong>are a must-try treat, combining the silky smoothness of milk chocolate with the refined intensity of hazelnuts processed into gianduja.<\/p>\n<p data-start=\"452\" data-end=\"602\">Each bonbon is a concentrate of pleasure: beneath a melting shell of milk chocolate lies a soft, creamy heart of hazelnut gianduja.<\/p>\n<p data-start=\"604\" data-end=\"769\">On the palate, the milky roundness of the chocolate intertwines with the fragrant richness of the hazelnut, creating a perfect harmony of mellowness and aromatic intensity.<\/p>\n<p data-start=\"771\" data-end=\"922\">The gianduja, made from finely ground hazelnuts, gives a velvety texture and a delicately praline flavour that is instantly recognisable.<\/p>\n<p data-start=\"924\" data-end=\"1092\">With their generous <strong data-start=\"953\" data-end=\"962\">625 g<\/strong>These sweets are perfect for large parties, gourmet gifts or for chocolate lovers to enjoy on a daily basis.<\/p>\n<p data-start=\"1094\" data-end=\"1277\">The <strong>Gianduja milk<\/strong> seduce with their elegant simplicity and authenticity. A timeless recipe that has won unanimous acclaim from connoisseurs and the curious alike.<\/p>\n<p data-start=\"1279\" data-end=\"1439\">These chocolates can be enjoyed on their own, with a cup of coffee or on a festive table. Their refinement makes them perfect for any occasion.<\/p>\n<p data-start=\"1441\" data-end=\"1576\">Presented in a generous sachet, they also become an ideal <strong data-start=\"1500\" data-end=\"1524\">refined gift idea<\/strong>a symbol of conviviality and gourmet elegance.<\/p>\n<p data-start=\"1578\" data-end=\"1741\">The <strong data-start=\"1582\" data-end=\"1605\">Gianduja milk<\/strong>\u00a0are a reminder that true indulgence lies in the right ingredients and the mastery of authentic chocolate-making skills.<\/p>\n<p data-start=\"1743\" data-end=\"1848\">To give or to treat yourself to these gianduja is to choose a tender, generous and universally appreciated pleasure.<\/p>","protected":false},"excerpt":{"rendered":"<p>Let yourself be enchanted by this creamy chocolate, which you could almost devour in one bite! (\u20ac44.00\/kg)<\/p>","protected":false},"featured_media":5063,"template":"","meta":{"_acf_changed":false,"site-sidebar-layout":"default","site-content-layout":"","ast-site-content-layout":"default","site-content-style":"default","site-sidebar-style":"default","ast-global-header-display":"","ast-banner-title-visibility":"","ast-main-header-display":"","ast-hfb-above-header-display":"","ast-hfb-below-header-display":"","ast-hfb-mobile-header-display":"","site-post-title":"","ast-breadcrumbs-content":"","ast-featured-img":"","footer-sml-layout":"","ast-disable-related-posts":"","theme-transparent-header-meta":"default","adv-header-id-meta":"","stick-header-meta":"","header-above-stick-meta":"","header-main-stick-meta":"","header-below-stick-meta":"","astra-migrate-meta-layouts":"set","ast-page-background-enabled":"default","ast-page-background-meta":{"desktop":{"background-color":"var(--ast-global-color-4)","background-image":"","background-repeat":"repeat","background-position":"center center","background-size":"auto","background-attachment":"scroll","background-type":"","background-media":"","overlay-type":"","overlay-color":"","overlay-opacity":"","overlay-gradient":""},"tablet":{"background-color":"","background-image":"","background-repeat":"repeat","background-position":"center center","background-size":"auto","background-attachment":"scroll","background-type":"","background-media":"","overlay-type":"","overlay-color":"","overlay-opacity":"","overlay-gradient":""},"mobile":{"background-color":"","background-image":"","background-repeat":"repeat","background-position":"center center","background-size":"auto","background-attachment":"scroll","background-type":"","background-media":"","overlay-type":"","overlay-color":"","overlay-opacity":"","overlay-gradient":""}},"ast-content-background-meta":{"desktop":{"background-color":"var(--ast-global-color-5)","background-image":"","background-repeat":"repeat","background-position":"center center","background-size":"auto","background-attachment":"scroll","background-type":"","background-media":"","overlay-type":"","overlay-color":"","overlay-opacity":"","overlay-gradient":""},"tablet":{"background-color":"var(--ast-global-color-5)","background-image":"","background-repeat":"repeat","background-position":"center center","background-size":"auto","background-attachment":"scroll","background-type":"","background-media":"","overlay-type":"","overlay-color":"","overlay-opacity":"","overlay-gradient":""},"mobile":{"background-color":"var(--ast-global-color-5)","background-image":"","background-repeat":"repeat","background-position":"center center","background-size":"auto","background-attachment":"scroll","background-type":"","background-media":"","overlay-type":"","overlay-color":"","overlay-opacity":"","overlay-gradient":""}},"iawp_total_views":84},"product_brand":[],"product_cat":[201,204],"product_tag":[],"class_list":{"0":"post-1075","1":"product","2":"type-product","3":"status-publish","4":"has-post-thumbnail","6":"product_cat-grands-formats","7":"product_cat-tous-produits","8":"desktop-align-left","9":"tablet-align-left","10":"mobile-align-left","12":"first","13":"outofstock","14":"taxable","15":"shipping-taxable","16":"purchasable","17":"product-type-simple"},"acf":[],"yoast_head":"<!-- This site is optimized with the Yoast SEO plugin v27.4 - https:\/\/yoast.com\/product\/yoast-seo-wordpress\/ -->\n<title>LES GIANDUJA LAIT 750G<\/title>\n<meta name=\"description\" content=\"D\u00e9couvrez les Gianduja lait 625 g : bonbons de chocolat au lait fondant au c\u0153ur gianduja noisettes. Une gourmandise raffin\u00e9e, g\u00e9n\u00e9reuse et intemporelle.\" \/>\n<meta name=\"robots\" content=\"index, follow, max-snippet:-1, max-image-preview:large, max-video-preview:-1\" \/>\n<link rel=\"canonical\" href=\"https:\/\/lessecretsduchocolat.com\/en\/product\/milk-gianduja-625g\/\" \/>\n<meta property=\"og:locale\" content=\"en_GB\" \/>\n<meta property=\"og:type\" content=\"article\" \/>\n<meta property=\"og:title\" content=\"LES GIANDUJA LAIT 750G\" \/>\n<meta property=\"og:description\" content=\"D\u00e9couvrez les Gianduja lait 625 g : bonbons de chocolat au lait fondant au c\u0153ur gianduja noisettes. Une gourmandise raffin\u00e9e, g\u00e9n\u00e9reuse et intemporelle.\" \/>\n<meta property=\"og:url\" content=\"https:\/\/lessecretsduchocolat.com\/en\/product\/milk-gianduja-625g\/\" \/>\n<meta property=\"og:site_name\" content=\"Secrets de Chocolat\" \/>\n<meta property=\"article:modified_time\" content=\"2026-03-13T08:23:30+00:00\" \/>\n<meta property=\"og:image\" content=\"https:\/\/lessecretsduchocolat.com\/wp-content\/uploads\/2021\/04\/686.jpeg\" \/>\n\t<meta property=\"og:image:width\" content=\"750\" \/>\n\t<meta property=\"og:image:height\" content=\"750\" \/>\n\t<meta property=\"og:image:type\" content=\"image\/jpeg\" \/>\n<meta name=\"twitter:card\" content=\"summary_large_image\" \/>\n<meta name=\"twitter:label1\" content=\"Estimated reading time\" \/>\n\t<meta name=\"twitter:data1\" content=\"2 minutes\" \/>\n<script type=\"application\/ld+json\" class=\"yoast-schema-graph\">{\"@context\":\"https:\\\/\\\/schema.org\",\"@graph\":[{\"@type\":\"WebPage\",\"@id\":\"https:\\\/\\\/lessecretsduchocolat.com\\\/produit\\\/les-gianduja-lait-625g\\\/\",\"url\":\"https:\\\/\\\/lessecretsduchocolat.com\\\/produit\\\/les-gianduja-lait-625g\\\/\",\"name\":\"LES GIANDUJA LAIT 750G\",\"isPartOf\":{\"@id\":\"https:\\\/\\\/lessecretsduchocolat.com\\\/#website\"},\"primaryImageOfPage\":{\"@id\":\"https:\\\/\\\/lessecretsduchocolat.com\\\/produit\\\/les-gianduja-lait-625g\\\/#primaryimage\"},\"image\":{\"@id\":\"https:\\\/\\\/lessecretsduchocolat.com\\\/produit\\\/les-gianduja-lait-625g\\\/#primaryimage\"},\"thumbnailUrl\":\"https:\\\/\\\/lessecretsduchocolat.com\\\/wp-content\\\/uploads\\\/2021\\\/04\\\/686.jpeg\",\"datePublished\":\"2021-04-02T06:40:06+00:00\",\"dateModified\":\"2026-03-13T08:23:30+00:00\",\"description\":\"D\u00e9couvrez les Gianduja lait 625 g : bonbons de chocolat au lait fondant au c\u0153ur gianduja noisettes. Une gourmandise raffin\u00e9e, g\u00e9n\u00e9reuse et intemporelle.\",\"breadcrumb\":{\"@id\":\"https:\\\/\\\/lessecretsduchocolat.com\\\/produit\\\/les-gianduja-lait-625g\\\/#breadcrumb\"},\"inLanguage\":\"en-GB\",\"potentialAction\":[{\"@type\":\"ReadAction\",\"target\":[\"https:\\\/\\\/lessecretsduchocolat.com\\\/produit\\\/les-gianduja-lait-625g\\\/\"]}]},{\"@type\":\"ImageObject\",\"inLanguage\":\"en-GB\",\"@id\":\"https:\\\/\\\/lessecretsduchocolat.com\\\/produit\\\/les-gianduja-lait-625g\\\/#primaryimage\",\"url\":\"https:\\\/\\\/lessecretsduchocolat.com\\\/wp-content\\\/uploads\\\/2021\\\/04\\\/686.jpeg\",\"contentUrl\":\"https:\\\/\\\/lessecretsduchocolat.com\\\/wp-content\\\/uploads\\\/2021\\\/04\\\/686.jpeg\",\"width\":750,\"height\":750,\"caption\":\"grands formats gianduja lait\"},{\"@type\":\"BreadcrumbList\",\"@id\":\"https:\\\/\\\/lessecretsduchocolat.com\\\/produit\\\/les-gianduja-lait-625g\\\/#breadcrumb\",\"itemListElement\":[{\"@type\":\"ListItem\",\"position\":1,\"name\":\"Accueil\",\"item\":\"https:\\\/\\\/lessecretsduchocolat.com\\\/\"},{\"@type\":\"ListItem\",\"position\":2,\"name\":\"Boutique en ligne\",\"item\":\"https:\\\/\\\/lessecretsduchocolat.com\\\/magasin\\\/\"},{\"@type\":\"ListItem\",\"position\":3,\"name\":\"Giandujas au chocolat au lait\"}]},{\"@type\":\"WebSite\",\"@id\":\"https:\\\/\\\/lessecretsduchocolat.com\\\/#website\",\"url\":\"https:\\\/\\\/lessecretsduchocolat.com\\\/\",\"name\":\"Secrets de Chocolat\",\"description\":\"\",\"publisher\":{\"@id\":\"https:\\\/\\\/lessecretsduchocolat.com\\\/#organization\"},\"potentialAction\":[{\"@type\":\"SearchAction\",\"target\":{\"@type\":\"EntryPoint\",\"urlTemplate\":\"https:\\\/\\\/lessecretsduchocolat.com\\\/?s={search_term_string}\"},\"query-input\":{\"@type\":\"PropertyValueSpecification\",\"valueRequired\":true,\"valueName\":\"search_term_string\"}}],\"inLanguage\":\"en-GB\"},{\"@type\":\"Organization\",\"@id\":\"https:\\\/\\\/lessecretsduchocolat.com\\\/#organization\",\"name\":\"Secrets de Chocolat\",\"url\":\"https:\\\/\\\/lessecretsduchocolat.com\\\/\",\"logo\":{\"@type\":\"ImageObject\",\"inLanguage\":\"en-GB\",\"@id\":\"https:\\\/\\\/lessecretsduchocolat.com\\\/#\\\/schema\\\/logo\\\/image\\\/\",\"url\":\"https:\\\/\\\/lessecretsduchocolat.com\\\/wp-content\\\/uploads\\\/2025\\\/05\\\/logo.png\",\"contentUrl\":\"https:\\\/\\\/lessecretsduchocolat.com\\\/wp-content\\\/uploads\\\/2025\\\/05\\\/logo.png\",\"width\":198,\"height\":85,\"caption\":\"Secrets de Chocolat\"},\"image\":{\"@id\":\"https:\\\/\\\/lessecretsduchocolat.com\\\/#\\\/schema\\\/logo\\\/image\\\/\"}}]}<\/script>\n<!-- \/ Yoast SEO plugin. -->","yoast_head_json":{"title":"MILK GIANDUJA 750G","description":"Discover 625g Milk Gianduja: melting milk chocolate bonbons with a hazelnut gianduja centre. A refined, generous and timeless delicacy.","robots":{"index":"index","follow":"follow","max-snippet":"max-snippet:-1","max-image-preview":"max-image-preview:large","max-video-preview":"max-video-preview:-1"},"canonical":"https:\/\/lessecretsduchocolat.com\/en\/product\/milk-gianduja-625g\/","og_locale":"en_GB","og_type":"article","og_title":"LES GIANDUJA LAIT 750G","og_description":"D\u00e9couvrez les Gianduja lait 625 g : bonbons de chocolat au lait fondant au c\u0153ur gianduja noisettes. Une gourmandise raffin\u00e9e, g\u00e9n\u00e9reuse et intemporelle.","og_url":"https:\/\/lessecretsduchocolat.com\/en\/product\/milk-gianduja-625g\/","og_site_name":"Secrets de Chocolat","article_modified_time":"2026-03-13T08:23:30+00:00","og_image":[{"width":750,"height":750,"url":"https:\/\/lessecretsduchocolat.com\/wp-content\/uploads\/2021\/04\/686.jpeg","type":"image\/jpeg"}],"twitter_card":"summary_large_image","twitter_misc":{"Estimated reading time":"2 minutes"},"schema":{"@context":"https:\/\/schema.org","@graph":[{"@type":"WebPage","@id":"https:\/\/lessecretsduchocolat.com\/produit\/les-gianduja-lait-625g\/","url":"https:\/\/lessecretsduchocolat.com\/produit\/les-gianduja-lait-625g\/","name":"MILK GIANDUJA 750G","isPartOf":{"@id":"https:\/\/lessecretsduchocolat.com\/#website"},"primaryImageOfPage":{"@id":"https:\/\/lessecretsduchocolat.com\/produit\/les-gianduja-lait-625g\/#primaryimage"},"image":{"@id":"https:\/\/lessecretsduchocolat.com\/produit\/les-gianduja-lait-625g\/#primaryimage"},"thumbnailUrl":"https:\/\/lessecretsduchocolat.com\/wp-content\/uploads\/2021\/04\/686.jpeg","datePublished":"2021-04-02T06:40:06+00:00","dateModified":"2026-03-13T08:23:30+00:00","description":"Discover 625g Milk Gianduja: melting milk chocolate bonbons with a hazelnut gianduja centre. A refined, generous and timeless delicacy.","breadcrumb":{"@id":"https:\/\/lessecretsduchocolat.com\/produit\/les-gianduja-lait-625g\/#breadcrumb"},"inLanguage":"en-GB","potentialAction":[{"@type":"ReadAction","target":["https:\/\/lessecretsduchocolat.com\/produit\/les-gianduja-lait-625g\/"]}]},{"@type":"ImageObject","inLanguage":"en-GB","@id":"https:\/\/lessecretsduchocolat.com\/produit\/les-gianduja-lait-625g\/#primaryimage","url":"https:\/\/lessecretsduchocolat.com\/wp-content\/uploads\/2021\/04\/686.jpeg","contentUrl":"https:\/\/lessecretsduchocolat.com\/wp-content\/uploads\/2021\/04\/686.jpeg","width":750,"height":750,"caption":"grands formats gianduja lait"},{"@type":"BreadcrumbList","@id":"https:\/\/lessecretsduchocolat.com\/produit\/les-gianduja-lait-625g\/#breadcrumb","itemListElement":[{"@type":"ListItem","position":1,"name":"Accueil","item":"https:\/\/lessecretsduchocolat.com\/"},{"@type":"ListItem","position":2,"name":"Boutique en ligne","item":"https:\/\/lessecretsduchocolat.com\/magasin\/"},{"@type":"ListItem","position":3,"name":"Giandujas au chocolat au lait"}]},{"@type":"WebSite","@id":"https:\/\/lessecretsduchocolat.com\/#website","url":"https:\/\/lessecretsduchocolat.com\/","name":"Secrets de Chocolat","description":"","publisher":{"@id":"https:\/\/lessecretsduchocolat.com\/#organization"},"potentialAction":[{"@type":"SearchAction","target":{"@type":"EntryPoint","urlTemplate":"https:\/\/lessecretsduchocolat.com\/?s={search_term_string}"},"query-input":{"@type":"PropertyValueSpecification","valueRequired":true,"valueName":"search_term_string"}}],"inLanguage":"en-GB"},{"@type":"Organization","@id":"https:\/\/lessecretsduchocolat.com\/#organization","name":"Secrets de Chocolat","url":"https:\/\/lessecretsduchocolat.com\/","logo":{"@type":"ImageObject","inLanguage":"en-GB","@id":"https:\/\/lessecretsduchocolat.com\/#\/schema\/logo\/image\/","url":"https:\/\/lessecretsduchocolat.com\/wp-content\/uploads\/2025\/05\/logo.png","contentUrl":"https:\/\/lessecretsduchocolat.com\/wp-content\/uploads\/2025\/05\/logo.png","width":198,"height":85,"caption":"Secrets de Chocolat"},"image":{"@id":"https:\/\/lessecretsduchocolat.com\/#\/schema\/logo\/image\/"}}]}},"_links":{"self":[{"href":"https:\/\/lessecretsduchocolat.com\/en\/wp-json\/wp\/v2\/product\/1075","targetHints":{"allow":["GET"]}}],"collection":[{"href":"https:\/\/lessecretsduchocolat.com\/en\/wp-json\/wp\/v2\/product"}],"about":[{"href":"https:\/\/lessecretsduchocolat.com\/en\/wp-json\/wp\/v2\/types\/product"}],"version-history":[{"count":5,"href":"https:\/\/lessecretsduchocolat.com\/en\/wp-json\/wp\/v2\/product\/1075\/revisions"}],"predecessor-version":[{"id":5065,"href":"https:\/\/lessecretsduchocolat.com\/en\/wp-json\/wp\/v2\/product\/1075\/revisions\/5065"}],"wp:featuredmedia":[{"embeddable":true,"href":"https:\/\/lessecretsduchocolat.com\/en\/wp-json\/wp\/v2\/media\/5063"}],"wp:attachment":[{"href":"https:\/\/lessecretsduchocolat.com\/en\/wp-json\/wp\/v2\/media?parent=1075"}],"wp:term":[{"taxonomy":"product_brand","embeddable":true,"href":"https:\/\/lessecretsduchocolat.com\/en\/wp-json\/wp\/v2\/product_brand?post=1075"},{"taxonomy":"product_cat","embeddable":true,"href":"https:\/\/lessecretsduchocolat.com\/en\/wp-json\/wp\/v2\/product_cat?post=1075"},{"taxonomy":"product_tag","embeddable":true,"href":"https:\/\/lessecretsduchocolat.com\/en\/wp-json\/wp\/v2\/product_tag?post=1075"}],"curies":[{"name":"wp","href":"https:\/\/api.w.org\/{rel}","templated":true}]}}