{"id":1073,"date":"2021-04-02T06:40:06","date_gmt":"2021-04-02T06:40:06","guid":{"rendered":"https:\/\/preprod.lessecretsduchocolat.com\/?product=les-bretzels-lait-750g"},"modified":"2026-03-13T09:23:30","modified_gmt":"2026-03-13T08:23:30","slug":"milk-pretzels-750g","status":"publish","type":"product","link":"https:\/\/lessecretsduchocolat.com\/en\/produit\/les-bretzels-lait-750g\/","title":{"rendered":"750G MILK PRETZEL BALLS"},"content":{"rendered":"<p data-start=\"315\" data-end=\"493\">The <strong data-start=\"319\" data-end=\"363\">Milk chocolate pretzel balls<\/strong>\u00a0have reinvented the chocolate break with a surprising and addictive combination: the sweetness of chocolate and the salty crunch of pretzels.<\/p>\n<p data-start=\"495\" data-end=\"671\">Each ball is generously coated with <strong data-start=\"540\" data-end=\"580\">pure cocoa butter milk chocolate<\/strong>a delicious, melt-in-the-mouth <strong data-start=\"608\" data-end=\"640\">Salted pretzel biscuit centre<\/strong> deliciously crispy.<\/p>\n<p data-start=\"673\" data-end=\"832\">This sweet and savoury contrast is immediately appealing: the milky roundness of the chocolate and the salty hint of the pretzel balance each other out in a playful, irresistible mouthful.<\/p>\n<p data-start=\"834\" data-end=\"986\">With its generous <strong data-start=\"862\" data-end=\"871\">750 g<\/strong>This bag is perfect for special occasions, celebrations or simply to share with friends and family.<\/p>\n<p data-start=\"988\" data-end=\"1146\">The <strong data-start=\"992\" data-end=\"1027\">milk chocolate pretzel balls<\/strong> can also be enjoyed as an aperitif, a sweet and savoury snack, or as an original touch on a gourmet buffet.<\/p>\n<p data-start=\"1148\" data-end=\"1284\">Their dual texture - crunchy biscuit and melting chocolate - makes them a modern treat that appeals to all generations.<\/p>\n<p data-start=\"1286\" data-end=\"1444\">Le <strong data-start=\"1289\" data-end=\"1321\">pure cocoa butter chocolate<\/strong> guarantees impeccable quality, perfect melting and preserved flavours that bring out the sweetness of the milk.<\/p>\n<p data-start=\"1446\" data-end=\"1631\">Easy to share, pretzel balls are also a great way to <strong data-start=\"1500\" data-end=\"1526\">great gift idea<\/strong> to surprise fans of original flavours and the curious in search of daring combinations.<\/p>\n<p data-start=\"1633\" data-end=\"1769\">The <strong data-start=\"1637\" data-end=\"1681\">750g Milk Chocolate Pretzel Balls<\/strong> are a sure bet for those who love generous, convivial treats.<\/p>\n<p data-start=\"1771\" data-end=\"1889\">To give as gifts, to share or to enjoy without moderation, they will quickly become a must-have for chocolate breaks.<\/p>","protected":false},"excerpt":{"rendered":"<p><strong>The pretzel, an essential Alsatian speciality, has been given a sweet version here, in a milk chocolate bonbon. To be devoured quickly!<\/strong><\/p>","protected":false},"featured_media":833,"template":"","meta":{"_acf_changed":false,"site-sidebar-layout":"default","site-content-layout":"","ast-site-content-layout":"default","site-content-style":"default","site-sidebar-style":"default","ast-global-header-display":"","ast-banner-title-visibility":"","ast-main-header-display":"","ast-hfb-above-header-display":"","ast-hfb-below-header-display":"","ast-hfb-mobile-header-display":"","site-post-title":"","ast-breadcrumbs-content":"","ast-featured-img":"","footer-sml-layout":"","theme-transparent-header-meta":"default","adv-header-id-meta":"","stick-header-meta":"","header-above-stick-meta":"","header-main-stick-meta":"","header-below-stick-meta":"","astra-migrate-meta-layouts":"set","ast-page-background-enabled":"default","ast-page-background-meta":{"desktop":{"background-color":"var(--ast-global-color-4)","background-image":"","background-repeat":"repeat","background-position":"center center","background-size":"auto","background-attachment":"scroll","background-type":"","background-media":"","overlay-type":"","overlay-color":"","overlay-opacity":"","overlay-gradient":""},"tablet":{"background-color":"","background-image":"","background-repeat":"repeat","background-position":"center center","background-size":"auto","background-attachment":"scroll","background-type":"","background-media":"","overlay-type":"","overlay-color":"","overlay-opacity":"","overlay-gradient":""},"mobile":{"background-color":"","background-image":"","background-repeat":"repeat","background-position":"center center","background-size":"auto","background-attachment":"scroll","background-type":"","background-media":"","overlay-type":"","overlay-color":"","overlay-opacity":"","overlay-gradient":""}},"ast-content-background-meta":{"desktop":{"background-color":"var(--ast-global-color-5)","background-image":"","background-repeat":"repeat","background-position":"center center","background-size":"auto","background-attachment":"scroll","background-type":"","background-media":"","overlay-type":"","overlay-color":"","overlay-opacity":"","overlay-gradient":""},"tablet":{"background-color":"var(--ast-global-color-5)","background-image":"","background-repeat":"repeat","background-position":"center center","background-size":"auto","background-attachment":"scroll","background-type":"","background-media":"","overlay-type":"","overlay-color":"","overlay-opacity":"","overlay-gradient":""},"mobile":{"background-color":"var(--ast-global-color-5)","background-image":"","background-repeat":"repeat","background-position":"center center","background-size":"auto","background-attachment":"scroll","background-type":"","background-media":"","overlay-type":"","overlay-color":"","overlay-opacity":"","overlay-gradient":""}},"iawp_total_views":24},"product_brand":[],"product_cat":[201,204],"product_tag":[],"class_list":{"0":"post-1073","1":"product","2":"type-product","3":"status-publish","4":"has-post-thumbnail","6":"product_cat-grands-formats","7":"product_cat-tous-produits","8":"desktop-align-left","9":"tablet-align-left","10":"mobile-align-left","12":"first","13":"instock","14":"taxable","15":"shipping-taxable","16":"purchasable","17":"product-type-simple"},"acf":[],"yoast_head":"<!-- This site is optimized with the Yoast SEO plugin v27.4 - https:\/\/yoast.com\/product\/yoast-seo-wordpress\/ -->\n<title>BOULES BRETZELS CHOCOLAT AU LAIT 750G<\/title>\n<meta name=\"description\" content=\"Boules bretzel chocolat au lait en 750 g : douceur du chocolat au lait et croustillant sal\u00e9 du bretzel. Un format g\u00e9n\u00e9reux, id\u00e9al pour partager.\" \/>\n<meta name=\"robots\" content=\"index, follow, max-snippet:-1, max-image-preview:large, max-video-preview:-1\" \/>\n<link rel=\"canonical\" href=\"https:\/\/lessecretsduchocolat.com\/en\/product\/milk-pretzels-750g\/\" \/>\n<meta property=\"og:locale\" content=\"en_GB\" \/>\n<meta property=\"og:type\" content=\"article\" \/>\n<meta property=\"og:title\" content=\"BOULES BRETZELS CHOCOLAT AU LAIT 750G\" \/>\n<meta property=\"og:description\" content=\"Boules bretzel chocolat au lait en 750 g : douceur du chocolat au lait et croustillant sal\u00e9 du bretzel. Un format g\u00e9n\u00e9reux, id\u00e9al pour partager.\" \/>\n<meta property=\"og:url\" content=\"https:\/\/lessecretsduchocolat.com\/en\/product\/milk-pretzels-750g\/\" \/>\n<meta property=\"og:site_name\" content=\"Secrets de Chocolat\" \/>\n<meta property=\"article:modified_time\" content=\"2026-03-13T08:23:30+00:00\" \/>\n<meta property=\"og:image\" content=\"https:\/\/lessecretsduchocolat.com\/wp-content\/uploads\/2025\/05\/752.jpg\" \/>\n\t<meta property=\"og:image:width\" content=\"500\" \/>\n\t<meta property=\"og:image:height\" content=\"500\" \/>\n\t<meta property=\"og:image:type\" content=\"image\/jpeg\" \/>\n<meta name=\"twitter:card\" content=\"summary_large_image\" \/>\n<meta name=\"twitter:label1\" content=\"Estimated reading time\" \/>\n\t<meta name=\"twitter:data1\" content=\"2 minutes\" \/>\n<script type=\"application\/ld+json\" class=\"yoast-schema-graph\">{\"@context\":\"https:\\\/\\\/schema.org\",\"@graph\":[{\"@type\":\"WebPage\",\"@id\":\"https:\\\/\\\/lessecretsduchocolat.com\\\/produit\\\/les-bretzels-lait-750g\\\/\",\"url\":\"https:\\\/\\\/lessecretsduchocolat.com\\\/produit\\\/les-bretzels-lait-750g\\\/\",\"name\":\"BOULES BRETZELS CHOCOLAT AU LAIT 750G\",\"isPartOf\":{\"@id\":\"https:\\\/\\\/lessecretsduchocolat.com\\\/#website\"},\"primaryImageOfPage\":{\"@id\":\"https:\\\/\\\/lessecretsduchocolat.com\\\/produit\\\/les-bretzels-lait-750g\\\/#primaryimage\"},\"image\":{\"@id\":\"https:\\\/\\\/lessecretsduchocolat.com\\\/produit\\\/les-bretzels-lait-750g\\\/#primaryimage\"},\"thumbnailUrl\":\"https:\\\/\\\/lessecretsduchocolat.com\\\/wp-content\\\/uploads\\\/2025\\\/05\\\/752.jpg\",\"datePublished\":\"2021-04-02T06:40:06+00:00\",\"dateModified\":\"2026-03-13T08:23:30+00:00\",\"description\":\"Boules bretzel chocolat au lait en 750 g : douceur du chocolat au lait et croustillant sal\u00e9 du bretzel. Un format g\u00e9n\u00e9reux, id\u00e9al pour partager.\",\"breadcrumb\":{\"@id\":\"https:\\\/\\\/lessecretsduchocolat.com\\\/produit\\\/les-bretzels-lait-750g\\\/#breadcrumb\"},\"inLanguage\":\"en-GB\",\"potentialAction\":[{\"@type\":\"ReadAction\",\"target\":[\"https:\\\/\\\/lessecretsduchocolat.com\\\/produit\\\/les-bretzels-lait-750g\\\/\"]}]},{\"@type\":\"ImageObject\",\"inLanguage\":\"en-GB\",\"@id\":\"https:\\\/\\\/lessecretsduchocolat.com\\\/produit\\\/les-bretzels-lait-750g\\\/#primaryimage\",\"url\":\"https:\\\/\\\/lessecretsduchocolat.com\\\/wp-content\\\/uploads\\\/2025\\\/05\\\/752.jpg\",\"contentUrl\":\"https:\\\/\\\/lessecretsduchocolat.com\\\/wp-content\\\/uploads\\\/2025\\\/05\\\/752.jpg\",\"width\":500,\"height\":500},{\"@type\":\"BreadcrumbList\",\"@id\":\"https:\\\/\\\/lessecretsduchocolat.com\\\/produit\\\/les-bretzels-lait-750g\\\/#breadcrumb\",\"itemListElement\":[{\"@type\":\"ListItem\",\"position\":1,\"name\":\"Accueil\",\"item\":\"https:\\\/\\\/lessecretsduchocolat.com\\\/\"},{\"@type\":\"ListItem\",\"position\":2,\"name\":\"Boutique en ligne\",\"item\":\"https:\\\/\\\/lessecretsduchocolat.com\\\/magasin\\\/\"},{\"@type\":\"ListItem\",\"position\":3,\"name\":\"BOULES BRETZELS LAIT 750G\"}]},{\"@type\":\"WebSite\",\"@id\":\"https:\\\/\\\/lessecretsduchocolat.com\\\/#website\",\"url\":\"https:\\\/\\\/lessecretsduchocolat.com\\\/\",\"name\":\"Secrets de Chocolat\",\"description\":\"\",\"publisher\":{\"@id\":\"https:\\\/\\\/lessecretsduchocolat.com\\\/#organization\"},\"potentialAction\":[{\"@type\":\"SearchAction\",\"target\":{\"@type\":\"EntryPoint\",\"urlTemplate\":\"https:\\\/\\\/lessecretsduchocolat.com\\\/?s={search_term_string}\"},\"query-input\":{\"@type\":\"PropertyValueSpecification\",\"valueRequired\":true,\"valueName\":\"search_term_string\"}}],\"inLanguage\":\"en-GB\"},{\"@type\":\"Organization\",\"@id\":\"https:\\\/\\\/lessecretsduchocolat.com\\\/#organization\",\"name\":\"Secrets de Chocolat\",\"url\":\"https:\\\/\\\/lessecretsduchocolat.com\\\/\",\"logo\":{\"@type\":\"ImageObject\",\"inLanguage\":\"en-GB\",\"@id\":\"https:\\\/\\\/lessecretsduchocolat.com\\\/#\\\/schema\\\/logo\\\/image\\\/\",\"url\":\"https:\\\/\\\/lessecretsduchocolat.com\\\/wp-content\\\/uploads\\\/2025\\\/05\\\/logo.png\",\"contentUrl\":\"https:\\\/\\\/lessecretsduchocolat.com\\\/wp-content\\\/uploads\\\/2025\\\/05\\\/logo.png\",\"width\":198,\"height\":85,\"caption\":\"Secrets de Chocolat\"},\"image\":{\"@id\":\"https:\\\/\\\/lessecretsduchocolat.com\\\/#\\\/schema\\\/logo\\\/image\\\/\"}}]}<\/script>\n<!-- \/ Yoast SEO plugin. -->","yoast_head_json":{"title":"MILK CHOCOLATE PRETZEL BALLS 750G","description":"750g milk chocolate pretzel balls: the sweetness of milk chocolate and the salty crunch of pretzels. A generous size, ideal for sharing.","robots":{"index":"index","follow":"follow","max-snippet":"max-snippet:-1","max-image-preview":"max-image-preview:large","max-video-preview":"max-video-preview:-1"},"canonical":"https:\/\/lessecretsduchocolat.com\/en\/product\/milk-pretzels-750g\/","og_locale":"en_GB","og_type":"article","og_title":"BOULES BRETZELS CHOCOLAT AU LAIT 750G","og_description":"Boules bretzel chocolat au lait en 750 g : douceur du chocolat au lait et croustillant sal\u00e9 du bretzel. Un format g\u00e9n\u00e9reux, id\u00e9al pour partager.","og_url":"https:\/\/lessecretsduchocolat.com\/en\/product\/milk-pretzels-750g\/","og_site_name":"Secrets de Chocolat","article_modified_time":"2026-03-13T08:23:30+00:00","og_image":[{"width":500,"height":500,"url":"https:\/\/lessecretsduchocolat.com\/wp-content\/uploads\/2025\/05\/752.jpg","type":"image\/jpeg"}],"twitter_card":"summary_large_image","twitter_misc":{"Estimated reading time":"2 minutes"},"schema":{"@context":"https:\/\/schema.org","@graph":[{"@type":"WebPage","@id":"https:\/\/lessecretsduchocolat.com\/produit\/les-bretzels-lait-750g\/","url":"https:\/\/lessecretsduchocolat.com\/produit\/les-bretzels-lait-750g\/","name":"MILK CHOCOLATE PRETZEL BALLS 750G","isPartOf":{"@id":"https:\/\/lessecretsduchocolat.com\/#website"},"primaryImageOfPage":{"@id":"https:\/\/lessecretsduchocolat.com\/produit\/les-bretzels-lait-750g\/#primaryimage"},"image":{"@id":"https:\/\/lessecretsduchocolat.com\/produit\/les-bretzels-lait-750g\/#primaryimage"},"thumbnailUrl":"https:\/\/lessecretsduchocolat.com\/wp-content\/uploads\/2025\/05\/752.jpg","datePublished":"2021-04-02T06:40:06+00:00","dateModified":"2026-03-13T08:23:30+00:00","description":"750g milk chocolate pretzel balls: the sweetness of milk chocolate and the salty crunch of pretzels. A generous size, ideal for sharing.","breadcrumb":{"@id":"https:\/\/lessecretsduchocolat.com\/produit\/les-bretzels-lait-750g\/#breadcrumb"},"inLanguage":"en-GB","potentialAction":[{"@type":"ReadAction","target":["https:\/\/lessecretsduchocolat.com\/produit\/les-bretzels-lait-750g\/"]}]},{"@type":"ImageObject","inLanguage":"en-GB","@id":"https:\/\/lessecretsduchocolat.com\/produit\/les-bretzels-lait-750g\/#primaryimage","url":"https:\/\/lessecretsduchocolat.com\/wp-content\/uploads\/2025\/05\/752.jpg","contentUrl":"https:\/\/lessecretsduchocolat.com\/wp-content\/uploads\/2025\/05\/752.jpg","width":500,"height":500},{"@type":"BreadcrumbList","@id":"https:\/\/lessecretsduchocolat.com\/produit\/les-bretzels-lait-750g\/#breadcrumb","itemListElement":[{"@type":"ListItem","position":1,"name":"Accueil","item":"https:\/\/lessecretsduchocolat.com\/"},{"@type":"ListItem","position":2,"name":"Boutique en ligne","item":"https:\/\/lessecretsduchocolat.com\/magasin\/"},{"@type":"ListItem","position":3,"name":"BOULES BRETZELS LAIT 750G"}]},{"@type":"WebSite","@id":"https:\/\/lessecretsduchocolat.com\/#website","url":"https:\/\/lessecretsduchocolat.com\/","name":"Secrets de Chocolat","description":"","publisher":{"@id":"https:\/\/lessecretsduchocolat.com\/#organization"},"potentialAction":[{"@type":"SearchAction","target":{"@type":"EntryPoint","urlTemplate":"https:\/\/lessecretsduchocolat.com\/?s={search_term_string}"},"query-input":{"@type":"PropertyValueSpecification","valueRequired":true,"valueName":"search_term_string"}}],"inLanguage":"en-GB"},{"@type":"Organization","@id":"https:\/\/lessecretsduchocolat.com\/#organization","name":"Secrets de Chocolat","url":"https:\/\/lessecretsduchocolat.com\/","logo":{"@type":"ImageObject","inLanguage":"en-GB","@id":"https:\/\/lessecretsduchocolat.com\/#\/schema\/logo\/image\/","url":"https:\/\/lessecretsduchocolat.com\/wp-content\/uploads\/2025\/05\/logo.png","contentUrl":"https:\/\/lessecretsduchocolat.com\/wp-content\/uploads\/2025\/05\/logo.png","width":198,"height":85,"caption":"Secrets de Chocolat"},"image":{"@id":"https:\/\/lessecretsduchocolat.com\/#\/schema\/logo\/image\/"}}]}},"_links":{"self":[{"href":"https:\/\/lessecretsduchocolat.com\/en\/wp-json\/wp\/v2\/product\/1073","targetHints":{"allow":["GET"]}}],"collection":[{"href":"https:\/\/lessecretsduchocolat.com\/en\/wp-json\/wp\/v2\/product"}],"about":[{"href":"https:\/\/lessecretsduchocolat.com\/en\/wp-json\/wp\/v2\/types\/product"}],"version-history":[{"count":4,"href":"https:\/\/lessecretsduchocolat.com\/en\/wp-json\/wp\/v2\/product\/1073\/revisions"}],"predecessor-version":[{"id":4110,"href":"https:\/\/lessecretsduchocolat.com\/en\/wp-json\/wp\/v2\/product\/1073\/revisions\/4110"}],"wp:featuredmedia":[{"embeddable":true,"href":"https:\/\/lessecretsduchocolat.com\/en\/wp-json\/wp\/v2\/media\/833"}],"wp:attachment":[{"href":"https:\/\/lessecretsduchocolat.com\/en\/wp-json\/wp\/v2\/media?parent=1073"}],"wp:term":[{"taxonomy":"product_brand","embeddable":true,"href":"https:\/\/lessecretsduchocolat.com\/en\/wp-json\/wp\/v2\/product_brand?post=1073"},{"taxonomy":"product_cat","embeddable":true,"href":"https:\/\/lessecretsduchocolat.com\/en\/wp-json\/wp\/v2\/product_cat?post=1073"},{"taxonomy":"product_tag","embeddable":true,"href":"https:\/\/lessecretsduchocolat.com\/en\/wp-json\/wp\/v2\/product_tag?post=1073"}],"curies":[{"name":"wp","href":"https:\/\/api.w.org\/{rel}","templated":true}]}}