{"id":1064,"date":"2021-03-27T06:40:06","date_gmt":"2021-03-27T06:40:06","guid":{"rendered":"https:\/\/preprod.lessecretsduchocolat.com\/?product=chocolat-de-couverture-lait-650g"},"modified":"2026-03-13T09:05:00","modified_gmt":"2026-03-13T08:05:00","slug":"milk-couverture-chocolate-650g","status":"publish","type":"product","link":"https:\/\/lessecretsduchocolat.com\/en\/produit\/chocolat-de-couverture-lait-650g\/","title":{"rendered":"MILK COUVERTURE CHOCOLATE 650G"},"content":{"rendered":"<p data-start=\"297\" data-end=\"454\">Le <strong data-start=\"300\" data-end=\"337\">milk couverture chocolate<\/strong>\u00a0is the perfect partner for those who love pastry, homemade chocolate and successful gourmet desserts.<\/p>\n<p data-start=\"456\" data-end=\"608\">Made with <strong data-start=\"472\" data-end=\"495\">pure cocoa butter<\/strong>This milk chocolate is distinguished by its milky smoothness, sweet roundness and delicate aromatic notes.<\/p>\n<p data-start=\"610\" data-end=\"795\">Its fluid, homogenous texture makes it a versatile ingredient, perfect for <strong data-start=\"691\" data-end=\"714\">glossy coatings<\/strong>the <strong data-start=\"720\" data-end=\"732\">moulds<\/strong>the <strong data-start=\"738\" data-end=\"760\">melting ganaches<\/strong> or aerial foams.<\/p>\n<p data-start=\"797\" data-end=\"939\">It blends in easily, guaranteeing simple, even work, for amateurs and creative cooks alike.<\/p>\n<p data-start=\"941\" data-end=\"1098\">With its practical <strong data-start=\"969\" data-end=\"978\">650 g<\/strong>The perfect amount for a wide range of desserts, homemade pastries and festive chocolate creations.<\/p>\n<p data-start=\"1100\" data-end=\"1235\">Thanks to its balance of cocoa, milk and sugar, it enhances both simple preparations and the most elaborate recipes.<\/p>\n<p data-start=\"1237\" data-end=\"1361\">Properly tempered, it produces a crisp, shiny, refined chocolate worthy of the finest chocolatiers' creations.<\/p>\n<p data-start=\"1363\" data-end=\"1499\">Its milky, gourmet taste makes it ideal for recipes suitable for children and adults alike, from the simplest to the most sophisticated.<\/p>\n<p data-start=\"1501\" data-end=\"1647\">Add dried fruit, caramel or spices to create original combinations. A versatile milk chocolate that stimulates the imagination in the kitchen.<\/p>\n<p data-start=\"1649\" data-end=\"1822\">Le <strong data-start=\"1652\" data-end=\"1689\">milk couverture chocolate <\/strong>embodies chocolate-making expertise and universal indulgence. An essential ingredient to enhance your home-made creations.<\/p>","protected":false},"excerpt":{"rendered":"<p><strong>Cook with milk chocolate couverture for creamy, gourmet dishes!<\/strong><\/p>","protected":false},"featured_media":807,"template":"","meta":{"_acf_changed":false,"site-sidebar-layout":"default","site-content-layout":"","ast-site-content-layout":"default","site-content-style":"default","site-sidebar-style":"default","ast-global-header-display":"","ast-banner-title-visibility":"","ast-main-header-display":"","ast-hfb-above-header-display":"","ast-hfb-below-header-display":"","ast-hfb-mobile-header-display":"","site-post-title":"","ast-breadcrumbs-content":"","ast-featured-img":"","footer-sml-layout":"","ast-disable-related-posts":"","theme-transparent-header-meta":"default","adv-header-id-meta":"","stick-header-meta":"","header-above-stick-meta":"","header-main-stick-meta":"","header-below-stick-meta":"","astra-migrate-meta-layouts":"set","ast-page-background-enabled":"default","ast-page-background-meta":{"desktop":{"background-color":"var(--ast-global-color-4)","background-image":"","background-repeat":"repeat","background-position":"center center","background-size":"auto","background-attachment":"scroll","background-type":"","background-media":"","overlay-type":"","overlay-color":"","overlay-opacity":"","overlay-gradient":""},"tablet":{"background-color":"","background-image":"","background-repeat":"repeat","background-position":"center center","background-size":"auto","background-attachment":"scroll","background-type":"","background-media":"","overlay-type":"","overlay-color":"","overlay-opacity":"","overlay-gradient":""},"mobile":{"background-color":"","background-image":"","background-repeat":"repeat","background-position":"center center","background-size":"auto","background-attachment":"scroll","background-type":"","background-media":"","overlay-type":"","overlay-color":"","overlay-opacity":"","overlay-gradient":""}},"ast-content-background-meta":{"desktop":{"background-color":"var(--ast-global-color-5)","background-image":"","background-repeat":"repeat","background-position":"center center","background-size":"auto","background-attachment":"scroll","background-type":"","background-media":"","overlay-type":"","overlay-color":"","overlay-opacity":"","overlay-gradient":""},"tablet":{"background-color":"var(--ast-global-color-5)","background-image":"","background-repeat":"repeat","background-position":"center center","background-size":"auto","background-attachment":"scroll","background-type":"","background-media":"","overlay-type":"","overlay-color":"","overlay-opacity":"","overlay-gradient":""},"mobile":{"background-color":"var(--ast-global-color-5)","background-image":"","background-repeat":"repeat","background-position":"center center","background-size":"auto","background-attachment":"scroll","background-type":"","background-media":"","overlay-type":"","overlay-color":"","overlay-opacity":"","overlay-gradient":""}},"iawp_total_views":35},"product_brand":[],"product_cat":[204],"product_tag":[],"class_list":{"0":"post-1064","1":"product","2":"type-product","3":"status-publish","4":"has-post-thumbnail","6":"product_cat-tous-produits","7":"desktop-align-left","8":"tablet-align-left","9":"mobile-align-left","11":"first","12":"instock","13":"taxable","14":"shipping-taxable","15":"purchasable","16":"product-type-simple"},"acf":[],"yoast_head":"<!-- This site is optimized with the Yoast SEO plugin v27.4 - https:\/\/yoast.com\/product\/yoast-seo-wordpress\/ -->\n<title>CHOCOLAT DE COUVERTURE LAIT 650G<\/title>\n<meta name=\"description\" content=\"D\u00e9couvrez notre chocolat de couverture au lait, id\u00e9al pour toutes vos cr\u00e9ations. Laissez libre cours \u00e0 votre cr\u00e9ativit\u00e9 avec ce chocolat de qualit\u00e9 professionnelle.\" \/>\n<meta name=\"robots\" content=\"index, follow, max-snippet:-1, max-image-preview:large, max-video-preview:-1\" \/>\n<link rel=\"canonical\" href=\"https:\/\/lessecretsduchocolat.com\/en\/product\/milk-couverture-chocolate-650g\/\" \/>\n<meta property=\"og:locale\" content=\"en_GB\" \/>\n<meta property=\"og:type\" content=\"article\" \/>\n<meta property=\"og:title\" content=\"CHOCOLAT DE COUVERTURE LAIT 650G\" \/>\n<meta property=\"og:description\" content=\"D\u00e9couvrez notre chocolat de couverture au lait, id\u00e9al pour toutes vos cr\u00e9ations. Laissez libre cours \u00e0 votre cr\u00e9ativit\u00e9 avec ce chocolat de qualit\u00e9 professionnelle.\" \/>\n<meta property=\"og:url\" content=\"https:\/\/lessecretsduchocolat.com\/en\/product\/milk-couverture-chocolate-650g\/\" \/>\n<meta property=\"og:site_name\" content=\"Secrets de Chocolat\" \/>\n<meta property=\"article:modified_time\" content=\"2026-03-13T08:05:00+00:00\" \/>\n<meta property=\"og:image\" content=\"https:\/\/lessecretsduchocolat.com\/wp-content\/uploads\/2025\/05\/663.jpg\" \/>\n\t<meta property=\"og:image:width\" content=\"500\" \/>\n\t<meta property=\"og:image:height\" content=\"500\" \/>\n\t<meta property=\"og:image:type\" content=\"image\/jpeg\" \/>\n<meta name=\"twitter:card\" content=\"summary_large_image\" \/>\n<meta name=\"twitter:label1\" content=\"Estimated reading time\" \/>\n\t<meta name=\"twitter:data1\" content=\"2 minutes\" \/>\n<script type=\"application\/ld+json\" class=\"yoast-schema-graph\">{\"@context\":\"https:\\\/\\\/schema.org\",\"@graph\":[{\"@type\":\"WebPage\",\"@id\":\"https:\\\/\\\/lessecretsduchocolat.com\\\/produit\\\/chocolat-de-couverture-lait-650g\\\/\",\"url\":\"https:\\\/\\\/lessecretsduchocolat.com\\\/produit\\\/chocolat-de-couverture-lait-650g\\\/\",\"name\":\"CHOCOLAT DE COUVERTURE LAIT 650G\",\"isPartOf\":{\"@id\":\"https:\\\/\\\/lessecretsduchocolat.com\\\/#website\"},\"primaryImageOfPage\":{\"@id\":\"https:\\\/\\\/lessecretsduchocolat.com\\\/produit\\\/chocolat-de-couverture-lait-650g\\\/#primaryimage\"},\"image\":{\"@id\":\"https:\\\/\\\/lessecretsduchocolat.com\\\/produit\\\/chocolat-de-couverture-lait-650g\\\/#primaryimage\"},\"thumbnailUrl\":\"https:\\\/\\\/lessecretsduchocolat.com\\\/wp-content\\\/uploads\\\/2025\\\/05\\\/663.jpg\",\"datePublished\":\"2021-03-27T06:40:06+00:00\",\"dateModified\":\"2026-03-13T08:05:00+00:00\",\"description\":\"D\u00e9couvrez notre chocolat de couverture au lait, id\u00e9al pour toutes vos cr\u00e9ations. Laissez libre cours \u00e0 votre cr\u00e9ativit\u00e9 avec ce chocolat de qualit\u00e9 professionnelle.\",\"breadcrumb\":{\"@id\":\"https:\\\/\\\/lessecretsduchocolat.com\\\/produit\\\/chocolat-de-couverture-lait-650g\\\/#breadcrumb\"},\"inLanguage\":\"en-GB\",\"potentialAction\":[{\"@type\":\"ReadAction\",\"target\":[\"https:\\\/\\\/lessecretsduchocolat.com\\\/produit\\\/chocolat-de-couverture-lait-650g\\\/\"]}]},{\"@type\":\"ImageObject\",\"inLanguage\":\"en-GB\",\"@id\":\"https:\\\/\\\/lessecretsduchocolat.com\\\/produit\\\/chocolat-de-couverture-lait-650g\\\/#primaryimage\",\"url\":\"https:\\\/\\\/lessecretsduchocolat.com\\\/wp-content\\\/uploads\\\/2025\\\/05\\\/663.jpg\",\"contentUrl\":\"https:\\\/\\\/lessecretsduchocolat.com\\\/wp-content\\\/uploads\\\/2025\\\/05\\\/663.jpg\",\"width\":500,\"height\":500},{\"@type\":\"BreadcrumbList\",\"@id\":\"https:\\\/\\\/lessecretsduchocolat.com\\\/produit\\\/chocolat-de-couverture-lait-650g\\\/#breadcrumb\",\"itemListElement\":[{\"@type\":\"ListItem\",\"position\":1,\"name\":\"Accueil\",\"item\":\"https:\\\/\\\/lessecretsduchocolat.com\\\/\"},{\"@type\":\"ListItem\",\"position\":2,\"name\":\"Boutique en ligne\",\"item\":\"https:\\\/\\\/lessecretsduchocolat.com\\\/magasin\\\/\"},{\"@type\":\"ListItem\",\"position\":3,\"name\":\"CHOCOLAT DE COUVERTURE LAIT 650G\"}]},{\"@type\":\"WebSite\",\"@id\":\"https:\\\/\\\/lessecretsduchocolat.com\\\/#website\",\"url\":\"https:\\\/\\\/lessecretsduchocolat.com\\\/\",\"name\":\"Secrets de Chocolat\",\"description\":\"\",\"publisher\":{\"@id\":\"https:\\\/\\\/lessecretsduchocolat.com\\\/#organization\"},\"potentialAction\":[{\"@type\":\"SearchAction\",\"target\":{\"@type\":\"EntryPoint\",\"urlTemplate\":\"https:\\\/\\\/lessecretsduchocolat.com\\\/?s={search_term_string}\"},\"query-input\":{\"@type\":\"PropertyValueSpecification\",\"valueRequired\":true,\"valueName\":\"search_term_string\"}}],\"inLanguage\":\"en-GB\"},{\"@type\":\"Organization\",\"@id\":\"https:\\\/\\\/lessecretsduchocolat.com\\\/#organization\",\"name\":\"Secrets de Chocolat\",\"url\":\"https:\\\/\\\/lessecretsduchocolat.com\\\/\",\"logo\":{\"@type\":\"ImageObject\",\"inLanguage\":\"en-GB\",\"@id\":\"https:\\\/\\\/lessecretsduchocolat.com\\\/#\\\/schema\\\/logo\\\/image\\\/\",\"url\":\"https:\\\/\\\/lessecretsduchocolat.com\\\/wp-content\\\/uploads\\\/2025\\\/05\\\/logo.png\",\"contentUrl\":\"https:\\\/\\\/lessecretsduchocolat.com\\\/wp-content\\\/uploads\\\/2025\\\/05\\\/logo.png\",\"width\":198,\"height\":85,\"caption\":\"Secrets de Chocolat\"},\"image\":{\"@id\":\"https:\\\/\\\/lessecretsduchocolat.com\\\/#\\\/schema\\\/logo\\\/image\\\/\"}}]}<\/script>\n<!-- \/ Yoast SEO plugin. -->","yoast_head_json":{"title":"MILK COUVERTURE CHOCOLATE 650G","description":"Discover our milk couverture chocolate, ideal for all your creations. Give free rein to your creativity with this professional quality chocolate.","robots":{"index":"index","follow":"follow","max-snippet":"max-snippet:-1","max-image-preview":"max-image-preview:large","max-video-preview":"max-video-preview:-1"},"canonical":"https:\/\/lessecretsduchocolat.com\/en\/product\/milk-couverture-chocolate-650g\/","og_locale":"en_GB","og_type":"article","og_title":"CHOCOLAT DE COUVERTURE LAIT 650G","og_description":"D\u00e9couvrez notre chocolat de couverture au lait, id\u00e9al pour toutes vos cr\u00e9ations. Laissez libre cours \u00e0 votre cr\u00e9ativit\u00e9 avec ce chocolat de qualit\u00e9 professionnelle.","og_url":"https:\/\/lessecretsduchocolat.com\/en\/product\/milk-couverture-chocolate-650g\/","og_site_name":"Secrets de Chocolat","article_modified_time":"2026-03-13T08:05:00+00:00","og_image":[{"width":500,"height":500,"url":"https:\/\/lessecretsduchocolat.com\/wp-content\/uploads\/2025\/05\/663.jpg","type":"image\/jpeg"}],"twitter_card":"summary_large_image","twitter_misc":{"Estimated reading time":"2 minutes"},"schema":{"@context":"https:\/\/schema.org","@graph":[{"@type":"WebPage","@id":"https:\/\/lessecretsduchocolat.com\/produit\/chocolat-de-couverture-lait-650g\/","url":"https:\/\/lessecretsduchocolat.com\/produit\/chocolat-de-couverture-lait-650g\/","name":"MILK COUVERTURE CHOCOLATE 650G","isPartOf":{"@id":"https:\/\/lessecretsduchocolat.com\/#website"},"primaryImageOfPage":{"@id":"https:\/\/lessecretsduchocolat.com\/produit\/chocolat-de-couverture-lait-650g\/#primaryimage"},"image":{"@id":"https:\/\/lessecretsduchocolat.com\/produit\/chocolat-de-couverture-lait-650g\/#primaryimage"},"thumbnailUrl":"https:\/\/lessecretsduchocolat.com\/wp-content\/uploads\/2025\/05\/663.jpg","datePublished":"2021-03-27T06:40:06+00:00","dateModified":"2026-03-13T08:05:00+00:00","description":"Discover our milk couverture chocolate, ideal for all your creations. Give free rein to your creativity with this professional quality chocolate.","breadcrumb":{"@id":"https:\/\/lessecretsduchocolat.com\/produit\/chocolat-de-couverture-lait-650g\/#breadcrumb"},"inLanguage":"en-GB","potentialAction":[{"@type":"ReadAction","target":["https:\/\/lessecretsduchocolat.com\/produit\/chocolat-de-couverture-lait-650g\/"]}]},{"@type":"ImageObject","inLanguage":"en-GB","@id":"https:\/\/lessecretsduchocolat.com\/produit\/chocolat-de-couverture-lait-650g\/#primaryimage","url":"https:\/\/lessecretsduchocolat.com\/wp-content\/uploads\/2025\/05\/663.jpg","contentUrl":"https:\/\/lessecretsduchocolat.com\/wp-content\/uploads\/2025\/05\/663.jpg","width":500,"height":500},{"@type":"BreadcrumbList","@id":"https:\/\/lessecretsduchocolat.com\/produit\/chocolat-de-couverture-lait-650g\/#breadcrumb","itemListElement":[{"@type":"ListItem","position":1,"name":"Accueil","item":"https:\/\/lessecretsduchocolat.com\/"},{"@type":"ListItem","position":2,"name":"Boutique en ligne","item":"https:\/\/lessecretsduchocolat.com\/magasin\/"},{"@type":"ListItem","position":3,"name":"CHOCOLAT DE COUVERTURE LAIT 650G"}]},{"@type":"WebSite","@id":"https:\/\/lessecretsduchocolat.com\/#website","url":"https:\/\/lessecretsduchocolat.com\/","name":"Secrets de Chocolat","description":"","publisher":{"@id":"https:\/\/lessecretsduchocolat.com\/#organization"},"potentialAction":[{"@type":"SearchAction","target":{"@type":"EntryPoint","urlTemplate":"https:\/\/lessecretsduchocolat.com\/?s={search_term_string}"},"query-input":{"@type":"PropertyValueSpecification","valueRequired":true,"valueName":"search_term_string"}}],"inLanguage":"en-GB"},{"@type":"Organization","@id":"https:\/\/lessecretsduchocolat.com\/#organization","name":"Secrets de Chocolat","url":"https:\/\/lessecretsduchocolat.com\/","logo":{"@type":"ImageObject","inLanguage":"en-GB","@id":"https:\/\/lessecretsduchocolat.com\/#\/schema\/logo\/image\/","url":"https:\/\/lessecretsduchocolat.com\/wp-content\/uploads\/2025\/05\/logo.png","contentUrl":"https:\/\/lessecretsduchocolat.com\/wp-content\/uploads\/2025\/05\/logo.png","width":198,"height":85,"caption":"Secrets de Chocolat"},"image":{"@id":"https:\/\/lessecretsduchocolat.com\/#\/schema\/logo\/image\/"}}]}},"_links":{"self":[{"href":"https:\/\/lessecretsduchocolat.com\/en\/wp-json\/wp\/v2\/product\/1064","targetHints":{"allow":["GET"]}}],"collection":[{"href":"https:\/\/lessecretsduchocolat.com\/en\/wp-json\/wp\/v2\/product"}],"about":[{"href":"https:\/\/lessecretsduchocolat.com\/en\/wp-json\/wp\/v2\/types\/product"}],"version-history":[{"count":3,"href":"https:\/\/lessecretsduchocolat.com\/en\/wp-json\/wp\/v2\/product\/1064\/revisions"}],"predecessor-version":[{"id":4039,"href":"https:\/\/lessecretsduchocolat.com\/en\/wp-json\/wp\/v2\/product\/1064\/revisions\/4039"}],"wp:featuredmedia":[{"embeddable":true,"href":"https:\/\/lessecretsduchocolat.com\/en\/wp-json\/wp\/v2\/media\/807"}],"wp:attachment":[{"href":"https:\/\/lessecretsduchocolat.com\/en\/wp-json\/wp\/v2\/media?parent=1064"}],"wp:term":[{"taxonomy":"product_brand","embeddable":true,"href":"https:\/\/lessecretsduchocolat.com\/en\/wp-json\/wp\/v2\/product_brand?post=1064"},{"taxonomy":"product_cat","embeddable":true,"href":"https:\/\/lessecretsduchocolat.com\/en\/wp-json\/wp\/v2\/product_cat?post=1064"},{"taxonomy":"product_tag","embeddable":true,"href":"https:\/\/lessecretsduchocolat.com\/en\/wp-json\/wp\/v2\/product_tag?post=1064"}],"curies":[{"name":"wp","href":"https:\/\/api.w.org\/{rel}","templated":true}]}}