{"id":1044,"date":"2020-02-25T16:05:42","date_gmt":"2020-02-25T16:05:42","guid":{"rendered":"https:\/\/preprod.lessecretsduchocolat.com\/?product=les-amandines-lait-250g"},"modified":"2026-03-13T09:24:11","modified_gmt":"2026-03-13T08:24:11","slug":"amandines-milk-250g","status":"publish","type":"product","link":"https:\/\/lessecretsduchocolat.com\/en\/produit\/les-amandines-lait-250g\/","title":{"rendered":"AMANDINES MILK 250G"},"content":{"rendered":"<p data-start=\"302\" data-end=\"474\">The <strong data-start=\"306\" data-end=\"350\">Milk chocolate amandines <\/strong>are a crunchy, melt-in-the-mouth sweet treat that combines the indulgence of milk chocolate with the richness of whole almonds.<\/p>\n<p data-start=\"476\" data-end=\"635\">Each bite brings together a <strong data-start=\"502\" data-end=\"542\">crunchy, fragrant whole almonds<\/strong>delicately coated with <strong data-start=\"568\" data-end=\"608\">pure cocoa butter milk chocolate<\/strong>Smooth and round on the palate.<\/p>\n<p data-start=\"637\" data-end=\"790\">This combination creates a perfect balance between the crunch of dried fruit and the tenderness of chocolate, for a simple pleasure that is universally appreciated.<\/p>\n<p data-start=\"792\" data-end=\"928\">With its <strong data-start=\"808\" data-end=\"817\">250 g<\/strong>The tubo is ideal for sharing with the family, as a gourmet treat or for everyday enjoyment.<\/p>\n<p data-start=\"930\" data-end=\"1090\">These <strong data-start=\"934\" data-end=\"974\">milk chocolate covered almonds<\/strong> seduce with their contrasting textures and balanced flavours, appealing to adults and children alike.<\/p>\n<p data-start=\"1092\" data-end=\"1224\">They are the perfect accompaniment to a coffee break or snack, or can be enjoyed on their own to satisfy a sweet tooth at any time.<\/p>\n<p data-start=\"1226\" data-end=\"1369\">Easy to transport thanks to their tubo packaging, they can be taken anywhere: to the office, on a trip or for a friendly get-together with friends.<\/p>\n<p data-start=\"1371\" data-end=\"1513\">Le <strong data-start=\"1374\" data-end=\"1406\">pure cocoa butter chocolate<\/strong> guarantees consistent quality and preserved flavours, bringing out the natural generosity of the almond.<\/p>\n<p data-start=\"1515\" data-end=\"1676\">The <strong data-start=\"1519\" data-end=\"1563\">Milk chocolate amandines<\/strong>\u00a0are a timeless delicacy, a symbol of simple pleasure and the perfect balance between sweet and crunchy.<\/p>\n<p data-start=\"1678\" data-end=\"1757\">A classic that never disappoints, to give, share or keep to yourself.<\/p>","protected":false},"excerpt":{"rendered":"<p><strong>To nibble on during a sweet break or as an accompaniment to coffee or tea, we love milk almonds for their crunchiness and creaminess on the palate.<\/strong><\/p>","protected":false},"featured_media":744,"template":"","meta":{"_acf_changed":false,"site-sidebar-layout":"default","site-content-layout":"","ast-site-content-layout":"default","site-content-style":"default","site-sidebar-style":"default","ast-global-header-display":"","ast-banner-title-visibility":"","ast-main-header-display":"","ast-hfb-above-header-display":"","ast-hfb-below-header-display":"","ast-hfb-mobile-header-display":"","site-post-title":"","ast-breadcrumbs-content":"","ast-featured-img":"","footer-sml-layout":"","theme-transparent-header-meta":"default","adv-header-id-meta":"","stick-header-meta":"","header-above-stick-meta":"","header-main-stick-meta":"","header-below-stick-meta":"","astra-migrate-meta-layouts":"set","ast-page-background-enabled":"default","ast-page-background-meta":{"desktop":{"background-color":"var(--ast-global-color-4)","background-image":"","background-repeat":"repeat","background-position":"center center","background-size":"auto","background-attachment":"scroll","background-type":"","background-media":"","overlay-type":"","overlay-color":"","overlay-opacity":"","overlay-gradient":""},"tablet":{"background-color":"","background-image":"","background-repeat":"repeat","background-position":"center center","background-size":"auto","background-attachment":"scroll","background-type":"","background-media":"","overlay-type":"","overlay-color":"","overlay-opacity":"","overlay-gradient":""},"mobile":{"background-color":"","background-image":"","background-repeat":"repeat","background-position":"center center","background-size":"auto","background-attachment":"scroll","background-type":"","background-media":"","overlay-type":"","overlay-color":"","overlay-opacity":"","overlay-gradient":""}},"ast-content-background-meta":{"desktop":{"background-color":"var(--ast-global-color-5)","background-image":"","background-repeat":"repeat","background-position":"center center","background-size":"auto","background-attachment":"scroll","background-type":"","background-media":"","overlay-type":"","overlay-color":"","overlay-opacity":"","overlay-gradient":""},"tablet":{"background-color":"var(--ast-global-color-5)","background-image":"","background-repeat":"repeat","background-position":"center center","background-size":"auto","background-attachment":"scroll","background-type":"","background-media":"","overlay-type":"","overlay-color":"","overlay-opacity":"","overlay-gradient":""},"mobile":{"background-color":"var(--ast-global-color-5)","background-image":"","background-repeat":"repeat","background-position":"center center","background-size":"auto","background-attachment":"scroll","background-type":"","background-media":"","overlay-type":"","overlay-color":"","overlay-opacity":"","overlay-gradient":""}},"iawp_total_views":12},"product_brand":[],"product_cat":[108,204],"product_tag":[],"class_list":{"0":"post-1044","1":"product","2":"type-product","3":"status-publish","4":"has-post-thumbnail","6":"product_cat-gourmandises","7":"product_cat-tous-produits","8":"desktop-align-left","9":"tablet-align-left","10":"mobile-align-left","12":"first","13":"instock","14":"taxable","15":"shipping-taxable","16":"purchasable","17":"product-type-simple"},"acf":[],"yoast_head":"<!-- This site is optimized with the Yoast SEO plugin v27.4 - https:\/\/yoast.com\/product\/yoast-seo-wordpress\/ -->\n<title>AMANDINES CHOCOLAT AU LAIT 250g<\/title>\n<meta name=\"description\" content=\"Amandines chocolat au lait en tubo 250 g : amandes enti\u00e8res croquantes enrob\u00e9es de chocolat au lait pur beurre de cacao. Une gourmandise douce et g\u00e9n\u00e9reuse.\" \/>\n<meta name=\"robots\" content=\"index, follow, max-snippet:-1, max-image-preview:large, max-video-preview:-1\" \/>\n<link rel=\"canonical\" href=\"https:\/\/lessecretsduchocolat.com\/en\/product\/amandines-milk-250g\/\" \/>\n<meta property=\"og:locale\" content=\"en_GB\" \/>\n<meta property=\"og:type\" content=\"article\" \/>\n<meta property=\"og:title\" content=\"AMANDINES CHOCOLAT AU LAIT 250g\" \/>\n<meta property=\"og:description\" content=\"Amandines chocolat au lait en tubo 250 g : amandes enti\u00e8res croquantes enrob\u00e9es de chocolat au lait pur beurre de cacao. Une gourmandise douce et g\u00e9n\u00e9reuse.\" \/>\n<meta property=\"og:url\" content=\"https:\/\/lessecretsduchocolat.com\/en\/product\/amandines-milk-250g\/\" \/>\n<meta property=\"og:site_name\" content=\"Secrets de Chocolat\" \/>\n<meta property=\"article:modified_time\" content=\"2026-03-13T08:24:11+00:00\" \/>\n<meta property=\"og:image\" content=\"https:\/\/lessecretsduchocolat.com\/wp-content\/uploads\/2025\/05\/184.jpg\" \/>\n\t<meta property=\"og:image:width\" content=\"500\" \/>\n\t<meta property=\"og:image:height\" content=\"500\" \/>\n\t<meta property=\"og:image:type\" content=\"image\/jpeg\" \/>\n<meta name=\"twitter:card\" content=\"summary_large_image\" \/>\n<meta name=\"twitter:label1\" content=\"Estimated reading time\" \/>\n\t<meta name=\"twitter:data1\" content=\"2 minutes\" \/>\n<script type=\"application\/ld+json\" class=\"yoast-schema-graph\">{\"@context\":\"https:\\\/\\\/schema.org\",\"@graph\":[{\"@type\":\"WebPage\",\"@id\":\"https:\\\/\\\/lessecretsduchocolat.com\\\/produit\\\/les-amandines-lait-250g\\\/\",\"url\":\"https:\\\/\\\/lessecretsduchocolat.com\\\/produit\\\/les-amandines-lait-250g\\\/\",\"name\":\"AMANDINES CHOCOLAT AU LAIT 250g\",\"isPartOf\":{\"@id\":\"https:\\\/\\\/lessecretsduchocolat.com\\\/#website\"},\"primaryImageOfPage\":{\"@id\":\"https:\\\/\\\/lessecretsduchocolat.com\\\/produit\\\/les-amandines-lait-250g\\\/#primaryimage\"},\"image\":{\"@id\":\"https:\\\/\\\/lessecretsduchocolat.com\\\/produit\\\/les-amandines-lait-250g\\\/#primaryimage\"},\"thumbnailUrl\":\"https:\\\/\\\/lessecretsduchocolat.com\\\/wp-content\\\/uploads\\\/2025\\\/05\\\/184.jpg\",\"datePublished\":\"2020-02-25T16:05:42+00:00\",\"dateModified\":\"2026-03-13T08:24:11+00:00\",\"description\":\"Amandines chocolat au lait en tubo 250 g : amandes enti\u00e8res croquantes enrob\u00e9es de chocolat au lait pur beurre de cacao. Une gourmandise douce et g\u00e9n\u00e9reuse.\",\"breadcrumb\":{\"@id\":\"https:\\\/\\\/lessecretsduchocolat.com\\\/produit\\\/les-amandines-lait-250g\\\/#breadcrumb\"},\"inLanguage\":\"en-GB\",\"potentialAction\":[{\"@type\":\"ReadAction\",\"target\":[\"https:\\\/\\\/lessecretsduchocolat.com\\\/produit\\\/les-amandines-lait-250g\\\/\"]}]},{\"@type\":\"ImageObject\",\"inLanguage\":\"en-GB\",\"@id\":\"https:\\\/\\\/lessecretsduchocolat.com\\\/produit\\\/les-amandines-lait-250g\\\/#primaryimage\",\"url\":\"https:\\\/\\\/lessecretsduchocolat.com\\\/wp-content\\\/uploads\\\/2025\\\/05\\\/184.jpg\",\"contentUrl\":\"https:\\\/\\\/lessecretsduchocolat.com\\\/wp-content\\\/uploads\\\/2025\\\/05\\\/184.jpg\",\"width\":500,\"height\":500},{\"@type\":\"BreadcrumbList\",\"@id\":\"https:\\\/\\\/lessecretsduchocolat.com\\\/produit\\\/les-amandines-lait-250g\\\/#breadcrumb\",\"itemListElement\":[{\"@type\":\"ListItem\",\"position\":1,\"name\":\"Accueil\",\"item\":\"https:\\\/\\\/lessecretsduchocolat.com\\\/\"},{\"@type\":\"ListItem\",\"position\":2,\"name\":\"Boutique en ligne\",\"item\":\"https:\\\/\\\/lessecretsduchocolat.com\\\/magasin\\\/\"},{\"@type\":\"ListItem\",\"position\":3,\"name\":\"LES AMANDINES LAIT 250G\"}]},{\"@type\":\"WebSite\",\"@id\":\"https:\\\/\\\/lessecretsduchocolat.com\\\/#website\",\"url\":\"https:\\\/\\\/lessecretsduchocolat.com\\\/\",\"name\":\"Secrets de Chocolat\",\"description\":\"\",\"publisher\":{\"@id\":\"https:\\\/\\\/lessecretsduchocolat.com\\\/#organization\"},\"potentialAction\":[{\"@type\":\"SearchAction\",\"target\":{\"@type\":\"EntryPoint\",\"urlTemplate\":\"https:\\\/\\\/lessecretsduchocolat.com\\\/?s={search_term_string}\"},\"query-input\":{\"@type\":\"PropertyValueSpecification\",\"valueRequired\":true,\"valueName\":\"search_term_string\"}}],\"inLanguage\":\"en-GB\"},{\"@type\":\"Organization\",\"@id\":\"https:\\\/\\\/lessecretsduchocolat.com\\\/#organization\",\"name\":\"Secrets de Chocolat\",\"url\":\"https:\\\/\\\/lessecretsduchocolat.com\\\/\",\"logo\":{\"@type\":\"ImageObject\",\"inLanguage\":\"en-GB\",\"@id\":\"https:\\\/\\\/lessecretsduchocolat.com\\\/#\\\/schema\\\/logo\\\/image\\\/\",\"url\":\"https:\\\/\\\/lessecretsduchocolat.com\\\/wp-content\\\/uploads\\\/2025\\\/05\\\/logo.png\",\"contentUrl\":\"https:\\\/\\\/lessecretsduchocolat.com\\\/wp-content\\\/uploads\\\/2025\\\/05\\\/logo.png\",\"width\":198,\"height\":85,\"caption\":\"Secrets de Chocolat\"},\"image\":{\"@id\":\"https:\\\/\\\/lessecretsduchocolat.com\\\/#\\\/schema\\\/logo\\\/image\\\/\"}}]}<\/script>\n<!-- \/ Yoast SEO plugin. -->","yoast_head_json":{"title":"MILK CHOCOLATE AMANDINS 250g","description":"Milk chocolate almonds in tubo 250 g: crunchy whole almonds coated in pure cocoa butter milk chocolate. A sweet and generous treat.","robots":{"index":"index","follow":"follow","max-snippet":"max-snippet:-1","max-image-preview":"max-image-preview:large","max-video-preview":"max-video-preview:-1"},"canonical":"https:\/\/lessecretsduchocolat.com\/en\/product\/amandines-milk-250g\/","og_locale":"en_GB","og_type":"article","og_title":"AMANDINES CHOCOLAT AU LAIT 250g","og_description":"Amandines chocolat au lait en tubo 250 g : amandes enti\u00e8res croquantes enrob\u00e9es de chocolat au lait pur beurre de cacao. Une gourmandise douce et g\u00e9n\u00e9reuse.","og_url":"https:\/\/lessecretsduchocolat.com\/en\/product\/amandines-milk-250g\/","og_site_name":"Secrets de Chocolat","article_modified_time":"2026-03-13T08:24:11+00:00","og_image":[{"width":500,"height":500,"url":"https:\/\/lessecretsduchocolat.com\/wp-content\/uploads\/2025\/05\/184.jpg","type":"image\/jpeg"}],"twitter_card":"summary_large_image","twitter_misc":{"Estimated reading time":"2 minutes"},"schema":{"@context":"https:\/\/schema.org","@graph":[{"@type":"WebPage","@id":"https:\/\/lessecretsduchocolat.com\/produit\/les-amandines-lait-250g\/","url":"https:\/\/lessecretsduchocolat.com\/produit\/les-amandines-lait-250g\/","name":"MILK CHOCOLATE AMANDINS 250g","isPartOf":{"@id":"https:\/\/lessecretsduchocolat.com\/#website"},"primaryImageOfPage":{"@id":"https:\/\/lessecretsduchocolat.com\/produit\/les-amandines-lait-250g\/#primaryimage"},"image":{"@id":"https:\/\/lessecretsduchocolat.com\/produit\/les-amandines-lait-250g\/#primaryimage"},"thumbnailUrl":"https:\/\/lessecretsduchocolat.com\/wp-content\/uploads\/2025\/05\/184.jpg","datePublished":"2020-02-25T16:05:42+00:00","dateModified":"2026-03-13T08:24:11+00:00","description":"Milk chocolate almonds in tubo 250 g: crunchy whole almonds coated in pure cocoa butter milk chocolate. A sweet and generous treat.","breadcrumb":{"@id":"https:\/\/lessecretsduchocolat.com\/produit\/les-amandines-lait-250g\/#breadcrumb"},"inLanguage":"en-GB","potentialAction":[{"@type":"ReadAction","target":["https:\/\/lessecretsduchocolat.com\/produit\/les-amandines-lait-250g\/"]}]},{"@type":"ImageObject","inLanguage":"en-GB","@id":"https:\/\/lessecretsduchocolat.com\/produit\/les-amandines-lait-250g\/#primaryimage","url":"https:\/\/lessecretsduchocolat.com\/wp-content\/uploads\/2025\/05\/184.jpg","contentUrl":"https:\/\/lessecretsduchocolat.com\/wp-content\/uploads\/2025\/05\/184.jpg","width":500,"height":500},{"@type":"BreadcrumbList","@id":"https:\/\/lessecretsduchocolat.com\/produit\/les-amandines-lait-250g\/#breadcrumb","itemListElement":[{"@type":"ListItem","position":1,"name":"Accueil","item":"https:\/\/lessecretsduchocolat.com\/"},{"@type":"ListItem","position":2,"name":"Boutique en ligne","item":"https:\/\/lessecretsduchocolat.com\/magasin\/"},{"@type":"ListItem","position":3,"name":"LES AMANDINES LAIT 250G"}]},{"@type":"WebSite","@id":"https:\/\/lessecretsduchocolat.com\/#website","url":"https:\/\/lessecretsduchocolat.com\/","name":"Secrets de Chocolat","description":"","publisher":{"@id":"https:\/\/lessecretsduchocolat.com\/#organization"},"potentialAction":[{"@type":"SearchAction","target":{"@type":"EntryPoint","urlTemplate":"https:\/\/lessecretsduchocolat.com\/?s={search_term_string}"},"query-input":{"@type":"PropertyValueSpecification","valueRequired":true,"valueName":"search_term_string"}}],"inLanguage":"en-GB"},{"@type":"Organization","@id":"https:\/\/lessecretsduchocolat.com\/#organization","name":"Secrets de Chocolat","url":"https:\/\/lessecretsduchocolat.com\/","logo":{"@type":"ImageObject","inLanguage":"en-GB","@id":"https:\/\/lessecretsduchocolat.com\/#\/schema\/logo\/image\/","url":"https:\/\/lessecretsduchocolat.com\/wp-content\/uploads\/2025\/05\/logo.png","contentUrl":"https:\/\/lessecretsduchocolat.com\/wp-content\/uploads\/2025\/05\/logo.png","width":198,"height":85,"caption":"Secrets de Chocolat"},"image":{"@id":"https:\/\/lessecretsduchocolat.com\/#\/schema\/logo\/image\/"}}]}},"_links":{"self":[{"href":"https:\/\/lessecretsduchocolat.com\/en\/wp-json\/wp\/v2\/product\/1044","targetHints":{"allow":["GET"]}}],"collection":[{"href":"https:\/\/lessecretsduchocolat.com\/en\/wp-json\/wp\/v2\/product"}],"about":[{"href":"https:\/\/lessecretsduchocolat.com\/en\/wp-json\/wp\/v2\/types\/product"}],"version-history":[{"count":3,"href":"https:\/\/lessecretsduchocolat.com\/en\/wp-json\/wp\/v2\/product\/1044\/revisions"}],"predecessor-version":[{"id":4093,"href":"https:\/\/lessecretsduchocolat.com\/en\/wp-json\/wp\/v2\/product\/1044\/revisions\/4093"}],"wp:featuredmedia":[{"embeddable":true,"href":"https:\/\/lessecretsduchocolat.com\/en\/wp-json\/wp\/v2\/media\/744"}],"wp:attachment":[{"href":"https:\/\/lessecretsduchocolat.com\/en\/wp-json\/wp\/v2\/media?parent=1044"}],"wp:term":[{"taxonomy":"product_brand","embeddable":true,"href":"https:\/\/lessecretsduchocolat.com\/en\/wp-json\/wp\/v2\/product_brand?post=1044"},{"taxonomy":"product_cat","embeddable":true,"href":"https:\/\/lessecretsduchocolat.com\/en\/wp-json\/wp\/v2\/product_cat?post=1044"},{"taxonomy":"product_tag","embeddable":true,"href":"https:\/\/lessecretsduchocolat.com\/en\/wp-json\/wp\/v2\/product_tag?post=1044"}],"curies":[{"name":"wp","href":"https:\/\/api.w.org\/{rel}","templated":true}]}}