{"id":1043,"date":"2020-02-25T16:05:42","date_gmt":"2020-02-25T16:05:42","guid":{"rendered":"https:\/\/preprod.lessecretsduchocolat.com\/?product=les-orangettes-200g"},"modified":"2026-03-13T09:24:10","modified_gmt":"2026-03-13T08:24:10","slug":"orangettes-200g","status":"publish","type":"product","link":"https:\/\/lessecretsduchocolat.com\/en\/produit\/les-orangettes-200g\/","title":{"rendered":"ORANGETTES 200G"},"content":{"rendered":"<p data-start=\"286\" data-end=\"442\">The <strong data-start=\"290\" data-end=\"313\">Orangettes s<\/strong>are a refined confection combining the tangy freshness of candied orange with the aromatic intensity of dark chocolate.<\/p>\n<p data-start=\"444\" data-end=\"594\">Each stick combines a <strong data-start=\"470\" data-end=\"497\">candied orange peel<\/strong>tender and fragrant, with a coating of <strong data-start=\"536\" data-end=\"573\">dark chocolate pure cocoa butter<\/strong>rich in flavour.<\/p>\n<p data-start=\"596\" data-end=\"749\">The contrast is unique: the subtle bitterness of the cocoa sublimates the tangy sweetness of the fruit, creating a gourmet harmony that is both fresh and intense.<\/p>\n<p data-start=\"751\" data-end=\"900\">With its <strong data-start=\"767\" data-end=\"776\">200 g<\/strong>This tubo is ideal for everyday enjoyment, as a gourmet gift or to share over coffee or dessert.<\/p>\n<p data-start=\"902\" data-end=\"1031\">The <strong data-start=\"906\" data-end=\"937\">dark chocolate orangettes<\/strong> seduce with their timeless elegance and perfect balance between fruit and chocolate.<\/p>\n<p data-start=\"1033\" data-end=\"1173\">They can be enjoyed on their own for a refined break, but can also accompany a glass of champagne, a strong coffee or a fragrant tea.<\/p>\n<p data-start=\"1175\" data-end=\"1317\">Le <strong data-start=\"1178\" data-end=\"1210\">pure cocoa butter chocolate<\/strong> ensures perfect melting and preserved taste, bringing out the vibrant flavour of candied orange.<\/p>\n<p data-start=\"1319\" data-end=\"1489\">Practical to take away and share, orangettes are easy to give as a small gourmet gift, always appreciated by lovers of fruity and chocolatey treats.<\/p>\n<p data-start=\"1491\" data-end=\"1626\">The <strong data-start=\"1495\" data-end=\"1518\">Orangettes 200 g<\/strong> are a great classic of chocolate confectionery, a symbol of simple, refined and timeless pleasure.<\/p>\n<p data-start=\"1628\" data-end=\"1719\">A must for anyone who loves fruity, intense flavours.<\/p>","protected":false},"excerpt":{"rendered":"<p><strong>As a little treat during the day, or as an accompaniment to coffee or tea, this traditional sweet combines dark chocolate and the very essence of the orange to perfection.<\/strong><\/p>","protected":false},"featured_media":741,"template":"","meta":{"_acf_changed":false,"site-sidebar-layout":"default","site-content-layout":"","ast-site-content-layout":"default","site-content-style":"default","site-sidebar-style":"default","ast-global-header-display":"","ast-banner-title-visibility":"","ast-main-header-display":"","ast-hfb-above-header-display":"","ast-hfb-below-header-display":"","ast-hfb-mobile-header-display":"","site-post-title":"","ast-breadcrumbs-content":"","ast-featured-img":"","footer-sml-layout":"","theme-transparent-header-meta":"default","adv-header-id-meta":"","stick-header-meta":"","header-above-stick-meta":"","header-main-stick-meta":"","header-below-stick-meta":"","astra-migrate-meta-layouts":"set","ast-page-background-enabled":"default","ast-page-background-meta":{"desktop":{"background-color":"var(--ast-global-color-4)","background-image":"","background-repeat":"repeat","background-position":"center center","background-size":"auto","background-attachment":"scroll","background-type":"","background-media":"","overlay-type":"","overlay-color":"","overlay-opacity":"","overlay-gradient":""},"tablet":{"background-color":"","background-image":"","background-repeat":"repeat","background-position":"center center","background-size":"auto","background-attachment":"scroll","background-type":"","background-media":"","overlay-type":"","overlay-color":"","overlay-opacity":"","overlay-gradient":""},"mobile":{"background-color":"","background-image":"","background-repeat":"repeat","background-position":"center center","background-size":"auto","background-attachment":"scroll","background-type":"","background-media":"","overlay-type":"","overlay-color":"","overlay-opacity":"","overlay-gradient":""}},"ast-content-background-meta":{"desktop":{"background-color":"var(--ast-global-color-5)","background-image":"","background-repeat":"repeat","background-position":"center center","background-size":"auto","background-attachment":"scroll","background-type":"","background-media":"","overlay-type":"","overlay-color":"","overlay-opacity":"","overlay-gradient":""},"tablet":{"background-color":"var(--ast-global-color-5)","background-image":"","background-repeat":"repeat","background-position":"center center","background-size":"auto","background-attachment":"scroll","background-type":"","background-media":"","overlay-type":"","overlay-color":"","overlay-opacity":"","overlay-gradient":""},"mobile":{"background-color":"var(--ast-global-color-5)","background-image":"","background-repeat":"repeat","background-position":"center center","background-size":"auto","background-attachment":"scroll","background-type":"","background-media":"","overlay-type":"","overlay-color":"","overlay-opacity":"","overlay-gradient":""}},"iawp_total_views":63},"product_brand":[],"product_cat":[108,204],"product_tag":[],"class_list":{"0":"post-1043","1":"product","2":"type-product","3":"status-publish","4":"has-post-thumbnail","6":"product_cat-gourmandises","7":"product_cat-tous-produits","8":"desktop-align-left","9":"tablet-align-left","10":"mobile-align-left","12":"first","13":"instock","14":"taxable","15":"shipping-taxable","16":"purchasable","17":"product-type-simple"},"acf":[],"yoast_head":"<!-- This site is optimized with the Yoast SEO plugin v27.4 - https:\/\/yoast.com\/product\/yoast-seo-wordpress\/ -->\n<title>LES ORANGETTES 200G<\/title>\n<meta name=\"description\" content=\"D\u00e9couvrez Les Orangettes (200g) : des bonbons de chocolat noir pur beurre de cacao intense, enrobant de d\u00e9licieuses \u00e9corces d&#039;oranges confites.\" \/>\n<meta name=\"robots\" content=\"index, follow, max-snippet:-1, max-image-preview:large, max-video-preview:-1\" \/>\n<link rel=\"canonical\" href=\"https:\/\/lessecretsduchocolat.com\/en\/product\/orangettes-200g\/\" \/>\n<meta property=\"og:locale\" content=\"en_GB\" \/>\n<meta property=\"og:type\" content=\"article\" \/>\n<meta property=\"og:title\" content=\"LES ORANGETTES 200G\" \/>\n<meta property=\"og:description\" content=\"D\u00e9couvrez Les Orangettes (200g) : des bonbons de chocolat noir pur beurre de cacao intense, enrobant de d\u00e9licieuses \u00e9corces d&#039;oranges confites.\" \/>\n<meta property=\"og:url\" content=\"https:\/\/lessecretsduchocolat.com\/en\/product\/orangettes-200g\/\" \/>\n<meta property=\"og:site_name\" content=\"Secrets de Chocolat\" \/>\n<meta property=\"article:modified_time\" content=\"2026-03-13T08:24:10+00:00\" \/>\n<meta property=\"og:image\" content=\"https:\/\/lessecretsduchocolat.com\/wp-content\/uploads\/2025\/05\/13_2nd.jpg\" \/>\n\t<meta property=\"og:image:width\" content=\"1678\" \/>\n\t<meta property=\"og:image:height\" content=\"838\" \/>\n\t<meta property=\"og:image:type\" content=\"image\/jpeg\" \/>\n<meta name=\"twitter:card\" content=\"summary_large_image\" \/>\n<meta name=\"twitter:label1\" content=\"Estimated reading time\" \/>\n\t<meta name=\"twitter:data1\" content=\"2 minutes\" \/>\n<script type=\"application\/ld+json\" class=\"yoast-schema-graph\">{\"@context\":\"https:\\\/\\\/schema.org\",\"@graph\":[{\"@type\":\"WebPage\",\"@id\":\"https:\\\/\\\/lessecretsduchocolat.com\\\/produit\\\/les-orangettes-200g\\\/\",\"url\":\"https:\\\/\\\/lessecretsduchocolat.com\\\/produit\\\/les-orangettes-200g\\\/\",\"name\":\"LES ORANGETTES 200G\",\"isPartOf\":{\"@id\":\"https:\\\/\\\/lessecretsduchocolat.com\\\/#website\"},\"primaryImageOfPage\":{\"@id\":\"https:\\\/\\\/lessecretsduchocolat.com\\\/produit\\\/les-orangettes-200g\\\/#primaryimage\"},\"image\":{\"@id\":\"https:\\\/\\\/lessecretsduchocolat.com\\\/produit\\\/les-orangettes-200g\\\/#primaryimage\"},\"thumbnailUrl\":\"https:\\\/\\\/lessecretsduchocolat.com\\\/wp-content\\\/uploads\\\/2025\\\/05\\\/13_2nd.jpg\",\"datePublished\":\"2020-02-25T16:05:42+00:00\",\"dateModified\":\"2026-03-13T08:24:10+00:00\",\"description\":\"D\u00e9couvrez Les Orangettes (200g) : des bonbons de chocolat noir pur beurre de cacao intense, enrobant de d\u00e9licieuses \u00e9corces d'oranges confites.\",\"breadcrumb\":{\"@id\":\"https:\\\/\\\/lessecretsduchocolat.com\\\/produit\\\/les-orangettes-200g\\\/#breadcrumb\"},\"inLanguage\":\"en-GB\",\"potentialAction\":[{\"@type\":\"ReadAction\",\"target\":[\"https:\\\/\\\/lessecretsduchocolat.com\\\/produit\\\/les-orangettes-200g\\\/\"]}]},{\"@type\":\"ImageObject\",\"inLanguage\":\"en-GB\",\"@id\":\"https:\\\/\\\/lessecretsduchocolat.com\\\/produit\\\/les-orangettes-200g\\\/#primaryimage\",\"url\":\"https:\\\/\\\/lessecretsduchocolat.com\\\/wp-content\\\/uploads\\\/2025\\\/05\\\/13_2nd.jpg\",\"contentUrl\":\"https:\\\/\\\/lessecretsduchocolat.com\\\/wp-content\\\/uploads\\\/2025\\\/05\\\/13_2nd.jpg\",\"width\":1678,\"height\":838},{\"@type\":\"BreadcrumbList\",\"@id\":\"https:\\\/\\\/lessecretsduchocolat.com\\\/produit\\\/les-orangettes-200g\\\/#breadcrumb\",\"itemListElement\":[{\"@type\":\"ListItem\",\"position\":1,\"name\":\"Accueil\",\"item\":\"https:\\\/\\\/lessecretsduchocolat.com\\\/\"},{\"@type\":\"ListItem\",\"position\":2,\"name\":\"Boutique en ligne\",\"item\":\"https:\\\/\\\/lessecretsduchocolat.com\\\/magasin\\\/\"},{\"@type\":\"ListItem\",\"position\":3,\"name\":\"LES ORANGETTES 200G\"}]},{\"@type\":\"WebSite\",\"@id\":\"https:\\\/\\\/lessecretsduchocolat.com\\\/#website\",\"url\":\"https:\\\/\\\/lessecretsduchocolat.com\\\/\",\"name\":\"Secrets de Chocolat\",\"description\":\"\",\"publisher\":{\"@id\":\"https:\\\/\\\/lessecretsduchocolat.com\\\/#organization\"},\"potentialAction\":[{\"@type\":\"SearchAction\",\"target\":{\"@type\":\"EntryPoint\",\"urlTemplate\":\"https:\\\/\\\/lessecretsduchocolat.com\\\/?s={search_term_string}\"},\"query-input\":{\"@type\":\"PropertyValueSpecification\",\"valueRequired\":true,\"valueName\":\"search_term_string\"}}],\"inLanguage\":\"en-GB\"},{\"@type\":\"Organization\",\"@id\":\"https:\\\/\\\/lessecretsduchocolat.com\\\/#organization\",\"name\":\"Secrets de Chocolat\",\"url\":\"https:\\\/\\\/lessecretsduchocolat.com\\\/\",\"logo\":{\"@type\":\"ImageObject\",\"inLanguage\":\"en-GB\",\"@id\":\"https:\\\/\\\/lessecretsduchocolat.com\\\/#\\\/schema\\\/logo\\\/image\\\/\",\"url\":\"https:\\\/\\\/lessecretsduchocolat.com\\\/wp-content\\\/uploads\\\/2025\\\/05\\\/logo.png\",\"contentUrl\":\"https:\\\/\\\/lessecretsduchocolat.com\\\/wp-content\\\/uploads\\\/2025\\\/05\\\/logo.png\",\"width\":198,\"height\":85,\"caption\":\"Secrets de Chocolat\"},\"image\":{\"@id\":\"https:\\\/\\\/lessecretsduchocolat.com\\\/#\\\/schema\\\/logo\\\/image\\\/\"}}]}<\/script>\n<!-- \/ Yoast SEO plugin. -->","yoast_head_json":{"title":"ORANGETTES 200G","description":"Discover Les Orangettes (200g): intense pure cocoa butter dark chocolate bonbons coated with delicious candied orange peel.","robots":{"index":"index","follow":"follow","max-snippet":"max-snippet:-1","max-image-preview":"max-image-preview:large","max-video-preview":"max-video-preview:-1"},"canonical":"https:\/\/lessecretsduchocolat.com\/en\/product\/orangettes-200g\/","og_locale":"en_GB","og_type":"article","og_title":"LES ORANGETTES 200G","og_description":"D\u00e9couvrez Les Orangettes (200g) : des bonbons de chocolat noir pur beurre de cacao intense, enrobant de d\u00e9licieuses \u00e9corces d'oranges confites.","og_url":"https:\/\/lessecretsduchocolat.com\/en\/product\/orangettes-200g\/","og_site_name":"Secrets de Chocolat","article_modified_time":"2026-03-13T08:24:10+00:00","og_image":[{"width":1678,"height":838,"url":"https:\/\/lessecretsduchocolat.com\/wp-content\/uploads\/2025\/05\/13_2nd.jpg","type":"image\/jpeg"}],"twitter_card":"summary_large_image","twitter_misc":{"Estimated reading time":"2 minutes"},"schema":{"@context":"https:\/\/schema.org","@graph":[{"@type":"WebPage","@id":"https:\/\/lessecretsduchocolat.com\/produit\/les-orangettes-200g\/","url":"https:\/\/lessecretsduchocolat.com\/produit\/les-orangettes-200g\/","name":"ORANGETTES 200G","isPartOf":{"@id":"https:\/\/lessecretsduchocolat.com\/#website"},"primaryImageOfPage":{"@id":"https:\/\/lessecretsduchocolat.com\/produit\/les-orangettes-200g\/#primaryimage"},"image":{"@id":"https:\/\/lessecretsduchocolat.com\/produit\/les-orangettes-200g\/#primaryimage"},"thumbnailUrl":"https:\/\/lessecretsduchocolat.com\/wp-content\/uploads\/2025\/05\/13_2nd.jpg","datePublished":"2020-02-25T16:05:42+00:00","dateModified":"2026-03-13T08:24:10+00:00","description":"Discover Les Orangettes (200g): intense pure cocoa butter dark chocolate bonbons coated with delicious candied orange peel.","breadcrumb":{"@id":"https:\/\/lessecretsduchocolat.com\/produit\/les-orangettes-200g\/#breadcrumb"},"inLanguage":"en-GB","potentialAction":[{"@type":"ReadAction","target":["https:\/\/lessecretsduchocolat.com\/produit\/les-orangettes-200g\/"]}]},{"@type":"ImageObject","inLanguage":"en-GB","@id":"https:\/\/lessecretsduchocolat.com\/produit\/les-orangettes-200g\/#primaryimage","url":"https:\/\/lessecretsduchocolat.com\/wp-content\/uploads\/2025\/05\/13_2nd.jpg","contentUrl":"https:\/\/lessecretsduchocolat.com\/wp-content\/uploads\/2025\/05\/13_2nd.jpg","width":1678,"height":838},{"@type":"BreadcrumbList","@id":"https:\/\/lessecretsduchocolat.com\/produit\/les-orangettes-200g\/#breadcrumb","itemListElement":[{"@type":"ListItem","position":1,"name":"Accueil","item":"https:\/\/lessecretsduchocolat.com\/"},{"@type":"ListItem","position":2,"name":"Boutique en ligne","item":"https:\/\/lessecretsduchocolat.com\/magasin\/"},{"@type":"ListItem","position":3,"name":"LES ORANGETTES 200G"}]},{"@type":"WebSite","@id":"https:\/\/lessecretsduchocolat.com\/#website","url":"https:\/\/lessecretsduchocolat.com\/","name":"Secrets de Chocolat","description":"","publisher":{"@id":"https:\/\/lessecretsduchocolat.com\/#organization"},"potentialAction":[{"@type":"SearchAction","target":{"@type":"EntryPoint","urlTemplate":"https:\/\/lessecretsduchocolat.com\/?s={search_term_string}"},"query-input":{"@type":"PropertyValueSpecification","valueRequired":true,"valueName":"search_term_string"}}],"inLanguage":"en-GB"},{"@type":"Organization","@id":"https:\/\/lessecretsduchocolat.com\/#organization","name":"Secrets de Chocolat","url":"https:\/\/lessecretsduchocolat.com\/","logo":{"@type":"ImageObject","inLanguage":"en-GB","@id":"https:\/\/lessecretsduchocolat.com\/#\/schema\/logo\/image\/","url":"https:\/\/lessecretsduchocolat.com\/wp-content\/uploads\/2025\/05\/logo.png","contentUrl":"https:\/\/lessecretsduchocolat.com\/wp-content\/uploads\/2025\/05\/logo.png","width":198,"height":85,"caption":"Secrets de Chocolat"},"image":{"@id":"https:\/\/lessecretsduchocolat.com\/#\/schema\/logo\/image\/"}}]}},"_links":{"self":[{"href":"https:\/\/lessecretsduchocolat.com\/en\/wp-json\/wp\/v2\/product\/1043","targetHints":{"allow":["GET"]}}],"collection":[{"href":"https:\/\/lessecretsduchocolat.com\/en\/wp-json\/wp\/v2\/product"}],"about":[{"href":"https:\/\/lessecretsduchocolat.com\/en\/wp-json\/wp\/v2\/types\/product"}],"version-history":[{"count":3,"href":"https:\/\/lessecretsduchocolat.com\/en\/wp-json\/wp\/v2\/product\/1043\/revisions"}],"predecessor-version":[{"id":4095,"href":"https:\/\/lessecretsduchocolat.com\/en\/wp-json\/wp\/v2\/product\/1043\/revisions\/4095"}],"wp:featuredmedia":[{"embeddable":true,"href":"https:\/\/lessecretsduchocolat.com\/en\/wp-json\/wp\/v2\/media\/741"}],"wp:attachment":[{"href":"https:\/\/lessecretsduchocolat.com\/en\/wp-json\/wp\/v2\/media?parent=1043"}],"wp:term":[{"taxonomy":"product_brand","embeddable":true,"href":"https:\/\/lessecretsduchocolat.com\/en\/wp-json\/wp\/v2\/product_brand?post=1043"},{"taxonomy":"product_cat","embeddable":true,"href":"https:\/\/lessecretsduchocolat.com\/en\/wp-json\/wp\/v2\/product_cat?post=1043"},{"taxonomy":"product_tag","embeddable":true,"href":"https:\/\/lessecretsduchocolat.com\/en\/wp-json\/wp\/v2\/product_tag?post=1043"}],"curies":[{"name":"wp","href":"https:\/\/api.w.org\/{rel}","templated":true}]}}