{"id":1029,"date":"2020-02-25T16:05:42","date_gmt":"2020-02-25T16:05:42","guid":{"rendered":"https:\/\/preprod.lessecretsduchocolat.com\/?product=pate-a-tartiner-la-gourmande-250g"},"modified":"2026-03-13T09:18:51","modified_gmt":"2026-03-13T08:18:51","slug":"gourmet-spread-250g","status":"publish","type":"product","link":"https:\/\/lessecretsduchocolat.com\/en\/produit\/pate-a-tartiner-la-gourmande-250g\/","title":{"rendered":"GOURMET SPREAD 250G"},"content":{"rendered":"<p data-start=\"292\" data-end=\"457\">La <strong data-start=\"295\" data-end=\"333\">La Gourmande spread 250 g<\/strong> lives up to its name: a generous recipe that combines praline intensity, chocolate sweetness and irresistible crunch.<\/p>\n<p data-start=\"459\" data-end=\"620\">It combines a <strong data-start=\"475\" data-end=\"509\">hazelnut praline<\/strong>rich and fragrant, with melting gianduja, for a velvety texture and a deep, comforting flavour.<\/p>\n<p data-start=\"622\" data-end=\"792\">From <strong data-start=\"626\" data-end=\"651\">puffed rice balls<\/strong> complete the recipe and add a unique crunchy touch, making each spoon a fun, gourmet experience.<\/p>\n<p data-start=\"794\" data-end=\"949\">On the palate, the balance is remarkable: milky sweetness, praline intensity and a delicate crunch intertwine to deliver a textured, addictive pleasure.<\/p>\n<p data-start=\"951\" data-end=\"1107\">Easy to spread, this paste is perfect with bread, pancakes or waffles, but can also be used in homemade pastry recipes.<\/p>\n<p data-start=\"1109\" data-end=\"1254\">With its practical <strong data-start=\"1137\" data-end=\"1146\">250 g<\/strong>It's the perfect way to discover a more daring and surprising taste than traditional spreads.<\/p>\n<p data-start=\"1256\" data-end=\"1418\">This <strong data-start=\"1262\" data-end=\"1295\">crispy spread<\/strong> will appeal to both praline lovers and those looking for a touch of originality in their sweet moments.<\/p>\n<p data-start=\"1420\" data-end=\"1525\">It can be enjoyed on its own, with a spoon, or shared as part of a gourmet snack or brunch.<\/p>\n<p data-start=\"1527\" data-end=\"1681\">La <strong data-start=\"1530\" data-end=\"1568\">La Gourmande spread 250 g<\/strong> is a little pot that hides a lot of intensity. It reinvents the sweet break with creativity and generosity.<\/p>\n<p data-start=\"1683\" data-end=\"1794\">A product designed for real chocolate lovers who like to discover new textures and flavours.<\/p>","protected":false},"excerpt":{"rendered":"<p><strong>The deliciousness of our spread combined with the crunchiness of the puffed rice will tempt your sweet tooth, for breakfasts that are full of flavour! Homemade spread with hazelnut praline from the South-West, Piedmont hazelnut paste, dark and milk chocolate and puffed rice balls. Produced without palm oil by our chocolate makers near Strasbourg in Alsace.<\/strong><\/p>","protected":false},"featured_media":704,"template":"","meta":{"_acf_changed":false,"site-sidebar-layout":"default","site-content-layout":"","ast-site-content-layout":"default","site-content-style":"default","site-sidebar-style":"default","ast-global-header-display":"","ast-banner-title-visibility":"","ast-main-header-display":"","ast-hfb-above-header-display":"","ast-hfb-below-header-display":"","ast-hfb-mobile-header-display":"","site-post-title":"","ast-breadcrumbs-content":"","ast-featured-img":"","footer-sml-layout":"","ast-disable-related-posts":"","theme-transparent-header-meta":"default","adv-header-id-meta":"","stick-header-meta":"","header-above-stick-meta":"","header-main-stick-meta":"","header-below-stick-meta":"","astra-migrate-meta-layouts":"set","ast-page-background-enabled":"default","ast-page-background-meta":{"desktop":{"background-color":"var(--ast-global-color-4)","background-image":"","background-repeat":"repeat","background-position":"center center","background-size":"auto","background-attachment":"scroll","background-type":"","background-media":"","overlay-type":"","overlay-color":"","overlay-opacity":"","overlay-gradient":""},"tablet":{"background-color":"","background-image":"","background-repeat":"repeat","background-position":"center center","background-size":"auto","background-attachment":"scroll","background-type":"","background-media":"","overlay-type":"","overlay-color":"","overlay-opacity":"","overlay-gradient":""},"mobile":{"background-color":"","background-image":"","background-repeat":"repeat","background-position":"center center","background-size":"auto","background-attachment":"scroll","background-type":"","background-media":"","overlay-type":"","overlay-color":"","overlay-opacity":"","overlay-gradient":""}},"ast-content-background-meta":{"desktop":{"background-color":"var(--ast-global-color-5)","background-image":"","background-repeat":"repeat","background-position":"center center","background-size":"auto","background-attachment":"scroll","background-type":"","background-media":"","overlay-type":"","overlay-color":"","overlay-opacity":"","overlay-gradient":""},"tablet":{"background-color":"var(--ast-global-color-5)","background-image":"","background-repeat":"repeat","background-position":"center center","background-size":"auto","background-attachment":"scroll","background-type":"","background-media":"","overlay-type":"","overlay-color":"","overlay-opacity":"","overlay-gradient":""},"mobile":{"background-color":"var(--ast-global-color-5)","background-image":"","background-repeat":"repeat","background-position":"center center","background-size":"auto","background-attachment":"scroll","background-type":"","background-media":"","overlay-type":"","overlay-color":"","overlay-opacity":"","overlay-gradient":""}},"iawp_total_views":60},"product_brand":[],"product_cat":[105,204],"product_tag":[],"class_list":{"0":"post-1029","1":"product","2":"type-product","3":"status-publish","4":"has-post-thumbnail","6":"product_cat-pate-a-tartiner","7":"product_cat-tous-produits","8":"desktop-align-left","9":"tablet-align-left","10":"mobile-align-left","12":"first","13":"instock","14":"taxable","15":"shipping-taxable","16":"purchasable","17":"product-type-simple"},"acf":[],"yoast_head":"<!-- This site is optimized with the Yoast SEO plugin v27.4 - https:\/\/yoast.com\/product\/yoast-seo-wordpress\/ -->\n<title>P\u00e2te \u00e0 tartiner maison la gourmande 250G - Mus\u00e9e du chocolat<\/title>\n<meta name=\"description\" content=\"P\u00e2te \u00e0 tartiner La Gourmande 250 g : pralin\u00e9 noisettes, gianduja et billes de riz souffl\u00e9. Une recette onctueuse et croustillante, parfaite \u00e0 partager.\" \/>\n<meta name=\"robots\" content=\"index, follow, max-snippet:-1, max-image-preview:large, max-video-preview:-1\" \/>\n<link rel=\"canonical\" href=\"https:\/\/lessecretsduchocolat.com\/en\/product\/gourmet-spread-250g\/\" \/>\n<meta property=\"og:locale\" content=\"en_GB\" \/>\n<meta property=\"og:type\" content=\"article\" \/>\n<meta property=\"og:title\" content=\"P\u00e2te \u00e0 tartiner maison la gourmande 250G - Mus\u00e9e du chocolat\" \/>\n<meta property=\"og:description\" content=\"P\u00e2te \u00e0 tartiner La Gourmande 250 g : pralin\u00e9 noisettes, gianduja et billes de riz souffl\u00e9. Une recette onctueuse et croustillante, parfaite \u00e0 partager.\" \/>\n<meta property=\"og:url\" content=\"https:\/\/lessecretsduchocolat.com\/en\/product\/gourmet-spread-250g\/\" \/>\n<meta property=\"og:site_name\" content=\"Secrets de Chocolat\" \/>\n<meta property=\"article:modified_time\" content=\"2026-03-13T08:18:51+00:00\" \/>\n<meta property=\"og:image\" content=\"https:\/\/lessecretsduchocolat.com\/wp-content\/uploads\/2025\/05\/1404.jpg\" \/>\n\t<meta property=\"og:image:width\" content=\"500\" \/>\n\t<meta property=\"og:image:height\" content=\"500\" \/>\n\t<meta property=\"og:image:type\" content=\"image\/jpeg\" \/>\n<meta name=\"twitter:card\" content=\"summary_large_image\" \/>\n<meta name=\"twitter:label1\" content=\"Estimated reading time\" \/>\n\t<meta name=\"twitter:data1\" content=\"2 minutes\" \/>\n<script type=\"application\/ld+json\" class=\"yoast-schema-graph\">{\"@context\":\"https:\\\/\\\/schema.org\",\"@graph\":[{\"@type\":\"WebPage\",\"@id\":\"https:\\\/\\\/lessecretsduchocolat.com\\\/produit\\\/pate-a-tartiner-la-gourmande-250g\\\/\",\"url\":\"https:\\\/\\\/lessecretsduchocolat.com\\\/produit\\\/pate-a-tartiner-la-gourmande-250g\\\/\",\"name\":\"P\u00e2te \u00e0 tartiner maison la gourmande 250G - Mus\u00e9e du chocolat\",\"isPartOf\":{\"@id\":\"https:\\\/\\\/lessecretsduchocolat.com\\\/#website\"},\"primaryImageOfPage\":{\"@id\":\"https:\\\/\\\/lessecretsduchocolat.com\\\/produit\\\/pate-a-tartiner-la-gourmande-250g\\\/#primaryimage\"},\"image\":{\"@id\":\"https:\\\/\\\/lessecretsduchocolat.com\\\/produit\\\/pate-a-tartiner-la-gourmande-250g\\\/#primaryimage\"},\"thumbnailUrl\":\"https:\\\/\\\/lessecretsduchocolat.com\\\/wp-content\\\/uploads\\\/2025\\\/05\\\/1404.jpg\",\"datePublished\":\"2020-02-25T16:05:42+00:00\",\"dateModified\":\"2026-03-13T08:18:51+00:00\",\"description\":\"P\u00e2te \u00e0 tartiner La Gourmande 250 g : pralin\u00e9 noisettes, gianduja et billes de riz souffl\u00e9. Une recette onctueuse et croustillante, parfaite \u00e0 partager.\",\"breadcrumb\":{\"@id\":\"https:\\\/\\\/lessecretsduchocolat.com\\\/produit\\\/pate-a-tartiner-la-gourmande-250g\\\/#breadcrumb\"},\"inLanguage\":\"en-GB\",\"potentialAction\":[{\"@type\":\"ReadAction\",\"target\":[\"https:\\\/\\\/lessecretsduchocolat.com\\\/produit\\\/pate-a-tartiner-la-gourmande-250g\\\/\"]}]},{\"@type\":\"ImageObject\",\"inLanguage\":\"en-GB\",\"@id\":\"https:\\\/\\\/lessecretsduchocolat.com\\\/produit\\\/pate-a-tartiner-la-gourmande-250g\\\/#primaryimage\",\"url\":\"https:\\\/\\\/lessecretsduchocolat.com\\\/wp-content\\\/uploads\\\/2025\\\/05\\\/1404.jpg\",\"contentUrl\":\"https:\\\/\\\/lessecretsduchocolat.com\\\/wp-content\\\/uploads\\\/2025\\\/05\\\/1404.jpg\",\"width\":500,\"height\":500},{\"@type\":\"BreadcrumbList\",\"@id\":\"https:\\\/\\\/lessecretsduchocolat.com\\\/produit\\\/pate-a-tartiner-la-gourmande-250g\\\/#breadcrumb\",\"itemListElement\":[{\"@type\":\"ListItem\",\"position\":1,\"name\":\"Accueil\",\"item\":\"https:\\\/\\\/lessecretsduchocolat.com\\\/\"},{\"@type\":\"ListItem\",\"position\":2,\"name\":\"Boutique en ligne\",\"item\":\"https:\\\/\\\/lessecretsduchocolat.com\\\/magasin\\\/\"},{\"@type\":\"ListItem\",\"position\":3,\"name\":\"PATE A TARTINER LA GOURMANDE 250G\"}]},{\"@type\":\"WebSite\",\"@id\":\"https:\\\/\\\/lessecretsduchocolat.com\\\/#website\",\"url\":\"https:\\\/\\\/lessecretsduchocolat.com\\\/\",\"name\":\"Secrets de Chocolat\",\"description\":\"\",\"publisher\":{\"@id\":\"https:\\\/\\\/lessecretsduchocolat.com\\\/#organization\"},\"potentialAction\":[{\"@type\":\"SearchAction\",\"target\":{\"@type\":\"EntryPoint\",\"urlTemplate\":\"https:\\\/\\\/lessecretsduchocolat.com\\\/?s={search_term_string}\"},\"query-input\":{\"@type\":\"PropertyValueSpecification\",\"valueRequired\":true,\"valueName\":\"search_term_string\"}}],\"inLanguage\":\"en-GB\"},{\"@type\":\"Organization\",\"@id\":\"https:\\\/\\\/lessecretsduchocolat.com\\\/#organization\",\"name\":\"Secrets de Chocolat\",\"url\":\"https:\\\/\\\/lessecretsduchocolat.com\\\/\",\"logo\":{\"@type\":\"ImageObject\",\"inLanguage\":\"en-GB\",\"@id\":\"https:\\\/\\\/lessecretsduchocolat.com\\\/#\\\/schema\\\/logo\\\/image\\\/\",\"url\":\"https:\\\/\\\/lessecretsduchocolat.com\\\/wp-content\\\/uploads\\\/2025\\\/05\\\/logo.png\",\"contentUrl\":\"https:\\\/\\\/lessecretsduchocolat.com\\\/wp-content\\\/uploads\\\/2025\\\/05\\\/logo.png\",\"width\":198,\"height\":85,\"caption\":\"Secrets de Chocolat\"},\"image\":{\"@id\":\"https:\\\/\\\/lessecretsduchocolat.com\\\/#\\\/schema\\\/logo\\\/image\\\/\"}}]}<\/script>\n<!-- \/ Yoast SEO plugin. -->","yoast_head_json":{"title":"La gourmande homemade chocolate spread 250G - Mus\u00e9e du chocolat","description":"La Gourmande spread 250 g: hazelnut praline, gianduja and puffed rice balls. A creamy, crunchy recipe that's perfect for sharing.","robots":{"index":"index","follow":"follow","max-snippet":"max-snippet:-1","max-image-preview":"max-image-preview:large","max-video-preview":"max-video-preview:-1"},"canonical":"https:\/\/lessecretsduchocolat.com\/en\/product\/gourmet-spread-250g\/","og_locale":"en_GB","og_type":"article","og_title":"P\u00e2te \u00e0 tartiner maison la gourmande 250G - Mus\u00e9e du chocolat","og_description":"P\u00e2te \u00e0 tartiner La Gourmande 250 g : pralin\u00e9 noisettes, gianduja et billes de riz souffl\u00e9. Une recette onctueuse et croustillante, parfaite \u00e0 partager.","og_url":"https:\/\/lessecretsduchocolat.com\/en\/product\/gourmet-spread-250g\/","og_site_name":"Secrets de Chocolat","article_modified_time":"2026-03-13T08:18:51+00:00","og_image":[{"width":500,"height":500,"url":"https:\/\/lessecretsduchocolat.com\/wp-content\/uploads\/2025\/05\/1404.jpg","type":"image\/jpeg"}],"twitter_card":"summary_large_image","twitter_misc":{"Estimated reading time":"2 minutes"},"schema":{"@context":"https:\/\/schema.org","@graph":[{"@type":"WebPage","@id":"https:\/\/lessecretsduchocolat.com\/produit\/pate-a-tartiner-la-gourmande-250g\/","url":"https:\/\/lessecretsduchocolat.com\/produit\/pate-a-tartiner-la-gourmande-250g\/","name":"La gourmande homemade chocolate spread 250G - Mus\u00e9e du chocolat","isPartOf":{"@id":"https:\/\/lessecretsduchocolat.com\/#website"},"primaryImageOfPage":{"@id":"https:\/\/lessecretsduchocolat.com\/produit\/pate-a-tartiner-la-gourmande-250g\/#primaryimage"},"image":{"@id":"https:\/\/lessecretsduchocolat.com\/produit\/pate-a-tartiner-la-gourmande-250g\/#primaryimage"},"thumbnailUrl":"https:\/\/lessecretsduchocolat.com\/wp-content\/uploads\/2025\/05\/1404.jpg","datePublished":"2020-02-25T16:05:42+00:00","dateModified":"2026-03-13T08:18:51+00:00","description":"La Gourmande spread 250 g: hazelnut praline, gianduja and puffed rice balls. A creamy, crunchy recipe that's perfect for sharing.","breadcrumb":{"@id":"https:\/\/lessecretsduchocolat.com\/produit\/pate-a-tartiner-la-gourmande-250g\/#breadcrumb"},"inLanguage":"en-GB","potentialAction":[{"@type":"ReadAction","target":["https:\/\/lessecretsduchocolat.com\/produit\/pate-a-tartiner-la-gourmande-250g\/"]}]},{"@type":"ImageObject","inLanguage":"en-GB","@id":"https:\/\/lessecretsduchocolat.com\/produit\/pate-a-tartiner-la-gourmande-250g\/#primaryimage","url":"https:\/\/lessecretsduchocolat.com\/wp-content\/uploads\/2025\/05\/1404.jpg","contentUrl":"https:\/\/lessecretsduchocolat.com\/wp-content\/uploads\/2025\/05\/1404.jpg","width":500,"height":500},{"@type":"BreadcrumbList","@id":"https:\/\/lessecretsduchocolat.com\/produit\/pate-a-tartiner-la-gourmande-250g\/#breadcrumb","itemListElement":[{"@type":"ListItem","position":1,"name":"Accueil","item":"https:\/\/lessecretsduchocolat.com\/"},{"@type":"ListItem","position":2,"name":"Boutique en ligne","item":"https:\/\/lessecretsduchocolat.com\/magasin\/"},{"@type":"ListItem","position":3,"name":"PATE A TARTINER LA GOURMANDE 250G"}]},{"@type":"WebSite","@id":"https:\/\/lessecretsduchocolat.com\/#website","url":"https:\/\/lessecretsduchocolat.com\/","name":"Secrets de Chocolat","description":"","publisher":{"@id":"https:\/\/lessecretsduchocolat.com\/#organization"},"potentialAction":[{"@type":"SearchAction","target":{"@type":"EntryPoint","urlTemplate":"https:\/\/lessecretsduchocolat.com\/?s={search_term_string}"},"query-input":{"@type":"PropertyValueSpecification","valueRequired":true,"valueName":"search_term_string"}}],"inLanguage":"en-GB"},{"@type":"Organization","@id":"https:\/\/lessecretsduchocolat.com\/#organization","name":"Secrets de Chocolat","url":"https:\/\/lessecretsduchocolat.com\/","logo":{"@type":"ImageObject","inLanguage":"en-GB","@id":"https:\/\/lessecretsduchocolat.com\/#\/schema\/logo\/image\/","url":"https:\/\/lessecretsduchocolat.com\/wp-content\/uploads\/2025\/05\/logo.png","contentUrl":"https:\/\/lessecretsduchocolat.com\/wp-content\/uploads\/2025\/05\/logo.png","width":198,"height":85,"caption":"Secrets de Chocolat"},"image":{"@id":"https:\/\/lessecretsduchocolat.com\/#\/schema\/logo\/image\/"}}]}},"_links":{"self":[{"href":"https:\/\/lessecretsduchocolat.com\/en\/wp-json\/wp\/v2\/product\/1029","targetHints":{"allow":["GET"]}}],"collection":[{"href":"https:\/\/lessecretsduchocolat.com\/en\/wp-json\/wp\/v2\/product"}],"about":[{"href":"https:\/\/lessecretsduchocolat.com\/en\/wp-json\/wp\/v2\/types\/product"}],"version-history":[{"count":2,"href":"https:\/\/lessecretsduchocolat.com\/en\/wp-json\/wp\/v2\/product\/1029\/revisions"}],"predecessor-version":[{"id":4073,"href":"https:\/\/lessecretsduchocolat.com\/en\/wp-json\/wp\/v2\/product\/1029\/revisions\/4073"}],"wp:featuredmedia":[{"embeddable":true,"href":"https:\/\/lessecretsduchocolat.com\/en\/wp-json\/wp\/v2\/media\/704"}],"wp:attachment":[{"href":"https:\/\/lessecretsduchocolat.com\/en\/wp-json\/wp\/v2\/media?parent=1029"}],"wp:term":[{"taxonomy":"product_brand","embeddable":true,"href":"https:\/\/lessecretsduchocolat.com\/en\/wp-json\/wp\/v2\/product_brand?post=1029"},{"taxonomy":"product_cat","embeddable":true,"href":"https:\/\/lessecretsduchocolat.com\/en\/wp-json\/wp\/v2\/product_cat?post=1029"},{"taxonomy":"product_tag","embeddable":true,"href":"https:\/\/lessecretsduchocolat.com\/en\/wp-json\/wp\/v2\/product_tag?post=1029"}],"curies":[{"name":"wp","href":"https:\/\/api.w.org\/{rel}","templated":true}]}}