{"id":1024,"date":"2020-02-14T16:29:08","date_gmt":"2020-02-14T16:29:08","guid":{"rendered":"https:\/\/preprod.lessecretsduchocolat.com\/?product=branche-des-vosges-au-chocolat-au-lait"},"modified":"2026-03-13T09:21:28","modified_gmt":"2026-03-13T08:21:28","slug":"vosges-milk-chocolate-branch","status":"publish","type":"product","link":"https:\/\/lessecretsduchocolat.com\/en\/produit\/branche-vosges-chocolat-lait\/","title":{"rendered":"Branche des Vosges - Milk chocolate"},"content":{"rendered":"<p data-start=\"288\" data-end=\"462\">The milk chocolate Branche des Vosges is an emblematic speciality which <strong>combines the sweetness of milk chocolate with the finesse of an almond and pistachio interior<\/strong>. Its pure cocoa butter milk chocolate coating seduces with its round, melt-in-the-mouth notes, perfectly matching the richness of the filling. At the heart, a fragrant almond paste, subtly enhanced with pistachios, offers a soft texture and refined flavours that balance the milky sweetness.<\/p>\n<p data-start=\"801\" data-end=\"967\">The milk chocolate Branche des Vosges can be enjoyed as a small gourmet break, with a coffee or simply for the pleasure of a sweet moment.<\/p>\n<p data-start=\"1294\" data-end=\"1459\">It is also a <a href=\"https:\/\/lessecretsduchocolat.com\/en\/product-category\/gift-ideas\/\"><strong>great gift idea<\/strong><\/a> A simple, original and delicious way to discover regional chocolate specialities. The pure cocoa butter chocolate guarantees impeccable quality, perfect melting and authentic flavours, bringing out the best in every ingredient. With its practical format, it can be enjoyed on its own, shared or included in an assortment of specialities for a gourmet box.<\/p>\n<p data-start=\"1753\" data-end=\"1877\">The milk chocolate Branche des Vosges is a <strong>a timeless delicacy combining sweetness, tradition and refinement<\/strong>.<\/p>","protected":false},"excerpt":{"rendered":"<p>This sweet in the shape of a <strong>milk chocolate coated bar<\/strong>. The interior features a <strong>marzipan and pistachio mixture<\/strong> which adds a sweet note.<\/p>\n<p>Each bite offers a pleasant contrast: the delicate crunch of the chocolate meets the tender melting of the marzipan and the delicate flavour of the pistachios. This delicacy evokes the traditions of Alsace, revisited in a friendly chocolate version accessible to all sweet tooths.<\/p>\n<p>It is also available in a\u00a0<a href=\"https:\/\/lessecretsduchocolat.com\/en\/product\/vosges-branch-with-dark-chocolate\/\"><strong>coated in dark chocolate<\/strong><\/a>.<\/p>","protected":false},"featured_media":4886,"template":"","meta":{"_acf_changed":false,"site-sidebar-layout":"default","site-content-layout":"","ast-site-content-layout":"default","site-content-style":"default","site-sidebar-style":"default","ast-global-header-display":"","ast-banner-title-visibility":"","ast-main-header-display":"","ast-hfb-above-header-display":"","ast-hfb-below-header-display":"","ast-hfb-mobile-header-display":"","site-post-title":"","ast-breadcrumbs-content":"","ast-featured-img":"","footer-sml-layout":"","ast-disable-related-posts":"","theme-transparent-header-meta":"default","adv-header-id-meta":"","stick-header-meta":"","header-above-stick-meta":"","header-main-stick-meta":"","header-below-stick-meta":"","astra-migrate-meta-layouts":"set","ast-page-background-enabled":"default","ast-page-background-meta":{"desktop":{"background-color":"var(--ast-global-color-4)","background-image":"","background-repeat":"repeat","background-position":"center center","background-size":"auto","background-attachment":"scroll","background-type":"","background-media":"","overlay-type":"","overlay-color":"","overlay-opacity":"","overlay-gradient":""},"tablet":{"background-color":"","background-image":"","background-repeat":"repeat","background-position":"center center","background-size":"auto","background-attachment":"scroll","background-type":"","background-media":"","overlay-type":"","overlay-color":"","overlay-opacity":"","overlay-gradient":""},"mobile":{"background-color":"","background-image":"","background-repeat":"repeat","background-position":"center center","background-size":"auto","background-attachment":"scroll","background-type":"","background-media":"","overlay-type":"","overlay-color":"","overlay-opacity":"","overlay-gradient":""}},"ast-content-background-meta":{"desktop":{"background-color":"var(--ast-global-color-5)","background-image":"","background-repeat":"repeat","background-position":"center center","background-size":"auto","background-attachment":"scroll","background-type":"","background-media":"","overlay-type":"","overlay-color":"","overlay-opacity":"","overlay-gradient":""},"tablet":{"background-color":"var(--ast-global-color-5)","background-image":"","background-repeat":"repeat","background-position":"center center","background-size":"auto","background-attachment":"scroll","background-type":"","background-media":"","overlay-type":"","overlay-color":"","overlay-opacity":"","overlay-gradient":""},"mobile":{"background-color":"var(--ast-global-color-5)","background-image":"","background-repeat":"repeat","background-position":"center center","background-size":"auto","background-attachment":"scroll","background-type":"","background-media":"","overlay-type":"","overlay-color":"","overlay-opacity":"","overlay-gradient":""}},"iawp_total_views":94},"product_brand":[],"product_cat":[121,204],"product_tag":[],"class_list":{"0":"post-1024","1":"product","2":"type-product","3":"status-publish","4":"has-post-thumbnail","6":"product_cat-bouchees-gourmandes","7":"product_cat-tous-produits","8":"desktop-align-left","9":"tablet-align-left","10":"mobile-align-left","12":"first","13":"instock","14":"taxable","15":"shipping-taxable","16":"purchasable","17":"product-type-simple"},"acf":[],"yoast_head":"<!-- This site is optimized with the Yoast SEO plugin v27.4 - https:\/\/yoast.com\/product\/yoast-seo-wordpress\/ -->\n<title>Barre Branche des Vosges amandes et pistaches | Chocolat au lait<\/title>\n<meta name=\"description\" content=\"Branche des Vosges chocolat au lait : enrobage au lait pur beurre de cacao, c\u0153ur p\u00e2te d\u2019amandes et pistaches. Une sp\u00e9cialit\u00e9 gourmande, douce et raffin\u00e9e.\" \/>\n<meta name=\"robots\" content=\"index, follow, max-snippet:-1, max-image-preview:large, max-video-preview:-1\" \/>\n<link rel=\"canonical\" href=\"https:\/\/lessecretsduchocolat.com\/en\/product\/vosges-milk-chocolate-branch\/\" \/>\n<meta property=\"og:locale\" content=\"en_GB\" \/>\n<meta property=\"og:type\" content=\"article\" \/>\n<meta property=\"og:title\" content=\"Barre Branche des Vosges amandes et pistaches | Chocolat au lait\" \/>\n<meta property=\"og:description\" content=\"Branche des Vosges chocolat au lait : enrobage au lait pur beurre de cacao, c\u0153ur p\u00e2te d\u2019amandes et pistaches. Une sp\u00e9cialit\u00e9 gourmande, douce et raffin\u00e9e.\" \/>\n<meta property=\"og:url\" content=\"https:\/\/lessecretsduchocolat.com\/en\/product\/vosges-milk-chocolate-branch\/\" \/>\n<meta property=\"og:site_name\" content=\"Secrets de Chocolat\" \/>\n<meta property=\"article:modified_time\" content=\"2026-03-13T08:21:28+00:00\" \/>\n<meta property=\"og:image\" content=\"https:\/\/lessecretsduchocolat.com\/wp-content\/uploads\/2020\/02\/branche-des-vosges-lait.jpg\" \/>\n\t<meta property=\"og:image:width\" content=\"1000\" \/>\n\t<meta property=\"og:image:height\" content=\"1000\" \/>\n\t<meta property=\"og:image:type\" content=\"image\/jpeg\" \/>\n<meta name=\"twitter:card\" content=\"summary_large_image\" \/>\n<meta name=\"twitter:label1\" content=\"Estimated reading time\" \/>\n\t<meta name=\"twitter:data1\" content=\"1 minute\" \/>\n<script type=\"application\/ld+json\" class=\"yoast-schema-graph\">{\"@context\":\"https:\\\/\\\/schema.org\",\"@graph\":[{\"@type\":\"WebPage\",\"@id\":\"https:\\\/\\\/lessecretsduchocolat.com\\\/produit\\\/branche-vosges-chocolat-lait\\\/\",\"url\":\"https:\\\/\\\/lessecretsduchocolat.com\\\/produit\\\/branche-vosges-chocolat-lait\\\/\",\"name\":\"Barre Branche des Vosges amandes et pistaches | Chocolat au lait\",\"isPartOf\":{\"@id\":\"https:\\\/\\\/lessecretsduchocolat.com\\\/#website\"},\"primaryImageOfPage\":{\"@id\":\"https:\\\/\\\/lessecretsduchocolat.com\\\/produit\\\/branche-vosges-chocolat-lait\\\/#primaryimage\"},\"image\":{\"@id\":\"https:\\\/\\\/lessecretsduchocolat.com\\\/produit\\\/branche-vosges-chocolat-lait\\\/#primaryimage\"},\"thumbnailUrl\":\"https:\\\/\\\/lessecretsduchocolat.com\\\/wp-content\\\/uploads\\\/2020\\\/02\\\/branche-des-vosges-lait.jpg\",\"datePublished\":\"2020-02-14T16:29:08+00:00\",\"dateModified\":\"2026-03-13T08:21:28+00:00\",\"description\":\"Branche des Vosges chocolat au lait : enrobage au lait pur beurre de cacao, c\u0153ur p\u00e2te d\u2019amandes et pistaches. Une sp\u00e9cialit\u00e9 gourmande, douce et raffin\u00e9e.\",\"breadcrumb\":{\"@id\":\"https:\\\/\\\/lessecretsduchocolat.com\\\/produit\\\/branche-vosges-chocolat-lait\\\/#breadcrumb\"},\"inLanguage\":\"en-GB\",\"potentialAction\":[{\"@type\":\"ReadAction\",\"target\":[\"https:\\\/\\\/lessecretsduchocolat.com\\\/produit\\\/branche-vosges-chocolat-lait\\\/\"]}]},{\"@type\":\"ImageObject\",\"inLanguage\":\"en-GB\",\"@id\":\"https:\\\/\\\/lessecretsduchocolat.com\\\/produit\\\/branche-vosges-chocolat-lait\\\/#primaryimage\",\"url\":\"https:\\\/\\\/lessecretsduchocolat.com\\\/wp-content\\\/uploads\\\/2020\\\/02\\\/branche-des-vosges-lait.jpg\",\"contentUrl\":\"https:\\\/\\\/lessecretsduchocolat.com\\\/wp-content\\\/uploads\\\/2020\\\/02\\\/branche-des-vosges-lait.jpg\",\"width\":1000,\"height\":1000,\"caption\":\"barre branche vosges chocolat lait\"},{\"@type\":\"BreadcrumbList\",\"@id\":\"https:\\\/\\\/lessecretsduchocolat.com\\\/produit\\\/branche-vosges-chocolat-lait\\\/#breadcrumb\",\"itemListElement\":[{\"@type\":\"ListItem\",\"position\":1,\"name\":\"Accueil\",\"item\":\"https:\\\/\\\/lessecretsduchocolat.com\\\/\"},{\"@type\":\"ListItem\",\"position\":2,\"name\":\"Boutique en ligne\",\"item\":\"https:\\\/\\\/lessecretsduchocolat.com\\\/magasin\\\/\"},{\"@type\":\"ListItem\",\"position\":3,\"name\":\"Branche des Vosges &#8211; Chocolat au lait\"}]},{\"@type\":\"WebSite\",\"@id\":\"https:\\\/\\\/lessecretsduchocolat.com\\\/#website\",\"url\":\"https:\\\/\\\/lessecretsduchocolat.com\\\/\",\"name\":\"Secrets de Chocolat\",\"description\":\"\",\"publisher\":{\"@id\":\"https:\\\/\\\/lessecretsduchocolat.com\\\/#organization\"},\"potentialAction\":[{\"@type\":\"SearchAction\",\"target\":{\"@type\":\"EntryPoint\",\"urlTemplate\":\"https:\\\/\\\/lessecretsduchocolat.com\\\/?s={search_term_string}\"},\"query-input\":{\"@type\":\"PropertyValueSpecification\",\"valueRequired\":true,\"valueName\":\"search_term_string\"}}],\"inLanguage\":\"en-GB\"},{\"@type\":\"Organization\",\"@id\":\"https:\\\/\\\/lessecretsduchocolat.com\\\/#organization\",\"name\":\"Secrets de Chocolat\",\"url\":\"https:\\\/\\\/lessecretsduchocolat.com\\\/\",\"logo\":{\"@type\":\"ImageObject\",\"inLanguage\":\"en-GB\",\"@id\":\"https:\\\/\\\/lessecretsduchocolat.com\\\/#\\\/schema\\\/logo\\\/image\\\/\",\"url\":\"https:\\\/\\\/lessecretsduchocolat.com\\\/wp-content\\\/uploads\\\/2025\\\/05\\\/logo.png\",\"contentUrl\":\"https:\\\/\\\/lessecretsduchocolat.com\\\/wp-content\\\/uploads\\\/2025\\\/05\\\/logo.png\",\"width\":198,\"height\":85,\"caption\":\"Secrets de Chocolat\"},\"image\":{\"@id\":\"https:\\\/\\\/lessecretsduchocolat.com\\\/#\\\/schema\\\/logo\\\/image\\\/\"}}]}<\/script>\n<!-- \/ Yoast SEO plugin. -->","yoast_head_json":{"title":"Branche des Vosges almond and pistachio bar | Milk chocolate","description":"Branche des Vosges milk chocolate: pure cocoa butter milk coating, almond paste and pistachio heart. A sweet and refined gourmet speciality.","robots":{"index":"index","follow":"follow","max-snippet":"max-snippet:-1","max-image-preview":"max-image-preview:large","max-video-preview":"max-video-preview:-1"},"canonical":"https:\/\/lessecretsduchocolat.com\/en\/product\/vosges-milk-chocolate-branch\/","og_locale":"en_GB","og_type":"article","og_title":"Barre Branche des Vosges amandes et pistaches | Chocolat au lait","og_description":"Branche des Vosges chocolat au lait : enrobage au lait pur beurre de cacao, c\u0153ur p\u00e2te d\u2019amandes et pistaches. Une sp\u00e9cialit\u00e9 gourmande, douce et raffin\u00e9e.","og_url":"https:\/\/lessecretsduchocolat.com\/en\/product\/vosges-milk-chocolate-branch\/","og_site_name":"Secrets de Chocolat","article_modified_time":"2026-03-13T08:21:28+00:00","og_image":[{"width":1000,"height":1000,"url":"https:\/\/lessecretsduchocolat.com\/wp-content\/uploads\/2020\/02\/branche-des-vosges-lait.jpg","type":"image\/jpeg"}],"twitter_card":"summary_large_image","twitter_misc":{"Estimated reading time":"1 minute"},"schema":{"@context":"https:\/\/schema.org","@graph":[{"@type":"WebPage","@id":"https:\/\/lessecretsduchocolat.com\/produit\/branche-vosges-chocolat-lait\/","url":"https:\/\/lessecretsduchocolat.com\/produit\/branche-vosges-chocolat-lait\/","name":"Branche des Vosges almond and pistachio bar | Milk chocolate","isPartOf":{"@id":"https:\/\/lessecretsduchocolat.com\/#website"},"primaryImageOfPage":{"@id":"https:\/\/lessecretsduchocolat.com\/produit\/branche-vosges-chocolat-lait\/#primaryimage"},"image":{"@id":"https:\/\/lessecretsduchocolat.com\/produit\/branche-vosges-chocolat-lait\/#primaryimage"},"thumbnailUrl":"https:\/\/lessecretsduchocolat.com\/wp-content\/uploads\/2020\/02\/branche-des-vosges-lait.jpg","datePublished":"2020-02-14T16:29:08+00:00","dateModified":"2026-03-13T08:21:28+00:00","description":"Branche des Vosges milk chocolate: pure cocoa butter milk coating, almond paste and pistachio heart. A sweet and refined gourmet speciality.","breadcrumb":{"@id":"https:\/\/lessecretsduchocolat.com\/produit\/branche-vosges-chocolat-lait\/#breadcrumb"},"inLanguage":"en-GB","potentialAction":[{"@type":"ReadAction","target":["https:\/\/lessecretsduchocolat.com\/produit\/branche-vosges-chocolat-lait\/"]}]},{"@type":"ImageObject","inLanguage":"en-GB","@id":"https:\/\/lessecretsduchocolat.com\/produit\/branche-vosges-chocolat-lait\/#primaryimage","url":"https:\/\/lessecretsduchocolat.com\/wp-content\/uploads\/2020\/02\/branche-des-vosges-lait.jpg","contentUrl":"https:\/\/lessecretsduchocolat.com\/wp-content\/uploads\/2020\/02\/branche-des-vosges-lait.jpg","width":1000,"height":1000,"caption":"barre branche vosges chocolat lait"},{"@type":"BreadcrumbList","@id":"https:\/\/lessecretsduchocolat.com\/produit\/branche-vosges-chocolat-lait\/#breadcrumb","itemListElement":[{"@type":"ListItem","position":1,"name":"Accueil","item":"https:\/\/lessecretsduchocolat.com\/"},{"@type":"ListItem","position":2,"name":"Boutique en ligne","item":"https:\/\/lessecretsduchocolat.com\/magasin\/"},{"@type":"ListItem","position":3,"name":"Branche des Vosges &#8211; Chocolat au lait"}]},{"@type":"WebSite","@id":"https:\/\/lessecretsduchocolat.com\/#website","url":"https:\/\/lessecretsduchocolat.com\/","name":"Secrets de Chocolat","description":"","publisher":{"@id":"https:\/\/lessecretsduchocolat.com\/#organization"},"potentialAction":[{"@type":"SearchAction","target":{"@type":"EntryPoint","urlTemplate":"https:\/\/lessecretsduchocolat.com\/?s={search_term_string}"},"query-input":{"@type":"PropertyValueSpecification","valueRequired":true,"valueName":"search_term_string"}}],"inLanguage":"en-GB"},{"@type":"Organization","@id":"https:\/\/lessecretsduchocolat.com\/#organization","name":"Secrets de Chocolat","url":"https:\/\/lessecretsduchocolat.com\/","logo":{"@type":"ImageObject","inLanguage":"en-GB","@id":"https:\/\/lessecretsduchocolat.com\/#\/schema\/logo\/image\/","url":"https:\/\/lessecretsduchocolat.com\/wp-content\/uploads\/2025\/05\/logo.png","contentUrl":"https:\/\/lessecretsduchocolat.com\/wp-content\/uploads\/2025\/05\/logo.png","width":198,"height":85,"caption":"Secrets de Chocolat"},"image":{"@id":"https:\/\/lessecretsduchocolat.com\/#\/schema\/logo\/image\/"}}]}},"_links":{"self":[{"href":"https:\/\/lessecretsduchocolat.com\/en\/wp-json\/wp\/v2\/product\/1024","targetHints":{"allow":["GET"]}}],"collection":[{"href":"https:\/\/lessecretsduchocolat.com\/en\/wp-json\/wp\/v2\/product"}],"about":[{"href":"https:\/\/lessecretsduchocolat.com\/en\/wp-json\/wp\/v2\/types\/product"}],"version-history":[{"count":5,"href":"https:\/\/lessecretsduchocolat.com\/en\/wp-json\/wp\/v2\/product\/1024\/revisions"}],"predecessor-version":[{"id":4871,"href":"https:\/\/lessecretsduchocolat.com\/en\/wp-json\/wp\/v2\/product\/1024\/revisions\/4871"}],"wp:featuredmedia":[{"embeddable":true,"href":"https:\/\/lessecretsduchocolat.com\/en\/wp-json\/wp\/v2\/media\/4886"}],"wp:attachment":[{"href":"https:\/\/lessecretsduchocolat.com\/en\/wp-json\/wp\/v2\/media?parent=1024"}],"wp:term":[{"taxonomy":"product_brand","embeddable":true,"href":"https:\/\/lessecretsduchocolat.com\/en\/wp-json\/wp\/v2\/product_brand?post=1024"},{"taxonomy":"product_cat","embeddable":true,"href":"https:\/\/lessecretsduchocolat.com\/en\/wp-json\/wp\/v2\/product_cat?post=1024"},{"taxonomy":"product_tag","embeddable":true,"href":"https:\/\/lessecretsduchocolat.com\/en\/wp-json\/wp\/v2\/product_tag?post=1024"}],"curies":[{"name":"wp","href":"https:\/\/api.w.org\/{rel}","templated":true}]}}