{"id":5076,"date":"2026-02-23T12:48:59","date_gmt":"2026-02-23T11:48:59","guid":{"rendered":"https:\/\/lessecretsduchocolat.com\/?post_type=product&#038;p=5076"},"modified":"2026-04-03T16:18:07","modified_gmt":"2026-04-03T14:18:07","slug":"kaninchen-mit-eiern-gianduja-schwarz-200g","status":"publish","type":"product","link":"https:\/\/lessecretsduchocolat.com\/de\/produit\/lapin-avec-oeufs-gianduja-noir-200g\/","title":{"rendered":"Hase mit Eiern | Gianduja schwarz 200g"},"content":{"rendered":"<p data-start=\"249\" data-end=\"547\">Bringen Sie Naschkatzen zum Schmelzen mit unserem <strong data-start=\"288\" data-end=\"314\">Osterhasenkorb<\/strong>, Eine knusprige und k\u00f6stliche Kreation. In einem niedlichen Korb in Form eines Hasen enth\u00e4lt diese Box Folgendes <strong data-start=\"433\" data-end=\"481\">200 g Eier aus Zartbitterschokolade und Gianduja<\/strong>.<\/p>\n<p data-start=\"549\" data-end=\"798\">Ideal zum Feiern <strong data-start=\"569\" data-end=\"579\">Ostern<\/strong>, Dieser Korb ist ein perfektes Geschenk f\u00fcr Kinder und Erwachsene, die Schokolade lieben. Die Eier aus Milchschokolade bestechen durch ihre zartschmelzende Textur, w\u00e4hrend die Gianduja eine reichhaltige und leckere Pralinen-Note verleiht.<\/p>\n<p data-start=\"1005\" data-end=\"1210\">Ob f\u00fcr eine Eiersuche, als Ostergeschenk oder einfach, um sich selbst eine Freude zu machen, dieser <strong data-start=\"1103\" data-end=\"1148\">mit Osterschokolade gef\u00fcllter Hasenkorb<\/strong> wird Ihrer Party einen Hauch von Magie und Leckereien verleihen.<\/p>","protected":false},"excerpt":{"rendered":"<p>Osterhasenkorb gef\u00fcllt mit 200 g Eiern aus Zartbitterschokolade und Gianduja. Eine leckere und festliche Geschenkidee, perfekt f\u00fcr Gro\u00df und Klein zu Ostern!<\/p>\n<p>Existiert auch in<strong>\u00a0<a href=\"https:\/\/lessecretsduchocolat.com\/de\/product\/kaninchen-mit-eiern-gianduja-schwarz-200g\/\" target=\"_blank\" rel=\"noopener\">Hase mit Eiern | Gianduja schwarz 200g<\/a><\/strong><\/p>\n<p>(72,50\u20ac\/kg)<\/p>","protected":false},"featured_media":5080,"template":"","meta":{"_acf_changed":false,"site-sidebar-layout":"default","site-content-layout":"","ast-site-content-layout":"default","site-content-style":"default","site-sidebar-style":"default","ast-global-header-display":"","ast-banner-title-visibility":"","ast-main-header-display":"","ast-hfb-above-header-display":"","ast-hfb-below-header-display":"","ast-hfb-mobile-header-display":"","site-post-title":"","ast-breadcrumbs-content":"","ast-featured-img":"","footer-sml-layout":"","ast-disable-related-posts":"","theme-transparent-header-meta":"default","adv-header-id-meta":"","stick-header-meta":"","header-above-stick-meta":"","header-main-stick-meta":"","header-below-stick-meta":"","astra-migrate-meta-layouts":"set","ast-page-background-enabled":"default","ast-page-background-meta":{"desktop":{"background-color":"var(--ast-global-color-4)","background-image":"","background-repeat":"repeat","background-position":"center center","background-size":"auto","background-attachment":"scroll","background-type":"","background-media":"","overlay-type":"","overlay-color":"","overlay-opacity":"","overlay-gradient":""},"tablet":{"background-color":"","background-image":"","background-repeat":"repeat","background-position":"center center","background-size":"auto","background-attachment":"scroll","background-type":"","background-media":"","overlay-type":"","overlay-color":"","overlay-opacity":"","overlay-gradient":""},"mobile":{"background-color":"","background-image":"","background-repeat":"repeat","background-position":"center center","background-size":"auto","background-attachment":"scroll","background-type":"","background-media":"","overlay-type":"","overlay-color":"","overlay-opacity":"","overlay-gradient":""}},"ast-content-background-meta":{"desktop":{"background-color":"var(--ast-global-color-5)","background-image":"","background-repeat":"repeat","background-position":"center center","background-size":"auto","background-attachment":"scroll","background-type":"","background-media":"","overlay-type":"","overlay-color":"","overlay-opacity":"","overlay-gradient":""},"tablet":{"background-color":"var(--ast-global-color-5)","background-image":"","background-repeat":"repeat","background-position":"center center","background-size":"auto","background-attachment":"scroll","background-type":"","background-media":"","overlay-type":"","overlay-color":"","overlay-opacity":"","overlay-gradient":""},"mobile":{"background-color":"var(--ast-global-color-5)","background-image":"","background-repeat":"repeat","background-position":"center center","background-size":"auto","background-attachment":"scroll","background-type":"","background-media":"","overlay-type":"","overlay-color":"","overlay-opacity":"","overlay-gradient":""}},"iawp_total_views":49},"product_brand":[],"product_cat":[147,204],"product_tag":[],"class_list":{"0":"post-5076","1":"product","2":"type-product","3":"status-publish","4":"has-post-thumbnail","6":"product_cat-chocolats-de-paques","7":"product_cat-tous-produits","8":"desktop-align-left","9":"tablet-align-left","10":"mobile-align-left","12":"first","13":"outofstock","14":"taxable","15":"shipping-taxable","16":"purchasable","17":"product-type-simple"},"acf":[],"yoast_head":"<!-- This site is optimized with the Yoast SEO plugin v27.4 - https:\/\/yoast.com\/product\/yoast-seo-wordpress\/ -->\n<title>Lapin avec \u0153ufs | Gianduja noir 200g - Secrets de Chocolat<\/title>\n<meta name=\"description\" content=\"Panier lapin de P\u00e2ques garni de 200 g d\u2019\u0153ufs en chocolat noir fondant et gianduja onctueux. Un plaisir gourmand irr\u00e9sistible pour P\u00e2ques !\" \/>\n<meta name=\"robots\" content=\"index, follow, max-snippet:-1, max-image-preview:large, max-video-preview:-1\" \/>\n<link rel=\"canonical\" href=\"https:\/\/lessecretsduchocolat.com\/de\/product\/kaninchen-mit-eiern-gianduja-schwarz-200g\/\" \/>\n<meta property=\"og:locale\" content=\"de_DE\" \/>\n<meta property=\"og:type\" content=\"article\" \/>\n<meta property=\"og:title\" content=\"Lapin avec \u0153ufs | Gianduja noir 200g - Secrets de Chocolat\" \/>\n<meta property=\"og:description\" content=\"Panier lapin de P\u00e2ques garni de 200 g d\u2019\u0153ufs en chocolat noir fondant et gianduja onctueux. Un plaisir gourmand irr\u00e9sistible pour P\u00e2ques !\" \/>\n<meta property=\"og:url\" content=\"https:\/\/lessecretsduchocolat.com\/de\/product\/kaninchen-mit-eiern-gianduja-schwarz-200g\/\" \/>\n<meta property=\"og:site_name\" content=\"Secrets de Chocolat\" \/>\n<meta property=\"article:modified_time\" content=\"2026-04-03T14:18:07+00:00\" \/>\n<meta property=\"og:image\" content=\"https:\/\/lessecretsduchocolat.com\/wp-content\/uploads\/2026\/02\/boutique-en-ligne-4-1.png\" \/>\n\t<meta property=\"og:image:width\" content=\"1000\" \/>\n\t<meta property=\"og:image:height\" content=\"1000\" \/>\n\t<meta property=\"og:image:type\" content=\"image\/png\" \/>\n<meta name=\"twitter:card\" content=\"summary_large_image\" \/>\n<meta name=\"twitter:label1\" content=\"Gesch\u00e4tzte Lesezeit\" \/>\n\t<meta name=\"twitter:data1\" content=\"1\u00a0Minute\" \/>\n<script type=\"application\/ld+json\" class=\"yoast-schema-graph\">{\"@context\":\"https:\\\/\\\/schema.org\",\"@graph\":[{\"@type\":\"WebPage\",\"@id\":\"https:\\\/\\\/lessecretsduchocolat.com\\\/produit\\\/lapin-avec-oeufs-gianduja-noir-200g\\\/\",\"url\":\"https:\\\/\\\/lessecretsduchocolat.com\\\/produit\\\/lapin-avec-oeufs-gianduja-noir-200g\\\/\",\"name\":\"Lapin avec \u0153ufs | Gianduja noir 200g - Secrets de Chocolat\",\"isPartOf\":{\"@id\":\"https:\\\/\\\/lessecretsduchocolat.com\\\/#website\"},\"primaryImageOfPage\":{\"@id\":\"https:\\\/\\\/lessecretsduchocolat.com\\\/produit\\\/lapin-avec-oeufs-gianduja-noir-200g\\\/#primaryimage\"},\"image\":{\"@id\":\"https:\\\/\\\/lessecretsduchocolat.com\\\/produit\\\/lapin-avec-oeufs-gianduja-noir-200g\\\/#primaryimage\"},\"thumbnailUrl\":\"https:\\\/\\\/lessecretsduchocolat.com\\\/wp-content\\\/uploads\\\/2026\\\/02\\\/boutique-en-ligne-4-1.png\",\"datePublished\":\"2026-02-23T11:48:59+00:00\",\"dateModified\":\"2026-04-03T14:18:07+00:00\",\"description\":\"Panier lapin de P\u00e2ques garni de 200 g d\u2019\u0153ufs en chocolat noir fondant et gianduja onctueux. Un plaisir gourmand irr\u00e9sistible pour P\u00e2ques !\",\"breadcrumb\":{\"@id\":\"https:\\\/\\\/lessecretsduchocolat.com\\\/produit\\\/lapin-avec-oeufs-gianduja-noir-200g\\\/#breadcrumb\"},\"inLanguage\":\"de\",\"potentialAction\":[{\"@type\":\"ReadAction\",\"target\":[\"https:\\\/\\\/lessecretsduchocolat.com\\\/produit\\\/lapin-avec-oeufs-gianduja-noir-200g\\\/\"]}]},{\"@type\":\"ImageObject\",\"inLanguage\":\"de\",\"@id\":\"https:\\\/\\\/lessecretsduchocolat.com\\\/produit\\\/lapin-avec-oeufs-gianduja-noir-200g\\\/#primaryimage\",\"url\":\"https:\\\/\\\/lessecretsduchocolat.com\\\/wp-content\\\/uploads\\\/2026\\\/02\\\/boutique-en-ligne-4-1.png\",\"contentUrl\":\"https:\\\/\\\/lessecretsduchocolat.com\\\/wp-content\\\/uploads\\\/2026\\\/02\\\/boutique-en-ligne-4-1.png\",\"width\":1000,\"height\":1000,\"caption\":\"lapin garni oeufs en chocolat noir gianduja\"},{\"@type\":\"BreadcrumbList\",\"@id\":\"https:\\\/\\\/lessecretsduchocolat.com\\\/produit\\\/lapin-avec-oeufs-gianduja-noir-200g\\\/#breadcrumb\",\"itemListElement\":[{\"@type\":\"ListItem\",\"position\":1,\"name\":\"Accueil\",\"item\":\"https:\\\/\\\/lessecretsduchocolat.com\\\/\"},{\"@type\":\"ListItem\",\"position\":2,\"name\":\"Boutique en ligne\",\"item\":\"https:\\\/\\\/lessecretsduchocolat.com\\\/magasin\\\/\"},{\"@type\":\"ListItem\",\"position\":3,\"name\":\"Lapin avec \u0153ufs | Gianduja noir 200g\"}]},{\"@type\":\"WebSite\",\"@id\":\"https:\\\/\\\/lessecretsduchocolat.com\\\/#website\",\"url\":\"https:\\\/\\\/lessecretsduchocolat.com\\\/\",\"name\":\"Secrets de Chocolat\",\"description\":\"\",\"publisher\":{\"@id\":\"https:\\\/\\\/lessecretsduchocolat.com\\\/#organization\"},\"potentialAction\":[{\"@type\":\"SearchAction\",\"target\":{\"@type\":\"EntryPoint\",\"urlTemplate\":\"https:\\\/\\\/lessecretsduchocolat.com\\\/?s={search_term_string}\"},\"query-input\":{\"@type\":\"PropertyValueSpecification\",\"valueRequired\":true,\"valueName\":\"search_term_string\"}}],\"inLanguage\":\"de\"},{\"@type\":\"Organization\",\"@id\":\"https:\\\/\\\/lessecretsduchocolat.com\\\/#organization\",\"name\":\"Secrets de Chocolat\",\"url\":\"https:\\\/\\\/lessecretsduchocolat.com\\\/\",\"logo\":{\"@type\":\"ImageObject\",\"inLanguage\":\"de\",\"@id\":\"https:\\\/\\\/lessecretsduchocolat.com\\\/#\\\/schema\\\/logo\\\/image\\\/\",\"url\":\"https:\\\/\\\/lessecretsduchocolat.com\\\/wp-content\\\/uploads\\\/2025\\\/05\\\/logo.png\",\"contentUrl\":\"https:\\\/\\\/lessecretsduchocolat.com\\\/wp-content\\\/uploads\\\/2025\\\/05\\\/logo.png\",\"width\":198,\"height\":85,\"caption\":\"Secrets de Chocolat\"},\"image\":{\"@id\":\"https:\\\/\\\/lessecretsduchocolat.com\\\/#\\\/schema\\\/logo\\\/image\\\/\"}}]}<\/script>\n<!-- \/ Yoast SEO plugin. -->","yoast_head_json":{"title":"Hase mit Eiern | Gianduja schwarz 200g - Secrets de Chocolat","description":"Osterhasenkorb gef\u00fcllt mit 200 g Eiern aus zartschmelzender Zartbitterschokolade und cremigem Gianduja. Ein unwiderstehliches Gourmetvergn\u00fcgen zu Ostern!","robots":{"index":"index","follow":"follow","max-snippet":"max-snippet:-1","max-image-preview":"max-image-preview:large","max-video-preview":"max-video-preview:-1"},"canonical":"https:\/\/lessecretsduchocolat.com\/de\/product\/kaninchen-mit-eiern-gianduja-schwarz-200g\/","og_locale":"de_DE","og_type":"article","og_title":"Lapin avec \u0153ufs | Gianduja noir 200g - Secrets de Chocolat","og_description":"Panier lapin de P\u00e2ques garni de 200 g d\u2019\u0153ufs en chocolat noir fondant et gianduja onctueux. Un plaisir gourmand irr\u00e9sistible pour P\u00e2ques !","og_url":"https:\/\/lessecretsduchocolat.com\/de\/product\/kaninchen-mit-eiern-gianduja-schwarz-200g\/","og_site_name":"Secrets de Chocolat","article_modified_time":"2026-04-03T14:18:07+00:00","og_image":[{"width":1000,"height":1000,"url":"https:\/\/lessecretsduchocolat.com\/wp-content\/uploads\/2026\/02\/boutique-en-ligne-4-1.png","type":"image\/png"}],"twitter_card":"summary_large_image","twitter_misc":{"Gesch\u00e4tzte Lesezeit":"1\u00a0Minute"},"schema":{"@context":"https:\/\/schema.org","@graph":[{"@type":"WebPage","@id":"https:\/\/lessecretsduchocolat.com\/produit\/lapin-avec-oeufs-gianduja-noir-200g\/","url":"https:\/\/lessecretsduchocolat.com\/produit\/lapin-avec-oeufs-gianduja-noir-200g\/","name":"Hase mit Eiern | Gianduja schwarz 200g - Secrets de Chocolat","isPartOf":{"@id":"https:\/\/lessecretsduchocolat.com\/#website"},"primaryImageOfPage":{"@id":"https:\/\/lessecretsduchocolat.com\/produit\/lapin-avec-oeufs-gianduja-noir-200g\/#primaryimage"},"image":{"@id":"https:\/\/lessecretsduchocolat.com\/produit\/lapin-avec-oeufs-gianduja-noir-200g\/#primaryimage"},"thumbnailUrl":"https:\/\/lessecretsduchocolat.com\/wp-content\/uploads\/2026\/02\/boutique-en-ligne-4-1.png","datePublished":"2026-02-23T11:48:59+00:00","dateModified":"2026-04-03T14:18:07+00:00","description":"Osterhasenkorb gef\u00fcllt mit 200 g Eiern aus zartschmelzender Zartbitterschokolade und cremigem Gianduja. Ein unwiderstehliches Gourmetvergn\u00fcgen zu Ostern!","breadcrumb":{"@id":"https:\/\/lessecretsduchocolat.com\/produit\/lapin-avec-oeufs-gianduja-noir-200g\/#breadcrumb"},"inLanguage":"de","potentialAction":[{"@type":"ReadAction","target":["https:\/\/lessecretsduchocolat.com\/produit\/lapin-avec-oeufs-gianduja-noir-200g\/"]}]},{"@type":"ImageObject","inLanguage":"de","@id":"https:\/\/lessecretsduchocolat.com\/produit\/lapin-avec-oeufs-gianduja-noir-200g\/#primaryimage","url":"https:\/\/lessecretsduchocolat.com\/wp-content\/uploads\/2026\/02\/boutique-en-ligne-4-1.png","contentUrl":"https:\/\/lessecretsduchocolat.com\/wp-content\/uploads\/2026\/02\/boutique-en-ligne-4-1.png","width":1000,"height":1000,"caption":"lapin garni oeufs en chocolat noir gianduja"},{"@type":"BreadcrumbList","@id":"https:\/\/lessecretsduchocolat.com\/produit\/lapin-avec-oeufs-gianduja-noir-200g\/#breadcrumb","itemListElement":[{"@type":"ListItem","position":1,"name":"Accueil","item":"https:\/\/lessecretsduchocolat.com\/"},{"@type":"ListItem","position":2,"name":"Boutique en ligne","item":"https:\/\/lessecretsduchocolat.com\/magasin\/"},{"@type":"ListItem","position":3,"name":"Lapin avec \u0153ufs | Gianduja noir 200g"}]},{"@type":"WebSite","@id":"https:\/\/lessecretsduchocolat.com\/#website","url":"https:\/\/lessecretsduchocolat.com\/","name":"Secrets de Chocolat (Schokoladengeheimnisse)","description":"","publisher":{"@id":"https:\/\/lessecretsduchocolat.com\/#organization"},"potentialAction":[{"@type":"SearchAction","target":{"@type":"EntryPoint","urlTemplate":"https:\/\/lessecretsduchocolat.com\/?s={search_term_string}"},"query-input":{"@type":"PropertyValueSpecification","valueRequired":true,"valueName":"search_term_string"}}],"inLanguage":"de"},{"@type":"Organization","@id":"https:\/\/lessecretsduchocolat.com\/#organization","name":"Secrets de Chocolat (Schokoladengeheimnisse)","url":"https:\/\/lessecretsduchocolat.com\/","logo":{"@type":"ImageObject","inLanguage":"de","@id":"https:\/\/lessecretsduchocolat.com\/#\/schema\/logo\/image\/","url":"https:\/\/lessecretsduchocolat.com\/wp-content\/uploads\/2025\/05\/logo.png","contentUrl":"https:\/\/lessecretsduchocolat.com\/wp-content\/uploads\/2025\/05\/logo.png","width":198,"height":85,"caption":"Secrets de Chocolat"},"image":{"@id":"https:\/\/lessecretsduchocolat.com\/#\/schema\/logo\/image\/"}}]}},"_links":{"self":[{"href":"https:\/\/lessecretsduchocolat.com\/de\/wp-json\/wp\/v2\/product\/5076","targetHints":{"allow":["GET"]}}],"collection":[{"href":"https:\/\/lessecretsduchocolat.com\/de\/wp-json\/wp\/v2\/product"}],"about":[{"href":"https:\/\/lessecretsduchocolat.com\/de\/wp-json\/wp\/v2\/types\/product"}],"version-history":[{"count":3,"href":"https:\/\/lessecretsduchocolat.com\/de\/wp-json\/wp\/v2\/product\/5076\/revisions"}],"predecessor-version":[{"id":5083,"href":"https:\/\/lessecretsduchocolat.com\/de\/wp-json\/wp\/v2\/product\/5076\/revisions\/5083"}],"wp:featuredmedia":[{"embeddable":true,"href":"https:\/\/lessecretsduchocolat.com\/de\/wp-json\/wp\/v2\/media\/5080"}],"wp:attachment":[{"href":"https:\/\/lessecretsduchocolat.com\/de\/wp-json\/wp\/v2\/media?parent=5076"}],"wp:term":[{"taxonomy":"product_brand","embeddable":true,"href":"https:\/\/lessecretsduchocolat.com\/de\/wp-json\/wp\/v2\/product_brand?post=5076"},{"taxonomy":"product_cat","embeddable":true,"href":"https:\/\/lessecretsduchocolat.com\/de\/wp-json\/wp\/v2\/product_cat?post=5076"},{"taxonomy":"product_tag","embeddable":true,"href":"https:\/\/lessecretsduchocolat.com\/de\/wp-json\/wp\/v2\/product_tag?post=5076"}],"curies":[{"name":"wp","href":"https:\/\/api.w.org\/{rel}","templated":true}]}}