{"id":3813,"date":"2025-08-12T14:21:44","date_gmt":"2025-08-12T12:21:44","guid":{"rendered":"https:\/\/preprod.lessecretsduchocolat.com\/?post_type=product&#038;p=3813"},"modified":"2026-02-03T09:40:36","modified_gmt":"2026-02-03T08:40:36","slug":"natives-haselnussol","status":"publish","type":"product","link":"https:\/\/lessecretsduchocolat.com\/de\/produit\/huile-vierge-noisettes\/","title":{"rendered":"Natives Haselnuss\u00f6l"},"content":{"rendered":"<p data-start=\"495\" data-end=\"666\">Unser Haselnuss\u00f6l aus Frankreich ist ein reines Konzentrat aus der Region. Hergestellt aus <strong>100 % franz\u00f6sische Haseln\u00fcsse, die von P\u00e9pini\u00e8res et Noisetier de Guyenne produziert wurden<\/strong>, In der Regel wird es so gepresst, dass sein Geschmack und sein N\u00e4hrwert erhalten bleiben.<\/p>\n<p data-start=\"964\" data-end=\"1128\">In der K\u00fcche passt er perfekt zu hellem Fleisch, Fisch oder gebratenem Gem\u00fcse und bietet ein einzigartiges Gleichgewicht zwischen Feinheit und Charakter. In der Patisserie entfaltet er seine ganze Eleganz. In einem Kuchenteig, einer Torte oder einer Creme verarbeitet, veredelt sie die Aromen auf subtile Weise. <strong>Reich an unges\u00e4ttigten Fetts\u00e4uren und Vitamin E<\/strong>, Haselnuss\u00f6l verbindet Genuss mit ern\u00e4hrungsphysiologischen Vorteilen. Es ist Teil eines gesunden und leckeren Konzepts.<\/p>\n<p data-start=\"964\" data-end=\"1128\">Jede Flasche erz\u00e4hlt die Geschichte eines franz\u00f6sischen Know-hows und eines bewahrten Terroirs. Sie ist eine Einladung zu <strong>die K\u00fcche auf authentische und raffinierte Weise wiederentdecken<\/strong>. Wenn Sie dieses \u00d6l verschenken oder sich selbst schenken, entscheiden Sie sich f\u00fcr ein au\u00dfergew\u00f6hnliches Produkt, das aus einer lokalen Produktion stammt, die die Natur und den Geschmack respektiert.<\/p>","protected":false},"excerpt":{"rendered":"<p>L\u2019<strong>Haselnuss\u00f6l 100%<\/strong> ist ideal, um Ihre s\u00fc\u00dfen oder herzhaften Gerichte mit einem raffinierten Gourmet-Touch zu verfeinern.<\/p>\n<p>Diese Flasche mit 250 ml \u00d6l <strong>mit intensivem Duft und zart getoastetem Geschmack<\/strong> veredelt sofort jeden Teller. Er verleiht Ihren Zubereitungen Rundheit, Authentizit\u00e4t und Originalit\u00e4t. Beim W\u00fcrzen gen\u00fcgen ein paar Tropfen, um einen Salat, ein Gem\u00fcsecarpaccio oder einen Frischk\u00e4se in ein wahres Geschmackserlebnis zu verwandeln.<\/p>\n<p>Unser \u00d6l wird ausschlie\u00dflich aus franz\u00f6sischen Haseln\u00fcssen hergestellt und spiegelt die Exzellenz des S\u00fcdwestens wider. Hergestellt von <a href=\"https:\/\/pepinieres-et-noisetiers-de-guyenne.com\/\" target=\"_blank\" rel=\"noopener\"><strong>Baumschulen und Haselnussstrauch aus Guyenne<\/strong><\/a>, In diesem \u00d6l kommt der ganze aromatische Reichtum der Haselnuss zum Ausdruck, die mit Sorgfalt und Leidenschaft angebaut wird.<\/p>\n<p>79,60\u20ac\/L<\/p>","protected":false},"featured_media":4921,"template":"","meta":{"_acf_changed":false,"site-sidebar-layout":"default","site-content-layout":"","ast-site-content-layout":"default","site-content-style":"default","site-sidebar-style":"default","ast-global-header-display":"","ast-banner-title-visibility":"","ast-main-header-display":"","ast-hfb-above-header-display":"","ast-hfb-below-header-display":"","ast-hfb-mobile-header-display":"","site-post-title":"","ast-breadcrumbs-content":"","ast-featured-img":"","footer-sml-layout":"","theme-transparent-header-meta":"default","adv-header-id-meta":"","stick-header-meta":"","header-above-stick-meta":"","header-main-stick-meta":"","header-below-stick-meta":"","astra-migrate-meta-layouts":"set","ast-page-background-enabled":"default","ast-page-background-meta":{"desktop":{"background-color":"var(--ast-global-color-4)","background-image":"","background-repeat":"repeat","background-position":"center center","background-size":"auto","background-attachment":"scroll","background-type":"","background-media":"","overlay-type":"","overlay-color":"","overlay-opacity":"","overlay-gradient":""},"tablet":{"background-color":"","background-image":"","background-repeat":"repeat","background-position":"center center","background-size":"auto","background-attachment":"scroll","background-type":"","background-media":"","overlay-type":"","overlay-color":"","overlay-opacity":"","overlay-gradient":""},"mobile":{"background-color":"","background-image":"","background-repeat":"repeat","background-position":"center center","background-size":"auto","background-attachment":"scroll","background-type":"","background-media":"","overlay-type":"","overlay-color":"","overlay-opacity":"","overlay-gradient":""}},"ast-content-background-meta":{"desktop":{"background-color":"var(--ast-global-color-5)","background-image":"","background-repeat":"repeat","background-position":"center center","background-size":"auto","background-attachment":"scroll","background-type":"","background-media":"","overlay-type":"","overlay-color":"","overlay-opacity":"","overlay-gradient":""},"tablet":{"background-color":"var(--ast-global-color-5)","background-image":"","background-repeat":"repeat","background-position":"center center","background-size":"auto","background-attachment":"scroll","background-type":"","background-media":"","overlay-type":"","overlay-color":"","overlay-opacity":"","overlay-gradient":""},"mobile":{"background-color":"var(--ast-global-color-5)","background-image":"","background-repeat":"repeat","background-position":"center center","background-size":"auto","background-attachment":"scroll","background-type":"","background-media":"","overlay-type":"","overlay-color":"","overlay-opacity":"","overlay-gradient":""}},"iawp_total_views":18},"product_brand":[],"product_cat":[204],"product_tag":[],"class_list":{"0":"post-3813","1":"product","2":"type-product","3":"status-publish","4":"has-post-thumbnail","6":"product_cat-tous-produits","7":"desktop-align-left","8":"tablet-align-left","9":"mobile-align-left","11":"first","12":"instock","13":"taxable","14":"shipping-taxable","15":"purchasable","16":"product-type-simple"},"acf":[],"yoast_head":"<!-- This site is optimized with the Yoast SEO plugin v27.4 - https:\/\/yoast.com\/product\/yoast-seo-wordpress\/ -->\n<title>Huile vierge de noisettes | Fabrication artisanale 100% fran\u00e7aise<\/title>\n<meta name=\"description\" content=\"Huile de noisette origine France, 100 % noisettes. Saveur toast\u00e9e, artisanale et raffin\u00e9e, pour sublimer vos plats sal\u00e9s et sucr\u00e9s.\" \/>\n<meta name=\"robots\" content=\"index, follow, max-snippet:-1, max-image-preview:large, max-video-preview:-1\" \/>\n<link rel=\"canonical\" href=\"https:\/\/lessecretsduchocolat.com\/de\/product\/natives-haselnussol\/\" \/>\n<meta property=\"og:locale\" content=\"de_DE\" \/>\n<meta property=\"og:type\" content=\"article\" \/>\n<meta property=\"og:title\" content=\"Huile vierge de noisettes | Fabrication artisanale 100% fran\u00e7aise\" \/>\n<meta property=\"og:description\" content=\"Huile de noisette origine France, 100 % noisettes. Saveur toast\u00e9e, artisanale et raffin\u00e9e, pour sublimer vos plats sal\u00e9s et sucr\u00e9s.\" \/>\n<meta property=\"og:url\" content=\"https:\/\/lessecretsduchocolat.com\/de\/product\/natives-haselnussol\/\" \/>\n<meta property=\"og:site_name\" content=\"Secrets de Chocolat\" \/>\n<meta property=\"article:modified_time\" content=\"2026-02-03T08:40:36+00:00\" \/>\n<meta property=\"og:image\" content=\"https:\/\/lessecretsduchocolat.com\/wp-content\/uploads\/2025\/08\/Design-sans-titre.png\" \/>\n\t<meta property=\"og:image:width\" content=\"1000\" \/>\n\t<meta property=\"og:image:height\" content=\"1000\" \/>\n\t<meta property=\"og:image:type\" content=\"image\/png\" \/>\n<meta name=\"twitter:card\" content=\"summary_large_image\" \/>\n<meta name=\"twitter:label1\" content=\"Gesch\u00e4tzte Lesezeit\" \/>\n\t<meta name=\"twitter:data1\" content=\"2\u00a0Minuten\" \/>\n<script type=\"application\/ld+json\" class=\"yoast-schema-graph\">{\"@context\":\"https:\\\/\\\/schema.org\",\"@graph\":[{\"@type\":\"WebPage\",\"@id\":\"https:\\\/\\\/lessecretsduchocolat.com\\\/produit\\\/huile-vierge-noisettes\\\/\",\"url\":\"https:\\\/\\\/lessecretsduchocolat.com\\\/produit\\\/huile-vierge-noisettes\\\/\",\"name\":\"Huile vierge de noisettes | Fabrication artisanale 100% fran\u00e7aise\",\"isPartOf\":{\"@id\":\"https:\\\/\\\/lessecretsduchocolat.com\\\/#website\"},\"primaryImageOfPage\":{\"@id\":\"https:\\\/\\\/lessecretsduchocolat.com\\\/produit\\\/huile-vierge-noisettes\\\/#primaryimage\"},\"image\":{\"@id\":\"https:\\\/\\\/lessecretsduchocolat.com\\\/produit\\\/huile-vierge-noisettes\\\/#primaryimage\"},\"thumbnailUrl\":\"https:\\\/\\\/lessecretsduchocolat.com\\\/wp-content\\\/uploads\\\/2025\\\/08\\\/Design-sans-titre.png\",\"datePublished\":\"2025-08-12T12:21:44+00:00\",\"dateModified\":\"2026-02-03T08:40:36+00:00\",\"description\":\"Huile de noisette origine France, 100 % noisettes. Saveur toast\u00e9e, artisanale et raffin\u00e9e, pour sublimer vos plats sal\u00e9s et sucr\u00e9s.\",\"breadcrumb\":{\"@id\":\"https:\\\/\\\/lessecretsduchocolat.com\\\/produit\\\/huile-vierge-noisettes\\\/#breadcrumb\"},\"inLanguage\":\"de\",\"potentialAction\":[{\"@type\":\"ReadAction\",\"target\":[\"https:\\\/\\\/lessecretsduchocolat.com\\\/produit\\\/huile-vierge-noisettes\\\/\"]}]},{\"@type\":\"ImageObject\",\"inLanguage\":\"de\",\"@id\":\"https:\\\/\\\/lessecretsduchocolat.com\\\/produit\\\/huile-vierge-noisettes\\\/#primaryimage\",\"url\":\"https:\\\/\\\/lessecretsduchocolat.com\\\/wp-content\\\/uploads\\\/2025\\\/08\\\/Design-sans-titre.png\",\"contentUrl\":\"https:\\\/\\\/lessecretsduchocolat.com\\\/wp-content\\\/uploads\\\/2025\\\/08\\\/Design-sans-titre.png\",\"width\":1000,\"height\":1000,\"caption\":\"bouteille huile vierge noisettes\"},{\"@type\":\"BreadcrumbList\",\"@id\":\"https:\\\/\\\/lessecretsduchocolat.com\\\/produit\\\/huile-vierge-noisettes\\\/#breadcrumb\",\"itemListElement\":[{\"@type\":\"ListItem\",\"position\":1,\"name\":\"Accueil\",\"item\":\"https:\\\/\\\/lessecretsduchocolat.com\\\/\"},{\"@type\":\"ListItem\",\"position\":2,\"name\":\"Boutique en ligne\",\"item\":\"https:\\\/\\\/lessecretsduchocolat.com\\\/magasin\\\/\"},{\"@type\":\"ListItem\",\"position\":3,\"name\":\"Huile vierge de noisettes\"}]},{\"@type\":\"WebSite\",\"@id\":\"https:\\\/\\\/lessecretsduchocolat.com\\\/#website\",\"url\":\"https:\\\/\\\/lessecretsduchocolat.com\\\/\",\"name\":\"Secrets de Chocolat\",\"description\":\"\",\"publisher\":{\"@id\":\"https:\\\/\\\/lessecretsduchocolat.com\\\/#organization\"},\"potentialAction\":[{\"@type\":\"SearchAction\",\"target\":{\"@type\":\"EntryPoint\",\"urlTemplate\":\"https:\\\/\\\/lessecretsduchocolat.com\\\/?s={search_term_string}\"},\"query-input\":{\"@type\":\"PropertyValueSpecification\",\"valueRequired\":true,\"valueName\":\"search_term_string\"}}],\"inLanguage\":\"de\"},{\"@type\":\"Organization\",\"@id\":\"https:\\\/\\\/lessecretsduchocolat.com\\\/#organization\",\"name\":\"Secrets de Chocolat\",\"url\":\"https:\\\/\\\/lessecretsduchocolat.com\\\/\",\"logo\":{\"@type\":\"ImageObject\",\"inLanguage\":\"de\",\"@id\":\"https:\\\/\\\/lessecretsduchocolat.com\\\/#\\\/schema\\\/logo\\\/image\\\/\",\"url\":\"https:\\\/\\\/lessecretsduchocolat.com\\\/wp-content\\\/uploads\\\/2025\\\/05\\\/logo.png\",\"contentUrl\":\"https:\\\/\\\/lessecretsduchocolat.com\\\/wp-content\\\/uploads\\\/2025\\\/05\\\/logo.png\",\"width\":198,\"height\":85,\"caption\":\"Secrets de Chocolat\"},\"image\":{\"@id\":\"https:\\\/\\\/lessecretsduchocolat.com\\\/#\\\/schema\\\/logo\\\/image\\\/\"}}]}<\/script>\n<!-- \/ Yoast SEO plugin. -->","yoast_head_json":{"title":"Natives Haselnuss\u00f6l | Handwerkliche Herstellung 100% Franz\u00f6sisch","description":"Haselnuss\u00f6l aus Frankreich, 100 % Haseln\u00fcsse. Getoasteter Geschmack, handwerklich hergestellt und raffiniert, um Ihre s\u00fc\u00dfen und herzhaften Gerichte zu verfeinern.","robots":{"index":"index","follow":"follow","max-snippet":"max-snippet:-1","max-image-preview":"max-image-preview:large","max-video-preview":"max-video-preview:-1"},"canonical":"https:\/\/lessecretsduchocolat.com\/de\/product\/natives-haselnussol\/","og_locale":"de_DE","og_type":"article","og_title":"Huile vierge de noisettes | Fabrication artisanale 100% fran\u00e7aise","og_description":"Huile de noisette origine France, 100 % noisettes. Saveur toast\u00e9e, artisanale et raffin\u00e9e, pour sublimer vos plats sal\u00e9s et sucr\u00e9s.","og_url":"https:\/\/lessecretsduchocolat.com\/de\/product\/natives-haselnussol\/","og_site_name":"Secrets de Chocolat","article_modified_time":"2026-02-03T08:40:36+00:00","og_image":[{"width":1000,"height":1000,"url":"https:\/\/lessecretsduchocolat.com\/wp-content\/uploads\/2025\/08\/Design-sans-titre.png","type":"image\/png"}],"twitter_card":"summary_large_image","twitter_misc":{"Gesch\u00e4tzte Lesezeit":"2\u00a0Minuten"},"schema":{"@context":"https:\/\/schema.org","@graph":[{"@type":"WebPage","@id":"https:\/\/lessecretsduchocolat.com\/produit\/huile-vierge-noisettes\/","url":"https:\/\/lessecretsduchocolat.com\/produit\/huile-vierge-noisettes\/","name":"Natives Haselnuss\u00f6l | Handwerkliche Herstellung 100% Franz\u00f6sisch","isPartOf":{"@id":"https:\/\/lessecretsduchocolat.com\/#website"},"primaryImageOfPage":{"@id":"https:\/\/lessecretsduchocolat.com\/produit\/huile-vierge-noisettes\/#primaryimage"},"image":{"@id":"https:\/\/lessecretsduchocolat.com\/produit\/huile-vierge-noisettes\/#primaryimage"},"thumbnailUrl":"https:\/\/lessecretsduchocolat.com\/wp-content\/uploads\/2025\/08\/Design-sans-titre.png","datePublished":"2025-08-12T12:21:44+00:00","dateModified":"2026-02-03T08:40:36+00:00","description":"Haselnuss\u00f6l aus Frankreich, 100 % Haseln\u00fcsse. Getoasteter Geschmack, handwerklich hergestellt und raffiniert, um Ihre s\u00fc\u00dfen und herzhaften Gerichte zu verfeinern.","breadcrumb":{"@id":"https:\/\/lessecretsduchocolat.com\/produit\/huile-vierge-noisettes\/#breadcrumb"},"inLanguage":"de","potentialAction":[{"@type":"ReadAction","target":["https:\/\/lessecretsduchocolat.com\/produit\/huile-vierge-noisettes\/"]}]},{"@type":"ImageObject","inLanguage":"de","@id":"https:\/\/lessecretsduchocolat.com\/produit\/huile-vierge-noisettes\/#primaryimage","url":"https:\/\/lessecretsduchocolat.com\/wp-content\/uploads\/2025\/08\/Design-sans-titre.png","contentUrl":"https:\/\/lessecretsduchocolat.com\/wp-content\/uploads\/2025\/08\/Design-sans-titre.png","width":1000,"height":1000,"caption":"bouteille huile vierge noisettes"},{"@type":"BreadcrumbList","@id":"https:\/\/lessecretsduchocolat.com\/produit\/huile-vierge-noisettes\/#breadcrumb","itemListElement":[{"@type":"ListItem","position":1,"name":"Accueil","item":"https:\/\/lessecretsduchocolat.com\/"},{"@type":"ListItem","position":2,"name":"Boutique en ligne","item":"https:\/\/lessecretsduchocolat.com\/magasin\/"},{"@type":"ListItem","position":3,"name":"Huile vierge de noisettes"}]},{"@type":"WebSite","@id":"https:\/\/lessecretsduchocolat.com\/#website","url":"https:\/\/lessecretsduchocolat.com\/","name":"Secrets de Chocolat (Schokoladengeheimnisse)","description":"","publisher":{"@id":"https:\/\/lessecretsduchocolat.com\/#organization"},"potentialAction":[{"@type":"SearchAction","target":{"@type":"EntryPoint","urlTemplate":"https:\/\/lessecretsduchocolat.com\/?s={search_term_string}"},"query-input":{"@type":"PropertyValueSpecification","valueRequired":true,"valueName":"search_term_string"}}],"inLanguage":"de"},{"@type":"Organization","@id":"https:\/\/lessecretsduchocolat.com\/#organization","name":"Secrets de Chocolat (Schokoladengeheimnisse)","url":"https:\/\/lessecretsduchocolat.com\/","logo":{"@type":"ImageObject","inLanguage":"de","@id":"https:\/\/lessecretsduchocolat.com\/#\/schema\/logo\/image\/","url":"https:\/\/lessecretsduchocolat.com\/wp-content\/uploads\/2025\/05\/logo.png","contentUrl":"https:\/\/lessecretsduchocolat.com\/wp-content\/uploads\/2025\/05\/logo.png","width":198,"height":85,"caption":"Secrets de Chocolat"},"image":{"@id":"https:\/\/lessecretsduchocolat.com\/#\/schema\/logo\/image\/"}}]}},"_links":{"self":[{"href":"https:\/\/lessecretsduchocolat.com\/de\/wp-json\/wp\/v2\/product\/3813","targetHints":{"allow":["GET"]}}],"collection":[{"href":"https:\/\/lessecretsduchocolat.com\/de\/wp-json\/wp\/v2\/product"}],"about":[{"href":"https:\/\/lessecretsduchocolat.com\/de\/wp-json\/wp\/v2\/types\/product"}],"version-history":[{"count":7,"href":"https:\/\/lessecretsduchocolat.com\/de\/wp-json\/wp\/v2\/product\/3813\/revisions"}],"predecessor-version":[{"id":4922,"href":"https:\/\/lessecretsduchocolat.com\/de\/wp-json\/wp\/v2\/product\/3813\/revisions\/4922"}],"wp:featuredmedia":[{"embeddable":true,"href":"https:\/\/lessecretsduchocolat.com\/de\/wp-json\/wp\/v2\/media\/4921"}],"wp:attachment":[{"href":"https:\/\/lessecretsduchocolat.com\/de\/wp-json\/wp\/v2\/media?parent=3813"}],"wp:term":[{"taxonomy":"product_brand","embeddable":true,"href":"https:\/\/lessecretsduchocolat.com\/de\/wp-json\/wp\/v2\/product_brand?post=3813"},{"taxonomy":"product_cat","embeddable":true,"href":"https:\/\/lessecretsduchocolat.com\/de\/wp-json\/wp\/v2\/product_cat?post=3813"},{"taxonomy":"product_tag","embeddable":true,"href":"https:\/\/lessecretsduchocolat.com\/de\/wp-json\/wp\/v2\/product_tag?post=3813"}],"curies":[{"name":"wp","href":"https:\/\/api.w.org\/{rel}","templated":true}]}}