{"id":3802,"date":"2025-08-08T10:55:40","date_gmt":"2025-08-08T08:55:40","guid":{"rendered":"https:\/\/preprod.lessecretsduchocolat.com\/?post_type=product&#038;p=3802"},"modified":"2026-02-03T10:08:53","modified_gmt":"2026-02-03T09:08:53","slug":"schokoladenbier","status":"publish","type":"product","link":"https:\/\/lessecretsduchocolat.com\/de\/produit\/biere-chocolat\/","title":{"rendered":"Bier mit Schokolade"},"content":{"rendered":"<p data-start=\"401\" data-end=\"556\">Das schokoladige Brown Ale ist eine gewagte Kreation, die den Charakter eines traditionellen englischen Brown Ale mit der K\u00f6stlichkeit von Schokolade verbindet. Sein Aromaprofil verf\u00fchrt sofort : <strong>Noten von ger\u00f6stetem Malz, Kakao und Karamell bilden eine reiche und ausgewogene Palette<\/strong>. Im Mund trifft die runde Schokolade auf eine leichte Bitterkeit, die typisch f\u00fcr Brown Ale ist. Eine Verbindung, die Tiefe und Milde bietet, ohne \u00fcberm\u00e4\u00dfig s\u00fc\u00df zu sein.<\/p>\n<p data-start=\"854\" data-end=\"1008\">Das schokoladige Brown Ale wird am besten alleine genossen, um seine \u00fcppigen Aromen zu genie\u00dfen. Es <strong>passt auch hervorragend zu Desserts und schokoladigen Gerichten<\/strong>. Ein Schokoladenfondant, eine Haselnusstorte oder sogar ein reifer K\u00e4se finden in ihr einen originellen und eleganten Partner.<\/p>\n<p data-start=\"1322\" data-end=\"1488\">Dieses Schokoladenbier verf\u00fchrt Kenner und Neulinge gleicherma\u00dfen. Dieses Bier zu verschenken, bedeutet, ein einzigartiges Erlebnis zu schenken. Sein atypischer Charakter macht es zu einer idealen Geschenkidee, um zu \u00fcberraschen und zu verf\u00fchren. Mehr als ein einfaches Getr\u00e4nk, es ist <strong>ein Zusammentreffen von Brautradition und Gourmetkreativit\u00e4t<\/strong>. Jeder Schluck erz\u00e4hlt eine Geschichte von Kontrast und Gleichgewicht.<\/p>\n<p data-start=\"1802\" data-end=\"1982\">Das schokoladige Brown Ale ist der perfekte Verb\u00fcndete f\u00fcr gemeinsame Momente, gesellige Abende oder intimere Augenblicke, wenn sich Genuss mit Raffinesse mischt. Ein Bier, das sich von der Masse abhebt und der Schokolade einen unerwarteten und verf\u00fchrerischen Platz einr\u00e4umt.<\/p>","protected":false},"excerpt":{"rendered":"<article class=\"text-token-text-primary w-full focus:outline-none scroll-mt-[calc(var(--header-height)+min(200px,max(70px,20svh)))]\" dir=\"auto\" tabindex=\"-1\" data-turn-id=\"request-WEB:7c964569-c888-4a3d-8b60-63d656da454c-3\" data-testid=\"conversation-turn-6\" data-scroll-anchor=\"true\" data-turn=\"assistant\">\n<div class=\"text-base my-auto mx-auto pb-10 [--thread-content-margin:--spacing(4)] @[37rem]:[--thread-content-margin:--spacing(6)] @[72rem]:[--thread-content-margin:--spacing(16)] px-(--thread-content-margin)\">\n<div class=\"[--thread-content-max-width:32rem] @[34rem]:[--thread-content-max-width:40rem] @[64rem]:[--thread-content-max-width:48rem] mx-auto max-w-(--thread-content-max-width) flex-1 group\/turn-messages focus-visible:outline-hidden relative flex w-full min-w-0 flex-col agent-turn\" tabindex=\"-1\">\n<div class=\"flex max-w-full flex-col grow\">\n<div class=\"min-h-8 text-message relative flex w-full flex-col items-end gap-2 text-start break-words whitespace-normal [.text-message+&amp;]:mt-5\" dir=\"auto\" data-message-author-role=\"assistant\" data-message-id=\"a083d040-bd0b-47fc-aeb5-5f4e7ec434d5\" data-message-model-slug=\"gpt-4o\">\n<div class=\"flex w-full flex-col gap-1 empty:hidden first:pt-[3px]\">\n<div class=\"markdown prose dark:prose-invert w-full break-words light markdown-new-styling\">\n<p data-start=\"0\" data-end=\"260\" data-is-last-node=\"\" data-is-only-node=\"\">Savourez notre <strong>bi\u00e8re artisanale au chocolat (5,8% d&rsquo;alcool)<\/strong>, une alliance gourmande et audacieuse o\u00f9 les notes malt\u00e9es rencontrent la richesse du cacao. <strong>Ronde en bouche, subtilement am\u00e8re et d\u00e9licatement chocolat\u00e9e<\/strong>, elle s\u00e9duira les amateurs de saveurs originales et intenses.<\/p>\n<p data-start=\"0\" data-end=\"260\" data-is-last-node=\"\" data-is-only-node=\"\">La mousse dense et la robe brune sombre de cette bi\u00e8re au chocolat annoncent une d\u00e9gustation r\u00e9confortante. Chaque gorg\u00e9e r\u00e9v\u00e8le un \u00e9quilibre subtil entre intensit\u00e9 et onctuosit\u00e9. Vous pr\u00e9f\u00e9rez le sans alcool ? D\u00e9couvrez notre <a href=\"https:\/\/lessecretsduchocolat.com\/produit\/limonade-chocolat\/\"><strong>limonade au chocolat<\/strong><\/a>.<\/p>\n<p data-start=\"0\" data-end=\"260\" data-is-last-node=\"\" data-is-only-node=\"\">C\u2019est une <strong>bi\u00e8re de d\u00e9gustation<\/strong>, pens\u00e9e pour les amateurs curieux qui aiment explorer de nouveaux accords.<\/p>\n<\/div>\n<\/div>\n<\/div>\n<\/div>\n<\/div>\n<\/div>\n<\/article>\n","protected":false},"featured_media":4924,"template":"","meta":{"_acf_changed":false,"site-sidebar-layout":"default","site-content-layout":"","ast-site-content-layout":"default","site-content-style":"default","site-sidebar-style":"default","ast-global-header-display":"","ast-banner-title-visibility":"","ast-main-header-display":"","ast-hfb-above-header-display":"","ast-hfb-below-header-display":"","ast-hfb-mobile-header-display":"","site-post-title":"","ast-breadcrumbs-content":"","ast-featured-img":"","footer-sml-layout":"","theme-transparent-header-meta":"default","adv-header-id-meta":"","stick-header-meta":"","header-above-stick-meta":"","header-main-stick-meta":"","header-below-stick-meta":"","astra-migrate-meta-layouts":"set","ast-page-background-enabled":"default","ast-page-background-meta":{"desktop":{"background-color":"var(--ast-global-color-4)","background-image":"","background-repeat":"repeat","background-position":"center center","background-size":"auto","background-attachment":"scroll","background-type":"","background-media":"","overlay-type":"","overlay-color":"","overlay-opacity":"","overlay-gradient":""},"tablet":{"background-color":"","background-image":"","background-repeat":"repeat","background-position":"center center","background-size":"auto","background-attachment":"scroll","background-type":"","background-media":"","overlay-type":"","overlay-color":"","overlay-opacity":"","overlay-gradient":""},"mobile":{"background-color":"","background-image":"","background-repeat":"repeat","background-position":"center center","background-size":"auto","background-attachment":"scroll","background-type":"","background-media":"","overlay-type":"","overlay-color":"","overlay-opacity":"","overlay-gradient":""}},"ast-content-background-meta":{"desktop":{"background-color":"var(--ast-global-color-5)","background-image":"","background-repeat":"repeat","background-position":"center center","background-size":"auto","background-attachment":"scroll","background-type":"","background-media":"","overlay-type":"","overlay-color":"","overlay-opacity":"","overlay-gradient":""},"tablet":{"background-color":"var(--ast-global-color-5)","background-image":"","background-repeat":"repeat","background-position":"center center","background-size":"auto","background-attachment":"scroll","background-type":"","background-media":"","overlay-type":"","overlay-color":"","overlay-opacity":"","overlay-gradient":""},"mobile":{"background-color":"var(--ast-global-color-5)","background-image":"","background-repeat":"repeat","background-position":"center center","background-size":"auto","background-attachment":"scroll","background-type":"","background-media":"","overlay-type":"","overlay-color":"","overlay-opacity":"","overlay-gradient":""}},"iawp_total_views":66},"product_brand":[],"product_cat":[204],"product_tag":[],"class_list":{"0":"post-3802","1":"product","2":"type-product","3":"status-publish","4":"has-post-thumbnail","6":"product_cat-tous-produits","7":"desktop-align-left","8":"tablet-align-left","9":"mobile-align-left","11":"first","12":"instock","13":"taxable","14":"shipping-taxable","15":"purchasable","16":"product-type-simple"},"acf":[],"yoast_head":"<!-- This site is optimized with the Yoast SEO plugin v27.4 - https:\/\/yoast.com\/product\/yoast-seo-wordpress\/ -->\n<title>Bi\u00e8re au chocolat 5,8% | Brown Ale brune artisanale et gourmande<\/title>\n<meta name=\"description\" content=\"Savourez la bi\u00e8re Brown Ale chocolat\u00e9e : une brune artisanale aux notes de cacao, \u00e9quilibr\u00e9e et gourmande, id\u00e9ale pour vos moments de partage.\" \/>\n<meta name=\"robots\" content=\"index, follow, max-snippet:-1, max-image-preview:large, max-video-preview:-1\" \/>\n<link rel=\"canonical\" href=\"https:\/\/lessecretsduchocolat.com\/de\/product\/schokoladenbier\/\" \/>\n<meta property=\"og:locale\" content=\"de_DE\" \/>\n<meta property=\"og:type\" content=\"article\" \/>\n<meta property=\"og:title\" content=\"Bi\u00e8re au chocolat 5,8% | Brown Ale brune artisanale et gourmande\" \/>\n<meta property=\"og:description\" content=\"Savourez la bi\u00e8re Brown Ale chocolat\u00e9e : une brune artisanale aux notes de cacao, \u00e9quilibr\u00e9e et gourmande, id\u00e9ale pour vos moments de partage.\" \/>\n<meta property=\"og:url\" content=\"https:\/\/lessecretsduchocolat.com\/de\/product\/schokoladenbier\/\" \/>\n<meta property=\"og:site_name\" content=\"Secrets de Chocolat\" \/>\n<meta property=\"article:modified_time\" content=\"2026-02-03T09:08:53+00:00\" \/>\n<meta property=\"og:image\" content=\"https:\/\/lessecretsduchocolat.com\/wp-content\/uploads\/2025\/08\/Sans-titre.jpg\" \/>\n\t<meta property=\"og:image:width\" content=\"1000\" \/>\n\t<meta property=\"og:image:height\" content=\"1000\" \/>\n\t<meta property=\"og:image:type\" content=\"image\/jpeg\" \/>\n<meta name=\"twitter:card\" content=\"summary_large_image\" \/>\n<meta name=\"twitter:label1\" content=\"Gesch\u00e4tzte Lesezeit\" \/>\n\t<meta name=\"twitter:data1\" content=\"2\u00a0Minuten\" \/>\n<script type=\"application\/ld+json\" class=\"yoast-schema-graph\">{\"@context\":\"https:\\\/\\\/schema.org\",\"@graph\":[{\"@type\":\"WebPage\",\"@id\":\"https:\\\/\\\/lessecretsduchocolat.com\\\/produit\\\/biere-chocolat\\\/\",\"url\":\"https:\\\/\\\/lessecretsduchocolat.com\\\/produit\\\/biere-chocolat\\\/\",\"name\":\"Bi\u00e8re au chocolat 5,8% | Brown Ale brune artisanale et gourmande\",\"isPartOf\":{\"@id\":\"https:\\\/\\\/lessecretsduchocolat.com\\\/#website\"},\"primaryImageOfPage\":{\"@id\":\"https:\\\/\\\/lessecretsduchocolat.com\\\/produit\\\/biere-chocolat\\\/#primaryimage\"},\"image\":{\"@id\":\"https:\\\/\\\/lessecretsduchocolat.com\\\/produit\\\/biere-chocolat\\\/#primaryimage\"},\"thumbnailUrl\":\"https:\\\/\\\/lessecretsduchocolat.com\\\/wp-content\\\/uploads\\\/2025\\\/08\\\/Sans-titre.jpg\",\"datePublished\":\"2025-08-08T08:55:40+00:00\",\"dateModified\":\"2026-02-03T09:08:53+00:00\",\"description\":\"Savourez la bi\u00e8re Brown Ale chocolat\u00e9e : une brune artisanale aux notes de cacao, \u00e9quilibr\u00e9e et gourmande, id\u00e9ale pour vos moments de partage.\",\"breadcrumb\":{\"@id\":\"https:\\\/\\\/lessecretsduchocolat.com\\\/produit\\\/biere-chocolat\\\/#breadcrumb\"},\"inLanguage\":\"de\",\"potentialAction\":[{\"@type\":\"ReadAction\",\"target\":[\"https:\\\/\\\/lessecretsduchocolat.com\\\/produit\\\/biere-chocolat\\\/\"]}]},{\"@type\":\"ImageObject\",\"inLanguage\":\"de\",\"@id\":\"https:\\\/\\\/lessecretsduchocolat.com\\\/produit\\\/biere-chocolat\\\/#primaryimage\",\"url\":\"https:\\\/\\\/lessecretsduchocolat.com\\\/wp-content\\\/uploads\\\/2025\\\/08\\\/Sans-titre.jpg\",\"contentUrl\":\"https:\\\/\\\/lessecretsduchocolat.com\\\/wp-content\\\/uploads\\\/2025\\\/08\\\/Sans-titre.jpg\",\"width\":1000,\"height\":1000,\"caption\":\"canette biere chocolat brune brown ale\"},{\"@type\":\"BreadcrumbList\",\"@id\":\"https:\\\/\\\/lessecretsduchocolat.com\\\/produit\\\/biere-chocolat\\\/#breadcrumb\",\"itemListElement\":[{\"@type\":\"ListItem\",\"position\":1,\"name\":\"Accueil\",\"item\":\"https:\\\/\\\/lessecretsduchocolat.com\\\/\"},{\"@type\":\"ListItem\",\"position\":2,\"name\":\"Boutique en ligne\",\"item\":\"https:\\\/\\\/lessecretsduchocolat.com\\\/magasin\\\/\"},{\"@type\":\"ListItem\",\"position\":3,\"name\":\"Bi\u00e8re au chocolat\"}]},{\"@type\":\"WebSite\",\"@id\":\"https:\\\/\\\/lessecretsduchocolat.com\\\/#website\",\"url\":\"https:\\\/\\\/lessecretsduchocolat.com\\\/\",\"name\":\"Secrets de Chocolat\",\"description\":\"\",\"publisher\":{\"@id\":\"https:\\\/\\\/lessecretsduchocolat.com\\\/#organization\"},\"potentialAction\":[{\"@type\":\"SearchAction\",\"target\":{\"@type\":\"EntryPoint\",\"urlTemplate\":\"https:\\\/\\\/lessecretsduchocolat.com\\\/?s={search_term_string}\"},\"query-input\":{\"@type\":\"PropertyValueSpecification\",\"valueRequired\":true,\"valueName\":\"search_term_string\"}}],\"inLanguage\":\"de\"},{\"@type\":\"Organization\",\"@id\":\"https:\\\/\\\/lessecretsduchocolat.com\\\/#organization\",\"name\":\"Secrets de Chocolat\",\"url\":\"https:\\\/\\\/lessecretsduchocolat.com\\\/\",\"logo\":{\"@type\":\"ImageObject\",\"inLanguage\":\"de\",\"@id\":\"https:\\\/\\\/lessecretsduchocolat.com\\\/#\\\/schema\\\/logo\\\/image\\\/\",\"url\":\"https:\\\/\\\/lessecretsduchocolat.com\\\/wp-content\\\/uploads\\\/2025\\\/05\\\/logo.png\",\"contentUrl\":\"https:\\\/\\\/lessecretsduchocolat.com\\\/wp-content\\\/uploads\\\/2025\\\/05\\\/logo.png\",\"width\":198,\"height\":85,\"caption\":\"Secrets de Chocolat\"},\"image\":{\"@id\":\"https:\\\/\\\/lessecretsduchocolat.com\\\/#\\\/schema\\\/logo\\\/image\\\/\"}}]}<\/script>\n<!-- \/ Yoast SEO plugin. -->","yoast_head_json":{"title":"Schokoladenbier 5,8% | Brown Ale dunkles handgemachtes Feinschmeckerbier","description":"Genie\u00dfen Sie das schokoladige Brown Ale: ein handwerklich hergestelltes dunkles Bier mit Kakaonoten, ausgewogen und k\u00f6stlich, ideal f\u00fcr Ihre gemeinsamen Momente.","robots":{"index":"index","follow":"follow","max-snippet":"max-snippet:-1","max-image-preview":"max-image-preview:large","max-video-preview":"max-video-preview:-1"},"canonical":"https:\/\/lessecretsduchocolat.com\/de\/product\/schokoladenbier\/","og_locale":"de_DE","og_type":"article","og_title":"Bi\u00e8re au chocolat 5,8% | Brown Ale brune artisanale et gourmande","og_description":"Savourez la bi\u00e8re Brown Ale chocolat\u00e9e : une brune artisanale aux notes de cacao, \u00e9quilibr\u00e9e et gourmande, id\u00e9ale pour vos moments de partage.","og_url":"https:\/\/lessecretsduchocolat.com\/de\/product\/schokoladenbier\/","og_site_name":"Secrets de Chocolat","article_modified_time":"2026-02-03T09:08:53+00:00","og_image":[{"width":1000,"height":1000,"url":"https:\/\/lessecretsduchocolat.com\/wp-content\/uploads\/2025\/08\/Sans-titre.jpg","type":"image\/jpeg"}],"twitter_card":"summary_large_image","twitter_misc":{"Gesch\u00e4tzte Lesezeit":"2\u00a0Minuten"},"schema":{"@context":"https:\/\/schema.org","@graph":[{"@type":"WebPage","@id":"https:\/\/lessecretsduchocolat.com\/produit\/biere-chocolat\/","url":"https:\/\/lessecretsduchocolat.com\/produit\/biere-chocolat\/","name":"Schokoladenbier 5,8% | Brown Ale dunkles handgemachtes Feinschmeckerbier","isPartOf":{"@id":"https:\/\/lessecretsduchocolat.com\/#website"},"primaryImageOfPage":{"@id":"https:\/\/lessecretsduchocolat.com\/produit\/biere-chocolat\/#primaryimage"},"image":{"@id":"https:\/\/lessecretsduchocolat.com\/produit\/biere-chocolat\/#primaryimage"},"thumbnailUrl":"https:\/\/lessecretsduchocolat.com\/wp-content\/uploads\/2025\/08\/Sans-titre.jpg","datePublished":"2025-08-08T08:55:40+00:00","dateModified":"2026-02-03T09:08:53+00:00","description":"Genie\u00dfen Sie das schokoladige Brown Ale: ein handwerklich hergestelltes dunkles Bier mit Kakaonoten, ausgewogen und k\u00f6stlich, ideal f\u00fcr Ihre gemeinsamen Momente.","breadcrumb":{"@id":"https:\/\/lessecretsduchocolat.com\/produit\/biere-chocolat\/#breadcrumb"},"inLanguage":"de","potentialAction":[{"@type":"ReadAction","target":["https:\/\/lessecretsduchocolat.com\/produit\/biere-chocolat\/"]}]},{"@type":"ImageObject","inLanguage":"de","@id":"https:\/\/lessecretsduchocolat.com\/produit\/biere-chocolat\/#primaryimage","url":"https:\/\/lessecretsduchocolat.com\/wp-content\/uploads\/2025\/08\/Sans-titre.jpg","contentUrl":"https:\/\/lessecretsduchocolat.com\/wp-content\/uploads\/2025\/08\/Sans-titre.jpg","width":1000,"height":1000,"caption":"canette biere chocolat brune brown ale"},{"@type":"BreadcrumbList","@id":"https:\/\/lessecretsduchocolat.com\/produit\/biere-chocolat\/#breadcrumb","itemListElement":[{"@type":"ListItem","position":1,"name":"Accueil","item":"https:\/\/lessecretsduchocolat.com\/"},{"@type":"ListItem","position":2,"name":"Boutique en ligne","item":"https:\/\/lessecretsduchocolat.com\/magasin\/"},{"@type":"ListItem","position":3,"name":"Bi\u00e8re au chocolat"}]},{"@type":"WebSite","@id":"https:\/\/lessecretsduchocolat.com\/#website","url":"https:\/\/lessecretsduchocolat.com\/","name":"Secrets de Chocolat (Schokoladengeheimnisse)","description":"","publisher":{"@id":"https:\/\/lessecretsduchocolat.com\/#organization"},"potentialAction":[{"@type":"SearchAction","target":{"@type":"EntryPoint","urlTemplate":"https:\/\/lessecretsduchocolat.com\/?s={search_term_string}"},"query-input":{"@type":"PropertyValueSpecification","valueRequired":true,"valueName":"search_term_string"}}],"inLanguage":"de"},{"@type":"Organization","@id":"https:\/\/lessecretsduchocolat.com\/#organization","name":"Secrets de Chocolat (Schokoladengeheimnisse)","url":"https:\/\/lessecretsduchocolat.com\/","logo":{"@type":"ImageObject","inLanguage":"de","@id":"https:\/\/lessecretsduchocolat.com\/#\/schema\/logo\/image\/","url":"https:\/\/lessecretsduchocolat.com\/wp-content\/uploads\/2025\/05\/logo.png","contentUrl":"https:\/\/lessecretsduchocolat.com\/wp-content\/uploads\/2025\/05\/logo.png","width":198,"height":85,"caption":"Secrets de Chocolat"},"image":{"@id":"https:\/\/lessecretsduchocolat.com\/#\/schema\/logo\/image\/"}}]}},"_links":{"self":[{"href":"https:\/\/lessecretsduchocolat.com\/de\/wp-json\/wp\/v2\/product\/3802","targetHints":{"allow":["GET"]}}],"collection":[{"href":"https:\/\/lessecretsduchocolat.com\/de\/wp-json\/wp\/v2\/product"}],"about":[{"href":"https:\/\/lessecretsduchocolat.com\/de\/wp-json\/wp\/v2\/types\/product"}],"version-history":[{"count":7,"href":"https:\/\/lessecretsduchocolat.com\/de\/wp-json\/wp\/v2\/product\/3802\/revisions"}],"predecessor-version":[{"id":4927,"href":"https:\/\/lessecretsduchocolat.com\/de\/wp-json\/wp\/v2\/product\/3802\/revisions\/4927"}],"wp:featuredmedia":[{"embeddable":true,"href":"https:\/\/lessecretsduchocolat.com\/de\/wp-json\/wp\/v2\/media\/4924"}],"wp:attachment":[{"href":"https:\/\/lessecretsduchocolat.com\/de\/wp-json\/wp\/v2\/media?parent=3802"}],"wp:term":[{"taxonomy":"product_brand","embeddable":true,"href":"https:\/\/lessecretsduchocolat.com\/de\/wp-json\/wp\/v2\/product_brand?post=3802"},{"taxonomy":"product_cat","embeddable":true,"href":"https:\/\/lessecretsduchocolat.com\/de\/wp-json\/wp\/v2\/product_cat?post=3802"},{"taxonomy":"product_tag","embeddable":true,"href":"https:\/\/lessecretsduchocolat.com\/de\/wp-json\/wp\/v2\/product_tag?post=3802"}],"curies":[{"name":"wp","href":"https:\/\/api.w.org\/{rel}","templated":true}]}}