{"id":3778,"date":"2025-08-04T15:00:21","date_gmt":"2025-08-04T13:00:21","guid":{"rendered":"https:\/\/preprod.lessecretsduchocolat.com\/?post_type=product&#038;p=3778"},"modified":"2026-03-13T09:23:28","modified_gmt":"2026-03-13T08:23:28","slug":"die-croustipop-heidelbeere-500g-2","status":"publish","type":"product","link":"https:\/\/lessecretsduchocolat.com\/de\/produit\/les-croustipop-myrtille-500g-2\/","title":{"rendered":"Die Croustipop Karamell 500g"},"content":{"rendered":"<p data-start=\"2072\" data-end=\"2223\">Die <strong data-start=\"2076\" data-end=\"2104\">Croustipop Karamell 500 g<\/strong> vereinen den knusprigen Puffreis und die zartschmelzende S\u00fc\u00dfe der Schokolade, verfeinert mit einer unwiderstehlichen Karamellnote.<\/p>\n<p data-start=\"2225\" data-end=\"2374\">Ihre K\u00f6stlichkeit beruht auf einem subtilen Gleichgewicht: luftige Knusprigkeit, zart schmelzende Schokolade und ein s\u00fc\u00dfer Hauch, der an die S\u00fc\u00dfigkeiten aus der Kindheit erinnert.<\/p>\n<p data-start=\"2376\" data-end=\"2547\">Das gro\u00dfz\u00fcgige Format von 500 g ist perfekt f\u00fcr gemeinsame Momente. Snacks, Geburtstage oder einfache Schlemmerpausen werden mit diesen einzigartigen H\u00e4ppchen unvergesslich.<\/p>\n<p data-start=\"2549\" data-end=\"2692\">Der Karamellgeschmack verfeinert die Mischung und verleiht ihr eine warme Tiefe. Sie sorgt f\u00fcr einen sofortigen Trost, der Gro\u00df und Klein verf\u00fchrt.<\/p>\n<p data-start=\"2694\" data-end=\"2859\">Die <strong data-start=\"2698\" data-end=\"2720\">Karamell-Crustipop<\/strong> sind das Versprechen eines knusprigen und zugleich zartschmelzenden Genusses. Jeder Bissen entf\u00fchrt in eine vertraute und beruhigende Gaumenfreude.<\/p>\n<p data-start=\"2861\" data-end=\"2974\">Sie k\u00f6nnen allein genossen, geteilt oder verschenkt werden und verk\u00f6rpern die Geselligkeit und Authentizit\u00e4t der neu interpretierten Schokolade.<\/p>\n<p data-start=\"2976\" data-end=\"3066\">Diese gro\u00dfz\u00fcgige T\u00fcte zu verschenken, bedeutet, ein Erlebnis voller S\u00fc\u00dfe und Knusprigkeit zu schenken.<\/p>","protected":false},"excerpt":{"rendered":"<p>\u00dcberraschen Sie Ihren Gaumen mit diesen s\u00fc\u00dfen Leckereien, die aus Puffreis hergestellt werden, mit Karamell aromatisiert und mit wei\u00dfer Schokolade \u00fcberzogen sind (33,80\u20ac\/kg).<\/p>","protected":false},"featured_media":5104,"template":"","meta":{"_acf_changed":false,"site-sidebar-layout":"default","site-content-layout":"","ast-site-content-layout":"default","site-content-style":"default","site-sidebar-style":"default","ast-global-header-display":"","ast-banner-title-visibility":"","ast-main-header-display":"","ast-hfb-above-header-display":"","ast-hfb-below-header-display":"","ast-hfb-mobile-header-display":"","site-post-title":"","ast-breadcrumbs-content":"","ast-featured-img":"","footer-sml-layout":"","theme-transparent-header-meta":"default","adv-header-id-meta":"","stick-header-meta":"","header-above-stick-meta":"","header-main-stick-meta":"","header-below-stick-meta":"","astra-migrate-meta-layouts":"set","ast-page-background-enabled":"default","ast-page-background-meta":{"desktop":{"background-color":"var(--ast-global-color-4)","background-image":"","background-repeat":"repeat","background-position":"center center","background-size":"auto","background-attachment":"scroll","background-type":"","background-media":"","overlay-type":"","overlay-color":"","overlay-opacity":"","overlay-gradient":""},"tablet":{"background-color":"","background-image":"","background-repeat":"repeat","background-position":"center center","background-size":"auto","background-attachment":"scroll","background-type":"","background-media":"","overlay-type":"","overlay-color":"","overlay-opacity":"","overlay-gradient":""},"mobile":{"background-color":"","background-image":"","background-repeat":"repeat","background-position":"center center","background-size":"auto","background-attachment":"scroll","background-type":"","background-media":"","overlay-type":"","overlay-color":"","overlay-opacity":"","overlay-gradient":""}},"ast-content-background-meta":{"desktop":{"background-color":"var(--ast-global-color-5)","background-image":"","background-repeat":"repeat","background-position":"center center","background-size":"auto","background-attachment":"scroll","background-type":"","background-media":"","overlay-type":"","overlay-color":"","overlay-opacity":"","overlay-gradient":""},"tablet":{"background-color":"var(--ast-global-color-5)","background-image":"","background-repeat":"repeat","background-position":"center center","background-size":"auto","background-attachment":"scroll","background-type":"","background-media":"","overlay-type":"","overlay-color":"","overlay-opacity":"","overlay-gradient":""},"mobile":{"background-color":"var(--ast-global-color-5)","background-image":"","background-repeat":"repeat","background-position":"center center","background-size":"auto","background-attachment":"scroll","background-type":"","background-media":"","overlay-type":"","overlay-color":"","overlay-opacity":"","overlay-gradient":""}},"iawp_total_views":49},"product_brand":[],"product_cat":[201,204],"product_tag":[],"class_list":{"0":"post-3778","1":"product","2":"type-product","3":"status-publish","4":"has-post-thumbnail","6":"product_cat-grands-formats","7":"product_cat-tous-produits","8":"desktop-align-left","9":"tablet-align-left","10":"mobile-align-left","12":"first","13":"instock","14":"taxable","15":"shipping-taxable","16":"purchasable","17":"product-type-simple"},"acf":[],"yoast_head":"<!-- This site is optimized with the Yoast SEO plugin v27.4 - https:\/\/yoast.com\/product\/yoast-seo-wordpress\/ -->\n<title>Les Croustipop caramel 500g - Secrets de Chocolat<\/title>\n<meta name=\"description\" content=\"avourez les Croustipop caramel 500 g : riz souffl\u00e9 croustillant enrob\u00e9 de chocolat et relev\u00e9 d\u2019une note de caramel fondant. Gourmandise \u00e0 partager.\" \/>\n<meta name=\"robots\" content=\"index, follow, max-snippet:-1, max-image-preview:large, max-video-preview:-1\" \/>\n<link rel=\"canonical\" href=\"https:\/\/lessecretsduchocolat.com\/de\/product\/die-croustipop-heidelbeere-500g-2\/\" \/>\n<meta property=\"og:locale\" content=\"de_DE\" \/>\n<meta property=\"og:type\" content=\"article\" \/>\n<meta property=\"og:title\" content=\"Les Croustipop caramel 500g - Secrets de Chocolat\" \/>\n<meta property=\"og:description\" content=\"avourez les Croustipop caramel 500 g : riz souffl\u00e9 croustillant enrob\u00e9 de chocolat et relev\u00e9 d\u2019une note de caramel fondant. Gourmandise \u00e0 partager.\" \/>\n<meta property=\"og:url\" content=\"https:\/\/lessecretsduchocolat.com\/de\/product\/die-croustipop-heidelbeere-500g-2\/\" \/>\n<meta property=\"og:site_name\" content=\"Secrets de Chocolat\" \/>\n<meta property=\"article:modified_time\" content=\"2026-03-13T08:23:28+00:00\" \/>\n<meta property=\"og:image\" content=\"https:\/\/lessecretsduchocolat.com\/wp-content\/uploads\/2025\/08\/11.png\" \/>\n\t<meta property=\"og:image:width\" content=\"1000\" \/>\n\t<meta property=\"og:image:height\" content=\"1000\" \/>\n\t<meta property=\"og:image:type\" content=\"image\/png\" \/>\n<meta name=\"twitter:card\" content=\"summary_large_image\" \/>\n<meta name=\"twitter:label1\" content=\"Gesch\u00e4tzte Lesezeit\" \/>\n\t<meta name=\"twitter:data1\" content=\"1\u00a0Minute\" \/>\n<script type=\"application\/ld+json\" class=\"yoast-schema-graph\">{\"@context\":\"https:\\\/\\\/schema.org\",\"@graph\":[{\"@type\":\"WebPage\",\"@id\":\"https:\\\/\\\/lessecretsduchocolat.com\\\/produit\\\/les-croustipop-myrtille-500g-2\\\/\",\"url\":\"https:\\\/\\\/lessecretsduchocolat.com\\\/produit\\\/les-croustipop-myrtille-500g-2\\\/\",\"name\":\"Les Croustipop caramel 500g - Secrets de Chocolat\",\"isPartOf\":{\"@id\":\"https:\\\/\\\/lessecretsduchocolat.com\\\/#website\"},\"primaryImageOfPage\":{\"@id\":\"https:\\\/\\\/lessecretsduchocolat.com\\\/produit\\\/les-croustipop-myrtille-500g-2\\\/#primaryimage\"},\"image\":{\"@id\":\"https:\\\/\\\/lessecretsduchocolat.com\\\/produit\\\/les-croustipop-myrtille-500g-2\\\/#primaryimage\"},\"thumbnailUrl\":\"https:\\\/\\\/lessecretsduchocolat.com\\\/wp-content\\\/uploads\\\/2025\\\/08\\\/11.png\",\"datePublished\":\"2025-08-04T13:00:21+00:00\",\"dateModified\":\"2026-03-13T08:23:28+00:00\",\"description\":\"avourez les Croustipop caramel 500 g : riz souffl\u00e9 croustillant enrob\u00e9 de chocolat et relev\u00e9 d\u2019une note de caramel fondant. Gourmandise \u00e0 partager.\",\"breadcrumb\":{\"@id\":\"https:\\\/\\\/lessecretsduchocolat.com\\\/produit\\\/les-croustipop-myrtille-500g-2\\\/#breadcrumb\"},\"inLanguage\":\"de\",\"potentialAction\":[{\"@type\":\"ReadAction\",\"target\":[\"https:\\\/\\\/lessecretsduchocolat.com\\\/produit\\\/les-croustipop-myrtille-500g-2\\\/\"]}]},{\"@type\":\"ImageObject\",\"inLanguage\":\"de\",\"@id\":\"https:\\\/\\\/lessecretsduchocolat.com\\\/produit\\\/les-croustipop-myrtille-500g-2\\\/#primaryimage\",\"url\":\"https:\\\/\\\/lessecretsduchocolat.com\\\/wp-content\\\/uploads\\\/2025\\\/08\\\/11.png\",\"contentUrl\":\"https:\\\/\\\/lessecretsduchocolat.com\\\/wp-content\\\/uploads\\\/2025\\\/08\\\/11.png\",\"width\":1000,\"height\":1000,\"caption\":\"croustipop caramel 500g\"},{\"@type\":\"BreadcrumbList\",\"@id\":\"https:\\\/\\\/lessecretsduchocolat.com\\\/produit\\\/les-croustipop-myrtille-500g-2\\\/#breadcrumb\",\"itemListElement\":[{\"@type\":\"ListItem\",\"position\":1,\"name\":\"Accueil\",\"item\":\"https:\\\/\\\/lessecretsduchocolat.com\\\/\"},{\"@type\":\"ListItem\",\"position\":2,\"name\":\"Boutique en ligne\",\"item\":\"https:\\\/\\\/lessecretsduchocolat.com\\\/magasin\\\/\"},{\"@type\":\"ListItem\",\"position\":3,\"name\":\"Les Croustipop caramel 500g\"}]},{\"@type\":\"WebSite\",\"@id\":\"https:\\\/\\\/lessecretsduchocolat.com\\\/#website\",\"url\":\"https:\\\/\\\/lessecretsduchocolat.com\\\/\",\"name\":\"Secrets de Chocolat\",\"description\":\"\",\"publisher\":{\"@id\":\"https:\\\/\\\/lessecretsduchocolat.com\\\/#organization\"},\"potentialAction\":[{\"@type\":\"SearchAction\",\"target\":{\"@type\":\"EntryPoint\",\"urlTemplate\":\"https:\\\/\\\/lessecretsduchocolat.com\\\/?s={search_term_string}\"},\"query-input\":{\"@type\":\"PropertyValueSpecification\",\"valueRequired\":true,\"valueName\":\"search_term_string\"}}],\"inLanguage\":\"de\"},{\"@type\":\"Organization\",\"@id\":\"https:\\\/\\\/lessecretsduchocolat.com\\\/#organization\",\"name\":\"Secrets de Chocolat\",\"url\":\"https:\\\/\\\/lessecretsduchocolat.com\\\/\",\"logo\":{\"@type\":\"ImageObject\",\"inLanguage\":\"de\",\"@id\":\"https:\\\/\\\/lessecretsduchocolat.com\\\/#\\\/schema\\\/logo\\\/image\\\/\",\"url\":\"https:\\\/\\\/lessecretsduchocolat.com\\\/wp-content\\\/uploads\\\/2025\\\/05\\\/logo.png\",\"contentUrl\":\"https:\\\/\\\/lessecretsduchocolat.com\\\/wp-content\\\/uploads\\\/2025\\\/05\\\/logo.png\",\"width\":198,\"height\":85,\"caption\":\"Secrets de Chocolat\"},\"image\":{\"@id\":\"https:\\\/\\\/lessecretsduchocolat.com\\\/#\\\/schema\\\/logo\\\/image\\\/\"}}]}<\/script>\n<!-- \/ Yoast SEO plugin. -->","yoast_head_json":{"title":"Die Karamell-Crustipops 500g - Secrets de Chocolat","description":"gestehen Sie die Croustipop Karamell 500 g: knuspriger Puffreis, umh\u00fcllt von Schokolade und verfeinert mit einer zartschmelzenden Karamellnote. Leckerbissen zum Teilen.","robots":{"index":"index","follow":"follow","max-snippet":"max-snippet:-1","max-image-preview":"max-image-preview:large","max-video-preview":"max-video-preview:-1"},"canonical":"https:\/\/lessecretsduchocolat.com\/de\/product\/die-croustipop-heidelbeere-500g-2\/","og_locale":"de_DE","og_type":"article","og_title":"Les Croustipop caramel 500g - Secrets de Chocolat","og_description":"avourez les Croustipop caramel 500 g : riz souffl\u00e9 croustillant enrob\u00e9 de chocolat et relev\u00e9 d\u2019une note de caramel fondant. Gourmandise \u00e0 partager.","og_url":"https:\/\/lessecretsduchocolat.com\/de\/product\/die-croustipop-heidelbeere-500g-2\/","og_site_name":"Secrets de Chocolat","article_modified_time":"2026-03-13T08:23:28+00:00","og_image":[{"width":1000,"height":1000,"url":"https:\/\/lessecretsduchocolat.com\/wp-content\/uploads\/2025\/08\/11.png","type":"image\/png"}],"twitter_card":"summary_large_image","twitter_misc":{"Gesch\u00e4tzte Lesezeit":"1\u00a0Minute"},"schema":{"@context":"https:\/\/schema.org","@graph":[{"@type":"WebPage","@id":"https:\/\/lessecretsduchocolat.com\/produit\/les-croustipop-myrtille-500g-2\/","url":"https:\/\/lessecretsduchocolat.com\/produit\/les-croustipop-myrtille-500g-2\/","name":"Die Karamell-Crustipops 500g - Secrets de Chocolat","isPartOf":{"@id":"https:\/\/lessecretsduchocolat.com\/#website"},"primaryImageOfPage":{"@id":"https:\/\/lessecretsduchocolat.com\/produit\/les-croustipop-myrtille-500g-2\/#primaryimage"},"image":{"@id":"https:\/\/lessecretsduchocolat.com\/produit\/les-croustipop-myrtille-500g-2\/#primaryimage"},"thumbnailUrl":"https:\/\/lessecretsduchocolat.com\/wp-content\/uploads\/2025\/08\/11.png","datePublished":"2025-08-04T13:00:21+00:00","dateModified":"2026-03-13T08:23:28+00:00","description":"gestehen Sie die Croustipop Karamell 500 g: knuspriger Puffreis, umh\u00fcllt von Schokolade und verfeinert mit einer zartschmelzenden Karamellnote. Leckerbissen zum Teilen.","breadcrumb":{"@id":"https:\/\/lessecretsduchocolat.com\/produit\/les-croustipop-myrtille-500g-2\/#breadcrumb"},"inLanguage":"de","potentialAction":[{"@type":"ReadAction","target":["https:\/\/lessecretsduchocolat.com\/produit\/les-croustipop-myrtille-500g-2\/"]}]},{"@type":"ImageObject","inLanguage":"de","@id":"https:\/\/lessecretsduchocolat.com\/produit\/les-croustipop-myrtille-500g-2\/#primaryimage","url":"https:\/\/lessecretsduchocolat.com\/wp-content\/uploads\/2025\/08\/11.png","contentUrl":"https:\/\/lessecretsduchocolat.com\/wp-content\/uploads\/2025\/08\/11.png","width":1000,"height":1000,"caption":"croustipop caramel 500g"},{"@type":"BreadcrumbList","@id":"https:\/\/lessecretsduchocolat.com\/produit\/les-croustipop-myrtille-500g-2\/#breadcrumb","itemListElement":[{"@type":"ListItem","position":1,"name":"Accueil","item":"https:\/\/lessecretsduchocolat.com\/"},{"@type":"ListItem","position":2,"name":"Boutique en ligne","item":"https:\/\/lessecretsduchocolat.com\/magasin\/"},{"@type":"ListItem","position":3,"name":"Les Croustipop caramel 500g"}]},{"@type":"WebSite","@id":"https:\/\/lessecretsduchocolat.com\/#website","url":"https:\/\/lessecretsduchocolat.com\/","name":"Secrets de Chocolat (Schokoladengeheimnisse)","description":"","publisher":{"@id":"https:\/\/lessecretsduchocolat.com\/#organization"},"potentialAction":[{"@type":"SearchAction","target":{"@type":"EntryPoint","urlTemplate":"https:\/\/lessecretsduchocolat.com\/?s={search_term_string}"},"query-input":{"@type":"PropertyValueSpecification","valueRequired":true,"valueName":"search_term_string"}}],"inLanguage":"de"},{"@type":"Organization","@id":"https:\/\/lessecretsduchocolat.com\/#organization","name":"Secrets de Chocolat (Schokoladengeheimnisse)","url":"https:\/\/lessecretsduchocolat.com\/","logo":{"@type":"ImageObject","inLanguage":"de","@id":"https:\/\/lessecretsduchocolat.com\/#\/schema\/logo\/image\/","url":"https:\/\/lessecretsduchocolat.com\/wp-content\/uploads\/2025\/05\/logo.png","contentUrl":"https:\/\/lessecretsduchocolat.com\/wp-content\/uploads\/2025\/05\/logo.png","width":198,"height":85,"caption":"Secrets de Chocolat"},"image":{"@id":"https:\/\/lessecretsduchocolat.com\/#\/schema\/logo\/image\/"}}]}},"_links":{"self":[{"href":"https:\/\/lessecretsduchocolat.com\/de\/wp-json\/wp\/v2\/product\/3778","targetHints":{"allow":["GET"]}}],"collection":[{"href":"https:\/\/lessecretsduchocolat.com\/de\/wp-json\/wp\/v2\/product"}],"about":[{"href":"https:\/\/lessecretsduchocolat.com\/de\/wp-json\/wp\/v2\/types\/product"}],"version-history":[{"count":7,"href":"https:\/\/lessecretsduchocolat.com\/de\/wp-json\/wp\/v2\/product\/3778\/revisions"}],"predecessor-version":[{"id":5115,"href":"https:\/\/lessecretsduchocolat.com\/de\/wp-json\/wp\/v2\/product\/3778\/revisions\/5115"}],"wp:featuredmedia":[{"embeddable":true,"href":"https:\/\/lessecretsduchocolat.com\/de\/wp-json\/wp\/v2\/media\/5104"}],"wp:attachment":[{"href":"https:\/\/lessecretsduchocolat.com\/de\/wp-json\/wp\/v2\/media?parent=3778"}],"wp:term":[{"taxonomy":"product_brand","embeddable":true,"href":"https:\/\/lessecretsduchocolat.com\/de\/wp-json\/wp\/v2\/product_brand?post=3778"},{"taxonomy":"product_cat","embeddable":true,"href":"https:\/\/lessecretsduchocolat.com\/de\/wp-json\/wp\/v2\/product_cat?post=3778"},{"taxonomy":"product_tag","embeddable":true,"href":"https:\/\/lessecretsduchocolat.com\/de\/wp-json\/wp\/v2\/product_tag?post=3778"}],"curies":[{"name":"wp","href":"https:\/\/api.w.org\/{rel}","templated":true}]}}