{"id":3758,"date":"2025-08-01T16:47:00","date_gmt":"2025-08-01T14:47:00","guid":{"rendered":"https:\/\/preprod.lessecretsduchocolat.com\/?post_type=product&#038;p=3758"},"modified":"2026-03-18T16:08:28","modified_gmt":"2026-03-18T15:08:28","slug":"die-croustipop-milchschokolade-200g","status":"publish","type":"product","link":"https:\/\/lessecretsduchocolat.com\/de\/produit\/les-croustipop-chocolat-au-lait-200g\/","title":{"rendered":"Die Croustipops Milchschokolade 200g"},"content":{"rendered":"<p data-start=\"8618\" data-end=\"8809\">Die <strong data-start=\"8622\" data-end=\"8659\">Croustipop Milchschokolade 200 g<\/strong> verk\u00f6rpern die herzerw\u00e4rmende K\u00f6stlichkeit schlechthin. Knuspriger Puffreis und zartschmelzende Milchschokolade vereinen sich zu einer s\u00fcchtig machenden Harmonie.<\/p>\n<p data-start=\"8811\" data-end=\"8955\">Jeder Bissen enth\u00fcllt einen ausgewogenen Kontrast zwischen luftigem Knuspern und schokoladiger S\u00fc\u00dfe. Ein universelles Vergn\u00fcgen, das alle Naschkatzen verf\u00fchrt.<\/p>\n<p data-start=\"8957\" data-end=\"9066\">Das Format <strong data-start=\"8967\" data-end=\"8976\">200 g<\/strong> ist ideal f\u00fcr eine s\u00fc\u00dfe Pause, einen gemeinsamen Snack oder als kleine Aufmerksamkeit f\u00fcr Feinschmecker.<\/p>\n<p data-start=\"9068\" data-end=\"9224\">Die <strong data-start=\"9072\" data-end=\"9103\">Croustipop Milchschokolade<\/strong> erinnern daran, dass die Einfachheit manchmal der Schl\u00fcssel zum Gl\u00fcck ist. Eine zeitlose K\u00f6stlichkeit, die Generationen \u00fcberdauert.<\/p>\n<p data-start=\"9226\" data-end=\"9321\">Ob zum Verschenken oder selbst genie\u00dfen, dieser praktische Beutel ist ein Muss f\u00fcr schokoladige Momente.<\/p>","protected":false},"excerpt":{"rendered":"<p>Verlieben Sie sich in die Croustipop Milchschokolade 200 g: knuspriger Puffreis und zartschmelzende S\u00fc\u00dfe. Eine universelle Leckerei zum Genie\u00dfen oder Teilen. (49,50\u20ac\/kg)<\/p>","protected":false},"featured_media":5107,"template":"","meta":{"_acf_changed":false,"site-sidebar-layout":"default","site-content-layout":"","ast-site-content-layout":"default","site-content-style":"default","site-sidebar-style":"default","ast-global-header-display":"","ast-banner-title-visibility":"","ast-main-header-display":"","ast-hfb-above-header-display":"","ast-hfb-below-header-display":"","ast-hfb-mobile-header-display":"","site-post-title":"","ast-breadcrumbs-content":"","ast-featured-img":"","footer-sml-layout":"","theme-transparent-header-meta":"default","adv-header-id-meta":"","stick-header-meta":"","header-above-stick-meta":"","header-main-stick-meta":"","header-below-stick-meta":"","astra-migrate-meta-layouts":"set","ast-page-background-enabled":"default","ast-page-background-meta":{"desktop":{"background-color":"var(--ast-global-color-4)","background-image":"","background-repeat":"repeat","background-position":"center center","background-size":"auto","background-attachment":"scroll","background-type":"","background-media":"","overlay-type":"","overlay-color":"","overlay-opacity":"","overlay-gradient":""},"tablet":{"background-color":"","background-image":"","background-repeat":"repeat","background-position":"center center","background-size":"auto","background-attachment":"scroll","background-type":"","background-media":"","overlay-type":"","overlay-color":"","overlay-opacity":"","overlay-gradient":""},"mobile":{"background-color":"","background-image":"","background-repeat":"repeat","background-position":"center center","background-size":"auto","background-attachment":"scroll","background-type":"","background-media":"","overlay-type":"","overlay-color":"","overlay-opacity":"","overlay-gradient":""}},"ast-content-background-meta":{"desktop":{"background-color":"var(--ast-global-color-5)","background-image":"","background-repeat":"repeat","background-position":"center center","background-size":"auto","background-attachment":"scroll","background-type":"","background-media":"","overlay-type":"","overlay-color":"","overlay-opacity":"","overlay-gradient":""},"tablet":{"background-color":"var(--ast-global-color-5)","background-image":"","background-repeat":"repeat","background-position":"center center","background-size":"auto","background-attachment":"scroll","background-type":"","background-media":"","overlay-type":"","overlay-color":"","overlay-opacity":"","overlay-gradient":""},"mobile":{"background-color":"var(--ast-global-color-5)","background-image":"","background-repeat":"repeat","background-position":"center center","background-size":"auto","background-attachment":"scroll","background-type":"","background-media":"","overlay-type":"","overlay-color":"","overlay-opacity":"","overlay-gradient":""}},"iawp_total_views":32},"product_brand":[],"product_cat":[108,204],"product_tag":[],"class_list":{"0":"post-3758","1":"product","2":"type-product","3":"status-publish","4":"has-post-thumbnail","6":"product_cat-gourmandises","7":"product_cat-tous-produits","8":"desktop-align-left","9":"tablet-align-left","10":"mobile-align-left","12":"first","13":"instock","14":"virtual","15":"taxable","16":"purchasable","17":"product-type-simple"},"acf":[],"yoast_head":"<!-- This site is optimized with the Yoast SEO plugin v27.4 - https:\/\/yoast.com\/product\/yoast-seo-wordpress\/ -->\n<title>Les Croustipop chocolat au lait 200g - Secrets de Chocolat<\/title>\n<meta name=\"description\" content=\"Craquez pour les Croustipop chocolat au lait 200 g : riz souffl\u00e9 croustillant et douceur fondante. Une gourmandise universelle \u00e0 savourer ou partager.\" \/>\n<meta name=\"robots\" content=\"index, follow, max-snippet:-1, max-image-preview:large, max-video-preview:-1\" \/>\n<link rel=\"canonical\" href=\"https:\/\/lessecretsduchocolat.com\/de\/product\/die-croustipop-milchschokolade-200g\/\" \/>\n<meta property=\"og:locale\" content=\"de_DE\" \/>\n<meta property=\"og:type\" content=\"article\" \/>\n<meta property=\"og:title\" content=\"Les Croustipop chocolat au lait 200g - Secrets de Chocolat\" \/>\n<meta property=\"og:description\" content=\"Craquez pour les Croustipop chocolat au lait 200 g : riz souffl\u00e9 croustillant et douceur fondante. Une gourmandise universelle \u00e0 savourer ou partager.\" \/>\n<meta property=\"og:url\" content=\"https:\/\/lessecretsduchocolat.com\/de\/product\/die-croustipop-milchschokolade-200g\/\" \/>\n<meta property=\"og:site_name\" content=\"Secrets de Chocolat\" \/>\n<meta property=\"article:modified_time\" content=\"2026-03-18T15:08:28+00:00\" \/>\n<meta property=\"og:image\" content=\"https:\/\/lessecretsduchocolat.com\/wp-content\/uploads\/2025\/08\/14.png\" \/>\n\t<meta property=\"og:image:width\" content=\"1000\" \/>\n\t<meta property=\"og:image:height\" content=\"1000\" \/>\n\t<meta property=\"og:image:type\" content=\"image\/png\" \/>\n<meta name=\"twitter:card\" content=\"summary_large_image\" \/>\n<meta name=\"twitter:label1\" content=\"Gesch\u00e4tzte Lesezeit\" \/>\n\t<meta name=\"twitter:data1\" content=\"1\u00a0Minute\" \/>\n<script type=\"application\/ld+json\" class=\"yoast-schema-graph\">{\"@context\":\"https:\\\/\\\/schema.org\",\"@graph\":[{\"@type\":\"WebPage\",\"@id\":\"https:\\\/\\\/lessecretsduchocolat.com\\\/produit\\\/les-croustipop-chocolat-au-lait-200g\\\/\",\"url\":\"https:\\\/\\\/lessecretsduchocolat.com\\\/produit\\\/les-croustipop-chocolat-au-lait-200g\\\/\",\"name\":\"Les Croustipop chocolat au lait 200g - Secrets de Chocolat\",\"isPartOf\":{\"@id\":\"https:\\\/\\\/lessecretsduchocolat.com\\\/#website\"},\"primaryImageOfPage\":{\"@id\":\"https:\\\/\\\/lessecretsduchocolat.com\\\/produit\\\/les-croustipop-chocolat-au-lait-200g\\\/#primaryimage\"},\"image\":{\"@id\":\"https:\\\/\\\/lessecretsduchocolat.com\\\/produit\\\/les-croustipop-chocolat-au-lait-200g\\\/#primaryimage\"},\"thumbnailUrl\":\"https:\\\/\\\/lessecretsduchocolat.com\\\/wp-content\\\/uploads\\\/2025\\\/08\\\/14.png\",\"datePublished\":\"2025-08-01T14:47:00+00:00\",\"dateModified\":\"2026-03-18T15:08:28+00:00\",\"description\":\"Craquez pour les Croustipop chocolat au lait 200 g : riz souffl\u00e9 croustillant et douceur fondante. Une gourmandise universelle \u00e0 savourer ou partager.\",\"breadcrumb\":{\"@id\":\"https:\\\/\\\/lessecretsduchocolat.com\\\/produit\\\/les-croustipop-chocolat-au-lait-200g\\\/#breadcrumb\"},\"inLanguage\":\"de\",\"potentialAction\":[{\"@type\":\"ReadAction\",\"target\":[\"https:\\\/\\\/lessecretsduchocolat.com\\\/produit\\\/les-croustipop-chocolat-au-lait-200g\\\/\"]}]},{\"@type\":\"ImageObject\",\"inLanguage\":\"de\",\"@id\":\"https:\\\/\\\/lessecretsduchocolat.com\\\/produit\\\/les-croustipop-chocolat-au-lait-200g\\\/#primaryimage\",\"url\":\"https:\\\/\\\/lessecretsduchocolat.com\\\/wp-content\\\/uploads\\\/2025\\\/08\\\/14.png\",\"contentUrl\":\"https:\\\/\\\/lessecretsduchocolat.com\\\/wp-content\\\/uploads\\\/2025\\\/08\\\/14.png\",\"width\":1000,\"height\":1000},{\"@type\":\"BreadcrumbList\",\"@id\":\"https:\\\/\\\/lessecretsduchocolat.com\\\/produit\\\/les-croustipop-chocolat-au-lait-200g\\\/#breadcrumb\",\"itemListElement\":[{\"@type\":\"ListItem\",\"position\":1,\"name\":\"Accueil\",\"item\":\"https:\\\/\\\/lessecretsduchocolat.com\\\/\"},{\"@type\":\"ListItem\",\"position\":2,\"name\":\"Boutique en ligne\",\"item\":\"https:\\\/\\\/lessecretsduchocolat.com\\\/magasin\\\/\"},{\"@type\":\"ListItem\",\"position\":3,\"name\":\"Les Croustipop chocolat au lait 200g\"}]},{\"@type\":\"WebSite\",\"@id\":\"https:\\\/\\\/lessecretsduchocolat.com\\\/#website\",\"url\":\"https:\\\/\\\/lessecretsduchocolat.com\\\/\",\"name\":\"Secrets de Chocolat\",\"description\":\"\",\"publisher\":{\"@id\":\"https:\\\/\\\/lessecretsduchocolat.com\\\/#organization\"},\"potentialAction\":[{\"@type\":\"SearchAction\",\"target\":{\"@type\":\"EntryPoint\",\"urlTemplate\":\"https:\\\/\\\/lessecretsduchocolat.com\\\/?s={search_term_string}\"},\"query-input\":{\"@type\":\"PropertyValueSpecification\",\"valueRequired\":true,\"valueName\":\"search_term_string\"}}],\"inLanguage\":\"de\"},{\"@type\":\"Organization\",\"@id\":\"https:\\\/\\\/lessecretsduchocolat.com\\\/#organization\",\"name\":\"Secrets de Chocolat\",\"url\":\"https:\\\/\\\/lessecretsduchocolat.com\\\/\",\"logo\":{\"@type\":\"ImageObject\",\"inLanguage\":\"de\",\"@id\":\"https:\\\/\\\/lessecretsduchocolat.com\\\/#\\\/schema\\\/logo\\\/image\\\/\",\"url\":\"https:\\\/\\\/lessecretsduchocolat.com\\\/wp-content\\\/uploads\\\/2025\\\/05\\\/logo.png\",\"contentUrl\":\"https:\\\/\\\/lessecretsduchocolat.com\\\/wp-content\\\/uploads\\\/2025\\\/05\\\/logo.png\",\"width\":198,\"height\":85,\"caption\":\"Secrets de Chocolat\"},\"image\":{\"@id\":\"https:\\\/\\\/lessecretsduchocolat.com\\\/#\\\/schema\\\/logo\\\/image\\\/\"}}]}<\/script>\n<!-- \/ Yoast SEO plugin. -->","yoast_head_json":{"title":"Die Croustipop Milchschokolade 200g - Secrets de Chocolat","description":"Verlieben Sie sich in die Croustipop Milchschokolade 200 g: knuspriger Puffreis und zartschmelzende S\u00fc\u00dfe. Eine universelle Leckerei zum Genie\u00dfen oder Teilen.","robots":{"index":"index","follow":"follow","max-snippet":"max-snippet:-1","max-image-preview":"max-image-preview:large","max-video-preview":"max-video-preview:-1"},"canonical":"https:\/\/lessecretsduchocolat.com\/de\/product\/die-croustipop-milchschokolade-200g\/","og_locale":"de_DE","og_type":"article","og_title":"Les Croustipop chocolat au lait 200g - Secrets de Chocolat","og_description":"Craquez pour les Croustipop chocolat au lait 200 g : riz souffl\u00e9 croustillant et douceur fondante. Une gourmandise universelle \u00e0 savourer ou partager.","og_url":"https:\/\/lessecretsduchocolat.com\/de\/product\/die-croustipop-milchschokolade-200g\/","og_site_name":"Secrets de Chocolat","article_modified_time":"2026-03-18T15:08:28+00:00","og_image":[{"width":1000,"height":1000,"url":"https:\/\/lessecretsduchocolat.com\/wp-content\/uploads\/2025\/08\/14.png","type":"image\/png"}],"twitter_card":"summary_large_image","twitter_misc":{"Gesch\u00e4tzte Lesezeit":"1\u00a0Minute"},"schema":{"@context":"https:\/\/schema.org","@graph":[{"@type":"WebPage","@id":"https:\/\/lessecretsduchocolat.com\/produit\/les-croustipop-chocolat-au-lait-200g\/","url":"https:\/\/lessecretsduchocolat.com\/produit\/les-croustipop-chocolat-au-lait-200g\/","name":"Die Croustipop Milchschokolade 200g - Secrets de Chocolat","isPartOf":{"@id":"https:\/\/lessecretsduchocolat.com\/#website"},"primaryImageOfPage":{"@id":"https:\/\/lessecretsduchocolat.com\/produit\/les-croustipop-chocolat-au-lait-200g\/#primaryimage"},"image":{"@id":"https:\/\/lessecretsduchocolat.com\/produit\/les-croustipop-chocolat-au-lait-200g\/#primaryimage"},"thumbnailUrl":"https:\/\/lessecretsduchocolat.com\/wp-content\/uploads\/2025\/08\/14.png","datePublished":"2025-08-01T14:47:00+00:00","dateModified":"2026-03-18T15:08:28+00:00","description":"Verlieben Sie sich in die Croustipop Milchschokolade 200 g: knuspriger Puffreis und zartschmelzende S\u00fc\u00dfe. Eine universelle Leckerei zum Genie\u00dfen oder Teilen.","breadcrumb":{"@id":"https:\/\/lessecretsduchocolat.com\/produit\/les-croustipop-chocolat-au-lait-200g\/#breadcrumb"},"inLanguage":"de","potentialAction":[{"@type":"ReadAction","target":["https:\/\/lessecretsduchocolat.com\/produit\/les-croustipop-chocolat-au-lait-200g\/"]}]},{"@type":"ImageObject","inLanguage":"de","@id":"https:\/\/lessecretsduchocolat.com\/produit\/les-croustipop-chocolat-au-lait-200g\/#primaryimage","url":"https:\/\/lessecretsduchocolat.com\/wp-content\/uploads\/2025\/08\/14.png","contentUrl":"https:\/\/lessecretsduchocolat.com\/wp-content\/uploads\/2025\/08\/14.png","width":1000,"height":1000},{"@type":"BreadcrumbList","@id":"https:\/\/lessecretsduchocolat.com\/produit\/les-croustipop-chocolat-au-lait-200g\/#breadcrumb","itemListElement":[{"@type":"ListItem","position":1,"name":"Accueil","item":"https:\/\/lessecretsduchocolat.com\/"},{"@type":"ListItem","position":2,"name":"Boutique en ligne","item":"https:\/\/lessecretsduchocolat.com\/magasin\/"},{"@type":"ListItem","position":3,"name":"Les Croustipop chocolat au lait 200g"}]},{"@type":"WebSite","@id":"https:\/\/lessecretsduchocolat.com\/#website","url":"https:\/\/lessecretsduchocolat.com\/","name":"Secrets de Chocolat (Schokoladengeheimnisse)","description":"","publisher":{"@id":"https:\/\/lessecretsduchocolat.com\/#organization"},"potentialAction":[{"@type":"SearchAction","target":{"@type":"EntryPoint","urlTemplate":"https:\/\/lessecretsduchocolat.com\/?s={search_term_string}"},"query-input":{"@type":"PropertyValueSpecification","valueRequired":true,"valueName":"search_term_string"}}],"inLanguage":"de"},{"@type":"Organization","@id":"https:\/\/lessecretsduchocolat.com\/#organization","name":"Secrets de Chocolat (Schokoladengeheimnisse)","url":"https:\/\/lessecretsduchocolat.com\/","logo":{"@type":"ImageObject","inLanguage":"de","@id":"https:\/\/lessecretsduchocolat.com\/#\/schema\/logo\/image\/","url":"https:\/\/lessecretsduchocolat.com\/wp-content\/uploads\/2025\/05\/logo.png","contentUrl":"https:\/\/lessecretsduchocolat.com\/wp-content\/uploads\/2025\/05\/logo.png","width":198,"height":85,"caption":"Secrets de Chocolat"},"image":{"@id":"https:\/\/lessecretsduchocolat.com\/#\/schema\/logo\/image\/"}}]}},"_links":{"self":[{"href":"https:\/\/lessecretsduchocolat.com\/de\/wp-json\/wp\/v2\/product\/3758","targetHints":{"allow":["GET"]}}],"collection":[{"href":"https:\/\/lessecretsduchocolat.com\/de\/wp-json\/wp\/v2\/product"}],"about":[{"href":"https:\/\/lessecretsduchocolat.com\/de\/wp-json\/wp\/v2\/types\/product"}],"version-history":[{"count":6,"href":"https:\/\/lessecretsduchocolat.com\/de\/wp-json\/wp\/v2\/product\/3758\/revisions"}],"predecessor-version":[{"id":5127,"href":"https:\/\/lessecretsduchocolat.com\/de\/wp-json\/wp\/v2\/product\/3758\/revisions\/5127"}],"wp:featuredmedia":[{"embeddable":true,"href":"https:\/\/lessecretsduchocolat.com\/de\/wp-json\/wp\/v2\/media\/5107"}],"wp:attachment":[{"href":"https:\/\/lessecretsduchocolat.com\/de\/wp-json\/wp\/v2\/media?parent=3758"}],"wp:term":[{"taxonomy":"product_brand","embeddable":true,"href":"https:\/\/lessecretsduchocolat.com\/de\/wp-json\/wp\/v2\/product_brand?post=3758"},{"taxonomy":"product_cat","embeddable":true,"href":"https:\/\/lessecretsduchocolat.com\/de\/wp-json\/wp\/v2\/product_cat?post=3758"},{"taxonomy":"product_tag","embeddable":true,"href":"https:\/\/lessecretsduchocolat.com\/de\/wp-json\/wp\/v2\/product_tag?post=3758"}],"curies":[{"name":"wp","href":"https:\/\/api.w.org\/{rel}","templated":true}]}}