{"id":3752,"date":"2025-08-01T15:43:06","date_gmt":"2025-08-01T13:43:06","guid":{"rendered":"https:\/\/preprod.lessecretsduchocolat.com\/?post_type=product&#038;p=3752"},"modified":"2026-03-13T09:23:49","modified_gmt":"2026-03-13T08:23:49","slug":"die-himbeer-crustipop-200g","status":"publish","type":"product","link":"https:\/\/lessecretsduchocolat.com\/de\/produit\/les-croustipop-framboise-200g\/","title":{"rendered":"DIE HIMBEER-CRUSTIPOP 200G"},"content":{"rendered":"<p data-start=\"4960\" data-end=\"5117\">Die <strong data-start=\"4964\" data-end=\"4994\">Himbeer-Croustipop 200 g<\/strong> verf\u00fchren durch ihren k\u00f6stlichen Kontrast: knuspriger Puffreis, zartschmelzende Schokolade und die s\u00e4uerliche Intensit\u00e4t der Himbeere.<\/p>\n<p data-start=\"5119\" data-end=\"5283\">Jeder Bissen enth\u00fcllt eine originelle Kombination: schokoladige S\u00fc\u00dfe und erfrischende Fruchtnoten. Eine s\u00fcchtig machende Kombination, die sofort \u00fcberrascht und verf\u00fchrt.<\/p>\n<p data-start=\"5285\" data-end=\"5420\">Der Beutel <strong data-start=\"5295\" data-end=\"5304\">200 g<\/strong> ist f\u00fcr gesellige Pausen, festliche Snacks oder einfach nur zur Befriedigung eines kleinen s\u00fc\u00dfen Verlangens gedacht.<\/p>\n<p data-start=\"5422\" data-end=\"5591\">Die <strong data-start=\"5426\" data-end=\"5450\">Himbeer-Crustipop<\/strong> bringen eine farbenfrohe und elegante Note in die Schlemmerpausen. Sie eignen sich sowohl f\u00fcr Kinder als auch f\u00fcr Erwachsene, die auf der Suche nach etwas Neuem sind.<\/p>\n<p data-start=\"5593\" data-end=\"5712\">Sie k\u00f6nnen allein genossen, verschenkt oder geteilt werden und verk\u00f6rpern fruchtige Leckereien in ihrer knusprigsten Version.<\/p>\n<p data-start=\"5714\" data-end=\"5848\">Schenken Sie eine T\u00fcte mit <strong data-start=\"5734\" data-end=\"5764\">Himbeer-Croustipop 200 g<\/strong>Wenn Sie sich f\u00fcr ein Produkt entscheiden, das eine knusprige, s\u00fc\u00dfe und fruchtig-frische Leckerei ist, dann ist das eine gute Wahl.<\/p>","protected":false},"excerpt":{"rendered":"<p>Genie\u00dfen Sie die Croustipop Himbeere 200 g: knuspriger Puffreis und zartschmelzende Schokolade veredelt durch einen Hauch von s\u00e4uerlicher Frucht. Eine Delikatesse zum Teilen. (49,50\u20ac\/kg)<\/p>","protected":false},"featured_media":3934,"template":"","meta":{"_acf_changed":false,"site-sidebar-layout":"default","site-content-layout":"","ast-site-content-layout":"default","site-content-style":"default","site-sidebar-style":"default","ast-global-header-display":"","ast-banner-title-visibility":"","ast-main-header-display":"","ast-hfb-above-header-display":"","ast-hfb-below-header-display":"","ast-hfb-mobile-header-display":"","site-post-title":"","ast-breadcrumbs-content":"","ast-featured-img":"","footer-sml-layout":"","theme-transparent-header-meta":"default","adv-header-id-meta":"","stick-header-meta":"","header-above-stick-meta":"","header-main-stick-meta":"","header-below-stick-meta":"","astra-migrate-meta-layouts":"set","ast-page-background-enabled":"default","ast-page-background-meta":{"desktop":{"background-color":"var(--ast-global-color-4)","background-image":"","background-repeat":"repeat","background-position":"center center","background-size":"auto","background-attachment":"scroll","background-type":"","background-media":"","overlay-type":"","overlay-color":"","overlay-opacity":"","overlay-gradient":""},"tablet":{"background-color":"","background-image":"","background-repeat":"repeat","background-position":"center center","background-size":"auto","background-attachment":"scroll","background-type":"","background-media":"","overlay-type":"","overlay-color":"","overlay-opacity":"","overlay-gradient":""},"mobile":{"background-color":"","background-image":"","background-repeat":"repeat","background-position":"center center","background-size":"auto","background-attachment":"scroll","background-type":"","background-media":"","overlay-type":"","overlay-color":"","overlay-opacity":"","overlay-gradient":""}},"ast-content-background-meta":{"desktop":{"background-color":"var(--ast-global-color-5)","background-image":"","background-repeat":"repeat","background-position":"center center","background-size":"auto","background-attachment":"scroll","background-type":"","background-media":"","overlay-type":"","overlay-color":"","overlay-opacity":"","overlay-gradient":""},"tablet":{"background-color":"var(--ast-global-color-5)","background-image":"","background-repeat":"repeat","background-position":"center center","background-size":"auto","background-attachment":"scroll","background-type":"","background-media":"","overlay-type":"","overlay-color":"","overlay-opacity":"","overlay-gradient":""},"mobile":{"background-color":"var(--ast-global-color-5)","background-image":"","background-repeat":"repeat","background-position":"center center","background-size":"auto","background-attachment":"scroll","background-type":"","background-media":"","overlay-type":"","overlay-color":"","overlay-opacity":"","overlay-gradient":""}},"iawp_total_views":30},"product_brand":[],"product_cat":[108,204],"product_tag":[],"class_list":{"0":"post-3752","1":"product","2":"type-product","3":"status-publish","4":"has-post-thumbnail","6":"product_cat-gourmandises","7":"product_cat-tous-produits","8":"desktop-align-left","9":"tablet-align-left","10":"mobile-align-left","12":"first","13":"instock","14":"taxable","15":"shipping-taxable","16":"purchasable","17":"product-type-simple"},"acf":[],"yoast_head":"<!-- This site is optimized with the Yoast SEO plugin v27.4 - https:\/\/yoast.com\/product\/yoast-seo-wordpress\/ -->\n<title>LES CROUSTIPOP FRAMBOISE 200G - Secrets de Chocolat<\/title>\n<meta name=\"description\" content=\"Craquez pour Les Croustipop Framboise (200g), des bonbons de chocolat blanc \u00e0 la framboise et au riz souffl\u00e9 au chocolat.\" \/>\n<meta name=\"robots\" content=\"index, follow, max-snippet:-1, max-image-preview:large, max-video-preview:-1\" \/>\n<link rel=\"canonical\" href=\"https:\/\/lessecretsduchocolat.com\/de\/product\/die-himbeer-crustipop-200g\/\" \/>\n<meta property=\"og:locale\" content=\"de_DE\" \/>\n<meta property=\"og:type\" content=\"article\" \/>\n<meta property=\"og:title\" content=\"LES CROUSTIPOP FRAMBOISE 200G - Secrets de Chocolat\" \/>\n<meta property=\"og:description\" content=\"Craquez pour Les Croustipop Framboise (200g), des bonbons de chocolat blanc \u00e0 la framboise et au riz souffl\u00e9 au chocolat.\" \/>\n<meta property=\"og:url\" content=\"https:\/\/lessecretsduchocolat.com\/de\/product\/die-himbeer-crustipop-200g\/\" \/>\n<meta property=\"og:site_name\" content=\"Secrets de Chocolat\" \/>\n<meta property=\"article:modified_time\" content=\"2026-03-13T08:23:49+00:00\" \/>\n<meta property=\"og:image\" content=\"https:\/\/lessecretsduchocolat.com\/wp-content\/uploads\/2025\/08\/boutique-en-ligne-9.png\" \/>\n\t<meta property=\"og:image:width\" content=\"1000\" \/>\n\t<meta property=\"og:image:height\" content=\"1000\" \/>\n\t<meta property=\"og:image:type\" content=\"image\/png\" \/>\n<meta name=\"twitter:card\" content=\"summary_large_image\" \/>\n<meta name=\"twitter:label1\" content=\"Gesch\u00e4tzte Lesezeit\" \/>\n\t<meta name=\"twitter:data1\" content=\"1\u00a0Minute\" \/>\n<script type=\"application\/ld+json\" class=\"yoast-schema-graph\">{\"@context\":\"https:\\\/\\\/schema.org\",\"@graph\":[{\"@type\":\"WebPage\",\"@id\":\"https:\\\/\\\/lessecretsduchocolat.com\\\/produit\\\/les-croustipop-framboise-200g\\\/\",\"url\":\"https:\\\/\\\/lessecretsduchocolat.com\\\/produit\\\/les-croustipop-framboise-200g\\\/\",\"name\":\"LES CROUSTIPOP FRAMBOISE 200G - Secrets de Chocolat\",\"isPartOf\":{\"@id\":\"https:\\\/\\\/lessecretsduchocolat.com\\\/#website\"},\"primaryImageOfPage\":{\"@id\":\"https:\\\/\\\/lessecretsduchocolat.com\\\/produit\\\/les-croustipop-framboise-200g\\\/#primaryimage\"},\"image\":{\"@id\":\"https:\\\/\\\/lessecretsduchocolat.com\\\/produit\\\/les-croustipop-framboise-200g\\\/#primaryimage\"},\"thumbnailUrl\":\"https:\\\/\\\/lessecretsduchocolat.com\\\/wp-content\\\/uploads\\\/2025\\\/08\\\/boutique-en-ligne-9.png\",\"datePublished\":\"2025-08-01T13:43:06+00:00\",\"dateModified\":\"2026-03-13T08:23:49+00:00\",\"description\":\"Craquez pour Les Croustipop Framboise (200g), des bonbons de chocolat blanc \u00e0 la framboise et au riz souffl\u00e9 au chocolat.\",\"breadcrumb\":{\"@id\":\"https:\\\/\\\/lessecretsduchocolat.com\\\/produit\\\/les-croustipop-framboise-200g\\\/#breadcrumb\"},\"inLanguage\":\"de\",\"potentialAction\":[{\"@type\":\"ReadAction\",\"target\":[\"https:\\\/\\\/lessecretsduchocolat.com\\\/produit\\\/les-croustipop-framboise-200g\\\/\"]}]},{\"@type\":\"ImageObject\",\"inLanguage\":\"de\",\"@id\":\"https:\\\/\\\/lessecretsduchocolat.com\\\/produit\\\/les-croustipop-framboise-200g\\\/#primaryimage\",\"url\":\"https:\\\/\\\/lessecretsduchocolat.com\\\/wp-content\\\/uploads\\\/2025\\\/08\\\/boutique-en-ligne-9.png\",\"contentUrl\":\"https:\\\/\\\/lessecretsduchocolat.com\\\/wp-content\\\/uploads\\\/2025\\\/08\\\/boutique-en-ligne-9.png\",\"width\":1000,\"height\":1000,\"caption\":\"croustipop framboise 200g\"},{\"@type\":\"BreadcrumbList\",\"@id\":\"https:\\\/\\\/lessecretsduchocolat.com\\\/produit\\\/les-croustipop-framboise-200g\\\/#breadcrumb\",\"itemListElement\":[{\"@type\":\"ListItem\",\"position\":1,\"name\":\"Accueil\",\"item\":\"https:\\\/\\\/lessecretsduchocolat.com\\\/\"},{\"@type\":\"ListItem\",\"position\":2,\"name\":\"Boutique en ligne\",\"item\":\"https:\\\/\\\/lessecretsduchocolat.com\\\/magasin\\\/\"},{\"@type\":\"ListItem\",\"position\":3,\"name\":\"LES CROUSTIPOP FRAMBOISE 200G\"}]},{\"@type\":\"WebSite\",\"@id\":\"https:\\\/\\\/lessecretsduchocolat.com\\\/#website\",\"url\":\"https:\\\/\\\/lessecretsduchocolat.com\\\/\",\"name\":\"Secrets de Chocolat\",\"description\":\"\",\"publisher\":{\"@id\":\"https:\\\/\\\/lessecretsduchocolat.com\\\/#organization\"},\"potentialAction\":[{\"@type\":\"SearchAction\",\"target\":{\"@type\":\"EntryPoint\",\"urlTemplate\":\"https:\\\/\\\/lessecretsduchocolat.com\\\/?s={search_term_string}\"},\"query-input\":{\"@type\":\"PropertyValueSpecification\",\"valueRequired\":true,\"valueName\":\"search_term_string\"}}],\"inLanguage\":\"de\"},{\"@type\":\"Organization\",\"@id\":\"https:\\\/\\\/lessecretsduchocolat.com\\\/#organization\",\"name\":\"Secrets de Chocolat\",\"url\":\"https:\\\/\\\/lessecretsduchocolat.com\\\/\",\"logo\":{\"@type\":\"ImageObject\",\"inLanguage\":\"de\",\"@id\":\"https:\\\/\\\/lessecretsduchocolat.com\\\/#\\\/schema\\\/logo\\\/image\\\/\",\"url\":\"https:\\\/\\\/lessecretsduchocolat.com\\\/wp-content\\\/uploads\\\/2025\\\/05\\\/logo.png\",\"contentUrl\":\"https:\\\/\\\/lessecretsduchocolat.com\\\/wp-content\\\/uploads\\\/2025\\\/05\\\/logo.png\",\"width\":198,\"height\":85,\"caption\":\"Secrets de Chocolat\"},\"image\":{\"@id\":\"https:\\\/\\\/lessecretsduchocolat.com\\\/#\\\/schema\\\/logo\\\/image\\\/\"}}]}<\/script>\n<!-- \/ Yoast SEO plugin. -->","yoast_head_json":{"title":"LES CROUSTIPOP FRAMBOISE 200G - Secrets de Chocolat","description":"Verlieben Sie sich in Les Croustipop Framboise (200g), wei\u00dfe Schokoladenbonbons mit Himbeergeschmack und Puffreis mit Schokolade.","robots":{"index":"index","follow":"follow","max-snippet":"max-snippet:-1","max-image-preview":"max-image-preview:large","max-video-preview":"max-video-preview:-1"},"canonical":"https:\/\/lessecretsduchocolat.com\/de\/product\/die-himbeer-crustipop-200g\/","og_locale":"de_DE","og_type":"article","og_title":"LES CROUSTIPOP FRAMBOISE 200G - Secrets de Chocolat","og_description":"Craquez pour Les Croustipop Framboise (200g), des bonbons de chocolat blanc \u00e0 la framboise et au riz souffl\u00e9 au chocolat.","og_url":"https:\/\/lessecretsduchocolat.com\/de\/product\/die-himbeer-crustipop-200g\/","og_site_name":"Secrets de Chocolat","article_modified_time":"2026-03-13T08:23:49+00:00","og_image":[{"width":1000,"height":1000,"url":"https:\/\/lessecretsduchocolat.com\/wp-content\/uploads\/2025\/08\/boutique-en-ligne-9.png","type":"image\/png"}],"twitter_card":"summary_large_image","twitter_misc":{"Gesch\u00e4tzte Lesezeit":"1\u00a0Minute"},"schema":{"@context":"https:\/\/schema.org","@graph":[{"@type":"WebPage","@id":"https:\/\/lessecretsduchocolat.com\/produit\/les-croustipop-framboise-200g\/","url":"https:\/\/lessecretsduchocolat.com\/produit\/les-croustipop-framboise-200g\/","name":"LES CROUSTIPOP FRAMBOISE 200G - Secrets de Chocolat","isPartOf":{"@id":"https:\/\/lessecretsduchocolat.com\/#website"},"primaryImageOfPage":{"@id":"https:\/\/lessecretsduchocolat.com\/produit\/les-croustipop-framboise-200g\/#primaryimage"},"image":{"@id":"https:\/\/lessecretsduchocolat.com\/produit\/les-croustipop-framboise-200g\/#primaryimage"},"thumbnailUrl":"https:\/\/lessecretsduchocolat.com\/wp-content\/uploads\/2025\/08\/boutique-en-ligne-9.png","datePublished":"2025-08-01T13:43:06+00:00","dateModified":"2026-03-13T08:23:49+00:00","description":"Verlieben Sie sich in Les Croustipop Framboise (200g), wei\u00dfe Schokoladenbonbons mit Himbeergeschmack und Puffreis mit Schokolade.","breadcrumb":{"@id":"https:\/\/lessecretsduchocolat.com\/produit\/les-croustipop-framboise-200g\/#breadcrumb"},"inLanguage":"de","potentialAction":[{"@type":"ReadAction","target":["https:\/\/lessecretsduchocolat.com\/produit\/les-croustipop-framboise-200g\/"]}]},{"@type":"ImageObject","inLanguage":"de","@id":"https:\/\/lessecretsduchocolat.com\/produit\/les-croustipop-framboise-200g\/#primaryimage","url":"https:\/\/lessecretsduchocolat.com\/wp-content\/uploads\/2025\/08\/boutique-en-ligne-9.png","contentUrl":"https:\/\/lessecretsduchocolat.com\/wp-content\/uploads\/2025\/08\/boutique-en-ligne-9.png","width":1000,"height":1000,"caption":"croustipop framboise 200g"},{"@type":"BreadcrumbList","@id":"https:\/\/lessecretsduchocolat.com\/produit\/les-croustipop-framboise-200g\/#breadcrumb","itemListElement":[{"@type":"ListItem","position":1,"name":"Accueil","item":"https:\/\/lessecretsduchocolat.com\/"},{"@type":"ListItem","position":2,"name":"Boutique en ligne","item":"https:\/\/lessecretsduchocolat.com\/magasin\/"},{"@type":"ListItem","position":3,"name":"LES CROUSTIPOP FRAMBOISE 200G"}]},{"@type":"WebSite","@id":"https:\/\/lessecretsduchocolat.com\/#website","url":"https:\/\/lessecretsduchocolat.com\/","name":"Secrets de Chocolat (Schokoladengeheimnisse)","description":"","publisher":{"@id":"https:\/\/lessecretsduchocolat.com\/#organization"},"potentialAction":[{"@type":"SearchAction","target":{"@type":"EntryPoint","urlTemplate":"https:\/\/lessecretsduchocolat.com\/?s={search_term_string}"},"query-input":{"@type":"PropertyValueSpecification","valueRequired":true,"valueName":"search_term_string"}}],"inLanguage":"de"},{"@type":"Organization","@id":"https:\/\/lessecretsduchocolat.com\/#organization","name":"Secrets de Chocolat (Schokoladengeheimnisse)","url":"https:\/\/lessecretsduchocolat.com\/","logo":{"@type":"ImageObject","inLanguage":"de","@id":"https:\/\/lessecretsduchocolat.com\/#\/schema\/logo\/image\/","url":"https:\/\/lessecretsduchocolat.com\/wp-content\/uploads\/2025\/05\/logo.png","contentUrl":"https:\/\/lessecretsduchocolat.com\/wp-content\/uploads\/2025\/05\/logo.png","width":198,"height":85,"caption":"Secrets de Chocolat"},"image":{"@id":"https:\/\/lessecretsduchocolat.com\/#\/schema\/logo\/image\/"}}]}},"_links":{"self":[{"href":"https:\/\/lessecretsduchocolat.com\/de\/wp-json\/wp\/v2\/product\/3752","targetHints":{"allow":["GET"]}}],"collection":[{"href":"https:\/\/lessecretsduchocolat.com\/de\/wp-json\/wp\/v2\/product"}],"about":[{"href":"https:\/\/lessecretsduchocolat.com\/de\/wp-json\/wp\/v2\/types\/product"}],"version-history":[{"count":4,"href":"https:\/\/lessecretsduchocolat.com\/de\/wp-json\/wp\/v2\/product\/3752\/revisions"}],"predecessor-version":[{"id":4152,"href":"https:\/\/lessecretsduchocolat.com\/de\/wp-json\/wp\/v2\/product\/3752\/revisions\/4152"}],"wp:featuredmedia":[{"embeddable":true,"href":"https:\/\/lessecretsduchocolat.com\/de\/wp-json\/wp\/v2\/media\/3934"}],"wp:attachment":[{"href":"https:\/\/lessecretsduchocolat.com\/de\/wp-json\/wp\/v2\/media?parent=3752"}],"wp:term":[{"taxonomy":"product_brand","embeddable":true,"href":"https:\/\/lessecretsduchocolat.com\/de\/wp-json\/wp\/v2\/product_brand?post=3752"},{"taxonomy":"product_cat","embeddable":true,"href":"https:\/\/lessecretsduchocolat.com\/de\/wp-json\/wp\/v2\/product_cat?post=3752"},{"taxonomy":"product_tag","embeddable":true,"href":"https:\/\/lessecretsduchocolat.com\/de\/wp-json\/wp\/v2\/product_tag?post=3752"}],"curies":[{"name":"wp","href":"https:\/\/api.w.org\/{rel}","templated":true}]}}