{"id":1135,"date":"2023-06-14T06:40:04","date_gmt":"2023-06-14T06:40:04","guid":{"rendered":"https:\/\/preprod.lessecretsduchocolat.com\/?product=tablette-au-chocolat-noir-inclusion-framboise"},"modified":"2026-03-13T09:04:29","modified_gmt":"2026-03-13T08:04:29","slug":"dunkle-schokoladentafel-mit-himbeer-inklusion","status":"publish","type":"product","link":"https:\/\/lessecretsduchocolat.com\/de\/produit\/tablette-au-chocolat-noir-inclusion-framboise\/","title":{"rendered":"DUNKLE SCHOKOLADENTAFEL MIT HIMBEER-INKLUSION"},"content":{"rendered":"<p data-start=\"326\" data-end=\"499\">Die <strong data-start=\"329\" data-end=\"365\">Tafel Zartbitterschokolade Himbeere<\/strong> ist eine Kreation, die Intensit\u00e4t und Frische miteinander verbindet. Eine aromareiche dunkle Schokolade trifft auf die s\u00e4uerliche Lebendigkeit der Himbeere.<\/p>\n<p data-start=\"501\" data-end=\"666\">Schon bei der ersten Verkostung verf\u00fchrt der Kontrast. Die knackige Schokolade enth\u00fcllt eine elegante Bitterkeit, die schnell von der fruchtigen Explosion der Himbeere gemildert wird.<\/p>\n<p data-start=\"668\" data-end=\"830\">Jedes Quadrat erz\u00e4hlt eine Gourmetgeschichte: die Kraft eines ausgew\u00e4hlten Kakaos und die Zartheit einer raffinierten roten Frucht. Ein Gleichgewicht, das die Geschmacksknospen fesselt.<\/p>\n<p data-start=\"832\" data-end=\"1016\">Diese <strong data-start=\"838\" data-end=\"874\">Tafel Zartbitterschokolade Himbeere<\/strong> ist eine Einladung zu einer Sinnesreise. Sie verf\u00fchrt sowohl Liebhaber intensiver Schokolade als auch Neugierige, die auf der Suche nach Originalit\u00e4t sind.<\/p>\n<p data-start=\"1018\" data-end=\"1180\">Die Himbeere bringt eine spritzige, leicht s\u00e4uerliche Note mit, die die dunkle Schokolade verfeinert. Zusammen schaffen sie eine Harmonie, die zugleich k\u00fchn und raffiniert ist.<\/p>\n<p data-start=\"1182\" data-end=\"1350\">Genie\u00dfen Sie ihn allein f\u00fcr eine elegante Pause, aber er passt auch hervorragend zu einem fruchtigen Kaffee oder Tee. Er eignet sich auch f\u00fcr Gourmetpaare mit einem Rotwein.<\/p>\n<p data-start=\"1352\" data-end=\"1512\">Die <strong data-start=\"1355\" data-end=\"1391\">Tafel Zartbitterschokolade Himbeere<\/strong> ist auch eine raffinierte Geschenkidee. Seine Originalit\u00e4t und sein \u00fcberraschender Geschmack machen ihn zu einer S\u00fc\u00dfigkeit, die Eindruck hinterl\u00e4sst.<\/p>\n<p data-start=\"1514\" data-end=\"1687\">Jedes St\u00fcck wird zu einem Erlebnis, bei dem Intensit\u00e4t, Knusprigkeit und fruchtige Frische aufeinandertreffen. Eine Delikatesse, die einen einfachen Moment in eine kostbare Klammer verwandelt.<\/p>\n<p data-start=\"1689\" data-end=\"1832\">Diese Tafel zu verschenken oder sich selbst zu g\u00f6nnen, bedeutet, das Zusammentreffen von Kakao und roten Fr\u00fcchten in einer k\u00f6stlichen, modernen und eleganten Version zu feiern.<\/p>","protected":false},"excerpt":{"rendered":"<p>Entdecken Sie die dunkle Schokoladentafel Himbeere: intensiver Kakao und fruchtige Frische f\u00fcr eine elegante und gewagte Leckerei (29,00\u20ac\/kg).<\/p>","protected":false},"featured_media":986,"template":"","meta":{"_acf_changed":false,"site-sidebar-layout":"default","site-content-layout":"","ast-site-content-layout":"default","site-content-style":"default","site-sidebar-style":"default","ast-global-header-display":"","ast-banner-title-visibility":"","ast-main-header-display":"","ast-hfb-above-header-display":"","ast-hfb-below-header-display":"","ast-hfb-mobile-header-display":"","site-post-title":"","ast-breadcrumbs-content":"","ast-featured-img":"","footer-sml-layout":"","ast-disable-related-posts":"","theme-transparent-header-meta":"default","adv-header-id-meta":"","stick-header-meta":"","header-above-stick-meta":"","header-main-stick-meta":"","header-below-stick-meta":"","astra-migrate-meta-layouts":"set","ast-page-background-enabled":"default","ast-page-background-meta":{"desktop":{"background-color":"var(--ast-global-color-4)","background-image":"","background-repeat":"repeat","background-position":"center center","background-size":"auto","background-attachment":"scroll","background-type":"","background-media":"","overlay-type":"","overlay-color":"","overlay-opacity":"","overlay-gradient":""},"tablet":{"background-color":"","background-image":"","background-repeat":"repeat","background-position":"center center","background-size":"auto","background-attachment":"scroll","background-type":"","background-media":"","overlay-type":"","overlay-color":"","overlay-opacity":"","overlay-gradient":""},"mobile":{"background-color":"","background-image":"","background-repeat":"repeat","background-position":"center center","background-size":"auto","background-attachment":"scroll","background-type":"","background-media":"","overlay-type":"","overlay-color":"","overlay-opacity":"","overlay-gradient":""}},"ast-content-background-meta":{"desktop":{"background-color":"var(--ast-global-color-5)","background-image":"","background-repeat":"repeat","background-position":"center center","background-size":"auto","background-attachment":"scroll","background-type":"","background-media":"","overlay-type":"","overlay-color":"","overlay-opacity":"","overlay-gradient":""},"tablet":{"background-color":"var(--ast-global-color-5)","background-image":"","background-repeat":"repeat","background-position":"center center","background-size":"auto","background-attachment":"scroll","background-type":"","background-media":"","overlay-type":"","overlay-color":"","overlay-opacity":"","overlay-gradient":""},"mobile":{"background-color":"var(--ast-global-color-5)","background-image":"","background-repeat":"repeat","background-position":"center center","background-size":"auto","background-attachment":"scroll","background-type":"","background-media":"","overlay-type":"","overlay-color":"","overlay-opacity":"","overlay-gradient":""}},"iawp_total_views":45},"product_brand":[],"product_cat":[204],"product_tag":[],"class_list":{"0":"post-1135","1":"product","2":"type-product","3":"status-publish","4":"has-post-thumbnail","6":"product_cat-tous-produits","7":"desktop-align-left","8":"tablet-align-left","9":"mobile-align-left","11":"first","12":"instock","13":"taxable","14":"shipping-taxable","15":"purchasable","16":"product-type-simple"},"acf":[],"yoast_head":"<!-- This site is optimized with the Yoast SEO plugin v27.4 - https:\/\/yoast.com\/product\/yoast-seo-wordpress\/ -->\n<title>TABLETTE AU CHOCOLAT NOIR INCLUSION FRAMBOISE<\/title>\n<meta name=\"description\" content=\"D\u00e9couvrez notre tablette de chocolat noir aux \u00e9clats de framboise, \u00e9labor\u00e9e avec des f\u00e8ves de cacao d&#039;\u00c9quateur et pur beurre de cacao.\" \/>\n<meta name=\"robots\" content=\"index, follow, max-snippet:-1, max-image-preview:large, max-video-preview:-1\" \/>\n<link rel=\"canonical\" href=\"https:\/\/lessecretsduchocolat.com\/de\/product\/dunkle-schokoladentafel-mit-himbeer-inklusion\/\" \/>\n<meta property=\"og:locale\" content=\"de_DE\" \/>\n<meta property=\"og:type\" content=\"article\" \/>\n<meta property=\"og:title\" content=\"TABLETTE AU CHOCOLAT NOIR INCLUSION FRAMBOISE\" \/>\n<meta property=\"og:description\" content=\"D\u00e9couvrez notre tablette de chocolat noir aux \u00e9clats de framboise, \u00e9labor\u00e9e avec des f\u00e8ves de cacao d&#039;\u00c9quateur et pur beurre de cacao.\" \/>\n<meta property=\"og:url\" content=\"https:\/\/lessecretsduchocolat.com\/de\/product\/dunkle-schokoladentafel-mit-himbeer-inklusion\/\" \/>\n<meta property=\"og:site_name\" content=\"Secrets de Chocolat\" \/>\n<meta property=\"article:modified_time\" content=\"2026-03-13T08:04:29+00:00\" \/>\n<meta property=\"og:image\" content=\"https:\/\/lessecretsduchocolat.com\/wp-content\/uploads\/2025\/05\/1540.jpg\" \/>\n\t<meta property=\"og:image:width\" content=\"500\" \/>\n\t<meta property=\"og:image:height\" content=\"500\" \/>\n\t<meta property=\"og:image:type\" content=\"image\/jpeg\" \/>\n<meta name=\"twitter:card\" content=\"summary_large_image\" \/>\n<meta name=\"twitter:label1\" content=\"Gesch\u00e4tzte Lesezeit\" \/>\n\t<meta name=\"twitter:data1\" content=\"2\u00a0Minuten\" \/>\n<script type=\"application\/ld+json\" class=\"yoast-schema-graph\">{\"@context\":\"https:\\\/\\\/schema.org\",\"@graph\":[{\"@type\":\"WebPage\",\"@id\":\"https:\\\/\\\/lessecretsduchocolat.com\\\/produit\\\/tablette-au-chocolat-noir-inclusion-framboise\\\/\",\"url\":\"https:\\\/\\\/lessecretsduchocolat.com\\\/produit\\\/tablette-au-chocolat-noir-inclusion-framboise\\\/\",\"name\":\"TABLETTE AU CHOCOLAT NOIR INCLUSION FRAMBOISE\",\"isPartOf\":{\"@id\":\"https:\\\/\\\/lessecretsduchocolat.com\\\/#website\"},\"primaryImageOfPage\":{\"@id\":\"https:\\\/\\\/lessecretsduchocolat.com\\\/produit\\\/tablette-au-chocolat-noir-inclusion-framboise\\\/#primaryimage\"},\"image\":{\"@id\":\"https:\\\/\\\/lessecretsduchocolat.com\\\/produit\\\/tablette-au-chocolat-noir-inclusion-framboise\\\/#primaryimage\"},\"thumbnailUrl\":\"https:\\\/\\\/lessecretsduchocolat.com\\\/wp-content\\\/uploads\\\/2025\\\/05\\\/1540.jpg\",\"datePublished\":\"2023-06-14T06:40:04+00:00\",\"dateModified\":\"2026-03-13T08:04:29+00:00\",\"description\":\"D\u00e9couvrez notre tablette de chocolat noir aux \u00e9clats de framboise, \u00e9labor\u00e9e avec des f\u00e8ves de cacao d'\u00c9quateur et pur beurre de cacao.\",\"breadcrumb\":{\"@id\":\"https:\\\/\\\/lessecretsduchocolat.com\\\/produit\\\/tablette-au-chocolat-noir-inclusion-framboise\\\/#breadcrumb\"},\"inLanguage\":\"de\",\"potentialAction\":[{\"@type\":\"ReadAction\",\"target\":[\"https:\\\/\\\/lessecretsduchocolat.com\\\/produit\\\/tablette-au-chocolat-noir-inclusion-framboise\\\/\"]}]},{\"@type\":\"ImageObject\",\"inLanguage\":\"de\",\"@id\":\"https:\\\/\\\/lessecretsduchocolat.com\\\/produit\\\/tablette-au-chocolat-noir-inclusion-framboise\\\/#primaryimage\",\"url\":\"https:\\\/\\\/lessecretsduchocolat.com\\\/wp-content\\\/uploads\\\/2025\\\/05\\\/1540.jpg\",\"contentUrl\":\"https:\\\/\\\/lessecretsduchocolat.com\\\/wp-content\\\/uploads\\\/2025\\\/05\\\/1540.jpg\",\"width\":500,\"height\":500,\"caption\":\"tablette chocolat vrac\"},{\"@type\":\"BreadcrumbList\",\"@id\":\"https:\\\/\\\/lessecretsduchocolat.com\\\/produit\\\/tablette-au-chocolat-noir-inclusion-framboise\\\/#breadcrumb\",\"itemListElement\":[{\"@type\":\"ListItem\",\"position\":1,\"name\":\"Accueil\",\"item\":\"https:\\\/\\\/lessecretsduchocolat.com\\\/\"},{\"@type\":\"ListItem\",\"position\":2,\"name\":\"Boutique en ligne\",\"item\":\"https:\\\/\\\/lessecretsduchocolat.com\\\/magasin\\\/\"},{\"@type\":\"ListItem\",\"position\":3,\"name\":\"TABLETTE AU CHOCOLAT NOIR INCLUSION FRAMBOISE\"}]},{\"@type\":\"WebSite\",\"@id\":\"https:\\\/\\\/lessecretsduchocolat.com\\\/#website\",\"url\":\"https:\\\/\\\/lessecretsduchocolat.com\\\/\",\"name\":\"Secrets de Chocolat\",\"description\":\"\",\"publisher\":{\"@id\":\"https:\\\/\\\/lessecretsduchocolat.com\\\/#organization\"},\"potentialAction\":[{\"@type\":\"SearchAction\",\"target\":{\"@type\":\"EntryPoint\",\"urlTemplate\":\"https:\\\/\\\/lessecretsduchocolat.com\\\/?s={search_term_string}\"},\"query-input\":{\"@type\":\"PropertyValueSpecification\",\"valueRequired\":true,\"valueName\":\"search_term_string\"}}],\"inLanguage\":\"de\"},{\"@type\":\"Organization\",\"@id\":\"https:\\\/\\\/lessecretsduchocolat.com\\\/#organization\",\"name\":\"Secrets de Chocolat\",\"url\":\"https:\\\/\\\/lessecretsduchocolat.com\\\/\",\"logo\":{\"@type\":\"ImageObject\",\"inLanguage\":\"de\",\"@id\":\"https:\\\/\\\/lessecretsduchocolat.com\\\/#\\\/schema\\\/logo\\\/image\\\/\",\"url\":\"https:\\\/\\\/lessecretsduchocolat.com\\\/wp-content\\\/uploads\\\/2025\\\/05\\\/logo.png\",\"contentUrl\":\"https:\\\/\\\/lessecretsduchocolat.com\\\/wp-content\\\/uploads\\\/2025\\\/05\\\/logo.png\",\"width\":198,\"height\":85,\"caption\":\"Secrets de Chocolat\"},\"image\":{\"@id\":\"https:\\\/\\\/lessecretsduchocolat.com\\\/#\\\/schema\\\/logo\\\/image\\\/\"}}]}<\/script>\n<!-- \/ Yoast SEO plugin. -->","yoast_head_json":{"title":"DUNKLE SCHOKOLADENTAFEL MIT HIMBEER-INKLUSION","description":"Entdecken Sie unsere Tafel Zartbitterschokolade mit Himbeersplittern, die mit Kakaobohnen aus Ecuador und reiner Kakaobutter hergestellt wird.","robots":{"index":"index","follow":"follow","max-snippet":"max-snippet:-1","max-image-preview":"max-image-preview:large","max-video-preview":"max-video-preview:-1"},"canonical":"https:\/\/lessecretsduchocolat.com\/de\/product\/dunkle-schokoladentafel-mit-himbeer-inklusion\/","og_locale":"de_DE","og_type":"article","og_title":"TABLETTE AU CHOCOLAT NOIR INCLUSION FRAMBOISE","og_description":"D\u00e9couvrez notre tablette de chocolat noir aux \u00e9clats de framboise, \u00e9labor\u00e9e avec des f\u00e8ves de cacao d'\u00c9quateur et pur beurre de cacao.","og_url":"https:\/\/lessecretsduchocolat.com\/de\/product\/dunkle-schokoladentafel-mit-himbeer-inklusion\/","og_site_name":"Secrets de Chocolat","article_modified_time":"2026-03-13T08:04:29+00:00","og_image":[{"width":500,"height":500,"url":"https:\/\/lessecretsduchocolat.com\/wp-content\/uploads\/2025\/05\/1540.jpg","type":"image\/jpeg"}],"twitter_card":"summary_large_image","twitter_misc":{"Gesch\u00e4tzte Lesezeit":"2\u00a0Minuten"},"schema":{"@context":"https:\/\/schema.org","@graph":[{"@type":"WebPage","@id":"https:\/\/lessecretsduchocolat.com\/produit\/tablette-au-chocolat-noir-inclusion-framboise\/","url":"https:\/\/lessecretsduchocolat.com\/produit\/tablette-au-chocolat-noir-inclusion-framboise\/","name":"DUNKLE SCHOKOLADENTAFEL MIT HIMBEER-INKLUSION","isPartOf":{"@id":"https:\/\/lessecretsduchocolat.com\/#website"},"primaryImageOfPage":{"@id":"https:\/\/lessecretsduchocolat.com\/produit\/tablette-au-chocolat-noir-inclusion-framboise\/#primaryimage"},"image":{"@id":"https:\/\/lessecretsduchocolat.com\/produit\/tablette-au-chocolat-noir-inclusion-framboise\/#primaryimage"},"thumbnailUrl":"https:\/\/lessecretsduchocolat.com\/wp-content\/uploads\/2025\/05\/1540.jpg","datePublished":"2023-06-14T06:40:04+00:00","dateModified":"2026-03-13T08:04:29+00:00","description":"Entdecken Sie unsere Tafel Zartbitterschokolade mit Himbeersplittern, die mit Kakaobohnen aus Ecuador und reiner Kakaobutter hergestellt wird.","breadcrumb":{"@id":"https:\/\/lessecretsduchocolat.com\/produit\/tablette-au-chocolat-noir-inclusion-framboise\/#breadcrumb"},"inLanguage":"de","potentialAction":[{"@type":"ReadAction","target":["https:\/\/lessecretsduchocolat.com\/produit\/tablette-au-chocolat-noir-inclusion-framboise\/"]}]},{"@type":"ImageObject","inLanguage":"de","@id":"https:\/\/lessecretsduchocolat.com\/produit\/tablette-au-chocolat-noir-inclusion-framboise\/#primaryimage","url":"https:\/\/lessecretsduchocolat.com\/wp-content\/uploads\/2025\/05\/1540.jpg","contentUrl":"https:\/\/lessecretsduchocolat.com\/wp-content\/uploads\/2025\/05\/1540.jpg","width":500,"height":500,"caption":"tablette chocolat vrac"},{"@type":"BreadcrumbList","@id":"https:\/\/lessecretsduchocolat.com\/produit\/tablette-au-chocolat-noir-inclusion-framboise\/#breadcrumb","itemListElement":[{"@type":"ListItem","position":1,"name":"Accueil","item":"https:\/\/lessecretsduchocolat.com\/"},{"@type":"ListItem","position":2,"name":"Boutique en ligne","item":"https:\/\/lessecretsduchocolat.com\/magasin\/"},{"@type":"ListItem","position":3,"name":"TABLETTE AU CHOCOLAT NOIR INCLUSION FRAMBOISE"}]},{"@type":"WebSite","@id":"https:\/\/lessecretsduchocolat.com\/#website","url":"https:\/\/lessecretsduchocolat.com\/","name":"Secrets de Chocolat (Schokoladengeheimnisse)","description":"","publisher":{"@id":"https:\/\/lessecretsduchocolat.com\/#organization"},"potentialAction":[{"@type":"SearchAction","target":{"@type":"EntryPoint","urlTemplate":"https:\/\/lessecretsduchocolat.com\/?s={search_term_string}"},"query-input":{"@type":"PropertyValueSpecification","valueRequired":true,"valueName":"search_term_string"}}],"inLanguage":"de"},{"@type":"Organization","@id":"https:\/\/lessecretsduchocolat.com\/#organization","name":"Secrets de Chocolat (Schokoladengeheimnisse)","url":"https:\/\/lessecretsduchocolat.com\/","logo":{"@type":"ImageObject","inLanguage":"de","@id":"https:\/\/lessecretsduchocolat.com\/#\/schema\/logo\/image\/","url":"https:\/\/lessecretsduchocolat.com\/wp-content\/uploads\/2025\/05\/logo.png","contentUrl":"https:\/\/lessecretsduchocolat.com\/wp-content\/uploads\/2025\/05\/logo.png","width":198,"height":85,"caption":"Secrets de Chocolat"},"image":{"@id":"https:\/\/lessecretsduchocolat.com\/#\/schema\/logo\/image\/"}}]}},"_links":{"self":[{"href":"https:\/\/lessecretsduchocolat.com\/de\/wp-json\/wp\/v2\/product\/1135","targetHints":{"allow":["GET"]}}],"collection":[{"href":"https:\/\/lessecretsduchocolat.com\/de\/wp-json\/wp\/v2\/product"}],"about":[{"href":"https:\/\/lessecretsduchocolat.com\/de\/wp-json\/wp\/v2\/types\/product"}],"version-history":[{"count":4,"href":"https:\/\/lessecretsduchocolat.com\/de\/wp-json\/wp\/v2\/product\/1135\/revisions"}],"predecessor-version":[{"id":4155,"href":"https:\/\/lessecretsduchocolat.com\/de\/wp-json\/wp\/v2\/product\/1135\/revisions\/4155"}],"wp:featuredmedia":[{"embeddable":true,"href":"https:\/\/lessecretsduchocolat.com\/de\/wp-json\/wp\/v2\/media\/986"}],"wp:attachment":[{"href":"https:\/\/lessecretsduchocolat.com\/de\/wp-json\/wp\/v2\/media?parent=1135"}],"wp:term":[{"taxonomy":"product_brand","embeddable":true,"href":"https:\/\/lessecretsduchocolat.com\/de\/wp-json\/wp\/v2\/product_brand?post=1135"},{"taxonomy":"product_cat","embeddable":true,"href":"https:\/\/lessecretsduchocolat.com\/de\/wp-json\/wp\/v2\/product_cat?post=1135"},{"taxonomy":"product_tag","embeddable":true,"href":"https:\/\/lessecretsduchocolat.com\/de\/wp-json\/wp\/v2\/product_tag?post=1135"}],"curies":[{"name":"wp","href":"https:\/\/api.w.org\/{rel}","templated":true}]}}