{"id":1132,"date":"2022-12-09T06:40:03","date_gmt":"2022-12-09T06:40:03","guid":{"rendered":"https:\/\/preprod.lessecretsduchocolat.com\/?product=reglette-20-napolitains-100g"},"modified":"2026-03-13T09:23:50","modified_gmt":"2026-03-13T08:23:50","slug":"reglette-20-napolitains-100g","status":"publish","type":"product","link":"https:\/\/lessecretsduchocolat.com\/de\/produit\/reglette-20-napolitains-100g\/","title":{"rendered":"REGLETTE 20 NAPOLITAINS 100G"},"content":{"rendered":"<p data-start=\"543\" data-end=\"708\">Die <strong data-start=\"546\" data-end=\"607\">20 Napolitains aus Zartbitter- und Vollmilchschokolade, assortiert<\/strong> ist eine Einladung zur Entdeckung. Jedes Quadrat enth\u00fcllt ein einzigartiges, elegantes und k\u00f6stliches Rezept.<\/p>\n<p data-start=\"710\" data-end=\"876\">Im Inneren befindet sich eine Mischung aus verschiedenen Schokoladenkreationen. Einige intensiv kakaohaltig in der dunklen Version, andere s\u00fc\u00df und tr\u00f6stlich in Milchschokolade.<\/p>\n<p data-start=\"878\" data-end=\"1038\">Jeder Neapolitaner ist eine \u00dcberraschung: mal kr\u00e4ftig, mal zart s\u00fc\u00df. Ihre Vielfalt sorgt f\u00fcr Abwechslung und befriedigt jeden Geschmack.<\/p>\n<p data-start=\"1040\" data-end=\"1173\">Das Format <strong data-start=\"1050\" data-end=\"1059\">100 g<\/strong> ist praktisch und raffiniert. Mit ihm k\u00f6nnen Sie eine gro\u00dfz\u00fcgige Auswahl feinster Schokolade genie\u00dfen, ohne dass es Ihnen jemals langweilig wird.<\/p>\n<p data-start=\"1175\" data-end=\"1335\">Diese Leiste kann jederzeit genossen werden: zu einem Kaffee, einem Tee oder einfach bei einer Gourmetpause. Sie ist der perfekte Begleiter f\u00fcr gesellige Momente.<\/p>\n<p data-start=\"1337\" data-end=\"1497\">Die <strong data-start=\"1341\" data-end=\"1365\">gemischte Neapolitaner<\/strong> eignen sich auch hervorragend als Geschenkidee. Ihre elegante Aufmachung in einer Leiste macht sie zu einer feinen Aufmerksamkeit, die immer gut ankommt.<\/p>\n<p data-start=\"1499\" data-end=\"1651\">In der Version mit Zartbitterschokolade kommt die Intensit\u00e4t des Kakaos mit Kraft und Eleganz zum Ausdruck. In der Version mit Milchschokolade sorgt die Rundheit f\u00fcr S\u00fc\u00dfe und Trost.<\/p>\n<p data-start=\"1653\" data-end=\"1817\">Dieses Sortiment ist ideal, um die feinen Nuancen zwischen den verschiedenen vorgeschlagenen Rezepten zu teilen, zu entdecken und zu vergleichen. Eine echte Miniaturverkostung.<\/p>\n<p data-start=\"1819\" data-end=\"1991\">Die <strong data-start=\"1823\" data-end=\"1869\">Napolitains assortiert aus Zartbitter- und Vollmilchschokolade<\/strong> verf\u00fchren durch ihre Einfachheit, ihre Vielfalt und ihre Raffinesse. Eine kompakte Box, aber reich an Gourmet-Emotionen.<\/p>\n<p data-start=\"1993\" data-end=\"2127\">Wer diese Leiste verschenkt oder sich selbst g\u00f6nnt, genie\u00dft eine Schokoladenreise in zwanzig kleinen Etappen. Jedes Quadrat eine neue Begegnung.<\/p>","protected":false},"excerpt":{"rendered":"<p>Diese Auswahl an Schokoladenquadraten (20 Schokoladen) passt perfekt zu Ihrem Kaffee. 3 Geschmacksrichtungen sind in diesem Regal panaschiert: Zartbitterschokolade 70% Ecuador, Zartbitterschokolade 75% Sao Tom\u00e9 und Milchschokolade Ecuador. (89,00\u20ac\/kg)<\/p>","protected":false},"featured_media":979,"template":"","meta":{"_acf_changed":false,"site-sidebar-layout":"default","site-content-layout":"","ast-site-content-layout":"default","site-content-style":"default","site-sidebar-style":"default","ast-global-header-display":"","ast-banner-title-visibility":"","ast-main-header-display":"","ast-hfb-above-header-display":"","ast-hfb-below-header-display":"","ast-hfb-mobile-header-display":"","site-post-title":"","ast-breadcrumbs-content":"","ast-featured-img":"","footer-sml-layout":"","ast-disable-related-posts":"","theme-transparent-header-meta":"default","adv-header-id-meta":"","stick-header-meta":"","header-above-stick-meta":"","header-main-stick-meta":"","header-below-stick-meta":"","astra-migrate-meta-layouts":"set","ast-page-background-enabled":"default","ast-page-background-meta":{"desktop":{"background-color":"var(--ast-global-color-4)","background-image":"","background-repeat":"repeat","background-position":"center center","background-size":"auto","background-attachment":"scroll","background-type":"","background-media":"","overlay-type":"","overlay-color":"","overlay-opacity":"","overlay-gradient":""},"tablet":{"background-color":"","background-image":"","background-repeat":"repeat","background-position":"center center","background-size":"auto","background-attachment":"scroll","background-type":"","background-media":"","overlay-type":"","overlay-color":"","overlay-opacity":"","overlay-gradient":""},"mobile":{"background-color":"","background-image":"","background-repeat":"repeat","background-position":"center center","background-size":"auto","background-attachment":"scroll","background-type":"","background-media":"","overlay-type":"","overlay-color":"","overlay-opacity":"","overlay-gradient":""}},"ast-content-background-meta":{"desktop":{"background-color":"var(--ast-global-color-5)","background-image":"","background-repeat":"repeat","background-position":"center center","background-size":"auto","background-attachment":"scroll","background-type":"","background-media":"","overlay-type":"","overlay-color":"","overlay-opacity":"","overlay-gradient":""},"tablet":{"background-color":"var(--ast-global-color-5)","background-image":"","background-repeat":"repeat","background-position":"center center","background-size":"auto","background-attachment":"scroll","background-type":"","background-media":"","overlay-type":"","overlay-color":"","overlay-opacity":"","overlay-gradient":""},"mobile":{"background-color":"var(--ast-global-color-5)","background-image":"","background-repeat":"repeat","background-position":"center center","background-size":"auto","background-attachment":"scroll","background-type":"","background-media":"","overlay-type":"","overlay-color":"","overlay-opacity":"","overlay-gradient":""}},"iawp_total_views":54},"product_brand":[],"product_cat":[108,204],"product_tag":[],"class_list":{"0":"post-1132","1":"product","2":"type-product","3":"status-publish","4":"has-post-thumbnail","6":"product_cat-gourmandises","7":"product_cat-tous-produits","8":"desktop-align-left","9":"tablet-align-left","10":"mobile-align-left","12":"first","13":"instock","14":"taxable","15":"shipping-taxable","16":"purchasable","17":"product-type-simple"},"acf":[],"yoast_head":"<!-- This site is optimized with the Yoast SEO plugin v27.4 - https:\/\/yoast.com\/product\/yoast-seo-wordpress\/ -->\n<title>REGLETTE 20 NAPOLITAINS 100G<\/title>\n<meta name=\"description\" content=\"Craquez pour la r\u00e9glette 20 napolitains 100g assortis : un assortiment vari\u00e9 de recettes gourmandes \u00e0 savourer avec caf\u00e9 ou en pause sucr\u00e9e.\" \/>\n<meta name=\"robots\" content=\"index, follow, max-snippet:-1, max-image-preview:large, max-video-preview:-1\" \/>\n<link rel=\"canonical\" href=\"https:\/\/lessecretsduchocolat.com\/de\/product\/reglette-20-napolitains-100g\/\" \/>\n<meta property=\"og:locale\" content=\"de_DE\" \/>\n<meta property=\"og:type\" content=\"article\" \/>\n<meta property=\"og:title\" content=\"REGLETTE 20 NAPOLITAINS 100G\" \/>\n<meta property=\"og:description\" content=\"Craquez pour la r\u00e9glette 20 napolitains 100g assortis : un assortiment vari\u00e9 de recettes gourmandes \u00e0 savourer avec caf\u00e9 ou en pause sucr\u00e9e.\" \/>\n<meta property=\"og:url\" content=\"https:\/\/lessecretsduchocolat.com\/de\/product\/reglette-20-napolitains-100g\/\" \/>\n<meta property=\"og:site_name\" content=\"Secrets de Chocolat\" \/>\n<meta property=\"article:modified_time\" content=\"2026-03-13T08:23:50+00:00\" \/>\n<meta property=\"og:image\" content=\"https:\/\/lessecretsduchocolat.com\/wp-content\/uploads\/2025\/05\/1445.jpg\" \/>\n\t<meta property=\"og:image:width\" content=\"500\" \/>\n\t<meta property=\"og:image:height\" content=\"500\" \/>\n\t<meta property=\"og:image:type\" content=\"image\/jpeg\" \/>\n<meta name=\"twitter:card\" content=\"summary_large_image\" \/>\n<meta name=\"twitter:label1\" content=\"Gesch\u00e4tzte Lesezeit\" \/>\n\t<meta name=\"twitter:data1\" content=\"2\u00a0Minuten\" \/>\n<script type=\"application\/ld+json\" class=\"yoast-schema-graph\">{\"@context\":\"https:\\\/\\\/schema.org\",\"@graph\":[{\"@type\":\"WebPage\",\"@id\":\"https:\\\/\\\/lessecretsduchocolat.com\\\/produit\\\/reglette-20-napolitains-100g\\\/\",\"url\":\"https:\\\/\\\/lessecretsduchocolat.com\\\/produit\\\/reglette-20-napolitains-100g\\\/\",\"name\":\"REGLETTE 20 NAPOLITAINS 100G\",\"isPartOf\":{\"@id\":\"https:\\\/\\\/lessecretsduchocolat.com\\\/#website\"},\"primaryImageOfPage\":{\"@id\":\"https:\\\/\\\/lessecretsduchocolat.com\\\/produit\\\/reglette-20-napolitains-100g\\\/#primaryimage\"},\"image\":{\"@id\":\"https:\\\/\\\/lessecretsduchocolat.com\\\/produit\\\/reglette-20-napolitains-100g\\\/#primaryimage\"},\"thumbnailUrl\":\"https:\\\/\\\/lessecretsduchocolat.com\\\/wp-content\\\/uploads\\\/2025\\\/05\\\/1445.jpg\",\"datePublished\":\"2022-12-09T06:40:03+00:00\",\"dateModified\":\"2026-03-13T08:23:50+00:00\",\"description\":\"Craquez pour la r\u00e9glette 20 napolitains 100g assortis : un assortiment vari\u00e9 de recettes gourmandes \u00e0 savourer avec caf\u00e9 ou en pause sucr\u00e9e.\",\"breadcrumb\":{\"@id\":\"https:\\\/\\\/lessecretsduchocolat.com\\\/produit\\\/reglette-20-napolitains-100g\\\/#breadcrumb\"},\"inLanguage\":\"de\",\"potentialAction\":[{\"@type\":\"ReadAction\",\"target\":[\"https:\\\/\\\/lessecretsduchocolat.com\\\/produit\\\/reglette-20-napolitains-100g\\\/\"]}]},{\"@type\":\"ImageObject\",\"inLanguage\":\"de\",\"@id\":\"https:\\\/\\\/lessecretsduchocolat.com\\\/produit\\\/reglette-20-napolitains-100g\\\/#primaryimage\",\"url\":\"https:\\\/\\\/lessecretsduchocolat.com\\\/wp-content\\\/uploads\\\/2025\\\/05\\\/1445.jpg\",\"contentUrl\":\"https:\\\/\\\/lessecretsduchocolat.com\\\/wp-content\\\/uploads\\\/2025\\\/05\\\/1445.jpg\",\"width\":500,\"height\":500,\"caption\":\"R\u00e9glette Napolitains\"},{\"@type\":\"BreadcrumbList\",\"@id\":\"https:\\\/\\\/lessecretsduchocolat.com\\\/produit\\\/reglette-20-napolitains-100g\\\/#breadcrumb\",\"itemListElement\":[{\"@type\":\"ListItem\",\"position\":1,\"name\":\"Accueil\",\"item\":\"https:\\\/\\\/lessecretsduchocolat.com\\\/\"},{\"@type\":\"ListItem\",\"position\":2,\"name\":\"Boutique en ligne\",\"item\":\"https:\\\/\\\/lessecretsduchocolat.com\\\/magasin\\\/\"},{\"@type\":\"ListItem\",\"position\":3,\"name\":\"REGLETTE 20 NAPOLITAINS 100G\"}]},{\"@type\":\"WebSite\",\"@id\":\"https:\\\/\\\/lessecretsduchocolat.com\\\/#website\",\"url\":\"https:\\\/\\\/lessecretsduchocolat.com\\\/\",\"name\":\"Secrets de Chocolat\",\"description\":\"\",\"publisher\":{\"@id\":\"https:\\\/\\\/lessecretsduchocolat.com\\\/#organization\"},\"potentialAction\":[{\"@type\":\"SearchAction\",\"target\":{\"@type\":\"EntryPoint\",\"urlTemplate\":\"https:\\\/\\\/lessecretsduchocolat.com\\\/?s={search_term_string}\"},\"query-input\":{\"@type\":\"PropertyValueSpecification\",\"valueRequired\":true,\"valueName\":\"search_term_string\"}}],\"inLanguage\":\"de\"},{\"@type\":\"Organization\",\"@id\":\"https:\\\/\\\/lessecretsduchocolat.com\\\/#organization\",\"name\":\"Secrets de Chocolat\",\"url\":\"https:\\\/\\\/lessecretsduchocolat.com\\\/\",\"logo\":{\"@type\":\"ImageObject\",\"inLanguage\":\"de\",\"@id\":\"https:\\\/\\\/lessecretsduchocolat.com\\\/#\\\/schema\\\/logo\\\/image\\\/\",\"url\":\"https:\\\/\\\/lessecretsduchocolat.com\\\/wp-content\\\/uploads\\\/2025\\\/05\\\/logo.png\",\"contentUrl\":\"https:\\\/\\\/lessecretsduchocolat.com\\\/wp-content\\\/uploads\\\/2025\\\/05\\\/logo.png\",\"width\":198,\"height\":85,\"caption\":\"Secrets de Chocolat\"},\"image\":{\"@id\":\"https:\\\/\\\/lessecretsduchocolat.com\\\/#\\\/schema\\\/logo\\\/image\\\/\"}}]}<\/script>\n<!-- \/ Yoast SEO plugin. -->","yoast_head_json":{"title":"REGLETTE 20 NAPOLITAINS 100G","description":"Verlieben Sie sich in die 20 Napolitains 100g sortiert: eine vielf\u00e4ltige Auswahl an leckeren Rezepten, die Sie zum Kaffee oder als s\u00fc\u00dfe Pause genie\u00dfen k\u00f6nnen.","robots":{"index":"index","follow":"follow","max-snippet":"max-snippet:-1","max-image-preview":"max-image-preview:large","max-video-preview":"max-video-preview:-1"},"canonical":"https:\/\/lessecretsduchocolat.com\/de\/product\/reglette-20-napolitains-100g\/","og_locale":"de_DE","og_type":"article","og_title":"REGLETTE 20 NAPOLITAINS 100G","og_description":"Craquez pour la r\u00e9glette 20 napolitains 100g assortis : un assortiment vari\u00e9 de recettes gourmandes \u00e0 savourer avec caf\u00e9 ou en pause sucr\u00e9e.","og_url":"https:\/\/lessecretsduchocolat.com\/de\/product\/reglette-20-napolitains-100g\/","og_site_name":"Secrets de Chocolat","article_modified_time":"2026-03-13T08:23:50+00:00","og_image":[{"width":500,"height":500,"url":"https:\/\/lessecretsduchocolat.com\/wp-content\/uploads\/2025\/05\/1445.jpg","type":"image\/jpeg"}],"twitter_card":"summary_large_image","twitter_misc":{"Gesch\u00e4tzte Lesezeit":"2\u00a0Minuten"},"schema":{"@context":"https:\/\/schema.org","@graph":[{"@type":"WebPage","@id":"https:\/\/lessecretsduchocolat.com\/produit\/reglette-20-napolitains-100g\/","url":"https:\/\/lessecretsduchocolat.com\/produit\/reglette-20-napolitains-100g\/","name":"REGLETTE 20 NAPOLITAINS 100G","isPartOf":{"@id":"https:\/\/lessecretsduchocolat.com\/#website"},"primaryImageOfPage":{"@id":"https:\/\/lessecretsduchocolat.com\/produit\/reglette-20-napolitains-100g\/#primaryimage"},"image":{"@id":"https:\/\/lessecretsduchocolat.com\/produit\/reglette-20-napolitains-100g\/#primaryimage"},"thumbnailUrl":"https:\/\/lessecretsduchocolat.com\/wp-content\/uploads\/2025\/05\/1445.jpg","datePublished":"2022-12-09T06:40:03+00:00","dateModified":"2026-03-13T08:23:50+00:00","description":"Verlieben Sie sich in die 20 Napolitains 100g sortiert: eine vielf\u00e4ltige Auswahl an leckeren Rezepten, die Sie zum Kaffee oder als s\u00fc\u00dfe Pause genie\u00dfen k\u00f6nnen.","breadcrumb":{"@id":"https:\/\/lessecretsduchocolat.com\/produit\/reglette-20-napolitains-100g\/#breadcrumb"},"inLanguage":"de","potentialAction":[{"@type":"ReadAction","target":["https:\/\/lessecretsduchocolat.com\/produit\/reglette-20-napolitains-100g\/"]}]},{"@type":"ImageObject","inLanguage":"de","@id":"https:\/\/lessecretsduchocolat.com\/produit\/reglette-20-napolitains-100g\/#primaryimage","url":"https:\/\/lessecretsduchocolat.com\/wp-content\/uploads\/2025\/05\/1445.jpg","contentUrl":"https:\/\/lessecretsduchocolat.com\/wp-content\/uploads\/2025\/05\/1445.jpg","width":500,"height":500,"caption":"R\u00e9glette Napolitains"},{"@type":"BreadcrumbList","@id":"https:\/\/lessecretsduchocolat.com\/produit\/reglette-20-napolitains-100g\/#breadcrumb","itemListElement":[{"@type":"ListItem","position":1,"name":"Accueil","item":"https:\/\/lessecretsduchocolat.com\/"},{"@type":"ListItem","position":2,"name":"Boutique en ligne","item":"https:\/\/lessecretsduchocolat.com\/magasin\/"},{"@type":"ListItem","position":3,"name":"REGLETTE 20 NAPOLITAINS 100G"}]},{"@type":"WebSite","@id":"https:\/\/lessecretsduchocolat.com\/#website","url":"https:\/\/lessecretsduchocolat.com\/","name":"Secrets de Chocolat (Schokoladengeheimnisse)","description":"","publisher":{"@id":"https:\/\/lessecretsduchocolat.com\/#organization"},"potentialAction":[{"@type":"SearchAction","target":{"@type":"EntryPoint","urlTemplate":"https:\/\/lessecretsduchocolat.com\/?s={search_term_string}"},"query-input":{"@type":"PropertyValueSpecification","valueRequired":true,"valueName":"search_term_string"}}],"inLanguage":"de"},{"@type":"Organization","@id":"https:\/\/lessecretsduchocolat.com\/#organization","name":"Secrets de Chocolat (Schokoladengeheimnisse)","url":"https:\/\/lessecretsduchocolat.com\/","logo":{"@type":"ImageObject","inLanguage":"de","@id":"https:\/\/lessecretsduchocolat.com\/#\/schema\/logo\/image\/","url":"https:\/\/lessecretsduchocolat.com\/wp-content\/uploads\/2025\/05\/logo.png","contentUrl":"https:\/\/lessecretsduchocolat.com\/wp-content\/uploads\/2025\/05\/logo.png","width":198,"height":85,"caption":"Secrets de Chocolat"},"image":{"@id":"https:\/\/lessecretsduchocolat.com\/#\/schema\/logo\/image\/"}}]}},"_links":{"self":[{"href":"https:\/\/lessecretsduchocolat.com\/de\/wp-json\/wp\/v2\/product\/1132","targetHints":{"allow":["GET"]}}],"collection":[{"href":"https:\/\/lessecretsduchocolat.com\/de\/wp-json\/wp\/v2\/product"}],"about":[{"href":"https:\/\/lessecretsduchocolat.com\/de\/wp-json\/wp\/v2\/types\/product"}],"version-history":[{"count":4,"href":"https:\/\/lessecretsduchocolat.com\/de\/wp-json\/wp\/v2\/product\/1132\/revisions"}],"predecessor-version":[{"id":4160,"href":"https:\/\/lessecretsduchocolat.com\/de\/wp-json\/wp\/v2\/product\/1132\/revisions\/4160"}],"wp:featuredmedia":[{"embeddable":true,"href":"https:\/\/lessecretsduchocolat.com\/de\/wp-json\/wp\/v2\/media\/979"}],"wp:attachment":[{"href":"https:\/\/lessecretsduchocolat.com\/de\/wp-json\/wp\/v2\/media?parent=1132"}],"wp:term":[{"taxonomy":"product_brand","embeddable":true,"href":"https:\/\/lessecretsduchocolat.com\/de\/wp-json\/wp\/v2\/product_brand?post=1132"},{"taxonomy":"product_cat","embeddable":true,"href":"https:\/\/lessecretsduchocolat.com\/de\/wp-json\/wp\/v2\/product_cat?post=1132"},{"taxonomy":"product_tag","embeddable":true,"href":"https:\/\/lessecretsduchocolat.com\/de\/wp-json\/wp\/v2\/product_tag?post=1132"}],"curies":[{"name":"wp","href":"https:\/\/api.w.org\/{rel}","templated":true}]}}