{"id":1128,"date":"2022-07-20T06:40:08","date_gmt":"2022-07-20T06:40:08","guid":{"rendered":"https:\/\/preprod.lessecretsduchocolat.com\/?product=the-des-amoureux-80g"},"modified":"2026-03-13T09:23:03","modified_gmt":"2026-03-13T08:23:03","slug":"the-der-liebenden-80g","status":"publish","type":"product","link":"https:\/\/lessecretsduchocolat.com\/de\/produit\/the-des-amoureux-80g\/","title":{"rendered":"THE DER LIEBENDEN 80G"},"content":{"rendered":"<p data-start=\"301\" data-end=\"488\">Die <strong data-start=\"304\" data-end=\"349\">Tee der Liebenden Comptoir Fran\u00e7ais du Th\u00e9<\/strong> ist eine zarte Kreation, die Romantik und Raffinesse vereint. Er wurde in Geispolsheim im Elsass entworfen und zelebriert Gaumenfreuden und Eleganz.<\/p>\n<p data-start=\"490\" data-end=\"697\">Diese Mischung vereint die Tiefe eines <strong data-start=\"528\" data-end=\"540\">Schwarztee<\/strong> und die Frische eines <strong data-start=\"562\" data-end=\"574\">gr\u00fcner Tee<\/strong>angereichert mit nat\u00fcrlichen Aromen. Hinzu kommen <strong data-start=\"626\" data-end=\"646\">Orangenschalen<\/strong> die eine s\u00e4uerliche und spritzige Note verleihen.<\/p>\n<p data-start=\"699\" data-end=\"878\">Die <strong data-start=\"703\" data-end=\"722\">Rosenbl\u00e4tter<\/strong> hauchen eine zarte, blumige Note ein, die Z\u00e4rtlichkeit symbolisiert. Die <strong data-start=\"790\" data-end=\"811\">Kornblumenbl\u00fctenbl\u00e4tter<\/strong> und von <strong data-start=\"818\" data-end=\"827\">Sorge<\/strong> runden dieses visuelle und geschmackliche Bouquet ab.<\/p>\n<p data-start=\"880\" data-end=\"1028\">Schon beim \u00d6ffnen des Beutels entfalten sich die D\u00fcfte. In der Tasse enth\u00fcllt der Aufguss eine perfekte Harmonie zwischen fruchtig, blumig und frisch pflanzlich.<\/p>\n<p data-start=\"1030\" data-end=\"1197\">Im Mund zeichnet sich der Tee durch seine Ausgewogenheit aus: m\u00e4\u00dfige Intensit\u00e4t, s\u00fc\u00dfe Noten, romantischer Duft und eine subtile Lebendigkeit, die an die Leichtigkeit der sch\u00f6nen Tage erinnert.<\/p>\n<p data-start=\"1199\" data-end=\"1343\">Genie\u00dfen Sie sie hei\u00df f\u00fcr einen Cocooning-Moment oder eisgek\u00fchlt f\u00fcr ein feines, erfrischendes Getr\u00e4nk. Eine Tasse, die zur Ruhe und zum Teilen einl\u00e4dt.<\/p>\n<p data-start=\"1345\" data-end=\"1501\">Die <strong data-start=\"1348\" data-end=\"1368\">Tee der Liebenden<\/strong> ist auch eine sch\u00f6ne Geschenkidee. Sein poetisches Universum und seine raffinierte Zusammenstellung machen es zu einer zarten und bedeutungsvollen Aufmerksamkeit.<\/p>\n<p data-start=\"1503\" data-end=\"1641\">Hergestellt im Elsass von der <strong data-start=\"1529\" data-end=\"1557\">Comptoir Fran\u00e7ais du Th\u00e9 (Franz\u00f6sisches Teekontor)<\/strong>In den letzten Jahren hat sich der Teeanbau in den USA zu einem der beliebtesten Bereiche der Teekultur entwickelt und steht f\u00fcr anerkanntes Fachwissen und Leidenschaft f\u00fcr die Kunst des hochwertigen Tees.<\/p>\n<p data-start=\"1643\" data-end=\"1785\">Kann Spuren von Mandeln, Haseln\u00fcssen, Milch oder Soja enthalten. Eine Leckerei, die man bewusst und in geselliger Runde genie\u00dfen kann.<\/p>","protected":false},"excerpt":{"rendered":"<p>Genie\u00dfen Sie diese erstaunliche Mischung aus schwarzem und gr\u00fcnem Tee, begleitet von Passionsfr\u00fcchten, die f\u00fcr K\u00f6stlichkeit und S\u00fc\u00dfe sorgen. Der Th\u00e9 des amoureux ist intensiv und hat einen w\u00fcrzigen Nachgeschmack, zeichnet sich aber auch durch die Subtilit\u00e4t von blumigen und fruchtigen Noten aus. (98,75\u20ac\/kg)<\/p>","protected":false},"featured_media":4971,"template":"","meta":{"_acf_changed":false,"site-sidebar-layout":"default","site-content-layout":"","ast-site-content-layout":"default","site-content-style":"default","site-sidebar-style":"default","ast-global-header-display":"","ast-banner-title-visibility":"","ast-main-header-display":"","ast-hfb-above-header-display":"","ast-hfb-below-header-display":"","ast-hfb-mobile-header-display":"","site-post-title":"","ast-breadcrumbs-content":"","ast-featured-img":"","footer-sml-layout":"","theme-transparent-header-meta":"default","adv-header-id-meta":"","stick-header-meta":"","header-above-stick-meta":"","header-main-stick-meta":"","header-below-stick-meta":"","astra-migrate-meta-layouts":"set","ast-page-background-enabled":"default","ast-page-background-meta":{"desktop":{"background-color":"var(--ast-global-color-4)","background-image":"","background-repeat":"repeat","background-position":"center center","background-size":"auto","background-attachment":"scroll","background-type":"","background-media":"","overlay-type":"","overlay-color":"","overlay-opacity":"","overlay-gradient":""},"tablet":{"background-color":"","background-image":"","background-repeat":"repeat","background-position":"center center","background-size":"auto","background-attachment":"scroll","background-type":"","background-media":"","overlay-type":"","overlay-color":"","overlay-opacity":"","overlay-gradient":""},"mobile":{"background-color":"","background-image":"","background-repeat":"repeat","background-position":"center center","background-size":"auto","background-attachment":"scroll","background-type":"","background-media":"","overlay-type":"","overlay-color":"","overlay-opacity":"","overlay-gradient":""}},"ast-content-background-meta":{"desktop":{"background-color":"var(--ast-global-color-5)","background-image":"","background-repeat":"repeat","background-position":"center center","background-size":"auto","background-attachment":"scroll","background-type":"","background-media":"","overlay-type":"","overlay-color":"","overlay-opacity":"","overlay-gradient":""},"tablet":{"background-color":"var(--ast-global-color-5)","background-image":"","background-repeat":"repeat","background-position":"center center","background-size":"auto","background-attachment":"scroll","background-type":"","background-media":"","overlay-type":"","overlay-color":"","overlay-opacity":"","overlay-gradient":""},"mobile":{"background-color":"var(--ast-global-color-5)","background-image":"","background-repeat":"repeat","background-position":"center center","background-size":"auto","background-attachment":"scroll","background-type":"","background-media":"","overlay-type":"","overlay-color":"","overlay-opacity":"","overlay-gradient":""}},"iawp_total_views":25},"product_brand":[],"product_cat":[110,204],"product_tag":[],"class_list":{"0":"post-1128","1":"product","2":"type-product","3":"status-publish","4":"has-post-thumbnail","6":"product_cat-the","7":"product_cat-tous-produits","8":"desktop-align-left","9":"tablet-align-left","10":"mobile-align-left","12":"first","13":"outofstock","14":"taxable","15":"shipping-taxable","16":"purchasable","17":"product-type-simple"},"acf":[],"yoast_head":"<!-- This site is optimized with the Yoast SEO plugin v27.4 - https:\/\/yoast.com\/product\/yoast-seo-wordpress\/ -->\n<title>THE DES AMOUREUX 80G<\/title>\n<meta name=\"description\" content=\"Le Th\u00e9 des Amoureux du Comptoir Fran\u00e7ais du Th\u00e9 : th\u00e9 noir et vert, orange, p\u00e9tales de rose, bleuet et souci. Un m\u00e9lange floral et fruit\u00e9 raffin\u00e9.\" \/>\n<meta name=\"robots\" content=\"index, follow, max-snippet:-1, max-image-preview:large, max-video-preview:-1\" \/>\n<link rel=\"canonical\" href=\"https:\/\/lessecretsduchocolat.com\/de\/product\/the-der-liebenden-80g\/\" \/>\n<meta property=\"og:locale\" content=\"de_DE\" \/>\n<meta property=\"og:type\" content=\"article\" \/>\n<meta property=\"og:title\" content=\"THE DES AMOUREUX 80G\" \/>\n<meta property=\"og:description\" content=\"Le Th\u00e9 des Amoureux du Comptoir Fran\u00e7ais du Th\u00e9 : th\u00e9 noir et vert, orange, p\u00e9tales de rose, bleuet et souci. Un m\u00e9lange floral et fruit\u00e9 raffin\u00e9.\" \/>\n<meta property=\"og:url\" content=\"https:\/\/lessecretsduchocolat.com\/de\/product\/the-der-liebenden-80g\/\" \/>\n<meta property=\"og:site_name\" content=\"Secrets de Chocolat\" \/>\n<meta property=\"article:modified_time\" content=\"2026-03-13T08:23:03+00:00\" \/>\n<meta property=\"og:image\" content=\"https:\/\/lessecretsduchocolat.com\/wp-content\/uploads\/2022\/07\/901009-The-des-Amoureux.jpg\" \/>\n\t<meta property=\"og:image:width\" content=\"1000\" \/>\n\t<meta property=\"og:image:height\" content=\"1000\" \/>\n\t<meta property=\"og:image:type\" content=\"image\/jpeg\" \/>\n<meta name=\"twitter:card\" content=\"summary_large_image\" \/>\n<meta name=\"twitter:label1\" content=\"Gesch\u00e4tzte Lesezeit\" \/>\n\t<meta name=\"twitter:data1\" content=\"2\u00a0Minuten\" \/>\n<script type=\"application\/ld+json\" class=\"yoast-schema-graph\">{\"@context\":\"https:\\\/\\\/schema.org\",\"@graph\":[{\"@type\":\"WebPage\",\"@id\":\"https:\\\/\\\/lessecretsduchocolat.com\\\/produit\\\/the-des-amoureux-80g\\\/\",\"url\":\"https:\\\/\\\/lessecretsduchocolat.com\\\/produit\\\/the-des-amoureux-80g\\\/\",\"name\":\"THE DES AMOUREUX 80G\",\"isPartOf\":{\"@id\":\"https:\\\/\\\/lessecretsduchocolat.com\\\/#website\"},\"primaryImageOfPage\":{\"@id\":\"https:\\\/\\\/lessecretsduchocolat.com\\\/produit\\\/the-des-amoureux-80g\\\/#primaryimage\"},\"image\":{\"@id\":\"https:\\\/\\\/lessecretsduchocolat.com\\\/produit\\\/the-des-amoureux-80g\\\/#primaryimage\"},\"thumbnailUrl\":\"https:\\\/\\\/lessecretsduchocolat.com\\\/wp-content\\\/uploads\\\/2022\\\/07\\\/901009-The-des-Amoureux.jpg\",\"datePublished\":\"2022-07-20T06:40:08+00:00\",\"dateModified\":\"2026-03-13T08:23:03+00:00\",\"description\":\"Le Th\u00e9 des Amoureux du Comptoir Fran\u00e7ais du Th\u00e9 : th\u00e9 noir et vert, orange, p\u00e9tales de rose, bleuet et souci. Un m\u00e9lange floral et fruit\u00e9 raffin\u00e9.\",\"breadcrumb\":{\"@id\":\"https:\\\/\\\/lessecretsduchocolat.com\\\/produit\\\/the-des-amoureux-80g\\\/#breadcrumb\"},\"inLanguage\":\"de\",\"potentialAction\":[{\"@type\":\"ReadAction\",\"target\":[\"https:\\\/\\\/lessecretsduchocolat.com\\\/produit\\\/the-des-amoureux-80g\\\/\"]}]},{\"@type\":\"ImageObject\",\"inLanguage\":\"de\",\"@id\":\"https:\\\/\\\/lessecretsduchocolat.com\\\/produit\\\/the-des-amoureux-80g\\\/#primaryimage\",\"url\":\"https:\\\/\\\/lessecretsduchocolat.com\\\/wp-content\\\/uploads\\\/2022\\\/07\\\/901009-The-des-Amoureux.jpg\",\"contentUrl\":\"https:\\\/\\\/lessecretsduchocolat.com\\\/wp-content\\\/uploads\\\/2022\\\/07\\\/901009-The-des-Amoureux.jpg\",\"width\":1000,\"height\":1000,\"caption\":\"tas the vert noir amoureux\"},{\"@type\":\"BreadcrumbList\",\"@id\":\"https:\\\/\\\/lessecretsduchocolat.com\\\/produit\\\/the-des-amoureux-80g\\\/#breadcrumb\",\"itemListElement\":[{\"@type\":\"ListItem\",\"position\":1,\"name\":\"Accueil\",\"item\":\"https:\\\/\\\/lessecretsduchocolat.com\\\/\"},{\"@type\":\"ListItem\",\"position\":2,\"name\":\"Boutique en ligne\",\"item\":\"https:\\\/\\\/lessecretsduchocolat.com\\\/magasin\\\/\"},{\"@type\":\"ListItem\",\"position\":3,\"name\":\"THE DES AMOUREUX 80G\"}]},{\"@type\":\"WebSite\",\"@id\":\"https:\\\/\\\/lessecretsduchocolat.com\\\/#website\",\"url\":\"https:\\\/\\\/lessecretsduchocolat.com\\\/\",\"name\":\"Secrets de Chocolat\",\"description\":\"\",\"publisher\":{\"@id\":\"https:\\\/\\\/lessecretsduchocolat.com\\\/#organization\"},\"potentialAction\":[{\"@type\":\"SearchAction\",\"target\":{\"@type\":\"EntryPoint\",\"urlTemplate\":\"https:\\\/\\\/lessecretsduchocolat.com\\\/?s={search_term_string}\"},\"query-input\":{\"@type\":\"PropertyValueSpecification\",\"valueRequired\":true,\"valueName\":\"search_term_string\"}}],\"inLanguage\":\"de\"},{\"@type\":\"Organization\",\"@id\":\"https:\\\/\\\/lessecretsduchocolat.com\\\/#organization\",\"name\":\"Secrets de Chocolat\",\"url\":\"https:\\\/\\\/lessecretsduchocolat.com\\\/\",\"logo\":{\"@type\":\"ImageObject\",\"inLanguage\":\"de\",\"@id\":\"https:\\\/\\\/lessecretsduchocolat.com\\\/#\\\/schema\\\/logo\\\/image\\\/\",\"url\":\"https:\\\/\\\/lessecretsduchocolat.com\\\/wp-content\\\/uploads\\\/2025\\\/05\\\/logo.png\",\"contentUrl\":\"https:\\\/\\\/lessecretsduchocolat.com\\\/wp-content\\\/uploads\\\/2025\\\/05\\\/logo.png\",\"width\":198,\"height\":85,\"caption\":\"Secrets de Chocolat\"},\"image\":{\"@id\":\"https:\\\/\\\/lessecretsduchocolat.com\\\/#\\\/schema\\\/logo\\\/image\\\/\"}}]}<\/script>\n<!-- \/ Yoast SEO plugin. -->","yoast_head_json":{"title":"THE DER LIEBENDEN 80G","description":"Der Th\u00e9 des Amoureux von Comptoir Fran\u00e7ais du Th\u00e9: Schwarzer und gr\u00fcner Tee, Orange, Rosenbl\u00fctenbl\u00e4tter, Kornblume und Ringelblume. Eine raffinierte blumige und fruchtige Mischung.","robots":{"index":"index","follow":"follow","max-snippet":"max-snippet:-1","max-image-preview":"max-image-preview:large","max-video-preview":"max-video-preview:-1"},"canonical":"https:\/\/lessecretsduchocolat.com\/de\/product\/the-der-liebenden-80g\/","og_locale":"de_DE","og_type":"article","og_title":"THE DES AMOUREUX 80G","og_description":"Le Th\u00e9 des Amoureux du Comptoir Fran\u00e7ais du Th\u00e9 : th\u00e9 noir et vert, orange, p\u00e9tales de rose, bleuet et souci. Un m\u00e9lange floral et fruit\u00e9 raffin\u00e9.","og_url":"https:\/\/lessecretsduchocolat.com\/de\/product\/the-der-liebenden-80g\/","og_site_name":"Secrets de Chocolat","article_modified_time":"2026-03-13T08:23:03+00:00","og_image":[{"width":1000,"height":1000,"url":"https:\/\/lessecretsduchocolat.com\/wp-content\/uploads\/2022\/07\/901009-The-des-Amoureux.jpg","type":"image\/jpeg"}],"twitter_card":"summary_large_image","twitter_misc":{"Gesch\u00e4tzte Lesezeit":"2\u00a0Minuten"},"schema":{"@context":"https:\/\/schema.org","@graph":[{"@type":"WebPage","@id":"https:\/\/lessecretsduchocolat.com\/produit\/the-des-amoureux-80g\/","url":"https:\/\/lessecretsduchocolat.com\/produit\/the-des-amoureux-80g\/","name":"THE DER LIEBENDEN 80G","isPartOf":{"@id":"https:\/\/lessecretsduchocolat.com\/#website"},"primaryImageOfPage":{"@id":"https:\/\/lessecretsduchocolat.com\/produit\/the-des-amoureux-80g\/#primaryimage"},"image":{"@id":"https:\/\/lessecretsduchocolat.com\/produit\/the-des-amoureux-80g\/#primaryimage"},"thumbnailUrl":"https:\/\/lessecretsduchocolat.com\/wp-content\/uploads\/2022\/07\/901009-The-des-Amoureux.jpg","datePublished":"2022-07-20T06:40:08+00:00","dateModified":"2026-03-13T08:23:03+00:00","description":"Der Th\u00e9 des Amoureux von Comptoir Fran\u00e7ais du Th\u00e9: Schwarzer und gr\u00fcner Tee, Orange, Rosenbl\u00fctenbl\u00e4tter, Kornblume und Ringelblume. Eine raffinierte blumige und fruchtige Mischung.","breadcrumb":{"@id":"https:\/\/lessecretsduchocolat.com\/produit\/the-des-amoureux-80g\/#breadcrumb"},"inLanguage":"de","potentialAction":[{"@type":"ReadAction","target":["https:\/\/lessecretsduchocolat.com\/produit\/the-des-amoureux-80g\/"]}]},{"@type":"ImageObject","inLanguage":"de","@id":"https:\/\/lessecretsduchocolat.com\/produit\/the-des-amoureux-80g\/#primaryimage","url":"https:\/\/lessecretsduchocolat.com\/wp-content\/uploads\/2022\/07\/901009-The-des-Amoureux.jpg","contentUrl":"https:\/\/lessecretsduchocolat.com\/wp-content\/uploads\/2022\/07\/901009-The-des-Amoureux.jpg","width":1000,"height":1000,"caption":"tas the vert noir amoureux"},{"@type":"BreadcrumbList","@id":"https:\/\/lessecretsduchocolat.com\/produit\/the-des-amoureux-80g\/#breadcrumb","itemListElement":[{"@type":"ListItem","position":1,"name":"Accueil","item":"https:\/\/lessecretsduchocolat.com\/"},{"@type":"ListItem","position":2,"name":"Boutique en ligne","item":"https:\/\/lessecretsduchocolat.com\/magasin\/"},{"@type":"ListItem","position":3,"name":"THE DES AMOUREUX 80G"}]},{"@type":"WebSite","@id":"https:\/\/lessecretsduchocolat.com\/#website","url":"https:\/\/lessecretsduchocolat.com\/","name":"Secrets de Chocolat (Schokoladengeheimnisse)","description":"","publisher":{"@id":"https:\/\/lessecretsduchocolat.com\/#organization"},"potentialAction":[{"@type":"SearchAction","target":{"@type":"EntryPoint","urlTemplate":"https:\/\/lessecretsduchocolat.com\/?s={search_term_string}"},"query-input":{"@type":"PropertyValueSpecification","valueRequired":true,"valueName":"search_term_string"}}],"inLanguage":"de"},{"@type":"Organization","@id":"https:\/\/lessecretsduchocolat.com\/#organization","name":"Secrets de Chocolat (Schokoladengeheimnisse)","url":"https:\/\/lessecretsduchocolat.com\/","logo":{"@type":"ImageObject","inLanguage":"de","@id":"https:\/\/lessecretsduchocolat.com\/#\/schema\/logo\/image\/","url":"https:\/\/lessecretsduchocolat.com\/wp-content\/uploads\/2025\/05\/logo.png","contentUrl":"https:\/\/lessecretsduchocolat.com\/wp-content\/uploads\/2025\/05\/logo.png","width":198,"height":85,"caption":"Secrets de Chocolat"},"image":{"@id":"https:\/\/lessecretsduchocolat.com\/#\/schema\/logo\/image\/"}}]}},"_links":{"self":[{"href":"https:\/\/lessecretsduchocolat.com\/de\/wp-json\/wp\/v2\/product\/1128","targetHints":{"allow":["GET"]}}],"collection":[{"href":"https:\/\/lessecretsduchocolat.com\/de\/wp-json\/wp\/v2\/product"}],"about":[{"href":"https:\/\/lessecretsduchocolat.com\/de\/wp-json\/wp\/v2\/types\/product"}],"version-history":[{"count":5,"href":"https:\/\/lessecretsduchocolat.com\/de\/wp-json\/wp\/v2\/product\/1128\/revisions"}],"predecessor-version":[{"id":4972,"href":"https:\/\/lessecretsduchocolat.com\/de\/wp-json\/wp\/v2\/product\/1128\/revisions\/4972"}],"wp:featuredmedia":[{"embeddable":true,"href":"https:\/\/lessecretsduchocolat.com\/de\/wp-json\/wp\/v2\/media\/4971"}],"wp:attachment":[{"href":"https:\/\/lessecretsduchocolat.com\/de\/wp-json\/wp\/v2\/media?parent=1128"}],"wp:term":[{"taxonomy":"product_brand","embeddable":true,"href":"https:\/\/lessecretsduchocolat.com\/de\/wp-json\/wp\/v2\/product_brand?post=1128"},{"taxonomy":"product_cat","embeddable":true,"href":"https:\/\/lessecretsduchocolat.com\/de\/wp-json\/wp\/v2\/product_cat?post=1128"},{"taxonomy":"product_tag","embeddable":true,"href":"https:\/\/lessecretsduchocolat.com\/de\/wp-json\/wp\/v2\/product_tag?post=1128"}],"curies":[{"name":"wp","href":"https:\/\/api.w.org\/{rel}","templated":true}]}}