{"id":1109,"date":"2021-12-30T06:40:04","date_gmt":"2021-12-30T06:40:04","guid":{"rendered":"https:\/\/preprod.lessecretsduchocolat.com\/?product=triador-au-chocolat-noir"},"modified":"2026-03-15T22:17:15","modified_gmt":"2026-03-15T21:17:15","slug":"triador-dunkle-schokolade","status":"publish","type":"product","link":"https:\/\/lessecretsduchocolat.com\/de\/produit\/triador-chocolat-noir\/","title":{"rendered":"Triador Pralin\u00e9-Riegel - Zartbitterschokolade"},"content":{"rendered":"<p data-start=\"335\" data-end=\"507\">Die <strong>Triador-Riegel dunkle Schokolade Pralin\u00e9<\/strong> ist eine originelle und gro\u00dfz\u00fcgige Kreation, die intensiven Kakao mit knusprigem Genuss verbindet. Eine elegante Schokolade, die s\u00fcchtig macht. Unter einer gl\u00e4nzenden H\u00fclle aus Zartbitterschokolade verbirgt sich ein zartschmelzender Kern aus cremigem Pralin\u00e9, angereichert mit knusprigen Cerealien, die f\u00fcr Leichtigkeit und Textur sorgen.<\/p>\n<p data-start=\"975\" data-end=\"1124\">Triador Zartbitterschokolade Pralin\u00e9 kann allein genossen werden, zusammen mit einem Kaffee oder Tee, oder als Dessert, um eine Mahlzeit mit einer eleganten Note abzuschlie\u00dfen. Seine <strong>Kombination aus zartschmelzend und knusprig wird allen Pralinenliebhabern gefallen<\/strong>, Aber auch f\u00fcr diejenigen, die das Besondere in einer raffinierten Schokolade suchen. Diese Schokolade ist ein Beispiel f\u00fcr die Kunst, Texturen und Geschm\u00e4cker zu kombinieren. Die zartschmelzende Praline umh\u00fcllt den Gaumen, w\u00e4hrend die Cerealien eine \u00fcberraschende Leichtigkeit offenbaren.<\/p>\n<p data-start=\"1446\" data-end=\"1602\">Der Triador Zartbitterschokolade ist auch eine <a href=\"https:\/\/lessecretsduchocolat.com\/de\/product-category\/geschenkideen\/\"><strong>sch\u00f6ne Geschenkidee<\/strong><\/a>. Seine gro\u00dfz\u00fcgige Gr\u00f6\u00dfe und sein kontrastreiches Rezept machen ihn zu einer Delikatesse, die Eindruck hinterl\u00e4sst. Wenn Sie einen Triador verschenken oder sich selbst schenken, entscheiden Sie sich f\u00fcr die Intensit\u00e4t der Zartbitterschokolade, die durch Pralin\u00e9 und Knusprigkeit verfeinert wird. Ein klassisches und zugleich modernes Gourmet-Erlebnis. Ein Muss f\u00fcr Liebhaber gro\u00dfz\u00fcgiger Schokolade, die man Quadrat f\u00fcr Quadrat genie\u00dfen kann, um den Genuss zu verl\u00e4ngern.<\/p>","protected":false},"excerpt":{"rendered":"<p>G\u00f6nnen Sie sich einen genussvollen und w\u00e4rmenden Moment mit dieser <strong>Riegel mit dunkler Schokolade<\/strong>, Das Innere ist aus Pralinen und knusprigen Cerealien.<\/p>\n<p data-start=\"683\" data-end=\"829\">Jeder Bissen besticht durch seinen perfekten Kontrast : <strong>die subtile Bitterkeit der dunklen Schokolade, die runde Pralin\u00e9 und die luftige Knusprigkeit der Cerealien<\/strong>. Mit einer Gr\u00f6\u00dfe von ca. 10 cm ist der Triador ein gro\u00dfz\u00fcgiges Format, ideal zum Teilen oder langsamen Genie\u00dfen w\u00e4hrend einer Schlemmerpause.<\/p>\n<p data-start=\"683\" data-end=\"829\">Die Triador-Stange gibt es auch als <a href=\"https:\/\/lessecretsduchocolat.com\/de\/product\/triador-milchschokolade\/\"><strong>mit Milchschokolade \u00fcberzogen<\/strong><\/a>.<\/p>\n<p>62,50\u20ac\/kg<\/p>","protected":false},"featured_media":4907,"template":"","meta":{"_acf_changed":false,"site-sidebar-layout":"default","site-content-layout":"","ast-site-content-layout":"default","site-content-style":"default","site-sidebar-style":"default","ast-global-header-display":"","ast-banner-title-visibility":"","ast-main-header-display":"","ast-hfb-above-header-display":"","ast-hfb-below-header-display":"","ast-hfb-mobile-header-display":"","site-post-title":"","ast-breadcrumbs-content":"","ast-featured-img":"","footer-sml-layout":"","ast-disable-related-posts":"","theme-transparent-header-meta":"default","adv-header-id-meta":"","stick-header-meta":"","header-above-stick-meta":"","header-main-stick-meta":"","header-below-stick-meta":"","astra-migrate-meta-layouts":"set","ast-page-background-enabled":"default","ast-page-background-meta":{"desktop":{"background-color":"var(--ast-global-color-4)","background-image":"","background-repeat":"repeat","background-position":"center center","background-size":"auto","background-attachment":"scroll","background-type":"","background-media":"","overlay-type":"","overlay-color":"","overlay-opacity":"","overlay-gradient":""},"tablet":{"background-color":"","background-image":"","background-repeat":"repeat","background-position":"center center","background-size":"auto","background-attachment":"scroll","background-type":"","background-media":"","overlay-type":"","overlay-color":"","overlay-opacity":"","overlay-gradient":""},"mobile":{"background-color":"","background-image":"","background-repeat":"repeat","background-position":"center center","background-size":"auto","background-attachment":"scroll","background-type":"","background-media":"","overlay-type":"","overlay-color":"","overlay-opacity":"","overlay-gradient":""}},"ast-content-background-meta":{"desktop":{"background-color":"var(--ast-global-color-5)","background-image":"","background-repeat":"repeat","background-position":"center center","background-size":"auto","background-attachment":"scroll","background-type":"","background-media":"","overlay-type":"","overlay-color":"","overlay-opacity":"","overlay-gradient":""},"tablet":{"background-color":"var(--ast-global-color-5)","background-image":"","background-repeat":"repeat","background-position":"center center","background-size":"auto","background-attachment":"scroll","background-type":"","background-media":"","overlay-type":"","overlay-color":"","overlay-opacity":"","overlay-gradient":""},"mobile":{"background-color":"var(--ast-global-color-5)","background-image":"","background-repeat":"repeat","background-position":"center center","background-size":"auto","background-attachment":"scroll","background-type":"","background-media":"","overlay-type":"","overlay-color":"","overlay-opacity":"","overlay-gradient":""}},"iawp_total_views":47},"product_brand":[],"product_cat":[121,204],"product_tag":[],"class_list":{"0":"post-1109","1":"product","2":"type-product","3":"status-publish","4":"has-post-thumbnail","6":"product_cat-bouchees-gourmandes","7":"product_cat-tous-produits","8":"desktop-align-left","9":"tablet-align-left","10":"mobile-align-left","12":"first","13":"instock","14":"taxable","15":"shipping-taxable","16":"purchasable","17":"product-type-simple"},"acf":[],"yoast_head":"<!-- This site is optimized with the Yoast SEO plugin v27.4 - https:\/\/yoast.com\/product\/yoast-seo-wordpress\/ -->\n<title>Barre croquante pralin\u00e9 Triador | Enrobage chocolat noir<\/title>\n<meta name=\"description\" content=\"D\u00e9couvrez le Triador au chocolat noir, d&#039;environ 10 cm. Ce d\u00e9lice est g\u00e9n\u00e9reusement fourr\u00e9 d&#039;un onctueux pralin\u00e9 et de c\u00e9r\u00e9ales croustillantes.\" \/>\n<meta name=\"robots\" content=\"index, follow, max-snippet:-1, max-image-preview:large, max-video-preview:-1\" \/>\n<link rel=\"canonical\" href=\"https:\/\/lessecretsduchocolat.com\/de\/product\/triador-dunkle-schokolade\/\" \/>\n<meta property=\"og:locale\" content=\"de_DE\" \/>\n<meta property=\"og:type\" content=\"article\" \/>\n<meta property=\"og:title\" content=\"Barre croquante pralin\u00e9 Triador | Enrobage chocolat noir\" \/>\n<meta property=\"og:description\" content=\"D\u00e9couvrez le Triador au chocolat noir, d&#039;environ 10 cm. Ce d\u00e9lice est g\u00e9n\u00e9reusement fourr\u00e9 d&#039;un onctueux pralin\u00e9 et de c\u00e9r\u00e9ales croustillantes.\" \/>\n<meta property=\"og:url\" content=\"https:\/\/lessecretsduchocolat.com\/de\/product\/triador-dunkle-schokolade\/\" \/>\n<meta property=\"og:site_name\" content=\"Secrets de Chocolat\" \/>\n<meta property=\"article:modified_time\" content=\"2026-03-15T21:17:15+00:00\" \/>\n<meta property=\"og:image\" content=\"https:\/\/lessecretsduchocolat.com\/wp-content\/uploads\/2026\/02\/triador-noir.jpg\" \/>\n\t<meta property=\"og:image:width\" content=\"1000\" \/>\n\t<meta property=\"og:image:height\" content=\"1000\" \/>\n\t<meta property=\"og:image:type\" content=\"image\/jpeg\" \/>\n<meta name=\"twitter:card\" content=\"summary_large_image\" \/>\n<meta name=\"twitter:label1\" content=\"Gesch\u00e4tzte Lesezeit\" \/>\n\t<meta name=\"twitter:data1\" content=\"2\u00a0Minuten\" \/>\n<script type=\"application\/ld+json\" class=\"yoast-schema-graph\">{\"@context\":\"https:\\\/\\\/schema.org\",\"@graph\":[{\"@type\":\"WebPage\",\"@id\":\"https:\\\/\\\/lessecretsduchocolat.com\\\/produit\\\/triador-chocolat-noir\\\/\",\"url\":\"https:\\\/\\\/lessecretsduchocolat.com\\\/produit\\\/triador-chocolat-noir\\\/\",\"name\":\"Barre croquante pralin\u00e9 Triador | Enrobage chocolat noir\",\"isPartOf\":{\"@id\":\"https:\\\/\\\/lessecretsduchocolat.com\\\/#website\"},\"primaryImageOfPage\":{\"@id\":\"https:\\\/\\\/lessecretsduchocolat.com\\\/produit\\\/triador-chocolat-noir\\\/#primaryimage\"},\"image\":{\"@id\":\"https:\\\/\\\/lessecretsduchocolat.com\\\/produit\\\/triador-chocolat-noir\\\/#primaryimage\"},\"thumbnailUrl\":\"https:\\\/\\\/lessecretsduchocolat.com\\\/wp-content\\\/uploads\\\/2026\\\/02\\\/triador-noir.jpg\",\"datePublished\":\"2021-12-30T06:40:04+00:00\",\"dateModified\":\"2026-03-15T21:17:15+00:00\",\"description\":\"D\u00e9couvrez le Triador au chocolat noir, d'environ 10 cm. Ce d\u00e9lice est g\u00e9n\u00e9reusement fourr\u00e9 d'un onctueux pralin\u00e9 et de c\u00e9r\u00e9ales croustillantes.\",\"breadcrumb\":{\"@id\":\"https:\\\/\\\/lessecretsduchocolat.com\\\/produit\\\/triador-chocolat-noir\\\/#breadcrumb\"},\"inLanguage\":\"de\",\"potentialAction\":[{\"@type\":\"ReadAction\",\"target\":[\"https:\\\/\\\/lessecretsduchocolat.com\\\/produit\\\/triador-chocolat-noir\\\/\"]}]},{\"@type\":\"ImageObject\",\"inLanguage\":\"de\",\"@id\":\"https:\\\/\\\/lessecretsduchocolat.com\\\/produit\\\/triador-chocolat-noir\\\/#primaryimage\",\"url\":\"https:\\\/\\\/lessecretsduchocolat.com\\\/wp-content\\\/uploads\\\/2026\\\/02\\\/triador-noir.jpg\",\"contentUrl\":\"https:\\\/\\\/lessecretsduchocolat.com\\\/wp-content\\\/uploads\\\/2026\\\/02\\\/triador-noir.jpg\",\"width\":1000,\"height\":1000,\"caption\":\"barre praline triador chocolat noir\"},{\"@type\":\"BreadcrumbList\",\"@id\":\"https:\\\/\\\/lessecretsduchocolat.com\\\/produit\\\/triador-chocolat-noir\\\/#breadcrumb\",\"itemListElement\":[{\"@type\":\"ListItem\",\"position\":1,\"name\":\"Accueil\",\"item\":\"https:\\\/\\\/lessecretsduchocolat.com\\\/\"},{\"@type\":\"ListItem\",\"position\":2,\"name\":\"Boutique en ligne\",\"item\":\"https:\\\/\\\/lessecretsduchocolat.com\\\/magasin\\\/\"},{\"@type\":\"ListItem\",\"position\":3,\"name\":\"Barre pralin\u00e9 Triador &#8211; Chocolat noir\"}]},{\"@type\":\"WebSite\",\"@id\":\"https:\\\/\\\/lessecretsduchocolat.com\\\/#website\",\"url\":\"https:\\\/\\\/lessecretsduchocolat.com\\\/\",\"name\":\"Secrets de Chocolat\",\"description\":\"\",\"publisher\":{\"@id\":\"https:\\\/\\\/lessecretsduchocolat.com\\\/#organization\"},\"potentialAction\":[{\"@type\":\"SearchAction\",\"target\":{\"@type\":\"EntryPoint\",\"urlTemplate\":\"https:\\\/\\\/lessecretsduchocolat.com\\\/?s={search_term_string}\"},\"query-input\":{\"@type\":\"PropertyValueSpecification\",\"valueRequired\":true,\"valueName\":\"search_term_string\"}}],\"inLanguage\":\"de\"},{\"@type\":\"Organization\",\"@id\":\"https:\\\/\\\/lessecretsduchocolat.com\\\/#organization\",\"name\":\"Secrets de Chocolat\",\"url\":\"https:\\\/\\\/lessecretsduchocolat.com\\\/\",\"logo\":{\"@type\":\"ImageObject\",\"inLanguage\":\"de\",\"@id\":\"https:\\\/\\\/lessecretsduchocolat.com\\\/#\\\/schema\\\/logo\\\/image\\\/\",\"url\":\"https:\\\/\\\/lessecretsduchocolat.com\\\/wp-content\\\/uploads\\\/2025\\\/05\\\/logo.png\",\"contentUrl\":\"https:\\\/\\\/lessecretsduchocolat.com\\\/wp-content\\\/uploads\\\/2025\\\/05\\\/logo.png\",\"width\":198,\"height\":85,\"caption\":\"Secrets de Chocolat\"},\"image\":{\"@id\":\"https:\\\/\\\/lessecretsduchocolat.com\\\/#\\\/schema\\\/logo\\\/image\\\/\"}}]}<\/script>\n<!-- \/ Yoast SEO plugin. -->","yoast_head_json":{"title":"Triador Pralin\u00e9-Krokantriegel | Zartbitterschokolade\u00fcberzug","description":"Entdecken Sie den Triador aus Zartbitterschokolade, der etwa 10 cm gro\u00df ist. Diese K\u00f6stlichkeit ist gro\u00dfz\u00fcgig mit einer cremigen Pralinenf\u00fcllung und knusprigen Cerealien gef\u00fcllt.","robots":{"index":"index","follow":"follow","max-snippet":"max-snippet:-1","max-image-preview":"max-image-preview:large","max-video-preview":"max-video-preview:-1"},"canonical":"https:\/\/lessecretsduchocolat.com\/de\/product\/triador-dunkle-schokolade\/","og_locale":"de_DE","og_type":"article","og_title":"Barre croquante pralin\u00e9 Triador | Enrobage chocolat noir","og_description":"D\u00e9couvrez le Triador au chocolat noir, d'environ 10 cm. Ce d\u00e9lice est g\u00e9n\u00e9reusement fourr\u00e9 d'un onctueux pralin\u00e9 et de c\u00e9r\u00e9ales croustillantes.","og_url":"https:\/\/lessecretsduchocolat.com\/de\/product\/triador-dunkle-schokolade\/","og_site_name":"Secrets de Chocolat","article_modified_time":"2026-03-15T21:17:15+00:00","og_image":[{"width":1000,"height":1000,"url":"https:\/\/lessecretsduchocolat.com\/wp-content\/uploads\/2026\/02\/triador-noir.jpg","type":"image\/jpeg"}],"twitter_card":"summary_large_image","twitter_misc":{"Gesch\u00e4tzte Lesezeit":"2\u00a0Minuten"},"schema":{"@context":"https:\/\/schema.org","@graph":[{"@type":"WebPage","@id":"https:\/\/lessecretsduchocolat.com\/produit\/triador-chocolat-noir\/","url":"https:\/\/lessecretsduchocolat.com\/produit\/triador-chocolat-noir\/","name":"Triador Pralin\u00e9-Krokantriegel | Zartbitterschokolade\u00fcberzug","isPartOf":{"@id":"https:\/\/lessecretsduchocolat.com\/#website"},"primaryImageOfPage":{"@id":"https:\/\/lessecretsduchocolat.com\/produit\/triador-chocolat-noir\/#primaryimage"},"image":{"@id":"https:\/\/lessecretsduchocolat.com\/produit\/triador-chocolat-noir\/#primaryimage"},"thumbnailUrl":"https:\/\/lessecretsduchocolat.com\/wp-content\/uploads\/2026\/02\/triador-noir.jpg","datePublished":"2021-12-30T06:40:04+00:00","dateModified":"2026-03-15T21:17:15+00:00","description":"Entdecken Sie den Triador aus Zartbitterschokolade, der etwa 10 cm gro\u00df ist. Diese K\u00f6stlichkeit ist gro\u00dfz\u00fcgig mit einer cremigen Pralinenf\u00fcllung und knusprigen Cerealien gef\u00fcllt.","breadcrumb":{"@id":"https:\/\/lessecretsduchocolat.com\/produit\/triador-chocolat-noir\/#breadcrumb"},"inLanguage":"de","potentialAction":[{"@type":"ReadAction","target":["https:\/\/lessecretsduchocolat.com\/produit\/triador-chocolat-noir\/"]}]},{"@type":"ImageObject","inLanguage":"de","@id":"https:\/\/lessecretsduchocolat.com\/produit\/triador-chocolat-noir\/#primaryimage","url":"https:\/\/lessecretsduchocolat.com\/wp-content\/uploads\/2026\/02\/triador-noir.jpg","contentUrl":"https:\/\/lessecretsduchocolat.com\/wp-content\/uploads\/2026\/02\/triador-noir.jpg","width":1000,"height":1000,"caption":"barre praline triador chocolat noir"},{"@type":"BreadcrumbList","@id":"https:\/\/lessecretsduchocolat.com\/produit\/triador-chocolat-noir\/#breadcrumb","itemListElement":[{"@type":"ListItem","position":1,"name":"Accueil","item":"https:\/\/lessecretsduchocolat.com\/"},{"@type":"ListItem","position":2,"name":"Boutique en ligne","item":"https:\/\/lessecretsduchocolat.com\/magasin\/"},{"@type":"ListItem","position":3,"name":"Barre pralin\u00e9 Triador &#8211; Chocolat noir"}]},{"@type":"WebSite","@id":"https:\/\/lessecretsduchocolat.com\/#website","url":"https:\/\/lessecretsduchocolat.com\/","name":"Secrets de Chocolat (Schokoladengeheimnisse)","description":"","publisher":{"@id":"https:\/\/lessecretsduchocolat.com\/#organization"},"potentialAction":[{"@type":"SearchAction","target":{"@type":"EntryPoint","urlTemplate":"https:\/\/lessecretsduchocolat.com\/?s={search_term_string}"},"query-input":{"@type":"PropertyValueSpecification","valueRequired":true,"valueName":"search_term_string"}}],"inLanguage":"de"},{"@type":"Organization","@id":"https:\/\/lessecretsduchocolat.com\/#organization","name":"Secrets de Chocolat (Schokoladengeheimnisse)","url":"https:\/\/lessecretsduchocolat.com\/","logo":{"@type":"ImageObject","inLanguage":"de","@id":"https:\/\/lessecretsduchocolat.com\/#\/schema\/logo\/image\/","url":"https:\/\/lessecretsduchocolat.com\/wp-content\/uploads\/2025\/05\/logo.png","contentUrl":"https:\/\/lessecretsduchocolat.com\/wp-content\/uploads\/2025\/05\/logo.png","width":198,"height":85,"caption":"Secrets de Chocolat"},"image":{"@id":"https:\/\/lessecretsduchocolat.com\/#\/schema\/logo\/image\/"}}]}},"_links":{"self":[{"href":"https:\/\/lessecretsduchocolat.com\/de\/wp-json\/wp\/v2\/product\/1109","targetHints":{"allow":["GET"]}}],"collection":[{"href":"https:\/\/lessecretsduchocolat.com\/de\/wp-json\/wp\/v2\/product"}],"about":[{"href":"https:\/\/lessecretsduchocolat.com\/de\/wp-json\/wp\/v2\/types\/product"}],"version-history":[{"count":7,"href":"https:\/\/lessecretsduchocolat.com\/de\/wp-json\/wp\/v2\/product\/1109\/revisions"}],"predecessor-version":[{"id":4914,"href":"https:\/\/lessecretsduchocolat.com\/de\/wp-json\/wp\/v2\/product\/1109\/revisions\/4914"}],"wp:featuredmedia":[{"embeddable":true,"href":"https:\/\/lessecretsduchocolat.com\/de\/wp-json\/wp\/v2\/media\/4907"}],"wp:attachment":[{"href":"https:\/\/lessecretsduchocolat.com\/de\/wp-json\/wp\/v2\/media?parent=1109"}],"wp:term":[{"taxonomy":"product_brand","embeddable":true,"href":"https:\/\/lessecretsduchocolat.com\/de\/wp-json\/wp\/v2\/product_brand?post=1109"},{"taxonomy":"product_cat","embeddable":true,"href":"https:\/\/lessecretsduchocolat.com\/de\/wp-json\/wp\/v2\/product_cat?post=1109"},{"taxonomy":"product_tag","embeddable":true,"href":"https:\/\/lessecretsduchocolat.com\/de\/wp-json\/wp\/v2\/product_tag?post=1109"}],"curies":[{"name":"wp","href":"https:\/\/api.w.org\/{rel}","templated":true}]}}