{"id":1107,"date":"2021-12-17T06:40:05","date_gmt":"2021-12-17T06:40:05","guid":{"rendered":"https:\/\/preprod.lessecretsduchocolat.com\/?product=reglette-7-coeurs"},"modified":"2026-03-13T09:24:09","modified_gmt":"2026-03-13T08:24:09","slug":"regal-mit-7-herzen","status":"publish","type":"product","link":"https:\/\/lessecretsduchocolat.com\/de\/produit\/reglette-7-coeurs\/","title":{"rendered":"REGAL MIT 7 HERZEN"},"content":{"rendered":"<p data-start=\"343\" data-end=\"498\">Die <strong data-start=\"346\" data-end=\"366\">Leiste 7 Herzen<\/strong> vereint die Eleganz von Schokolade und die universelle Symbolik des Herzens. Ein Geschenk, das ohne Worte \"Ich liebe dich\" oder \"Ich denke an dich\" sagt.<\/p>\n<p data-start=\"500\" data-end=\"689\">Jede herzf\u00f6rmige Schokolade enth\u00e4lt eine <strong data-start=\"546\" data-end=\"574\">zartschmelzende Karamell-Ganache<\/strong>, zart umh\u00fcllt von einer knackigen Schokoladenschale. Eine Delikatesse, die Z\u00e4rtlichkeit und Intensit\u00e4t vereint.<\/p>\n<p data-start=\"691\" data-end=\"850\">Diese Herzen sind nicht einfach nur S\u00fc\u00dfigkeiten: Sie verk\u00f6rpern eine Geste der Zuneigung. Wer diese Leiste verschenkt, schenkt etwas S\u00fc\u00dfes, das direkt das Herz anspricht.<\/p>\n<p data-start=\"852\" data-end=\"1029\">Ihre sorgf\u00e4ltige Dekoration macht sie zu ebenso sch\u00f6nen wie k\u00f6stlichen Pralinen. Die raffinierte Optik und die symbolische Form verwandeln jedes St\u00fcck in ein wahres Schlemmer-Statement.<\/p>\n<p data-start=\"1031\" data-end=\"1187\">Bei der Verkostung verf\u00fchrt der Kontrast. Die knusprige Schale macht Platz f\u00fcr einen cremigen Karamellkern, der s\u00fc\u00df und gro\u00dfz\u00fcgig ist und sich langsam im Mund entfaltet.<\/p>\n<p data-start=\"1189\" data-end=\"1342\">Die <strong data-start=\"1192\" data-end=\"1215\">Leiste mit 7 Herzen<\/strong> ist ideal f\u00fcr ein raffiniertes Geschenk zum Valentinstag, Geburtstag, Muttertag oder einfach nur, um Freude zu bereiten.<\/p>\n<p data-start=\"1344\" data-end=\"1495\">Jedes Herz ist eine kleine Aufmerksamkeit, ein Beweis der Z\u00e4rtlichkeit, den man allein genie\u00dfen oder mit anderen teilen kann. Sieben Gelegenheiten, \"Ich liebe dich\" auf genussvolle Weise zu sagen.<\/p>\n<p data-start=\"1497\" data-end=\"1652\">Die <strong data-start=\"1501\" data-end=\"1527\">karamellisierte Schokoladenherzen<\/strong> verk\u00f6rpern das perfekte Zusammentreffen von Emotion und Gaumenfreude. Ein Geschenk, das sowohl durch seine Form als auch durch seinen Geschmack ber\u00fchrt.<\/p>\n<p data-start=\"1654\" data-end=\"1802\">Bieten Sie die <strong data-start=\"1664\" data-end=\"1684\">Leiste 7 Herzen<\/strong>Wenn Sie sich f\u00fcr ein Geschenk entscheiden, das Sch\u00f6nheit, Symbolik und Schokoladengenuss vereint. Eine einfache Geste, aber immer unvergesslich.<\/p>\n<p data-start=\"1804\" data-end=\"1878\">Ein raffiniertes und z\u00e4rtliches Sortiment, das man denjenigen schenken kann, die wirklich wichtig sind.<\/p>","protected":false},"excerpt":{"rendered":"<p>Verschenken Sie die R\u00e9glette 7 C\u0153urs: in Herzform dekorierte Pralinen, gef\u00fcllt mit Karamellganache. Ein z\u00e4rtliches und k\u00f6stliches Geschenk, das \"Ich liebe dich\" sagt. (86,25\u20ac\/kg)<\/p>","protected":false},"featured_media":915,"template":"","meta":{"_acf_changed":false,"site-sidebar-layout":"default","site-content-layout":"","ast-site-content-layout":"default","site-content-style":"default","site-sidebar-style":"default","ast-global-header-display":"","ast-banner-title-visibility":"","ast-main-header-display":"","ast-hfb-above-header-display":"","ast-hfb-below-header-display":"","ast-hfb-mobile-header-display":"","site-post-title":"","ast-breadcrumbs-content":"","ast-featured-img":"","footer-sml-layout":"","theme-transparent-header-meta":"default","adv-header-id-meta":"","stick-header-meta":"","header-above-stick-meta":"","header-main-stick-meta":"","header-below-stick-meta":"","astra-migrate-meta-layouts":"set","ast-page-background-enabled":"default","ast-page-background-meta":{"desktop":{"background-color":"var(--ast-global-color-4)","background-image":"","background-repeat":"repeat","background-position":"center center","background-size":"auto","background-attachment":"scroll","background-type":"","background-media":"","overlay-type":"","overlay-color":"","overlay-opacity":"","overlay-gradient":""},"tablet":{"background-color":"","background-image":"","background-repeat":"repeat","background-position":"center center","background-size":"auto","background-attachment":"scroll","background-type":"","background-media":"","overlay-type":"","overlay-color":"","overlay-opacity":"","overlay-gradient":""},"mobile":{"background-color":"","background-image":"","background-repeat":"repeat","background-position":"center center","background-size":"auto","background-attachment":"scroll","background-type":"","background-media":"","overlay-type":"","overlay-color":"","overlay-opacity":"","overlay-gradient":""}},"ast-content-background-meta":{"desktop":{"background-color":"var(--ast-global-color-5)","background-image":"","background-repeat":"repeat","background-position":"center center","background-size":"auto","background-attachment":"scroll","background-type":"","background-media":"","overlay-type":"","overlay-color":"","overlay-opacity":"","overlay-gradient":""},"tablet":{"background-color":"var(--ast-global-color-5)","background-image":"","background-repeat":"repeat","background-position":"center center","background-size":"auto","background-attachment":"scroll","background-type":"","background-media":"","overlay-type":"","overlay-color":"","overlay-opacity":"","overlay-gradient":""},"mobile":{"background-color":"var(--ast-global-color-5)","background-image":"","background-repeat":"repeat","background-position":"center center","background-size":"auto","background-attachment":"scroll","background-type":"","background-media":"","overlay-type":"","overlay-color":"","overlay-opacity":"","overlay-gradient":""}},"iawp_total_views":72},"product_brand":[],"product_cat":[108,204],"product_tag":[],"class_list":{"0":"post-1107","1":"product","2":"type-product","3":"status-publish","4":"has-post-thumbnail","6":"product_cat-gourmandises","7":"product_cat-tous-produits","8":"desktop-align-left","9":"tablet-align-left","10":"mobile-align-left","12":"first","13":"instock","14":"taxable","15":"shipping-taxable","16":"purchasable","17":"product-type-simple"},"acf":[],"yoast_head":"<!-- This site is optimized with the Yoast SEO plugin v27.4 - https:\/\/yoast.com\/product\/yoast-seo-wordpress\/ -->\n<title>REGLETTE 7 COEURS<\/title>\n<meta name=\"description\" content=\"Offrez la R\u00e9glette 7 C\u0153urs : chocolats d\u00e9cor\u00e9s en forme de c\u0153ur, fourr\u00e9s ganache caramel. Un cadeau tendre et gourmand qui dit &quot;je t\u2019aime&quot;.\" \/>\n<meta name=\"robots\" content=\"index, follow, max-snippet:-1, max-image-preview:large, max-video-preview:-1\" \/>\n<link rel=\"canonical\" href=\"https:\/\/lessecretsduchocolat.com\/de\/product\/regal-mit-7-herzen\/\" \/>\n<meta property=\"og:locale\" content=\"de_DE\" \/>\n<meta property=\"og:type\" content=\"article\" \/>\n<meta property=\"og:title\" content=\"REGLETTE 7 COEURS\" \/>\n<meta property=\"og:description\" content=\"Offrez la R\u00e9glette 7 C\u0153urs : chocolats d\u00e9cor\u00e9s en forme de c\u0153ur, fourr\u00e9s ganache caramel. Un cadeau tendre et gourmand qui dit &quot;je t\u2019aime&quot;.\" \/>\n<meta property=\"og:url\" content=\"https:\/\/lessecretsduchocolat.com\/de\/product\/regal-mit-7-herzen\/\" \/>\n<meta property=\"og:site_name\" content=\"Secrets de Chocolat\" \/>\n<meta property=\"article:modified_time\" content=\"2026-03-13T08:24:09+00:00\" \/>\n<meta property=\"og:image\" content=\"https:\/\/lessecretsduchocolat.com\/wp-content\/uploads\/2025\/05\/1122.jpg\" \/>\n\t<meta property=\"og:image:width\" content=\"500\" \/>\n\t<meta property=\"og:image:height\" content=\"500\" \/>\n\t<meta property=\"og:image:type\" content=\"image\/jpeg\" \/>\n<meta name=\"twitter:card\" content=\"summary_large_image\" \/>\n<meta name=\"twitter:label1\" content=\"Gesch\u00e4tzte Lesezeit\" \/>\n\t<meta name=\"twitter:data1\" content=\"2\u00a0Minuten\" \/>\n<script type=\"application\/ld+json\" class=\"yoast-schema-graph\">{\"@context\":\"https:\\\/\\\/schema.org\",\"@graph\":[{\"@type\":\"WebPage\",\"@id\":\"https:\\\/\\\/lessecretsduchocolat.com\\\/produit\\\/reglette-7-coeurs\\\/\",\"url\":\"https:\\\/\\\/lessecretsduchocolat.com\\\/produit\\\/reglette-7-coeurs\\\/\",\"name\":\"REGLETTE 7 COEURS\",\"isPartOf\":{\"@id\":\"https:\\\/\\\/lessecretsduchocolat.com\\\/#website\"},\"primaryImageOfPage\":{\"@id\":\"https:\\\/\\\/lessecretsduchocolat.com\\\/produit\\\/reglette-7-coeurs\\\/#primaryimage\"},\"image\":{\"@id\":\"https:\\\/\\\/lessecretsduchocolat.com\\\/produit\\\/reglette-7-coeurs\\\/#primaryimage\"},\"thumbnailUrl\":\"https:\\\/\\\/lessecretsduchocolat.com\\\/wp-content\\\/uploads\\\/2025\\\/05\\\/1122.jpg\",\"datePublished\":\"2021-12-17T06:40:05+00:00\",\"dateModified\":\"2026-03-13T08:24:09+00:00\",\"description\":\"Offrez la R\u00e9glette 7 C\u0153urs : chocolats d\u00e9cor\u00e9s en forme de c\u0153ur, fourr\u00e9s ganache caramel. Un cadeau tendre et gourmand qui dit \\\"je t\u2019aime\\\".\",\"breadcrumb\":{\"@id\":\"https:\\\/\\\/lessecretsduchocolat.com\\\/produit\\\/reglette-7-coeurs\\\/#breadcrumb\"},\"inLanguage\":\"de\",\"potentialAction\":[{\"@type\":\"ReadAction\",\"target\":[\"https:\\\/\\\/lessecretsduchocolat.com\\\/produit\\\/reglette-7-coeurs\\\/\"]}]},{\"@type\":\"ImageObject\",\"inLanguage\":\"de\",\"@id\":\"https:\\\/\\\/lessecretsduchocolat.com\\\/produit\\\/reglette-7-coeurs\\\/#primaryimage\",\"url\":\"https:\\\/\\\/lessecretsduchocolat.com\\\/wp-content\\\/uploads\\\/2025\\\/05\\\/1122.jpg\",\"contentUrl\":\"https:\\\/\\\/lessecretsduchocolat.com\\\/wp-content\\\/uploads\\\/2025\\\/05\\\/1122.jpg\",\"width\":500,\"height\":500,\"caption\":\"Photo d'une r\u00e9glette 7 coeurs\"},{\"@type\":\"BreadcrumbList\",\"@id\":\"https:\\\/\\\/lessecretsduchocolat.com\\\/produit\\\/reglette-7-coeurs\\\/#breadcrumb\",\"itemListElement\":[{\"@type\":\"ListItem\",\"position\":1,\"name\":\"Accueil\",\"item\":\"https:\\\/\\\/lessecretsduchocolat.com\\\/\"},{\"@type\":\"ListItem\",\"position\":2,\"name\":\"Boutique en ligne\",\"item\":\"https:\\\/\\\/lessecretsduchocolat.com\\\/magasin\\\/\"},{\"@type\":\"ListItem\",\"position\":3,\"name\":\"REGLETTE 7 COEURS\"}]},{\"@type\":\"WebSite\",\"@id\":\"https:\\\/\\\/lessecretsduchocolat.com\\\/#website\",\"url\":\"https:\\\/\\\/lessecretsduchocolat.com\\\/\",\"name\":\"Secrets de Chocolat\",\"description\":\"\",\"publisher\":{\"@id\":\"https:\\\/\\\/lessecretsduchocolat.com\\\/#organization\"},\"potentialAction\":[{\"@type\":\"SearchAction\",\"target\":{\"@type\":\"EntryPoint\",\"urlTemplate\":\"https:\\\/\\\/lessecretsduchocolat.com\\\/?s={search_term_string}\"},\"query-input\":{\"@type\":\"PropertyValueSpecification\",\"valueRequired\":true,\"valueName\":\"search_term_string\"}}],\"inLanguage\":\"de\"},{\"@type\":\"Organization\",\"@id\":\"https:\\\/\\\/lessecretsduchocolat.com\\\/#organization\",\"name\":\"Secrets de Chocolat\",\"url\":\"https:\\\/\\\/lessecretsduchocolat.com\\\/\",\"logo\":{\"@type\":\"ImageObject\",\"inLanguage\":\"de\",\"@id\":\"https:\\\/\\\/lessecretsduchocolat.com\\\/#\\\/schema\\\/logo\\\/image\\\/\",\"url\":\"https:\\\/\\\/lessecretsduchocolat.com\\\/wp-content\\\/uploads\\\/2025\\\/05\\\/logo.png\",\"contentUrl\":\"https:\\\/\\\/lessecretsduchocolat.com\\\/wp-content\\\/uploads\\\/2025\\\/05\\\/logo.png\",\"width\":198,\"height\":85,\"caption\":\"Secrets de Chocolat\"},\"image\":{\"@id\":\"https:\\\/\\\/lessecretsduchocolat.com\\\/#\\\/schema\\\/logo\\\/image\\\/\"}}]}<\/script>\n<!-- \/ Yoast SEO plugin. -->","yoast_head_json":{"title":"REGAL MIT 7 HERZEN","description":"Verschenken Sie die R\u00e9glette 7 C\u0153urs: in Herzform dekorierte Pralinen, gef\u00fcllt mit Karamell-Ganache. Ein z\u00e4rtliches und k\u00f6stliches Geschenk, das \"Ich liebe dich\" sagt.","robots":{"index":"index","follow":"follow","max-snippet":"max-snippet:-1","max-image-preview":"max-image-preview:large","max-video-preview":"max-video-preview:-1"},"canonical":"https:\/\/lessecretsduchocolat.com\/de\/product\/regal-mit-7-herzen\/","og_locale":"de_DE","og_type":"article","og_title":"REGLETTE 7 COEURS","og_description":"Offrez la R\u00e9glette 7 C\u0153urs : chocolats d\u00e9cor\u00e9s en forme de c\u0153ur, fourr\u00e9s ganache caramel. Un cadeau tendre et gourmand qui dit \"je t\u2019aime\".","og_url":"https:\/\/lessecretsduchocolat.com\/de\/product\/regal-mit-7-herzen\/","og_site_name":"Secrets de Chocolat","article_modified_time":"2026-03-13T08:24:09+00:00","og_image":[{"width":500,"height":500,"url":"https:\/\/lessecretsduchocolat.com\/wp-content\/uploads\/2025\/05\/1122.jpg","type":"image\/jpeg"}],"twitter_card":"summary_large_image","twitter_misc":{"Gesch\u00e4tzte Lesezeit":"2\u00a0Minuten"},"schema":{"@context":"https:\/\/schema.org","@graph":[{"@type":"WebPage","@id":"https:\/\/lessecretsduchocolat.com\/produit\/reglette-7-coeurs\/","url":"https:\/\/lessecretsduchocolat.com\/produit\/reglette-7-coeurs\/","name":"REGAL MIT 7 HERZEN","isPartOf":{"@id":"https:\/\/lessecretsduchocolat.com\/#website"},"primaryImageOfPage":{"@id":"https:\/\/lessecretsduchocolat.com\/produit\/reglette-7-coeurs\/#primaryimage"},"image":{"@id":"https:\/\/lessecretsduchocolat.com\/produit\/reglette-7-coeurs\/#primaryimage"},"thumbnailUrl":"https:\/\/lessecretsduchocolat.com\/wp-content\/uploads\/2025\/05\/1122.jpg","datePublished":"2021-12-17T06:40:05+00:00","dateModified":"2026-03-13T08:24:09+00:00","description":"Verschenken Sie die R\u00e9glette 7 C\u0153urs: in Herzform dekorierte Pralinen, gef\u00fcllt mit Karamell-Ganache. Ein z\u00e4rtliches und k\u00f6stliches Geschenk, das \"Ich liebe dich\" sagt.","breadcrumb":{"@id":"https:\/\/lessecretsduchocolat.com\/produit\/reglette-7-coeurs\/#breadcrumb"},"inLanguage":"de","potentialAction":[{"@type":"ReadAction","target":["https:\/\/lessecretsduchocolat.com\/produit\/reglette-7-coeurs\/"]}]},{"@type":"ImageObject","inLanguage":"de","@id":"https:\/\/lessecretsduchocolat.com\/produit\/reglette-7-coeurs\/#primaryimage","url":"https:\/\/lessecretsduchocolat.com\/wp-content\/uploads\/2025\/05\/1122.jpg","contentUrl":"https:\/\/lessecretsduchocolat.com\/wp-content\/uploads\/2025\/05\/1122.jpg","width":500,"height":500,"caption":"Photo d'une r\u00e9glette 7 coeurs"},{"@type":"BreadcrumbList","@id":"https:\/\/lessecretsduchocolat.com\/produit\/reglette-7-coeurs\/#breadcrumb","itemListElement":[{"@type":"ListItem","position":1,"name":"Accueil","item":"https:\/\/lessecretsduchocolat.com\/"},{"@type":"ListItem","position":2,"name":"Boutique en ligne","item":"https:\/\/lessecretsduchocolat.com\/magasin\/"},{"@type":"ListItem","position":3,"name":"REGLETTE 7 COEURS"}]},{"@type":"WebSite","@id":"https:\/\/lessecretsduchocolat.com\/#website","url":"https:\/\/lessecretsduchocolat.com\/","name":"Secrets de Chocolat (Schokoladengeheimnisse)","description":"","publisher":{"@id":"https:\/\/lessecretsduchocolat.com\/#organization"},"potentialAction":[{"@type":"SearchAction","target":{"@type":"EntryPoint","urlTemplate":"https:\/\/lessecretsduchocolat.com\/?s={search_term_string}"},"query-input":{"@type":"PropertyValueSpecification","valueRequired":true,"valueName":"search_term_string"}}],"inLanguage":"de"},{"@type":"Organization","@id":"https:\/\/lessecretsduchocolat.com\/#organization","name":"Secrets de Chocolat (Schokoladengeheimnisse)","url":"https:\/\/lessecretsduchocolat.com\/","logo":{"@type":"ImageObject","inLanguage":"de","@id":"https:\/\/lessecretsduchocolat.com\/#\/schema\/logo\/image\/","url":"https:\/\/lessecretsduchocolat.com\/wp-content\/uploads\/2025\/05\/logo.png","contentUrl":"https:\/\/lessecretsduchocolat.com\/wp-content\/uploads\/2025\/05\/logo.png","width":198,"height":85,"caption":"Secrets de Chocolat"},"image":{"@id":"https:\/\/lessecretsduchocolat.com\/#\/schema\/logo\/image\/"}}]}},"_links":{"self":[{"href":"https:\/\/lessecretsduchocolat.com\/de\/wp-json\/wp\/v2\/product\/1107","targetHints":{"allow":["GET"]}}],"collection":[{"href":"https:\/\/lessecretsduchocolat.com\/de\/wp-json\/wp\/v2\/product"}],"about":[{"href":"https:\/\/lessecretsduchocolat.com\/de\/wp-json\/wp\/v2\/types\/product"}],"version-history":[{"count":4,"href":"https:\/\/lessecretsduchocolat.com\/de\/wp-json\/wp\/v2\/product\/1107\/revisions"}],"predecessor-version":[{"id":4178,"href":"https:\/\/lessecretsduchocolat.com\/de\/wp-json\/wp\/v2\/product\/1107\/revisions\/4178"}],"wp:featuredmedia":[{"embeddable":true,"href":"https:\/\/lessecretsduchocolat.com\/de\/wp-json\/wp\/v2\/media\/915"}],"wp:attachment":[{"href":"https:\/\/lessecretsduchocolat.com\/de\/wp-json\/wp\/v2\/media?parent=1107"}],"wp:term":[{"taxonomy":"product_brand","embeddable":true,"href":"https:\/\/lessecretsduchocolat.com\/de\/wp-json\/wp\/v2\/product_brand?post=1107"},{"taxonomy":"product_cat","embeddable":true,"href":"https:\/\/lessecretsduchocolat.com\/de\/wp-json\/wp\/v2\/product_cat?post=1107"},{"taxonomy":"product_tag","embeddable":true,"href":"https:\/\/lessecretsduchocolat.com\/de\/wp-json\/wp\/v2\/product_tag?post=1107"}],"curies":[{"name":"wp","href":"https:\/\/api.w.org\/{rel}","templated":true}]}}