{"id":1104,"date":"2021-06-19T06:40:04","date_gmt":"2021-06-19T06:40:04","guid":{"rendered":"https:\/\/preprod.lessecretsduchocolat.com\/?product=les-amandes-cacaotees-250g"},"modified":"2026-03-13T09:24:09","modified_gmt":"2026-03-13T08:24:09","slug":"kakaohaltige-mandeln-250g","status":"publish","type":"product","link":"https:\/\/lessecretsduchocolat.com\/de\/produit\/les-amandes-cacaotees-250g\/","title":{"rendered":"KAKAOHALTIGE MANDELN 250G"},"content":{"rendered":"<p data-start=\"292\" data-end=\"470\">Die <strong data-start=\"296\" data-end=\"323\">kakaohaltige Mandeln <\/strong>sind eine unumg\u00e4ngliche Leckerei, die die Reichhaltigkeit von Trockenfr\u00fcchten und die S\u00fc\u00dfe von Milchschokolade, verfeinert mit feinem Kakaopulver, miteinander verbindet.<\/p>\n<p data-start=\"472\" data-end=\"658\">Jedes Bonbon enth\u00e4lt eine <strong data-start=\"499\" data-end=\"534\">ganze knackige Mandel (25 %)<\/strong>Die \"Pudding\"-Schicht ist gro\u00dfz\u00fcgig mit einer schmelzenden Schicht aus <strong data-start=\"583\" data-end=\"610\">Milchschokolade (67 %)<\/strong>. Das Ganze wird zart mit Kakao best\u00e4ubt.<\/p>\n<p data-start=\"660\" data-end=\"812\">Schon beim ersten Bissen verf\u00fchrt der Kontrast: Die knackige Mandel trifft auf die cremige Schokolade und die leicht bittere Note des Kakaopulvers.<\/p>\n<p data-start=\"814\" data-end=\"1000\">Die <strong data-start=\"818\" data-end=\"856\">kakaohaltige Mandeln Milchschokolade<\/strong> eignen sich hervorragend als Begleiter zu Kaffee, Tee oder einfach f\u00fcr eine Gourmetpause. Sie verwandeln jeden Moment in einen raffinierten Genuss.<\/p>\n<p data-start=\"1002\" data-end=\"1169\">Der gro\u00dfz\u00fcgige Beutel von <strong data-start=\"1024\" data-end=\"1033\">250 g<\/strong> bietet die ideale Menge, um sie mit Freunden oder der Familie zu teilen oder um sich im Laufe der Woche mehrere Schokoladenmomente zu g\u00f6nnen.<\/p>\n<p data-start=\"1171\" data-end=\"1329\">Diese Leckereien verf\u00fchren sowohl die Liebhaber von Trockenfr\u00fcchten als auch die Liebhaber von Milchschokolade. Ein ausgewogenes Rezept, bei dem sich alle einig sind.<\/p>\n<p data-start=\"1331\" data-end=\"1498\">Sie eignen sich auch hervorragend als Geschenkidee. In einem eleganten Beutel verpackt, sind die <strong data-start=\"1410\" data-end=\"1431\">kakaohaltige Mandeln<\/strong> werden zu einer einfachen und raffinierten Aufmerksamkeit, die immer gesch\u00e4tzt wird.<\/p>\n<p data-start=\"1500\" data-end=\"1623\">Sie sind leicht zu transportieren und k\u00f6nnen \u00fcberall genossen werden: im B\u00fcro, auf einer Reise oder bei einem entspannten Moment zu Hause.<\/p>\n<p data-start=\"1625\" data-end=\"1761\">Jeder Bissen erinnert daran, dass Einfachheit manchmal nach Gl\u00fcck schmeckt: eine knackige Mandel, eine zartschmelzende Schokolade, ein Schleier aus Kakao.<\/p>\n<p data-start=\"1763\" data-end=\"1879\">Die <strong data-start=\"1767\" data-end=\"1794\">kakaohaltige Mandeln <\/strong>sind ein zeitloses, unwiderstehliches und universelles Vergn\u00fcgen, das man ohne M\u00e4\u00dfigung genie\u00dfen sollte.<\/p>","protected":false},"excerpt":{"rendered":"<p>Genie\u00dfen Sie die S\u00fc\u00dfe des Kakaopulvers und das Knuspern der karamellisierten Mandeln! Eine k\u00f6stliche Kombination, die Sie jetzt entdecken sollten! (31,60\u20ac\/kg)<\/p>","protected":false},"featured_media":908,"template":"","meta":{"_acf_changed":false,"site-sidebar-layout":"default","site-content-layout":"","ast-site-content-layout":"default","site-content-style":"default","site-sidebar-style":"default","ast-global-header-display":"","ast-banner-title-visibility":"","ast-main-header-display":"","ast-hfb-above-header-display":"","ast-hfb-below-header-display":"","ast-hfb-mobile-header-display":"","site-post-title":"","ast-breadcrumbs-content":"","ast-featured-img":"","footer-sml-layout":"","theme-transparent-header-meta":"default","adv-header-id-meta":"","stick-header-meta":"","header-above-stick-meta":"","header-main-stick-meta":"","header-below-stick-meta":"","astra-migrate-meta-layouts":"set","ast-page-background-enabled":"default","ast-page-background-meta":{"desktop":{"background-color":"var(--ast-global-color-4)","background-image":"","background-repeat":"repeat","background-position":"center center","background-size":"auto","background-attachment":"scroll","background-type":"","background-media":"","overlay-type":"","overlay-color":"","overlay-opacity":"","overlay-gradient":""},"tablet":{"background-color":"","background-image":"","background-repeat":"repeat","background-position":"center center","background-size":"auto","background-attachment":"scroll","background-type":"","background-media":"","overlay-type":"","overlay-color":"","overlay-opacity":"","overlay-gradient":""},"mobile":{"background-color":"","background-image":"","background-repeat":"repeat","background-position":"center center","background-size":"auto","background-attachment":"scroll","background-type":"","background-media":"","overlay-type":"","overlay-color":"","overlay-opacity":"","overlay-gradient":""}},"ast-content-background-meta":{"desktop":{"background-color":"var(--ast-global-color-5)","background-image":"","background-repeat":"repeat","background-position":"center center","background-size":"auto","background-attachment":"scroll","background-type":"","background-media":"","overlay-type":"","overlay-color":"","overlay-opacity":"","overlay-gradient":""},"tablet":{"background-color":"var(--ast-global-color-5)","background-image":"","background-repeat":"repeat","background-position":"center center","background-size":"auto","background-attachment":"scroll","background-type":"","background-media":"","overlay-type":"","overlay-color":"","overlay-opacity":"","overlay-gradient":""},"mobile":{"background-color":"var(--ast-global-color-5)","background-image":"","background-repeat":"repeat","background-position":"center center","background-size":"auto","background-attachment":"scroll","background-type":"","background-media":"","overlay-type":"","overlay-color":"","overlay-opacity":"","overlay-gradient":""}},"iawp_total_views":22},"product_brand":[],"product_cat":[108,204],"product_tag":[],"class_list":{"0":"post-1104","1":"product","2":"type-product","3":"status-publish","4":"has-post-thumbnail","6":"product_cat-gourmandises","7":"product_cat-tous-produits","8":"desktop-align-left","9":"tablet-align-left","10":"mobile-align-left","12":"first","13":"outofstock","14":"taxable","15":"shipping-taxable","16":"purchasable","17":"product-type-simple"},"acf":[],"yoast_head":"<!-- This site is optimized with the Yoast SEO plugin v27.4 - https:\/\/yoast.com\/product\/yoast-seo-wordpress\/ -->\n<title>LES AMANDES CACAOTEES 250G<\/title>\n<meta name=\"description\" content=\"Craquez pour les amandes cacaot\u00e9es 250 g : amandes enti\u00e8res croquantes enrob\u00e9es de chocolat au lait fondant et poudr\u00e9es de cacao. Un plaisir irr\u00e9sistible.\" \/>\n<meta name=\"robots\" content=\"index, follow, max-snippet:-1, max-image-preview:large, max-video-preview:-1\" \/>\n<link rel=\"canonical\" href=\"https:\/\/lessecretsduchocolat.com\/de\/product\/kakaohaltige-mandeln-250g\/\" \/>\n<meta property=\"og:locale\" content=\"de_DE\" \/>\n<meta property=\"og:type\" content=\"article\" \/>\n<meta property=\"og:title\" content=\"LES AMANDES CACAOTEES 250G\" \/>\n<meta property=\"og:description\" content=\"Craquez pour les amandes cacaot\u00e9es 250 g : amandes enti\u00e8res croquantes enrob\u00e9es de chocolat au lait fondant et poudr\u00e9es de cacao. Un plaisir irr\u00e9sistible.\" \/>\n<meta property=\"og:url\" content=\"https:\/\/lessecretsduchocolat.com\/de\/product\/kakaohaltige-mandeln-250g\/\" \/>\n<meta property=\"og:site_name\" content=\"Secrets de Chocolat\" \/>\n<meta property=\"article:modified_time\" content=\"2026-03-13T08:24:09+00:00\" \/>\n<meta property=\"og:image\" content=\"https:\/\/lessecretsduchocolat.com\/wp-content\/uploads\/2025\/05\/900.jpg\" \/>\n\t<meta property=\"og:image:width\" content=\"500\" \/>\n\t<meta property=\"og:image:height\" content=\"500\" \/>\n\t<meta property=\"og:image:type\" content=\"image\/jpeg\" \/>\n<meta name=\"twitter:card\" content=\"summary_large_image\" \/>\n<meta name=\"twitter:label1\" content=\"Gesch\u00e4tzte Lesezeit\" \/>\n\t<meta name=\"twitter:data1\" content=\"2\u00a0Minuten\" \/>\n<script type=\"application\/ld+json\" class=\"yoast-schema-graph\">{\"@context\":\"https:\\\/\\\/schema.org\",\"@graph\":[{\"@type\":\"WebPage\",\"@id\":\"https:\\\/\\\/lessecretsduchocolat.com\\\/produit\\\/les-amandes-cacaotees-250g\\\/\",\"url\":\"https:\\\/\\\/lessecretsduchocolat.com\\\/produit\\\/les-amandes-cacaotees-250g\\\/\",\"name\":\"LES AMANDES CACAOTEES 250G\",\"isPartOf\":{\"@id\":\"https:\\\/\\\/lessecretsduchocolat.com\\\/#website\"},\"primaryImageOfPage\":{\"@id\":\"https:\\\/\\\/lessecretsduchocolat.com\\\/produit\\\/les-amandes-cacaotees-250g\\\/#primaryimage\"},\"image\":{\"@id\":\"https:\\\/\\\/lessecretsduchocolat.com\\\/produit\\\/les-amandes-cacaotees-250g\\\/#primaryimage\"},\"thumbnailUrl\":\"https:\\\/\\\/lessecretsduchocolat.com\\\/wp-content\\\/uploads\\\/2025\\\/05\\\/900.jpg\",\"datePublished\":\"2021-06-19T06:40:04+00:00\",\"dateModified\":\"2026-03-13T08:24:09+00:00\",\"description\":\"Craquez pour les amandes cacaot\u00e9es 250 g : amandes enti\u00e8res croquantes enrob\u00e9es de chocolat au lait fondant et poudr\u00e9es de cacao. Un plaisir irr\u00e9sistible.\",\"breadcrumb\":{\"@id\":\"https:\\\/\\\/lessecretsduchocolat.com\\\/produit\\\/les-amandes-cacaotees-250g\\\/#breadcrumb\"},\"inLanguage\":\"de\",\"potentialAction\":[{\"@type\":\"ReadAction\",\"target\":[\"https:\\\/\\\/lessecretsduchocolat.com\\\/produit\\\/les-amandes-cacaotees-250g\\\/\"]}]},{\"@type\":\"ImageObject\",\"inLanguage\":\"de\",\"@id\":\"https:\\\/\\\/lessecretsduchocolat.com\\\/produit\\\/les-amandes-cacaotees-250g\\\/#primaryimage\",\"url\":\"https:\\\/\\\/lessecretsduchocolat.com\\\/wp-content\\\/uploads\\\/2025\\\/05\\\/900.jpg\",\"contentUrl\":\"https:\\\/\\\/lessecretsduchocolat.com\\\/wp-content\\\/uploads\\\/2025\\\/05\\\/900.jpg\",\"width\":500,\"height\":500,\"caption\":\"Photo des amandes caram\u00e9lis\u00e9es\"},{\"@type\":\"BreadcrumbList\",\"@id\":\"https:\\\/\\\/lessecretsduchocolat.com\\\/produit\\\/les-amandes-cacaotees-250g\\\/#breadcrumb\",\"itemListElement\":[{\"@type\":\"ListItem\",\"position\":1,\"name\":\"Accueil\",\"item\":\"https:\\\/\\\/lessecretsduchocolat.com\\\/\"},{\"@type\":\"ListItem\",\"position\":2,\"name\":\"Boutique en ligne\",\"item\":\"https:\\\/\\\/lessecretsduchocolat.com\\\/magasin\\\/\"},{\"@type\":\"ListItem\",\"position\":3,\"name\":\"LES AMANDES CACAOTEES 250G\"}]},{\"@type\":\"WebSite\",\"@id\":\"https:\\\/\\\/lessecretsduchocolat.com\\\/#website\",\"url\":\"https:\\\/\\\/lessecretsduchocolat.com\\\/\",\"name\":\"Secrets de Chocolat\",\"description\":\"\",\"publisher\":{\"@id\":\"https:\\\/\\\/lessecretsduchocolat.com\\\/#organization\"},\"potentialAction\":[{\"@type\":\"SearchAction\",\"target\":{\"@type\":\"EntryPoint\",\"urlTemplate\":\"https:\\\/\\\/lessecretsduchocolat.com\\\/?s={search_term_string}\"},\"query-input\":{\"@type\":\"PropertyValueSpecification\",\"valueRequired\":true,\"valueName\":\"search_term_string\"}}],\"inLanguage\":\"de\"},{\"@type\":\"Organization\",\"@id\":\"https:\\\/\\\/lessecretsduchocolat.com\\\/#organization\",\"name\":\"Secrets de Chocolat\",\"url\":\"https:\\\/\\\/lessecretsduchocolat.com\\\/\",\"logo\":{\"@type\":\"ImageObject\",\"inLanguage\":\"de\",\"@id\":\"https:\\\/\\\/lessecretsduchocolat.com\\\/#\\\/schema\\\/logo\\\/image\\\/\",\"url\":\"https:\\\/\\\/lessecretsduchocolat.com\\\/wp-content\\\/uploads\\\/2025\\\/05\\\/logo.png\",\"contentUrl\":\"https:\\\/\\\/lessecretsduchocolat.com\\\/wp-content\\\/uploads\\\/2025\\\/05\\\/logo.png\",\"width\":198,\"height\":85,\"caption\":\"Secrets de Chocolat\"},\"image\":{\"@id\":\"https:\\\/\\\/lessecretsduchocolat.com\\\/#\\\/schema\\\/logo\\\/image\\\/\"}}]}<\/script>\n<!-- \/ Yoast SEO plugin. -->","yoast_head_json":{"title":"KAKAOHALTIGE MANDELN 250G","description":"Verlieben Sie sich in die kakaohaltigen Mandeln 250 g: knackige ganze Mandeln, umh\u00fcllt von zartschmelzender Milchschokolade und mit Kakaopulver gepudert. Ein unwiderstehlicher Genuss.","robots":{"index":"index","follow":"follow","max-snippet":"max-snippet:-1","max-image-preview":"max-image-preview:large","max-video-preview":"max-video-preview:-1"},"canonical":"https:\/\/lessecretsduchocolat.com\/de\/product\/kakaohaltige-mandeln-250g\/","og_locale":"de_DE","og_type":"article","og_title":"LES AMANDES CACAOTEES 250G","og_description":"Craquez pour les amandes cacaot\u00e9es 250 g : amandes enti\u00e8res croquantes enrob\u00e9es de chocolat au lait fondant et poudr\u00e9es de cacao. Un plaisir irr\u00e9sistible.","og_url":"https:\/\/lessecretsduchocolat.com\/de\/product\/kakaohaltige-mandeln-250g\/","og_site_name":"Secrets de Chocolat","article_modified_time":"2026-03-13T08:24:09+00:00","og_image":[{"width":500,"height":500,"url":"https:\/\/lessecretsduchocolat.com\/wp-content\/uploads\/2025\/05\/900.jpg","type":"image\/jpeg"}],"twitter_card":"summary_large_image","twitter_misc":{"Gesch\u00e4tzte Lesezeit":"2\u00a0Minuten"},"schema":{"@context":"https:\/\/schema.org","@graph":[{"@type":"WebPage","@id":"https:\/\/lessecretsduchocolat.com\/produit\/les-amandes-cacaotees-250g\/","url":"https:\/\/lessecretsduchocolat.com\/produit\/les-amandes-cacaotees-250g\/","name":"KAKAOHALTIGE MANDELN 250G","isPartOf":{"@id":"https:\/\/lessecretsduchocolat.com\/#website"},"primaryImageOfPage":{"@id":"https:\/\/lessecretsduchocolat.com\/produit\/les-amandes-cacaotees-250g\/#primaryimage"},"image":{"@id":"https:\/\/lessecretsduchocolat.com\/produit\/les-amandes-cacaotees-250g\/#primaryimage"},"thumbnailUrl":"https:\/\/lessecretsduchocolat.com\/wp-content\/uploads\/2025\/05\/900.jpg","datePublished":"2021-06-19T06:40:04+00:00","dateModified":"2026-03-13T08:24:09+00:00","description":"Verlieben Sie sich in die kakaohaltigen Mandeln 250 g: knackige ganze Mandeln, umh\u00fcllt von zartschmelzender Milchschokolade und mit Kakaopulver gepudert. Ein unwiderstehlicher Genuss.","breadcrumb":{"@id":"https:\/\/lessecretsduchocolat.com\/produit\/les-amandes-cacaotees-250g\/#breadcrumb"},"inLanguage":"de","potentialAction":[{"@type":"ReadAction","target":["https:\/\/lessecretsduchocolat.com\/produit\/les-amandes-cacaotees-250g\/"]}]},{"@type":"ImageObject","inLanguage":"de","@id":"https:\/\/lessecretsduchocolat.com\/produit\/les-amandes-cacaotees-250g\/#primaryimage","url":"https:\/\/lessecretsduchocolat.com\/wp-content\/uploads\/2025\/05\/900.jpg","contentUrl":"https:\/\/lessecretsduchocolat.com\/wp-content\/uploads\/2025\/05\/900.jpg","width":500,"height":500,"caption":"Photo des amandes caram\u00e9lis\u00e9es"},{"@type":"BreadcrumbList","@id":"https:\/\/lessecretsduchocolat.com\/produit\/les-amandes-cacaotees-250g\/#breadcrumb","itemListElement":[{"@type":"ListItem","position":1,"name":"Accueil","item":"https:\/\/lessecretsduchocolat.com\/"},{"@type":"ListItem","position":2,"name":"Boutique en ligne","item":"https:\/\/lessecretsduchocolat.com\/magasin\/"},{"@type":"ListItem","position":3,"name":"LES AMANDES CACAOTEES 250G"}]},{"@type":"WebSite","@id":"https:\/\/lessecretsduchocolat.com\/#website","url":"https:\/\/lessecretsduchocolat.com\/","name":"Secrets de Chocolat (Schokoladengeheimnisse)","description":"","publisher":{"@id":"https:\/\/lessecretsduchocolat.com\/#organization"},"potentialAction":[{"@type":"SearchAction","target":{"@type":"EntryPoint","urlTemplate":"https:\/\/lessecretsduchocolat.com\/?s={search_term_string}"},"query-input":{"@type":"PropertyValueSpecification","valueRequired":true,"valueName":"search_term_string"}}],"inLanguage":"de"},{"@type":"Organization","@id":"https:\/\/lessecretsduchocolat.com\/#organization","name":"Secrets de Chocolat (Schokoladengeheimnisse)","url":"https:\/\/lessecretsduchocolat.com\/","logo":{"@type":"ImageObject","inLanguage":"de","@id":"https:\/\/lessecretsduchocolat.com\/#\/schema\/logo\/image\/","url":"https:\/\/lessecretsduchocolat.com\/wp-content\/uploads\/2025\/05\/logo.png","contentUrl":"https:\/\/lessecretsduchocolat.com\/wp-content\/uploads\/2025\/05\/logo.png","width":198,"height":85,"caption":"Secrets de Chocolat"},"image":{"@id":"https:\/\/lessecretsduchocolat.com\/#\/schema\/logo\/image\/"}}]}},"_links":{"self":[{"href":"https:\/\/lessecretsduchocolat.com\/de\/wp-json\/wp\/v2\/product\/1104","targetHints":{"allow":["GET"]}}],"collection":[{"href":"https:\/\/lessecretsduchocolat.com\/de\/wp-json\/wp\/v2\/product"}],"about":[{"href":"https:\/\/lessecretsduchocolat.com\/de\/wp-json\/wp\/v2\/types\/product"}],"version-history":[{"count":4,"href":"https:\/\/lessecretsduchocolat.com\/de\/wp-json\/wp\/v2\/product\/1104\/revisions"}],"predecessor-version":[{"id":4180,"href":"https:\/\/lessecretsduchocolat.com\/de\/wp-json\/wp\/v2\/product\/1104\/revisions\/4180"}],"wp:featuredmedia":[{"embeddable":true,"href":"https:\/\/lessecretsduchocolat.com\/de\/wp-json\/wp\/v2\/media\/908"}],"wp:attachment":[{"href":"https:\/\/lessecretsduchocolat.com\/de\/wp-json\/wp\/v2\/media?parent=1104"}],"wp:term":[{"taxonomy":"product_brand","embeddable":true,"href":"https:\/\/lessecretsduchocolat.com\/de\/wp-json\/wp\/v2\/product_brand?post=1104"},{"taxonomy":"product_cat","embeddable":true,"href":"https:\/\/lessecretsduchocolat.com\/de\/wp-json\/wp\/v2\/product_cat?post=1104"},{"taxonomy":"product_tag","embeddable":true,"href":"https:\/\/lessecretsduchocolat.com\/de\/wp-json\/wp\/v2\/product_tag?post=1104"}],"curies":[{"name":"wp","href":"https:\/\/api.w.org\/{rel}","templated":true}]}}