{"id":1100,"date":"2021-05-22T06:40:04","date_gmt":"2021-05-22T06:40:04","guid":{"rendered":"https:\/\/preprod.lessecretsduchocolat.com\/?product=assortiment-de-bonbons-de-chocolats-drageifies-500g"},"modified":"2026-03-30T12:31:25","modified_gmt":"2026-03-30T10:31:25","slug":"sortiment-schokoladenbonbons-drageifies","status":"publish","type":"product","link":"https:\/\/lessecretsduchocolat.com\/de\/produit\/assortiment-bonbons-chocolats-drageifies\/","title":{"rendered":"Sortiment von dragierten Schokoladenbonbons"},"content":{"rendered":"<p data-start=\"422\" data-end=\"603\">Das Dragee-Schokoladensortiment Tout-aussi-bons ist eine <strong>schlaue und leckere Auswahl<\/strong>, Diese Bonbons sind f\u00fcr Schokoladenliebhaber gedacht, denen der Geschmack wichtiger ist als das Aussehen. Diese gef\u00fcllten Schokoladenbonbons stammen aus der zweiten Wahl. Ihr Aussehen kann variieren, aber ihr Geschmack bleibt genauso unwiderstehlich wie bei den Premiumversionen. Im Mund schmilzt die Schokolade gro\u00dfz\u00fcgig und enth\u00fcllt einen duftenden und k\u00f6stlichen Kern. Jedes St\u00fcck verk\u00f6rpert den Schokoladengenuss in seiner einfachsten und ehrlichsten Form.<\/p>\n<p data-start=\"1141\" data-end=\"1313\">Die Idee der Tout-aussi-bons beruht auf einem verantwortungsvollen Ansatz : <strong>optisch unvollkommene Schokolade aufwerten<\/strong>, So wird unn\u00f6tige Verschwendung vermieden. Mit ihrem gro\u00dfz\u00fcgigen Format sind diese Beutel perfekt f\u00fcr eine gesellige Verkostung, eine gemeinsame s\u00fc\u00dfe Pause oder eine <a href=\"https:\/\/lessecretsduchocolat.com\/de\/product-category\/gourmetmunder\/\"><strong>gieriges Knabbern im Alltag<\/strong><\/a>. Diese Schokoladen verf\u00fchren durch ihre Authentizit\u00e4t und ihre Vielfalt. Sie erinnern daran, dass wahre Gaumenfreuden nicht am Aussehen gemessen werden, sondern am Genuss im Mund.<\/p>\n<p data-start=\"1642\" data-end=\"1798\">Ihre Vielfalt macht jede T\u00fcte einzigartig. Man wei\u00df nie, welche F\u00fcllung sich unter dem Dragee verbirgt, und das macht das Erlebnis spielerisch und \u00fcberraschend. Das Sortiment an Dragee-Schokoladen zweiter Wahl ist <strong>eine ideale Gelegenheit, verschiedene Rezepte zu cleveren Preisen zu entdecken<\/strong>, Sie m\u00fcssen keine Kompromisse bei der Qualit\u00e4t der Schokolade eingehen. Wenn Sie diese T\u00fcte verschenken oder sich selbst schenken, entscheiden Sie sich f\u00fcr eine einfache, gute und verantwortungsvolle Schokolade. Genauso lecker und schmackhaft.<\/p>","protected":false},"excerpt":{"rendered":"<p>Diese <strong>Sortiment von 500 Gramm dragierter Schokolade<\/strong> besteht aus \u00abgenauso guten\u00bb Schokoladenbonbons, die ein etwas anderes Aussehen haben, aber im Herzen genauso gut sind! Das Besondere an den Drag\u00e9ifi\u00e9s: eine d\u00fcnne Schale zum Reinbei\u00dfen f\u00fcr <strong>eine cremige Praline, eine karamellisierte Mandel oder Haselnuss entdecken<\/strong>.<\/p>\n<p>Am besten sofort verschlingen! Das Sortiment ist je nach Produktion unterschiedlich. So bietet jede T\u00fcte ein <strong data-start=\"801\" data-end=\"838\">variables Sortiment an Futtermitteln<\/strong> : zartschmelzende Pralinen, knusprige Splitter, fruchtige Noten oder auch elegante \u00dcberz\u00fcge. Bei jeder Verkostung eine andere \u00dcberraschung.<\/p>\n<p>25,00\u20ac\/kg<\/p>","protected":false},"featured_media":4950,"template":"","meta":{"_acf_changed":false,"site-sidebar-layout":"default","site-content-layout":"","ast-site-content-layout":"default","site-content-style":"default","site-sidebar-style":"default","ast-global-header-display":"","ast-banner-title-visibility":"","ast-main-header-display":"","ast-hfb-above-header-display":"","ast-hfb-below-header-display":"","ast-hfb-mobile-header-display":"","site-post-title":"","ast-breadcrumbs-content":"","ast-featured-img":"","footer-sml-layout":"","ast-disable-related-posts":"","theme-transparent-header-meta":"default","adv-header-id-meta":"","stick-header-meta":"","header-above-stick-meta":"","header-main-stick-meta":"","header-below-stick-meta":"","astra-migrate-meta-layouts":"set","ast-page-background-enabled":"default","ast-page-background-meta":{"desktop":{"background-color":"var(--ast-global-color-4)","background-image":"","background-repeat":"repeat","background-position":"center center","background-size":"auto","background-attachment":"scroll","background-type":"","background-media":"","overlay-type":"","overlay-color":"","overlay-opacity":"","overlay-gradient":""},"tablet":{"background-color":"","background-image":"","background-repeat":"repeat","background-position":"center center","background-size":"auto","background-attachment":"scroll","background-type":"","background-media":"","overlay-type":"","overlay-color":"","overlay-opacity":"","overlay-gradient":""},"mobile":{"background-color":"","background-image":"","background-repeat":"repeat","background-position":"center center","background-size":"auto","background-attachment":"scroll","background-type":"","background-media":"","overlay-type":"","overlay-color":"","overlay-opacity":"","overlay-gradient":""}},"ast-content-background-meta":{"desktop":{"background-color":"var(--ast-global-color-5)","background-image":"","background-repeat":"repeat","background-position":"center center","background-size":"auto","background-attachment":"scroll","background-type":"","background-media":"","overlay-type":"","overlay-color":"","overlay-opacity":"","overlay-gradient":""},"tablet":{"background-color":"var(--ast-global-color-5)","background-image":"","background-repeat":"repeat","background-position":"center center","background-size":"auto","background-attachment":"scroll","background-type":"","background-media":"","overlay-type":"","overlay-color":"","overlay-opacity":"","overlay-gradient":""},"mobile":{"background-color":"var(--ast-global-color-5)","background-image":"","background-repeat":"repeat","background-position":"center center","background-size":"auto","background-attachment":"scroll","background-type":"","background-media":"","overlay-type":"","overlay-color":"","overlay-opacity":"","overlay-gradient":""}},"iawp_total_views":328},"product_brand":[],"product_cat":[201,204],"product_tag":[],"class_list":{"0":"post-1100","1":"product","2":"type-product","3":"status-publish","4":"has-post-thumbnail","6":"product_cat-grands-formats","7":"product_cat-tous-produits","8":"desktop-align-left","9":"tablet-align-left","10":"mobile-align-left","12":"first","13":"instock","14":"taxable","15":"shipping-taxable","16":"purchasable","17":"product-type-simple"},"acf":[],"yoast_head":"<!-- This site is optimized with the Yoast SEO plugin v27.4 - https:\/\/yoast.com\/product\/yoast-seo-wordpress\/ -->\n<title>Assortiment de bonbons de chocolat drag\u00e9ifi\u00e9s | 100% maison<\/title>\n<meta name=\"description\" content=\"D\u00e9couvrez les chocolats drag\u00e9ifi\u00e9s Tout-aussi-bons : assortiment de bonbons fourr\u00e9s, issus du second choix, gourmands et responsables. Tout aussi savoureux.\" \/>\n<meta name=\"robots\" content=\"index, follow, max-snippet:-1, max-image-preview:large, max-video-preview:-1\" \/>\n<link rel=\"canonical\" href=\"https:\/\/lessecretsduchocolat.com\/de\/product\/sortiment-schokoladenbonbons-drageifies\/\" \/>\n<meta property=\"og:locale\" content=\"de_DE\" \/>\n<meta property=\"og:type\" content=\"article\" \/>\n<meta property=\"og:title\" content=\"Assortiment de bonbons de chocolat drag\u00e9ifi\u00e9s | 100% maison\" \/>\n<meta property=\"og:description\" content=\"D\u00e9couvrez les chocolats drag\u00e9ifi\u00e9s Tout-aussi-bons : assortiment de bonbons fourr\u00e9s, issus du second choix, gourmands et responsables. Tout aussi savoureux.\" \/>\n<meta property=\"og:url\" content=\"https:\/\/lessecretsduchocolat.com\/de\/product\/sortiment-schokoladenbonbons-drageifies\/\" \/>\n<meta property=\"og:site_name\" content=\"Secrets de Chocolat\" \/>\n<meta property=\"article:modified_time\" content=\"2026-03-30T10:31:25+00:00\" \/>\n<meta property=\"og:image\" content=\"https:\/\/lessecretsduchocolat.com\/wp-content\/uploads\/2021\/05\/223013219-les-secrets-du-chocolat-par-schaal-magasin-dusine-4-1.jpeg\" \/>\n\t<meta property=\"og:image:width\" content=\"800\" \/>\n\t<meta property=\"og:image:height\" content=\"800\" \/>\n\t<meta property=\"og:image:type\" content=\"image\/jpeg\" \/>\n<meta name=\"twitter:card\" content=\"summary_large_image\" \/>\n<meta name=\"twitter:label1\" content=\"Gesch\u00e4tzte Lesezeit\" \/>\n\t<meta name=\"twitter:data1\" content=\"2\u00a0Minuten\" \/>\n<script type=\"application\/ld+json\" class=\"yoast-schema-graph\">{\"@context\":\"https:\\\/\\\/schema.org\",\"@graph\":[{\"@type\":\"WebPage\",\"@id\":\"https:\\\/\\\/lessecretsduchocolat.com\\\/produit\\\/assortiment-bonbons-chocolats-drageifies\\\/\",\"url\":\"https:\\\/\\\/lessecretsduchocolat.com\\\/produit\\\/assortiment-bonbons-chocolats-drageifies\\\/\",\"name\":\"Assortiment de bonbons de chocolat drag\u00e9ifi\u00e9s | 100% maison\",\"isPartOf\":{\"@id\":\"https:\\\/\\\/lessecretsduchocolat.com\\\/#website\"},\"primaryImageOfPage\":{\"@id\":\"https:\\\/\\\/lessecretsduchocolat.com\\\/produit\\\/assortiment-bonbons-chocolats-drageifies\\\/#primaryimage\"},\"image\":{\"@id\":\"https:\\\/\\\/lessecretsduchocolat.com\\\/produit\\\/assortiment-bonbons-chocolats-drageifies\\\/#primaryimage\"},\"thumbnailUrl\":\"https:\\\/\\\/lessecretsduchocolat.com\\\/wp-content\\\/uploads\\\/2021\\\/05\\\/223013219-les-secrets-du-chocolat-par-schaal-magasin-dusine-4-1.jpeg\",\"datePublished\":\"2021-05-22T06:40:04+00:00\",\"dateModified\":\"2026-03-30T10:31:25+00:00\",\"description\":\"D\u00e9couvrez les chocolats drag\u00e9ifi\u00e9s Tout-aussi-bons : assortiment de bonbons fourr\u00e9s, issus du second choix, gourmands et responsables. Tout aussi savoureux.\",\"breadcrumb\":{\"@id\":\"https:\\\/\\\/lessecretsduchocolat.com\\\/produit\\\/assortiment-bonbons-chocolats-drageifies\\\/#breadcrumb\"},\"inLanguage\":\"de\",\"potentialAction\":[{\"@type\":\"ReadAction\",\"target\":[\"https:\\\/\\\/lessecretsduchocolat.com\\\/produit\\\/assortiment-bonbons-chocolats-drageifies\\\/\"]}]},{\"@type\":\"ImageObject\",\"inLanguage\":\"de\",\"@id\":\"https:\\\/\\\/lessecretsduchocolat.com\\\/produit\\\/assortiment-bonbons-chocolats-drageifies\\\/#primaryimage\",\"url\":\"https:\\\/\\\/lessecretsduchocolat.com\\\/wp-content\\\/uploads\\\/2021\\\/05\\\/223013219-les-secrets-du-chocolat-par-schaal-magasin-dusine-4-1.jpeg\",\"contentUrl\":\"https:\\\/\\\/lessecretsduchocolat.com\\\/wp-content\\\/uploads\\\/2021\\\/05\\\/223013219-les-secrets-du-chocolat-par-schaal-magasin-dusine-4-1.jpeg\",\"width\":800,\"height\":800,\"caption\":\"assortiment bonbons chocolats drageifies\"},{\"@type\":\"BreadcrumbList\",\"@id\":\"https:\\\/\\\/lessecretsduchocolat.com\\\/produit\\\/assortiment-bonbons-chocolats-drageifies\\\/#breadcrumb\",\"itemListElement\":[{\"@type\":\"ListItem\",\"position\":1,\"name\":\"Accueil\",\"item\":\"https:\\\/\\\/lessecretsduchocolat.com\\\/\"},{\"@type\":\"ListItem\",\"position\":2,\"name\":\"Boutique en ligne\",\"item\":\"https:\\\/\\\/lessecretsduchocolat.com\\\/magasin\\\/\"},{\"@type\":\"ListItem\",\"position\":3,\"name\":\"Assortiment de bonbons de chocolats drag\u00e9ifi\u00e9s\"}]},{\"@type\":\"WebSite\",\"@id\":\"https:\\\/\\\/lessecretsduchocolat.com\\\/#website\",\"url\":\"https:\\\/\\\/lessecretsduchocolat.com\\\/\",\"name\":\"Secrets de Chocolat\",\"description\":\"\",\"publisher\":{\"@id\":\"https:\\\/\\\/lessecretsduchocolat.com\\\/#organization\"},\"potentialAction\":[{\"@type\":\"SearchAction\",\"target\":{\"@type\":\"EntryPoint\",\"urlTemplate\":\"https:\\\/\\\/lessecretsduchocolat.com\\\/?s={search_term_string}\"},\"query-input\":{\"@type\":\"PropertyValueSpecification\",\"valueRequired\":true,\"valueName\":\"search_term_string\"}}],\"inLanguage\":\"de\"},{\"@type\":\"Organization\",\"@id\":\"https:\\\/\\\/lessecretsduchocolat.com\\\/#organization\",\"name\":\"Secrets de Chocolat\",\"url\":\"https:\\\/\\\/lessecretsduchocolat.com\\\/\",\"logo\":{\"@type\":\"ImageObject\",\"inLanguage\":\"de\",\"@id\":\"https:\\\/\\\/lessecretsduchocolat.com\\\/#\\\/schema\\\/logo\\\/image\\\/\",\"url\":\"https:\\\/\\\/lessecretsduchocolat.com\\\/wp-content\\\/uploads\\\/2025\\\/05\\\/logo.png\",\"contentUrl\":\"https:\\\/\\\/lessecretsduchocolat.com\\\/wp-content\\\/uploads\\\/2025\\\/05\\\/logo.png\",\"width\":198,\"height\":85,\"caption\":\"Secrets de Chocolat\"},\"image\":{\"@id\":\"https:\\\/\\\/lessecretsduchocolat.com\\\/#\\\/schema\\\/logo\\\/image\\\/\"}}]}<\/script>\n<!-- \/ Yoast SEO plugin. -->","yoast_head_json":{"title":"Sortiment von dragierten Schokoladenbonbons | 100% Haus","description":"Entdecken Sie die dragierten Schokoladen Tout-aussi-bons: ein Sortiment gef\u00fcllter Bonbons, die aus zweiter Wahl stammen, lecker und verantwortungsbewusst sind. Ebenso schmackhaft.","robots":{"index":"index","follow":"follow","max-snippet":"max-snippet:-1","max-image-preview":"max-image-preview:large","max-video-preview":"max-video-preview:-1"},"canonical":"https:\/\/lessecretsduchocolat.com\/de\/product\/sortiment-schokoladenbonbons-drageifies\/","og_locale":"de_DE","og_type":"article","og_title":"Assortiment de bonbons de chocolat drag\u00e9ifi\u00e9s | 100% maison","og_description":"D\u00e9couvrez les chocolats drag\u00e9ifi\u00e9s Tout-aussi-bons : assortiment de bonbons fourr\u00e9s, issus du second choix, gourmands et responsables. Tout aussi savoureux.","og_url":"https:\/\/lessecretsduchocolat.com\/de\/product\/sortiment-schokoladenbonbons-drageifies\/","og_site_name":"Secrets de Chocolat","article_modified_time":"2026-03-30T10:31:25+00:00","og_image":[{"width":800,"height":800,"url":"https:\/\/lessecretsduchocolat.com\/wp-content\/uploads\/2021\/05\/223013219-les-secrets-du-chocolat-par-schaal-magasin-dusine-4-1.jpeg","type":"image\/jpeg"}],"twitter_card":"summary_large_image","twitter_misc":{"Gesch\u00e4tzte Lesezeit":"2\u00a0Minuten"},"schema":{"@context":"https:\/\/schema.org","@graph":[{"@type":"WebPage","@id":"https:\/\/lessecretsduchocolat.com\/produit\/assortiment-bonbons-chocolats-drageifies\/","url":"https:\/\/lessecretsduchocolat.com\/produit\/assortiment-bonbons-chocolats-drageifies\/","name":"Sortiment von dragierten Schokoladenbonbons | 100% Haus","isPartOf":{"@id":"https:\/\/lessecretsduchocolat.com\/#website"},"primaryImageOfPage":{"@id":"https:\/\/lessecretsduchocolat.com\/produit\/assortiment-bonbons-chocolats-drageifies\/#primaryimage"},"image":{"@id":"https:\/\/lessecretsduchocolat.com\/produit\/assortiment-bonbons-chocolats-drageifies\/#primaryimage"},"thumbnailUrl":"https:\/\/lessecretsduchocolat.com\/wp-content\/uploads\/2021\/05\/223013219-les-secrets-du-chocolat-par-schaal-magasin-dusine-4-1.jpeg","datePublished":"2021-05-22T06:40:04+00:00","dateModified":"2026-03-30T10:31:25+00:00","description":"Entdecken Sie die dragierten Schokoladen Tout-aussi-bons: ein Sortiment gef\u00fcllter Bonbons, die aus zweiter Wahl stammen, lecker und verantwortungsbewusst sind. Ebenso schmackhaft.","breadcrumb":{"@id":"https:\/\/lessecretsduchocolat.com\/produit\/assortiment-bonbons-chocolats-drageifies\/#breadcrumb"},"inLanguage":"de","potentialAction":[{"@type":"ReadAction","target":["https:\/\/lessecretsduchocolat.com\/produit\/assortiment-bonbons-chocolats-drageifies\/"]}]},{"@type":"ImageObject","inLanguage":"de","@id":"https:\/\/lessecretsduchocolat.com\/produit\/assortiment-bonbons-chocolats-drageifies\/#primaryimage","url":"https:\/\/lessecretsduchocolat.com\/wp-content\/uploads\/2021\/05\/223013219-les-secrets-du-chocolat-par-schaal-magasin-dusine-4-1.jpeg","contentUrl":"https:\/\/lessecretsduchocolat.com\/wp-content\/uploads\/2021\/05\/223013219-les-secrets-du-chocolat-par-schaal-magasin-dusine-4-1.jpeg","width":800,"height":800,"caption":"assortiment bonbons chocolats drageifies"},{"@type":"BreadcrumbList","@id":"https:\/\/lessecretsduchocolat.com\/produit\/assortiment-bonbons-chocolats-drageifies\/#breadcrumb","itemListElement":[{"@type":"ListItem","position":1,"name":"Accueil","item":"https:\/\/lessecretsduchocolat.com\/"},{"@type":"ListItem","position":2,"name":"Boutique en ligne","item":"https:\/\/lessecretsduchocolat.com\/magasin\/"},{"@type":"ListItem","position":3,"name":"Assortiment de bonbons de chocolats drag\u00e9ifi\u00e9s"}]},{"@type":"WebSite","@id":"https:\/\/lessecretsduchocolat.com\/#website","url":"https:\/\/lessecretsduchocolat.com\/","name":"Secrets de Chocolat (Schokoladengeheimnisse)","description":"","publisher":{"@id":"https:\/\/lessecretsduchocolat.com\/#organization"},"potentialAction":[{"@type":"SearchAction","target":{"@type":"EntryPoint","urlTemplate":"https:\/\/lessecretsduchocolat.com\/?s={search_term_string}"},"query-input":{"@type":"PropertyValueSpecification","valueRequired":true,"valueName":"search_term_string"}}],"inLanguage":"de"},{"@type":"Organization","@id":"https:\/\/lessecretsduchocolat.com\/#organization","name":"Secrets de Chocolat (Schokoladengeheimnisse)","url":"https:\/\/lessecretsduchocolat.com\/","logo":{"@type":"ImageObject","inLanguage":"de","@id":"https:\/\/lessecretsduchocolat.com\/#\/schema\/logo\/image\/","url":"https:\/\/lessecretsduchocolat.com\/wp-content\/uploads\/2025\/05\/logo.png","contentUrl":"https:\/\/lessecretsduchocolat.com\/wp-content\/uploads\/2025\/05\/logo.png","width":198,"height":85,"caption":"Secrets de Chocolat"},"image":{"@id":"https:\/\/lessecretsduchocolat.com\/#\/schema\/logo\/image\/"}}]}},"_links":{"self":[{"href":"https:\/\/lessecretsduchocolat.com\/de\/wp-json\/wp\/v2\/product\/1100","targetHints":{"allow":["GET"]}}],"collection":[{"href":"https:\/\/lessecretsduchocolat.com\/de\/wp-json\/wp\/v2\/product"}],"about":[{"href":"https:\/\/lessecretsduchocolat.com\/de\/wp-json\/wp\/v2\/types\/product"}],"version-history":[{"count":8,"href":"https:\/\/lessecretsduchocolat.com\/de\/wp-json\/wp\/v2\/product\/1100\/revisions"}],"predecessor-version":[{"id":4951,"href":"https:\/\/lessecretsduchocolat.com\/de\/wp-json\/wp\/v2\/product\/1100\/revisions\/4951"}],"wp:featuredmedia":[{"embeddable":true,"href":"https:\/\/lessecretsduchocolat.com\/de\/wp-json\/wp\/v2\/media\/4950"}],"wp:attachment":[{"href":"https:\/\/lessecretsduchocolat.com\/de\/wp-json\/wp\/v2\/media?parent=1100"}],"wp:term":[{"taxonomy":"product_brand","embeddable":true,"href":"https:\/\/lessecretsduchocolat.com\/de\/wp-json\/wp\/v2\/product_brand?post=1100"},{"taxonomy":"product_cat","embeddable":true,"href":"https:\/\/lessecretsduchocolat.com\/de\/wp-json\/wp\/v2\/product_cat?post=1100"},{"taxonomy":"product_tag","embeddable":true,"href":"https:\/\/lessecretsduchocolat.com\/de\/wp-json\/wp\/v2\/product_tag?post=1100"}],"curies":[{"name":"wp","href":"https:\/\/api.w.org\/{rel}","templated":true}]}}