{"id":1098,"date":"2021-05-18T06:40:05","date_gmt":"2021-05-18T06:40:05","guid":{"rendered":"https:\/\/preprod.lessecretsduchocolat.com\/?product=cocktail-d-orient-boite-20-sachets"},"modified":"2026-03-13T09:23:04","modified_gmt":"2026-03-13T08:23:04","slug":"cocktail-dorient-boite-20-sachets","status":"publish","type":"product","link":"https:\/\/lessecretsduchocolat.com\/de\/produit\/cocktail-d-orient-boite-20-sachets\/","title":{"rendered":"COCKTAIL D'ORIENT BOITE 20 SACHETS"},"content":{"rendered":"<p data-start=\"279\" data-end=\"456\">Die <strong data-start=\"282\" data-end=\"326\">Cocktail aus dem Orient <\/strong>ist ein raffinierter aromatisierter Gr\u00fcntee, der pflanzliche Frische mit exotischen Fruchtnoten verbindet. Eine Einladung zu einer Reise f\u00fcr die Sinne.<\/p>\n<p data-start=\"458\" data-end=\"625\">Jeder Pyramidenbeutel enth\u00e4lt einen <strong data-start=\"493\" data-end=\"512\">Sencha Gr\u00fcntee<\/strong> von hoher Qualit\u00e4t, angereichert mit <strong data-start=\"536\" data-end=\"565\">kandierte Ananasst\u00fccke<\/strong>von <strong data-start=\"570\" data-end=\"595\">rote Rosenbl\u00e4tter<\/strong> und von <strong data-start=\"602\" data-end=\"622\">Kornblumenbl\u00fcten<\/strong>.<\/p>\n<p data-start=\"627\" data-end=\"800\">Schon beim Aufbr\u00fchen entfaltet sich in der Tasse ein bet\u00f6render Duft. Die tropischen Noten der Ananas treffen auf die zarten Bl\u00fcten der Bl\u00fctenbl\u00e4tter und bilden eine subtile und elegante Harmonie.<\/p>\n<p data-start=\"802\" data-end=\"960\">Am Gaumen ist das Gleichgewicht perfekt: pflanzliche Frische des Sencha, fruchtige F\u00fclle der Ananas und blumige Zartheit f\u00fcr einen leichten und raffinierten Genuss.<\/p>\n<p data-start=\"962\" data-end=\"1126\">Das Format <strong data-start=\"972\" data-end=\"996\">20 Frischebeutel<\/strong> macht den Genuss praktisch und schnell, ohne Kompromisse bei der Qualit\u00e4t einzugehen. Jeder Aufguss enth\u00fcllt eine ausgewogene und duftende Tasse.<\/p>\n<p data-start=\"1128\" data-end=\"1280\">Die <strong data-start=\"1131\" data-end=\"1163\">Orientalischer Cocktail in Beuteln<\/strong> kann sowohl warm als auch eisgek\u00fchlt genossen werden. Warm tr\u00f6stet er, eisgek\u00fchlt erfrischt er und zeigt seine fruchtige Dimension.<\/p>\n<p data-start=\"1282\" data-end=\"1426\">Dieser Tee ist ideal, um einen Moment der Entspannung, eine Gourmetpause oder eine leichte Mahlzeit zu begleiten. Eine Mischung, die zu jeder Gelegenheit passt.<\/p>\n<p data-start=\"1428\" data-end=\"1582\">Die Beutel bewahren den ganzen aromatischen Reichtum und garantieren einen optimalen Aufguss. Praktisch und elegant vereint in einer Schachtel, die sich leicht verschenken l\u00e4sst.<\/p>\n<p data-start=\"1584\" data-end=\"1750\">Die <strong data-start=\"1587\" data-end=\"1608\">Cocktail aus dem Orient<\/strong> besticht durch seine einzigartige Ausgewogenheit und seinen entfremdenden Charme. Eine Mischung, die an ferne D\u00fcfte und die S\u00fc\u00dfe eines exotischen Zwischenstopps erinnert.<\/p>\n<p data-start=\"1752\" data-end=\"1860\">Schenken Sie diese Box von <strong data-start=\"1774\" data-end=\"1788\">20 Beutel<\/strong>Mit jeder Tasse wird eine raffinierte und erschwingliche Reise angeboten.<\/p>","protected":false},"excerpt":{"rendered":"<p>G\u00f6nnen Sie sich eine s\u00fc\u00dfe und leichte Pause mit diesem gr\u00fcnen Tee, der die Fr\u00fcchte des Orients, insbesondere die Ananas, ehrt. (247,50\u20ac\/kg)<\/p>","protected":false},"featured_media":895,"template":"","meta":{"_acf_changed":false,"site-sidebar-layout":"default","site-content-layout":"","ast-site-content-layout":"default","site-content-style":"default","site-sidebar-style":"default","ast-global-header-display":"","ast-banner-title-visibility":"","ast-main-header-display":"","ast-hfb-above-header-display":"","ast-hfb-below-header-display":"","ast-hfb-mobile-header-display":"","site-post-title":"","ast-breadcrumbs-content":"","ast-featured-img":"","footer-sml-layout":"","ast-disable-related-posts":"","theme-transparent-header-meta":"default","adv-header-id-meta":"","stick-header-meta":"","header-above-stick-meta":"","header-main-stick-meta":"","header-below-stick-meta":"","astra-migrate-meta-layouts":"set","ast-page-background-enabled":"default","ast-page-background-meta":{"desktop":{"background-color":"var(--ast-global-color-4)","background-image":"","background-repeat":"repeat","background-position":"center center","background-size":"auto","background-attachment":"scroll","background-type":"","background-media":"","overlay-type":"","overlay-color":"","overlay-opacity":"","overlay-gradient":""},"tablet":{"background-color":"","background-image":"","background-repeat":"repeat","background-position":"center center","background-size":"auto","background-attachment":"scroll","background-type":"","background-media":"","overlay-type":"","overlay-color":"","overlay-opacity":"","overlay-gradient":""},"mobile":{"background-color":"","background-image":"","background-repeat":"repeat","background-position":"center center","background-size":"auto","background-attachment":"scroll","background-type":"","background-media":"","overlay-type":"","overlay-color":"","overlay-opacity":"","overlay-gradient":""}},"ast-content-background-meta":{"desktop":{"background-color":"var(--ast-global-color-5)","background-image":"","background-repeat":"repeat","background-position":"center center","background-size":"auto","background-attachment":"scroll","background-type":"","background-media":"","overlay-type":"","overlay-color":"","overlay-opacity":"","overlay-gradient":""},"tablet":{"background-color":"var(--ast-global-color-5)","background-image":"","background-repeat":"repeat","background-position":"center center","background-size":"auto","background-attachment":"scroll","background-type":"","background-media":"","overlay-type":"","overlay-color":"","overlay-opacity":"","overlay-gradient":""},"mobile":{"background-color":"var(--ast-global-color-5)","background-image":"","background-repeat":"repeat","background-position":"center center","background-size":"auto","background-attachment":"scroll","background-type":"","background-media":"","overlay-type":"","overlay-color":"","overlay-opacity":"","overlay-gradient":""}},"iawp_total_views":47},"product_brand":[],"product_cat":[110,204],"product_tag":[],"class_list":{"0":"post-1098","1":"product","2":"type-product","3":"status-publish","4":"has-post-thumbnail","6":"product_cat-the","7":"product_cat-tous-produits","8":"desktop-align-left","9":"tablet-align-left","10":"mobile-align-left","12":"first","13":"instock","14":"taxable","15":"shipping-taxable","16":"purchasable","17":"product-type-simple"},"acf":[],"yoast_head":"<!-- This site is optimized with the Yoast SEO plugin v27.4 - https:\/\/yoast.com\/product\/yoast-seo-wordpress\/ -->\n<title>COCKTAIL D&#039;ORIENT BOITE 20 SACHETS<\/title>\n<meta name=\"description\" content=\"D\u00e9couvrez le th\u00e9 vert Cocktail d\u2019Orient en 20 sachets : Sencha, ananas confits et fleurs d\u00e9licates pour une infusion exotique, l\u00e9g\u00e8re et raffin\u00e9e.\" \/>\n<meta name=\"robots\" content=\"index, follow, max-snippet:-1, max-image-preview:large, max-video-preview:-1\" \/>\n<link rel=\"canonical\" href=\"https:\/\/lessecretsduchocolat.com\/de\/product\/cocktail-dorient-boite-20-sachets\/\" \/>\n<meta property=\"og:locale\" content=\"de_DE\" \/>\n<meta property=\"og:type\" content=\"article\" \/>\n<meta property=\"og:title\" content=\"COCKTAIL D&#039;ORIENT BOITE 20 SACHETS\" \/>\n<meta property=\"og:description\" content=\"D\u00e9couvrez le th\u00e9 vert Cocktail d\u2019Orient en 20 sachets : Sencha, ananas confits et fleurs d\u00e9licates pour une infusion exotique, l\u00e9g\u00e8re et raffin\u00e9e.\" \/>\n<meta property=\"og:url\" content=\"https:\/\/lessecretsduchocolat.com\/de\/product\/cocktail-dorient-boite-20-sachets\/\" \/>\n<meta property=\"og:site_name\" content=\"Secrets de Chocolat\" \/>\n<meta property=\"article:modified_time\" content=\"2026-03-13T08:23:04+00:00\" \/>\n<meta property=\"og:image\" content=\"https:\/\/lessecretsduchocolat.com\/wp-content\/uploads\/2025\/05\/775.jpg\" \/>\n\t<meta property=\"og:image:width\" content=\"500\" \/>\n\t<meta property=\"og:image:height\" content=\"500\" \/>\n\t<meta property=\"og:image:type\" content=\"image\/jpeg\" \/>\n<meta name=\"twitter:card\" content=\"summary_large_image\" \/>\n<meta name=\"twitter:label1\" content=\"Gesch\u00e4tzte Lesezeit\" \/>\n\t<meta name=\"twitter:data1\" content=\"2\u00a0Minuten\" \/>\n<script type=\"application\/ld+json\" class=\"yoast-schema-graph\">{\"@context\":\"https:\\\/\\\/schema.org\",\"@graph\":[{\"@type\":\"WebPage\",\"@id\":\"https:\\\/\\\/lessecretsduchocolat.com\\\/produit\\\/cocktail-d-orient-boite-20-sachets\\\/\",\"url\":\"https:\\\/\\\/lessecretsduchocolat.com\\\/produit\\\/cocktail-d-orient-boite-20-sachets\\\/\",\"name\":\"COCKTAIL D'ORIENT BOITE 20 SACHETS\",\"isPartOf\":{\"@id\":\"https:\\\/\\\/lessecretsduchocolat.com\\\/#website\"},\"primaryImageOfPage\":{\"@id\":\"https:\\\/\\\/lessecretsduchocolat.com\\\/produit\\\/cocktail-d-orient-boite-20-sachets\\\/#primaryimage\"},\"image\":{\"@id\":\"https:\\\/\\\/lessecretsduchocolat.com\\\/produit\\\/cocktail-d-orient-boite-20-sachets\\\/#primaryimage\"},\"thumbnailUrl\":\"https:\\\/\\\/lessecretsduchocolat.com\\\/wp-content\\\/uploads\\\/2025\\\/05\\\/775.jpg\",\"datePublished\":\"2021-05-18T06:40:05+00:00\",\"dateModified\":\"2026-03-13T08:23:04+00:00\",\"description\":\"D\u00e9couvrez le th\u00e9 vert Cocktail d\u2019Orient en 20 sachets : Sencha, ananas confits et fleurs d\u00e9licates pour une infusion exotique, l\u00e9g\u00e8re et raffin\u00e9e.\",\"breadcrumb\":{\"@id\":\"https:\\\/\\\/lessecretsduchocolat.com\\\/produit\\\/cocktail-d-orient-boite-20-sachets\\\/#breadcrumb\"},\"inLanguage\":\"de\",\"potentialAction\":[{\"@type\":\"ReadAction\",\"target\":[\"https:\\\/\\\/lessecretsduchocolat.com\\\/produit\\\/cocktail-d-orient-boite-20-sachets\\\/\"]}]},{\"@type\":\"ImageObject\",\"inLanguage\":\"de\",\"@id\":\"https:\\\/\\\/lessecretsduchocolat.com\\\/produit\\\/cocktail-d-orient-boite-20-sachets\\\/#primaryimage\",\"url\":\"https:\\\/\\\/lessecretsduchocolat.com\\\/wp-content\\\/uploads\\\/2025\\\/05\\\/775.jpg\",\"contentUrl\":\"https:\\\/\\\/lessecretsduchocolat.com\\\/wp-content\\\/uploads\\\/2025\\\/05\\\/775.jpg\",\"width\":500,\"height\":500,\"caption\":\"Image th\u00e9 cocktail d'orient\"},{\"@type\":\"BreadcrumbList\",\"@id\":\"https:\\\/\\\/lessecretsduchocolat.com\\\/produit\\\/cocktail-d-orient-boite-20-sachets\\\/#breadcrumb\",\"itemListElement\":[{\"@type\":\"ListItem\",\"position\":1,\"name\":\"Accueil\",\"item\":\"https:\\\/\\\/lessecretsduchocolat.com\\\/\"},{\"@type\":\"ListItem\",\"position\":2,\"name\":\"Boutique en ligne\",\"item\":\"https:\\\/\\\/lessecretsduchocolat.com\\\/magasin\\\/\"},{\"@type\":\"ListItem\",\"position\":3,\"name\":\"COCKTAIL D&rsquo;ORIENT BOITE 20 SACHETS\"}]},{\"@type\":\"WebSite\",\"@id\":\"https:\\\/\\\/lessecretsduchocolat.com\\\/#website\",\"url\":\"https:\\\/\\\/lessecretsduchocolat.com\\\/\",\"name\":\"Secrets de Chocolat\",\"description\":\"\",\"publisher\":{\"@id\":\"https:\\\/\\\/lessecretsduchocolat.com\\\/#organization\"},\"potentialAction\":[{\"@type\":\"SearchAction\",\"target\":{\"@type\":\"EntryPoint\",\"urlTemplate\":\"https:\\\/\\\/lessecretsduchocolat.com\\\/?s={search_term_string}\"},\"query-input\":{\"@type\":\"PropertyValueSpecification\",\"valueRequired\":true,\"valueName\":\"search_term_string\"}}],\"inLanguage\":\"de\"},{\"@type\":\"Organization\",\"@id\":\"https:\\\/\\\/lessecretsduchocolat.com\\\/#organization\",\"name\":\"Secrets de Chocolat\",\"url\":\"https:\\\/\\\/lessecretsduchocolat.com\\\/\",\"logo\":{\"@type\":\"ImageObject\",\"inLanguage\":\"de\",\"@id\":\"https:\\\/\\\/lessecretsduchocolat.com\\\/#\\\/schema\\\/logo\\\/image\\\/\",\"url\":\"https:\\\/\\\/lessecretsduchocolat.com\\\/wp-content\\\/uploads\\\/2025\\\/05\\\/logo.png\",\"contentUrl\":\"https:\\\/\\\/lessecretsduchocolat.com\\\/wp-content\\\/uploads\\\/2025\\\/05\\\/logo.png\",\"width\":198,\"height\":85,\"caption\":\"Secrets de Chocolat\"},\"image\":{\"@id\":\"https:\\\/\\\/lessecretsduchocolat.com\\\/#\\\/schema\\\/logo\\\/image\\\/\"}}]}<\/script>\n<!-- \/ Yoast SEO plugin. -->","yoast_head_json":{"title":"COCKTAIL D'ORIENT BOITE 20 SACHETS","description":"Entdecken Sie den Gr\u00fcntee Cocktail d'Orient in 20 Teebeuteln: Sencha, kandierte Ananas und zarte Bl\u00fcten f\u00fcr einen exotischen, leichten und raffinierten Tee.","robots":{"index":"index","follow":"follow","max-snippet":"max-snippet:-1","max-image-preview":"max-image-preview:large","max-video-preview":"max-video-preview:-1"},"canonical":"https:\/\/lessecretsduchocolat.com\/de\/product\/cocktail-dorient-boite-20-sachets\/","og_locale":"de_DE","og_type":"article","og_title":"COCKTAIL D'ORIENT BOITE 20 SACHETS","og_description":"D\u00e9couvrez le th\u00e9 vert Cocktail d\u2019Orient en 20 sachets : Sencha, ananas confits et fleurs d\u00e9licates pour une infusion exotique, l\u00e9g\u00e8re et raffin\u00e9e.","og_url":"https:\/\/lessecretsduchocolat.com\/de\/product\/cocktail-dorient-boite-20-sachets\/","og_site_name":"Secrets de Chocolat","article_modified_time":"2026-03-13T08:23:04+00:00","og_image":[{"width":500,"height":500,"url":"https:\/\/lessecretsduchocolat.com\/wp-content\/uploads\/2025\/05\/775.jpg","type":"image\/jpeg"}],"twitter_card":"summary_large_image","twitter_misc":{"Gesch\u00e4tzte Lesezeit":"2\u00a0Minuten"},"schema":{"@context":"https:\/\/schema.org","@graph":[{"@type":"WebPage","@id":"https:\/\/lessecretsduchocolat.com\/produit\/cocktail-d-orient-boite-20-sachets\/","url":"https:\/\/lessecretsduchocolat.com\/produit\/cocktail-d-orient-boite-20-sachets\/","name":"COCKTAIL D'ORIENT BOITE 20 SACHETS","isPartOf":{"@id":"https:\/\/lessecretsduchocolat.com\/#website"},"primaryImageOfPage":{"@id":"https:\/\/lessecretsduchocolat.com\/produit\/cocktail-d-orient-boite-20-sachets\/#primaryimage"},"image":{"@id":"https:\/\/lessecretsduchocolat.com\/produit\/cocktail-d-orient-boite-20-sachets\/#primaryimage"},"thumbnailUrl":"https:\/\/lessecretsduchocolat.com\/wp-content\/uploads\/2025\/05\/775.jpg","datePublished":"2021-05-18T06:40:05+00:00","dateModified":"2026-03-13T08:23:04+00:00","description":"Entdecken Sie den Gr\u00fcntee Cocktail d'Orient in 20 Teebeuteln: Sencha, kandierte Ananas und zarte Bl\u00fcten f\u00fcr einen exotischen, leichten und raffinierten Tee.","breadcrumb":{"@id":"https:\/\/lessecretsduchocolat.com\/produit\/cocktail-d-orient-boite-20-sachets\/#breadcrumb"},"inLanguage":"de","potentialAction":[{"@type":"ReadAction","target":["https:\/\/lessecretsduchocolat.com\/produit\/cocktail-d-orient-boite-20-sachets\/"]}]},{"@type":"ImageObject","inLanguage":"de","@id":"https:\/\/lessecretsduchocolat.com\/produit\/cocktail-d-orient-boite-20-sachets\/#primaryimage","url":"https:\/\/lessecretsduchocolat.com\/wp-content\/uploads\/2025\/05\/775.jpg","contentUrl":"https:\/\/lessecretsduchocolat.com\/wp-content\/uploads\/2025\/05\/775.jpg","width":500,"height":500,"caption":"Image th\u00e9 cocktail d'orient"},{"@type":"BreadcrumbList","@id":"https:\/\/lessecretsduchocolat.com\/produit\/cocktail-d-orient-boite-20-sachets\/#breadcrumb","itemListElement":[{"@type":"ListItem","position":1,"name":"Accueil","item":"https:\/\/lessecretsduchocolat.com\/"},{"@type":"ListItem","position":2,"name":"Boutique en ligne","item":"https:\/\/lessecretsduchocolat.com\/magasin\/"},{"@type":"ListItem","position":3,"name":"COCKTAIL D&rsquo;ORIENT BOITE 20 SACHETS"}]},{"@type":"WebSite","@id":"https:\/\/lessecretsduchocolat.com\/#website","url":"https:\/\/lessecretsduchocolat.com\/","name":"Secrets de Chocolat (Schokoladengeheimnisse)","description":"","publisher":{"@id":"https:\/\/lessecretsduchocolat.com\/#organization"},"potentialAction":[{"@type":"SearchAction","target":{"@type":"EntryPoint","urlTemplate":"https:\/\/lessecretsduchocolat.com\/?s={search_term_string}"},"query-input":{"@type":"PropertyValueSpecification","valueRequired":true,"valueName":"search_term_string"}}],"inLanguage":"de"},{"@type":"Organization","@id":"https:\/\/lessecretsduchocolat.com\/#organization","name":"Secrets de Chocolat (Schokoladengeheimnisse)","url":"https:\/\/lessecretsduchocolat.com\/","logo":{"@type":"ImageObject","inLanguage":"de","@id":"https:\/\/lessecretsduchocolat.com\/#\/schema\/logo\/image\/","url":"https:\/\/lessecretsduchocolat.com\/wp-content\/uploads\/2025\/05\/logo.png","contentUrl":"https:\/\/lessecretsduchocolat.com\/wp-content\/uploads\/2025\/05\/logo.png","width":198,"height":85,"caption":"Secrets de Chocolat"},"image":{"@id":"https:\/\/lessecretsduchocolat.com\/#\/schema\/logo\/image\/"}}]}},"_links":{"self":[{"href":"https:\/\/lessecretsduchocolat.com\/de\/wp-json\/wp\/v2\/product\/1098","targetHints":{"allow":["GET"]}}],"collection":[{"href":"https:\/\/lessecretsduchocolat.com\/de\/wp-json\/wp\/v2\/product"}],"about":[{"href":"https:\/\/lessecretsduchocolat.com\/de\/wp-json\/wp\/v2\/types\/product"}],"version-history":[{"count":4,"href":"https:\/\/lessecretsduchocolat.com\/de\/wp-json\/wp\/v2\/product\/1098\/revisions"}],"predecessor-version":[{"id":4189,"href":"https:\/\/lessecretsduchocolat.com\/de\/wp-json\/wp\/v2\/product\/1098\/revisions\/4189"}],"wp:featuredmedia":[{"embeddable":true,"href":"https:\/\/lessecretsduchocolat.com\/de\/wp-json\/wp\/v2\/media\/895"}],"wp:attachment":[{"href":"https:\/\/lessecretsduchocolat.com\/de\/wp-json\/wp\/v2\/media?parent=1098"}],"wp:term":[{"taxonomy":"product_brand","embeddable":true,"href":"https:\/\/lessecretsduchocolat.com\/de\/wp-json\/wp\/v2\/product_brand?post=1098"},{"taxonomy":"product_cat","embeddable":true,"href":"https:\/\/lessecretsduchocolat.com\/de\/wp-json\/wp\/v2\/product_cat?post=1098"},{"taxonomy":"product_tag","embeddable":true,"href":"https:\/\/lessecretsduchocolat.com\/de\/wp-json\/wp\/v2\/product_tag?post=1098"}],"curies":[{"name":"wp","href":"https:\/\/api.w.org\/{rel}","templated":true}]}}