{"id":1097,"date":"2021-05-18T06:40:05","date_gmt":"2021-05-18T06:40:05","guid":{"rendered":"https:\/\/preprod.lessecretsduchocolat.com\/?product=les-chardons-150g"},"modified":"2026-03-29T23:38:16","modified_gmt":"2026-03-29T21:38:16","slug":"die-disteln-150g","status":"publish","type":"product","link":"https:\/\/lessecretsduchocolat.com\/de\/produit\/les-chardons-150g\/","title":{"rendered":"DIE DISTELN 150G"},"content":{"rendered":"<p data-start=\"331\" data-end=\"524\">Die <strong data-start=\"335\" data-end=\"361\">Disteln in Tubo 150 g<\/strong> sind eine elegante Auswahl an alkoholhaltigen S\u00fc\u00dfwaren, die in einem praktischen und raffinierten Format angeboten werden. Eine Gourmet-Tradition, die seit Generationen verf\u00fchrt.<\/p>\n<p data-start=\"526\" data-end=\"694\">Jede Distel vereint eine d\u00fcnne, zart gef\u00e4rbte Zuckerschale mit einem fl\u00fcssigen Kern aus Alkohol. Im Mund enth\u00fcllt das s\u00fc\u00dfe Knacken eine Explosion intensiver Aromen.<\/p>\n<p data-start=\"696\" data-end=\"875\">Das Sortiment vereint verschiedene Lik\u00f6rsorten und bietet eine abwechslungsreiche und \u00fcberraschende Verkostung. Jedes St\u00fcck wird zu einem einzigartigen Erlebnis, das sowohl Gaumenfreuden als auch festliche Anl\u00e4sse bietet.<\/p>\n<p data-start=\"877\" data-end=\"1040\">Ihr Format in <strong data-start=\"892\" data-end=\"909\">tubo von 150 g<\/strong> macht ihn zu einer idealen Leckerei zum Verschenken oder Teilen. Elegant und praktisch, l\u00e4sst es sich leicht mitnehmen und mit Raffinesse verschenken.<\/p>\n<p data-start=\"1042\" data-end=\"1198\">Die <strong data-start=\"1046\" data-end=\"1069\">Alkoholdisteln<\/strong> eignen sich hervorragend zu einem Kaffee, einem Digestif oder einfach nur, um eine Mahlzeit mit einer originellen und delikaten Note abzuschlie\u00dfen.<\/p>\n<p data-start=\"1200\" data-end=\"1383\">Ihre einzigartige Kombination aus knackig s\u00fc\u00dfer Schale und fl\u00fcssigem Kern macht sie zu einem au\u00dfergew\u00f6hnlichen Konfekt. Eine traditionelle Spezialit\u00e4t, die Know-how und authentischen Genuss vereint.<\/p>\n<p data-start=\"1385\" data-end=\"1547\">Diese Bonbons verf\u00fchren Liebhaber intensiver Aromen und Neugierige, die auf der Suche nach einer originellen Leckerei sind. Ein Sortiment, das S\u00fc\u00dfe und Charakter vereint.<\/p>\n<p data-start=\"1549\" data-end=\"1690\">Schenken Sie einen <strong data-start=\"1559\" data-end=\"1579\">Disteltubo<\/strong>Wenn Sie sich f\u00fcr eine der vielen franz\u00f6sischen S\u00fc\u00dfwarentraditionen entscheiden, die f\u00fcr Geselligkeit und franz\u00f6sischen Genuss stehen, k\u00f6nnen Sie diese mit anderen teilen.<\/p>\n<p data-start=\"1692\" data-end=\"1807\">Ein Feinschmeckergeschenk, das immer angenehm \u00fcberrascht und eine einzigartige Spezialit\u00e4t entdecken oder wiederentdecken l\u00e4sst.<\/p>\n<p data-start=\"1809\" data-end=\"1946\">Die <strong data-start=\"1813\" data-end=\"1839\">Disteln in Tubo 150 g<\/strong> verk\u00f6rpern ein seltenes Gleichgewicht: Eleganz der Pr\u00e4sentation, Vielfalt der Geschm\u00e4cker und Intensit\u00e4t der Spirituosen.<\/p>","protected":false},"excerpt":{"rendered":"<p>Schlie\u00dfen Sie Ihre Festtagsmahlzeiten mit diesen in Branntwein eingelegten Disteln ab! Ein schokoladiger Gourmetmoment, der durch eine leicht alkoholische Note interpunktiert wird.(66,00\u20ac\/kg)<\/p>","protected":false},"featured_media":893,"template":"","meta":{"_acf_changed":false,"site-sidebar-layout":"default","site-content-layout":"","ast-site-content-layout":"default","site-content-style":"default","site-sidebar-style":"default","ast-global-header-display":"","ast-banner-title-visibility":"","ast-main-header-display":"","ast-hfb-above-header-display":"","ast-hfb-below-header-display":"","ast-hfb-mobile-header-display":"","site-post-title":"","ast-breadcrumbs-content":"","ast-featured-img":"","footer-sml-layout":"","theme-transparent-header-meta":"default","adv-header-id-meta":"","stick-header-meta":"","header-above-stick-meta":"","header-main-stick-meta":"","header-below-stick-meta":"","astra-migrate-meta-layouts":"set","ast-page-background-enabled":"default","ast-page-background-meta":{"desktop":{"background-color":"var(--ast-global-color-4)","background-image":"","background-repeat":"repeat","background-position":"center center","background-size":"auto","background-attachment":"scroll","background-type":"","background-media":"","overlay-type":"","overlay-color":"","overlay-opacity":"","overlay-gradient":""},"tablet":{"background-color":"","background-image":"","background-repeat":"repeat","background-position":"center center","background-size":"auto","background-attachment":"scroll","background-type":"","background-media":"","overlay-type":"","overlay-color":"","overlay-opacity":"","overlay-gradient":""},"mobile":{"background-color":"","background-image":"","background-repeat":"repeat","background-position":"center center","background-size":"auto","background-attachment":"scroll","background-type":"","background-media":"","overlay-type":"","overlay-color":"","overlay-opacity":"","overlay-gradient":""}},"ast-content-background-meta":{"desktop":{"background-color":"var(--ast-global-color-5)","background-image":"","background-repeat":"repeat","background-position":"center center","background-size":"auto","background-attachment":"scroll","background-type":"","background-media":"","overlay-type":"","overlay-color":"","overlay-opacity":"","overlay-gradient":""},"tablet":{"background-color":"var(--ast-global-color-5)","background-image":"","background-repeat":"repeat","background-position":"center center","background-size":"auto","background-attachment":"scroll","background-type":"","background-media":"","overlay-type":"","overlay-color":"","overlay-opacity":"","overlay-gradient":""},"mobile":{"background-color":"var(--ast-global-color-5)","background-image":"","background-repeat":"repeat","background-position":"center center","background-size":"auto","background-attachment":"scroll","background-type":"","background-media":"","overlay-type":"","overlay-color":"","overlay-opacity":"","overlay-gradient":""}},"iawp_total_views":64},"product_brand":[],"product_cat":[108,204],"product_tag":[],"class_list":{"0":"post-1097","1":"product","2":"type-product","3":"status-publish","4":"has-post-thumbnail","6":"product_cat-gourmandises","7":"product_cat-tous-produits","8":"desktop-align-left","9":"tablet-align-left","10":"mobile-align-left","12":"first","13":"instock","14":"taxable","15":"shipping-taxable","16":"purchasable","17":"product-type-simple"},"acf":[],"yoast_head":"<!-- This site is optimized with the Yoast SEO plugin v27.4 - https:\/\/yoast.com\/product\/yoast-seo-wordpress\/ -->\n<title>LES CHARDONS 150G<\/title>\n<meta name=\"description\" content=\"Craquez pour les chardons : assortiment de confiseries \u00e0 l\u2019alcool, coque sucr\u00e9e croquante et c\u0153ur liquide intense. Tradition gourmande raffin\u00e9e.\" \/>\n<meta name=\"robots\" content=\"index, follow, max-snippet:-1, max-image-preview:large, max-video-preview:-1\" \/>\n<link rel=\"canonical\" href=\"https:\/\/lessecretsduchocolat.com\/de\/product\/die-disteln-150g\/\" \/>\n<meta property=\"og:locale\" content=\"de_DE\" \/>\n<meta property=\"og:type\" content=\"article\" \/>\n<meta property=\"og:title\" content=\"LES CHARDONS 150G\" \/>\n<meta property=\"og:description\" content=\"Craquez pour les chardons : assortiment de confiseries \u00e0 l\u2019alcool, coque sucr\u00e9e croquante et c\u0153ur liquide intense. Tradition gourmande raffin\u00e9e.\" \/>\n<meta property=\"og:url\" content=\"https:\/\/lessecretsduchocolat.com\/de\/product\/die-disteln-150g\/\" \/>\n<meta property=\"og:site_name\" content=\"Secrets de Chocolat\" \/>\n<meta property=\"article:modified_time\" content=\"2026-03-29T21:38:16+00:00\" \/>\n<meta property=\"og:image\" content=\"https:\/\/lessecretsduchocolat.com\/wp-content\/uploads\/2025\/05\/802.jpg\" \/>\n\t<meta property=\"og:image:width\" content=\"500\" \/>\n\t<meta property=\"og:image:height\" content=\"500\" \/>\n\t<meta property=\"og:image:type\" content=\"image\/jpeg\" \/>\n<meta name=\"twitter:card\" content=\"summary_large_image\" \/>\n<meta name=\"twitter:label1\" content=\"Gesch\u00e4tzte Lesezeit\" \/>\n\t<meta name=\"twitter:data1\" content=\"2\u00a0Minuten\" \/>\n<script type=\"application\/ld+json\" class=\"yoast-schema-graph\">{\"@context\":\"https:\\\/\\\/schema.org\",\"@graph\":[{\"@type\":\"WebPage\",\"@id\":\"https:\\\/\\\/lessecretsduchocolat.com\\\/produit\\\/les-chardons-150g\\\/\",\"url\":\"https:\\\/\\\/lessecretsduchocolat.com\\\/produit\\\/les-chardons-150g\\\/\",\"name\":\"LES CHARDONS 150G\",\"isPartOf\":{\"@id\":\"https:\\\/\\\/lessecretsduchocolat.com\\\/#website\"},\"primaryImageOfPage\":{\"@id\":\"https:\\\/\\\/lessecretsduchocolat.com\\\/produit\\\/les-chardons-150g\\\/#primaryimage\"},\"image\":{\"@id\":\"https:\\\/\\\/lessecretsduchocolat.com\\\/produit\\\/les-chardons-150g\\\/#primaryimage\"},\"thumbnailUrl\":\"https:\\\/\\\/lessecretsduchocolat.com\\\/wp-content\\\/uploads\\\/2025\\\/05\\\/802.jpg\",\"datePublished\":\"2021-05-18T06:40:05+00:00\",\"dateModified\":\"2026-03-29T21:38:16+00:00\",\"description\":\"Craquez pour les chardons : assortiment de confiseries \u00e0 l\u2019alcool, coque sucr\u00e9e croquante et c\u0153ur liquide intense. Tradition gourmande raffin\u00e9e.\",\"breadcrumb\":{\"@id\":\"https:\\\/\\\/lessecretsduchocolat.com\\\/produit\\\/les-chardons-150g\\\/#breadcrumb\"},\"inLanguage\":\"de\",\"potentialAction\":[{\"@type\":\"ReadAction\",\"target\":[\"https:\\\/\\\/lessecretsduchocolat.com\\\/produit\\\/les-chardons-150g\\\/\"]}]},{\"@type\":\"ImageObject\",\"inLanguage\":\"de\",\"@id\":\"https:\\\/\\\/lessecretsduchocolat.com\\\/produit\\\/les-chardons-150g\\\/#primaryimage\",\"url\":\"https:\\\/\\\/lessecretsduchocolat.com\\\/wp-content\\\/uploads\\\/2025\\\/05\\\/802.jpg\",\"contentUrl\":\"https:\\\/\\\/lessecretsduchocolat.com\\\/wp-content\\\/uploads\\\/2025\\\/05\\\/802.jpg\",\"width\":500,\"height\":500,\"caption\":\"Image des chardons alcoolis\u00e9s\"},{\"@type\":\"BreadcrumbList\",\"@id\":\"https:\\\/\\\/lessecretsduchocolat.com\\\/produit\\\/les-chardons-150g\\\/#breadcrumb\",\"itemListElement\":[{\"@type\":\"ListItem\",\"position\":1,\"name\":\"Accueil\",\"item\":\"https:\\\/\\\/lessecretsduchocolat.com\\\/\"},{\"@type\":\"ListItem\",\"position\":2,\"name\":\"Boutique en ligne\",\"item\":\"https:\\\/\\\/lessecretsduchocolat.com\\\/magasin\\\/\"},{\"@type\":\"ListItem\",\"position\":3,\"name\":\"LES CHARDONS 150G\"}]},{\"@type\":\"WebSite\",\"@id\":\"https:\\\/\\\/lessecretsduchocolat.com\\\/#website\",\"url\":\"https:\\\/\\\/lessecretsduchocolat.com\\\/\",\"name\":\"Secrets de Chocolat\",\"description\":\"\",\"publisher\":{\"@id\":\"https:\\\/\\\/lessecretsduchocolat.com\\\/#organization\"},\"potentialAction\":[{\"@type\":\"SearchAction\",\"target\":{\"@type\":\"EntryPoint\",\"urlTemplate\":\"https:\\\/\\\/lessecretsduchocolat.com\\\/?s={search_term_string}\"},\"query-input\":{\"@type\":\"PropertyValueSpecification\",\"valueRequired\":true,\"valueName\":\"search_term_string\"}}],\"inLanguage\":\"de\"},{\"@type\":\"Organization\",\"@id\":\"https:\\\/\\\/lessecretsduchocolat.com\\\/#organization\",\"name\":\"Secrets de Chocolat\",\"url\":\"https:\\\/\\\/lessecretsduchocolat.com\\\/\",\"logo\":{\"@type\":\"ImageObject\",\"inLanguage\":\"de\",\"@id\":\"https:\\\/\\\/lessecretsduchocolat.com\\\/#\\\/schema\\\/logo\\\/image\\\/\",\"url\":\"https:\\\/\\\/lessecretsduchocolat.com\\\/wp-content\\\/uploads\\\/2025\\\/05\\\/logo.png\",\"contentUrl\":\"https:\\\/\\\/lessecretsduchocolat.com\\\/wp-content\\\/uploads\\\/2025\\\/05\\\/logo.png\",\"width\":198,\"height\":85,\"caption\":\"Secrets de Chocolat\"},\"image\":{\"@id\":\"https:\\\/\\\/lessecretsduchocolat.com\\\/#\\\/schema\\\/logo\\\/image\\\/\"}}]}<\/script>\n<!-- \/ Yoast SEO plugin. -->","yoast_head_json":{"title":"DIE DISTELN 150G","description":"Lassen Sie sich von den Disteln begeistern: eine Auswahl an alkoholhaltigen S\u00fc\u00dfwaren mit einer knackigen s\u00fc\u00dfen Schale und einem intensiven fl\u00fcssigen Kern. Raffinierte Gourmet-Tradition.","robots":{"index":"index","follow":"follow","max-snippet":"max-snippet:-1","max-image-preview":"max-image-preview:large","max-video-preview":"max-video-preview:-1"},"canonical":"https:\/\/lessecretsduchocolat.com\/de\/product\/die-disteln-150g\/","og_locale":"de_DE","og_type":"article","og_title":"LES CHARDONS 150G","og_description":"Craquez pour les chardons : assortiment de confiseries \u00e0 l\u2019alcool, coque sucr\u00e9e croquante et c\u0153ur liquide intense. Tradition gourmande raffin\u00e9e.","og_url":"https:\/\/lessecretsduchocolat.com\/de\/product\/die-disteln-150g\/","og_site_name":"Secrets de Chocolat","article_modified_time":"2026-03-29T21:38:16+00:00","og_image":[{"width":500,"height":500,"url":"https:\/\/lessecretsduchocolat.com\/wp-content\/uploads\/2025\/05\/802.jpg","type":"image\/jpeg"}],"twitter_card":"summary_large_image","twitter_misc":{"Gesch\u00e4tzte Lesezeit":"2\u00a0Minuten"},"schema":{"@context":"https:\/\/schema.org","@graph":[{"@type":"WebPage","@id":"https:\/\/lessecretsduchocolat.com\/produit\/les-chardons-150g\/","url":"https:\/\/lessecretsduchocolat.com\/produit\/les-chardons-150g\/","name":"DIE DISTELN 150G","isPartOf":{"@id":"https:\/\/lessecretsduchocolat.com\/#website"},"primaryImageOfPage":{"@id":"https:\/\/lessecretsduchocolat.com\/produit\/les-chardons-150g\/#primaryimage"},"image":{"@id":"https:\/\/lessecretsduchocolat.com\/produit\/les-chardons-150g\/#primaryimage"},"thumbnailUrl":"https:\/\/lessecretsduchocolat.com\/wp-content\/uploads\/2025\/05\/802.jpg","datePublished":"2021-05-18T06:40:05+00:00","dateModified":"2026-03-29T21:38:16+00:00","description":"Lassen Sie sich von den Disteln begeistern: eine Auswahl an alkoholhaltigen S\u00fc\u00dfwaren mit einer knackigen s\u00fc\u00dfen Schale und einem intensiven fl\u00fcssigen Kern. Raffinierte Gourmet-Tradition.","breadcrumb":{"@id":"https:\/\/lessecretsduchocolat.com\/produit\/les-chardons-150g\/#breadcrumb"},"inLanguage":"de","potentialAction":[{"@type":"ReadAction","target":["https:\/\/lessecretsduchocolat.com\/produit\/les-chardons-150g\/"]}]},{"@type":"ImageObject","inLanguage":"de","@id":"https:\/\/lessecretsduchocolat.com\/produit\/les-chardons-150g\/#primaryimage","url":"https:\/\/lessecretsduchocolat.com\/wp-content\/uploads\/2025\/05\/802.jpg","contentUrl":"https:\/\/lessecretsduchocolat.com\/wp-content\/uploads\/2025\/05\/802.jpg","width":500,"height":500,"caption":"Image des chardons alcoolis\u00e9s"},{"@type":"BreadcrumbList","@id":"https:\/\/lessecretsduchocolat.com\/produit\/les-chardons-150g\/#breadcrumb","itemListElement":[{"@type":"ListItem","position":1,"name":"Accueil","item":"https:\/\/lessecretsduchocolat.com\/"},{"@type":"ListItem","position":2,"name":"Boutique en ligne","item":"https:\/\/lessecretsduchocolat.com\/magasin\/"},{"@type":"ListItem","position":3,"name":"LES CHARDONS 150G"}]},{"@type":"WebSite","@id":"https:\/\/lessecretsduchocolat.com\/#website","url":"https:\/\/lessecretsduchocolat.com\/","name":"Secrets de Chocolat (Schokoladengeheimnisse)","description":"","publisher":{"@id":"https:\/\/lessecretsduchocolat.com\/#organization"},"potentialAction":[{"@type":"SearchAction","target":{"@type":"EntryPoint","urlTemplate":"https:\/\/lessecretsduchocolat.com\/?s={search_term_string}"},"query-input":{"@type":"PropertyValueSpecification","valueRequired":true,"valueName":"search_term_string"}}],"inLanguage":"de"},{"@type":"Organization","@id":"https:\/\/lessecretsduchocolat.com\/#organization","name":"Secrets de Chocolat (Schokoladengeheimnisse)","url":"https:\/\/lessecretsduchocolat.com\/","logo":{"@type":"ImageObject","inLanguage":"de","@id":"https:\/\/lessecretsduchocolat.com\/#\/schema\/logo\/image\/","url":"https:\/\/lessecretsduchocolat.com\/wp-content\/uploads\/2025\/05\/logo.png","contentUrl":"https:\/\/lessecretsduchocolat.com\/wp-content\/uploads\/2025\/05\/logo.png","width":198,"height":85,"caption":"Secrets de Chocolat"},"image":{"@id":"https:\/\/lessecretsduchocolat.com\/#\/schema\/logo\/image\/"}}]}},"_links":{"self":[{"href":"https:\/\/lessecretsduchocolat.com\/de\/wp-json\/wp\/v2\/product\/1097","targetHints":{"allow":["GET"]}}],"collection":[{"href":"https:\/\/lessecretsduchocolat.com\/de\/wp-json\/wp\/v2\/product"}],"about":[{"href":"https:\/\/lessecretsduchocolat.com\/de\/wp-json\/wp\/v2\/types\/product"}],"version-history":[{"count":4,"href":"https:\/\/lessecretsduchocolat.com\/de\/wp-json\/wp\/v2\/product\/1097\/revisions"}],"predecessor-version":[{"id":4193,"href":"https:\/\/lessecretsduchocolat.com\/de\/wp-json\/wp\/v2\/product\/1097\/revisions\/4193"}],"wp:featuredmedia":[{"embeddable":true,"href":"https:\/\/lessecretsduchocolat.com\/de\/wp-json\/wp\/v2\/media\/893"}],"wp:attachment":[{"href":"https:\/\/lessecretsduchocolat.com\/de\/wp-json\/wp\/v2\/media?parent=1097"}],"wp:term":[{"taxonomy":"product_brand","embeddable":true,"href":"https:\/\/lessecretsduchocolat.com\/de\/wp-json\/wp\/v2\/product_brand?post=1097"},{"taxonomy":"product_cat","embeddable":true,"href":"https:\/\/lessecretsduchocolat.com\/de\/wp-json\/wp\/v2\/product_cat?post=1097"},{"taxonomy":"product_tag","embeddable":true,"href":"https:\/\/lessecretsduchocolat.com\/de\/wp-json\/wp\/v2\/product_tag?post=1097"}],"curies":[{"name":"wp","href":"https:\/\/api.w.org\/{rel}","templated":true}]}}