{"id":1091,"date":"2021-05-18T06:40:05","date_gmt":"2021-05-18T06:40:05","guid":{"rendered":"https:\/\/preprod.lessecretsduchocolat.com\/?product=assortiment-de-bonbons-de-chocolats-500g"},"modified":"2026-03-13T09:23:29","modified_gmt":"2026-03-13T08:23:29","slug":"sortiment-an-schokoladenbonbons","status":"publish","type":"product","link":"https:\/\/lessecretsduchocolat.com\/de\/produit\/assortiment-bonbons-chocolats\/","title":{"rendered":"Sortiment an Schokoladenbonbons"},"content":{"rendered":"<p data-start=\"407\" data-end=\"571\">Das 500 g schwere Sortiment an Schokoladenbonbons Tout-aussi-bons ist die <strong>ideale L\u00f6sung f\u00fcr Feinschmecker, die schlemmen wollen, ohne sich um das Aussehen zu k\u00fcmmern<\/strong>. Diese Schokoladen sind aus der zweiten Wahl, was bedeutet, dass sie kleine optische M\u00e4ngel aufweisen k\u00f6nnen. Aber seien Sie beruhigt: Ihr Geschmack bleibt absolut unwiderstehlich. Mit ihrem gro\u00dfz\u00fcgigen Format von 500 g ist diese Schachtel ideal, um sie mit der Familie zu teilen, an Verwandte zu verschenken oder einfach, um sich selbst eine kleine Pause zu g\u00f6nnen. <a href=\"https:\/\/lessecretsduchocolat.com\/de\/product-category\/gourmetmunder\/\"><strong>Alltagsvergn\u00fcgen<\/strong><\/a>.<\/p>\n<p data-start=\"1310\" data-end=\"1477\">Mit den Schokobonbons von Tout-aussi-bons kann man <strong>eine Vielzahl von Schokoladenrezepten genie\u00dfen<\/strong>, Sie k\u00f6nnen sich auch an einer verantwortungsvollen Anti-Verschwendungsstrategie beteiligen. Das Sortiment verf\u00fchrt sowohl Liebhaber dunkler Schokolade als auch diejenigen, die die S\u00fc\u00dfe von Milchschokolade bevorzugen. Es gibt immer einen Bissen, um jeden Wunsch zu erf\u00fcllen. Wer dieses Set verschenkt oder sich selbst g\u00f6nnt, entscheidet sich f\u00fcr authentischen Genuss. Denn Schokoladengenuss misst sich nicht am Aussehen, sondern am Erlebnis im Mund.<\/p>\n<p data-start=\"1816\" data-end=\"1977\">Die Tout-aussi-bons erinnern daran, dass sich hinter kleinen Unvollkommenheiten gro\u00dfe Geschm\u00e4cker verbergen k\u00f6nnen. Eine <strong>einfache, leckere und verantwortungsvolle Art zu schlemmen<\/strong>. Ein gro\u00dfz\u00fcgiges, geselliges und unwiderstehliches Geschenkpaket, das beweist, dass der Geschmack das Wichtigste bleibt.<\/p>","protected":false},"excerpt":{"rendered":"<p>Diese T\u00fcte mit \u00abAlles-wie-es-ist\u00bb-Schokolade umfasst <strong>500 Gramm verschiedene Arten von Schokoladenbonbons<\/strong> : Zartbitterschokolade, Milchschokolade, Pralin\u00e9-Ganache, Orangetten usw. Dies sind Schokoladen zweiter Wahl, die hergestellt werden bei<a href=\"https:\/\/schaal-chocolatier.com\/\" target=\"_blank\" rel=\"noopener\"><strong>\u00a0Schaal<\/strong><\/a> hier im Elsass, zu Fabrikpreisen: Ihr Geschmack ist unver\u00e4ndert, nur ihre Optik ist leicht ver\u00e4ndert.<\/p>\n<p data-start=\"761\" data-end=\"956\">Jede Box bietet einen <strong>variables und \u00fcberraschendes Sortiment<\/strong>, In den letzten Jahren haben wir eine Reihe von Pralinen, cremigen Ganachen und knusprigen oder fruchtigen Rezepten entwickelt. Mit jeder \u00d6ffnung beginnt die Entdeckungsreise. Alle werden aus reiner Kakaobutterschokolade hergestellt, die f\u00fcr Qualit\u00e4t und aromatische Intensit\u00e4t b\u00fcrgt. Der einzige Unterschied: ein manchmal unvollkommenes Aussehen, aber immer ein perfekter Geschmack.<\/p>\n<p data-start=\"761\" data-end=\"956\">Sofort verschlingen!<\/p>","protected":false},"featured_media":4953,"template":"","meta":{"_acf_changed":false,"site-sidebar-layout":"default","site-content-layout":"","ast-site-content-layout":"default","site-content-style":"default","site-sidebar-style":"default","ast-global-header-display":"","ast-banner-title-visibility":"","ast-main-header-display":"","ast-hfb-above-header-display":"","ast-hfb-below-header-display":"","ast-hfb-mobile-header-display":"","site-post-title":"","ast-breadcrumbs-content":"","ast-featured-img":"","footer-sml-layout":"","ast-disable-related-posts":"","theme-transparent-header-meta":"default","adv-header-id-meta":"","stick-header-meta":"","header-above-stick-meta":"","header-main-stick-meta":"","header-below-stick-meta":"","astra-migrate-meta-layouts":"set","ast-page-background-enabled":"default","ast-page-background-meta":{"desktop":{"background-color":"var(--ast-global-color-4)","background-image":"","background-repeat":"repeat","background-position":"center center","background-size":"auto","background-attachment":"scroll","background-type":"","background-media":"","overlay-type":"","overlay-color":"","overlay-opacity":"","overlay-gradient":""},"tablet":{"background-color":"","background-image":"","background-repeat":"repeat","background-position":"center center","background-size":"auto","background-attachment":"scroll","background-type":"","background-media":"","overlay-type":"","overlay-color":"","overlay-opacity":"","overlay-gradient":""},"mobile":{"background-color":"","background-image":"","background-repeat":"repeat","background-position":"center center","background-size":"auto","background-attachment":"scroll","background-type":"","background-media":"","overlay-type":"","overlay-color":"","overlay-opacity":"","overlay-gradient":""}},"ast-content-background-meta":{"desktop":{"background-color":"var(--ast-global-color-5)","background-image":"","background-repeat":"repeat","background-position":"center center","background-size":"auto","background-attachment":"scroll","background-type":"","background-media":"","overlay-type":"","overlay-color":"","overlay-opacity":"","overlay-gradient":""},"tablet":{"background-color":"var(--ast-global-color-5)","background-image":"","background-repeat":"repeat","background-position":"center center","background-size":"auto","background-attachment":"scroll","background-type":"","background-media":"","overlay-type":"","overlay-color":"","overlay-opacity":"","overlay-gradient":""},"mobile":{"background-color":"var(--ast-global-color-5)","background-image":"","background-repeat":"repeat","background-position":"center center","background-size":"auto","background-attachment":"scroll","background-type":"","background-media":"","overlay-type":"","overlay-color":"","overlay-opacity":"","overlay-gradient":""}},"iawp_total_views":375},"product_brand":[],"product_cat":[201,204],"product_tag":[],"class_list":{"0":"post-1091","1":"product","2":"type-product","3":"status-publish","4":"has-post-thumbnail","6":"product_cat-grands-formats","7":"product_cat-tous-produits","8":"desktop-align-left","9":"tablet-align-left","10":"mobile-align-left","12":"first","13":"instock","14":"taxable","15":"shipping-taxable","16":"purchasable","17":"product-type-simple"},"acf":[],"yoast_head":"<!-- This site is optimized with the Yoast SEO plugin v27.4 - https:\/\/yoast.com\/product\/yoast-seo-wordpress\/ -->\n<title>Assortiment de bonbons de chocolat | Pralin\u00e9s et ganaches<\/title>\n<meta name=\"description\" content=\"D\u00e9couvrez 500g de bonbons de chocolat pur beurre de cacao, aux fourrages vari\u00e9s. Un assortiment gourmand et changeant \u00e0 chaque fois !\" \/>\n<meta name=\"robots\" content=\"index, follow, max-snippet:-1, max-image-preview:large, max-video-preview:-1\" \/>\n<link rel=\"canonical\" href=\"https:\/\/lessecretsduchocolat.com\/de\/product\/sortiment-an-schokoladenbonbons\/\" \/>\n<meta property=\"og:locale\" content=\"de_DE\" \/>\n<meta property=\"og:type\" content=\"article\" \/>\n<meta property=\"og:title\" content=\"Assortiment de bonbons de chocolat | Pralin\u00e9s et ganaches\" \/>\n<meta property=\"og:description\" content=\"D\u00e9couvrez 500g de bonbons de chocolat pur beurre de cacao, aux fourrages vari\u00e9s. Un assortiment gourmand et changeant \u00e0 chaque fois !\" \/>\n<meta property=\"og:url\" content=\"https:\/\/lessecretsduchocolat.com\/de\/product\/sortiment-an-schokoladenbonbons\/\" \/>\n<meta property=\"og:site_name\" content=\"Secrets de Chocolat\" \/>\n<meta property=\"article:modified_time\" content=\"2026-03-13T08:23:29+00:00\" \/>\n<meta property=\"og:image\" content=\"https:\/\/lessecretsduchocolat.com\/wp-content\/uploads\/2026\/02\/bonbons-choco.jpeg\" \/>\n\t<meta property=\"og:image:width\" content=\"800\" \/>\n\t<meta property=\"og:image:height\" content=\"800\" \/>\n\t<meta property=\"og:image:type\" content=\"image\/jpeg\" \/>\n<meta name=\"twitter:card\" content=\"summary_large_image\" \/>\n<meta name=\"twitter:label1\" content=\"Gesch\u00e4tzte Lesezeit\" \/>\n\t<meta name=\"twitter:data1\" content=\"2\u00a0Minuten\" \/>\n<script type=\"application\/ld+json\" class=\"yoast-schema-graph\">{\"@context\":\"https:\\\/\\\/schema.org\",\"@graph\":[{\"@type\":\"WebPage\",\"@id\":\"https:\\\/\\\/lessecretsduchocolat.com\\\/produit\\\/assortiment-bonbons-chocolats\\\/\",\"url\":\"https:\\\/\\\/lessecretsduchocolat.com\\\/produit\\\/assortiment-bonbons-chocolats\\\/\",\"name\":\"Assortiment de bonbons de chocolat | Pralin\u00e9s et ganaches\",\"isPartOf\":{\"@id\":\"https:\\\/\\\/lessecretsduchocolat.com\\\/#website\"},\"primaryImageOfPage\":{\"@id\":\"https:\\\/\\\/lessecretsduchocolat.com\\\/produit\\\/assortiment-bonbons-chocolats\\\/#primaryimage\"},\"image\":{\"@id\":\"https:\\\/\\\/lessecretsduchocolat.com\\\/produit\\\/assortiment-bonbons-chocolats\\\/#primaryimage\"},\"thumbnailUrl\":\"https:\\\/\\\/lessecretsduchocolat.com\\\/wp-content\\\/uploads\\\/2026\\\/02\\\/bonbons-choco.jpeg\",\"datePublished\":\"2021-05-18T06:40:05+00:00\",\"dateModified\":\"2026-03-13T08:23:29+00:00\",\"description\":\"D\u00e9couvrez 500g de bonbons de chocolat pur beurre de cacao, aux fourrages vari\u00e9s. Un assortiment gourmand et changeant \u00e0 chaque fois !\",\"breadcrumb\":{\"@id\":\"https:\\\/\\\/lessecretsduchocolat.com\\\/produit\\\/assortiment-bonbons-chocolats\\\/#breadcrumb\"},\"inLanguage\":\"de\",\"potentialAction\":[{\"@type\":\"ReadAction\",\"target\":[\"https:\\\/\\\/lessecretsduchocolat.com\\\/produit\\\/assortiment-bonbons-chocolats\\\/\"]}]},{\"@type\":\"ImageObject\",\"inLanguage\":\"de\",\"@id\":\"https:\\\/\\\/lessecretsduchocolat.com\\\/produit\\\/assortiment-bonbons-chocolats\\\/#primaryimage\",\"url\":\"https:\\\/\\\/lessecretsduchocolat.com\\\/wp-content\\\/uploads\\\/2026\\\/02\\\/bonbons-choco.jpeg\",\"contentUrl\":\"https:\\\/\\\/lessecretsduchocolat.com\\\/wp-content\\\/uploads\\\/2026\\\/02\\\/bonbons-choco.jpeg\",\"width\":800,\"height\":800,\"caption\":\"assortiment bonbons chocolats\"},{\"@type\":\"BreadcrumbList\",\"@id\":\"https:\\\/\\\/lessecretsduchocolat.com\\\/produit\\\/assortiment-bonbons-chocolats\\\/#breadcrumb\",\"itemListElement\":[{\"@type\":\"ListItem\",\"position\":1,\"name\":\"Accueil\",\"item\":\"https:\\\/\\\/lessecretsduchocolat.com\\\/\"},{\"@type\":\"ListItem\",\"position\":2,\"name\":\"Boutique en ligne\",\"item\":\"https:\\\/\\\/lessecretsduchocolat.com\\\/magasin\\\/\"},{\"@type\":\"ListItem\",\"position\":3,\"name\":\"Assortiment de bonbons de chocolats\"}]},{\"@type\":\"WebSite\",\"@id\":\"https:\\\/\\\/lessecretsduchocolat.com\\\/#website\",\"url\":\"https:\\\/\\\/lessecretsduchocolat.com\\\/\",\"name\":\"Secrets de Chocolat\",\"description\":\"\",\"publisher\":{\"@id\":\"https:\\\/\\\/lessecretsduchocolat.com\\\/#organization\"},\"potentialAction\":[{\"@type\":\"SearchAction\",\"target\":{\"@type\":\"EntryPoint\",\"urlTemplate\":\"https:\\\/\\\/lessecretsduchocolat.com\\\/?s={search_term_string}\"},\"query-input\":{\"@type\":\"PropertyValueSpecification\",\"valueRequired\":true,\"valueName\":\"search_term_string\"}}],\"inLanguage\":\"de\"},{\"@type\":\"Organization\",\"@id\":\"https:\\\/\\\/lessecretsduchocolat.com\\\/#organization\",\"name\":\"Secrets de Chocolat\",\"url\":\"https:\\\/\\\/lessecretsduchocolat.com\\\/\",\"logo\":{\"@type\":\"ImageObject\",\"inLanguage\":\"de\",\"@id\":\"https:\\\/\\\/lessecretsduchocolat.com\\\/#\\\/schema\\\/logo\\\/image\\\/\",\"url\":\"https:\\\/\\\/lessecretsduchocolat.com\\\/wp-content\\\/uploads\\\/2025\\\/05\\\/logo.png\",\"contentUrl\":\"https:\\\/\\\/lessecretsduchocolat.com\\\/wp-content\\\/uploads\\\/2025\\\/05\\\/logo.png\",\"width\":198,\"height\":85,\"caption\":\"Secrets de Chocolat\"},\"image\":{\"@id\":\"https:\\\/\\\/lessecretsduchocolat.com\\\/#\\\/schema\\\/logo\\\/image\\\/\"}}]}<\/script>\n<!-- \/ Yoast SEO plugin. -->","yoast_head_json":{"title":"Sortiment an Schokoladenbonbons | Pralin\u00e9s und Ganaches","description":"Entdecken Sie 500 g Schokoladenbonbons aus reiner Kakaobutter und mit verschiedenen F\u00fcllungen. Ein leckeres Sortiment, das jedes Mal wechselt!","robots":{"index":"index","follow":"follow","max-snippet":"max-snippet:-1","max-image-preview":"max-image-preview:large","max-video-preview":"max-video-preview:-1"},"canonical":"https:\/\/lessecretsduchocolat.com\/de\/product\/sortiment-an-schokoladenbonbons\/","og_locale":"de_DE","og_type":"article","og_title":"Assortiment de bonbons de chocolat | Pralin\u00e9s et ganaches","og_description":"D\u00e9couvrez 500g de bonbons de chocolat pur beurre de cacao, aux fourrages vari\u00e9s. Un assortiment gourmand et changeant \u00e0 chaque fois !","og_url":"https:\/\/lessecretsduchocolat.com\/de\/product\/sortiment-an-schokoladenbonbons\/","og_site_name":"Secrets de Chocolat","article_modified_time":"2026-03-13T08:23:29+00:00","og_image":[{"width":800,"height":800,"url":"https:\/\/lessecretsduchocolat.com\/wp-content\/uploads\/2026\/02\/bonbons-choco.jpeg","type":"image\/jpeg"}],"twitter_card":"summary_large_image","twitter_misc":{"Gesch\u00e4tzte Lesezeit":"2\u00a0Minuten"},"schema":{"@context":"https:\/\/schema.org","@graph":[{"@type":"WebPage","@id":"https:\/\/lessecretsduchocolat.com\/produit\/assortiment-bonbons-chocolats\/","url":"https:\/\/lessecretsduchocolat.com\/produit\/assortiment-bonbons-chocolats\/","name":"Sortiment an Schokoladenbonbons | Pralin\u00e9s und Ganaches","isPartOf":{"@id":"https:\/\/lessecretsduchocolat.com\/#website"},"primaryImageOfPage":{"@id":"https:\/\/lessecretsduchocolat.com\/produit\/assortiment-bonbons-chocolats\/#primaryimage"},"image":{"@id":"https:\/\/lessecretsduchocolat.com\/produit\/assortiment-bonbons-chocolats\/#primaryimage"},"thumbnailUrl":"https:\/\/lessecretsduchocolat.com\/wp-content\/uploads\/2026\/02\/bonbons-choco.jpeg","datePublished":"2021-05-18T06:40:05+00:00","dateModified":"2026-03-13T08:23:29+00:00","description":"Entdecken Sie 500 g Schokoladenbonbons aus reiner Kakaobutter und mit verschiedenen F\u00fcllungen. Ein leckeres Sortiment, das jedes Mal wechselt!","breadcrumb":{"@id":"https:\/\/lessecretsduchocolat.com\/produit\/assortiment-bonbons-chocolats\/#breadcrumb"},"inLanguage":"de","potentialAction":[{"@type":"ReadAction","target":["https:\/\/lessecretsduchocolat.com\/produit\/assortiment-bonbons-chocolats\/"]}]},{"@type":"ImageObject","inLanguage":"de","@id":"https:\/\/lessecretsduchocolat.com\/produit\/assortiment-bonbons-chocolats\/#primaryimage","url":"https:\/\/lessecretsduchocolat.com\/wp-content\/uploads\/2026\/02\/bonbons-choco.jpeg","contentUrl":"https:\/\/lessecretsduchocolat.com\/wp-content\/uploads\/2026\/02\/bonbons-choco.jpeg","width":800,"height":800,"caption":"assortiment bonbons chocolats"},{"@type":"BreadcrumbList","@id":"https:\/\/lessecretsduchocolat.com\/produit\/assortiment-bonbons-chocolats\/#breadcrumb","itemListElement":[{"@type":"ListItem","position":1,"name":"Accueil","item":"https:\/\/lessecretsduchocolat.com\/"},{"@type":"ListItem","position":2,"name":"Boutique en ligne","item":"https:\/\/lessecretsduchocolat.com\/magasin\/"},{"@type":"ListItem","position":3,"name":"Assortiment de bonbons de chocolats"}]},{"@type":"WebSite","@id":"https:\/\/lessecretsduchocolat.com\/#website","url":"https:\/\/lessecretsduchocolat.com\/","name":"Secrets de Chocolat (Schokoladengeheimnisse)","description":"","publisher":{"@id":"https:\/\/lessecretsduchocolat.com\/#organization"},"potentialAction":[{"@type":"SearchAction","target":{"@type":"EntryPoint","urlTemplate":"https:\/\/lessecretsduchocolat.com\/?s={search_term_string}"},"query-input":{"@type":"PropertyValueSpecification","valueRequired":true,"valueName":"search_term_string"}}],"inLanguage":"de"},{"@type":"Organization","@id":"https:\/\/lessecretsduchocolat.com\/#organization","name":"Secrets de Chocolat (Schokoladengeheimnisse)","url":"https:\/\/lessecretsduchocolat.com\/","logo":{"@type":"ImageObject","inLanguage":"de","@id":"https:\/\/lessecretsduchocolat.com\/#\/schema\/logo\/image\/","url":"https:\/\/lessecretsduchocolat.com\/wp-content\/uploads\/2025\/05\/logo.png","contentUrl":"https:\/\/lessecretsduchocolat.com\/wp-content\/uploads\/2025\/05\/logo.png","width":198,"height":85,"caption":"Secrets de Chocolat"},"image":{"@id":"https:\/\/lessecretsduchocolat.com\/#\/schema\/logo\/image\/"}}]}},"_links":{"self":[{"href":"https:\/\/lessecretsduchocolat.com\/de\/wp-json\/wp\/v2\/product\/1091","targetHints":{"allow":["GET"]}}],"collection":[{"href":"https:\/\/lessecretsduchocolat.com\/de\/wp-json\/wp\/v2\/product"}],"about":[{"href":"https:\/\/lessecretsduchocolat.com\/de\/wp-json\/wp\/v2\/types\/product"}],"version-history":[{"count":7,"href":"https:\/\/lessecretsduchocolat.com\/de\/wp-json\/wp\/v2\/product\/1091\/revisions"}],"predecessor-version":[{"id":5010,"href":"https:\/\/lessecretsduchocolat.com\/de\/wp-json\/wp\/v2\/product\/1091\/revisions\/5010"}],"wp:featuredmedia":[{"embeddable":true,"href":"https:\/\/lessecretsduchocolat.com\/de\/wp-json\/wp\/v2\/media\/4953"}],"wp:attachment":[{"href":"https:\/\/lessecretsduchocolat.com\/de\/wp-json\/wp\/v2\/media?parent=1091"}],"wp:term":[{"taxonomy":"product_brand","embeddable":true,"href":"https:\/\/lessecretsduchocolat.com\/de\/wp-json\/wp\/v2\/product_brand?post=1091"},{"taxonomy":"product_cat","embeddable":true,"href":"https:\/\/lessecretsduchocolat.com\/de\/wp-json\/wp\/v2\/product_cat?post=1091"},{"taxonomy":"product_tag","embeddable":true,"href":"https:\/\/lessecretsduchocolat.com\/de\/wp-json\/wp\/v2\/product_tag?post=1091"}],"curies":[{"name":"wp","href":"https:\/\/api.w.org\/{rel}","templated":true}]}}