{"id":1087,"date":"2021-04-09T06:40:06","date_gmt":"2021-04-09T06:40:06","guid":{"rendered":"https:\/\/preprod.lessecretsduchocolat.com\/?product=les-oeufs-de-mouette-caramel-250g"},"modified":"2026-03-13T09:24:10","modified_gmt":"2026-03-13T08:24:10","slug":"die-moweneier-karamell-250g","status":"publish","type":"product","link":"https:\/\/lessecretsduchocolat.com\/de\/produit\/les-oeufs-de-mouette-caramel-250g\/","title":{"rendered":"DIE M\u00d6WENEIER KARAMELL 250G"},"content":{"rendered":"<p data-start=\"300\" data-end=\"462\">Die <strong data-start=\"304\" data-end=\"345\">M\u00f6weneier Karamell<\/strong>\u00a0sind eine originelle und elegante Leckerei, die sowohl durch ihre einzigartige Optik als auch durch ihren raffinierten Geschmack begeistern.<\/p>\n<p data-start=\"464\" data-end=\"639\">Jede S\u00fc\u00dfigkeit kommt in einer Form daher <strong data-start=\"505\" data-end=\"529\">dragiert gesprenkelt<\/strong>, die an die Schalen von M\u00f6weneiern erinnern. Ein verspieltes und schickes Aussehen, das sofort ins Auge f\u00e4llt.<\/p>\n<p data-start=\"641\" data-end=\"808\">Unter der knackigen Schale verbirgt sich ein Schokoladen\u00fcberzug, dann ein gro\u00dfz\u00fcgiges Herz aus <strong data-start=\"724\" data-end=\"754\">zartschmelzende Karamell-Ganache<\/strong>Die Mischung wird mit einer Prise Fleur de Sel verfeinert.<\/p>\n<p data-start=\"810\" data-end=\"983\">Im Mund ist der Kontrast unwiderstehlich: knackige Dragees, s\u00fc\u00dfe Schokolade und karamellisierter, leicht salziger Schmelz. Ein perfekt beherrschtes s\u00fc\u00df-salziges Gleichgewicht.<\/p>\n<p data-start=\"985\" data-end=\"1142\">Mit ihrem Format in <strong data-start=\"1005\" data-end=\"1022\">tubo von 250 g<\/strong>Diese Eier sind ideal zum Teilen, Verschenken oder f\u00fcr den Genuss zwischendurch, vom Alltag bis zu festlichen Anl\u00e4ssen.<\/p>\n<p data-start=\"1144\" data-end=\"1301\">Die <strong data-start=\"1148\" data-end=\"1184\">M\u00f6weneier Karamell Schokolade<\/strong> lassen sich allein zu Kaffee oder Tee genie\u00dfen oder f\u00fcgen sich elegant in eine festliche Tafel oder ein Schlemmerbuffet ein.<\/p>\n<p data-start=\"1303\" data-end=\"1454\">Ihr Rezept vereint Authentizit\u00e4t und Kreativit\u00e4t. Das zartschmelzende Karamell wird dank der Fleur de Sel verfeinert und verleiht eine unerwartete und raffinierte Intensit\u00e4t.<\/p>\n<p data-start=\"1456\" data-end=\"1634\">In einer eleganten Tubo pr\u00e4sentiert, sind diese dragierten Bonbons auch eine <strong data-start=\"1530\" data-end=\"1555\">originelle Geschenkidee<\/strong>. Ihre marmorierte Optik am\u00fcsiert und \u00fcberrascht, w\u00e4hrend ihr Geschmack immer wieder verf\u00fchrt.<\/p>\n<p data-start=\"1636\" data-end=\"1810\">Einen Tubo d' schenken oder sich selbst schenken<strong data-start=\"1665\" data-end=\"1692\">M\u00f6weneier karamellisiert<\/strong>Wenn Sie sich f\u00fcr eine Schokolade entscheiden, w\u00e4hlen Sie eine K\u00f6stlichkeit, die \u00c4sthetik und Genuss vereint. Eine Schokolade, die bei jedem Bissen \u00fcberrascht und begeistert.<\/p>\n<p data-start=\"1812\" data-end=\"1902\">Ein schickes und geselliges Produkt, das f\u00fcr echte Liebhaber von schokoladigen Leckereien gedacht ist.<\/p>","protected":false},"excerpt":{"rendered":"<p>Dem kann man nicht widerstehen! Bei\u00dfen Sie in dieses dragierte Schokoladenbonbon und genie\u00dfen Sie sein zartschmelzendes Herz mit Karamell und Fleur de Sel ... (44,00\/kg)<\/p>","protected":false},"featured_media":872,"template":"","meta":{"_acf_changed":false,"site-sidebar-layout":"default","site-content-layout":"","ast-site-content-layout":"default","site-content-style":"default","site-sidebar-style":"default","ast-global-header-display":"","ast-banner-title-visibility":"","ast-main-header-display":"","ast-hfb-above-header-display":"","ast-hfb-below-header-display":"","ast-hfb-mobile-header-display":"","site-post-title":"","ast-breadcrumbs-content":"","ast-featured-img":"","footer-sml-layout":"","ast-disable-related-posts":"","theme-transparent-header-meta":"default","adv-header-id-meta":"","stick-header-meta":"","header-above-stick-meta":"","header-main-stick-meta":"","header-below-stick-meta":"","astra-migrate-meta-layouts":"set","ast-page-background-enabled":"default","ast-page-background-meta":{"desktop":{"background-color":"var(--ast-global-color-4)","background-image":"","background-repeat":"repeat","background-position":"center center","background-size":"auto","background-attachment":"scroll","background-type":"","background-media":"","overlay-type":"","overlay-color":"","overlay-opacity":"","overlay-gradient":""},"tablet":{"background-color":"","background-image":"","background-repeat":"repeat","background-position":"center center","background-size":"auto","background-attachment":"scroll","background-type":"","background-media":"","overlay-type":"","overlay-color":"","overlay-opacity":"","overlay-gradient":""},"mobile":{"background-color":"","background-image":"","background-repeat":"repeat","background-position":"center center","background-size":"auto","background-attachment":"scroll","background-type":"","background-media":"","overlay-type":"","overlay-color":"","overlay-opacity":"","overlay-gradient":""}},"ast-content-background-meta":{"desktop":{"background-color":"var(--ast-global-color-5)","background-image":"","background-repeat":"repeat","background-position":"center center","background-size":"auto","background-attachment":"scroll","background-type":"","background-media":"","overlay-type":"","overlay-color":"","overlay-opacity":"","overlay-gradient":""},"tablet":{"background-color":"var(--ast-global-color-5)","background-image":"","background-repeat":"repeat","background-position":"center center","background-size":"auto","background-attachment":"scroll","background-type":"","background-media":"","overlay-type":"","overlay-color":"","overlay-opacity":"","overlay-gradient":""},"mobile":{"background-color":"var(--ast-global-color-5)","background-image":"","background-repeat":"repeat","background-position":"center center","background-size":"auto","background-attachment":"scroll","background-type":"","background-media":"","overlay-type":"","overlay-color":"","overlay-opacity":"","overlay-gradient":""}},"iawp_total_views":27},"product_brand":[],"product_cat":[108,204],"product_tag":[],"class_list":{"0":"post-1087","1":"product","2":"type-product","3":"status-publish","4":"has-post-thumbnail","6":"product_cat-gourmandises","7":"product_cat-tous-produits","8":"desktop-align-left","9":"tablet-align-left","10":"mobile-align-left","12":"first","13":"instock","14":"taxable","15":"shipping-taxable","16":"purchasable","17":"product-type-simple"},"acf":[],"yoast_head":"<!-- This site is optimized with the Yoast SEO plugin v27.4 - https:\/\/yoast.com\/product\/yoast-seo-wordpress\/ -->\n<title>OEUF DE MOUETTE CARAMEL250G<\/title>\n<meta name=\"description\" content=\"D\u00e9couvrez nos \u0152ufs de Mouette Caramel (250g) : des bonbons de chocolat drag\u00e9ifi\u00e9s, fourr\u00e9s d&#039;une onctueuse ganache au caramel et \u00e0 la fleur de sel.\" \/>\n<meta name=\"robots\" content=\"index, follow, max-snippet:-1, max-image-preview:large, max-video-preview:-1\" \/>\n<link rel=\"canonical\" href=\"https:\/\/lessecretsduchocolat.com\/de\/product\/die-moweneier-karamell-250g\/\" \/>\n<meta property=\"og:locale\" content=\"de_DE\" \/>\n<meta property=\"og:type\" content=\"article\" \/>\n<meta property=\"og:title\" content=\"OEUF DE MOUETTE CARAMEL250G\" \/>\n<meta property=\"og:description\" content=\"D\u00e9couvrez nos \u0152ufs de Mouette Caramel (250g) : des bonbons de chocolat drag\u00e9ifi\u00e9s, fourr\u00e9s d&#039;une onctueuse ganache au caramel et \u00e0 la fleur de sel.\" \/>\n<meta property=\"og:url\" content=\"https:\/\/lessecretsduchocolat.com\/de\/product\/die-moweneier-karamell-250g\/\" \/>\n<meta property=\"og:site_name\" content=\"Secrets de Chocolat\" \/>\n<meta property=\"article:modified_time\" content=\"2026-03-13T08:24:10+00:00\" \/>\n<meta property=\"og:image\" content=\"https:\/\/lessecretsduchocolat.com\/wp-content\/uploads\/2025\/05\/708.jpg\" \/>\n\t<meta property=\"og:image:width\" content=\"500\" \/>\n\t<meta property=\"og:image:height\" content=\"500\" \/>\n\t<meta property=\"og:image:type\" content=\"image\/jpeg\" \/>\n<meta name=\"twitter:card\" content=\"summary_large_image\" \/>\n<meta name=\"twitter:label1\" content=\"Gesch\u00e4tzte Lesezeit\" \/>\n\t<meta name=\"twitter:data1\" content=\"2\u00a0Minuten\" \/>\n<script type=\"application\/ld+json\" class=\"yoast-schema-graph\">{\"@context\":\"https:\\\/\\\/schema.org\",\"@graph\":[{\"@type\":\"WebPage\",\"@id\":\"https:\\\/\\\/lessecretsduchocolat.com\\\/produit\\\/les-oeufs-de-mouette-caramel-250g\\\/\",\"url\":\"https:\\\/\\\/lessecretsduchocolat.com\\\/produit\\\/les-oeufs-de-mouette-caramel-250g\\\/\",\"name\":\"OEUF DE MOUETTE CARAMEL250G\",\"isPartOf\":{\"@id\":\"https:\\\/\\\/lessecretsduchocolat.com\\\/#website\"},\"primaryImageOfPage\":{\"@id\":\"https:\\\/\\\/lessecretsduchocolat.com\\\/produit\\\/les-oeufs-de-mouette-caramel-250g\\\/#primaryimage\"},\"image\":{\"@id\":\"https:\\\/\\\/lessecretsduchocolat.com\\\/produit\\\/les-oeufs-de-mouette-caramel-250g\\\/#primaryimage\"},\"thumbnailUrl\":\"https:\\\/\\\/lessecretsduchocolat.com\\\/wp-content\\\/uploads\\\/2025\\\/05\\\/708.jpg\",\"datePublished\":\"2021-04-09T06:40:06+00:00\",\"dateModified\":\"2026-03-13T08:24:10+00:00\",\"description\":\"D\u00e9couvrez nos \u0152ufs de Mouette Caramel (250g) : des bonbons de chocolat drag\u00e9ifi\u00e9s, fourr\u00e9s d'une onctueuse ganache au caramel et \u00e0 la fleur de sel.\",\"breadcrumb\":{\"@id\":\"https:\\\/\\\/lessecretsduchocolat.com\\\/produit\\\/les-oeufs-de-mouette-caramel-250g\\\/#breadcrumb\"},\"inLanguage\":\"de\",\"potentialAction\":[{\"@type\":\"ReadAction\",\"target\":[\"https:\\\/\\\/lessecretsduchocolat.com\\\/produit\\\/les-oeufs-de-mouette-caramel-250g\\\/\"]}]},{\"@type\":\"ImageObject\",\"inLanguage\":\"de\",\"@id\":\"https:\\\/\\\/lessecretsduchocolat.com\\\/produit\\\/les-oeufs-de-mouette-caramel-250g\\\/#primaryimage\",\"url\":\"https:\\\/\\\/lessecretsduchocolat.com\\\/wp-content\\\/uploads\\\/2025\\\/05\\\/708.jpg\",\"contentUrl\":\"https:\\\/\\\/lessecretsduchocolat.com\\\/wp-content\\\/uploads\\\/2025\\\/05\\\/708.jpg\",\"width\":500,\"height\":500,\"caption\":\"image oeuf de mouette caramel tubo\"},{\"@type\":\"BreadcrumbList\",\"@id\":\"https:\\\/\\\/lessecretsduchocolat.com\\\/produit\\\/les-oeufs-de-mouette-caramel-250g\\\/#breadcrumb\",\"itemListElement\":[{\"@type\":\"ListItem\",\"position\":1,\"name\":\"Accueil\",\"item\":\"https:\\\/\\\/lessecretsduchocolat.com\\\/\"},{\"@type\":\"ListItem\",\"position\":2,\"name\":\"Boutique en ligne\",\"item\":\"https:\\\/\\\/lessecretsduchocolat.com\\\/magasin\\\/\"},{\"@type\":\"ListItem\",\"position\":3,\"name\":\"LES OEUFS DE MOUETTE CARAMEL 250G\"}]},{\"@type\":\"WebSite\",\"@id\":\"https:\\\/\\\/lessecretsduchocolat.com\\\/#website\",\"url\":\"https:\\\/\\\/lessecretsduchocolat.com\\\/\",\"name\":\"Secrets de Chocolat\",\"description\":\"\",\"publisher\":{\"@id\":\"https:\\\/\\\/lessecretsduchocolat.com\\\/#organization\"},\"potentialAction\":[{\"@type\":\"SearchAction\",\"target\":{\"@type\":\"EntryPoint\",\"urlTemplate\":\"https:\\\/\\\/lessecretsduchocolat.com\\\/?s={search_term_string}\"},\"query-input\":{\"@type\":\"PropertyValueSpecification\",\"valueRequired\":true,\"valueName\":\"search_term_string\"}}],\"inLanguage\":\"de\"},{\"@type\":\"Organization\",\"@id\":\"https:\\\/\\\/lessecretsduchocolat.com\\\/#organization\",\"name\":\"Secrets de Chocolat\",\"url\":\"https:\\\/\\\/lessecretsduchocolat.com\\\/\",\"logo\":{\"@type\":\"ImageObject\",\"inLanguage\":\"de\",\"@id\":\"https:\\\/\\\/lessecretsduchocolat.com\\\/#\\\/schema\\\/logo\\\/image\\\/\",\"url\":\"https:\\\/\\\/lessecretsduchocolat.com\\\/wp-content\\\/uploads\\\/2025\\\/05\\\/logo.png\",\"contentUrl\":\"https:\\\/\\\/lessecretsduchocolat.com\\\/wp-content\\\/uploads\\\/2025\\\/05\\\/logo.png\",\"width\":198,\"height\":85,\"caption\":\"Secrets de Chocolat\"},\"image\":{\"@id\":\"https:\\\/\\\/lessecretsduchocolat.com\\\/#\\\/schema\\\/logo\\\/image\\\/\"}}]}<\/script>\n<!-- \/ Yoast SEO plugin. -->","yoast_head_json":{"title":"M\u00d6WENEI KARAMELL250G","description":"Entdecken Sie unsere M\u00f6wen-Eier Caramel (250g): dragierte Schokoladenbonbons, gef\u00fcllt mit einer cremigen Ganache aus Karamell und Fleur de Sel.","robots":{"index":"index","follow":"follow","max-snippet":"max-snippet:-1","max-image-preview":"max-image-preview:large","max-video-preview":"max-video-preview:-1"},"canonical":"https:\/\/lessecretsduchocolat.com\/de\/product\/die-moweneier-karamell-250g\/","og_locale":"de_DE","og_type":"article","og_title":"OEUF DE MOUETTE CARAMEL250G","og_description":"D\u00e9couvrez nos \u0152ufs de Mouette Caramel (250g) : des bonbons de chocolat drag\u00e9ifi\u00e9s, fourr\u00e9s d'une onctueuse ganache au caramel et \u00e0 la fleur de sel.","og_url":"https:\/\/lessecretsduchocolat.com\/de\/product\/die-moweneier-karamell-250g\/","og_site_name":"Secrets de Chocolat","article_modified_time":"2026-03-13T08:24:10+00:00","og_image":[{"width":500,"height":500,"url":"https:\/\/lessecretsduchocolat.com\/wp-content\/uploads\/2025\/05\/708.jpg","type":"image\/jpeg"}],"twitter_card":"summary_large_image","twitter_misc":{"Gesch\u00e4tzte Lesezeit":"2\u00a0Minuten"},"schema":{"@context":"https:\/\/schema.org","@graph":[{"@type":"WebPage","@id":"https:\/\/lessecretsduchocolat.com\/produit\/les-oeufs-de-mouette-caramel-250g\/","url":"https:\/\/lessecretsduchocolat.com\/produit\/les-oeufs-de-mouette-caramel-250g\/","name":"M\u00d6WENEI KARAMELL250G","isPartOf":{"@id":"https:\/\/lessecretsduchocolat.com\/#website"},"primaryImageOfPage":{"@id":"https:\/\/lessecretsduchocolat.com\/produit\/les-oeufs-de-mouette-caramel-250g\/#primaryimage"},"image":{"@id":"https:\/\/lessecretsduchocolat.com\/produit\/les-oeufs-de-mouette-caramel-250g\/#primaryimage"},"thumbnailUrl":"https:\/\/lessecretsduchocolat.com\/wp-content\/uploads\/2025\/05\/708.jpg","datePublished":"2021-04-09T06:40:06+00:00","dateModified":"2026-03-13T08:24:10+00:00","description":"Entdecken Sie unsere M\u00f6wen-Eier Caramel (250g): dragierte Schokoladenbonbons, gef\u00fcllt mit einer cremigen Ganache aus Karamell und Fleur de Sel.","breadcrumb":{"@id":"https:\/\/lessecretsduchocolat.com\/produit\/les-oeufs-de-mouette-caramel-250g\/#breadcrumb"},"inLanguage":"de","potentialAction":[{"@type":"ReadAction","target":["https:\/\/lessecretsduchocolat.com\/produit\/les-oeufs-de-mouette-caramel-250g\/"]}]},{"@type":"ImageObject","inLanguage":"de","@id":"https:\/\/lessecretsduchocolat.com\/produit\/les-oeufs-de-mouette-caramel-250g\/#primaryimage","url":"https:\/\/lessecretsduchocolat.com\/wp-content\/uploads\/2025\/05\/708.jpg","contentUrl":"https:\/\/lessecretsduchocolat.com\/wp-content\/uploads\/2025\/05\/708.jpg","width":500,"height":500,"caption":"image oeuf de mouette caramel tubo"},{"@type":"BreadcrumbList","@id":"https:\/\/lessecretsduchocolat.com\/produit\/les-oeufs-de-mouette-caramel-250g\/#breadcrumb","itemListElement":[{"@type":"ListItem","position":1,"name":"Accueil","item":"https:\/\/lessecretsduchocolat.com\/"},{"@type":"ListItem","position":2,"name":"Boutique en ligne","item":"https:\/\/lessecretsduchocolat.com\/magasin\/"},{"@type":"ListItem","position":3,"name":"LES OEUFS DE MOUETTE CARAMEL 250G"}]},{"@type":"WebSite","@id":"https:\/\/lessecretsduchocolat.com\/#website","url":"https:\/\/lessecretsduchocolat.com\/","name":"Secrets de Chocolat (Schokoladengeheimnisse)","description":"","publisher":{"@id":"https:\/\/lessecretsduchocolat.com\/#organization"},"potentialAction":[{"@type":"SearchAction","target":{"@type":"EntryPoint","urlTemplate":"https:\/\/lessecretsduchocolat.com\/?s={search_term_string}"},"query-input":{"@type":"PropertyValueSpecification","valueRequired":true,"valueName":"search_term_string"}}],"inLanguage":"de"},{"@type":"Organization","@id":"https:\/\/lessecretsduchocolat.com\/#organization","name":"Secrets de Chocolat (Schokoladengeheimnisse)","url":"https:\/\/lessecretsduchocolat.com\/","logo":{"@type":"ImageObject","inLanguage":"de","@id":"https:\/\/lessecretsduchocolat.com\/#\/schema\/logo\/image\/","url":"https:\/\/lessecretsduchocolat.com\/wp-content\/uploads\/2025\/05\/logo.png","contentUrl":"https:\/\/lessecretsduchocolat.com\/wp-content\/uploads\/2025\/05\/logo.png","width":198,"height":85,"caption":"Secrets de Chocolat"},"image":{"@id":"https:\/\/lessecretsduchocolat.com\/#\/schema\/logo\/image\/"}}]}},"_links":{"self":[{"href":"https:\/\/lessecretsduchocolat.com\/de\/wp-json\/wp\/v2\/product\/1087","targetHints":{"allow":["GET"]}}],"collection":[{"href":"https:\/\/lessecretsduchocolat.com\/de\/wp-json\/wp\/v2\/product"}],"about":[{"href":"https:\/\/lessecretsduchocolat.com\/de\/wp-json\/wp\/v2\/types\/product"}],"version-history":[{"count":4,"href":"https:\/\/lessecretsduchocolat.com\/de\/wp-json\/wp\/v2\/product\/1087\/revisions"}],"predecessor-version":[{"id":4211,"href":"https:\/\/lessecretsduchocolat.com\/de\/wp-json\/wp\/v2\/product\/1087\/revisions\/4211"}],"wp:featuredmedia":[{"embeddable":true,"href":"https:\/\/lessecretsduchocolat.com\/de\/wp-json\/wp\/v2\/media\/872"}],"wp:attachment":[{"href":"https:\/\/lessecretsduchocolat.com\/de\/wp-json\/wp\/v2\/media?parent=1087"}],"wp:term":[{"taxonomy":"product_brand","embeddable":true,"href":"https:\/\/lessecretsduchocolat.com\/de\/wp-json\/wp\/v2\/product_brand?post=1087"},{"taxonomy":"product_cat","embeddable":true,"href":"https:\/\/lessecretsduchocolat.com\/de\/wp-json\/wp\/v2\/product_cat?post=1087"},{"taxonomy":"product_tag","embeddable":true,"href":"https:\/\/lessecretsduchocolat.com\/de\/wp-json\/wp\/v2\/product_tag?post=1087"}],"curies":[{"name":"wp","href":"https:\/\/api.w.org\/{rel}","templated":true}]}}