{"id":1086,"date":"2021-04-09T06:40:06","date_gmt":"2021-04-09T06:40:06","guid":{"rendered":"https:\/\/preprod.lessecretsduchocolat.com\/?product=les-oeufs-de-mouette-250g"},"modified":"2026-03-29T23:38:16","modified_gmt":"2026-03-29T21:38:16","slug":"die-moweneier-250g","status":"publish","type":"product","link":"https:\/\/lessecretsduchocolat.com\/de\/produit\/les-oeufs-de-mouette-250g\/","title":{"rendered":"DIE M\u00d6WENEIER 250G"},"content":{"rendered":"<p data-start=\"286\" data-end=\"472\">Die <strong data-start=\"290\" data-end=\"323\">M\u00f6weneier <\/strong>sind eine ikonische S\u00fc\u00dfigkeit, die ebenso sch\u00f6n wie schmackhaft ist. Kleine dragierte Schokoladenbonbons, gef\u00fcllt mit einer unwiderstehlich zartschmelzenden Pralin\u00e9f\u00fcllung.<\/p>\n<p data-start=\"474\" data-end=\"645\">Jedes St\u00fcck besticht durch sein marmoriertes Aussehen, das an die gesprenkelten Schalen von M\u00f6weneiern erinnert. Eine originelle Optik, die Augen und Gaumen gleicherma\u00dfen anspricht.<\/p>\n<p data-start=\"647\" data-end=\"808\">Unter dem feinen, knackigen Dragee verbirgt sich eine Schokoladenschale und dann ein gro\u00dfz\u00fcgiges Herz aus cremigem Pralin\u00e9. Ein Gourmet-Erlebnis, das Texturen und Geschm\u00e4cker miteinander verbindet.<\/p>\n<p data-start=\"810\" data-end=\"954\">Im Mund ist der Kontrast perfekt: knuspriger \u00dcberzug, schmelzende Schokolade, intensive S\u00fc\u00dfe der Pralinen. Ein vollst\u00e4ndiges und s\u00fcchtig machendes Vergn\u00fcgen.<\/p>\n<p data-start=\"956\" data-end=\"1088\">Ihr Format in <strong data-start=\"971\" data-end=\"988\">tubo von 250 g<\/strong> ist ideal, um es mit der Familie zu teilen, als Geschenk zu verschenken oder sich einfach selbst im Alltag zu verw\u00f6hnen.<\/p>\n<p data-start=\"1090\" data-end=\"1254\">Diese <strong data-start=\"1094\" data-end=\"1127\">dragierte Pralin\u00e9-Bonbons<\/strong> lassen sich leicht zu allen Gelegenheiten einladen: als Gourmetpause, zum Kaffee, als festlicher Snack oder als Festtafel.<\/p>\n<p data-start=\"1256\" data-end=\"1412\">Ihre elegante Aufmachung und ihre einzigartige Optik machen sie auch zu einer perfekten Leckerei zum Verschenken. Sie bestechen durch ihre Authentizit\u00e4t und Originalit\u00e4t.<\/p>\n<p data-start=\"1414\" data-end=\"1584\">Die <strong data-start=\"1418\" data-end=\"1454\">M\u00f6weneier aus Pralinenschokolade<\/strong> erinnern daran, dass der Genuss sowohl die Augen als auch den Gaumen n\u00e4hrt. Eine Schokolade, die bei jeder Verkostung \u00fcberrascht und begeistert.<\/p>\n<p data-start=\"1586\" data-end=\"1721\">Sie verk\u00f6rpern das Know-how der Chocolatiers, die mit Texturen und Farben spielen, um ein umfassendes Sinneserlebnis zu bieten.<\/p>\n<p data-start=\"1723\" data-end=\"1853\">Einen Tubo d' schenken oder sich selbst schenken<strong data-start=\"1752\" data-end=\"1771\">M\u00f6weneier<\/strong>Wenn Sie sich f\u00fcr eine Schokoladenspezialit\u00e4t entscheiden, dann teilen Sie eine einzigartige dragierte Schokolade, die Phantasie und Genuss vereint.<\/p>","protected":false},"excerpt":{"rendered":"<p>Lassen Sie sich von diesem Leckerbissen mit knuspriger H\u00fclle und zartschmelzendem Nougatkern begeistern! (42,00\u20ac\/kg)<\/p>","protected":false},"featured_media":869,"template":"","meta":{"_acf_changed":false,"site-sidebar-layout":"default","site-content-layout":"","ast-site-content-layout":"default","site-content-style":"default","site-sidebar-style":"default","ast-global-header-display":"","ast-banner-title-visibility":"","ast-main-header-display":"","ast-hfb-above-header-display":"","ast-hfb-below-header-display":"","ast-hfb-mobile-header-display":"","site-post-title":"","ast-breadcrumbs-content":"","ast-featured-img":"","footer-sml-layout":"","ast-disable-related-posts":"","theme-transparent-header-meta":"default","adv-header-id-meta":"","stick-header-meta":"","header-above-stick-meta":"","header-main-stick-meta":"","header-below-stick-meta":"","astra-migrate-meta-layouts":"set","ast-page-background-enabled":"default","ast-page-background-meta":{"desktop":{"background-color":"var(--ast-global-color-4)","background-image":"","background-repeat":"repeat","background-position":"center center","background-size":"auto","background-attachment":"scroll","background-type":"","background-media":"","overlay-type":"","overlay-color":"","overlay-opacity":"","overlay-gradient":""},"tablet":{"background-color":"","background-image":"","background-repeat":"repeat","background-position":"center center","background-size":"auto","background-attachment":"scroll","background-type":"","background-media":"","overlay-type":"","overlay-color":"","overlay-opacity":"","overlay-gradient":""},"mobile":{"background-color":"","background-image":"","background-repeat":"repeat","background-position":"center center","background-size":"auto","background-attachment":"scroll","background-type":"","background-media":"","overlay-type":"","overlay-color":"","overlay-opacity":"","overlay-gradient":""}},"ast-content-background-meta":{"desktop":{"background-color":"var(--ast-global-color-5)","background-image":"","background-repeat":"repeat","background-position":"center center","background-size":"auto","background-attachment":"scroll","background-type":"","background-media":"","overlay-type":"","overlay-color":"","overlay-opacity":"","overlay-gradient":""},"tablet":{"background-color":"var(--ast-global-color-5)","background-image":"","background-repeat":"repeat","background-position":"center center","background-size":"auto","background-attachment":"scroll","background-type":"","background-media":"","overlay-type":"","overlay-color":"","overlay-opacity":"","overlay-gradient":""},"mobile":{"background-color":"var(--ast-global-color-5)","background-image":"","background-repeat":"repeat","background-position":"center center","background-size":"auto","background-attachment":"scroll","background-type":"","background-media":"","overlay-type":"","overlay-color":"","overlay-opacity":"","overlay-gradient":""}},"iawp_total_views":64},"product_brand":[],"product_cat":[108,204],"product_tag":[],"class_list":{"0":"post-1086","1":"product","2":"type-product","3":"status-publish","4":"has-post-thumbnail","6":"product_cat-gourmandises","7":"product_cat-tous-produits","8":"desktop-align-left","9":"tablet-align-left","10":"mobile-align-left","12":"first","13":"instock","14":"taxable","15":"shipping-taxable","16":"purchasable","17":"product-type-simple"},"acf":[],"yoast_head":"<!-- This site is optimized with the Yoast SEO plugin v27.4 - https:\/\/yoast.com\/product\/yoast-seo-wordpress\/ -->\n<title>OEUF DE MOUETTE 250G<\/title>\n<meta name=\"description\" content=\"D\u00e9couvrez Les \u0152ufs de Mouette (250g) : de d\u00e9licieux bonbons de chocolat drag\u00e9ifi\u00e9s, g\u00e9n\u00e9reusement fourr\u00e9s d&#039;un onctueux pralin\u00e9.\" \/>\n<meta name=\"robots\" content=\"index, follow, max-snippet:-1, max-image-preview:large, max-video-preview:-1\" \/>\n<link rel=\"canonical\" href=\"https:\/\/lessecretsduchocolat.com\/de\/product\/die-moweneier-250g\/\" \/>\n<meta property=\"og:locale\" content=\"de_DE\" \/>\n<meta property=\"og:type\" content=\"article\" \/>\n<meta property=\"og:title\" content=\"OEUF DE MOUETTE 250G\" \/>\n<meta property=\"og:description\" content=\"D\u00e9couvrez Les \u0152ufs de Mouette (250g) : de d\u00e9licieux bonbons de chocolat drag\u00e9ifi\u00e9s, g\u00e9n\u00e9reusement fourr\u00e9s d&#039;un onctueux pralin\u00e9.\" \/>\n<meta property=\"og:url\" content=\"https:\/\/lessecretsduchocolat.com\/de\/product\/die-moweneier-250g\/\" \/>\n<meta property=\"og:site_name\" content=\"Secrets de Chocolat\" \/>\n<meta property=\"article:modified_time\" content=\"2026-03-29T21:38:16+00:00\" \/>\n<meta property=\"og:image\" content=\"https:\/\/lessecretsduchocolat.com\/wp-content\/uploads\/2025\/05\/705.jpg\" \/>\n\t<meta property=\"og:image:width\" content=\"500\" \/>\n\t<meta property=\"og:image:height\" content=\"500\" \/>\n\t<meta property=\"og:image:type\" content=\"image\/jpeg\" \/>\n<meta name=\"twitter:card\" content=\"summary_large_image\" \/>\n<meta name=\"twitter:label1\" content=\"Gesch\u00e4tzte Lesezeit\" \/>\n\t<meta name=\"twitter:data1\" content=\"2\u00a0Minuten\" \/>\n<script type=\"application\/ld+json\" class=\"yoast-schema-graph\">{\"@context\":\"https:\\\/\\\/schema.org\",\"@graph\":[{\"@type\":\"WebPage\",\"@id\":\"https:\\\/\\\/lessecretsduchocolat.com\\\/produit\\\/les-oeufs-de-mouette-250g\\\/\",\"url\":\"https:\\\/\\\/lessecretsduchocolat.com\\\/produit\\\/les-oeufs-de-mouette-250g\\\/\",\"name\":\"OEUF DE MOUETTE 250G\",\"isPartOf\":{\"@id\":\"https:\\\/\\\/lessecretsduchocolat.com\\\/#website\"},\"primaryImageOfPage\":{\"@id\":\"https:\\\/\\\/lessecretsduchocolat.com\\\/produit\\\/les-oeufs-de-mouette-250g\\\/#primaryimage\"},\"image\":{\"@id\":\"https:\\\/\\\/lessecretsduchocolat.com\\\/produit\\\/les-oeufs-de-mouette-250g\\\/#primaryimage\"},\"thumbnailUrl\":\"https:\\\/\\\/lessecretsduchocolat.com\\\/wp-content\\\/uploads\\\/2025\\\/05\\\/705.jpg\",\"datePublished\":\"2021-04-09T06:40:06+00:00\",\"dateModified\":\"2026-03-29T21:38:16+00:00\",\"description\":\"D\u00e9couvrez Les \u0152ufs de Mouette (250g) : de d\u00e9licieux bonbons de chocolat drag\u00e9ifi\u00e9s, g\u00e9n\u00e9reusement fourr\u00e9s d'un onctueux pralin\u00e9.\",\"breadcrumb\":{\"@id\":\"https:\\\/\\\/lessecretsduchocolat.com\\\/produit\\\/les-oeufs-de-mouette-250g\\\/#breadcrumb\"},\"inLanguage\":\"de\",\"potentialAction\":[{\"@type\":\"ReadAction\",\"target\":[\"https:\\\/\\\/lessecretsduchocolat.com\\\/produit\\\/les-oeufs-de-mouette-250g\\\/\"]}]},{\"@type\":\"ImageObject\",\"inLanguage\":\"de\",\"@id\":\"https:\\\/\\\/lessecretsduchocolat.com\\\/produit\\\/les-oeufs-de-mouette-250g\\\/#primaryimage\",\"url\":\"https:\\\/\\\/lessecretsduchocolat.com\\\/wp-content\\\/uploads\\\/2025\\\/05\\\/705.jpg\",\"contentUrl\":\"https:\\\/\\\/lessecretsduchocolat.com\\\/wp-content\\\/uploads\\\/2025\\\/05\\\/705.jpg\",\"width\":500,\"height\":500,\"caption\":\"Image oeufs mouette tubo\"},{\"@type\":\"BreadcrumbList\",\"@id\":\"https:\\\/\\\/lessecretsduchocolat.com\\\/produit\\\/les-oeufs-de-mouette-250g\\\/#breadcrumb\",\"itemListElement\":[{\"@type\":\"ListItem\",\"position\":1,\"name\":\"Accueil\",\"item\":\"https:\\\/\\\/lessecretsduchocolat.com\\\/\"},{\"@type\":\"ListItem\",\"position\":2,\"name\":\"Boutique en ligne\",\"item\":\"https:\\\/\\\/lessecretsduchocolat.com\\\/magasin\\\/\"},{\"@type\":\"ListItem\",\"position\":3,\"name\":\"LES OEUFS DE MOUETTE 250G\"}]},{\"@type\":\"WebSite\",\"@id\":\"https:\\\/\\\/lessecretsduchocolat.com\\\/#website\",\"url\":\"https:\\\/\\\/lessecretsduchocolat.com\\\/\",\"name\":\"Secrets de Chocolat\",\"description\":\"\",\"publisher\":{\"@id\":\"https:\\\/\\\/lessecretsduchocolat.com\\\/#organization\"},\"potentialAction\":[{\"@type\":\"SearchAction\",\"target\":{\"@type\":\"EntryPoint\",\"urlTemplate\":\"https:\\\/\\\/lessecretsduchocolat.com\\\/?s={search_term_string}\"},\"query-input\":{\"@type\":\"PropertyValueSpecification\",\"valueRequired\":true,\"valueName\":\"search_term_string\"}}],\"inLanguage\":\"de\"},{\"@type\":\"Organization\",\"@id\":\"https:\\\/\\\/lessecretsduchocolat.com\\\/#organization\",\"name\":\"Secrets de Chocolat\",\"url\":\"https:\\\/\\\/lessecretsduchocolat.com\\\/\",\"logo\":{\"@type\":\"ImageObject\",\"inLanguage\":\"de\",\"@id\":\"https:\\\/\\\/lessecretsduchocolat.com\\\/#\\\/schema\\\/logo\\\/image\\\/\",\"url\":\"https:\\\/\\\/lessecretsduchocolat.com\\\/wp-content\\\/uploads\\\/2025\\\/05\\\/logo.png\",\"contentUrl\":\"https:\\\/\\\/lessecretsduchocolat.com\\\/wp-content\\\/uploads\\\/2025\\\/05\\\/logo.png\",\"width\":198,\"height\":85,\"caption\":\"Secrets de Chocolat\"},\"image\":{\"@id\":\"https:\\\/\\\/lessecretsduchocolat.com\\\/#\\\/schema\\\/logo\\\/image\\\/\"}}]}<\/script>\n<!-- \/ Yoast SEO plugin. -->","yoast_head_json":{"title":"M\u00d6WENEIER 250G","description":"Entdecken Sie Les \u0152ufs de Mouette (250g): k\u00f6stliche dragierte Schokoladenbonbons, gro\u00dfz\u00fcgig gef\u00fcllt mit einer cremigen Pralin\u00e9f\u00fcllung.","robots":{"index":"index","follow":"follow","max-snippet":"max-snippet:-1","max-image-preview":"max-image-preview:large","max-video-preview":"max-video-preview:-1"},"canonical":"https:\/\/lessecretsduchocolat.com\/de\/product\/die-moweneier-250g\/","og_locale":"de_DE","og_type":"article","og_title":"OEUF DE MOUETTE 250G","og_description":"D\u00e9couvrez Les \u0152ufs de Mouette (250g) : de d\u00e9licieux bonbons de chocolat drag\u00e9ifi\u00e9s, g\u00e9n\u00e9reusement fourr\u00e9s d'un onctueux pralin\u00e9.","og_url":"https:\/\/lessecretsduchocolat.com\/de\/product\/die-moweneier-250g\/","og_site_name":"Secrets de Chocolat","article_modified_time":"2026-03-29T21:38:16+00:00","og_image":[{"width":500,"height":500,"url":"https:\/\/lessecretsduchocolat.com\/wp-content\/uploads\/2025\/05\/705.jpg","type":"image\/jpeg"}],"twitter_card":"summary_large_image","twitter_misc":{"Gesch\u00e4tzte Lesezeit":"2\u00a0Minuten"},"schema":{"@context":"https:\/\/schema.org","@graph":[{"@type":"WebPage","@id":"https:\/\/lessecretsduchocolat.com\/produit\/les-oeufs-de-mouette-250g\/","url":"https:\/\/lessecretsduchocolat.com\/produit\/les-oeufs-de-mouette-250g\/","name":"M\u00d6WENEIER 250G","isPartOf":{"@id":"https:\/\/lessecretsduchocolat.com\/#website"},"primaryImageOfPage":{"@id":"https:\/\/lessecretsduchocolat.com\/produit\/les-oeufs-de-mouette-250g\/#primaryimage"},"image":{"@id":"https:\/\/lessecretsduchocolat.com\/produit\/les-oeufs-de-mouette-250g\/#primaryimage"},"thumbnailUrl":"https:\/\/lessecretsduchocolat.com\/wp-content\/uploads\/2025\/05\/705.jpg","datePublished":"2021-04-09T06:40:06+00:00","dateModified":"2026-03-29T21:38:16+00:00","description":"Entdecken Sie Les \u0152ufs de Mouette (250g): k\u00f6stliche dragierte Schokoladenbonbons, gro\u00dfz\u00fcgig gef\u00fcllt mit einer cremigen Pralin\u00e9f\u00fcllung.","breadcrumb":{"@id":"https:\/\/lessecretsduchocolat.com\/produit\/les-oeufs-de-mouette-250g\/#breadcrumb"},"inLanguage":"de","potentialAction":[{"@type":"ReadAction","target":["https:\/\/lessecretsduchocolat.com\/produit\/les-oeufs-de-mouette-250g\/"]}]},{"@type":"ImageObject","inLanguage":"de","@id":"https:\/\/lessecretsduchocolat.com\/produit\/les-oeufs-de-mouette-250g\/#primaryimage","url":"https:\/\/lessecretsduchocolat.com\/wp-content\/uploads\/2025\/05\/705.jpg","contentUrl":"https:\/\/lessecretsduchocolat.com\/wp-content\/uploads\/2025\/05\/705.jpg","width":500,"height":500,"caption":"Image oeufs mouette tubo"},{"@type":"BreadcrumbList","@id":"https:\/\/lessecretsduchocolat.com\/produit\/les-oeufs-de-mouette-250g\/#breadcrumb","itemListElement":[{"@type":"ListItem","position":1,"name":"Accueil","item":"https:\/\/lessecretsduchocolat.com\/"},{"@type":"ListItem","position":2,"name":"Boutique en ligne","item":"https:\/\/lessecretsduchocolat.com\/magasin\/"},{"@type":"ListItem","position":3,"name":"LES OEUFS DE MOUETTE 250G"}]},{"@type":"WebSite","@id":"https:\/\/lessecretsduchocolat.com\/#website","url":"https:\/\/lessecretsduchocolat.com\/","name":"Secrets de Chocolat (Schokoladengeheimnisse)","description":"","publisher":{"@id":"https:\/\/lessecretsduchocolat.com\/#organization"},"potentialAction":[{"@type":"SearchAction","target":{"@type":"EntryPoint","urlTemplate":"https:\/\/lessecretsduchocolat.com\/?s={search_term_string}"},"query-input":{"@type":"PropertyValueSpecification","valueRequired":true,"valueName":"search_term_string"}}],"inLanguage":"de"},{"@type":"Organization","@id":"https:\/\/lessecretsduchocolat.com\/#organization","name":"Secrets de Chocolat (Schokoladengeheimnisse)","url":"https:\/\/lessecretsduchocolat.com\/","logo":{"@type":"ImageObject","inLanguage":"de","@id":"https:\/\/lessecretsduchocolat.com\/#\/schema\/logo\/image\/","url":"https:\/\/lessecretsduchocolat.com\/wp-content\/uploads\/2025\/05\/logo.png","contentUrl":"https:\/\/lessecretsduchocolat.com\/wp-content\/uploads\/2025\/05\/logo.png","width":198,"height":85,"caption":"Secrets de Chocolat"},"image":{"@id":"https:\/\/lessecretsduchocolat.com\/#\/schema\/logo\/image\/"}}]}},"_links":{"self":[{"href":"https:\/\/lessecretsduchocolat.com\/de\/wp-json\/wp\/v2\/product\/1086","targetHints":{"allow":["GET"]}}],"collection":[{"href":"https:\/\/lessecretsduchocolat.com\/de\/wp-json\/wp\/v2\/product"}],"about":[{"href":"https:\/\/lessecretsduchocolat.com\/de\/wp-json\/wp\/v2\/types\/product"}],"version-history":[{"count":4,"href":"https:\/\/lessecretsduchocolat.com\/de\/wp-json\/wp\/v2\/product\/1086\/revisions"}],"predecessor-version":[{"id":4206,"href":"https:\/\/lessecretsduchocolat.com\/de\/wp-json\/wp\/v2\/product\/1086\/revisions\/4206"}],"wp:featuredmedia":[{"embeddable":true,"href":"https:\/\/lessecretsduchocolat.com\/de\/wp-json\/wp\/v2\/media\/869"}],"wp:attachment":[{"href":"https:\/\/lessecretsduchocolat.com\/de\/wp-json\/wp\/v2\/media?parent=1086"}],"wp:term":[{"taxonomy":"product_brand","embeddable":true,"href":"https:\/\/lessecretsduchocolat.com\/de\/wp-json\/wp\/v2\/product_brand?post=1086"},{"taxonomy":"product_cat","embeddable":true,"href":"https:\/\/lessecretsduchocolat.com\/de\/wp-json\/wp\/v2\/product_cat?post=1086"},{"taxonomy":"product_tag","embeddable":true,"href":"https:\/\/lessecretsduchocolat.com\/de\/wp-json\/wp\/v2\/product_tag?post=1086"}],"curies":[{"name":"wp","href":"https:\/\/api.w.org\/{rel}","templated":true}]}}