{"id":1072,"date":"2021-04-02T06:40:06","date_gmt":"2021-04-02T06:40:06","guid":{"rendered":"https:\/\/preprod.lessecretsduchocolat.com\/?product=les-bretzels-70-750g"},"modified":"2026-03-13T09:23:30","modified_gmt":"2026-03-13T08:23:30","slug":"die-brezeln-70-750g","status":"publish","type":"product","link":"https:\/\/lessecretsduchocolat.com\/de\/produit\/les-bretzels-70-750g\/","title":{"rendered":"BREZELKUGELN 70% 750G"},"content":{"rendered":"<p data-start=\"319\" data-end=\"472\">Die <strong data-start=\"323\" data-end=\"369\">Brezelkugeln Zartbitterschokolade 70 %<\/strong>\u00a0sind eine gewagte Leckerei, die die Intensit\u00e4t von Kakao mit der salzigen Knusprigkeit von Brezeln verbindet.<\/p>\n<p data-start=\"474\" data-end=\"651\">Jede Kugel kombiniert einen gro\u00dfz\u00fcgigen \u00dcberzug aus <strong data-start=\"519\" data-end=\"561\">dunkle Schokolade 70 % reine Kakaobutter<\/strong>, kraftvoll und raffiniert, mit einem <strong data-start=\"592\" data-end=\"624\">Herz aus Salzbrezelkeksen<\/strong> k\u00f6stlich knusprig<\/p>\n<p data-start=\"653\" data-end=\"813\">Der Kontrast im Mund ist sofort sp\u00fcrbar: Die subtile Bitterkeit der dunklen Schokolade trifft auf die salzige Spitze des Kekses und schafft eine \u00fcberraschende und s\u00fcchtig machende Harmonie.<\/p>\n<p data-start=\"815\" data-end=\"944\">Mit seinem gro\u00dfz\u00fcgigen Format von <strong data-start=\"843\" data-end=\"852\">750 g<\/strong>Dieser Beutel ist ideal f\u00fcr Liebhaber von Zartbitterschokolade und gro\u00dfe, gesellige Tischrunden.<\/p>\n<p data-start=\"946\" data-end=\"1105\">Diese <strong data-start=\"950\" data-end=\"979\">Brezelkugeln s\u00fc\u00df-sauer<\/strong> eignen sich sowohl f\u00fcr einen originellen Aperitif als auch f\u00fcr einen leckeren Snack oder als unerwarteter Akzent auf einem Buffet.<\/p>\n<p data-start=\"1107\" data-end=\"1217\">Die doppelte Textur - knusprig wie eine Brezel und zart schmelzend wie Schokolade - besticht durch ihre Originalit\u00e4t und Modernit\u00e4t.<\/p>\n<p data-start=\"1219\" data-end=\"1365\">Die <strong data-start=\"1222\" data-end=\"1254\">Schokolade aus reiner Kakaobutter<\/strong> gew\u00e4hrleistet eine einwandfreie Qualit\u00e4t: intensive Aromen, idealer Schmelz und bei jedem Bissen bewahrte Authentizit\u00e4t.<\/p>\n<p data-start=\"1367\" data-end=\"1535\">Sie sind leicht zu teilen und stellen auch eine <strong data-start=\"1415\" data-end=\"1441\">ausgezeichnete Geschenkidee<\/strong> um Liebhaber dunkler Schokolade und Neugierige auf der Suche nach neuen Geschmacksrichtungen zu \u00fcberraschen.<\/p>\n<p data-start=\"1537\" data-end=\"1707\">Die <strong data-start=\"1541\" data-end=\"1587\">Brezelkugeln aus Zartbitterschokolade 70 % in 750 g<\/strong> verk\u00f6rpern eine gro\u00dfz\u00fcgige, gesellige und raffinierte Gaumenfreude, die Liebhabern von Nervenkitzel mit Sicherheit gefallen wird.<\/p>\n<p data-start=\"1709\" data-end=\"1814\">Eine s\u00fc\u00df-salzige Verbindung, die die Codes auf den Kopf stellt und sich als unumg\u00e4ngliches Gourmet-Erlebnis etabliert.<\/p>","protected":false},"excerpt":{"rendered":"<p>Entdecken Sie die els\u00e4ssische Spezialit\u00e4t, die Brezel, in ihrer s\u00fc\u00dfen Version, umh\u00fcllt von Zartbitterschokolade. Eine K\u00f6stlichkeit!<\/p>","protected":false},"featured_media":830,"template":"","meta":{"_acf_changed":false,"site-sidebar-layout":"default","site-content-layout":"","ast-site-content-layout":"default","site-content-style":"default","site-sidebar-style":"default","ast-global-header-display":"","ast-banner-title-visibility":"","ast-main-header-display":"","ast-hfb-above-header-display":"","ast-hfb-below-header-display":"","ast-hfb-mobile-header-display":"","site-post-title":"","ast-breadcrumbs-content":"","ast-featured-img":"","footer-sml-layout":"","theme-transparent-header-meta":"default","adv-header-id-meta":"","stick-header-meta":"","header-above-stick-meta":"","header-main-stick-meta":"","header-below-stick-meta":"","astra-migrate-meta-layouts":"set","ast-page-background-enabled":"default","ast-page-background-meta":{"desktop":{"background-color":"var(--ast-global-color-4)","background-image":"","background-repeat":"repeat","background-position":"center center","background-size":"auto","background-attachment":"scroll","background-type":"","background-media":"","overlay-type":"","overlay-color":"","overlay-opacity":"","overlay-gradient":""},"tablet":{"background-color":"","background-image":"","background-repeat":"repeat","background-position":"center center","background-size":"auto","background-attachment":"scroll","background-type":"","background-media":"","overlay-type":"","overlay-color":"","overlay-opacity":"","overlay-gradient":""},"mobile":{"background-color":"","background-image":"","background-repeat":"repeat","background-position":"center center","background-size":"auto","background-attachment":"scroll","background-type":"","background-media":"","overlay-type":"","overlay-color":"","overlay-opacity":"","overlay-gradient":""}},"ast-content-background-meta":{"desktop":{"background-color":"var(--ast-global-color-5)","background-image":"","background-repeat":"repeat","background-position":"center center","background-size":"auto","background-attachment":"scroll","background-type":"","background-media":"","overlay-type":"","overlay-color":"","overlay-opacity":"","overlay-gradient":""},"tablet":{"background-color":"var(--ast-global-color-5)","background-image":"","background-repeat":"repeat","background-position":"center center","background-size":"auto","background-attachment":"scroll","background-type":"","background-media":"","overlay-type":"","overlay-color":"","overlay-opacity":"","overlay-gradient":""},"mobile":{"background-color":"var(--ast-global-color-5)","background-image":"","background-repeat":"repeat","background-position":"center center","background-size":"auto","background-attachment":"scroll","background-type":"","background-media":"","overlay-type":"","overlay-color":"","overlay-opacity":"","overlay-gradient":""}},"iawp_total_views":60},"product_brand":[],"product_cat":[201,204],"product_tag":[],"class_list":{"0":"post-1072","1":"product","2":"type-product","3":"status-publish","4":"has-post-thumbnail","6":"product_cat-grands-formats","7":"product_cat-tous-produits","8":"desktop-align-left","9":"tablet-align-left","10":"mobile-align-left","12":"first","13":"instock","14":"taxable","15":"shipping-taxable","16":"purchasable","17":"product-type-simple"},"acf":[],"yoast_head":"<!-- This site is optimized with the Yoast SEO plugin v27.4 - https:\/\/yoast.com\/product\/yoast-seo-wordpress\/ -->\n<title>BOULES BRETZEL CHOCOLAT NOIR<\/title>\n<meta name=\"description\" content=\"Boules bretzel chocolat noir 70 % : alliance du cacao intense et du croustillant sal\u00e9 du bretzel. Un format g\u00e9n\u00e9reux, parfait \u00e0 partager.\" \/>\n<meta name=\"robots\" content=\"index, follow, max-snippet:-1, max-image-preview:large, max-video-preview:-1\" \/>\n<link rel=\"canonical\" href=\"https:\/\/lessecretsduchocolat.com\/de\/product\/die-brezeln-70-750g\/\" \/>\n<meta property=\"og:locale\" content=\"de_DE\" \/>\n<meta property=\"og:type\" content=\"article\" \/>\n<meta property=\"og:title\" content=\"BOULES BRETZEL CHOCOLAT NOIR\" \/>\n<meta property=\"og:description\" content=\"Boules bretzel chocolat noir 70 % : alliance du cacao intense et du croustillant sal\u00e9 du bretzel. Un format g\u00e9n\u00e9reux, parfait \u00e0 partager.\" \/>\n<meta property=\"og:url\" content=\"https:\/\/lessecretsduchocolat.com\/de\/product\/die-brezeln-70-750g\/\" \/>\n<meta property=\"og:site_name\" content=\"Secrets de Chocolat\" \/>\n<meta property=\"article:modified_time\" content=\"2026-03-13T08:23:30+00:00\" \/>\n<meta property=\"og:image\" content=\"https:\/\/lessecretsduchocolat.com\/wp-content\/uploads\/2025\/05\/753.jpg\" \/>\n\t<meta property=\"og:image:width\" content=\"500\" \/>\n\t<meta property=\"og:image:height\" content=\"500\" \/>\n\t<meta property=\"og:image:type\" content=\"image\/jpeg\" \/>\n<meta name=\"twitter:card\" content=\"summary_large_image\" \/>\n<meta name=\"twitter:label1\" content=\"Gesch\u00e4tzte Lesezeit\" \/>\n\t<meta name=\"twitter:data1\" content=\"2\u00a0Minuten\" \/>\n<script type=\"application\/ld+json\" class=\"yoast-schema-graph\">{\"@context\":\"https:\\\/\\\/schema.org\",\"@graph\":[{\"@type\":\"WebPage\",\"@id\":\"https:\\\/\\\/lessecretsduchocolat.com\\\/produit\\\/les-bretzels-70-750g\\\/\",\"url\":\"https:\\\/\\\/lessecretsduchocolat.com\\\/produit\\\/les-bretzels-70-750g\\\/\",\"name\":\"BOULES BRETZEL CHOCOLAT NOIR\",\"isPartOf\":{\"@id\":\"https:\\\/\\\/lessecretsduchocolat.com\\\/#website\"},\"primaryImageOfPage\":{\"@id\":\"https:\\\/\\\/lessecretsduchocolat.com\\\/produit\\\/les-bretzels-70-750g\\\/#primaryimage\"},\"image\":{\"@id\":\"https:\\\/\\\/lessecretsduchocolat.com\\\/produit\\\/les-bretzels-70-750g\\\/#primaryimage\"},\"thumbnailUrl\":\"https:\\\/\\\/lessecretsduchocolat.com\\\/wp-content\\\/uploads\\\/2025\\\/05\\\/753.jpg\",\"datePublished\":\"2021-04-02T06:40:06+00:00\",\"dateModified\":\"2026-03-13T08:23:30+00:00\",\"description\":\"Boules bretzel chocolat noir 70 % : alliance du cacao intense et du croustillant sal\u00e9 du bretzel. Un format g\u00e9n\u00e9reux, parfait \u00e0 partager.\",\"breadcrumb\":{\"@id\":\"https:\\\/\\\/lessecretsduchocolat.com\\\/produit\\\/les-bretzels-70-750g\\\/#breadcrumb\"},\"inLanguage\":\"de\",\"potentialAction\":[{\"@type\":\"ReadAction\",\"target\":[\"https:\\\/\\\/lessecretsduchocolat.com\\\/produit\\\/les-bretzels-70-750g\\\/\"]}]},{\"@type\":\"ImageObject\",\"inLanguage\":\"de\",\"@id\":\"https:\\\/\\\/lessecretsduchocolat.com\\\/produit\\\/les-bretzels-70-750g\\\/#primaryimage\",\"url\":\"https:\\\/\\\/lessecretsduchocolat.com\\\/wp-content\\\/uploads\\\/2025\\\/05\\\/753.jpg\",\"contentUrl\":\"https:\\\/\\\/lessecretsduchocolat.com\\\/wp-content\\\/uploads\\\/2025\\\/05\\\/753.jpg\",\"width\":500,\"height\":500},{\"@type\":\"BreadcrumbList\",\"@id\":\"https:\\\/\\\/lessecretsduchocolat.com\\\/produit\\\/les-bretzels-70-750g\\\/#breadcrumb\",\"itemListElement\":[{\"@type\":\"ListItem\",\"position\":1,\"name\":\"Accueil\",\"item\":\"https:\\\/\\\/lessecretsduchocolat.com\\\/\"},{\"@type\":\"ListItem\",\"position\":2,\"name\":\"Boutique en ligne\",\"item\":\"https:\\\/\\\/lessecretsduchocolat.com\\\/magasin\\\/\"},{\"@type\":\"ListItem\",\"position\":3,\"name\":\"BOULES BRETZELS 70% 750G\"}]},{\"@type\":\"WebSite\",\"@id\":\"https:\\\/\\\/lessecretsduchocolat.com\\\/#website\",\"url\":\"https:\\\/\\\/lessecretsduchocolat.com\\\/\",\"name\":\"Secrets de Chocolat\",\"description\":\"\",\"publisher\":{\"@id\":\"https:\\\/\\\/lessecretsduchocolat.com\\\/#organization\"},\"potentialAction\":[{\"@type\":\"SearchAction\",\"target\":{\"@type\":\"EntryPoint\",\"urlTemplate\":\"https:\\\/\\\/lessecretsduchocolat.com\\\/?s={search_term_string}\"},\"query-input\":{\"@type\":\"PropertyValueSpecification\",\"valueRequired\":true,\"valueName\":\"search_term_string\"}}],\"inLanguage\":\"de\"},{\"@type\":\"Organization\",\"@id\":\"https:\\\/\\\/lessecretsduchocolat.com\\\/#organization\",\"name\":\"Secrets de Chocolat\",\"url\":\"https:\\\/\\\/lessecretsduchocolat.com\\\/\",\"logo\":{\"@type\":\"ImageObject\",\"inLanguage\":\"de\",\"@id\":\"https:\\\/\\\/lessecretsduchocolat.com\\\/#\\\/schema\\\/logo\\\/image\\\/\",\"url\":\"https:\\\/\\\/lessecretsduchocolat.com\\\/wp-content\\\/uploads\\\/2025\\\/05\\\/logo.png\",\"contentUrl\":\"https:\\\/\\\/lessecretsduchocolat.com\\\/wp-content\\\/uploads\\\/2025\\\/05\\\/logo.png\",\"width\":198,\"height\":85,\"caption\":\"Secrets de Chocolat\"},\"image\":{\"@id\":\"https:\\\/\\\/lessecretsduchocolat.com\\\/#\\\/schema\\\/logo\\\/image\\\/\"}}]}<\/script>\n<!-- \/ Yoast SEO plugin. -->","yoast_head_json":{"title":"BREZELKUGELN AUS ZARTBITTERSCHOKOLADE","description":"Brezelkugeln aus Zartbitterschokolade 70 %: Eine Kombination aus intensivem Kakao und dem salzigen Knuspern der Brezel. Ein gro\u00dfz\u00fcgiges Format, perfekt zum Teilen.","robots":{"index":"index","follow":"follow","max-snippet":"max-snippet:-1","max-image-preview":"max-image-preview:large","max-video-preview":"max-video-preview:-1"},"canonical":"https:\/\/lessecretsduchocolat.com\/de\/product\/die-brezeln-70-750g\/","og_locale":"de_DE","og_type":"article","og_title":"BOULES BRETZEL CHOCOLAT NOIR","og_description":"Boules bretzel chocolat noir 70 % : alliance du cacao intense et du croustillant sal\u00e9 du bretzel. Un format g\u00e9n\u00e9reux, parfait \u00e0 partager.","og_url":"https:\/\/lessecretsduchocolat.com\/de\/product\/die-brezeln-70-750g\/","og_site_name":"Secrets de Chocolat","article_modified_time":"2026-03-13T08:23:30+00:00","og_image":[{"width":500,"height":500,"url":"https:\/\/lessecretsduchocolat.com\/wp-content\/uploads\/2025\/05\/753.jpg","type":"image\/jpeg"}],"twitter_card":"summary_large_image","twitter_misc":{"Gesch\u00e4tzte Lesezeit":"2\u00a0Minuten"},"schema":{"@context":"https:\/\/schema.org","@graph":[{"@type":"WebPage","@id":"https:\/\/lessecretsduchocolat.com\/produit\/les-bretzels-70-750g\/","url":"https:\/\/lessecretsduchocolat.com\/produit\/les-bretzels-70-750g\/","name":"BREZELKUGELN AUS ZARTBITTERSCHOKOLADE","isPartOf":{"@id":"https:\/\/lessecretsduchocolat.com\/#website"},"primaryImageOfPage":{"@id":"https:\/\/lessecretsduchocolat.com\/produit\/les-bretzels-70-750g\/#primaryimage"},"image":{"@id":"https:\/\/lessecretsduchocolat.com\/produit\/les-bretzels-70-750g\/#primaryimage"},"thumbnailUrl":"https:\/\/lessecretsduchocolat.com\/wp-content\/uploads\/2025\/05\/753.jpg","datePublished":"2021-04-02T06:40:06+00:00","dateModified":"2026-03-13T08:23:30+00:00","description":"Brezelkugeln aus Zartbitterschokolade 70 %: Eine Kombination aus intensivem Kakao und dem salzigen Knuspern der Brezel. Ein gro\u00dfz\u00fcgiges Format, perfekt zum Teilen.","breadcrumb":{"@id":"https:\/\/lessecretsduchocolat.com\/produit\/les-bretzels-70-750g\/#breadcrumb"},"inLanguage":"de","potentialAction":[{"@type":"ReadAction","target":["https:\/\/lessecretsduchocolat.com\/produit\/les-bretzels-70-750g\/"]}]},{"@type":"ImageObject","inLanguage":"de","@id":"https:\/\/lessecretsduchocolat.com\/produit\/les-bretzels-70-750g\/#primaryimage","url":"https:\/\/lessecretsduchocolat.com\/wp-content\/uploads\/2025\/05\/753.jpg","contentUrl":"https:\/\/lessecretsduchocolat.com\/wp-content\/uploads\/2025\/05\/753.jpg","width":500,"height":500},{"@type":"BreadcrumbList","@id":"https:\/\/lessecretsduchocolat.com\/produit\/les-bretzels-70-750g\/#breadcrumb","itemListElement":[{"@type":"ListItem","position":1,"name":"Accueil","item":"https:\/\/lessecretsduchocolat.com\/"},{"@type":"ListItem","position":2,"name":"Boutique en ligne","item":"https:\/\/lessecretsduchocolat.com\/magasin\/"},{"@type":"ListItem","position":3,"name":"BOULES BRETZELS 70% 750G"}]},{"@type":"WebSite","@id":"https:\/\/lessecretsduchocolat.com\/#website","url":"https:\/\/lessecretsduchocolat.com\/","name":"Secrets de Chocolat (Schokoladengeheimnisse)","description":"","publisher":{"@id":"https:\/\/lessecretsduchocolat.com\/#organization"},"potentialAction":[{"@type":"SearchAction","target":{"@type":"EntryPoint","urlTemplate":"https:\/\/lessecretsduchocolat.com\/?s={search_term_string}"},"query-input":{"@type":"PropertyValueSpecification","valueRequired":true,"valueName":"search_term_string"}}],"inLanguage":"de"},{"@type":"Organization","@id":"https:\/\/lessecretsduchocolat.com\/#organization","name":"Secrets de Chocolat (Schokoladengeheimnisse)","url":"https:\/\/lessecretsduchocolat.com\/","logo":{"@type":"ImageObject","inLanguage":"de","@id":"https:\/\/lessecretsduchocolat.com\/#\/schema\/logo\/image\/","url":"https:\/\/lessecretsduchocolat.com\/wp-content\/uploads\/2025\/05\/logo.png","contentUrl":"https:\/\/lessecretsduchocolat.com\/wp-content\/uploads\/2025\/05\/logo.png","width":198,"height":85,"caption":"Secrets de Chocolat"},"image":{"@id":"https:\/\/lessecretsduchocolat.com\/#\/schema\/logo\/image\/"}}]}},"_links":{"self":[{"href":"https:\/\/lessecretsduchocolat.com\/de\/wp-json\/wp\/v2\/product\/1072","targetHints":{"allow":["GET"]}}],"collection":[{"href":"https:\/\/lessecretsduchocolat.com\/de\/wp-json\/wp\/v2\/product"}],"about":[{"href":"https:\/\/lessecretsduchocolat.com\/de\/wp-json\/wp\/v2\/types\/product"}],"version-history":[{"count":3,"href":"https:\/\/lessecretsduchocolat.com\/de\/wp-json\/wp\/v2\/product\/1072\/revisions"}],"predecessor-version":[{"id":4112,"href":"https:\/\/lessecretsduchocolat.com\/de\/wp-json\/wp\/v2\/product\/1072\/revisions\/4112"}],"wp:featuredmedia":[{"embeddable":true,"href":"https:\/\/lessecretsduchocolat.com\/de\/wp-json\/wp\/v2\/media\/830"}],"wp:attachment":[{"href":"https:\/\/lessecretsduchocolat.com\/de\/wp-json\/wp\/v2\/media?parent=1072"}],"wp:term":[{"taxonomy":"product_brand","embeddable":true,"href":"https:\/\/lessecretsduchocolat.com\/de\/wp-json\/wp\/v2\/product_brand?post=1072"},{"taxonomy":"product_cat","embeddable":true,"href":"https:\/\/lessecretsduchocolat.com\/de\/wp-json\/wp\/v2\/product_cat?post=1072"},{"taxonomy":"product_tag","embeddable":true,"href":"https:\/\/lessecretsduchocolat.com\/de\/wp-json\/wp\/v2\/product_tag?post=1072"}],"curies":[{"name":"wp","href":"https:\/\/api.w.org\/{rel}","templated":true}]}}