{"id":1066,"date":"2021-03-27T06:40:06","date_gmt":"2021-03-27T06:40:06","guid":{"rendered":"https:\/\/preprod.lessecretsduchocolat.com\/?product=chocolat-de-couverture-blanc-650g"},"modified":"2026-03-13T09:05:08","modified_gmt":"2026-03-13T08:05:08","slug":"weise-kuverture-650g","status":"publish","type":"product","link":"https:\/\/lessecretsduchocolat.com\/de\/produit\/chocolat-de-couverture-blanc-650g\/","title":{"rendered":"WEISSE KUVERT\u00dcRE 650G"},"content":{"rendered":"<p data-start=\"288\" data-end=\"462\">Die <strong data-start=\"291\" data-end=\"329\">wei\u00dfe Kuvert\u00fcre <\/strong>ist ein Muss f\u00fcr alle, die sich f\u00fcr Patisserie und hausgemachte Kreationen begeistern. Eine technische, genussvolle und vielseitige Schokolade.<\/p>\n<p data-start=\"464\" data-end=\"615\">Hergestellt mit <strong data-start=\"480\" data-end=\"503\">reine Kakaobutter<\/strong>Diese wei\u00dfe Schokolade besticht durch ihre seidige Textur und ihren zarten Geschmack, der von s\u00fc\u00dfen und milchigen Noten gepr\u00e4gt ist.<\/p>\n<p data-start=\"617\" data-end=\"783\">Dank seiner idealen Flie\u00dff\u00e4higkeit ist er perfekt f\u00fcr <strong data-start=\"669\" data-end=\"682\">Beschichtungen<\/strong>Die <strong data-start=\"688\" data-end=\"700\">Abg\u00fcsse<\/strong>Die <strong data-start=\"706\" data-end=\"718\">ganaches<\/strong>Die <strong data-start=\"724\" data-end=\"735\">Schaumstoffe<\/strong>Sie k\u00f6nnen auch f\u00fcr feine und pr\u00e4zise Dekorationen verwendet werden.<\/p>\n<p data-start=\"785\" data-end=\"971\">Sein gleichm\u00e4\u00dfiges und homogenes Gusseisen erleichtert die Handhabung und garantiert professionelle Ergebnisse, selbst in einer Familienk\u00fcche. Ein wertvoller Vorteil, damit Ihnen alle Ihre Rezepte gelingen.<\/p>\n<p data-start=\"973\" data-end=\"1140\">Mit seinem praktischen Format von <strong data-start=\"1001\" data-end=\"1010\">650 g<\/strong>Diese Kuvert\u00fcre bietet die richtige Menge f\u00fcr viele Desserts, Kreationen oder festliche Backwaren.<\/p>\n<p data-start=\"1142\" data-end=\"1275\">Der ausgewogene Zuckergehalt und der hohe Anteil an Kakaobutter erm\u00f6glichen perfekt glatte, gl\u00e4nzende und leckere Zubereitungen.<\/p>\n<p data-start=\"1277\" data-end=\"1407\">Sie l\u00e4sst sich leicht temperieren, was eine unerl\u00e4ssliche Voraussetzung f\u00fcr eine Schokolade ist, die knackt, gl\u00e4nzt und nicht wei\u00df wird.<\/p>\n<p data-start=\"1409\" data-end=\"1572\">Diese wei\u00dfe Kuvert\u00fcre ist ideal f\u00fcr Liebhaber wie f\u00fcr passionierte Chocolatiers und eignet sich auch hervorragend als Basis f\u00fcr kreative Kombinationen.<\/p>\n<p data-start=\"1574\" data-end=\"1695\">F\u00fcgen Sie Trockenfr\u00fcchte oder Gew\u00fcrze hinzu oder kombinieren Sie sie mit anderen Schokoladensorten, um raffinierte und einzigartige Desserts zu kreieren.<\/p>\n<p data-start=\"1697\" data-end=\"1847\">Die <strong data-start=\"1700\" data-end=\"1738\">wei\u00dfe Kuvert\u00fcre <\/strong>ist eine echte Einladung zur Fantasie und zum Schlemmen. Ein Muss f\u00fcr kreative K\u00fcchen.<\/p>","protected":false},"excerpt":{"rendered":"<p><strong>Lassen Sie den Konditor in Ihnen sprechen! Verw\u00f6hnen Sie Ihre Lieben mit k\u00f6stlichen Kreationen aus wei\u00dfer Schokolade.<\/strong><\/p>","protected":false},"featured_media":813,"template":"","meta":{"_acf_changed":false,"site-sidebar-layout":"default","site-content-layout":"","ast-site-content-layout":"default","site-content-style":"default","site-sidebar-style":"default","ast-global-header-display":"","ast-banner-title-visibility":"","ast-main-header-display":"","ast-hfb-above-header-display":"","ast-hfb-below-header-display":"","ast-hfb-mobile-header-display":"","site-post-title":"","ast-breadcrumbs-content":"","ast-featured-img":"","footer-sml-layout":"","ast-disable-related-posts":"","theme-transparent-header-meta":"default","adv-header-id-meta":"","stick-header-meta":"","header-above-stick-meta":"","header-main-stick-meta":"","header-below-stick-meta":"","astra-migrate-meta-layouts":"set","ast-page-background-enabled":"default","ast-page-background-meta":{"desktop":{"background-color":"var(--ast-global-color-4)","background-image":"","background-repeat":"repeat","background-position":"center center","background-size":"auto","background-attachment":"scroll","background-type":"","background-media":"","overlay-type":"","overlay-color":"","overlay-opacity":"","overlay-gradient":""},"tablet":{"background-color":"","background-image":"","background-repeat":"repeat","background-position":"center center","background-size":"auto","background-attachment":"scroll","background-type":"","background-media":"","overlay-type":"","overlay-color":"","overlay-opacity":"","overlay-gradient":""},"mobile":{"background-color":"","background-image":"","background-repeat":"repeat","background-position":"center center","background-size":"auto","background-attachment":"scroll","background-type":"","background-media":"","overlay-type":"","overlay-color":"","overlay-opacity":"","overlay-gradient":""}},"ast-content-background-meta":{"desktop":{"background-color":"var(--ast-global-color-5)","background-image":"","background-repeat":"repeat","background-position":"center center","background-size":"auto","background-attachment":"scroll","background-type":"","background-media":"","overlay-type":"","overlay-color":"","overlay-opacity":"","overlay-gradient":""},"tablet":{"background-color":"var(--ast-global-color-5)","background-image":"","background-repeat":"repeat","background-position":"center center","background-size":"auto","background-attachment":"scroll","background-type":"","background-media":"","overlay-type":"","overlay-color":"","overlay-opacity":"","overlay-gradient":""},"mobile":{"background-color":"var(--ast-global-color-5)","background-image":"","background-repeat":"repeat","background-position":"center center","background-size":"auto","background-attachment":"scroll","background-type":"","background-media":"","overlay-type":"","overlay-color":"","overlay-opacity":"","overlay-gradient":""}},"iawp_total_views":14},"product_brand":[],"product_cat":[204],"product_tag":[],"class_list":{"0":"post-1066","1":"product","2":"type-product","3":"status-publish","4":"has-post-thumbnail","6":"product_cat-tous-produits","7":"desktop-align-left","8":"tablet-align-left","9":"mobile-align-left","11":"first","12":"instock","13":"taxable","14":"shipping-taxable","15":"purchasable","16":"product-type-simple"},"acf":[],"yoast_head":"<!-- This site is optimized with the Yoast SEO plugin v27.4 - https:\/\/yoast.com\/product\/yoast-seo-wordpress\/ -->\n<title>CHOCOLAT DE COUVERTURE BLANC 650G<\/title>\n<meta name=\"description\" content=\"Chocolat de couverture blanc : pur beurre de cacao, texture fluide et fondante. Id\u00e9al pour p\u00e2tisserie, enrobages, ganaches et cr\u00e9ations gourmandes maison.\" \/>\n<meta name=\"robots\" content=\"index, follow, max-snippet:-1, max-image-preview:large, max-video-preview:-1\" \/>\n<link rel=\"canonical\" href=\"https:\/\/lessecretsduchocolat.com\/de\/product\/weise-kuverture-650g\/\" \/>\n<meta property=\"og:locale\" content=\"de_DE\" \/>\n<meta property=\"og:type\" content=\"article\" \/>\n<meta property=\"og:title\" content=\"CHOCOLAT DE COUVERTURE BLANC 650G\" \/>\n<meta property=\"og:description\" content=\"Chocolat de couverture blanc : pur beurre de cacao, texture fluide et fondante. Id\u00e9al pour p\u00e2tisserie, enrobages, ganaches et cr\u00e9ations gourmandes maison.\" \/>\n<meta property=\"og:url\" content=\"https:\/\/lessecretsduchocolat.com\/de\/product\/weise-kuverture-650g\/\" \/>\n<meta property=\"og:site_name\" content=\"Secrets de Chocolat\" \/>\n<meta property=\"article:modified_time\" content=\"2026-03-13T08:05:08+00:00\" \/>\n<meta property=\"og:image\" content=\"https:\/\/lessecretsduchocolat.com\/wp-content\/uploads\/2025\/05\/684.jpg\" \/>\n\t<meta property=\"og:image:width\" content=\"500\" \/>\n\t<meta property=\"og:image:height\" content=\"500\" \/>\n\t<meta property=\"og:image:type\" content=\"image\/jpeg\" \/>\n<meta name=\"twitter:card\" content=\"summary_large_image\" \/>\n<meta name=\"twitter:label1\" content=\"Gesch\u00e4tzte Lesezeit\" \/>\n\t<meta name=\"twitter:data1\" content=\"2\u00a0Minuten\" \/>\n<script type=\"application\/ld+json\" class=\"yoast-schema-graph\">{\"@context\":\"https:\\\/\\\/schema.org\",\"@graph\":[{\"@type\":\"WebPage\",\"@id\":\"https:\\\/\\\/lessecretsduchocolat.com\\\/produit\\\/chocolat-de-couverture-blanc-650g\\\/\",\"url\":\"https:\\\/\\\/lessecretsduchocolat.com\\\/produit\\\/chocolat-de-couverture-blanc-650g\\\/\",\"name\":\"CHOCOLAT DE COUVERTURE BLANC 650G\",\"isPartOf\":{\"@id\":\"https:\\\/\\\/lessecretsduchocolat.com\\\/#website\"},\"primaryImageOfPage\":{\"@id\":\"https:\\\/\\\/lessecretsduchocolat.com\\\/produit\\\/chocolat-de-couverture-blanc-650g\\\/#primaryimage\"},\"image\":{\"@id\":\"https:\\\/\\\/lessecretsduchocolat.com\\\/produit\\\/chocolat-de-couverture-blanc-650g\\\/#primaryimage\"},\"thumbnailUrl\":\"https:\\\/\\\/lessecretsduchocolat.com\\\/wp-content\\\/uploads\\\/2025\\\/05\\\/684.jpg\",\"datePublished\":\"2021-03-27T06:40:06+00:00\",\"dateModified\":\"2026-03-13T08:05:08+00:00\",\"description\":\"Chocolat de couverture blanc : pur beurre de cacao, texture fluide et fondante. Id\u00e9al pour p\u00e2tisserie, enrobages, ganaches et cr\u00e9ations gourmandes maison.\",\"breadcrumb\":{\"@id\":\"https:\\\/\\\/lessecretsduchocolat.com\\\/produit\\\/chocolat-de-couverture-blanc-650g\\\/#breadcrumb\"},\"inLanguage\":\"de\",\"potentialAction\":[{\"@type\":\"ReadAction\",\"target\":[\"https:\\\/\\\/lessecretsduchocolat.com\\\/produit\\\/chocolat-de-couverture-blanc-650g\\\/\"]}]},{\"@type\":\"ImageObject\",\"inLanguage\":\"de\",\"@id\":\"https:\\\/\\\/lessecretsduchocolat.com\\\/produit\\\/chocolat-de-couverture-blanc-650g\\\/#primaryimage\",\"url\":\"https:\\\/\\\/lessecretsduchocolat.com\\\/wp-content\\\/uploads\\\/2025\\\/05\\\/684.jpg\",\"contentUrl\":\"https:\\\/\\\/lessecretsduchocolat.com\\\/wp-content\\\/uploads\\\/2025\\\/05\\\/684.jpg\",\"width\":500,\"height\":500},{\"@type\":\"BreadcrumbList\",\"@id\":\"https:\\\/\\\/lessecretsduchocolat.com\\\/produit\\\/chocolat-de-couverture-blanc-650g\\\/#breadcrumb\",\"itemListElement\":[{\"@type\":\"ListItem\",\"position\":1,\"name\":\"Accueil\",\"item\":\"https:\\\/\\\/lessecretsduchocolat.com\\\/\"},{\"@type\":\"ListItem\",\"position\":2,\"name\":\"Boutique en ligne\",\"item\":\"https:\\\/\\\/lessecretsduchocolat.com\\\/magasin\\\/\"},{\"@type\":\"ListItem\",\"position\":3,\"name\":\"CHOCOLAT DE COUVERTURE BLANC 650G\"}]},{\"@type\":\"WebSite\",\"@id\":\"https:\\\/\\\/lessecretsduchocolat.com\\\/#website\",\"url\":\"https:\\\/\\\/lessecretsduchocolat.com\\\/\",\"name\":\"Secrets de Chocolat\",\"description\":\"\",\"publisher\":{\"@id\":\"https:\\\/\\\/lessecretsduchocolat.com\\\/#organization\"},\"potentialAction\":[{\"@type\":\"SearchAction\",\"target\":{\"@type\":\"EntryPoint\",\"urlTemplate\":\"https:\\\/\\\/lessecretsduchocolat.com\\\/?s={search_term_string}\"},\"query-input\":{\"@type\":\"PropertyValueSpecification\",\"valueRequired\":true,\"valueName\":\"search_term_string\"}}],\"inLanguage\":\"de\"},{\"@type\":\"Organization\",\"@id\":\"https:\\\/\\\/lessecretsduchocolat.com\\\/#organization\",\"name\":\"Secrets de Chocolat\",\"url\":\"https:\\\/\\\/lessecretsduchocolat.com\\\/\",\"logo\":{\"@type\":\"ImageObject\",\"inLanguage\":\"de\",\"@id\":\"https:\\\/\\\/lessecretsduchocolat.com\\\/#\\\/schema\\\/logo\\\/image\\\/\",\"url\":\"https:\\\/\\\/lessecretsduchocolat.com\\\/wp-content\\\/uploads\\\/2025\\\/05\\\/logo.png\",\"contentUrl\":\"https:\\\/\\\/lessecretsduchocolat.com\\\/wp-content\\\/uploads\\\/2025\\\/05\\\/logo.png\",\"width\":198,\"height\":85,\"caption\":\"Secrets de Chocolat\"},\"image\":{\"@id\":\"https:\\\/\\\/lessecretsduchocolat.com\\\/#\\\/schema\\\/logo\\\/image\\\/\"}}]}<\/script>\n<!-- \/ Yoast SEO plugin. -->","yoast_head_json":{"title":"WEISSE KUVERT\u00dcRE 650G","description":"Wei\u00dfe Kuvert\u00fcre: reine Kakaobutter, fl\u00fcssige und zartschmelzende Textur. Ideal f\u00fcr Geb\u00e4ck, \u00dcberz\u00fcge, Ganaches und hausgemachte Gourmetkreationen.","robots":{"index":"index","follow":"follow","max-snippet":"max-snippet:-1","max-image-preview":"max-image-preview:large","max-video-preview":"max-video-preview:-1"},"canonical":"https:\/\/lessecretsduchocolat.com\/de\/product\/weise-kuverture-650g\/","og_locale":"de_DE","og_type":"article","og_title":"CHOCOLAT DE COUVERTURE BLANC 650G","og_description":"Chocolat de couverture blanc : pur beurre de cacao, texture fluide et fondante. Id\u00e9al pour p\u00e2tisserie, enrobages, ganaches et cr\u00e9ations gourmandes maison.","og_url":"https:\/\/lessecretsduchocolat.com\/de\/product\/weise-kuverture-650g\/","og_site_name":"Secrets de Chocolat","article_modified_time":"2026-03-13T08:05:08+00:00","og_image":[{"width":500,"height":500,"url":"https:\/\/lessecretsduchocolat.com\/wp-content\/uploads\/2025\/05\/684.jpg","type":"image\/jpeg"}],"twitter_card":"summary_large_image","twitter_misc":{"Gesch\u00e4tzte Lesezeit":"2\u00a0Minuten"},"schema":{"@context":"https:\/\/schema.org","@graph":[{"@type":"WebPage","@id":"https:\/\/lessecretsduchocolat.com\/produit\/chocolat-de-couverture-blanc-650g\/","url":"https:\/\/lessecretsduchocolat.com\/produit\/chocolat-de-couverture-blanc-650g\/","name":"WEISSE KUVERT\u00dcRE 650G","isPartOf":{"@id":"https:\/\/lessecretsduchocolat.com\/#website"},"primaryImageOfPage":{"@id":"https:\/\/lessecretsduchocolat.com\/produit\/chocolat-de-couverture-blanc-650g\/#primaryimage"},"image":{"@id":"https:\/\/lessecretsduchocolat.com\/produit\/chocolat-de-couverture-blanc-650g\/#primaryimage"},"thumbnailUrl":"https:\/\/lessecretsduchocolat.com\/wp-content\/uploads\/2025\/05\/684.jpg","datePublished":"2021-03-27T06:40:06+00:00","dateModified":"2026-03-13T08:05:08+00:00","description":"Wei\u00dfe Kuvert\u00fcre: reine Kakaobutter, fl\u00fcssige und zartschmelzende Textur. Ideal f\u00fcr Geb\u00e4ck, \u00dcberz\u00fcge, Ganaches und hausgemachte Gourmetkreationen.","breadcrumb":{"@id":"https:\/\/lessecretsduchocolat.com\/produit\/chocolat-de-couverture-blanc-650g\/#breadcrumb"},"inLanguage":"de","potentialAction":[{"@type":"ReadAction","target":["https:\/\/lessecretsduchocolat.com\/produit\/chocolat-de-couverture-blanc-650g\/"]}]},{"@type":"ImageObject","inLanguage":"de","@id":"https:\/\/lessecretsduchocolat.com\/produit\/chocolat-de-couverture-blanc-650g\/#primaryimage","url":"https:\/\/lessecretsduchocolat.com\/wp-content\/uploads\/2025\/05\/684.jpg","contentUrl":"https:\/\/lessecretsduchocolat.com\/wp-content\/uploads\/2025\/05\/684.jpg","width":500,"height":500},{"@type":"BreadcrumbList","@id":"https:\/\/lessecretsduchocolat.com\/produit\/chocolat-de-couverture-blanc-650g\/#breadcrumb","itemListElement":[{"@type":"ListItem","position":1,"name":"Accueil","item":"https:\/\/lessecretsduchocolat.com\/"},{"@type":"ListItem","position":2,"name":"Boutique en ligne","item":"https:\/\/lessecretsduchocolat.com\/magasin\/"},{"@type":"ListItem","position":3,"name":"CHOCOLAT DE COUVERTURE BLANC 650G"}]},{"@type":"WebSite","@id":"https:\/\/lessecretsduchocolat.com\/#website","url":"https:\/\/lessecretsduchocolat.com\/","name":"Secrets de Chocolat (Schokoladengeheimnisse)","description":"","publisher":{"@id":"https:\/\/lessecretsduchocolat.com\/#organization"},"potentialAction":[{"@type":"SearchAction","target":{"@type":"EntryPoint","urlTemplate":"https:\/\/lessecretsduchocolat.com\/?s={search_term_string}"},"query-input":{"@type":"PropertyValueSpecification","valueRequired":true,"valueName":"search_term_string"}}],"inLanguage":"de"},{"@type":"Organization","@id":"https:\/\/lessecretsduchocolat.com\/#organization","name":"Secrets de Chocolat (Schokoladengeheimnisse)","url":"https:\/\/lessecretsduchocolat.com\/","logo":{"@type":"ImageObject","inLanguage":"de","@id":"https:\/\/lessecretsduchocolat.com\/#\/schema\/logo\/image\/","url":"https:\/\/lessecretsduchocolat.com\/wp-content\/uploads\/2025\/05\/logo.png","contentUrl":"https:\/\/lessecretsduchocolat.com\/wp-content\/uploads\/2025\/05\/logo.png","width":198,"height":85,"caption":"Secrets de Chocolat"},"image":{"@id":"https:\/\/lessecretsduchocolat.com\/#\/schema\/logo\/image\/"}}]}},"_links":{"self":[{"href":"https:\/\/lessecretsduchocolat.com\/de\/wp-json\/wp\/v2\/product\/1066","targetHints":{"allow":["GET"]}}],"collection":[{"href":"https:\/\/lessecretsduchocolat.com\/de\/wp-json\/wp\/v2\/product"}],"about":[{"href":"https:\/\/lessecretsduchocolat.com\/de\/wp-json\/wp\/v2\/types\/product"}],"version-history":[{"count":4,"href":"https:\/\/lessecretsduchocolat.com\/de\/wp-json\/wp\/v2\/product\/1066\/revisions"}],"predecessor-version":[{"id":4037,"href":"https:\/\/lessecretsduchocolat.com\/de\/wp-json\/wp\/v2\/product\/1066\/revisions\/4037"}],"wp:featuredmedia":[{"embeddable":true,"href":"https:\/\/lessecretsduchocolat.com\/de\/wp-json\/wp\/v2\/media\/813"}],"wp:attachment":[{"href":"https:\/\/lessecretsduchocolat.com\/de\/wp-json\/wp\/v2\/media?parent=1066"}],"wp:term":[{"taxonomy":"product_brand","embeddable":true,"href":"https:\/\/lessecretsduchocolat.com\/de\/wp-json\/wp\/v2\/product_brand?post=1066"},{"taxonomy":"product_cat","embeddable":true,"href":"https:\/\/lessecretsduchocolat.com\/de\/wp-json\/wp\/v2\/product_cat?post=1066"},{"taxonomy":"product_tag","embeddable":true,"href":"https:\/\/lessecretsduchocolat.com\/de\/wp-json\/wp\/v2\/product_tag?post=1066"}],"curies":[{"name":"wp","href":"https:\/\/api.w.org\/{rel}","templated":true}]}}