{"id":1062,"date":"2021-03-27T06:40:06","date_gmt":"2021-03-27T06:40:06","guid":{"rendered":"https:\/\/preprod.lessecretsduchocolat.com\/?product=chocolat-de-couverture-noir-650g"},"modified":"2026-03-13T09:04:53","modified_gmt":"2026-03-13T08:04:53","slug":"dunkle-kuverture-650g","status":"publish","type":"product","link":"https:\/\/lessecretsduchocolat.com\/de\/produit\/chocolat-de-couverture-noir-650g\/","title":{"rendered":"DUNKLE KUVERT\u00dcRE 650G"},"content":{"rendered":"<p data-start=\"300\" data-end=\"473\">Die <strong data-start=\"303\" data-end=\"340\">dunkle Kuvert\u00fcre<\/strong>\u00a0ist die unverzichtbare Zutat f\u00fcr Liebhaber von hausgemachter Patisserie und Schokolade. Eine intensive, vielseitige und raffinierte Schokolade.<\/p>\n<p data-start=\"475\" data-end=\"649\">Hergestellt mit <strong data-start=\"491\" data-end=\"514\">reine Kakaobutter<\/strong>Er verf\u00fchrt mit seinem reichen Aroma, seinen kr\u00e4ftigen Noten und seiner fl\u00fcssigen Textur, die ideal f\u00fcr s\u00fc\u00dfe und kreative Zubereitungen ist.<\/p>\n<p data-start=\"651\" data-end=\"833\">Dank seiner ausgewogenen Zusammensetzung ist es perfekt f\u00fcr <strong data-start=\"710\" data-end=\"733\">Glanzbeschichtungen<\/strong>Die <strong data-start=\"739\" data-end=\"758\">genaue Abg\u00fcsse<\/strong>Die <strong data-start=\"764\" data-end=\"787\">cremige Ganaches<\/strong>Die meisten Menschen m\u00f6gen es, wenn sie eine leichte Schokoladenmousse zubereiten.<\/p>\n<p data-start=\"835\" data-end=\"967\">Sein gleichm\u00e4\u00dfiges und homogenes Schmelzen erleichtert die Arbeit sowohl f\u00fcr Profis als auch f\u00fcr Liebhaber selbstgemachter Desserts.<\/p>\n<p data-start=\"969\" data-end=\"1118\">Mit seinem praktischen Format von <strong data-start=\"997\" data-end=\"1006\">650 g<\/strong>Diese dunkle Kuvert\u00fcre bietet die ideale Menge, um gro\u00dfz\u00fcgige und leckere Rezepte zu kreieren.<\/p>\n<p data-start=\"1120\" data-end=\"1259\">Sie eignet sich hervorragend zum Temperieren und garantiert eine knackige, gl\u00e4nzende und stabile Schokolade, die den Kreationen der gro\u00dfen Chocolatiers w\u00fcrdig ist.<\/p>\n<p data-start=\"1261\" data-end=\"1412\">Sein intensiver Geschmack verfeinert alle Zubereitungen: vom einfachen Schokoladenkuchen \u00fcber raffinierte Desserts bis hin zu selbstgemachten Schokoladenbonbons.<\/p>\n<p data-start=\"1414\" data-end=\"1551\">In Verbindung mit Trockenfr\u00fcchten, Gew\u00fcrzen oder fruchtigen Noten offenbart er seinen ganzen aromatischen Reichtum und regt die kulinarische Kreativit\u00e4t an.<\/p>\n<p data-start=\"1553\" data-end=\"1701\">Liebhaber dunkler Schokolade werden seine Intensit\u00e4t zu sch\u00e4tzen wissen, w\u00e4hrend passionierte Konditoren in ihm einen zuverl\u00e4ssigen technischen Verb\u00fcndeten mit Gaumenfreuden sehen.<\/p>\n<p data-start=\"1703\" data-end=\"1859\">Die <strong data-start=\"1706\" data-end=\"1743\">dunkle Kuvert\u00fcre<\/strong>\u00a0verk\u00f6rpert die schokoladige Exzellenz: ein Qualit\u00e4tsprodukt, das dazu gedacht ist, all Ihre s\u00fc\u00dfen Inspirationen zum Leben zu erwecken.<\/p>","protected":false},"excerpt":{"rendered":"<p><strong>Unsere dunkle Kuvert\u00fcre ist der perfekte Begleiter f\u00fcr Ihre Schokoladengeb\u00e4cke und wird hier in einem Zwischenformat angeboten.<\/strong><\/p>","protected":false},"featured_media":801,"template":"","meta":{"_acf_changed":false,"site-sidebar-layout":"default","site-content-layout":"","ast-site-content-layout":"default","site-content-style":"default","site-sidebar-style":"default","ast-global-header-display":"","ast-banner-title-visibility":"","ast-main-header-display":"","ast-hfb-above-header-display":"","ast-hfb-below-header-display":"","ast-hfb-mobile-header-display":"","site-post-title":"","ast-breadcrumbs-content":"","ast-featured-img":"","footer-sml-layout":"","ast-disable-related-posts":"","theme-transparent-header-meta":"default","adv-header-id-meta":"","stick-header-meta":"","header-above-stick-meta":"","header-main-stick-meta":"","header-below-stick-meta":"","astra-migrate-meta-layouts":"set","ast-page-background-enabled":"default","ast-page-background-meta":{"desktop":{"background-color":"var(--ast-global-color-4)","background-image":"","background-repeat":"repeat","background-position":"center center","background-size":"auto","background-attachment":"scroll","background-type":"","background-media":"","overlay-type":"","overlay-color":"","overlay-opacity":"","overlay-gradient":""},"tablet":{"background-color":"","background-image":"","background-repeat":"repeat","background-position":"center center","background-size":"auto","background-attachment":"scroll","background-type":"","background-media":"","overlay-type":"","overlay-color":"","overlay-opacity":"","overlay-gradient":""},"mobile":{"background-color":"","background-image":"","background-repeat":"repeat","background-position":"center center","background-size":"auto","background-attachment":"scroll","background-type":"","background-media":"","overlay-type":"","overlay-color":"","overlay-opacity":"","overlay-gradient":""}},"ast-content-background-meta":{"desktop":{"background-color":"var(--ast-global-color-5)","background-image":"","background-repeat":"repeat","background-position":"center center","background-size":"auto","background-attachment":"scroll","background-type":"","background-media":"","overlay-type":"","overlay-color":"","overlay-opacity":"","overlay-gradient":""},"tablet":{"background-color":"var(--ast-global-color-5)","background-image":"","background-repeat":"repeat","background-position":"center center","background-size":"auto","background-attachment":"scroll","background-type":"","background-media":"","overlay-type":"","overlay-color":"","overlay-opacity":"","overlay-gradient":""},"mobile":{"background-color":"var(--ast-global-color-5)","background-image":"","background-repeat":"repeat","background-position":"center center","background-size":"auto","background-attachment":"scroll","background-type":"","background-media":"","overlay-type":"","overlay-color":"","overlay-opacity":"","overlay-gradient":""}},"iawp_total_views":42},"product_brand":[],"product_cat":[204],"product_tag":[],"class_list":{"0":"post-1062","1":"product","2":"type-product","3":"status-publish","4":"has-post-thumbnail","6":"product_cat-tous-produits","7":"desktop-align-left","8":"tablet-align-left","9":"mobile-align-left","11":"first","12":"instock","13":"taxable","14":"shipping-taxable","15":"purchasable","16":"product-type-simple"},"acf":[],"yoast_head":"<!-- This site is optimized with the Yoast SEO plugin v27.4 - https:\/\/yoast.com\/product\/yoast-seo-wordpress\/ -->\n<title>CHOCOLAT DE COUVERTURE NOIR 650G<\/title>\n<meta name=\"description\" content=\"Chocolat de couverture noir : pur beurre de cacao, fluide et intense. Id\u00e9al pour p\u00e2tisserie, ganaches, enrobages et cr\u00e9ations chocolat\u00e9es maison.\" \/>\n<meta name=\"robots\" content=\"index, follow, max-snippet:-1, max-image-preview:large, max-video-preview:-1\" \/>\n<link rel=\"canonical\" href=\"https:\/\/lessecretsduchocolat.com\/de\/product\/dunkle-kuverture-650g\/\" \/>\n<meta property=\"og:locale\" content=\"de_DE\" \/>\n<meta property=\"og:type\" content=\"article\" \/>\n<meta property=\"og:title\" content=\"CHOCOLAT DE COUVERTURE NOIR 650G\" \/>\n<meta property=\"og:description\" content=\"Chocolat de couverture noir : pur beurre de cacao, fluide et intense. Id\u00e9al pour p\u00e2tisserie, ganaches, enrobages et cr\u00e9ations chocolat\u00e9es maison.\" \/>\n<meta property=\"og:url\" content=\"https:\/\/lessecretsduchocolat.com\/de\/product\/dunkle-kuverture-650g\/\" \/>\n<meta property=\"og:site_name\" content=\"Secrets de Chocolat\" \/>\n<meta property=\"article:modified_time\" content=\"2026-03-13T08:04:53+00:00\" \/>\n<meta property=\"og:image\" content=\"https:\/\/lessecretsduchocolat.com\/wp-content\/uploads\/2025\/05\/662.jpg\" \/>\n\t<meta property=\"og:image:width\" content=\"500\" \/>\n\t<meta property=\"og:image:height\" content=\"500\" \/>\n\t<meta property=\"og:image:type\" content=\"image\/jpeg\" \/>\n<meta name=\"twitter:card\" content=\"summary_large_image\" \/>\n<meta name=\"twitter:label1\" content=\"Gesch\u00e4tzte Lesezeit\" \/>\n\t<meta name=\"twitter:data1\" content=\"2\u00a0Minuten\" \/>\n<script type=\"application\/ld+json\" class=\"yoast-schema-graph\">{\"@context\":\"https:\\\/\\\/schema.org\",\"@graph\":[{\"@type\":\"WebPage\",\"@id\":\"https:\\\/\\\/lessecretsduchocolat.com\\\/produit\\\/chocolat-de-couverture-noir-650g\\\/\",\"url\":\"https:\\\/\\\/lessecretsduchocolat.com\\\/produit\\\/chocolat-de-couverture-noir-650g\\\/\",\"name\":\"CHOCOLAT DE COUVERTURE NOIR 650G\",\"isPartOf\":{\"@id\":\"https:\\\/\\\/lessecretsduchocolat.com\\\/#website\"},\"primaryImageOfPage\":{\"@id\":\"https:\\\/\\\/lessecretsduchocolat.com\\\/produit\\\/chocolat-de-couverture-noir-650g\\\/#primaryimage\"},\"image\":{\"@id\":\"https:\\\/\\\/lessecretsduchocolat.com\\\/produit\\\/chocolat-de-couverture-noir-650g\\\/#primaryimage\"},\"thumbnailUrl\":\"https:\\\/\\\/lessecretsduchocolat.com\\\/wp-content\\\/uploads\\\/2025\\\/05\\\/662.jpg\",\"datePublished\":\"2021-03-27T06:40:06+00:00\",\"dateModified\":\"2026-03-13T08:04:53+00:00\",\"description\":\"Chocolat de couverture noir : pur beurre de cacao, fluide et intense. Id\u00e9al pour p\u00e2tisserie, ganaches, enrobages et cr\u00e9ations chocolat\u00e9es maison.\",\"breadcrumb\":{\"@id\":\"https:\\\/\\\/lessecretsduchocolat.com\\\/produit\\\/chocolat-de-couverture-noir-650g\\\/#breadcrumb\"},\"inLanguage\":\"de\",\"potentialAction\":[{\"@type\":\"ReadAction\",\"target\":[\"https:\\\/\\\/lessecretsduchocolat.com\\\/produit\\\/chocolat-de-couverture-noir-650g\\\/\"]}]},{\"@type\":\"ImageObject\",\"inLanguage\":\"de\",\"@id\":\"https:\\\/\\\/lessecretsduchocolat.com\\\/produit\\\/chocolat-de-couverture-noir-650g\\\/#primaryimage\",\"url\":\"https:\\\/\\\/lessecretsduchocolat.com\\\/wp-content\\\/uploads\\\/2025\\\/05\\\/662.jpg\",\"contentUrl\":\"https:\\\/\\\/lessecretsduchocolat.com\\\/wp-content\\\/uploads\\\/2025\\\/05\\\/662.jpg\",\"width\":500,\"height\":500},{\"@type\":\"BreadcrumbList\",\"@id\":\"https:\\\/\\\/lessecretsduchocolat.com\\\/produit\\\/chocolat-de-couverture-noir-650g\\\/#breadcrumb\",\"itemListElement\":[{\"@type\":\"ListItem\",\"position\":1,\"name\":\"Accueil\",\"item\":\"https:\\\/\\\/lessecretsduchocolat.com\\\/\"},{\"@type\":\"ListItem\",\"position\":2,\"name\":\"Boutique en ligne\",\"item\":\"https:\\\/\\\/lessecretsduchocolat.com\\\/magasin\\\/\"},{\"@type\":\"ListItem\",\"position\":3,\"name\":\"CHOCOLAT DE COUVERTURE NOIR 650G\"}]},{\"@type\":\"WebSite\",\"@id\":\"https:\\\/\\\/lessecretsduchocolat.com\\\/#website\",\"url\":\"https:\\\/\\\/lessecretsduchocolat.com\\\/\",\"name\":\"Secrets de Chocolat\",\"description\":\"\",\"publisher\":{\"@id\":\"https:\\\/\\\/lessecretsduchocolat.com\\\/#organization\"},\"potentialAction\":[{\"@type\":\"SearchAction\",\"target\":{\"@type\":\"EntryPoint\",\"urlTemplate\":\"https:\\\/\\\/lessecretsduchocolat.com\\\/?s={search_term_string}\"},\"query-input\":{\"@type\":\"PropertyValueSpecification\",\"valueRequired\":true,\"valueName\":\"search_term_string\"}}],\"inLanguage\":\"de\"},{\"@type\":\"Organization\",\"@id\":\"https:\\\/\\\/lessecretsduchocolat.com\\\/#organization\",\"name\":\"Secrets de Chocolat\",\"url\":\"https:\\\/\\\/lessecretsduchocolat.com\\\/\",\"logo\":{\"@type\":\"ImageObject\",\"inLanguage\":\"de\",\"@id\":\"https:\\\/\\\/lessecretsduchocolat.com\\\/#\\\/schema\\\/logo\\\/image\\\/\",\"url\":\"https:\\\/\\\/lessecretsduchocolat.com\\\/wp-content\\\/uploads\\\/2025\\\/05\\\/logo.png\",\"contentUrl\":\"https:\\\/\\\/lessecretsduchocolat.com\\\/wp-content\\\/uploads\\\/2025\\\/05\\\/logo.png\",\"width\":198,\"height\":85,\"caption\":\"Secrets de Chocolat\"},\"image\":{\"@id\":\"https:\\\/\\\/lessecretsduchocolat.com\\\/#\\\/schema\\\/logo\\\/image\\\/\"}}]}<\/script>\n<!-- \/ Yoast SEO plugin. -->","yoast_head_json":{"title":"DUNKLE KUVERT\u00dcRE 650G","description":"Dunkle Kuvert\u00fcre: reine Kakaobutter, fl\u00fcssig und intensiv. Ideal f\u00fcr Geb\u00e4ck, Ganaches, \u00dcberz\u00fcge und hausgemachte Schokoladenkreationen.","robots":{"index":"index","follow":"follow","max-snippet":"max-snippet:-1","max-image-preview":"max-image-preview:large","max-video-preview":"max-video-preview:-1"},"canonical":"https:\/\/lessecretsduchocolat.com\/de\/product\/dunkle-kuverture-650g\/","og_locale":"de_DE","og_type":"article","og_title":"CHOCOLAT DE COUVERTURE NOIR 650G","og_description":"Chocolat de couverture noir : pur beurre de cacao, fluide et intense. Id\u00e9al pour p\u00e2tisserie, ganaches, enrobages et cr\u00e9ations chocolat\u00e9es maison.","og_url":"https:\/\/lessecretsduchocolat.com\/de\/product\/dunkle-kuverture-650g\/","og_site_name":"Secrets de Chocolat","article_modified_time":"2026-03-13T08:04:53+00:00","og_image":[{"width":500,"height":500,"url":"https:\/\/lessecretsduchocolat.com\/wp-content\/uploads\/2025\/05\/662.jpg","type":"image\/jpeg"}],"twitter_card":"summary_large_image","twitter_misc":{"Gesch\u00e4tzte Lesezeit":"2\u00a0Minuten"},"schema":{"@context":"https:\/\/schema.org","@graph":[{"@type":"WebPage","@id":"https:\/\/lessecretsduchocolat.com\/produit\/chocolat-de-couverture-noir-650g\/","url":"https:\/\/lessecretsduchocolat.com\/produit\/chocolat-de-couverture-noir-650g\/","name":"DUNKLE KUVERT\u00dcRE 650G","isPartOf":{"@id":"https:\/\/lessecretsduchocolat.com\/#website"},"primaryImageOfPage":{"@id":"https:\/\/lessecretsduchocolat.com\/produit\/chocolat-de-couverture-noir-650g\/#primaryimage"},"image":{"@id":"https:\/\/lessecretsduchocolat.com\/produit\/chocolat-de-couverture-noir-650g\/#primaryimage"},"thumbnailUrl":"https:\/\/lessecretsduchocolat.com\/wp-content\/uploads\/2025\/05\/662.jpg","datePublished":"2021-03-27T06:40:06+00:00","dateModified":"2026-03-13T08:04:53+00:00","description":"Dunkle Kuvert\u00fcre: reine Kakaobutter, fl\u00fcssig und intensiv. Ideal f\u00fcr Geb\u00e4ck, Ganaches, \u00dcberz\u00fcge und hausgemachte Schokoladenkreationen.","breadcrumb":{"@id":"https:\/\/lessecretsduchocolat.com\/produit\/chocolat-de-couverture-noir-650g\/#breadcrumb"},"inLanguage":"de","potentialAction":[{"@type":"ReadAction","target":["https:\/\/lessecretsduchocolat.com\/produit\/chocolat-de-couverture-noir-650g\/"]}]},{"@type":"ImageObject","inLanguage":"de","@id":"https:\/\/lessecretsduchocolat.com\/produit\/chocolat-de-couverture-noir-650g\/#primaryimage","url":"https:\/\/lessecretsduchocolat.com\/wp-content\/uploads\/2025\/05\/662.jpg","contentUrl":"https:\/\/lessecretsduchocolat.com\/wp-content\/uploads\/2025\/05\/662.jpg","width":500,"height":500},{"@type":"BreadcrumbList","@id":"https:\/\/lessecretsduchocolat.com\/produit\/chocolat-de-couverture-noir-650g\/#breadcrumb","itemListElement":[{"@type":"ListItem","position":1,"name":"Accueil","item":"https:\/\/lessecretsduchocolat.com\/"},{"@type":"ListItem","position":2,"name":"Boutique en ligne","item":"https:\/\/lessecretsduchocolat.com\/magasin\/"},{"@type":"ListItem","position":3,"name":"CHOCOLAT DE COUVERTURE NOIR 650G"}]},{"@type":"WebSite","@id":"https:\/\/lessecretsduchocolat.com\/#website","url":"https:\/\/lessecretsduchocolat.com\/","name":"Secrets de Chocolat (Schokoladengeheimnisse)","description":"","publisher":{"@id":"https:\/\/lessecretsduchocolat.com\/#organization"},"potentialAction":[{"@type":"SearchAction","target":{"@type":"EntryPoint","urlTemplate":"https:\/\/lessecretsduchocolat.com\/?s={search_term_string}"},"query-input":{"@type":"PropertyValueSpecification","valueRequired":true,"valueName":"search_term_string"}}],"inLanguage":"de"},{"@type":"Organization","@id":"https:\/\/lessecretsduchocolat.com\/#organization","name":"Secrets de Chocolat (Schokoladengeheimnisse)","url":"https:\/\/lessecretsduchocolat.com\/","logo":{"@type":"ImageObject","inLanguage":"de","@id":"https:\/\/lessecretsduchocolat.com\/#\/schema\/logo\/image\/","url":"https:\/\/lessecretsduchocolat.com\/wp-content\/uploads\/2025\/05\/logo.png","contentUrl":"https:\/\/lessecretsduchocolat.com\/wp-content\/uploads\/2025\/05\/logo.png","width":198,"height":85,"caption":"Secrets de Chocolat"},"image":{"@id":"https:\/\/lessecretsduchocolat.com\/#\/schema\/logo\/image\/"}}]}},"_links":{"self":[{"href":"https:\/\/lessecretsduchocolat.com\/de\/wp-json\/wp\/v2\/product\/1062","targetHints":{"allow":["GET"]}}],"collection":[{"href":"https:\/\/lessecretsduchocolat.com\/de\/wp-json\/wp\/v2\/product"}],"about":[{"href":"https:\/\/lessecretsduchocolat.com\/de\/wp-json\/wp\/v2\/types\/product"}],"version-history":[{"count":3,"href":"https:\/\/lessecretsduchocolat.com\/de\/wp-json\/wp\/v2\/product\/1062\/revisions"}],"predecessor-version":[{"id":4041,"href":"https:\/\/lessecretsduchocolat.com\/de\/wp-json\/wp\/v2\/product\/1062\/revisions\/4041"}],"wp:featuredmedia":[{"embeddable":true,"href":"https:\/\/lessecretsduchocolat.com\/de\/wp-json\/wp\/v2\/media\/801"}],"wp:attachment":[{"href":"https:\/\/lessecretsduchocolat.com\/de\/wp-json\/wp\/v2\/media?parent=1062"}],"wp:term":[{"taxonomy":"product_brand","embeddable":true,"href":"https:\/\/lessecretsduchocolat.com\/de\/wp-json\/wp\/v2\/product_brand?post=1062"},{"taxonomy":"product_cat","embeddable":true,"href":"https:\/\/lessecretsduchocolat.com\/de\/wp-json\/wp\/v2\/product_cat?post=1062"},{"taxonomy":"product_tag","embeddable":true,"href":"https:\/\/lessecretsduchocolat.com\/de\/wp-json\/wp\/v2\/product_tag?post=1062"}],"curies":[{"name":"wp","href":"https:\/\/api.w.org\/{rel}","templated":true}]}}