{"id":1056,"date":"2021-01-15T06:40:02","date_gmt":"2021-01-15T06:40:02","guid":{"rendered":"https:\/\/preprod.lessecretsduchocolat.com\/?product=ballotin-de-chocolat-250g"},"modified":"2026-04-01T10:39:02","modified_gmt":"2026-04-01T08:39:02","slug":"ballotin-gemischte-schokolade","status":"publish","type":"product","link":"https:\/\/lessecretsduchocolat.com\/de\/produit\/ballotin-chocolats-assortis\/","title":{"rendered":"Ballotin mit gemischten Pralinen"},"content":{"rendered":"<p data-start=\"267\" data-end=\"452\">Unser <strong>Schokoladenballotin<\/strong> vereint aufeinander abgestimmte Schokoladensorten in verschiedenen Rezepten, die jedoch alle aus reiner Kakaobutterschokolade hergestellt werden. Das Sortiment ist vielf\u00e4ltig und lecker. Die Ausgewogenheit zwischen Zartbitter- und Milchschokolade garantiert einen reichhaltigen Genuss, der allen Vorlieben gerecht wird.<\/p>\n<p data-start=\"267\" data-end=\"452\">Unser Ballotin ist ideal f\u00fcr <a href=\"https:\/\/lessecretsduchocolat.com\/de\/product-category\/geschenkideen\/\"><strong>ein markantes Geschenk machen<\/strong><\/a>, Sie k\u00f6nnen es mit mehreren Personen teilen oder einen festlichen Moment begleiten. Das Ballotin mit gemischten Pralinen passt zu vielen Gelegenheiten: Geburtstag, Abendessen mit Freunden, Dankesch\u00f6n, Familienfest oder auch eine kleine aufmerksame Geste, um Freude zu bereiten.<\/p>\n<p data-start=\"1079\" data-end=\"1235\">Die <strong data-start=\"1082\" data-end=\"1114\">Schokolade aus reiner Kakaobutter<\/strong> sorgt f\u00fcr eine gleichbleibende Qualit\u00e4t: intensive Aromen, perfekter Schmelz und bewahrter Schokoladengenuss in jedem Rezept. Unser Ballotin mit gemischten Schokoladensorten zeigt, dass es manchmal nur einer gut ausgew\u00e4hlten Schokoladenschachtel bedarf, um einen Anlass in einen unvergesslichen Moment zu verwandeln. Wenn Sie dieses Ballotin verschenken, teilen Sie den Reichtum und die Vielfalt der Schokolade in all ihren Formen.<\/p>","protected":false},"excerpt":{"rendered":"<p data-start=\"1955\" data-end=\"2100\">Mit unserem <strong>Ballotin mit gemischten Schokoladenbonbons<\/strong>, Jeder Bissen ist ein einzigartiges Erlebnis: <a href=\"https:\/\/lessecretsduchocolat.com\/de\/product\/reglette-rochers-praline-chocolat\/\"><strong>S\u00fc\u00dfe der Pralinen<\/strong><\/a>, Sie k\u00f6nnen zwischen feinen Ganaches, knusprigen Texturen und zarten fruchtigen Aromen w\u00e4hlen.<\/p>\n<p data-start=\"1955\" data-end=\"2100\">Das Ballotin mit Schokolade <strong data-start=\"270\" data-end=\"288\">gibt es in 6 Gr\u00f6\u00dfen<\/strong> Von 90 g bis 635 g f\u00fcr die Feinschmecker. Das 90-g-Ballotin enth\u00e4lt 9 Schokoladen f\u00fcr 5 verschiedene Rezepte, w\u00e4hrend das 635-g-Ballotin 62 Schokoladenbonbons in 11 verschiedenen Sorten enth\u00e4lt.<\/p>\n<p data-start=\"1955\" data-end=\"2100\">Sind Sie auf der Suche nach einer Geschenkidee oder einer Gourmetpause? Verw\u00f6hnen Sie sich mit einem <strong>Ballotin mit Schokoladenbonbons (Milch-, Zartbitter-, wei\u00dfe Schokolade)<\/strong> 100% reine Kakaobutter, von unseren Plantagen in Ecuador.<\/p>","protected":false},"featured_media":797,"template":"","meta":{"_acf_changed":false,"site-sidebar-layout":"default","site-content-layout":"","ast-site-content-layout":"default","site-content-style":"default","site-sidebar-style":"default","ast-global-header-display":"","ast-banner-title-visibility":"","ast-main-header-display":"","ast-hfb-above-header-display":"","ast-hfb-below-header-display":"","ast-hfb-mobile-header-display":"","site-post-title":"","ast-breadcrumbs-content":"","ast-featured-img":"","footer-sml-layout":"","ast-disable-related-posts":"","theme-transparent-header-meta":"default","adv-header-id-meta":"","stick-header-meta":"","header-above-stick-meta":"","header-main-stick-meta":"","header-below-stick-meta":"","astra-migrate-meta-layouts":"set","ast-page-background-enabled":"default","ast-page-background-meta":{"desktop":{"background-color":"var(--ast-global-color-4)","background-image":"","background-repeat":"repeat","background-position":"center center","background-size":"auto","background-attachment":"scroll","background-type":"","background-media":"","overlay-type":"","overlay-color":"","overlay-opacity":"","overlay-gradient":""},"tablet":{"background-color":"","background-image":"","background-repeat":"repeat","background-position":"center center","background-size":"auto","background-attachment":"scroll","background-type":"","background-media":"","overlay-type":"","overlay-color":"","overlay-opacity":"","overlay-gradient":""},"mobile":{"background-color":"","background-image":"","background-repeat":"repeat","background-position":"center center","background-size":"auto","background-attachment":"scroll","background-type":"","background-media":"","overlay-type":"","overlay-color":"","overlay-opacity":"","overlay-gradient":""}},"ast-content-background-meta":{"desktop":{"background-color":"var(--ast-global-color-5)","background-image":"","background-repeat":"repeat","background-position":"center center","background-size":"auto","background-attachment":"scroll","background-type":"","background-media":"","overlay-type":"","overlay-color":"","overlay-opacity":"","overlay-gradient":""},"tablet":{"background-color":"var(--ast-global-color-5)","background-image":"","background-repeat":"repeat","background-position":"center center","background-size":"auto","background-attachment":"scroll","background-type":"","background-media":"","overlay-type":"","overlay-color":"","overlay-opacity":"","overlay-gradient":""},"mobile":{"background-color":"var(--ast-global-color-5)","background-image":"","background-repeat":"repeat","background-position":"center center","background-size":"auto","background-attachment":"scroll","background-type":"","background-media":"","overlay-type":"","overlay-color":"","overlay-opacity":"","overlay-gradient":""}},"iawp_total_views":635},"product_brand":[],"product_cat":[204],"product_tag":[],"class_list":{"0":"post-1056","1":"product","2":"type-product","3":"status-publish","4":"has-post-thumbnail","6":"product_cat-tous-produits","7":"desktop-align-left","8":"tablet-align-left","9":"mobile-align-left","11":"first","12":"instock","13":"taxable","14":"shipping-taxable","15":"purchasable","16":"product-type-variable"},"acf":[],"yoast_head":"<!-- This site is optimized with the Yoast SEO plugin v27.4 - https:\/\/yoast.com\/product\/yoast-seo-wordpress\/ -->\n<title>Ballotin de chocolats | 6 formats | Chocolat noir, lait et blanc<\/title>\n<meta name=\"description\" content=\"Nos ballotins de chocolats fabriqu\u00e9s en Alsace existe en 6 tailles. Ils contiennent un vaste assortiment de bonbons de chocolats noir, lait et blanc.\" \/>\n<meta name=\"robots\" content=\"index, follow, max-snippet:-1, max-image-preview:large, max-video-preview:-1\" \/>\n<link rel=\"canonical\" href=\"https:\/\/lessecretsduchocolat.com\/de\/product\/ballotin-gemischte-schokolade\/\" \/>\n<meta property=\"og:locale\" content=\"de_DE\" \/>\n<meta property=\"og:type\" content=\"article\" \/>\n<meta property=\"og:title\" content=\"Ballotin de chocolats | 6 formats | Chocolat noir, lait et blanc\" \/>\n<meta property=\"og:description\" content=\"Nos ballotins de chocolats fabriqu\u00e9s en Alsace existe en 6 tailles. Ils contiennent un vaste assortiment de bonbons de chocolats noir, lait et blanc.\" \/>\n<meta property=\"og:url\" content=\"https:\/\/lessecretsduchocolat.com\/de\/product\/ballotin-gemischte-schokolade\/\" \/>\n<meta property=\"og:site_name\" content=\"Secrets de Chocolat\" \/>\n<meta property=\"article:modified_time\" content=\"2026-04-01T08:39:02+00:00\" \/>\n<meta property=\"og:image\" content=\"https:\/\/lessecretsduchocolat.com\/wp-content\/uploads\/2025\/05\/534.jpg\" \/>\n\t<meta property=\"og:image:width\" content=\"800\" \/>\n\t<meta property=\"og:image:height\" content=\"533\" \/>\n\t<meta property=\"og:image:type\" content=\"image\/jpeg\" \/>\n<meta name=\"twitter:card\" content=\"summary_large_image\" \/>\n<meta name=\"twitter:label1\" content=\"Gesch\u00e4tzte Lesezeit\" \/>\n\t<meta name=\"twitter:data1\" content=\"1\u00a0Minute\" \/>\n<script type=\"application\/ld+json\" class=\"yoast-schema-graph\">{\"@context\":\"https:\\\/\\\/schema.org\",\"@graph\":[{\"@type\":\"WebPage\",\"@id\":\"https:\\\/\\\/lessecretsduchocolat.com\\\/produit\\\/ballotin-chocolats-assortis\\\/\",\"url\":\"https:\\\/\\\/lessecretsduchocolat.com\\\/produit\\\/ballotin-chocolats-assortis\\\/\",\"name\":\"Ballotin de chocolats | 6 formats | Chocolat noir, lait et blanc\",\"isPartOf\":{\"@id\":\"https:\\\/\\\/lessecretsduchocolat.com\\\/#website\"},\"primaryImageOfPage\":{\"@id\":\"https:\\\/\\\/lessecretsduchocolat.com\\\/produit\\\/ballotin-chocolats-assortis\\\/#primaryimage\"},\"image\":{\"@id\":\"https:\\\/\\\/lessecretsduchocolat.com\\\/produit\\\/ballotin-chocolats-assortis\\\/#primaryimage\"},\"thumbnailUrl\":\"https:\\\/\\\/lessecretsduchocolat.com\\\/wp-content\\\/uploads\\\/2025\\\/05\\\/534.jpg\",\"datePublished\":\"2021-01-15T06:40:02+00:00\",\"dateModified\":\"2026-04-01T08:39:02+00:00\",\"description\":\"Nos ballotins de chocolats fabriqu\u00e9s en Alsace existe en 6 tailles. Ils contiennent un vaste assortiment de bonbons de chocolats noir, lait et blanc.\",\"breadcrumb\":{\"@id\":\"https:\\\/\\\/lessecretsduchocolat.com\\\/produit\\\/ballotin-chocolats-assortis\\\/#breadcrumb\"},\"inLanguage\":\"de\",\"potentialAction\":[{\"@type\":\"ReadAction\",\"target\":[\"https:\\\/\\\/lessecretsduchocolat.com\\\/produit\\\/ballotin-chocolats-assortis\\\/\"]}]},{\"@type\":\"ImageObject\",\"inLanguage\":\"de\",\"@id\":\"https:\\\/\\\/lessecretsduchocolat.com\\\/produit\\\/ballotin-chocolats-assortis\\\/#primaryimage\",\"url\":\"https:\\\/\\\/lessecretsduchocolat.com\\\/wp-content\\\/uploads\\\/2025\\\/05\\\/534.jpg\",\"contentUrl\":\"https:\\\/\\\/lessecretsduchocolat.com\\\/wp-content\\\/uploads\\\/2025\\\/05\\\/534.jpg\",\"width\":800,\"height\":533},{\"@type\":\"BreadcrumbList\",\"@id\":\"https:\\\/\\\/lessecretsduchocolat.com\\\/produit\\\/ballotin-chocolats-assortis\\\/#breadcrumb\",\"itemListElement\":[{\"@type\":\"ListItem\",\"position\":1,\"name\":\"Accueil\",\"item\":\"https:\\\/\\\/lessecretsduchocolat.com\\\/\"},{\"@type\":\"ListItem\",\"position\":2,\"name\":\"Boutique en ligne\",\"item\":\"https:\\\/\\\/lessecretsduchocolat.com\\\/magasin\\\/\"},{\"@type\":\"ListItem\",\"position\":3,\"name\":\"Ballotin de chocolats assortis\"}]},{\"@type\":\"WebSite\",\"@id\":\"https:\\\/\\\/lessecretsduchocolat.com\\\/#website\",\"url\":\"https:\\\/\\\/lessecretsduchocolat.com\\\/\",\"name\":\"Secrets de Chocolat\",\"description\":\"\",\"publisher\":{\"@id\":\"https:\\\/\\\/lessecretsduchocolat.com\\\/#organization\"},\"potentialAction\":[{\"@type\":\"SearchAction\",\"target\":{\"@type\":\"EntryPoint\",\"urlTemplate\":\"https:\\\/\\\/lessecretsduchocolat.com\\\/?s={search_term_string}\"},\"query-input\":{\"@type\":\"PropertyValueSpecification\",\"valueRequired\":true,\"valueName\":\"search_term_string\"}}],\"inLanguage\":\"de\"},{\"@type\":\"Organization\",\"@id\":\"https:\\\/\\\/lessecretsduchocolat.com\\\/#organization\",\"name\":\"Secrets de Chocolat\",\"url\":\"https:\\\/\\\/lessecretsduchocolat.com\\\/\",\"logo\":{\"@type\":\"ImageObject\",\"inLanguage\":\"de\",\"@id\":\"https:\\\/\\\/lessecretsduchocolat.com\\\/#\\\/schema\\\/logo\\\/image\\\/\",\"url\":\"https:\\\/\\\/lessecretsduchocolat.com\\\/wp-content\\\/uploads\\\/2025\\\/05\\\/logo.png\",\"contentUrl\":\"https:\\\/\\\/lessecretsduchocolat.com\\\/wp-content\\\/uploads\\\/2025\\\/05\\\/logo.png\",\"width\":198,\"height\":85,\"caption\":\"Secrets de Chocolat\"},\"image\":{\"@id\":\"https:\\\/\\\/lessecretsduchocolat.com\\\/#\\\/schema\\\/logo\\\/image\\\/\"}}]}<\/script>\n<!-- \/ Yoast SEO plugin. -->","yoast_head_json":{"title":"Ballotin de chocolats | 6 Formate | Zartbitter-, Vollmilch- und wei\u00dfe Schokolade","description":"Unsere im Elsass hergestellten Ballotins de Chocolats gibt es in sechs verschiedenen Gr\u00f6\u00dfen. Sie enthalten eine gro\u00dfe Auswahl an Schokoladenbonbons aus Zartbitter-, Vollmilch- und wei\u00dfer Schokolade.","robots":{"index":"index","follow":"follow","max-snippet":"max-snippet:-1","max-image-preview":"max-image-preview:large","max-video-preview":"max-video-preview:-1"},"canonical":"https:\/\/lessecretsduchocolat.com\/de\/product\/ballotin-gemischte-schokolade\/","og_locale":"de_DE","og_type":"article","og_title":"Ballotin de chocolats | 6 formats | Chocolat noir, lait et blanc","og_description":"Nos ballotins de chocolats fabriqu\u00e9s en Alsace existe en 6 tailles. Ils contiennent un vaste assortiment de bonbons de chocolats noir, lait et blanc.","og_url":"https:\/\/lessecretsduchocolat.com\/de\/product\/ballotin-gemischte-schokolade\/","og_site_name":"Secrets de Chocolat","article_modified_time":"2026-04-01T08:39:02+00:00","og_image":[{"width":800,"height":533,"url":"https:\/\/lessecretsduchocolat.com\/wp-content\/uploads\/2025\/05\/534.jpg","type":"image\/jpeg"}],"twitter_card":"summary_large_image","twitter_misc":{"Gesch\u00e4tzte Lesezeit":"1\u00a0Minute"},"schema":{"@context":"https:\/\/schema.org","@graph":[{"@type":"WebPage","@id":"https:\/\/lessecretsduchocolat.com\/produit\/ballotin-chocolats-assortis\/","url":"https:\/\/lessecretsduchocolat.com\/produit\/ballotin-chocolats-assortis\/","name":"Ballotin de chocolats | 6 Formate | Zartbitter-, Vollmilch- und wei\u00dfe Schokolade","isPartOf":{"@id":"https:\/\/lessecretsduchocolat.com\/#website"},"primaryImageOfPage":{"@id":"https:\/\/lessecretsduchocolat.com\/produit\/ballotin-chocolats-assortis\/#primaryimage"},"image":{"@id":"https:\/\/lessecretsduchocolat.com\/produit\/ballotin-chocolats-assortis\/#primaryimage"},"thumbnailUrl":"https:\/\/lessecretsduchocolat.com\/wp-content\/uploads\/2025\/05\/534.jpg","datePublished":"2021-01-15T06:40:02+00:00","dateModified":"2026-04-01T08:39:02+00:00","description":"Unsere im Elsass hergestellten Ballotins de Chocolats gibt es in sechs verschiedenen Gr\u00f6\u00dfen. Sie enthalten eine gro\u00dfe Auswahl an Schokoladenbonbons aus Zartbitter-, Vollmilch- und wei\u00dfer Schokolade.","breadcrumb":{"@id":"https:\/\/lessecretsduchocolat.com\/produit\/ballotin-chocolats-assortis\/#breadcrumb"},"inLanguage":"de","potentialAction":[{"@type":"ReadAction","target":["https:\/\/lessecretsduchocolat.com\/produit\/ballotin-chocolats-assortis\/"]}]},{"@type":"ImageObject","inLanguage":"de","@id":"https:\/\/lessecretsduchocolat.com\/produit\/ballotin-chocolats-assortis\/#primaryimage","url":"https:\/\/lessecretsduchocolat.com\/wp-content\/uploads\/2025\/05\/534.jpg","contentUrl":"https:\/\/lessecretsduchocolat.com\/wp-content\/uploads\/2025\/05\/534.jpg","width":800,"height":533},{"@type":"BreadcrumbList","@id":"https:\/\/lessecretsduchocolat.com\/produit\/ballotin-chocolats-assortis\/#breadcrumb","itemListElement":[{"@type":"ListItem","position":1,"name":"Accueil","item":"https:\/\/lessecretsduchocolat.com\/"},{"@type":"ListItem","position":2,"name":"Boutique en ligne","item":"https:\/\/lessecretsduchocolat.com\/magasin\/"},{"@type":"ListItem","position":3,"name":"Ballotin de chocolats assortis"}]},{"@type":"WebSite","@id":"https:\/\/lessecretsduchocolat.com\/#website","url":"https:\/\/lessecretsduchocolat.com\/","name":"Secrets de Chocolat (Schokoladengeheimnisse)","description":"","publisher":{"@id":"https:\/\/lessecretsduchocolat.com\/#organization"},"potentialAction":[{"@type":"SearchAction","target":{"@type":"EntryPoint","urlTemplate":"https:\/\/lessecretsduchocolat.com\/?s={search_term_string}"},"query-input":{"@type":"PropertyValueSpecification","valueRequired":true,"valueName":"search_term_string"}}],"inLanguage":"de"},{"@type":"Organization","@id":"https:\/\/lessecretsduchocolat.com\/#organization","name":"Secrets de Chocolat (Schokoladengeheimnisse)","url":"https:\/\/lessecretsduchocolat.com\/","logo":{"@type":"ImageObject","inLanguage":"de","@id":"https:\/\/lessecretsduchocolat.com\/#\/schema\/logo\/image\/","url":"https:\/\/lessecretsduchocolat.com\/wp-content\/uploads\/2025\/05\/logo.png","contentUrl":"https:\/\/lessecretsduchocolat.com\/wp-content\/uploads\/2025\/05\/logo.png","width":198,"height":85,"caption":"Secrets de Chocolat"},"image":{"@id":"https:\/\/lessecretsduchocolat.com\/#\/schema\/logo\/image\/"}}]}},"_links":{"self":[{"href":"https:\/\/lessecretsduchocolat.com\/de\/wp-json\/wp\/v2\/product\/1056","targetHints":{"allow":["GET"]}}],"collection":[{"href":"https:\/\/lessecretsduchocolat.com\/de\/wp-json\/wp\/v2\/product"}],"about":[{"href":"https:\/\/lessecretsduchocolat.com\/de\/wp-json\/wp\/v2\/types\/product"}],"version-history":[{"count":21,"href":"https:\/\/lessecretsduchocolat.com\/de\/wp-json\/wp\/v2\/product\/1056\/revisions"}],"predecessor-version":[{"id":5026,"href":"https:\/\/lessecretsduchocolat.com\/de\/wp-json\/wp\/v2\/product\/1056\/revisions\/5026"}],"wp:featuredmedia":[{"embeddable":true,"href":"https:\/\/lessecretsduchocolat.com\/de\/wp-json\/wp\/v2\/media\/797"}],"wp:attachment":[{"href":"https:\/\/lessecretsduchocolat.com\/de\/wp-json\/wp\/v2\/media?parent=1056"}],"wp:term":[{"taxonomy":"product_brand","embeddable":true,"href":"https:\/\/lessecretsduchocolat.com\/de\/wp-json\/wp\/v2\/product_brand?post=1056"},{"taxonomy":"product_cat","embeddable":true,"href":"https:\/\/lessecretsduchocolat.com\/de\/wp-json\/wp\/v2\/product_cat?post=1056"},{"taxonomy":"product_tag","embeddable":true,"href":"https:\/\/lessecretsduchocolat.com\/de\/wp-json\/wp\/v2\/product_tag?post=1056"}],"curies":[{"name":"wp","href":"https:\/\/api.w.org\/{rel}","templated":true}]}}