{"id":1055,"date":"2020-08-28T06:40:12","date_gmt":"2020-08-28T06:40:12","guid":{"rendered":"https:\/\/preprod.lessecretsduchocolat.com\/?product=limonade-au-chocolat"},"modified":"2026-02-03T10:24:41","modified_gmt":"2026-02-03T09:24:41","slug":"schokoladenlimonade-2","status":"publish","type":"product","link":"https:\/\/lessecretsduchocolat.com\/de\/produit\/limonade-chocolat\/","title":{"rendered":"Schokoladenlimonade"},"content":{"rendered":"<p data-start=\"182\" data-end=\"256\"><span class=\"relative -mx-px my-[-0.2rem] rounded px-px py-[0.2rem] transition-colors duration-100 ease-in-out\">Notre bouteille de <strong>limonade au chocolat (33\u202fcl)<\/strong> est une cr\u00e9ation p\u00e9tillante et surprenante qui marie la fra\u00eecheur d\u2019une boisson gazeuse \u00e0 la gourmandise d\u2019un doux parfum cacaot\u00e9.<\/span><\/p>\n<p data-start=\"334\" data-end=\"408\"><span class=\"relative -mx-px my-[-0.2rem] rounded px-px py-[0.2rem] transition-colors duration-100 ease-in-out\">Sa bulle raffin\u00e9e lib\u00e8re un d\u00e9licat parfum chocolat\u00e9, relev\u00e9 par une l\u00e9g\u00e8re pointe sucr\u00e9e, \u00e9voquant subtilement la gourmandise tout en restant rafra\u00eechissante.<\/span><span class=\"relative -mx-px my-[-0.2rem] rounded px-px py-[0.2rem] transition-colors duration-100 ease-in-out\">\u00a0<\/span><span class=\"relative -mx-px my-[-0.2rem] rounded px-px py-[0.2rem] transition-colors duration-100 ease-in-out\">Le format de 33\u202fcl incarne la juste mesure : une <strong>boisson originale \u00e0 savourer seul ou \u00e0 partager<\/strong> \u00e0 deux, sans exc\u00e8s.<\/span><\/p>\n<p data-start=\"488\" data-end=\"527\"><span class=\"relative -mx-px my-[-0.2rem] rounded px-px py-[0.2rem] transition-colors duration-100 ease-in-out\">Id\u00e9ale en accompagnement d\u2019un go\u00fbter cr\u00e9atif, d\u2019un caf\u00e9 gourmand revisit\u00e9, ou encore d\u2019un moment d\u00e9tente improvis\u00e9. <\/span><span class=\"relative -mx-px my-[-0.2rem] rounded px-px py-[0.2rem] transition-colors duration-100 ease-in-out\"><strong>Produit reconnu Artisan de Qualit\u00e9<\/strong> par le Coll\u00e8ge Culinaire de France, gage d\u2019un savoir-faire local et exigeant.<\/span><\/p>\n","protected":false},"excerpt":{"rendered":"<p>Laissez-vous surprendre par cette <strong>boisson gaz\u00e9ifi\u00e9e aux ar\u00f4mes de chocolat<\/strong>. De subtiles notes de cacao permettent de combler les aficionados du chocolat !<\/p>\n<p><span class=\"relative -mx-px my-[-0.2rem] rounded px-px py-[0.2rem] transition-colors duration-100 ease-in-out\"><strong>Sans ar\u00f4mes artificiels ni conservateurs<\/strong>, cette limonade est \u00e9labor\u00e9e \u00e0 partir d\u2019eau gazeuse, de sucre de canne, d\u2019ar\u00f4mes naturels et d\u2019extrait de cacao.<\/span><\/p>\n<p><span class=\"relative -mx-px my-[-0.2rem] rounded px-px py-[0.2rem] transition-colors duration-100 ease-in-out\">La limonade au chocolat s\u2019offre aussi bien en ap\u00e9ritif (aux c\u00f4t\u00e9s de notre <a href=\"https:\/\/lessecretsduchocolat.com\/produit\/biere-chocolat\/\"><strong>bi\u00e8re au chocolat<\/strong><\/a> par exemple), \u00e0 l\u2019occasion d\u2019un moment convivial, qu\u2019en dessert l\u00e9ger, pour surprendre et \u00e9veiller les sens.<\/span><\/p>\n<p>&nbsp;<\/p>\n","protected":false},"featured_media":4929,"template":"","meta":{"_acf_changed":false,"site-sidebar-layout":"default","site-content-layout":"","ast-site-content-layout":"default","site-content-style":"default","site-sidebar-style":"default","ast-global-header-display":"","ast-banner-title-visibility":"","ast-main-header-display":"","ast-hfb-above-header-display":"","ast-hfb-below-header-display":"","ast-hfb-mobile-header-display":"","site-post-title":"","ast-breadcrumbs-content":"","ast-featured-img":"","footer-sml-layout":"","theme-transparent-header-meta":"default","adv-header-id-meta":"","stick-header-meta":"","header-above-stick-meta":"","header-main-stick-meta":"","header-below-stick-meta":"","astra-migrate-meta-layouts":"set","ast-page-background-enabled":"default","ast-page-background-meta":{"desktop":{"background-color":"var(--ast-global-color-4)","background-image":"","background-repeat":"repeat","background-position":"center center","background-size":"auto","background-attachment":"scroll","background-type":"","background-media":"","overlay-type":"","overlay-color":"","overlay-opacity":"","overlay-gradient":""},"tablet":{"background-color":"","background-image":"","background-repeat":"repeat","background-position":"center center","background-size":"auto","background-attachment":"scroll","background-type":"","background-media":"","overlay-type":"","overlay-color":"","overlay-opacity":"","overlay-gradient":""},"mobile":{"background-color":"","background-image":"","background-repeat":"repeat","background-position":"center center","background-size":"auto","background-attachment":"scroll","background-type":"","background-media":"","overlay-type":"","overlay-color":"","overlay-opacity":"","overlay-gradient":""}},"ast-content-background-meta":{"desktop":{"background-color":"var(--ast-global-color-5)","background-image":"","background-repeat":"repeat","background-position":"center center","background-size":"auto","background-attachment":"scroll","background-type":"","background-media":"","overlay-type":"","overlay-color":"","overlay-opacity":"","overlay-gradient":""},"tablet":{"background-color":"var(--ast-global-color-5)","background-image":"","background-repeat":"repeat","background-position":"center center","background-size":"auto","background-attachment":"scroll","background-type":"","background-media":"","overlay-type":"","overlay-color":"","overlay-opacity":"","overlay-gradient":""},"mobile":{"background-color":"var(--ast-global-color-5)","background-image":"","background-repeat":"repeat","background-position":"center center","background-size":"auto","background-attachment":"scroll","background-type":"","background-media":"","overlay-type":"","overlay-color":"","overlay-opacity":"","overlay-gradient":""}},"iawp_total_views":100},"product_brand":[],"product_cat":[204],"product_tag":[],"class_list":{"0":"post-1055","1":"product","2":"type-product","3":"status-publish","4":"has-post-thumbnail","6":"product_cat-tous-produits","7":"desktop-align-left","8":"tablet-align-left","9":"mobile-align-left","11":"first","12":"instock","13":"taxable","14":"shipping-taxable","15":"purchasable","16":"product-type-simple"},"acf":[],"yoast_head":"<!-- This site is optimized with the Yoast SEO plugin v27.4 - https:\/\/yoast.com\/product\/yoast-seo-wordpress\/ -->\n<title>Limonade au chocolat | Sans ar\u00f4mes artificiels ni conservateurs<\/title>\n<meta name=\"description\" content=\"Limonade au chocolat en 33 cl : boisson p\u00e9tillante sans conservateur, sucre de canne et extrait de cacao. Une touche originale et rafra\u00eechissante.\" \/>\n<meta name=\"robots\" content=\"index, follow, max-snippet:-1, max-image-preview:large, max-video-preview:-1\" \/>\n<link rel=\"canonical\" href=\"https:\/\/lessecretsduchocolat.com\/de\/product\/schokoladenlimonade-2\/\" \/>\n<meta property=\"og:locale\" content=\"de_DE\" \/>\n<meta property=\"og:type\" content=\"article\" \/>\n<meta property=\"og:title\" content=\"Limonade au chocolat | Sans ar\u00f4mes artificiels ni conservateurs\" \/>\n<meta property=\"og:description\" content=\"Limonade au chocolat en 33 cl : boisson p\u00e9tillante sans conservateur, sucre de canne et extrait de cacao. Une touche originale et rafra\u00eechissante.\" \/>\n<meta property=\"og:url\" content=\"https:\/\/lessecretsduchocolat.com\/de\/product\/schokoladenlimonade-2\/\" \/>\n<meta property=\"og:site_name\" content=\"Secrets de Chocolat\" \/>\n<meta property=\"article:modified_time\" content=\"2026-02-03T09:24:41+00:00\" \/>\n<meta property=\"og:image\" content=\"https:\/\/lessecretsduchocolat.com\/wp-content\/uploads\/2020\/08\/Sans-titre1.jpg\" \/>\n\t<meta property=\"og:image:width\" content=\"1000\" \/>\n\t<meta property=\"og:image:height\" content=\"1000\" \/>\n\t<meta property=\"og:image:type\" content=\"image\/jpeg\" \/>\n<meta name=\"twitter:card\" content=\"summary_large_image\" \/>\n<meta name=\"twitter:label1\" content=\"Gesch\u00e4tzte Lesezeit\" \/>\n\t<meta name=\"twitter:data1\" content=\"1\u00a0Minute\" \/>\n<script type=\"application\/ld+json\" class=\"yoast-schema-graph\">{\"@context\":\"https:\\\/\\\/schema.org\",\"@graph\":[{\"@type\":\"WebPage\",\"@id\":\"https:\\\/\\\/lessecretsduchocolat.com\\\/produit\\\/limonade-chocolat\\\/\",\"url\":\"https:\\\/\\\/lessecretsduchocolat.com\\\/produit\\\/limonade-chocolat\\\/\",\"name\":\"Limonade au chocolat | Sans ar\u00f4mes artificiels ni conservateurs\",\"isPartOf\":{\"@id\":\"https:\\\/\\\/lessecretsduchocolat.com\\\/#website\"},\"primaryImageOfPage\":{\"@id\":\"https:\\\/\\\/lessecretsduchocolat.com\\\/produit\\\/limonade-chocolat\\\/#primaryimage\"},\"image\":{\"@id\":\"https:\\\/\\\/lessecretsduchocolat.com\\\/produit\\\/limonade-chocolat\\\/#primaryimage\"},\"thumbnailUrl\":\"https:\\\/\\\/lessecretsduchocolat.com\\\/wp-content\\\/uploads\\\/2020\\\/08\\\/Sans-titre1.jpg\",\"datePublished\":\"2020-08-28T06:40:12+00:00\",\"dateModified\":\"2026-02-03T09:24:41+00:00\",\"description\":\"Limonade au chocolat en 33 cl : boisson p\u00e9tillante sans conservateur, sucre de canne et extrait de cacao. Une touche originale et rafra\u00eechissante.\",\"breadcrumb\":{\"@id\":\"https:\\\/\\\/lessecretsduchocolat.com\\\/produit\\\/limonade-chocolat\\\/#breadcrumb\"},\"inLanguage\":\"de\",\"potentialAction\":[{\"@type\":\"ReadAction\",\"target\":[\"https:\\\/\\\/lessecretsduchocolat.com\\\/produit\\\/limonade-chocolat\\\/\"]}]},{\"@type\":\"ImageObject\",\"inLanguage\":\"de\",\"@id\":\"https:\\\/\\\/lessecretsduchocolat.com\\\/produit\\\/limonade-chocolat\\\/#primaryimage\",\"url\":\"https:\\\/\\\/lessecretsduchocolat.com\\\/wp-content\\\/uploads\\\/2020\\\/08\\\/Sans-titre1.jpg\",\"contentUrl\":\"https:\\\/\\\/lessecretsduchocolat.com\\\/wp-content\\\/uploads\\\/2020\\\/08\\\/Sans-titre1.jpg\",\"width\":1000,\"height\":1000,\"caption\":\"bouteille verre limonade chocolat\"},{\"@type\":\"BreadcrumbList\",\"@id\":\"https:\\\/\\\/lessecretsduchocolat.com\\\/produit\\\/limonade-chocolat\\\/#breadcrumb\",\"itemListElement\":[{\"@type\":\"ListItem\",\"position\":1,\"name\":\"Accueil\",\"item\":\"https:\\\/\\\/lessecretsduchocolat.com\\\/\"},{\"@type\":\"ListItem\",\"position\":2,\"name\":\"Boutique en ligne\",\"item\":\"https:\\\/\\\/lessecretsduchocolat.com\\\/magasin\\\/\"},{\"@type\":\"ListItem\",\"position\":3,\"name\":\"Limonade au chocolat\"}]},{\"@type\":\"WebSite\",\"@id\":\"https:\\\/\\\/lessecretsduchocolat.com\\\/#website\",\"url\":\"https:\\\/\\\/lessecretsduchocolat.com\\\/\",\"name\":\"Secrets de Chocolat\",\"description\":\"\",\"publisher\":{\"@id\":\"https:\\\/\\\/lessecretsduchocolat.com\\\/#organization\"},\"potentialAction\":[{\"@type\":\"SearchAction\",\"target\":{\"@type\":\"EntryPoint\",\"urlTemplate\":\"https:\\\/\\\/lessecretsduchocolat.com\\\/?s={search_term_string}\"},\"query-input\":{\"@type\":\"PropertyValueSpecification\",\"valueRequired\":true,\"valueName\":\"search_term_string\"}}],\"inLanguage\":\"de\"},{\"@type\":\"Organization\",\"@id\":\"https:\\\/\\\/lessecretsduchocolat.com\\\/#organization\",\"name\":\"Secrets de Chocolat\",\"url\":\"https:\\\/\\\/lessecretsduchocolat.com\\\/\",\"logo\":{\"@type\":\"ImageObject\",\"inLanguage\":\"de\",\"@id\":\"https:\\\/\\\/lessecretsduchocolat.com\\\/#\\\/schema\\\/logo\\\/image\\\/\",\"url\":\"https:\\\/\\\/lessecretsduchocolat.com\\\/wp-content\\\/uploads\\\/2025\\\/05\\\/logo.png\",\"contentUrl\":\"https:\\\/\\\/lessecretsduchocolat.com\\\/wp-content\\\/uploads\\\/2025\\\/05\\\/logo.png\",\"width\":198,\"height\":85,\"caption\":\"Secrets de Chocolat\"},\"image\":{\"@id\":\"https:\\\/\\\/lessecretsduchocolat.com\\\/#\\\/schema\\\/logo\\\/image\\\/\"}}]}<\/script>\n<!-- \/ Yoast SEO plugin. -->","yoast_head_json":{"title":"Schokoladenlimonade | Ohne k\u00fcnstliche Aroma- und Konservierungsstoffe","description":"Schokoladenlimonade in 33 cl: prickelndes Getr\u00e4nk ohne Konservierungsstoffe, Rohrzucker und Kakaoextrakt. Eine originelle und erfrischende Note.","robots":{"index":"index","follow":"follow","max-snippet":"max-snippet:-1","max-image-preview":"max-image-preview:large","max-video-preview":"max-video-preview:-1"},"canonical":"https:\/\/lessecretsduchocolat.com\/de\/product\/schokoladenlimonade-2\/","og_locale":"de_DE","og_type":"article","og_title":"Limonade au chocolat | Sans ar\u00f4mes artificiels ni conservateurs","og_description":"Limonade au chocolat en 33 cl : boisson p\u00e9tillante sans conservateur, sucre de canne et extrait de cacao. Une touche originale et rafra\u00eechissante.","og_url":"https:\/\/lessecretsduchocolat.com\/de\/product\/schokoladenlimonade-2\/","og_site_name":"Secrets de Chocolat","article_modified_time":"2026-02-03T09:24:41+00:00","og_image":[{"width":1000,"height":1000,"url":"https:\/\/lessecretsduchocolat.com\/wp-content\/uploads\/2020\/08\/Sans-titre1.jpg","type":"image\/jpeg"}],"twitter_card":"summary_large_image","twitter_misc":{"Gesch\u00e4tzte Lesezeit":"1\u00a0Minute"},"schema":{"@context":"https:\/\/schema.org","@graph":[{"@type":"WebPage","@id":"https:\/\/lessecretsduchocolat.com\/produit\/limonade-chocolat\/","url":"https:\/\/lessecretsduchocolat.com\/produit\/limonade-chocolat\/","name":"Schokoladenlimonade | Ohne k\u00fcnstliche Aroma- und Konservierungsstoffe","isPartOf":{"@id":"https:\/\/lessecretsduchocolat.com\/#website"},"primaryImageOfPage":{"@id":"https:\/\/lessecretsduchocolat.com\/produit\/limonade-chocolat\/#primaryimage"},"image":{"@id":"https:\/\/lessecretsduchocolat.com\/produit\/limonade-chocolat\/#primaryimage"},"thumbnailUrl":"https:\/\/lessecretsduchocolat.com\/wp-content\/uploads\/2020\/08\/Sans-titre1.jpg","datePublished":"2020-08-28T06:40:12+00:00","dateModified":"2026-02-03T09:24:41+00:00","description":"Schokoladenlimonade in 33 cl: prickelndes Getr\u00e4nk ohne Konservierungsstoffe, Rohrzucker und Kakaoextrakt. Eine originelle und erfrischende Note.","breadcrumb":{"@id":"https:\/\/lessecretsduchocolat.com\/produit\/limonade-chocolat\/#breadcrumb"},"inLanguage":"de","potentialAction":[{"@type":"ReadAction","target":["https:\/\/lessecretsduchocolat.com\/produit\/limonade-chocolat\/"]}]},{"@type":"ImageObject","inLanguage":"de","@id":"https:\/\/lessecretsduchocolat.com\/produit\/limonade-chocolat\/#primaryimage","url":"https:\/\/lessecretsduchocolat.com\/wp-content\/uploads\/2020\/08\/Sans-titre1.jpg","contentUrl":"https:\/\/lessecretsduchocolat.com\/wp-content\/uploads\/2020\/08\/Sans-titre1.jpg","width":1000,"height":1000,"caption":"bouteille verre limonade chocolat"},{"@type":"BreadcrumbList","@id":"https:\/\/lessecretsduchocolat.com\/produit\/limonade-chocolat\/#breadcrumb","itemListElement":[{"@type":"ListItem","position":1,"name":"Accueil","item":"https:\/\/lessecretsduchocolat.com\/"},{"@type":"ListItem","position":2,"name":"Boutique en ligne","item":"https:\/\/lessecretsduchocolat.com\/magasin\/"},{"@type":"ListItem","position":3,"name":"Limonade au chocolat"}]},{"@type":"WebSite","@id":"https:\/\/lessecretsduchocolat.com\/#website","url":"https:\/\/lessecretsduchocolat.com\/","name":"Secrets de Chocolat (Schokoladengeheimnisse)","description":"","publisher":{"@id":"https:\/\/lessecretsduchocolat.com\/#organization"},"potentialAction":[{"@type":"SearchAction","target":{"@type":"EntryPoint","urlTemplate":"https:\/\/lessecretsduchocolat.com\/?s={search_term_string}"},"query-input":{"@type":"PropertyValueSpecification","valueRequired":true,"valueName":"search_term_string"}}],"inLanguage":"de"},{"@type":"Organization","@id":"https:\/\/lessecretsduchocolat.com\/#organization","name":"Secrets de Chocolat (Schokoladengeheimnisse)","url":"https:\/\/lessecretsduchocolat.com\/","logo":{"@type":"ImageObject","inLanguage":"de","@id":"https:\/\/lessecretsduchocolat.com\/#\/schema\/logo\/image\/","url":"https:\/\/lessecretsduchocolat.com\/wp-content\/uploads\/2025\/05\/logo.png","contentUrl":"https:\/\/lessecretsduchocolat.com\/wp-content\/uploads\/2025\/05\/logo.png","width":198,"height":85,"caption":"Secrets de Chocolat"},"image":{"@id":"https:\/\/lessecretsduchocolat.com\/#\/schema\/logo\/image\/"}}]}},"_links":{"self":[{"href":"https:\/\/lessecretsduchocolat.com\/de\/wp-json\/wp\/v2\/product\/1055","targetHints":{"allow":["GET"]}}],"collection":[{"href":"https:\/\/lessecretsduchocolat.com\/de\/wp-json\/wp\/v2\/product"}],"about":[{"href":"https:\/\/lessecretsduchocolat.com\/de\/wp-json\/wp\/v2\/types\/product"}],"version-history":[{"count":6,"href":"https:\/\/lessecretsduchocolat.com\/de\/wp-json\/wp\/v2\/product\/1055\/revisions"}],"predecessor-version":[{"id":4931,"href":"https:\/\/lessecretsduchocolat.com\/de\/wp-json\/wp\/v2\/product\/1055\/revisions\/4931"}],"wp:featuredmedia":[{"embeddable":true,"href":"https:\/\/lessecretsduchocolat.com\/de\/wp-json\/wp\/v2\/media\/4929"}],"wp:attachment":[{"href":"https:\/\/lessecretsduchocolat.com\/de\/wp-json\/wp\/v2\/media?parent=1055"}],"wp:term":[{"taxonomy":"product_brand","embeddable":true,"href":"https:\/\/lessecretsduchocolat.com\/de\/wp-json\/wp\/v2\/product_brand?post=1055"},{"taxonomy":"product_cat","embeddable":true,"href":"https:\/\/lessecretsduchocolat.com\/de\/wp-json\/wp\/v2\/product_cat?post=1055"},{"taxonomy":"product_tag","embeddable":true,"href":"https:\/\/lessecretsduchocolat.com\/de\/wp-json\/wp\/v2\/product_tag?post=1055"}],"curies":[{"name":"wp","href":"https:\/\/api.w.org\/{rel}","templated":true}]}}