{"id":1053,"date":"2020-08-26T06:40:06","date_gmt":"2020-08-26T06:40:06","guid":{"rendered":"https:\/\/preprod.lessecretsduchocolat.com\/?product=ecrin-de-chocolats-280g"},"modified":"2026-03-13T09:12:58","modified_gmt":"2026-03-13T08:12:58","slug":"ecrin-gemischte-schokolade","status":"publish","type":"product","link":"https:\/\/lessecretsduchocolat.com\/de\/produit\/ecrin-chocolats-assortis\/","title":{"rendered":"\u00c9crin de chocolats assortis"},"content":{"rendered":"<p data-start=\"277\" data-end=\"438\">Unser <strong data-start=\"279\" data-end=\"307\">Schachtel mit gemischten Pralinen<\/strong> ist eine Einladung, die Vielfalt und den Reichtum der Schokolade zu entdecken, in einem Format, das sich ideal zum Verschenken oder Teilen mit mehreren Personen eignet. Jedes St\u00fcck enth\u00fcllt einen einzigartigen Geschmack: cremige Pralinen, zartschmelzende Ganache, feine Fruchtnoten oder raffinierte Knusperst\u00fccke. Ein vielf\u00e4ltiges Sortiment, das alle W\u00fcnsche erf\u00fcllt.<\/p>\n<p data-start=\"820\" data-end=\"985\">Das Gleichgewicht zwischen Zartbitter- und Milchschokolade garantiert einen harmonischen Genuss, der sowohl f\u00fcr Liebhaber von S\u00fc\u00dfem als auch f\u00fcr Liebhaber von Intensit\u00e4t geeignet ist. Unsere Schachteln eignen sich perfekt, um Danke zu sagen, einen besonderen Anlass zu feiern oder <a href=\"https:\/\/lessecretsduchocolat.com\/de\/product-category\/geschenkideen\/\"><strong>eine kleine, raffinierte Aufmerksamkeit schenken<\/strong><\/a>.<\/p>\n<p data-start=\"1151\" data-end=\"1262\">Die Schatulle passt auch hervorragend zu einem Abendessen mit Freunden, einer Kaffeepause oder einem gemeinsamen Entspannungsmoment mit der Familie. Das <strong data-start=\"1267\" data-end=\"1299\">Schokolade aus reiner Kakaobutter<\/strong> gew\u00e4hrleistet eine gleichbleibende Qualit\u00e4t mit intensiven Aromen und einer zartschmelzenden Textur, die jeden Bissen veredeln.<\/p>","protected":false},"excerpt":{"rendered":"<p data-start=\"1955\" data-end=\"2100\">Mit unserem <strong>Schachtel mit gemischten Pralinen<\/strong>, Jeder Bissen ist ein einzigartiges Erlebnis: <a href=\"https:\/\/lessecretsduchocolat.com\/de\/product\/reglette-rochers-praline-chocolat\/\"><strong>S\u00fc\u00dfe der Pralinen<\/strong><\/a>, Sie k\u00f6nnen zwischen feinen Ganaches, knusprigen Texturen und zarten fruchtigen Aromen w\u00e4hlen.<\/p>\n<p data-start=\"1955\" data-end=\"2100\">Der Pralinenschirm <strong data-start=\"270\" data-end=\"288\">gibt es in 2 Gr\u00f6\u00dfen<\/strong> Das Format 280 g enth\u00e4lt 27 Pralinen aus 11 verschiedenen Rezepten aus reiner Kakaobutter und das Format 500 g f\u00fcr die Feinschmecker enth\u00e4lt 51 Pralinen aus 14 verschiedenen Rezepten.<\/p>\n<p data-start=\"1955\" data-end=\"2100\">Sind Sie auf der Suche nach einer Geschenkidee oder einer Gourmetpause? Verw\u00f6hnen Sie sich mit unserem <strong>Schachtel mit Schokoladenbonbons (Milch-, Zartbitter-, wei\u00dfe Schokolade)<\/strong> 100% reine Kakaobutter, von unseren Plantagen in Ecuador.<\/p>","protected":false},"featured_media":5055,"template":"","meta":{"_acf_changed":false,"site-sidebar-layout":"default","site-content-layout":"","ast-site-content-layout":"default","site-content-style":"default","site-sidebar-style":"default","ast-global-header-display":"","ast-banner-title-visibility":"","ast-main-header-display":"","ast-hfb-above-header-display":"","ast-hfb-below-header-display":"","ast-hfb-mobile-header-display":"","site-post-title":"","ast-breadcrumbs-content":"","ast-featured-img":"","footer-sml-layout":"","ast-disable-related-posts":"","theme-transparent-header-meta":"default","adv-header-id-meta":"","stick-header-meta":"","header-above-stick-meta":"","header-main-stick-meta":"","header-below-stick-meta":"","astra-migrate-meta-layouts":"set","ast-page-background-enabled":"default","ast-page-background-meta":{"desktop":{"background-color":"var(--ast-global-color-4)","background-image":"","background-repeat":"repeat","background-position":"center center","background-size":"auto","background-attachment":"scroll","background-type":"","background-media":"","overlay-type":"","overlay-color":"","overlay-opacity":"","overlay-gradient":""},"tablet":{"background-color":"","background-image":"","background-repeat":"repeat","background-position":"center center","background-size":"auto","background-attachment":"scroll","background-type":"","background-media":"","overlay-type":"","overlay-color":"","overlay-opacity":"","overlay-gradient":""},"mobile":{"background-color":"","background-image":"","background-repeat":"repeat","background-position":"center center","background-size":"auto","background-attachment":"scroll","background-type":"","background-media":"","overlay-type":"","overlay-color":"","overlay-opacity":"","overlay-gradient":""}},"ast-content-background-meta":{"desktop":{"background-color":"var(--ast-global-color-5)","background-image":"","background-repeat":"repeat","background-position":"center center","background-size":"auto","background-attachment":"scroll","background-type":"","background-media":"","overlay-type":"","overlay-color":"","overlay-opacity":"","overlay-gradient":""},"tablet":{"background-color":"var(--ast-global-color-5)","background-image":"","background-repeat":"repeat","background-position":"center center","background-size":"auto","background-attachment":"scroll","background-type":"","background-media":"","overlay-type":"","overlay-color":"","overlay-opacity":"","overlay-gradient":""},"mobile":{"background-color":"var(--ast-global-color-5)","background-image":"","background-repeat":"repeat","background-position":"center center","background-size":"auto","background-attachment":"scroll","background-type":"","background-media":"","overlay-type":"","overlay-color":"","overlay-opacity":"","overlay-gradient":""}},"iawp_total_views":159},"product_brand":[],"product_cat":[204],"product_tag":[],"class_list":{"0":"post-1053","1":"product","2":"type-product","3":"status-publish","4":"has-post-thumbnail","6":"product_cat-tous-produits","7":"desktop-align-left","8":"tablet-align-left","9":"mobile-align-left","11":"first","12":"outofstock","13":"taxable","14":"shipping-taxable","15":"purchasable","16":"product-type-variable"},"acf":[],"yoast_head":"<!-- This site is optimized with the Yoast SEO plugin v27.4 - https:\/\/yoast.com\/product\/yoast-seo-wordpress\/ -->\n<title>\u00c9crin de chocolats artisanaux | 2 formats | Chocolat noir, lait et blanc<\/title>\n<meta name=\"description\" content=\"Nos \u00e9crins de chocolats artisanaux existe en 2 formats. Ils contiennent une large gamme de bonbons de chocolats noir, lait et blanc pour un plaisir d\u00e9cupl\u00e9.\" \/>\n<meta name=\"robots\" content=\"index, follow, max-snippet:-1, max-image-preview:large, max-video-preview:-1\" \/>\n<link rel=\"canonical\" href=\"https:\/\/lessecretsduchocolat.com\/de\/product\/ecrin-gemischte-schokolade\/\" \/>\n<meta property=\"og:locale\" content=\"de_DE\" \/>\n<meta property=\"og:type\" content=\"article\" \/>\n<meta property=\"og:title\" content=\"\u00c9crin de chocolats artisanaux | 2 formats | Chocolat noir, lait et blanc\" \/>\n<meta property=\"og:description\" content=\"Nos \u00e9crins de chocolats artisanaux existe en 2 formats. Ils contiennent une large gamme de bonbons de chocolats noir, lait et blanc pour un plaisir d\u00e9cupl\u00e9.\" \/>\n<meta property=\"og:url\" content=\"https:\/\/lessecretsduchocolat.com\/de\/product\/ecrin-gemischte-schokolade\/\" \/>\n<meta property=\"og:site_name\" content=\"Secrets de Chocolat\" \/>\n<meta property=\"article:modified_time\" content=\"2026-03-13T08:12:58+00:00\" \/>\n<meta property=\"og:image\" content=\"https:\/\/lessecretsduchocolat.com\/wp-content\/uploads\/2026\/02\/918174.jpeg\" \/>\n\t<meta property=\"og:image:width\" content=\"1000\" \/>\n\t<meta property=\"og:image:height\" content=\"1000\" \/>\n\t<meta property=\"og:image:type\" content=\"image\/jpeg\" \/>\n<meta name=\"twitter:card\" content=\"summary_large_image\" \/>\n<meta name=\"twitter:label1\" content=\"Gesch\u00e4tzte Lesezeit\" \/>\n\t<meta name=\"twitter:data1\" content=\"1\u00a0Minute\" \/>\n<script type=\"application\/ld+json\" class=\"yoast-schema-graph\">{\"@context\":\"https:\\\/\\\/schema.org\",\"@graph\":[{\"@type\":\"WebPage\",\"@id\":\"https:\\\/\\\/lessecretsduchocolat.com\\\/produit\\\/ecrin-chocolats-assortis\\\/\",\"url\":\"https:\\\/\\\/lessecretsduchocolat.com\\\/produit\\\/ecrin-chocolats-assortis\\\/\",\"name\":\"\u00c9crin de chocolats artisanaux | 2 formats | Chocolat noir, lait et blanc\",\"isPartOf\":{\"@id\":\"https:\\\/\\\/lessecretsduchocolat.com\\\/#website\"},\"primaryImageOfPage\":{\"@id\":\"https:\\\/\\\/lessecretsduchocolat.com\\\/produit\\\/ecrin-chocolats-assortis\\\/#primaryimage\"},\"image\":{\"@id\":\"https:\\\/\\\/lessecretsduchocolat.com\\\/produit\\\/ecrin-chocolats-assortis\\\/#primaryimage\"},\"thumbnailUrl\":\"https:\\\/\\\/lessecretsduchocolat.com\\\/wp-content\\\/uploads\\\/2026\\\/02\\\/918174.jpeg\",\"datePublished\":\"2020-08-26T06:40:06+00:00\",\"dateModified\":\"2026-03-13T08:12:58+00:00\",\"description\":\"Nos \u00e9crins de chocolats artisanaux existe en 2 formats. Ils contiennent une large gamme de bonbons de chocolats noir, lait et blanc pour un plaisir d\u00e9cupl\u00e9.\",\"breadcrumb\":{\"@id\":\"https:\\\/\\\/lessecretsduchocolat.com\\\/produit\\\/ecrin-chocolats-assortis\\\/#breadcrumb\"},\"inLanguage\":\"de\",\"potentialAction\":[{\"@type\":\"ReadAction\",\"target\":[\"https:\\\/\\\/lessecretsduchocolat.com\\\/produit\\\/ecrin-chocolats-assortis\\\/\"]}]},{\"@type\":\"ImageObject\",\"inLanguage\":\"de\",\"@id\":\"https:\\\/\\\/lessecretsduchocolat.com\\\/produit\\\/ecrin-chocolats-assortis\\\/#primaryimage\",\"url\":\"https:\\\/\\\/lessecretsduchocolat.com\\\/wp-content\\\/uploads\\\/2026\\\/02\\\/918174.jpeg\",\"contentUrl\":\"https:\\\/\\\/lessecretsduchocolat.com\\\/wp-content\\\/uploads\\\/2026\\\/02\\\/918174.jpeg\",\"width\":1000,\"height\":1000,\"caption\":\"ecrin chocolat ferme\"},{\"@type\":\"BreadcrumbList\",\"@id\":\"https:\\\/\\\/lessecretsduchocolat.com\\\/produit\\\/ecrin-chocolats-assortis\\\/#breadcrumb\",\"itemListElement\":[{\"@type\":\"ListItem\",\"position\":1,\"name\":\"Accueil\",\"item\":\"https:\\\/\\\/lessecretsduchocolat.com\\\/\"},{\"@type\":\"ListItem\",\"position\":2,\"name\":\"Boutique en ligne\",\"item\":\"https:\\\/\\\/lessecretsduchocolat.com\\\/magasin\\\/\"},{\"@type\":\"ListItem\",\"position\":3,\"name\":\"\u00c9crin de chocolats assortis\"}]},{\"@type\":\"WebSite\",\"@id\":\"https:\\\/\\\/lessecretsduchocolat.com\\\/#website\",\"url\":\"https:\\\/\\\/lessecretsduchocolat.com\\\/\",\"name\":\"Secrets de Chocolat\",\"description\":\"\",\"publisher\":{\"@id\":\"https:\\\/\\\/lessecretsduchocolat.com\\\/#organization\"},\"potentialAction\":[{\"@type\":\"SearchAction\",\"target\":{\"@type\":\"EntryPoint\",\"urlTemplate\":\"https:\\\/\\\/lessecretsduchocolat.com\\\/?s={search_term_string}\"},\"query-input\":{\"@type\":\"PropertyValueSpecification\",\"valueRequired\":true,\"valueName\":\"search_term_string\"}}],\"inLanguage\":\"de\"},{\"@type\":\"Organization\",\"@id\":\"https:\\\/\\\/lessecretsduchocolat.com\\\/#organization\",\"name\":\"Secrets de Chocolat\",\"url\":\"https:\\\/\\\/lessecretsduchocolat.com\\\/\",\"logo\":{\"@type\":\"ImageObject\",\"inLanguage\":\"de\",\"@id\":\"https:\\\/\\\/lessecretsduchocolat.com\\\/#\\\/schema\\\/logo\\\/image\\\/\",\"url\":\"https:\\\/\\\/lessecretsduchocolat.com\\\/wp-content\\\/uploads\\\/2025\\\/05\\\/logo.png\",\"contentUrl\":\"https:\\\/\\\/lessecretsduchocolat.com\\\/wp-content\\\/uploads\\\/2025\\\/05\\\/logo.png\",\"width\":198,\"height\":85,\"caption\":\"Secrets de Chocolat\"},\"image\":{\"@id\":\"https:\\\/\\\/lessecretsduchocolat.com\\\/#\\\/schema\\\/logo\\\/image\\\/\"}}]}<\/script>\n<!-- \/ Yoast SEO plugin. -->","yoast_head_json":{"title":"\u00c9crin de chocolats artisanaux | 2 Formate | Zartbitter-, Milch- und wei\u00dfe Schokolade","description":"Unsere handgefertigten Pralinenschachteln gibt es in zwei Gr\u00f6\u00dfen. Sie enthalten eine gro\u00dfe Auswahl an Schokoladenbonbons aus Zartbitter-, Vollmilch- und wei\u00dfer Schokolade f\u00fcr ein zehnfaches Vergn\u00fcgen.","robots":{"index":"index","follow":"follow","max-snippet":"max-snippet:-1","max-image-preview":"max-image-preview:large","max-video-preview":"max-video-preview:-1"},"canonical":"https:\/\/lessecretsduchocolat.com\/de\/product\/ecrin-gemischte-schokolade\/","og_locale":"de_DE","og_type":"article","og_title":"\u00c9crin de chocolats artisanaux | 2 formats | Chocolat noir, lait et blanc","og_description":"Nos \u00e9crins de chocolats artisanaux existe en 2 formats. Ils contiennent une large gamme de bonbons de chocolats noir, lait et blanc pour un plaisir d\u00e9cupl\u00e9.","og_url":"https:\/\/lessecretsduchocolat.com\/de\/product\/ecrin-gemischte-schokolade\/","og_site_name":"Secrets de Chocolat","article_modified_time":"2026-03-13T08:12:58+00:00","og_image":[{"width":1000,"height":1000,"url":"https:\/\/lessecretsduchocolat.com\/wp-content\/uploads\/2026\/02\/918174.jpeg","type":"image\/jpeg"}],"twitter_card":"summary_large_image","twitter_misc":{"Gesch\u00e4tzte Lesezeit":"1\u00a0Minute"},"schema":{"@context":"https:\/\/schema.org","@graph":[{"@type":"WebPage","@id":"https:\/\/lessecretsduchocolat.com\/produit\/ecrin-chocolats-assortis\/","url":"https:\/\/lessecretsduchocolat.com\/produit\/ecrin-chocolats-assortis\/","name":"\u00c9crin de chocolats artisanaux | 2 Formate | Zartbitter-, Milch- und wei\u00dfe Schokolade","isPartOf":{"@id":"https:\/\/lessecretsduchocolat.com\/#website"},"primaryImageOfPage":{"@id":"https:\/\/lessecretsduchocolat.com\/produit\/ecrin-chocolats-assortis\/#primaryimage"},"image":{"@id":"https:\/\/lessecretsduchocolat.com\/produit\/ecrin-chocolats-assortis\/#primaryimage"},"thumbnailUrl":"https:\/\/lessecretsduchocolat.com\/wp-content\/uploads\/2026\/02\/918174.jpeg","datePublished":"2020-08-26T06:40:06+00:00","dateModified":"2026-03-13T08:12:58+00:00","description":"Unsere handgefertigten Pralinenschachteln gibt es in zwei Gr\u00f6\u00dfen. Sie enthalten eine gro\u00dfe Auswahl an Schokoladenbonbons aus Zartbitter-, Vollmilch- und wei\u00dfer Schokolade f\u00fcr ein zehnfaches Vergn\u00fcgen.","breadcrumb":{"@id":"https:\/\/lessecretsduchocolat.com\/produit\/ecrin-chocolats-assortis\/#breadcrumb"},"inLanguage":"de","potentialAction":[{"@type":"ReadAction","target":["https:\/\/lessecretsduchocolat.com\/produit\/ecrin-chocolats-assortis\/"]}]},{"@type":"ImageObject","inLanguage":"de","@id":"https:\/\/lessecretsduchocolat.com\/produit\/ecrin-chocolats-assortis\/#primaryimage","url":"https:\/\/lessecretsduchocolat.com\/wp-content\/uploads\/2026\/02\/918174.jpeg","contentUrl":"https:\/\/lessecretsduchocolat.com\/wp-content\/uploads\/2026\/02\/918174.jpeg","width":1000,"height":1000,"caption":"ecrin chocolat ferme"},{"@type":"BreadcrumbList","@id":"https:\/\/lessecretsduchocolat.com\/produit\/ecrin-chocolats-assortis\/#breadcrumb","itemListElement":[{"@type":"ListItem","position":1,"name":"Accueil","item":"https:\/\/lessecretsduchocolat.com\/"},{"@type":"ListItem","position":2,"name":"Boutique en ligne","item":"https:\/\/lessecretsduchocolat.com\/magasin\/"},{"@type":"ListItem","position":3,"name":"\u00c9crin de chocolats assortis"}]},{"@type":"WebSite","@id":"https:\/\/lessecretsduchocolat.com\/#website","url":"https:\/\/lessecretsduchocolat.com\/","name":"Secrets de Chocolat (Schokoladengeheimnisse)","description":"","publisher":{"@id":"https:\/\/lessecretsduchocolat.com\/#organization"},"potentialAction":[{"@type":"SearchAction","target":{"@type":"EntryPoint","urlTemplate":"https:\/\/lessecretsduchocolat.com\/?s={search_term_string}"},"query-input":{"@type":"PropertyValueSpecification","valueRequired":true,"valueName":"search_term_string"}}],"inLanguage":"de"},{"@type":"Organization","@id":"https:\/\/lessecretsduchocolat.com\/#organization","name":"Secrets de Chocolat (Schokoladengeheimnisse)","url":"https:\/\/lessecretsduchocolat.com\/","logo":{"@type":"ImageObject","inLanguage":"de","@id":"https:\/\/lessecretsduchocolat.com\/#\/schema\/logo\/image\/","url":"https:\/\/lessecretsduchocolat.com\/wp-content\/uploads\/2025\/05\/logo.png","contentUrl":"https:\/\/lessecretsduchocolat.com\/wp-content\/uploads\/2025\/05\/logo.png","width":198,"height":85,"caption":"Secrets de Chocolat"},"image":{"@id":"https:\/\/lessecretsduchocolat.com\/#\/schema\/logo\/image\/"}}]}},"_links":{"self":[{"href":"https:\/\/lessecretsduchocolat.com\/de\/wp-json\/wp\/v2\/product\/1053","targetHints":{"allow":["GET"]}}],"collection":[{"href":"https:\/\/lessecretsduchocolat.com\/de\/wp-json\/wp\/v2\/product"}],"about":[{"href":"https:\/\/lessecretsduchocolat.com\/de\/wp-json\/wp\/v2\/types\/product"}],"version-history":[{"count":7,"href":"https:\/\/lessecretsduchocolat.com\/de\/wp-json\/wp\/v2\/product\/1053\/revisions"}],"predecessor-version":[{"id":5060,"href":"https:\/\/lessecretsduchocolat.com\/de\/wp-json\/wp\/v2\/product\/1053\/revisions\/5060"}],"wp:featuredmedia":[{"embeddable":true,"href":"https:\/\/lessecretsduchocolat.com\/de\/wp-json\/wp\/v2\/media\/5055"}],"wp:attachment":[{"href":"https:\/\/lessecretsduchocolat.com\/de\/wp-json\/wp\/v2\/media?parent=1053"}],"wp:term":[{"taxonomy":"product_brand","embeddable":true,"href":"https:\/\/lessecretsduchocolat.com\/de\/wp-json\/wp\/v2\/product_brand?post=1053"},{"taxonomy":"product_cat","embeddable":true,"href":"https:\/\/lessecretsduchocolat.com\/de\/wp-json\/wp\/v2\/product_cat?post=1053"},{"taxonomy":"product_tag","embeddable":true,"href":"https:\/\/lessecretsduchocolat.com\/de\/wp-json\/wp\/v2\/product_tag?post=1053"}],"curies":[{"name":"wp","href":"https:\/\/api.w.org\/{rel}","templated":true}]}}