{"id":1049,"date":"2020-02-25T16:05:42","date_gmt":"2020-02-25T16:05:42","guid":{"rendered":"https:\/\/preprod.lessecretsduchocolat.com\/?product=les-bretzels-70-200g"},"modified":"2026-03-13T09:24:11","modified_gmt":"2026-03-13T08:24:11","slug":"die-brezeln-70-200g","status":"publish","type":"product","link":"https:\/\/lessecretsduchocolat.com\/de\/produit\/les-bretzels-70-200g\/","title":{"rendered":"BREZELKUGELN 70% 200G"},"content":{"rendered":"<p data-start=\"276\" data-end=\"436\">Die <strong data-start=\"280\" data-end=\"318\">Bretzel-Kugeln 70 % <\/strong>\u00a0sind eine erstaunliche Delikatesse, die die Intensit\u00e4t der dunklen Schokolade mit der knusprigen Leichtigkeit des Salzgeb\u00e4cks vereint.<\/p>\n<p data-start=\"438\" data-end=\"579\">Jede Kugel assoziiert eine Beschichtung von <strong data-start=\"474\" data-end=\"516\">dunkle Schokolade 70 % reine Kakaobutter<\/strong>Die Frucht ist reich an Aromen, mit einem Kern von <strong data-start=\"548\" data-end=\"576\">knusprige Salzbrezel<\/strong>.<\/p>\n<p data-start=\"581\" data-end=\"747\">Im Mund verf\u00fchrt der Kontrast sofort: Die Kraft des Kakaos trifft auf den Hauch von Salz und die Knusprigkeit des Kekses. Ein unwiderstehliches s\u00fc\u00df-salziges Gleichgewicht.<\/p>\n<p data-start=\"749\" data-end=\"888\">Mit seinem Format <strong data-start=\"765\" data-end=\"774\">200 g<\/strong>Der Tubo ist ideal f\u00fcr eine originelle Schlemmerpause, die Sie mit Freunden teilen oder allein bei einer Tasse Kaffee genie\u00dfen k\u00f6nnen.<\/p>\n<p data-start=\"890\" data-end=\"1048\">Diese <strong data-start=\"894\" data-end=\"930\">Schokoladenbonbons mit Brezeln<\/strong> \u00fcberraschen mit ihrer Originalit\u00e4t. Gleichzeitig knusprig und zart schmelzend, stellen sie die klassischen Codes der Schokolade auf den Kopf.<\/p>\n<p data-start=\"1050\" data-end=\"1164\">Dank ihres praktischen Formats k\u00f6nnen sie \u00fcberall hin mitgenommen werden: ins B\u00fcro, zu einem Picknick oder zu einem geselligen Abend.<\/p>\n<p data-start=\"1166\" data-end=\"1322\">Die <strong data-start=\"1170\" data-end=\"1203\">Brezelkugeln Schokolade 70 %<\/strong> sind auch eine tolle Geschenkidee f\u00fcr Liebhaber ausgefallener Rezepte, die gerne \u00fcber den Tellerrand hinausschauen.<\/p>\n<p data-start=\"1324\" data-end=\"1454\">Sie verf\u00fchren sowohl Fans von intensiver dunkler Schokolade als auch diejenigen, die gewagte und knusprige Kombinationen sch\u00e4tzen.<\/p>\n<p data-start=\"1456\" data-end=\"1568\">Mit ihrer perfekt abgestimmten s\u00fc\u00df-salzigen Kombination bieten sie ein modernes Geschmackserlebnis mit Suchtfaktor.<\/p>\n<p data-start=\"1570\" data-end=\"1688\">Die <strong data-start=\"1574\" data-end=\"1612\">Brezelkugeln 70 % in Tubo 200 g<\/strong> verk\u00f6rpern das Zusammentreffen von Schokoladentradition und spielerischem Genuss.<\/p>\n<p data-start=\"1690\" data-end=\"1803\">Ob zum Verschenken, Teilen oder f\u00fcr sich selbst, sie werden schnell zu einem Muss f\u00fcr originelle Schokoladenpausen werden.<\/p>","protected":false},"excerpt":{"rendered":"<p><strong>Genie\u00dfen Sie diese gewagte Mischung aus der traditionellen els\u00e4ssischen Brezel und Zartbitterschokolade. Ein leicht salziger Geschmack wird Ihre Geschmacksknospen wecken.<\/strong><\/p>","protected":false},"featured_media":759,"template":"","meta":{"_acf_changed":false,"site-sidebar-layout":"default","site-content-layout":"","ast-site-content-layout":"default","site-content-style":"default","site-sidebar-style":"default","ast-global-header-display":"","ast-banner-title-visibility":"","ast-main-header-display":"","ast-hfb-above-header-display":"","ast-hfb-below-header-display":"","ast-hfb-mobile-header-display":"","site-post-title":"","ast-breadcrumbs-content":"","ast-featured-img":"","footer-sml-layout":"","ast-disable-related-posts":"","theme-transparent-header-meta":"default","adv-header-id-meta":"","stick-header-meta":"","header-above-stick-meta":"","header-main-stick-meta":"","header-below-stick-meta":"","astra-migrate-meta-layouts":"set","ast-page-background-enabled":"default","ast-page-background-meta":{"desktop":{"background-color":"var(--ast-global-color-4)","background-image":"","background-repeat":"repeat","background-position":"center center","background-size":"auto","background-attachment":"scroll","background-type":"","background-media":"","overlay-type":"","overlay-color":"","overlay-opacity":"","overlay-gradient":""},"tablet":{"background-color":"","background-image":"","background-repeat":"repeat","background-position":"center center","background-size":"auto","background-attachment":"scroll","background-type":"","background-media":"","overlay-type":"","overlay-color":"","overlay-opacity":"","overlay-gradient":""},"mobile":{"background-color":"","background-image":"","background-repeat":"repeat","background-position":"center center","background-size":"auto","background-attachment":"scroll","background-type":"","background-media":"","overlay-type":"","overlay-color":"","overlay-opacity":"","overlay-gradient":""}},"ast-content-background-meta":{"desktop":{"background-color":"var(--ast-global-color-5)","background-image":"","background-repeat":"repeat","background-position":"center center","background-size":"auto","background-attachment":"scroll","background-type":"","background-media":"","overlay-type":"","overlay-color":"","overlay-opacity":"","overlay-gradient":""},"tablet":{"background-color":"var(--ast-global-color-5)","background-image":"","background-repeat":"repeat","background-position":"center center","background-size":"auto","background-attachment":"scroll","background-type":"","background-media":"","overlay-type":"","overlay-color":"","overlay-opacity":"","overlay-gradient":""},"mobile":{"background-color":"var(--ast-global-color-5)","background-image":"","background-repeat":"repeat","background-position":"center center","background-size":"auto","background-attachment":"scroll","background-type":"","background-media":"","overlay-type":"","overlay-color":"","overlay-opacity":"","overlay-gradient":""}},"iawp_total_views":67},"product_brand":[],"product_cat":[108,204],"product_tag":[],"class_list":{"0":"post-1049","1":"product","2":"type-product","3":"status-publish","4":"has-post-thumbnail","6":"product_cat-gourmandises","7":"product_cat-tous-produits","8":"desktop-align-left","9":"tablet-align-left","10":"mobile-align-left","12":"first","13":"instock","14":"taxable","15":"shipping-taxable","16":"purchasable","17":"product-type-simple"},"acf":[],"yoast_head":"<!-- This site is optimized with the Yoast SEO plugin v27.4 - https:\/\/yoast.com\/product\/yoast-seo-wordpress\/ -->\n<title>Boules bretzels 200g<\/title>\n<meta name=\"description\" content=\"Boules Bretzels 70 % : chocolat noir intense et c\u0153ur croustillant de biscuit sal\u00e9. Un mariage sucr\u00e9-sal\u00e9 original et irr\u00e9sistible.\" \/>\n<meta name=\"robots\" content=\"index, follow, max-snippet:-1, max-image-preview:large, max-video-preview:-1\" \/>\n<link rel=\"canonical\" href=\"https:\/\/lessecretsduchocolat.com\/de\/product\/die-brezeln-70-200g\/\" \/>\n<meta property=\"og:locale\" content=\"de_DE\" \/>\n<meta property=\"og:type\" content=\"article\" \/>\n<meta property=\"og:title\" content=\"Boules bretzels 200g\" \/>\n<meta property=\"og:description\" content=\"Boules Bretzels 70 % : chocolat noir intense et c\u0153ur croustillant de biscuit sal\u00e9. Un mariage sucr\u00e9-sal\u00e9 original et irr\u00e9sistible.\" \/>\n<meta property=\"og:url\" content=\"https:\/\/lessecretsduchocolat.com\/de\/product\/die-brezeln-70-200g\/\" \/>\n<meta property=\"og:site_name\" content=\"Secrets de Chocolat\" \/>\n<meta property=\"article:modified_time\" content=\"2026-03-13T08:24:11+00:00\" \/>\n<meta property=\"og:image\" content=\"https:\/\/lessecretsduchocolat.com\/wp-content\/uploads\/2025\/05\/19_2nd.jpg\" \/>\n\t<meta property=\"og:image:width\" content=\"800\" \/>\n\t<meta property=\"og:image:height\" content=\"800\" \/>\n\t<meta property=\"og:image:type\" content=\"image\/jpeg\" \/>\n<meta name=\"twitter:card\" content=\"summary_large_image\" \/>\n<meta name=\"twitter:label1\" content=\"Gesch\u00e4tzte Lesezeit\" \/>\n\t<meta name=\"twitter:data1\" content=\"2\u00a0Minuten\" \/>\n<script type=\"application\/ld+json\" class=\"yoast-schema-graph\">{\"@context\":\"https:\\\/\\\/schema.org\",\"@graph\":[{\"@type\":\"WebPage\",\"@id\":\"https:\\\/\\\/lessecretsduchocolat.com\\\/produit\\\/les-bretzels-70-200g\\\/\",\"url\":\"https:\\\/\\\/lessecretsduchocolat.com\\\/produit\\\/les-bretzels-70-200g\\\/\",\"name\":\"Boules bretzels 200g\",\"isPartOf\":{\"@id\":\"https:\\\/\\\/lessecretsduchocolat.com\\\/#website\"},\"primaryImageOfPage\":{\"@id\":\"https:\\\/\\\/lessecretsduchocolat.com\\\/produit\\\/les-bretzels-70-200g\\\/#primaryimage\"},\"image\":{\"@id\":\"https:\\\/\\\/lessecretsduchocolat.com\\\/produit\\\/les-bretzels-70-200g\\\/#primaryimage\"},\"thumbnailUrl\":\"https:\\\/\\\/lessecretsduchocolat.com\\\/wp-content\\\/uploads\\\/2025\\\/05\\\/19_2nd.jpg\",\"datePublished\":\"2020-02-25T16:05:42+00:00\",\"dateModified\":\"2026-03-13T08:24:11+00:00\",\"description\":\"Boules Bretzels 70 % : chocolat noir intense et c\u0153ur croustillant de biscuit sal\u00e9. Un mariage sucr\u00e9-sal\u00e9 original et irr\u00e9sistible.\",\"breadcrumb\":{\"@id\":\"https:\\\/\\\/lessecretsduchocolat.com\\\/produit\\\/les-bretzels-70-200g\\\/#breadcrumb\"},\"inLanguage\":\"de\",\"potentialAction\":[{\"@type\":\"ReadAction\",\"target\":[\"https:\\\/\\\/lessecretsduchocolat.com\\\/produit\\\/les-bretzels-70-200g\\\/\"]}]},{\"@type\":\"ImageObject\",\"inLanguage\":\"de\",\"@id\":\"https:\\\/\\\/lessecretsduchocolat.com\\\/produit\\\/les-bretzels-70-200g\\\/#primaryimage\",\"url\":\"https:\\\/\\\/lessecretsduchocolat.com\\\/wp-content\\\/uploads\\\/2025\\\/05\\\/19_2nd.jpg\",\"contentUrl\":\"https:\\\/\\\/lessecretsduchocolat.com\\\/wp-content\\\/uploads\\\/2025\\\/05\\\/19_2nd.jpg\",\"width\":800,\"height\":800},{\"@type\":\"BreadcrumbList\",\"@id\":\"https:\\\/\\\/lessecretsduchocolat.com\\\/produit\\\/les-bretzels-70-200g\\\/#breadcrumb\",\"itemListElement\":[{\"@type\":\"ListItem\",\"position\":1,\"name\":\"Accueil\",\"item\":\"https:\\\/\\\/lessecretsduchocolat.com\\\/\"},{\"@type\":\"ListItem\",\"position\":2,\"name\":\"Boutique en ligne\",\"item\":\"https:\\\/\\\/lessecretsduchocolat.com\\\/magasin\\\/\"},{\"@type\":\"ListItem\",\"position\":3,\"name\":\"BOULES BRETZELS 70% 200G\"}]},{\"@type\":\"WebSite\",\"@id\":\"https:\\\/\\\/lessecretsduchocolat.com\\\/#website\",\"url\":\"https:\\\/\\\/lessecretsduchocolat.com\\\/\",\"name\":\"Secrets de Chocolat\",\"description\":\"\",\"publisher\":{\"@id\":\"https:\\\/\\\/lessecretsduchocolat.com\\\/#organization\"},\"potentialAction\":[{\"@type\":\"SearchAction\",\"target\":{\"@type\":\"EntryPoint\",\"urlTemplate\":\"https:\\\/\\\/lessecretsduchocolat.com\\\/?s={search_term_string}\"},\"query-input\":{\"@type\":\"PropertyValueSpecification\",\"valueRequired\":true,\"valueName\":\"search_term_string\"}}],\"inLanguage\":\"de\"},{\"@type\":\"Organization\",\"@id\":\"https:\\\/\\\/lessecretsduchocolat.com\\\/#organization\",\"name\":\"Secrets de Chocolat\",\"url\":\"https:\\\/\\\/lessecretsduchocolat.com\\\/\",\"logo\":{\"@type\":\"ImageObject\",\"inLanguage\":\"de\",\"@id\":\"https:\\\/\\\/lessecretsduchocolat.com\\\/#\\\/schema\\\/logo\\\/image\\\/\",\"url\":\"https:\\\/\\\/lessecretsduchocolat.com\\\/wp-content\\\/uploads\\\/2025\\\/05\\\/logo.png\",\"contentUrl\":\"https:\\\/\\\/lessecretsduchocolat.com\\\/wp-content\\\/uploads\\\/2025\\\/05\\\/logo.png\",\"width\":198,\"height\":85,\"caption\":\"Secrets de Chocolat\"},\"image\":{\"@id\":\"https:\\\/\\\/lessecretsduchocolat.com\\\/#\\\/schema\\\/logo\\\/image\\\/\"}}]}<\/script>\n<!-- \/ Yoast SEO plugin. -->","yoast_head_json":{"title":"Brezelkugeln 200g","description":"Brezelkugeln 70 %: Intensive Zartbitterschokolade und ein knuspriger Kern aus Salzgeb\u00e4ck. Eine originelle und unwiderstehliche s\u00fc\u00df-salzige Kombination.","robots":{"index":"index","follow":"follow","max-snippet":"max-snippet:-1","max-image-preview":"max-image-preview:large","max-video-preview":"max-video-preview:-1"},"canonical":"https:\/\/lessecretsduchocolat.com\/de\/product\/die-brezeln-70-200g\/","og_locale":"de_DE","og_type":"article","og_title":"Boules bretzels 200g","og_description":"Boules Bretzels 70 % : chocolat noir intense et c\u0153ur croustillant de biscuit sal\u00e9. Un mariage sucr\u00e9-sal\u00e9 original et irr\u00e9sistible.","og_url":"https:\/\/lessecretsduchocolat.com\/de\/product\/die-brezeln-70-200g\/","og_site_name":"Secrets de Chocolat","article_modified_time":"2026-03-13T08:24:11+00:00","og_image":[{"width":800,"height":800,"url":"https:\/\/lessecretsduchocolat.com\/wp-content\/uploads\/2025\/05\/19_2nd.jpg","type":"image\/jpeg"}],"twitter_card":"summary_large_image","twitter_misc":{"Gesch\u00e4tzte Lesezeit":"2\u00a0Minuten"},"schema":{"@context":"https:\/\/schema.org","@graph":[{"@type":"WebPage","@id":"https:\/\/lessecretsduchocolat.com\/produit\/les-bretzels-70-200g\/","url":"https:\/\/lessecretsduchocolat.com\/produit\/les-bretzels-70-200g\/","name":"Brezelkugeln 200g","isPartOf":{"@id":"https:\/\/lessecretsduchocolat.com\/#website"},"primaryImageOfPage":{"@id":"https:\/\/lessecretsduchocolat.com\/produit\/les-bretzels-70-200g\/#primaryimage"},"image":{"@id":"https:\/\/lessecretsduchocolat.com\/produit\/les-bretzels-70-200g\/#primaryimage"},"thumbnailUrl":"https:\/\/lessecretsduchocolat.com\/wp-content\/uploads\/2025\/05\/19_2nd.jpg","datePublished":"2020-02-25T16:05:42+00:00","dateModified":"2026-03-13T08:24:11+00:00","description":"Brezelkugeln 70 %: Intensive Zartbitterschokolade und ein knuspriger Kern aus Salzgeb\u00e4ck. Eine originelle und unwiderstehliche s\u00fc\u00df-salzige Kombination.","breadcrumb":{"@id":"https:\/\/lessecretsduchocolat.com\/produit\/les-bretzels-70-200g\/#breadcrumb"},"inLanguage":"de","potentialAction":[{"@type":"ReadAction","target":["https:\/\/lessecretsduchocolat.com\/produit\/les-bretzels-70-200g\/"]}]},{"@type":"ImageObject","inLanguage":"de","@id":"https:\/\/lessecretsduchocolat.com\/produit\/les-bretzels-70-200g\/#primaryimage","url":"https:\/\/lessecretsduchocolat.com\/wp-content\/uploads\/2025\/05\/19_2nd.jpg","contentUrl":"https:\/\/lessecretsduchocolat.com\/wp-content\/uploads\/2025\/05\/19_2nd.jpg","width":800,"height":800},{"@type":"BreadcrumbList","@id":"https:\/\/lessecretsduchocolat.com\/produit\/les-bretzels-70-200g\/#breadcrumb","itemListElement":[{"@type":"ListItem","position":1,"name":"Accueil","item":"https:\/\/lessecretsduchocolat.com\/"},{"@type":"ListItem","position":2,"name":"Boutique en ligne","item":"https:\/\/lessecretsduchocolat.com\/magasin\/"},{"@type":"ListItem","position":3,"name":"BOULES BRETZELS 70% 200G"}]},{"@type":"WebSite","@id":"https:\/\/lessecretsduchocolat.com\/#website","url":"https:\/\/lessecretsduchocolat.com\/","name":"Secrets de Chocolat (Schokoladengeheimnisse)","description":"","publisher":{"@id":"https:\/\/lessecretsduchocolat.com\/#organization"},"potentialAction":[{"@type":"SearchAction","target":{"@type":"EntryPoint","urlTemplate":"https:\/\/lessecretsduchocolat.com\/?s={search_term_string}"},"query-input":{"@type":"PropertyValueSpecification","valueRequired":true,"valueName":"search_term_string"}}],"inLanguage":"de"},{"@type":"Organization","@id":"https:\/\/lessecretsduchocolat.com\/#organization","name":"Secrets de Chocolat (Schokoladengeheimnisse)","url":"https:\/\/lessecretsduchocolat.com\/","logo":{"@type":"ImageObject","inLanguage":"de","@id":"https:\/\/lessecretsduchocolat.com\/#\/schema\/logo\/image\/","url":"https:\/\/lessecretsduchocolat.com\/wp-content\/uploads\/2025\/05\/logo.png","contentUrl":"https:\/\/lessecretsduchocolat.com\/wp-content\/uploads\/2025\/05\/logo.png","width":198,"height":85,"caption":"Secrets de Chocolat"},"image":{"@id":"https:\/\/lessecretsduchocolat.com\/#\/schema\/logo\/image\/"}}]}},"_links":{"self":[{"href":"https:\/\/lessecretsduchocolat.com\/de\/wp-json\/wp\/v2\/product\/1049","targetHints":{"allow":["GET"]}}],"collection":[{"href":"https:\/\/lessecretsduchocolat.com\/de\/wp-json\/wp\/v2\/product"}],"about":[{"href":"https:\/\/lessecretsduchocolat.com\/de\/wp-json\/wp\/v2\/types\/product"}],"version-history":[{"count":3,"href":"https:\/\/lessecretsduchocolat.com\/de\/wp-json\/wp\/v2\/product\/1049\/revisions"}],"predecessor-version":[{"id":4083,"href":"https:\/\/lessecretsduchocolat.com\/de\/wp-json\/wp\/v2\/product\/1049\/revisions\/4083"}],"wp:featuredmedia":[{"embeddable":true,"href":"https:\/\/lessecretsduchocolat.com\/de\/wp-json\/wp\/v2\/media\/759"}],"wp:attachment":[{"href":"https:\/\/lessecretsduchocolat.com\/de\/wp-json\/wp\/v2\/media?parent=1049"}],"wp:term":[{"taxonomy":"product_brand","embeddable":true,"href":"https:\/\/lessecretsduchocolat.com\/de\/wp-json\/wp\/v2\/product_brand?post=1049"},{"taxonomy":"product_cat","embeddable":true,"href":"https:\/\/lessecretsduchocolat.com\/de\/wp-json\/wp\/v2\/product_cat?post=1049"},{"taxonomy":"product_tag","embeddable":true,"href":"https:\/\/lessecretsduchocolat.com\/de\/wp-json\/wp\/v2\/product_tag?post=1049"}],"curies":[{"name":"wp","href":"https:\/\/api.w.org\/{rel}","templated":true}]}}