{"id":1044,"date":"2020-02-25T16:05:42","date_gmt":"2020-02-25T16:05:42","guid":{"rendered":"https:\/\/preprod.lessecretsduchocolat.com\/?product=les-amandines-lait-250g"},"modified":"2026-03-13T09:24:11","modified_gmt":"2026-03-13T08:24:11","slug":"les-amandines-milch-250g","status":"publish","type":"product","link":"https:\/\/lessecretsduchocolat.com\/de\/produit\/les-amandines-lait-250g\/","title":{"rendered":"LES AMANDINES MILCH 250G"},"content":{"rendered":"<p data-start=\"302\" data-end=\"474\">Die <strong data-start=\"306\" data-end=\"350\">Mandeln aus Vollmilchschokolade <\/strong>sind eine knackige, zartschmelzende S\u00fc\u00dfigkeit, die die K\u00f6stlichkeit von Milchschokolade mit dem Reichtum der ganzen Mandel vereint.<\/p>\n<p data-start=\"476\" data-end=\"635\">Jeder Bissen vereint eine <strong data-start=\"502\" data-end=\"542\">knackige, duftende ganze Mandel<\/strong>, zart umh\u00fcllt von <strong data-start=\"568\" data-end=\"608\">Milchschokolade aus reiner Kakaobutter<\/strong>, weich und rund im Mund.<\/p>\n<p data-start=\"637\" data-end=\"790\">Diese Kombination schafft ein perfektes Gleichgewicht zwischen der Knusprigkeit der getrockneten Fr\u00fcchte und der Zartheit der Schokolade, f\u00fcr einen einfachen und universell beliebten Genuss.<\/p>\n<p data-start=\"792\" data-end=\"928\">Mit seinem Format <strong data-start=\"808\" data-end=\"817\">250 g<\/strong>Die Tubo ist ideal, um sie mit der Familie zu teilen, eine kleine Aufmerksamkeit zu verschenken oder t\u00e4glich zu genie\u00dfen.<\/p>\n<p data-start=\"930\" data-end=\"1090\">Diese <strong data-start=\"934\" data-end=\"974\">mit Milchschokolade \u00fcberzogene Mandeln<\/strong> bestechen durch ihre kontrastreiche Textur und ihren ausgewogenen Geschmack, der sowohl Erwachsene als auch Kinder anspricht.<\/p>\n<p data-start=\"1092\" data-end=\"1224\">Sie passen perfekt zu einer Kaffeepause, einem Snack oder k\u00f6nnen auch alleine genossen werden, um jederzeit die Lust auf etwas S\u00fc\u00dfes zu stillen.<\/p>\n<p data-start=\"1226\" data-end=\"1369\">Dank ihrer Tubo-Verpackung sind sie leicht zu transportieren und lassen sich \u00fcberall hin mitnehmen: ins B\u00fcro, auf Reisen oder zu einem gem\u00fctlichen Beisammensein mit Freunden.<\/p>\n<p data-start=\"1371\" data-end=\"1513\">Die <strong data-start=\"1374\" data-end=\"1406\">Schokolade aus reiner Kakaobutter<\/strong> garantiert eine gleichbleibende Qualit\u00e4t und bewahrten Geschmack, der die nat\u00fcrliche Gro\u00dfz\u00fcgigkeit der Mandel hervorhebt.<\/p>\n<p data-start=\"1515\" data-end=\"1676\">Die <strong data-start=\"1519\" data-end=\"1563\">Mandeln aus Vollmilchschokolade<\/strong>\u00a0sind eine zeitlose Delikatesse, ein Symbol f\u00fcr einfachen Genuss und das perfekte Gleichgewicht zwischen s\u00fc\u00df und knusprig.<\/p>\n<p data-start=\"1678\" data-end=\"1757\">Ein Klassiker, der nie entt\u00e4uscht, zum Verschenken, Weitergeben oder Selbstbehalten.<\/p>","protected":false},"excerpt":{"rendered":"<p><strong>Ob als Knabberei bei einer s\u00fc\u00dfen Pause oder als Beilage zu Kaffee oder Tee, wir lieben die Milchmandeln wegen ihrer Knusprigkeit und der Cremigkeit im Mund.<\/strong><\/p>","protected":false},"featured_media":744,"template":"","meta":{"_acf_changed":false,"site-sidebar-layout":"default","site-content-layout":"","ast-site-content-layout":"default","site-content-style":"default","site-sidebar-style":"default","ast-global-header-display":"","ast-banner-title-visibility":"","ast-main-header-display":"","ast-hfb-above-header-display":"","ast-hfb-below-header-display":"","ast-hfb-mobile-header-display":"","site-post-title":"","ast-breadcrumbs-content":"","ast-featured-img":"","footer-sml-layout":"","theme-transparent-header-meta":"default","adv-header-id-meta":"","stick-header-meta":"","header-above-stick-meta":"","header-main-stick-meta":"","header-below-stick-meta":"","astra-migrate-meta-layouts":"set","ast-page-background-enabled":"default","ast-page-background-meta":{"desktop":{"background-color":"var(--ast-global-color-4)","background-image":"","background-repeat":"repeat","background-position":"center center","background-size":"auto","background-attachment":"scroll","background-type":"","background-media":"","overlay-type":"","overlay-color":"","overlay-opacity":"","overlay-gradient":""},"tablet":{"background-color":"","background-image":"","background-repeat":"repeat","background-position":"center center","background-size":"auto","background-attachment":"scroll","background-type":"","background-media":"","overlay-type":"","overlay-color":"","overlay-opacity":"","overlay-gradient":""},"mobile":{"background-color":"","background-image":"","background-repeat":"repeat","background-position":"center center","background-size":"auto","background-attachment":"scroll","background-type":"","background-media":"","overlay-type":"","overlay-color":"","overlay-opacity":"","overlay-gradient":""}},"ast-content-background-meta":{"desktop":{"background-color":"var(--ast-global-color-5)","background-image":"","background-repeat":"repeat","background-position":"center center","background-size":"auto","background-attachment":"scroll","background-type":"","background-media":"","overlay-type":"","overlay-color":"","overlay-opacity":"","overlay-gradient":""},"tablet":{"background-color":"var(--ast-global-color-5)","background-image":"","background-repeat":"repeat","background-position":"center center","background-size":"auto","background-attachment":"scroll","background-type":"","background-media":"","overlay-type":"","overlay-color":"","overlay-opacity":"","overlay-gradient":""},"mobile":{"background-color":"var(--ast-global-color-5)","background-image":"","background-repeat":"repeat","background-position":"center center","background-size":"auto","background-attachment":"scroll","background-type":"","background-media":"","overlay-type":"","overlay-color":"","overlay-opacity":"","overlay-gradient":""}},"iawp_total_views":12},"product_brand":[],"product_cat":[108,204],"product_tag":[],"class_list":{"0":"post-1044","1":"product","2":"type-product","3":"status-publish","4":"has-post-thumbnail","6":"product_cat-gourmandises","7":"product_cat-tous-produits","8":"desktop-align-left","9":"tablet-align-left","10":"mobile-align-left","12":"first","13":"instock","14":"taxable","15":"shipping-taxable","16":"purchasable","17":"product-type-simple"},"acf":[],"yoast_head":"<!-- This site is optimized with the Yoast SEO plugin v27.4 - https:\/\/yoast.com\/product\/yoast-seo-wordpress\/ -->\n<title>AMANDINES CHOCOLAT AU LAIT 250g<\/title>\n<meta name=\"description\" content=\"Amandines chocolat au lait en tubo 250 g : amandes enti\u00e8res croquantes enrob\u00e9es de chocolat au lait pur beurre de cacao. Une gourmandise douce et g\u00e9n\u00e9reuse.\" \/>\n<meta name=\"robots\" content=\"index, follow, max-snippet:-1, max-image-preview:large, max-video-preview:-1\" \/>\n<link rel=\"canonical\" href=\"https:\/\/lessecretsduchocolat.com\/de\/product\/les-amandines-milch-250g\/\" \/>\n<meta property=\"og:locale\" content=\"de_DE\" \/>\n<meta property=\"og:type\" content=\"article\" \/>\n<meta property=\"og:title\" content=\"AMANDINES CHOCOLAT AU LAIT 250g\" \/>\n<meta property=\"og:description\" content=\"Amandines chocolat au lait en tubo 250 g : amandes enti\u00e8res croquantes enrob\u00e9es de chocolat au lait pur beurre de cacao. Une gourmandise douce et g\u00e9n\u00e9reuse.\" \/>\n<meta property=\"og:url\" content=\"https:\/\/lessecretsduchocolat.com\/de\/product\/les-amandines-milch-250g\/\" \/>\n<meta property=\"og:site_name\" content=\"Secrets de Chocolat\" \/>\n<meta property=\"article:modified_time\" content=\"2026-03-13T08:24:11+00:00\" \/>\n<meta property=\"og:image\" content=\"https:\/\/lessecretsduchocolat.com\/wp-content\/uploads\/2025\/05\/184.jpg\" \/>\n\t<meta property=\"og:image:width\" content=\"500\" \/>\n\t<meta property=\"og:image:height\" content=\"500\" \/>\n\t<meta property=\"og:image:type\" content=\"image\/jpeg\" \/>\n<meta name=\"twitter:card\" content=\"summary_large_image\" \/>\n<meta name=\"twitter:label1\" content=\"Gesch\u00e4tzte Lesezeit\" \/>\n\t<meta name=\"twitter:data1\" content=\"2\u00a0Minuten\" \/>\n<script type=\"application\/ld+json\" class=\"yoast-schema-graph\">{\"@context\":\"https:\\\/\\\/schema.org\",\"@graph\":[{\"@type\":\"WebPage\",\"@id\":\"https:\\\/\\\/lessecretsduchocolat.com\\\/produit\\\/les-amandines-lait-250g\\\/\",\"url\":\"https:\\\/\\\/lessecretsduchocolat.com\\\/produit\\\/les-amandines-lait-250g\\\/\",\"name\":\"AMANDINES CHOCOLAT AU LAIT 250g\",\"isPartOf\":{\"@id\":\"https:\\\/\\\/lessecretsduchocolat.com\\\/#website\"},\"primaryImageOfPage\":{\"@id\":\"https:\\\/\\\/lessecretsduchocolat.com\\\/produit\\\/les-amandines-lait-250g\\\/#primaryimage\"},\"image\":{\"@id\":\"https:\\\/\\\/lessecretsduchocolat.com\\\/produit\\\/les-amandines-lait-250g\\\/#primaryimage\"},\"thumbnailUrl\":\"https:\\\/\\\/lessecretsduchocolat.com\\\/wp-content\\\/uploads\\\/2025\\\/05\\\/184.jpg\",\"datePublished\":\"2020-02-25T16:05:42+00:00\",\"dateModified\":\"2026-03-13T08:24:11+00:00\",\"description\":\"Amandines chocolat au lait en tubo 250 g : amandes enti\u00e8res croquantes enrob\u00e9es de chocolat au lait pur beurre de cacao. Une gourmandise douce et g\u00e9n\u00e9reuse.\",\"breadcrumb\":{\"@id\":\"https:\\\/\\\/lessecretsduchocolat.com\\\/produit\\\/les-amandines-lait-250g\\\/#breadcrumb\"},\"inLanguage\":\"de\",\"potentialAction\":[{\"@type\":\"ReadAction\",\"target\":[\"https:\\\/\\\/lessecretsduchocolat.com\\\/produit\\\/les-amandines-lait-250g\\\/\"]}]},{\"@type\":\"ImageObject\",\"inLanguage\":\"de\",\"@id\":\"https:\\\/\\\/lessecretsduchocolat.com\\\/produit\\\/les-amandines-lait-250g\\\/#primaryimage\",\"url\":\"https:\\\/\\\/lessecretsduchocolat.com\\\/wp-content\\\/uploads\\\/2025\\\/05\\\/184.jpg\",\"contentUrl\":\"https:\\\/\\\/lessecretsduchocolat.com\\\/wp-content\\\/uploads\\\/2025\\\/05\\\/184.jpg\",\"width\":500,\"height\":500},{\"@type\":\"BreadcrumbList\",\"@id\":\"https:\\\/\\\/lessecretsduchocolat.com\\\/produit\\\/les-amandines-lait-250g\\\/#breadcrumb\",\"itemListElement\":[{\"@type\":\"ListItem\",\"position\":1,\"name\":\"Accueil\",\"item\":\"https:\\\/\\\/lessecretsduchocolat.com\\\/\"},{\"@type\":\"ListItem\",\"position\":2,\"name\":\"Boutique en ligne\",\"item\":\"https:\\\/\\\/lessecretsduchocolat.com\\\/magasin\\\/\"},{\"@type\":\"ListItem\",\"position\":3,\"name\":\"LES AMANDINES LAIT 250G\"}]},{\"@type\":\"WebSite\",\"@id\":\"https:\\\/\\\/lessecretsduchocolat.com\\\/#website\",\"url\":\"https:\\\/\\\/lessecretsduchocolat.com\\\/\",\"name\":\"Secrets de Chocolat\",\"description\":\"\",\"publisher\":{\"@id\":\"https:\\\/\\\/lessecretsduchocolat.com\\\/#organization\"},\"potentialAction\":[{\"@type\":\"SearchAction\",\"target\":{\"@type\":\"EntryPoint\",\"urlTemplate\":\"https:\\\/\\\/lessecretsduchocolat.com\\\/?s={search_term_string}\"},\"query-input\":{\"@type\":\"PropertyValueSpecification\",\"valueRequired\":true,\"valueName\":\"search_term_string\"}}],\"inLanguage\":\"de\"},{\"@type\":\"Organization\",\"@id\":\"https:\\\/\\\/lessecretsduchocolat.com\\\/#organization\",\"name\":\"Secrets de Chocolat\",\"url\":\"https:\\\/\\\/lessecretsduchocolat.com\\\/\",\"logo\":{\"@type\":\"ImageObject\",\"inLanguage\":\"de\",\"@id\":\"https:\\\/\\\/lessecretsduchocolat.com\\\/#\\\/schema\\\/logo\\\/image\\\/\",\"url\":\"https:\\\/\\\/lessecretsduchocolat.com\\\/wp-content\\\/uploads\\\/2025\\\/05\\\/logo.png\",\"contentUrl\":\"https:\\\/\\\/lessecretsduchocolat.com\\\/wp-content\\\/uploads\\\/2025\\\/05\\\/logo.png\",\"width\":198,\"height\":85,\"caption\":\"Secrets de Chocolat\"},\"image\":{\"@id\":\"https:\\\/\\\/lessecretsduchocolat.com\\\/#\\\/schema\\\/logo\\\/image\\\/\"}}]}<\/script>\n<!-- \/ Yoast SEO plugin. -->","yoast_head_json":{"title":"AMANDINES CHOCOLAT AU LAIT 250g","description":"Amandines chocolat au lait en tubo 250 g: Ganze knackige Mandeln umh\u00fcllt von Milchschokolade aus reiner Kakaobutter. Eine s\u00fc\u00dfe und gro\u00dfz\u00fcgige Leckerei.","robots":{"index":"index","follow":"follow","max-snippet":"max-snippet:-1","max-image-preview":"max-image-preview:large","max-video-preview":"max-video-preview:-1"},"canonical":"https:\/\/lessecretsduchocolat.com\/de\/product\/les-amandines-milch-250g\/","og_locale":"de_DE","og_type":"article","og_title":"AMANDINES CHOCOLAT AU LAIT 250g","og_description":"Amandines chocolat au lait en tubo 250 g : amandes enti\u00e8res croquantes enrob\u00e9es de chocolat au lait pur beurre de cacao. Une gourmandise douce et g\u00e9n\u00e9reuse.","og_url":"https:\/\/lessecretsduchocolat.com\/de\/product\/les-amandines-milch-250g\/","og_site_name":"Secrets de Chocolat","article_modified_time":"2026-03-13T08:24:11+00:00","og_image":[{"width":500,"height":500,"url":"https:\/\/lessecretsduchocolat.com\/wp-content\/uploads\/2025\/05\/184.jpg","type":"image\/jpeg"}],"twitter_card":"summary_large_image","twitter_misc":{"Gesch\u00e4tzte Lesezeit":"2\u00a0Minuten"},"schema":{"@context":"https:\/\/schema.org","@graph":[{"@type":"WebPage","@id":"https:\/\/lessecretsduchocolat.com\/produit\/les-amandines-lait-250g\/","url":"https:\/\/lessecretsduchocolat.com\/produit\/les-amandines-lait-250g\/","name":"AMANDINES CHOCOLAT AU LAIT 250g","isPartOf":{"@id":"https:\/\/lessecretsduchocolat.com\/#website"},"primaryImageOfPage":{"@id":"https:\/\/lessecretsduchocolat.com\/produit\/les-amandines-lait-250g\/#primaryimage"},"image":{"@id":"https:\/\/lessecretsduchocolat.com\/produit\/les-amandines-lait-250g\/#primaryimage"},"thumbnailUrl":"https:\/\/lessecretsduchocolat.com\/wp-content\/uploads\/2025\/05\/184.jpg","datePublished":"2020-02-25T16:05:42+00:00","dateModified":"2026-03-13T08:24:11+00:00","description":"Amandines chocolat au lait en tubo 250 g: Ganze knackige Mandeln umh\u00fcllt von Milchschokolade aus reiner Kakaobutter. Eine s\u00fc\u00dfe und gro\u00dfz\u00fcgige Leckerei.","breadcrumb":{"@id":"https:\/\/lessecretsduchocolat.com\/produit\/les-amandines-lait-250g\/#breadcrumb"},"inLanguage":"de","potentialAction":[{"@type":"ReadAction","target":["https:\/\/lessecretsduchocolat.com\/produit\/les-amandines-lait-250g\/"]}]},{"@type":"ImageObject","inLanguage":"de","@id":"https:\/\/lessecretsduchocolat.com\/produit\/les-amandines-lait-250g\/#primaryimage","url":"https:\/\/lessecretsduchocolat.com\/wp-content\/uploads\/2025\/05\/184.jpg","contentUrl":"https:\/\/lessecretsduchocolat.com\/wp-content\/uploads\/2025\/05\/184.jpg","width":500,"height":500},{"@type":"BreadcrumbList","@id":"https:\/\/lessecretsduchocolat.com\/produit\/les-amandines-lait-250g\/#breadcrumb","itemListElement":[{"@type":"ListItem","position":1,"name":"Accueil","item":"https:\/\/lessecretsduchocolat.com\/"},{"@type":"ListItem","position":2,"name":"Boutique en ligne","item":"https:\/\/lessecretsduchocolat.com\/magasin\/"},{"@type":"ListItem","position":3,"name":"LES AMANDINES LAIT 250G"}]},{"@type":"WebSite","@id":"https:\/\/lessecretsduchocolat.com\/#website","url":"https:\/\/lessecretsduchocolat.com\/","name":"Secrets de Chocolat (Schokoladengeheimnisse)","description":"","publisher":{"@id":"https:\/\/lessecretsduchocolat.com\/#organization"},"potentialAction":[{"@type":"SearchAction","target":{"@type":"EntryPoint","urlTemplate":"https:\/\/lessecretsduchocolat.com\/?s={search_term_string}"},"query-input":{"@type":"PropertyValueSpecification","valueRequired":true,"valueName":"search_term_string"}}],"inLanguage":"de"},{"@type":"Organization","@id":"https:\/\/lessecretsduchocolat.com\/#organization","name":"Secrets de Chocolat (Schokoladengeheimnisse)","url":"https:\/\/lessecretsduchocolat.com\/","logo":{"@type":"ImageObject","inLanguage":"de","@id":"https:\/\/lessecretsduchocolat.com\/#\/schema\/logo\/image\/","url":"https:\/\/lessecretsduchocolat.com\/wp-content\/uploads\/2025\/05\/logo.png","contentUrl":"https:\/\/lessecretsduchocolat.com\/wp-content\/uploads\/2025\/05\/logo.png","width":198,"height":85,"caption":"Secrets de Chocolat"},"image":{"@id":"https:\/\/lessecretsduchocolat.com\/#\/schema\/logo\/image\/"}}]}},"_links":{"self":[{"href":"https:\/\/lessecretsduchocolat.com\/de\/wp-json\/wp\/v2\/product\/1044","targetHints":{"allow":["GET"]}}],"collection":[{"href":"https:\/\/lessecretsduchocolat.com\/de\/wp-json\/wp\/v2\/product"}],"about":[{"href":"https:\/\/lessecretsduchocolat.com\/de\/wp-json\/wp\/v2\/types\/product"}],"version-history":[{"count":3,"href":"https:\/\/lessecretsduchocolat.com\/de\/wp-json\/wp\/v2\/product\/1044\/revisions"}],"predecessor-version":[{"id":4093,"href":"https:\/\/lessecretsduchocolat.com\/de\/wp-json\/wp\/v2\/product\/1044\/revisions\/4093"}],"wp:featuredmedia":[{"embeddable":true,"href":"https:\/\/lessecretsduchocolat.com\/de\/wp-json\/wp\/v2\/media\/744"}],"wp:attachment":[{"href":"https:\/\/lessecretsduchocolat.com\/de\/wp-json\/wp\/v2\/media?parent=1044"}],"wp:term":[{"taxonomy":"product_brand","embeddable":true,"href":"https:\/\/lessecretsduchocolat.com\/de\/wp-json\/wp\/v2\/product_brand?post=1044"},{"taxonomy":"product_cat","embeddable":true,"href":"https:\/\/lessecretsduchocolat.com\/de\/wp-json\/wp\/v2\/product_cat?post=1044"},{"taxonomy":"product_tag","embeddable":true,"href":"https:\/\/lessecretsduchocolat.com\/de\/wp-json\/wp\/v2\/product_tag?post=1044"}],"curies":[{"name":"wp","href":"https:\/\/api.w.org\/{rel}","templated":true}]}}