{"id":1039,"date":"2020-02-25T16:05:42","date_gmt":"2020-02-25T16:05:42","guid":{"rendered":"https:\/\/preprod.lessecretsduchocolat.com\/?product=reglette-de-carres-gourmands-au-chocolat"},"modified":"2026-03-29T23:38:17","modified_gmt":"2026-03-29T21:38:17","slug":"reglette-mit-schokoladen-gourmetkanten","status":"publish","type":"product","link":"https:\/\/lessecretsduchocolat.com\/de\/produit\/reglette-de-carres-gourmands-au-chocolat\/","title":{"rendered":"REGLETTE MIT SCHOKOLADEN-GOURMETKANTEN"},"content":{"rendered":"<p data-start=\"304\" data-end=\"487\">Die <strong data-start=\"307\" data-end=\"338\">Schieberegler 8 Gourmet-Quadrate<\/strong> ist eine raffinierte Auswahl an kleinen, verzierten Pralinen, angeboten in <strong data-start=\"407\" data-end=\"463\">dunkle Schokolade und Milchschokolade aus Ecuador<\/strong>Kakao aus reiner Kakaobutter.<\/p>\n<p data-start=\"489\" data-end=\"666\">Jedes Quadrat ist so konzipiert, dass es \u00c4sthetik und K\u00f6stlichkeit miteinander verbindet. Das zarte Dekor sorgt f\u00fcr eine gepflegte optische Note, w\u00e4hrend die Schokolade ihren ganzen aromatischen Reichtum offenbart.<\/p>\n<p data-start=\"668\" data-end=\"792\">In der Milchversion findet man eine zartschmelzende, runde S\u00fc\u00dfe, die ideal f\u00fcr Liebhaber s\u00fc\u00dfer und tr\u00f6stender Aromen ist.<\/p>\n<p data-start=\"794\" data-end=\"946\">In der dunklen Version dr\u00fcckt der Kakao aus Ecuador eine st\u00e4rkere Intensit\u00e4t aus, mit subtilen Noten, die Liebhaber von kr\u00e4ftiger Schokolade verf\u00fchren.<\/p>\n<p data-start=\"948\" data-end=\"1066\">Diese Vielfalt bietet f\u00fcr jeden Geschmack etwas und l\u00e4sst jede Verkostung zu einem kleinen Genussmoment werden.<\/p>\n<p data-start=\"1068\" data-end=\"1216\">Mit ihrem handlichen Format ist die <strong data-start=\"1097\" data-end=\"1109\">Lichtleiste<\/strong> eignet sich perfekt als kleines Feinschmeckergeschenk, das Sie bei einer Einladung oder zum Kaffee \u00fcberreichen k\u00f6nnen.<\/p>\n<p data-start=\"1218\" data-end=\"1379\">Die <strong data-start=\"1222\" data-end=\"1250\">verzierte Feinschmeckerquadrate<\/strong> verf\u00fchren durch ihre elegante Schlichtheit und Raffinesse. Ein schokoladiges Vergn\u00fcgen, das sich sowohl allein als auch gemeinsam genie\u00dfen l\u00e4sst.<\/p>\n<p data-start=\"1381\" data-end=\"1513\">Die <strong data-start=\"1384\" data-end=\"1416\">Schokolade aus reiner Kakaobutter<\/strong> garantiert ein perfektes Schmelzen und einen erhaltenen Geschmack f\u00fcr ein authentisches und gro\u00dfz\u00fcgiges Erlebnis.<\/p>\n<p data-start=\"1515\" data-end=\"1639\">Dieses Format von <strong data-start=\"1528\" data-end=\"1540\">8 St\u00fcck<\/strong> eignet sich f\u00fcr alle Gelegenheiten: eine kleine aufmerksame Geste, eine s\u00fc\u00dfe Pause oder ein Souvenir zum Mitnehmen.<\/p>\n<p data-start=\"1641\" data-end=\"1786\">Die <strong data-start=\"1644\" data-end=\"1675\">Schieberegler 8 Gourmet-Quadrate<\/strong> ist eine einfache und k\u00f6stliche Art, hochwertige Schokolade zu verschenken, nicht zu viel, aber immer mit Genuss.<\/p>","protected":false},"excerpt":{"rendered":"<p><strong>Diese Leiste besteht aus 8 Feinschmeckerquadraten. Sie k\u00f6nnen zwischen Vollmilch- und Zartbitterschokolade w\u00e4hlen und diese mit anderen Geschmacksrichtungen kombinieren: Apfel\/Karamell, Erdbeere\/Haselnuss, Johannisbeere\/Kakaobohne, Passionsfrucht\/Haselnuss, Sesam\/Kirsche, Kokosnuss\/Mandel, Himbeere\/Pistazie und Cranberry\/Haselnuss.<\/strong><\/p>","protected":false},"featured_media":732,"template":"","meta":{"_acf_changed":false,"site-sidebar-layout":"default","site-content-layout":"","ast-site-content-layout":"default","site-content-style":"default","site-sidebar-style":"default","ast-global-header-display":"","ast-banner-title-visibility":"","ast-main-header-display":"","ast-hfb-above-header-display":"","ast-hfb-below-header-display":"","ast-hfb-mobile-header-display":"","site-post-title":"","ast-breadcrumbs-content":"","ast-featured-img":"","footer-sml-layout":"","theme-transparent-header-meta":"default","adv-header-id-meta":"","stick-header-meta":"","header-above-stick-meta":"","header-main-stick-meta":"","header-below-stick-meta":"","astra-migrate-meta-layouts":"set","ast-page-background-enabled":"default","ast-page-background-meta":{"desktop":{"background-color":"var(--ast-global-color-4)","background-image":"","background-repeat":"repeat","background-position":"center center","background-size":"auto","background-attachment":"scroll","background-type":"","background-media":"","overlay-type":"","overlay-color":"","overlay-opacity":"","overlay-gradient":""},"tablet":{"background-color":"","background-image":"","background-repeat":"repeat","background-position":"center center","background-size":"auto","background-attachment":"scroll","background-type":"","background-media":"","overlay-type":"","overlay-color":"","overlay-opacity":"","overlay-gradient":""},"mobile":{"background-color":"","background-image":"","background-repeat":"repeat","background-position":"center center","background-size":"auto","background-attachment":"scroll","background-type":"","background-media":"","overlay-type":"","overlay-color":"","overlay-opacity":"","overlay-gradient":""}},"ast-content-background-meta":{"desktop":{"background-color":"var(--ast-global-color-5)","background-image":"","background-repeat":"repeat","background-position":"center center","background-size":"auto","background-attachment":"scroll","background-type":"","background-media":"","overlay-type":"","overlay-color":"","overlay-opacity":"","overlay-gradient":""},"tablet":{"background-color":"var(--ast-global-color-5)","background-image":"","background-repeat":"repeat","background-position":"center center","background-size":"auto","background-attachment":"scroll","background-type":"","background-media":"","overlay-type":"","overlay-color":"","overlay-opacity":"","overlay-gradient":""},"mobile":{"background-color":"var(--ast-global-color-5)","background-image":"","background-repeat":"repeat","background-position":"center center","background-size":"auto","background-attachment":"scroll","background-type":"","background-media":"","overlay-type":"","overlay-color":"","overlay-opacity":"","overlay-gradient":""}},"iawp_total_views":92},"product_brand":[],"product_cat":[204],"product_tag":[],"class_list":{"0":"post-1039","1":"product","2":"type-product","3":"status-publish","4":"has-post-thumbnail","6":"product_cat-tous-produits","7":"desktop-align-left","8":"tablet-align-left","9":"mobile-align-left","11":"first","12":"instock","13":"taxable","14":"shipping-taxable","15":"purchasable","16":"product-type-simple"},"acf":[],"yoast_head":"<!-- This site is optimized with the Yoast SEO plugin v27.4 - https:\/\/yoast.com\/product\/yoast-seo-wordpress\/ -->\n<title>REGLETTE 8 CARRES GOURMANDS<\/title>\n<meta name=\"description\" content=\"R\u00e9glette 8 carr\u00e9s gourmands : chocolats d\u00e9cor\u00e9s au lait et noir d\u2019origine \u00c9quateur, pur beurre de cacao. Un petit cadeau gourmand, simple et raffin\u00e9.\" \/>\n<meta name=\"robots\" content=\"index, follow, max-snippet:-1, max-image-preview:large, max-video-preview:-1\" \/>\n<link rel=\"canonical\" href=\"https:\/\/lessecretsduchocolat.com\/de\/product\/reglette-mit-schokoladen-gourmetkanten\/\" \/>\n<meta property=\"og:locale\" content=\"de_DE\" \/>\n<meta property=\"og:type\" content=\"article\" \/>\n<meta property=\"og:title\" content=\"REGLETTE 8 CARRES GOURMANDS\" \/>\n<meta property=\"og:description\" content=\"R\u00e9glette 8 carr\u00e9s gourmands : chocolats d\u00e9cor\u00e9s au lait et noir d\u2019origine \u00c9quateur, pur beurre de cacao. Un petit cadeau gourmand, simple et raffin\u00e9.\" \/>\n<meta property=\"og:url\" content=\"https:\/\/lessecretsduchocolat.com\/de\/product\/reglette-mit-schokoladen-gourmetkanten\/\" \/>\n<meta property=\"og:site_name\" content=\"Secrets de Chocolat\" \/>\n<meta property=\"article:modified_time\" content=\"2026-03-29T21:38:17+00:00\" \/>\n<meta property=\"og:image\" content=\"https:\/\/lessecretsduchocolat.com\/wp-content\/uploads\/2025\/05\/193.jpg\" \/>\n\t<meta property=\"og:image:width\" content=\"500\" \/>\n\t<meta property=\"og:image:height\" content=\"500\" \/>\n\t<meta property=\"og:image:type\" content=\"image\/jpeg\" \/>\n<meta name=\"twitter:card\" content=\"summary_large_image\" \/>\n<meta name=\"twitter:label1\" content=\"Gesch\u00e4tzte Lesezeit\" \/>\n\t<meta name=\"twitter:data1\" content=\"2\u00a0Minuten\" \/>\n<script type=\"application\/ld+json\" class=\"yoast-schema-graph\">{\"@context\":\"https:\\\/\\\/schema.org\",\"@graph\":[{\"@type\":\"WebPage\",\"@id\":\"https:\\\/\\\/lessecretsduchocolat.com\\\/produit\\\/reglette-de-carres-gourmands-au-chocolat\\\/\",\"url\":\"https:\\\/\\\/lessecretsduchocolat.com\\\/produit\\\/reglette-de-carres-gourmands-au-chocolat\\\/\",\"name\":\"REGLETTE 8 CARRES GOURMANDS\",\"isPartOf\":{\"@id\":\"https:\\\/\\\/lessecretsduchocolat.com\\\/#website\"},\"primaryImageOfPage\":{\"@id\":\"https:\\\/\\\/lessecretsduchocolat.com\\\/produit\\\/reglette-de-carres-gourmands-au-chocolat\\\/#primaryimage\"},\"image\":{\"@id\":\"https:\\\/\\\/lessecretsduchocolat.com\\\/produit\\\/reglette-de-carres-gourmands-au-chocolat\\\/#primaryimage\"},\"thumbnailUrl\":\"https:\\\/\\\/lessecretsduchocolat.com\\\/wp-content\\\/uploads\\\/2025\\\/05\\\/193.jpg\",\"datePublished\":\"2020-02-25T16:05:42+00:00\",\"dateModified\":\"2026-03-29T21:38:17+00:00\",\"description\":\"R\u00e9glette 8 carr\u00e9s gourmands : chocolats d\u00e9cor\u00e9s au lait et noir d\u2019origine \u00c9quateur, pur beurre de cacao. Un petit cadeau gourmand, simple et raffin\u00e9.\",\"breadcrumb\":{\"@id\":\"https:\\\/\\\/lessecretsduchocolat.com\\\/produit\\\/reglette-de-carres-gourmands-au-chocolat\\\/#breadcrumb\"},\"inLanguage\":\"de\",\"potentialAction\":[{\"@type\":\"ReadAction\",\"target\":[\"https:\\\/\\\/lessecretsduchocolat.com\\\/produit\\\/reglette-de-carres-gourmands-au-chocolat\\\/\"]}]},{\"@type\":\"ImageObject\",\"inLanguage\":\"de\",\"@id\":\"https:\\\/\\\/lessecretsduchocolat.com\\\/produit\\\/reglette-de-carres-gourmands-au-chocolat\\\/#primaryimage\",\"url\":\"https:\\\/\\\/lessecretsduchocolat.com\\\/wp-content\\\/uploads\\\/2025\\\/05\\\/193.jpg\",\"contentUrl\":\"https:\\\/\\\/lessecretsduchocolat.com\\\/wp-content\\\/uploads\\\/2025\\\/05\\\/193.jpg\",\"width\":500,\"height\":500},{\"@type\":\"BreadcrumbList\",\"@id\":\"https:\\\/\\\/lessecretsduchocolat.com\\\/produit\\\/reglette-de-carres-gourmands-au-chocolat\\\/#breadcrumb\",\"itemListElement\":[{\"@type\":\"ListItem\",\"position\":1,\"name\":\"Accueil\",\"item\":\"https:\\\/\\\/lessecretsduchocolat.com\\\/\"},{\"@type\":\"ListItem\",\"position\":2,\"name\":\"Boutique en ligne\",\"item\":\"https:\\\/\\\/lessecretsduchocolat.com\\\/magasin\\\/\"},{\"@type\":\"ListItem\",\"position\":3,\"name\":\"REGLETTE DE CARRES GOURMANDS AU CHOCOLAT\"}]},{\"@type\":\"WebSite\",\"@id\":\"https:\\\/\\\/lessecretsduchocolat.com\\\/#website\",\"url\":\"https:\\\/\\\/lessecretsduchocolat.com\\\/\",\"name\":\"Secrets de Chocolat\",\"description\":\"\",\"publisher\":{\"@id\":\"https:\\\/\\\/lessecretsduchocolat.com\\\/#organization\"},\"potentialAction\":[{\"@type\":\"SearchAction\",\"target\":{\"@type\":\"EntryPoint\",\"urlTemplate\":\"https:\\\/\\\/lessecretsduchocolat.com\\\/?s={search_term_string}\"},\"query-input\":{\"@type\":\"PropertyValueSpecification\",\"valueRequired\":true,\"valueName\":\"search_term_string\"}}],\"inLanguage\":\"de\"},{\"@type\":\"Organization\",\"@id\":\"https:\\\/\\\/lessecretsduchocolat.com\\\/#organization\",\"name\":\"Secrets de Chocolat\",\"url\":\"https:\\\/\\\/lessecretsduchocolat.com\\\/\",\"logo\":{\"@type\":\"ImageObject\",\"inLanguage\":\"de\",\"@id\":\"https:\\\/\\\/lessecretsduchocolat.com\\\/#\\\/schema\\\/logo\\\/image\\\/\",\"url\":\"https:\\\/\\\/lessecretsduchocolat.com\\\/wp-content\\\/uploads\\\/2025\\\/05\\\/logo.png\",\"contentUrl\":\"https:\\\/\\\/lessecretsduchocolat.com\\\/wp-content\\\/uploads\\\/2025\\\/05\\\/logo.png\",\"width\":198,\"height\":85,\"caption\":\"Secrets de Chocolat\"},\"image\":{\"@id\":\"https:\\\/\\\/lessecretsduchocolat.com\\\/#\\\/schema\\\/logo\\\/image\\\/\"}}]}<\/script>\n<!-- \/ Yoast SEO plugin. -->","yoast_head_json":{"title":"REGLETTE 8 GOURMET-KANTEN","description":"8 Feinschmeckerquadrate: dekorierte Milch- und Zartbitterschokolade aus Ecuador, reine Kakaobutter. Ein kleines, einfaches und raffiniertes Geschenk f\u00fcr Feinschmecker.","robots":{"index":"index","follow":"follow","max-snippet":"max-snippet:-1","max-image-preview":"max-image-preview:large","max-video-preview":"max-video-preview:-1"},"canonical":"https:\/\/lessecretsduchocolat.com\/de\/product\/reglette-mit-schokoladen-gourmetkanten\/","og_locale":"de_DE","og_type":"article","og_title":"REGLETTE 8 CARRES GOURMANDS","og_description":"R\u00e9glette 8 carr\u00e9s gourmands : chocolats d\u00e9cor\u00e9s au lait et noir d\u2019origine \u00c9quateur, pur beurre de cacao. Un petit cadeau gourmand, simple et raffin\u00e9.","og_url":"https:\/\/lessecretsduchocolat.com\/de\/product\/reglette-mit-schokoladen-gourmetkanten\/","og_site_name":"Secrets de Chocolat","article_modified_time":"2026-03-29T21:38:17+00:00","og_image":[{"width":500,"height":500,"url":"https:\/\/lessecretsduchocolat.com\/wp-content\/uploads\/2025\/05\/193.jpg","type":"image\/jpeg"}],"twitter_card":"summary_large_image","twitter_misc":{"Gesch\u00e4tzte Lesezeit":"2\u00a0Minuten"},"schema":{"@context":"https:\/\/schema.org","@graph":[{"@type":"WebPage","@id":"https:\/\/lessecretsduchocolat.com\/produit\/reglette-de-carres-gourmands-au-chocolat\/","url":"https:\/\/lessecretsduchocolat.com\/produit\/reglette-de-carres-gourmands-au-chocolat\/","name":"REGLETTE 8 GOURMET-KANTEN","isPartOf":{"@id":"https:\/\/lessecretsduchocolat.com\/#website"},"primaryImageOfPage":{"@id":"https:\/\/lessecretsduchocolat.com\/produit\/reglette-de-carres-gourmands-au-chocolat\/#primaryimage"},"image":{"@id":"https:\/\/lessecretsduchocolat.com\/produit\/reglette-de-carres-gourmands-au-chocolat\/#primaryimage"},"thumbnailUrl":"https:\/\/lessecretsduchocolat.com\/wp-content\/uploads\/2025\/05\/193.jpg","datePublished":"2020-02-25T16:05:42+00:00","dateModified":"2026-03-29T21:38:17+00:00","description":"8 Feinschmeckerquadrate: dekorierte Milch- und Zartbitterschokolade aus Ecuador, reine Kakaobutter. Ein kleines, einfaches und raffiniertes Geschenk f\u00fcr Feinschmecker.","breadcrumb":{"@id":"https:\/\/lessecretsduchocolat.com\/produit\/reglette-de-carres-gourmands-au-chocolat\/#breadcrumb"},"inLanguage":"de","potentialAction":[{"@type":"ReadAction","target":["https:\/\/lessecretsduchocolat.com\/produit\/reglette-de-carres-gourmands-au-chocolat\/"]}]},{"@type":"ImageObject","inLanguage":"de","@id":"https:\/\/lessecretsduchocolat.com\/produit\/reglette-de-carres-gourmands-au-chocolat\/#primaryimage","url":"https:\/\/lessecretsduchocolat.com\/wp-content\/uploads\/2025\/05\/193.jpg","contentUrl":"https:\/\/lessecretsduchocolat.com\/wp-content\/uploads\/2025\/05\/193.jpg","width":500,"height":500},{"@type":"BreadcrumbList","@id":"https:\/\/lessecretsduchocolat.com\/produit\/reglette-de-carres-gourmands-au-chocolat\/#breadcrumb","itemListElement":[{"@type":"ListItem","position":1,"name":"Accueil","item":"https:\/\/lessecretsduchocolat.com\/"},{"@type":"ListItem","position":2,"name":"Boutique en ligne","item":"https:\/\/lessecretsduchocolat.com\/magasin\/"},{"@type":"ListItem","position":3,"name":"REGLETTE DE CARRES GOURMANDS AU CHOCOLAT"}]},{"@type":"WebSite","@id":"https:\/\/lessecretsduchocolat.com\/#website","url":"https:\/\/lessecretsduchocolat.com\/","name":"Secrets de Chocolat (Schokoladengeheimnisse)","description":"","publisher":{"@id":"https:\/\/lessecretsduchocolat.com\/#organization"},"potentialAction":[{"@type":"SearchAction","target":{"@type":"EntryPoint","urlTemplate":"https:\/\/lessecretsduchocolat.com\/?s={search_term_string}"},"query-input":{"@type":"PropertyValueSpecification","valueRequired":true,"valueName":"search_term_string"}}],"inLanguage":"de"},{"@type":"Organization","@id":"https:\/\/lessecretsduchocolat.com\/#organization","name":"Secrets de Chocolat (Schokoladengeheimnisse)","url":"https:\/\/lessecretsduchocolat.com\/","logo":{"@type":"ImageObject","inLanguage":"de","@id":"https:\/\/lessecretsduchocolat.com\/#\/schema\/logo\/image\/","url":"https:\/\/lessecretsduchocolat.com\/wp-content\/uploads\/2025\/05\/logo.png","contentUrl":"https:\/\/lessecretsduchocolat.com\/wp-content\/uploads\/2025\/05\/logo.png","width":198,"height":85,"caption":"Secrets de Chocolat"},"image":{"@id":"https:\/\/lessecretsduchocolat.com\/#\/schema\/logo\/image\/"}}]}},"_links":{"self":[{"href":"https:\/\/lessecretsduchocolat.com\/de\/wp-json\/wp\/v2\/product\/1039","targetHints":{"allow":["GET"]}}],"collection":[{"href":"https:\/\/lessecretsduchocolat.com\/de\/wp-json\/wp\/v2\/product"}],"about":[{"href":"https:\/\/lessecretsduchocolat.com\/de\/wp-json\/wp\/v2\/types\/product"}],"version-history":[{"count":4,"href":"https:\/\/lessecretsduchocolat.com\/de\/wp-json\/wp\/v2\/product\/1039\/revisions"}],"predecessor-version":[{"id":4077,"href":"https:\/\/lessecretsduchocolat.com\/de\/wp-json\/wp\/v2\/product\/1039\/revisions\/4077"}],"wp:featuredmedia":[{"embeddable":true,"href":"https:\/\/lessecretsduchocolat.com\/de\/wp-json\/wp\/v2\/media\/732"}],"wp:attachment":[{"href":"https:\/\/lessecretsduchocolat.com\/de\/wp-json\/wp\/v2\/media?parent=1039"}],"wp:term":[{"taxonomy":"product_brand","embeddable":true,"href":"https:\/\/lessecretsduchocolat.com\/de\/wp-json\/wp\/v2\/product_brand?post=1039"},{"taxonomy":"product_cat","embeddable":true,"href":"https:\/\/lessecretsduchocolat.com\/de\/wp-json\/wp\/v2\/product_cat?post=1039"},{"taxonomy":"product_tag","embeddable":true,"href":"https:\/\/lessecretsduchocolat.com\/de\/wp-json\/wp\/v2\/product_tag?post=1039"}],"curies":[{"name":"wp","href":"https:\/\/api.w.org\/{rel}","templated":true}]}}