{"id":1030,"date":"2020-02-25T16:05:42","date_gmt":"2020-02-25T16:05:42","guid":{"rendered":"https:\/\/preprod.lessecretsduchocolat.com\/?product=pate-a-tartiner-la-blonde-250g"},"modified":"2026-03-13T09:18:59","modified_gmt":"2026-03-13T08:18:59","slug":"brotaufstrich-la-blonde-250g","status":"publish","type":"product","link":"https:\/\/lessecretsduchocolat.com\/de\/produit\/pate-a-tartiner-la-blonde-250g\/","title":{"rendered":"BROTAUFSTRICH LA BLONDE 250G"},"content":{"rendered":"<p data-start=\"260\" data-end=\"432\">Die <strong data-start=\"263\" data-end=\"298\">Brotaufstrich La Blonde 250g<\/strong> ist eine Gourmetkreation, die die karamellisierte S\u00fc\u00dfe der hellen Schokolade in Verbindung mit dem cremigen Reichtum der Gianduja hervorhebt.<\/p>\n<p data-start=\"434\" data-end=\"589\">Sein einzigartiger Geschmack stammt vom <strong data-start=\"462\" data-end=\"480\">blonde Schokolade<\/strong>Eine wei\u00dfe Schokolade mit subtilen Karamellnoten, die warme Biskuit- und zarte Karamellnoten mit sich bringt.<\/p>\n<p data-start=\"591\" data-end=\"755\">Zu dieser Basis wird Gianduja hinzugef\u00fcgt, eine zartschmelzende Verbindung aus Schokolade und fein verarbeiteten Haseln\u00fcssen, die f\u00fcr eine seidige Textur und einen unwiderstehlichen Pralinenduft sorgt.<\/p>\n<p data-start=\"757\" data-end=\"906\">Im Mund ist das Gleichgewicht perfekt: S\u00fc\u00dfe S\u00fc\u00dfe, runde Pralinen und ein unvergleichlicher Schmelz machen jeden L\u00f6ffel zu einem reinen Genussmoment.<\/p>\n<p data-start=\"908\" data-end=\"1069\">Dank seiner cremigen Textur l\u00e4sst es sich leicht auf Brot, Pfannkuchen oder Waffeln streichen, kann aber auch zum Backen oder als Gourmet-Topping verwendet werden.<\/p>\n<p data-start=\"1071\" data-end=\"1222\">Mit seinem Format von <strong data-start=\"1090\" data-end=\"1099\">250g<\/strong>Er ist ideal, um eine originelle Leckerei zu entdecken oder wiederzuentdecken, die subtiler ist als ein klassischer Brotaufstrich.<\/p>\n<p data-start=\"1224\" data-end=\"1373\">Diese <strong data-start=\"1230\" data-end=\"1267\">heller Schokoladenaufstrich<\/strong> ist auch eine ausgezeichnete Geschenkidee f\u00fcr Liebhaber von originellen und raffinierten Schokoladens\u00fc\u00dfigkeiten.<\/p>\n<p data-start=\"1375\" data-end=\"1515\">Sein einzigartiger Geschmack verf\u00fchrt Kinder und Erwachsene gleicherma\u00dfen und macht einen einfachen s\u00fc\u00dfen Moment zu einem echten Geschmackserlebnis.<\/p>\n<p data-start=\"1517\" data-end=\"1658\">Die <strong data-start=\"1520\" data-end=\"1555\">Brotaufstrich La Blonde 250g<\/strong> verk\u00f6rpert ein perfektes Gleichgewicht zwischen Kreativit\u00e4t und Genuss und sorgt f\u00fcr Abwechslung im Alltag.<\/p>\n<p data-start=\"1660\" data-end=\"1753\">Wer dieses Glas verschenkt oder sich selbst schenkt, entscheidet sich f\u00fcr eine etwas andere, elegante und gro\u00dfz\u00fcgige Delikatesse.<\/p>","protected":false},"excerpt":{"rendered":"<p><strong>Dieser Aufstrich aus heller Schokolade, der von unserer Chocolati\u00e8re hergestellt wurde, wird jeden Morgen Ihr Butterbrot aufpeppen! Unser hausgemachter Brotaufstrich wird Gro\u00df und Klein das Wasser im Munde zusammenlaufen lassen. Dieser hausgemachte Brotaufstrich aus karamellisierter wei\u00dfer Schokolade wird mit franz\u00f6sischen Haseln\u00fcssen hergestellt. Das Produkt enth\u00e4lt kein Palm\u00f6l und wird von unseren Chocolatiers in Geispolsheim im Elsass hergestellt.\u00a0\u00a0<\/strong><\/p>","protected":false},"featured_media":707,"template":"","meta":{"_acf_changed":false,"site-sidebar-layout":"default","site-content-layout":"","ast-site-content-layout":"default","site-content-style":"default","site-sidebar-style":"default","ast-global-header-display":"","ast-banner-title-visibility":"","ast-main-header-display":"","ast-hfb-above-header-display":"","ast-hfb-below-header-display":"","ast-hfb-mobile-header-display":"","site-post-title":"","ast-breadcrumbs-content":"","ast-featured-img":"","footer-sml-layout":"","theme-transparent-header-meta":"default","adv-header-id-meta":"","stick-header-meta":"","header-above-stick-meta":"","header-main-stick-meta":"","header-below-stick-meta":"","astra-migrate-meta-layouts":"set","ast-page-background-enabled":"default","ast-page-background-meta":{"desktop":{"background-color":"var(--ast-global-color-4)","background-image":"","background-repeat":"repeat","background-position":"center center","background-size":"auto","background-attachment":"scroll","background-type":"","background-media":"","overlay-type":"","overlay-color":"","overlay-opacity":"","overlay-gradient":""},"tablet":{"background-color":"","background-image":"","background-repeat":"repeat","background-position":"center center","background-size":"auto","background-attachment":"scroll","background-type":"","background-media":"","overlay-type":"","overlay-color":"","overlay-opacity":"","overlay-gradient":""},"mobile":{"background-color":"","background-image":"","background-repeat":"repeat","background-position":"center center","background-size":"auto","background-attachment":"scroll","background-type":"","background-media":"","overlay-type":"","overlay-color":"","overlay-opacity":"","overlay-gradient":""}},"ast-content-background-meta":{"desktop":{"background-color":"var(--ast-global-color-5)","background-image":"","background-repeat":"repeat","background-position":"center center","background-size":"auto","background-attachment":"scroll","background-type":"","background-media":"","overlay-type":"","overlay-color":"","overlay-opacity":"","overlay-gradient":""},"tablet":{"background-color":"var(--ast-global-color-5)","background-image":"","background-repeat":"repeat","background-position":"center center","background-size":"auto","background-attachment":"scroll","background-type":"","background-media":"","overlay-type":"","overlay-color":"","overlay-opacity":"","overlay-gradient":""},"mobile":{"background-color":"var(--ast-global-color-5)","background-image":"","background-repeat":"repeat","background-position":"center center","background-size":"auto","background-attachment":"scroll","background-type":"","background-media":"","overlay-type":"","overlay-color":"","overlay-opacity":"","overlay-gradient":""}},"iawp_total_views":39},"product_brand":[],"product_cat":[105,204],"product_tag":[],"class_list":{"0":"post-1030","1":"product","2":"type-product","3":"status-publish","4":"has-post-thumbnail","6":"product_cat-pate-a-tartiner","7":"product_cat-tous-produits","8":"desktop-align-left","9":"tablet-align-left","10":"mobile-align-left","12":"first","13":"instock","14":"taxable","15":"shipping-taxable","16":"purchasable","17":"product-type-simple"},"acf":[],"yoast_head":"<!-- This site is optimized with the Yoast SEO plugin v27.4 - https:\/\/yoast.com\/product\/yoast-seo-wordpress\/ -->\n<title>Pate \u00e0 tartiner maison la blonde 250G - Mus\u00e9e du chocolat<\/title>\n<meta name=\"description\" content=\"P\u00e2te \u00e0 tartiner La Blonde 250 g : chocolat blond caram\u00e9lis\u00e9 et gianduja noisettes. Une gourmandise onctueuse et originale, parfaite \u00e0 d\u00e9guster ou offrir.\" \/>\n<meta name=\"robots\" content=\"index, follow, max-snippet:-1, max-image-preview:large, max-video-preview:-1\" \/>\n<link rel=\"canonical\" href=\"https:\/\/lessecretsduchocolat.com\/de\/product\/brotaufstrich-la-blonde-250g\/\" \/>\n<meta property=\"og:locale\" content=\"de_DE\" \/>\n<meta property=\"og:type\" content=\"article\" \/>\n<meta property=\"og:title\" content=\"Pate \u00e0 tartiner maison la blonde 250G - Mus\u00e9e du chocolat\" \/>\n<meta property=\"og:description\" content=\"P\u00e2te \u00e0 tartiner La Blonde 250 g : chocolat blond caram\u00e9lis\u00e9 et gianduja noisettes. Une gourmandise onctueuse et originale, parfaite \u00e0 d\u00e9guster ou offrir.\" \/>\n<meta property=\"og:url\" content=\"https:\/\/lessecretsduchocolat.com\/de\/product\/brotaufstrich-la-blonde-250g\/\" \/>\n<meta property=\"og:site_name\" content=\"Secrets de Chocolat\" \/>\n<meta property=\"article:modified_time\" content=\"2026-03-13T08:18:59+00:00\" \/>\n<meta property=\"og:image\" content=\"https:\/\/lessecretsduchocolat.com\/wp-content\/uploads\/2025\/05\/1403.jpg\" \/>\n\t<meta property=\"og:image:width\" content=\"500\" \/>\n\t<meta property=\"og:image:height\" content=\"500\" \/>\n\t<meta property=\"og:image:type\" content=\"image\/jpeg\" \/>\n<meta name=\"twitter:card\" content=\"summary_large_image\" \/>\n<meta name=\"twitter:label1\" content=\"Gesch\u00e4tzte Lesezeit\" \/>\n\t<meta name=\"twitter:data1\" content=\"2\u00a0Minuten\" \/>\n<script type=\"application\/ld+json\" class=\"yoast-schema-graph\">{\"@context\":\"https:\\\/\\\/schema.org\",\"@graph\":[{\"@type\":\"WebPage\",\"@id\":\"https:\\\/\\\/lessecretsduchocolat.com\\\/produit\\\/pate-a-tartiner-la-blonde-250g\\\/\",\"url\":\"https:\\\/\\\/lessecretsduchocolat.com\\\/produit\\\/pate-a-tartiner-la-blonde-250g\\\/\",\"name\":\"Pate \u00e0 tartiner maison la blonde 250G - Mus\u00e9e du chocolat\",\"isPartOf\":{\"@id\":\"https:\\\/\\\/lessecretsduchocolat.com\\\/#website\"},\"primaryImageOfPage\":{\"@id\":\"https:\\\/\\\/lessecretsduchocolat.com\\\/produit\\\/pate-a-tartiner-la-blonde-250g\\\/#primaryimage\"},\"image\":{\"@id\":\"https:\\\/\\\/lessecretsduchocolat.com\\\/produit\\\/pate-a-tartiner-la-blonde-250g\\\/#primaryimage\"},\"thumbnailUrl\":\"https:\\\/\\\/lessecretsduchocolat.com\\\/wp-content\\\/uploads\\\/2025\\\/05\\\/1403.jpg\",\"datePublished\":\"2020-02-25T16:05:42+00:00\",\"dateModified\":\"2026-03-13T08:18:59+00:00\",\"description\":\"P\u00e2te \u00e0 tartiner La Blonde 250 g : chocolat blond caram\u00e9lis\u00e9 et gianduja noisettes. Une gourmandise onctueuse et originale, parfaite \u00e0 d\u00e9guster ou offrir.\",\"breadcrumb\":{\"@id\":\"https:\\\/\\\/lessecretsduchocolat.com\\\/produit\\\/pate-a-tartiner-la-blonde-250g\\\/#breadcrumb\"},\"inLanguage\":\"de\",\"potentialAction\":[{\"@type\":\"ReadAction\",\"target\":[\"https:\\\/\\\/lessecretsduchocolat.com\\\/produit\\\/pate-a-tartiner-la-blonde-250g\\\/\"]}]},{\"@type\":\"ImageObject\",\"inLanguage\":\"de\",\"@id\":\"https:\\\/\\\/lessecretsduchocolat.com\\\/produit\\\/pate-a-tartiner-la-blonde-250g\\\/#primaryimage\",\"url\":\"https:\\\/\\\/lessecretsduchocolat.com\\\/wp-content\\\/uploads\\\/2025\\\/05\\\/1403.jpg\",\"contentUrl\":\"https:\\\/\\\/lessecretsduchocolat.com\\\/wp-content\\\/uploads\\\/2025\\\/05\\\/1403.jpg\",\"width\":500,\"height\":500},{\"@type\":\"BreadcrumbList\",\"@id\":\"https:\\\/\\\/lessecretsduchocolat.com\\\/produit\\\/pate-a-tartiner-la-blonde-250g\\\/#breadcrumb\",\"itemListElement\":[{\"@type\":\"ListItem\",\"position\":1,\"name\":\"Accueil\",\"item\":\"https:\\\/\\\/lessecretsduchocolat.com\\\/\"},{\"@type\":\"ListItem\",\"position\":2,\"name\":\"Boutique en ligne\",\"item\":\"https:\\\/\\\/lessecretsduchocolat.com\\\/magasin\\\/\"},{\"@type\":\"ListItem\",\"position\":3,\"name\":\"PATE A TARTINER LA BLONDE 250G\"}]},{\"@type\":\"WebSite\",\"@id\":\"https:\\\/\\\/lessecretsduchocolat.com\\\/#website\",\"url\":\"https:\\\/\\\/lessecretsduchocolat.com\\\/\",\"name\":\"Secrets de Chocolat\",\"description\":\"\",\"publisher\":{\"@id\":\"https:\\\/\\\/lessecretsduchocolat.com\\\/#organization\"},\"potentialAction\":[{\"@type\":\"SearchAction\",\"target\":{\"@type\":\"EntryPoint\",\"urlTemplate\":\"https:\\\/\\\/lessecretsduchocolat.com\\\/?s={search_term_string}\"},\"query-input\":{\"@type\":\"PropertyValueSpecification\",\"valueRequired\":true,\"valueName\":\"search_term_string\"}}],\"inLanguage\":\"de\"},{\"@type\":\"Organization\",\"@id\":\"https:\\\/\\\/lessecretsduchocolat.com\\\/#organization\",\"name\":\"Secrets de Chocolat\",\"url\":\"https:\\\/\\\/lessecretsduchocolat.com\\\/\",\"logo\":{\"@type\":\"ImageObject\",\"inLanguage\":\"de\",\"@id\":\"https:\\\/\\\/lessecretsduchocolat.com\\\/#\\\/schema\\\/logo\\\/image\\\/\",\"url\":\"https:\\\/\\\/lessecretsduchocolat.com\\\/wp-content\\\/uploads\\\/2025\\\/05\\\/logo.png\",\"contentUrl\":\"https:\\\/\\\/lessecretsduchocolat.com\\\/wp-content\\\/uploads\\\/2025\\\/05\\\/logo.png\",\"width\":198,\"height\":85,\"caption\":\"Secrets de Chocolat\"},\"image\":{\"@id\":\"https:\\\/\\\/lessecretsduchocolat.com\\\/#\\\/schema\\\/logo\\\/image\\\/\"}}]}<\/script>\n<!-- \/ Yoast SEO plugin. -->","yoast_head_json":{"title":"Hausgemachter Brotaufstrich die Blonde 250G - Schokoladenmuseum","description":"Brotaufstrich La Blonde 250 g: karamellisierte blonde Schokolade und Haselnuss-Gianduja. Eine cremige und originelle Leckerei, perfekt zum Genie\u00dfen oder Verschenken.","robots":{"index":"index","follow":"follow","max-snippet":"max-snippet:-1","max-image-preview":"max-image-preview:large","max-video-preview":"max-video-preview:-1"},"canonical":"https:\/\/lessecretsduchocolat.com\/de\/product\/brotaufstrich-la-blonde-250g\/","og_locale":"de_DE","og_type":"article","og_title":"Pate \u00e0 tartiner maison la blonde 250G - Mus\u00e9e du chocolat","og_description":"P\u00e2te \u00e0 tartiner La Blonde 250 g : chocolat blond caram\u00e9lis\u00e9 et gianduja noisettes. Une gourmandise onctueuse et originale, parfaite \u00e0 d\u00e9guster ou offrir.","og_url":"https:\/\/lessecretsduchocolat.com\/de\/product\/brotaufstrich-la-blonde-250g\/","og_site_name":"Secrets de Chocolat","article_modified_time":"2026-03-13T08:18:59+00:00","og_image":[{"width":500,"height":500,"url":"https:\/\/lessecretsduchocolat.com\/wp-content\/uploads\/2025\/05\/1403.jpg","type":"image\/jpeg"}],"twitter_card":"summary_large_image","twitter_misc":{"Gesch\u00e4tzte Lesezeit":"2\u00a0Minuten"},"schema":{"@context":"https:\/\/schema.org","@graph":[{"@type":"WebPage","@id":"https:\/\/lessecretsduchocolat.com\/produit\/pate-a-tartiner-la-blonde-250g\/","url":"https:\/\/lessecretsduchocolat.com\/produit\/pate-a-tartiner-la-blonde-250g\/","name":"Hausgemachter Brotaufstrich die Blonde 250G - Schokoladenmuseum","isPartOf":{"@id":"https:\/\/lessecretsduchocolat.com\/#website"},"primaryImageOfPage":{"@id":"https:\/\/lessecretsduchocolat.com\/produit\/pate-a-tartiner-la-blonde-250g\/#primaryimage"},"image":{"@id":"https:\/\/lessecretsduchocolat.com\/produit\/pate-a-tartiner-la-blonde-250g\/#primaryimage"},"thumbnailUrl":"https:\/\/lessecretsduchocolat.com\/wp-content\/uploads\/2025\/05\/1403.jpg","datePublished":"2020-02-25T16:05:42+00:00","dateModified":"2026-03-13T08:18:59+00:00","description":"Brotaufstrich La Blonde 250 g: karamellisierte blonde Schokolade und Haselnuss-Gianduja. Eine cremige und originelle Leckerei, perfekt zum Genie\u00dfen oder Verschenken.","breadcrumb":{"@id":"https:\/\/lessecretsduchocolat.com\/produit\/pate-a-tartiner-la-blonde-250g\/#breadcrumb"},"inLanguage":"de","potentialAction":[{"@type":"ReadAction","target":["https:\/\/lessecretsduchocolat.com\/produit\/pate-a-tartiner-la-blonde-250g\/"]}]},{"@type":"ImageObject","inLanguage":"de","@id":"https:\/\/lessecretsduchocolat.com\/produit\/pate-a-tartiner-la-blonde-250g\/#primaryimage","url":"https:\/\/lessecretsduchocolat.com\/wp-content\/uploads\/2025\/05\/1403.jpg","contentUrl":"https:\/\/lessecretsduchocolat.com\/wp-content\/uploads\/2025\/05\/1403.jpg","width":500,"height":500},{"@type":"BreadcrumbList","@id":"https:\/\/lessecretsduchocolat.com\/produit\/pate-a-tartiner-la-blonde-250g\/#breadcrumb","itemListElement":[{"@type":"ListItem","position":1,"name":"Accueil","item":"https:\/\/lessecretsduchocolat.com\/"},{"@type":"ListItem","position":2,"name":"Boutique en ligne","item":"https:\/\/lessecretsduchocolat.com\/magasin\/"},{"@type":"ListItem","position":3,"name":"PATE A TARTINER LA BLONDE 250G"}]},{"@type":"WebSite","@id":"https:\/\/lessecretsduchocolat.com\/#website","url":"https:\/\/lessecretsduchocolat.com\/","name":"Secrets de Chocolat (Schokoladengeheimnisse)","description":"","publisher":{"@id":"https:\/\/lessecretsduchocolat.com\/#organization"},"potentialAction":[{"@type":"SearchAction","target":{"@type":"EntryPoint","urlTemplate":"https:\/\/lessecretsduchocolat.com\/?s={search_term_string}"},"query-input":{"@type":"PropertyValueSpecification","valueRequired":true,"valueName":"search_term_string"}}],"inLanguage":"de"},{"@type":"Organization","@id":"https:\/\/lessecretsduchocolat.com\/#organization","name":"Secrets de Chocolat (Schokoladengeheimnisse)","url":"https:\/\/lessecretsduchocolat.com\/","logo":{"@type":"ImageObject","inLanguage":"de","@id":"https:\/\/lessecretsduchocolat.com\/#\/schema\/logo\/image\/","url":"https:\/\/lessecretsduchocolat.com\/wp-content\/uploads\/2025\/05\/logo.png","contentUrl":"https:\/\/lessecretsduchocolat.com\/wp-content\/uploads\/2025\/05\/logo.png","width":198,"height":85,"caption":"Secrets de Chocolat"},"image":{"@id":"https:\/\/lessecretsduchocolat.com\/#\/schema\/logo\/image\/"}}]}},"_links":{"self":[{"href":"https:\/\/lessecretsduchocolat.com\/de\/wp-json\/wp\/v2\/product\/1030","targetHints":{"allow":["GET"]}}],"collection":[{"href":"https:\/\/lessecretsduchocolat.com\/de\/wp-json\/wp\/v2\/product"}],"about":[{"href":"https:\/\/lessecretsduchocolat.com\/de\/wp-json\/wp\/v2\/types\/product"}],"version-history":[{"count":2,"href":"https:\/\/lessecretsduchocolat.com\/de\/wp-json\/wp\/v2\/product\/1030\/revisions"}],"predecessor-version":[{"id":4072,"href":"https:\/\/lessecretsduchocolat.com\/de\/wp-json\/wp\/v2\/product\/1030\/revisions\/4072"}],"wp:featuredmedia":[{"embeddable":true,"href":"https:\/\/lessecretsduchocolat.com\/de\/wp-json\/wp\/v2\/media\/707"}],"wp:attachment":[{"href":"https:\/\/lessecretsduchocolat.com\/de\/wp-json\/wp\/v2\/media?parent=1030"}],"wp:term":[{"taxonomy":"product_brand","embeddable":true,"href":"https:\/\/lessecretsduchocolat.com\/de\/wp-json\/wp\/v2\/product_brand?post=1030"},{"taxonomy":"product_cat","embeddable":true,"href":"https:\/\/lessecretsduchocolat.com\/de\/wp-json\/wp\/v2\/product_cat?post=1030"},{"taxonomy":"product_tag","embeddable":true,"href":"https:\/\/lessecretsduchocolat.com\/de\/wp-json\/wp\/v2\/product_tag?post=1030"}],"curies":[{"name":"wp","href":"https:\/\/api.w.org\/{rel}","templated":true}]}}