{"id":1026,"date":"2020-02-14T16:29:08","date_gmt":"2020-02-14T16:29:08","guid":{"rendered":"https:\/\/preprod.lessecretsduchocolat.com\/?product=rocher-au-chocolat-noir"},"modified":"2026-03-13T09:21:08","modified_gmt":"2026-03-13T08:21:08","slug":"rocher-praline-dunkle-schokolade","status":"publish","type":"product","link":"https:\/\/lessecretsduchocolat.com\/de\/produit\/rocher-praline-chocolat-noir\/","title":{"rendered":"Pralin\u00e9-Rocher - Zartbitterschokolade"},"content":{"rendered":"<p data-start=\"276\" data-end=\"443\">Der Rocher aus Zartbitterschokolade verf\u00fchrt mit seiner intensiven Kakaonote und seinem zartschmelzenden Pralin\u00e9kern. Eine unumg\u00e4ngliche K\u00f6stlichkeit, die zugleich raffiniert und tr\u00f6stlich ist. Sein \u00dcberzug aus <strong data-start=\"461\" data-end=\"516\">dunkle Schokolade Herkunft Ecuador<\/strong>, Der Kakao aus reiner Kakaobutter hat ein kr\u00e4ftiges und ausgewogenes Aroma, das Liebhaber eines kr\u00e4ftigen Kakaos anspricht.<\/p>\n<p data-start=\"607\" data-end=\"751\">Im Inneren ist der <strong data-start=\"625\" data-end=\"646\">Haselnuss-Pralin\u00e9<\/strong> verleiht Weichheit und Cremigkeit und bildet einen k\u00f6stlichen Kontrast zur aromatischen Kraft der Zartbitterschokolade. Jeder Bissen enth\u00fcllt eine perfekte Harmonie: Knusprigkeit des \u00dcberzugs, Schmelz der F\u00fcllung, Intensit\u00e4t und Rundheit, die sich in einem einfachen Genuss vereinen. Diese Rochers aus dunkler Schokolade und Pralin\u00e9 sind <strong>perfekt, um einen starken Kaffee zu begleiten, ein Tablett mit S\u00fc\u00dfigkeiten zu bereichern oder sich eine Gourmetpause zu g\u00f6nnen<\/strong>.<\/p>\n<p data-start=\"1058\" data-end=\"1213\">Mit ihrem praktischen Format passen sie zu jeder Gelegenheit : <a href=\"https:\/\/lessecretsduchocolat.com\/de\/product-category\/geschenkideen\/\"><strong>kleine Gourmetgeschenke<\/strong><\/a>, Sie eignen sich hervorragend f\u00fcr die Zubereitung von S\u00fc\u00dfspeisen nach einer Mahlzeit oder f\u00fcr einsame Genussmomente. Die Schokolade aus reiner Kakaobutter garantiert ein ideales Schmelzen und bewahrt die Authentizit\u00e4t der Aromen, wodurch das Pralin\u00e9 sublimiert wird. Liebhaber intensiver Schokolade werden diese ausgewogene Kombination besonders sch\u00e4tzen, die die Kraft des Kakaos und die Zartheit des Pralin\u00e9s hervorhebt.<\/p>\n<p data-start=\"1508\" data-end=\"1626\">Ob allein genossen, zum Teilen oder als Teil eines Sortiments - der dunkle Rocher ist ein sicherer Wert, der immer gut ankommt. Der Rocher aus dunkler Pralinenschokolade ist ein gro\u00dfer Klassiker, der mit Intensit\u00e4t und Gro\u00dfz\u00fcgigkeit neu interpretiert wird und den Sie ohne zu z\u00f6gern genie\u00dfen sollten.<\/p>","protected":false},"excerpt":{"rendered":"<p>Diese <strong>sehr leckerer Felsen (45g), gef\u00fcllt mit Pralin\u00e9 und umh\u00fcllt von Zartbitterschokolade<\/strong>, ist der perfekte Begleiter f\u00fcr Ihre Kaffeepausen.<\/p>\n<p>Ein dunkler Schokoladenrocher (58%) mit intensiven Aromen aus dunkler Schokolade, gef\u00fcllt mit Pralin\u00e9. Schokoladenrocker 100% aus reiner Kakaobutter <strong>die nach dem einzigartigen Know-how unserer Ma\u00eetres Chocolatiers hergestellt werden<\/strong> in unseren Werkst\u00e4tten in Geispolsheim, in der N\u00e4he von Strasbourg in Frankreich.<\/p>\n<p>Es gibt ihn auch in der Version <a href=\"https:\/\/lessecretsduchocolat.com\/de\/product\/rocher-mit-milchschokolade\/\"><strong>mit Milchschokolade \u00fcberzogen<\/strong><\/a> und in der Version <a href=\"https:\/\/lessecretsduchocolat.com\/de\/product\/weise-schokoladenrocher\/\"><strong>mit wei\u00dfer Schokolade \u00fcberzogen<\/strong><\/a>.<\/p>","protected":false},"featured_media":4830,"template":"","meta":{"_acf_changed":false,"site-sidebar-layout":"default","site-content-layout":"","ast-site-content-layout":"default","site-content-style":"default","site-sidebar-style":"default","ast-global-header-display":"","ast-banner-title-visibility":"","ast-main-header-display":"","ast-hfb-above-header-display":"","ast-hfb-below-header-display":"","ast-hfb-mobile-header-display":"","site-post-title":"","ast-breadcrumbs-content":"","ast-featured-img":"","footer-sml-layout":"","ast-disable-related-posts":"","theme-transparent-header-meta":"default","adv-header-id-meta":"","stick-header-meta":"","header-above-stick-meta":"","header-main-stick-meta":"","header-below-stick-meta":"","astra-migrate-meta-layouts":"set","ast-page-background-enabled":"default","ast-page-background-meta":{"desktop":{"background-color":"var(--ast-global-color-4)","background-image":"","background-repeat":"repeat","background-position":"center center","background-size":"auto","background-attachment":"scroll","background-type":"","background-media":"","overlay-type":"","overlay-color":"","overlay-opacity":"","overlay-gradient":""},"tablet":{"background-color":"","background-image":"","background-repeat":"repeat","background-position":"center center","background-size":"auto","background-attachment":"scroll","background-type":"","background-media":"","overlay-type":"","overlay-color":"","overlay-opacity":"","overlay-gradient":""},"mobile":{"background-color":"","background-image":"","background-repeat":"repeat","background-position":"center center","background-size":"auto","background-attachment":"scroll","background-type":"","background-media":"","overlay-type":"","overlay-color":"","overlay-opacity":"","overlay-gradient":""}},"ast-content-background-meta":{"desktop":{"background-color":"var(--ast-global-color-5)","background-image":"","background-repeat":"repeat","background-position":"center center","background-size":"auto","background-attachment":"scroll","background-type":"","background-media":"","overlay-type":"","overlay-color":"","overlay-opacity":"","overlay-gradient":""},"tablet":{"background-color":"var(--ast-global-color-5)","background-image":"","background-repeat":"repeat","background-position":"center center","background-size":"auto","background-attachment":"scroll","background-type":"","background-media":"","overlay-type":"","overlay-color":"","overlay-opacity":"","overlay-gradient":""},"mobile":{"background-color":"var(--ast-global-color-5)","background-image":"","background-repeat":"repeat","background-position":"center center","background-size":"auto","background-attachment":"scroll","background-type":"","background-media":"","overlay-type":"","overlay-color":"","overlay-opacity":"","overlay-gradient":""}},"iawp_total_views":106},"product_brand":[],"product_cat":[121,204],"product_tag":[],"class_list":{"0":"post-1026","1":"product","2":"type-product","3":"status-publish","4":"has-post-thumbnail","6":"product_cat-bouchees-gourmandes","7":"product_cat-tous-produits","8":"desktop-align-left","9":"tablet-align-left","10":"mobile-align-left","12":"first","13":"outofstock","14":"taxable","15":"shipping-taxable","16":"purchasable","17":"product-type-simple"},"acf":[],"yoast_head":"<!-- This site is optimized with the Yoast SEO plugin v27.4 - https:\/\/yoast.com\/product\/yoast-seo-wordpress\/ -->\n<title>Rocher pralin\u00e9 fabrication fran\u00e7aise | Chocolat noir 70%<\/title>\n<meta name=\"description\" content=\"Rocher au chocolat noir pralin\u00e9 : enrobage noir origine \u00c9quateur pur beurre de cacao et c\u0153ur pralin\u00e9 fondant. Une bouch\u00e9e intense et gourmande.\" \/>\n<meta name=\"robots\" content=\"index, follow, max-snippet:-1, max-image-preview:large, max-video-preview:-1\" \/>\n<link rel=\"canonical\" href=\"https:\/\/lessecretsduchocolat.com\/de\/product\/rocher-praline-dunkle-schokolade\/\" \/>\n<meta property=\"og:locale\" content=\"de_DE\" \/>\n<meta property=\"og:type\" content=\"article\" \/>\n<meta property=\"og:title\" content=\"Rocher pralin\u00e9 fabrication fran\u00e7aise | Chocolat noir 70%\" \/>\n<meta property=\"og:description\" content=\"Rocher au chocolat noir pralin\u00e9 : enrobage noir origine \u00c9quateur pur beurre de cacao et c\u0153ur pralin\u00e9 fondant. Une bouch\u00e9e intense et gourmande.\" \/>\n<meta property=\"og:url\" content=\"https:\/\/lessecretsduchocolat.com\/de\/product\/rocher-praline-dunkle-schokolade\/\" \/>\n<meta property=\"og:site_name\" content=\"Secrets de Chocolat\" \/>\n<meta property=\"article:modified_time\" content=\"2026-03-13T08:21:08+00:00\" \/>\n<meta property=\"og:image\" content=\"https:\/\/lessecretsduchocolat.com\/wp-content\/uploads\/2026\/01\/rocher-noir.jpg\" \/>\n\t<meta property=\"og:image:width\" content=\"1000\" \/>\n\t<meta property=\"og:image:height\" content=\"1000\" \/>\n\t<meta property=\"og:image:type\" content=\"image\/jpeg\" \/>\n<meta name=\"twitter:card\" content=\"summary_large_image\" \/>\n<meta name=\"twitter:label1\" content=\"Gesch\u00e4tzte Lesezeit\" \/>\n\t<meta name=\"twitter:data1\" content=\"2\u00a0Minuten\" \/>\n<script type=\"application\/ld+json\" class=\"yoast-schema-graph\">{\"@context\":\"https:\\\/\\\/schema.org\",\"@graph\":[{\"@type\":\"WebPage\",\"@id\":\"https:\\\/\\\/lessecretsduchocolat.com\\\/produit\\\/rocher-praline-chocolat-noir\\\/\",\"url\":\"https:\\\/\\\/lessecretsduchocolat.com\\\/produit\\\/rocher-praline-chocolat-noir\\\/\",\"name\":\"Rocher pralin\u00e9 fabrication fran\u00e7aise | Chocolat noir 70%\",\"isPartOf\":{\"@id\":\"https:\\\/\\\/lessecretsduchocolat.com\\\/#website\"},\"primaryImageOfPage\":{\"@id\":\"https:\\\/\\\/lessecretsduchocolat.com\\\/produit\\\/rocher-praline-chocolat-noir\\\/#primaryimage\"},\"image\":{\"@id\":\"https:\\\/\\\/lessecretsduchocolat.com\\\/produit\\\/rocher-praline-chocolat-noir\\\/#primaryimage\"},\"thumbnailUrl\":\"https:\\\/\\\/lessecretsduchocolat.com\\\/wp-content\\\/uploads\\\/2026\\\/01\\\/rocher-noir.jpg\",\"datePublished\":\"2020-02-14T16:29:08+00:00\",\"dateModified\":\"2026-03-13T08:21:08+00:00\",\"description\":\"Rocher au chocolat noir pralin\u00e9 : enrobage noir origine \u00c9quateur pur beurre de cacao et c\u0153ur pralin\u00e9 fondant. Une bouch\u00e9e intense et gourmande.\",\"breadcrumb\":{\"@id\":\"https:\\\/\\\/lessecretsduchocolat.com\\\/produit\\\/rocher-praline-chocolat-noir\\\/#breadcrumb\"},\"inLanguage\":\"de\",\"potentialAction\":[{\"@type\":\"ReadAction\",\"target\":[\"https:\\\/\\\/lessecretsduchocolat.com\\\/produit\\\/rocher-praline-chocolat-noir\\\/\"]}]},{\"@type\":\"ImageObject\",\"inLanguage\":\"de\",\"@id\":\"https:\\\/\\\/lessecretsduchocolat.com\\\/produit\\\/rocher-praline-chocolat-noir\\\/#primaryimage\",\"url\":\"https:\\\/\\\/lessecretsduchocolat.com\\\/wp-content\\\/uploads\\\/2026\\\/01\\\/rocher-noir.jpg\",\"contentUrl\":\"https:\\\/\\\/lessecretsduchocolat.com\\\/wp-content\\\/uploads\\\/2026\\\/01\\\/rocher-noir.jpg\",\"width\":1000,\"height\":1000,\"caption\":\"gros plan rocher praline enrobe chocolat noir\"},{\"@type\":\"BreadcrumbList\",\"@id\":\"https:\\\/\\\/lessecretsduchocolat.com\\\/produit\\\/rocher-praline-chocolat-noir\\\/#breadcrumb\",\"itemListElement\":[{\"@type\":\"ListItem\",\"position\":1,\"name\":\"Accueil\",\"item\":\"https:\\\/\\\/lessecretsduchocolat.com\\\/\"},{\"@type\":\"ListItem\",\"position\":2,\"name\":\"Boutique en ligne\",\"item\":\"https:\\\/\\\/lessecretsduchocolat.com\\\/magasin\\\/\"},{\"@type\":\"ListItem\",\"position\":3,\"name\":\"Rocher pralin\u00e9 &#8211; Chocolat noir\"}]},{\"@type\":\"WebSite\",\"@id\":\"https:\\\/\\\/lessecretsduchocolat.com\\\/#website\",\"url\":\"https:\\\/\\\/lessecretsduchocolat.com\\\/\",\"name\":\"Secrets de Chocolat\",\"description\":\"\",\"publisher\":{\"@id\":\"https:\\\/\\\/lessecretsduchocolat.com\\\/#organization\"},\"potentialAction\":[{\"@type\":\"SearchAction\",\"target\":{\"@type\":\"EntryPoint\",\"urlTemplate\":\"https:\\\/\\\/lessecretsduchocolat.com\\\/?s={search_term_string}\"},\"query-input\":{\"@type\":\"PropertyValueSpecification\",\"valueRequired\":true,\"valueName\":\"search_term_string\"}}],\"inLanguage\":\"de\"},{\"@type\":\"Organization\",\"@id\":\"https:\\\/\\\/lessecretsduchocolat.com\\\/#organization\",\"name\":\"Secrets de Chocolat\",\"url\":\"https:\\\/\\\/lessecretsduchocolat.com\\\/\",\"logo\":{\"@type\":\"ImageObject\",\"inLanguage\":\"de\",\"@id\":\"https:\\\/\\\/lessecretsduchocolat.com\\\/#\\\/schema\\\/logo\\\/image\\\/\",\"url\":\"https:\\\/\\\/lessecretsduchocolat.com\\\/wp-content\\\/uploads\\\/2025\\\/05\\\/logo.png\",\"contentUrl\":\"https:\\\/\\\/lessecretsduchocolat.com\\\/wp-content\\\/uploads\\\/2025\\\/05\\\/logo.png\",\"width\":198,\"height\":85,\"caption\":\"Secrets de Chocolat\"},\"image\":{\"@id\":\"https:\\\/\\\/lessecretsduchocolat.com\\\/#\\\/schema\\\/logo\\\/image\\\/\"}}]}<\/script>\n<!-- \/ Yoast SEO plugin. -->","yoast_head_json":{"title":"Rocher Pralin\u00e9 franz\u00f6sische Herstellung | Zartbitterschokolade 70%","description":"Rocher aus dunkler Pralinenschokolade: Zartbitterer \u00dcberzug aus Ecuador aus reiner Kakaobutter und zartschmelzender Pralinenkern. Ein intensiver und leckerer Biss.","robots":{"index":"index","follow":"follow","max-snippet":"max-snippet:-1","max-image-preview":"max-image-preview:large","max-video-preview":"max-video-preview:-1"},"canonical":"https:\/\/lessecretsduchocolat.com\/de\/product\/rocher-praline-dunkle-schokolade\/","og_locale":"de_DE","og_type":"article","og_title":"Rocher pralin\u00e9 fabrication fran\u00e7aise | Chocolat noir 70%","og_description":"Rocher au chocolat noir pralin\u00e9 : enrobage noir origine \u00c9quateur pur beurre de cacao et c\u0153ur pralin\u00e9 fondant. Une bouch\u00e9e intense et gourmande.","og_url":"https:\/\/lessecretsduchocolat.com\/de\/product\/rocher-praline-dunkle-schokolade\/","og_site_name":"Secrets de Chocolat","article_modified_time":"2026-03-13T08:21:08+00:00","og_image":[{"width":1000,"height":1000,"url":"https:\/\/lessecretsduchocolat.com\/wp-content\/uploads\/2026\/01\/rocher-noir.jpg","type":"image\/jpeg"}],"twitter_card":"summary_large_image","twitter_misc":{"Gesch\u00e4tzte Lesezeit":"2\u00a0Minuten"},"schema":{"@context":"https:\/\/schema.org","@graph":[{"@type":"WebPage","@id":"https:\/\/lessecretsduchocolat.com\/produit\/rocher-praline-chocolat-noir\/","url":"https:\/\/lessecretsduchocolat.com\/produit\/rocher-praline-chocolat-noir\/","name":"Rocher Pralin\u00e9 franz\u00f6sische Herstellung | Zartbitterschokolade 70%","isPartOf":{"@id":"https:\/\/lessecretsduchocolat.com\/#website"},"primaryImageOfPage":{"@id":"https:\/\/lessecretsduchocolat.com\/produit\/rocher-praline-chocolat-noir\/#primaryimage"},"image":{"@id":"https:\/\/lessecretsduchocolat.com\/produit\/rocher-praline-chocolat-noir\/#primaryimage"},"thumbnailUrl":"https:\/\/lessecretsduchocolat.com\/wp-content\/uploads\/2026\/01\/rocher-noir.jpg","datePublished":"2020-02-14T16:29:08+00:00","dateModified":"2026-03-13T08:21:08+00:00","description":"Rocher aus dunkler Pralinenschokolade: Zartbitterer \u00dcberzug aus Ecuador aus reiner Kakaobutter und zartschmelzender Pralinenkern. Ein intensiver und leckerer Biss.","breadcrumb":{"@id":"https:\/\/lessecretsduchocolat.com\/produit\/rocher-praline-chocolat-noir\/#breadcrumb"},"inLanguage":"de","potentialAction":[{"@type":"ReadAction","target":["https:\/\/lessecretsduchocolat.com\/produit\/rocher-praline-chocolat-noir\/"]}]},{"@type":"ImageObject","inLanguage":"de","@id":"https:\/\/lessecretsduchocolat.com\/produit\/rocher-praline-chocolat-noir\/#primaryimage","url":"https:\/\/lessecretsduchocolat.com\/wp-content\/uploads\/2026\/01\/rocher-noir.jpg","contentUrl":"https:\/\/lessecretsduchocolat.com\/wp-content\/uploads\/2026\/01\/rocher-noir.jpg","width":1000,"height":1000,"caption":"gros plan rocher praline enrobe chocolat noir"},{"@type":"BreadcrumbList","@id":"https:\/\/lessecretsduchocolat.com\/produit\/rocher-praline-chocolat-noir\/#breadcrumb","itemListElement":[{"@type":"ListItem","position":1,"name":"Accueil","item":"https:\/\/lessecretsduchocolat.com\/"},{"@type":"ListItem","position":2,"name":"Boutique en ligne","item":"https:\/\/lessecretsduchocolat.com\/magasin\/"},{"@type":"ListItem","position":3,"name":"Rocher pralin\u00e9 &#8211; Chocolat noir"}]},{"@type":"WebSite","@id":"https:\/\/lessecretsduchocolat.com\/#website","url":"https:\/\/lessecretsduchocolat.com\/","name":"Secrets de Chocolat (Schokoladengeheimnisse)","description":"","publisher":{"@id":"https:\/\/lessecretsduchocolat.com\/#organization"},"potentialAction":[{"@type":"SearchAction","target":{"@type":"EntryPoint","urlTemplate":"https:\/\/lessecretsduchocolat.com\/?s={search_term_string}"},"query-input":{"@type":"PropertyValueSpecification","valueRequired":true,"valueName":"search_term_string"}}],"inLanguage":"de"},{"@type":"Organization","@id":"https:\/\/lessecretsduchocolat.com\/#organization","name":"Secrets de Chocolat (Schokoladengeheimnisse)","url":"https:\/\/lessecretsduchocolat.com\/","logo":{"@type":"ImageObject","inLanguage":"de","@id":"https:\/\/lessecretsduchocolat.com\/#\/schema\/logo\/image\/","url":"https:\/\/lessecretsduchocolat.com\/wp-content\/uploads\/2025\/05\/logo.png","contentUrl":"https:\/\/lessecretsduchocolat.com\/wp-content\/uploads\/2025\/05\/logo.png","width":198,"height":85,"caption":"Secrets de Chocolat"},"image":{"@id":"https:\/\/lessecretsduchocolat.com\/#\/schema\/logo\/image\/"}}]}},"_links":{"self":[{"href":"https:\/\/lessecretsduchocolat.com\/de\/wp-json\/wp\/v2\/product\/1026","targetHints":{"allow":["GET"]}}],"collection":[{"href":"https:\/\/lessecretsduchocolat.com\/de\/wp-json\/wp\/v2\/product"}],"about":[{"href":"https:\/\/lessecretsduchocolat.com\/de\/wp-json\/wp\/v2\/types\/product"}],"version-history":[{"count":8,"href":"https:\/\/lessecretsduchocolat.com\/de\/wp-json\/wp\/v2\/product\/1026\/revisions"}],"predecessor-version":[{"id":4850,"href":"https:\/\/lessecretsduchocolat.com\/de\/wp-json\/wp\/v2\/product\/1026\/revisions\/4850"}],"wp:featuredmedia":[{"embeddable":true,"href":"https:\/\/lessecretsduchocolat.com\/de\/wp-json\/wp\/v2\/media\/4830"}],"wp:attachment":[{"href":"https:\/\/lessecretsduchocolat.com\/de\/wp-json\/wp\/v2\/media?parent=1026"}],"wp:term":[{"taxonomy":"product_brand","embeddable":true,"href":"https:\/\/lessecretsduchocolat.com\/de\/wp-json\/wp\/v2\/product_brand?post=1026"},{"taxonomy":"product_cat","embeddable":true,"href":"https:\/\/lessecretsduchocolat.com\/de\/wp-json\/wp\/v2\/product_cat?post=1026"},{"taxonomy":"product_tag","embeddable":true,"href":"https:\/\/lessecretsduchocolat.com\/de\/wp-json\/wp\/v2\/product_tag?post=1026"}],"curies":[{"name":"wp","href":"https:\/\/api.w.org\/{rel}","templated":true}]}}