{"id":3707,"date":"2025-07-24T14:11:32","date_gmt":"2025-07-24T12:11:32","guid":{"rendered":"https:\/\/preprod.lessecretsduchocolat.com\/?page_id=3707"},"modified":"2025-07-24T14:15:11","modified_gmt":"2025-07-24T12:15:11","slug":"datenschutzrichtlinie-2","status":"publish","type":"page","link":"https:\/\/lessecretsduchocolat.com\/de\/politique-confidentialite\/","title":{"rendered":"Datenschutzrichtlinie"},"content":{"rendered":"\t\t<div data-elementor-type=\"wp-page\" data-elementor-id=\"3707\" class=\"elementor elementor-3707\" data-elementor-post-type=\"page\">\n\t\t\t\t<div class=\"elementor-element elementor-element-ed3efc2 e-flex e-con-boxed e-con e-parent\" data-id=\"ed3efc2\" data-element_type=\"container\" data-e-type=\"container\" data-settings=\"{&quot;background_background&quot;:&quot;classic&quot;}\">\n\t\t\t\t\t<div class=\"e-con-inner\">\n\t\t<div class=\"elementor-element elementor-element-40f129f e-con-full e-flex e-con e-child\" data-id=\"40f129f\" data-element_type=\"container\" data-e-type=\"container\">\n\t\t\t\t<div class=\"elementor-element elementor-element-8415e65 elementor-widget elementor-widget-heading\" data-id=\"8415e65\" data-element_type=\"widget\" data-e-type=\"widget\" data-widget_type=\"heading.default\">\n\t\t\t\t<div class=\"elementor-widget-container\">\n\t\t\t\t\t<h2 class=\"elementor-heading-title elementor-size-default\">Politique de confidentialit\u00e9<\/h2>\t\t\t\t<\/div>\n\t\t\t\t<\/div>\n\t\t\t\t<\/div>\n\t\t\t\t\t<\/div>\n\t\t\t\t<\/div>\n\t\t<div class=\"elementor-element elementor-element-8097fd9 e-flex e-con-boxed e-con e-parent\" data-id=\"8097fd9\" data-element_type=\"container\" data-e-type=\"container\" data-settings=\"{&quot;background_background&quot;:&quot;classic&quot;}\">\n\t\t\t\t\t<div class=\"e-con-inner\">\n\t\t<div class=\"elementor-element elementor-element-66a2493 e-grid e-con-full e-con e-child\" data-id=\"66a2493\" data-element_type=\"container\" data-e-type=\"container\">\n\t\t\t\t<div class=\"elementor-element elementor-element-af24330 elementor-widget elementor-widget-text-editor\" data-id=\"af24330\" data-element_type=\"widget\" data-e-type=\"widget\" data-widget_type=\"text-editor.default\">\n\t\t\t\t<div class=\"elementor-widget-container\">\n\t\t\t\t\t\t\t\t\t<p data-start=\"383\" data-end=\"423\"><strong data-start=\"383\" data-end=\"423\">Derni\u00e8re mise \u00e0 jour : 24 Juillet 2025<\/strong><\/p><h2 data-start=\"425\" data-end=\"445\">1. Introduction<\/h2><p data-start=\"446\" data-end=\"765\">Le Mus\u00e9e du Chocolat accorde une grande importance \u00e0 la protection de vos donn\u00e9es personnelles. Cette politique a pour objectif de vous informer sur la mani\u00e8re dont nous collectons, utilisons et prot\u00e9geons vos donn\u00e9es lorsque vous naviguez sur notre site <a class=\"\" href=\"https:\/\/musee-du-chocolat.com\/\" target=\"_new\" rel=\"noopener\" data-start=\"701\" data-end=\"764\">https:\/\/musee-du-chocolat.com<\/a>.<\/p><h2 data-start=\"767\" data-end=\"800\">2. Responsable du traitement<\/h2><p data-start=\"801\" data-end=\"939\">Le responsable du traitement est :<br data-start=\"835\" data-end=\"838\" \/>Les Secrets du Chocolat<br data-start=\"870\" data-end=\"873\" \/><a tabindex=\"0\" href=\"https:\/\/www.google.com\/maps\/place\/\/data=!4m2!3m1!1s0x4796ca749ea76f55:0xd4413a2216f3fe1e?sa=X&amp;ved=1t:8290&amp;ictx=111\" data-url=\"\/maps\/place\/\/data=!4m2!3m1!1s0x4796ca749ea76f55:0xd4413a2216f3fe1e?sa=X&amp;ved=2ahUKEwiTqbbxu9WOAxWsKvsDHUBYApYQ4kB6BAgFEAA\">Rue du Pont-du-P\u00e9age, 67118 Geispolsheim<\/a><br data-start=\"901\" data-end=\"904\" \/>Email : <span \n                data-original-string='Vk5ApiygkaNMYxhOmonI4g==bd0p2wyRPhrBzBbo99J4ycG4lc9hhVZTHNq9w7fHQ2AZBw='\n                class='apbct-email-encoder'\n                title='Dieser Kontakt wurde von Anti-Spam by CleanTalk verschl\u00fcsselt. Klicken Sie hier, um ihn zu entschl\u00fcsseln. Um die Entschl\u00fcsselung abzuschlie\u00dfen, stellen Sie sicher, dass JavaScript in Ihrem Browser aktiviert ist.'>cl<span class=\"apbct-blur\">****<\/span>@<span class=\"apbct-blur\">***************<\/span>at.com<\/span><\/p><h2 data-start=\"941\" data-end=\"967\">3. Donn\u00e9es collect\u00e9es<\/h2><p data-start=\"968\" data-end=\"1109\">Nous collectons uniquement les donn\u00e9es strictement n\u00e9cessaires \u00e0 la navigation et \u00e0 la communication avec vous. Ces donn\u00e9es peuvent inclure :<\/p><ul><li style=\"list-style-type: none;\"><ul data-start=\"1111\" data-end=\"1332\"><li data-start=\"1111\" data-end=\"1202\"><p data-start=\"1113\" data-end=\"1202\"><strong data-start=\"1113\" data-end=\"1135\">Donn\u00e9es techniques<\/strong> : adresse IP, type de navigateur, pages visit\u00e9es, dur\u00e9e de visite.<\/p><\/li><li data-start=\"1203\" data-end=\"1332\"><p data-start=\"1205\" data-end=\"1332\"><strong data-start=\"1205\" data-end=\"1227\">Donn\u00e9es de contact<\/strong> (si vous utilisez un formulaire de contact) : nom, pr\u00e9nom, adresse e-mail, num\u00e9ro de t\u00e9l\u00e9phone, message.<\/p><\/li><\/ul><\/li><\/ul><p data-start=\"1334\" data-end=\"1388\">Aucune donn\u00e9e sensible n\u2019est collect\u00e9e via notre site.<\/p><h2 data-start=\"1390\" data-end=\"1421\">4. Finalit\u00e9 de la collecte<\/h2><p data-start=\"1422\" data-end=\"1479\">Les donn\u00e9es personnelles collect\u00e9es sont utilis\u00e9es pour :<\/p><ul><li style=\"list-style-type: none;\"><ul data-start=\"1481\" data-end=\"1670\"><li data-start=\"1481\" data-end=\"1536\"><p data-start=\"1483\" data-end=\"1536\">R\u00e9pondre \u00e0 vos demandes via le formulaire de contact.<\/p><\/li><li data-start=\"1537\" data-end=\"1628\"><p data-start=\"1539\" data-end=\"1628\">Assurer le bon fonctionnement du site (s\u00e9curit\u00e9, statistiques anonymes de fr\u00e9quentation).<\/p><\/li><li data-start=\"1629\" data-end=\"1670\"><p data-start=\"1631\" data-end=\"1670\">Am\u00e9liorer votre exp\u00e9rience utilisateur.<\/p><\/li><\/ul><\/li><\/ul><h2 data-start=\"1672\" data-end=\"1687\">5. Cookies<\/h2><p data-start=\"1688\" data-end=\"1728\">Le site peut utiliser des cookies pour :<\/p><ul><li style=\"list-style-type: none;\"><ul data-start=\"1730\" data-end=\"1827\"><li data-start=\"1730\" data-end=\"1786\"><p data-start=\"1732\" data-end=\"1786\">Mesurer l\u2019audience (par exemple via Google Analytics).<\/p><\/li><li data-start=\"1787\" data-end=\"1827\"><p data-start=\"1789\" data-end=\"1827\">Assurer le bon fonctionnement du site.<\/p><\/li><\/ul><\/li><\/ul><p data-start=\"1829\" data-end=\"2012\">Lors de votre premi\u00e8re visite, un bandeau vous informe de l\u2019utilisation des cookies et vous propose de les accepter ou les refuser. Vous pouvez modifier vos pr\u00e9f\u00e9rences \u00e0 tout moment.<\/p><h2 data-start=\"2014\" data-end=\"2043\">6. Dur\u00e9e de conservation<\/h2><p data-start=\"2044\" data-end=\"2175\">Vos donn\u00e9es sont conserv\u00e9es uniquement le temps n\u00e9cessaire \u00e0 la r\u00e9alisation de la finalit\u00e9 pour laquelle elles ont \u00e9t\u00e9 collect\u00e9es :<\/p><ul><li style=\"list-style-type: none;\"><ul data-start=\"2177\" data-end=\"2264\"><li data-start=\"2177\" data-end=\"2216\"><p data-start=\"2179\" data-end=\"2216\">Donn\u00e9es de contact : 12 mois maximum.<\/p><\/li><li data-start=\"2217\" data-end=\"2264\"><p data-start=\"2219\" data-end=\"2264\">Cookies : selon leur nature, 13 mois maximum.<\/p><\/li><\/ul><\/li><\/ul><h2 data-start=\"2266\" data-end=\"2293\">7. Partage des donn\u00e9es<\/h2><p data-start=\"2294\" data-end=\"2481\">Vos donn\u00e9es ne sont ni vendues, ni lou\u00e9es, ni c\u00e9d\u00e9es \u00e0 des tiers. Elles peuvent \u00eatre h\u00e9berg\u00e9es sur des serveurs de prestataires techniques (h\u00e9bergeur web), situ\u00e9s dans l\u2019Union Europ\u00e9enne.<\/p><h2 data-start=\"2483\" data-end=\"2499\">8. S\u00e9curit\u00e9<\/h2><p data-start=\"2500\" data-end=\"2627\">Nous mettons en \u0153uvre toutes les mesures techniques et organisationnelles n\u00e9cessaires pour garantir la s\u00e9curit\u00e9 de vos donn\u00e9es.<\/p><h2 data-start=\"2629\" data-end=\"2647\">9. Vos droits<\/h2><p data-start=\"2648\" data-end=\"2705\">Conform\u00e9ment au RGPD, vous disposez des droits suivants :<\/p><ul><li style=\"list-style-type: none;\"><ul data-start=\"2707\" data-end=\"2872\"><li data-start=\"2707\" data-end=\"2722\"><p data-start=\"2709\" data-end=\"2722\">Droit d\u2019acc\u00e8s<\/p><\/li><li data-start=\"2723\" data-end=\"2747\"><p data-start=\"2725\" data-end=\"2747\">Droit de rectification<\/p><\/li><li data-start=\"2748\" data-end=\"2788\"><p data-start=\"2750\" data-end=\"2788\">Droit \u00e0 l\u2019effacement (droit \u00e0 l\u2019oubli)<\/p><\/li><li data-start=\"2789\" data-end=\"2826\"><p data-start=\"2791\" data-end=\"2826\">Droit \u00e0 la limitation du traitement<\/p><\/li><li data-start=\"2827\" data-end=\"2847\"><p data-start=\"2829\" data-end=\"2847\">Droit d\u2019opposition<\/p><\/li><li data-start=\"2848\" data-end=\"2872\"><p data-start=\"2850\" data-end=\"2872\">Droit \u00e0 la portabilit\u00e9<\/p><\/li><\/ul><\/li><\/ul><p data-start=\"2874\" data-end=\"2947\">Pour exercer vos droits, contactez-nous \u00e0 l\u2019adresse : [email \u00e0 compl\u00e9ter]<\/p><h2 data-start=\"2949\" data-end=\"2981\">10. Contact et r\u00e9clamations<\/h2><p data-start=\"2982\" data-end=\"3112\">Pour toute question ou r\u00e9clamation concernant vos donn\u00e9es personnelles, vous pouvez nous contacter \u00e0 l\u2019adresse indiqu\u00e9e ci-dessus.<\/p><p data-start=\"3114\" data-end=\"3280\">Si vous estimez, apr\u00e8s nous avoir contact\u00e9s, que vos droits ne sont pas respect\u00e9s, vous pouvez adresser une r\u00e9clamation \u00e0 la CNIL : <a class=\"cursor-pointer\" target=\"_new\" rel=\"noopener\" data-start=\"3246\" data-end=\"3280\">www.cnil.fr<\/a><\/p>\t\t\t\t\t\t\t\t<\/div>\n\t\t\t\t<\/div>\n\t\t\t\t<div class=\"elementor-element elementor-element-31b7c90 elementor-widget elementor-widget-image\" data-id=\"31b7c90\" data-element_type=\"widget\" data-e-type=\"widget\" data-widget_type=\"image.default\">\n\t\t\t\t<div class=\"elementor-widget-container\">\n\t\t\t\t\t\t\t\t\t\t\t\t\t\t\t<img decoding=\"async\" width=\"144\" height=\"134\" src=\"https:\/\/lessecretsduchocolat.com\/wp-content\/uploads\/2025\/06\/S-1.png\" class=\"attachment-large size-large wp-image-2890\" alt=\"\" \/>\t\t\t\t\t\t\t\t\t\t\t\t\t\t\t<\/div>\n\t\t\t\t<\/div>\n\t\t\t\t<\/div>\n\t\t\t\t\t<\/div>\n\t\t\t\t<\/div>\n\t\t\t\t<\/div>\n\t\t","protected":false},"excerpt":{"rendered":"<p>Politique de confidentialit\u00e9 Derni\u00e8re mise \u00e0 jour : 24 Juillet 2025 1. Introduction Le Mus\u00e9e du Chocolat accorde une grande importance \u00e0 la protection de vos donn\u00e9es personnelles. Cette politique a pour objectif de vous informer sur la mani\u00e8re dont nous collectons, utilisons et prot\u00e9geons vos donn\u00e9es lorsque vous naviguez sur notre site https:\/\/musee-du-chocolat.com. 2. [&hellip;]<\/p>\n","protected":false},"author":1,"featured_media":0,"parent":0,"menu_order":0,"comment_status":"closed","ping_status":"closed","template":"","meta":{"_acf_changed":false,"site-sidebar-layout":"no-sidebar","site-content-layout":"page-builder","ast-site-content-layout":"full-width-container","site-content-style":"unboxed","site-sidebar-style":"unboxed","ast-global-header-display":"","ast-banner-title-visibility":"","ast-main-header-display":"","ast-hfb-above-header-display":"","ast-hfb-below-header-display":"","ast-hfb-mobile-header-display":"","site-post-title":"disabled","ast-breadcrumbs-content":"","ast-featured-img":"disabled","footer-sml-layout":"","theme-transparent-header-meta":"default","adv-header-id-meta":"","stick-header-meta":"","header-above-stick-meta":"","header-main-stick-meta":"","header-below-stick-meta":"","astra-migrate-meta-layouts":"set","ast-page-background-enabled":"default","ast-page-background-meta":{"desktop":{"background-color":"var(--ast-global-color-4)","background-image":"","background-repeat":"repeat","background-position":"center center","background-size":"auto","background-attachment":"scroll","background-type":"","background-media":"","overlay-type":"","overlay-color":"","overlay-opacity":"","overlay-gradient":""},"tablet":{"background-color":"","background-image":"","background-repeat":"repeat","background-position":"center center","background-size":"auto","background-attachment":"scroll","background-type":"","background-media":"","overlay-type":"","overlay-color":"","overlay-opacity":"","overlay-gradient":""},"mobile":{"background-color":"","background-image":"","background-repeat":"repeat","background-position":"center center","background-size":"auto","background-attachment":"scroll","background-type":"","background-media":"","overlay-type":"","overlay-color":"","overlay-opacity":"","overlay-gradient":""}},"ast-content-background-meta":{"desktop":{"background-color":"var(--ast-global-color-5)","background-image":"","background-repeat":"repeat","background-position":"center center","background-size":"auto","background-attachment":"scroll","background-type":"","background-media":"","overlay-type":"","overlay-color":"","overlay-opacity":"","overlay-gradient":""},"tablet":{"background-color":"var(--ast-global-color-5)","background-image":"","background-repeat":"repeat","background-position":"center center","background-size":"auto","background-attachment":"scroll","background-type":"","background-media":"","overlay-type":"","overlay-color":"","overlay-opacity":"","overlay-gradient":""},"mobile":{"background-color":"var(--ast-global-color-5)","background-image":"","background-repeat":"repeat","background-position":"center center","background-size":"auto","background-attachment":"scroll","background-type":"","background-media":"","overlay-type":"","overlay-color":"","overlay-opacity":"","overlay-gradient":""}},"iawp_total_views":27,"footnotes":""},"class_list":["post-3707","page","type-page","status-publish","hentry"],"acf":[],"yoast_head":"<!-- This site is optimized with the Yoast SEO plugin v27.4 - https:\/\/yoast.com\/product\/yoast-seo-wordpress\/ -->\n<title>politique de confidentialit\u00e9 - Secrets de Chocolat<\/title>\n<meta name=\"robots\" content=\"index, follow, max-snippet:-1, max-image-preview:large, max-video-preview:-1\" \/>\n<link rel=\"canonical\" href=\"https:\/\/lessecretsduchocolat.com\/de\/datenschutzrichtlinie-2\/\" \/>\n<meta property=\"og:locale\" content=\"de_DE\" \/>\n<meta property=\"og:type\" content=\"article\" \/>\n<meta property=\"og:title\" content=\"politique de confidentialit\u00e9 - Secrets de Chocolat\" \/>\n<meta property=\"og:description\" content=\"Politique de confidentialit\u00e9 Derni\u00e8re mise \u00e0 jour : 24 Juillet 2025 1. Introduction Le Mus\u00e9e du Chocolat accorde une grande importance \u00e0 la protection de vos donn\u00e9es personnelles. Cette politique a pour objectif de vous informer sur la mani\u00e8re dont nous collectons, utilisons et prot\u00e9geons vos donn\u00e9es lorsque vous naviguez sur notre site https:\/\/musee-du-chocolat.com. 2. [&hellip;]\" \/>\n<meta property=\"og:url\" content=\"https:\/\/lessecretsduchocolat.com\/de\/datenschutzrichtlinie-2\/\" \/>\n<meta property=\"og:site_name\" content=\"Secrets de Chocolat\" \/>\n<meta property=\"article:modified_time\" content=\"2025-07-24T12:15:11+00:00\" \/>\n<meta property=\"og:image\" content=\"https:\/\/lessecretsduchocolat.com\/wp-content\/uploads\/2025\/06\/S-1.png\" \/>\n\t<meta property=\"og:image:width\" content=\"144\" \/>\n\t<meta property=\"og:image:height\" content=\"134\" \/>\n\t<meta property=\"og:image:type\" content=\"image\/png\" \/>\n<meta name=\"twitter:card\" content=\"summary_large_image\" \/>\n<meta name=\"twitter:label1\" content=\"Gesch\u00e4tzte Lesezeit\" \/>\n\t<meta name=\"twitter:data1\" content=\"3\u00a0Minuten\" \/>\n<script type=\"application\/ld+json\" class=\"yoast-schema-graph\">{\"@context\":\"https:\\\/\\\/schema.org\",\"@graph\":[{\"@type\":\"WebPage\",\"@id\":\"https:\\\/\\\/lessecretsduchocolat.com\\\/politique-confidentialite\\\/\",\"url\":\"https:\\\/\\\/lessecretsduchocolat.com\\\/politique-confidentialite\\\/\",\"name\":\"politique de confidentialit\u00e9 - Secrets de Chocolat\",\"isPartOf\":{\"@id\":\"https:\\\/\\\/lessecretsduchocolat.com\\\/#website\"},\"primaryImageOfPage\":{\"@id\":\"https:\\\/\\\/lessecretsduchocolat.com\\\/politique-confidentialite\\\/#primaryimage\"},\"image\":{\"@id\":\"https:\\\/\\\/lessecretsduchocolat.com\\\/politique-confidentialite\\\/#primaryimage\"},\"thumbnailUrl\":\"https:\\\/\\\/lessecretsduchocolat.com\\\/wp-content\\\/uploads\\\/2025\\\/06\\\/S-1.png\",\"datePublished\":\"2025-07-24T12:11:32+00:00\",\"dateModified\":\"2025-07-24T12:15:11+00:00\",\"breadcrumb\":{\"@id\":\"https:\\\/\\\/lessecretsduchocolat.com\\\/politique-confidentialite\\\/#breadcrumb\"},\"inLanguage\":\"de\",\"potentialAction\":[{\"@type\":\"ReadAction\",\"target\":[\"https:\\\/\\\/lessecretsduchocolat.com\\\/politique-confidentialite\\\/\"]}]},{\"@type\":\"ImageObject\",\"inLanguage\":\"de\",\"@id\":\"https:\\\/\\\/lessecretsduchocolat.com\\\/politique-confidentialite\\\/#primaryimage\",\"url\":\"https:\\\/\\\/lessecretsduchocolat.com\\\/wp-content\\\/uploads\\\/2025\\\/06\\\/S-1.png\",\"contentUrl\":\"https:\\\/\\\/lessecretsduchocolat.com\\\/wp-content\\\/uploads\\\/2025\\\/06\\\/S-1.png\"},{\"@type\":\"BreadcrumbList\",\"@id\":\"https:\\\/\\\/lessecretsduchocolat.com\\\/politique-confidentialite\\\/#breadcrumb\",\"itemListElement\":[{\"@type\":\"ListItem\",\"position\":1,\"name\":\"Accueil\",\"item\":\"https:\\\/\\\/lessecretsduchocolat.com\\\/\"},{\"@type\":\"ListItem\",\"position\":2,\"name\":\"politique de confidentialit\u00e9\"}]},{\"@type\":\"WebSite\",\"@id\":\"https:\\\/\\\/lessecretsduchocolat.com\\\/#website\",\"url\":\"https:\\\/\\\/lessecretsduchocolat.com\\\/\",\"name\":\"Secrets de Chocolat\",\"description\":\"\",\"publisher\":{\"@id\":\"https:\\\/\\\/lessecretsduchocolat.com\\\/#organization\"},\"potentialAction\":[{\"@type\":\"SearchAction\",\"target\":{\"@type\":\"EntryPoint\",\"urlTemplate\":\"https:\\\/\\\/lessecretsduchocolat.com\\\/?s={search_term_string}\"},\"query-input\":{\"@type\":\"PropertyValueSpecification\",\"valueRequired\":true,\"valueName\":\"search_term_string\"}}],\"inLanguage\":\"de\"},{\"@type\":\"Organization\",\"@id\":\"https:\\\/\\\/lessecretsduchocolat.com\\\/#organization\",\"name\":\"Secrets de Chocolat\",\"url\":\"https:\\\/\\\/lessecretsduchocolat.com\\\/\",\"logo\":{\"@type\":\"ImageObject\",\"inLanguage\":\"de\",\"@id\":\"https:\\\/\\\/lessecretsduchocolat.com\\\/#\\\/schema\\\/logo\\\/image\\\/\",\"url\":\"https:\\\/\\\/lessecretsduchocolat.com\\\/wp-content\\\/uploads\\\/2025\\\/05\\\/logo.png\",\"contentUrl\":\"https:\\\/\\\/lessecretsduchocolat.com\\\/wp-content\\\/uploads\\\/2025\\\/05\\\/logo.png\",\"width\":198,\"height\":85,\"caption\":\"Secrets de Chocolat\"},\"image\":{\"@id\":\"https:\\\/\\\/lessecretsduchocolat.com\\\/#\\\/schema\\\/logo\\\/image\\\/\"}}]}<\/script>\n<!-- \/ Yoast SEO plugin. -->","yoast_head_json":{"title":"Datenschutzrichtlinie - Secrets de Chocolat","robots":{"index":"index","follow":"follow","max-snippet":"max-snippet:-1","max-image-preview":"max-image-preview:large","max-video-preview":"max-video-preview:-1"},"canonical":"https:\/\/lessecretsduchocolat.com\/de\/datenschutzrichtlinie-2\/","og_locale":"de_DE","og_type":"article","og_title":"politique de confidentialit\u00e9 - Secrets de Chocolat","og_description":"Politique de confidentialit\u00e9 Derni\u00e8re mise \u00e0 jour : 24 Juillet 2025 1. Introduction Le Mus\u00e9e du Chocolat accorde une grande importance \u00e0 la protection de vos donn\u00e9es personnelles. Cette politique a pour objectif de vous informer sur la mani\u00e8re dont nous collectons, utilisons et prot\u00e9geons vos donn\u00e9es lorsque vous naviguez sur notre site https:\/\/musee-du-chocolat.com. 2. [&hellip;]","og_url":"https:\/\/lessecretsduchocolat.com\/de\/datenschutzrichtlinie-2\/","og_site_name":"Secrets de Chocolat","article_modified_time":"2025-07-24T12:15:11+00:00","og_image":[{"width":144,"height":134,"url":"https:\/\/lessecretsduchocolat.com\/wp-content\/uploads\/2025\/06\/S-1.png","type":"image\/png"}],"twitter_card":"summary_large_image","twitter_misc":{"Gesch\u00e4tzte Lesezeit":"3\u00a0Minuten"},"schema":{"@context":"https:\/\/schema.org","@graph":[{"@type":"WebPage","@id":"https:\/\/lessecretsduchocolat.com\/politique-confidentialite\/","url":"https:\/\/lessecretsduchocolat.com\/politique-confidentialite\/","name":"Datenschutzrichtlinie - Secrets de Chocolat","isPartOf":{"@id":"https:\/\/lessecretsduchocolat.com\/#website"},"primaryImageOfPage":{"@id":"https:\/\/lessecretsduchocolat.com\/politique-confidentialite\/#primaryimage"},"image":{"@id":"https:\/\/lessecretsduchocolat.com\/politique-confidentialite\/#primaryimage"},"thumbnailUrl":"https:\/\/lessecretsduchocolat.com\/wp-content\/uploads\/2025\/06\/S-1.png","datePublished":"2025-07-24T12:11:32+00:00","dateModified":"2025-07-24T12:15:11+00:00","breadcrumb":{"@id":"https:\/\/lessecretsduchocolat.com\/politique-confidentialite\/#breadcrumb"},"inLanguage":"de","potentialAction":[{"@type":"ReadAction","target":["https:\/\/lessecretsduchocolat.com\/politique-confidentialite\/"]}]},{"@type":"ImageObject","inLanguage":"de","@id":"https:\/\/lessecretsduchocolat.com\/politique-confidentialite\/#primaryimage","url":"https:\/\/lessecretsduchocolat.com\/wp-content\/uploads\/2025\/06\/S-1.png","contentUrl":"https:\/\/lessecretsduchocolat.com\/wp-content\/uploads\/2025\/06\/S-1.png"},{"@type":"BreadcrumbList","@id":"https:\/\/lessecretsduchocolat.com\/politique-confidentialite\/#breadcrumb","itemListElement":[{"@type":"ListItem","position":1,"name":"Accueil","item":"https:\/\/lessecretsduchocolat.com\/"},{"@type":"ListItem","position":2,"name":"politique de confidentialit\u00e9"}]},{"@type":"WebSite","@id":"https:\/\/lessecretsduchocolat.com\/#website","url":"https:\/\/lessecretsduchocolat.com\/","name":"Secrets de Chocolat (Schokoladengeheimnisse)","description":"","publisher":{"@id":"https:\/\/lessecretsduchocolat.com\/#organization"},"potentialAction":[{"@type":"SearchAction","target":{"@type":"EntryPoint","urlTemplate":"https:\/\/lessecretsduchocolat.com\/?s={search_term_string}"},"query-input":{"@type":"PropertyValueSpecification","valueRequired":true,"valueName":"search_term_string"}}],"inLanguage":"de"},{"@type":"Organization","@id":"https:\/\/lessecretsduchocolat.com\/#organization","name":"Secrets de Chocolat (Schokoladengeheimnisse)","url":"https:\/\/lessecretsduchocolat.com\/","logo":{"@type":"ImageObject","inLanguage":"de","@id":"https:\/\/lessecretsduchocolat.com\/#\/schema\/logo\/image\/","url":"https:\/\/lessecretsduchocolat.com\/wp-content\/uploads\/2025\/05\/logo.png","contentUrl":"https:\/\/lessecretsduchocolat.com\/wp-content\/uploads\/2025\/05\/logo.png","width":198,"height":85,"caption":"Secrets de Chocolat"},"image":{"@id":"https:\/\/lessecretsduchocolat.com\/#\/schema\/logo\/image\/"}}]}},"_links":{"self":[{"href":"https:\/\/lessecretsduchocolat.com\/de\/wp-json\/wp\/v2\/pages\/3707","targetHints":{"allow":["GET"]}}],"collection":[{"href":"https:\/\/lessecretsduchocolat.com\/de\/wp-json\/wp\/v2\/pages"}],"about":[{"href":"https:\/\/lessecretsduchocolat.com\/de\/wp-json\/wp\/v2\/types\/page"}],"author":[{"embeddable":true,"href":"https:\/\/lessecretsduchocolat.com\/de\/wp-json\/wp\/v2\/users\/1"}],"replies":[{"embeddable":true,"href":"https:\/\/lessecretsduchocolat.com\/de\/wp-json\/wp\/v2\/comments?post=3707"}],"version-history":[{"count":4,"href":"https:\/\/lessecretsduchocolat.com\/de\/wp-json\/wp\/v2\/pages\/3707\/revisions"}],"predecessor-version":[{"id":3711,"href":"https:\/\/lessecretsduchocolat.com\/de\/wp-json\/wp\/v2\/pages\/3707\/revisions\/3711"}],"wp:attachment":[{"href":"https:\/\/lessecretsduchocolat.com\/de\/wp-json\/wp\/v2\/media?parent=3707"}],"curies":[{"name":"wp","href":"https:\/\/api.w.org\/{rel}","templated":true}]}}